{"id":38414,"date":"2025-04-09T06:07:23","date_gmt":"2025-04-09T12:07:23","guid":{"rendered":"https:\/\/www.mexicanguitarplayers.com\/tienda\/sin categor\u00eda\/audifonos-sennheiser-ie-100-pro-wireless\/"},"modified":"2026-01-14T04:19:42","modified_gmt":"2026-01-14T10:19:42","slug":"audifonos-sennheiser-ie-100-pro-wireless","status":"publish","type":"product","link":"https:\/\/www.mexicanguitarplayers.com\/en\/tienda\/audio\/audifonos\/audifono-alambrico\/audifono-para-estudio\/audifonos-sennheiser-ie-100-pro-wireless\/","title":{"rendered":"AUDIFONOS SENNHEISER IE 100 PRO WIRELESS"},"content":{"rendered":"<div style=\"text-align: justify\">\n<div>\n<h3>Sonido de monitoreo preciso para escenarios en vivo, mezcla, producci\u00f3n o el uso rudo.<\/h3>\n<\/div>\n<div>Para altas expectativas en escenarios en vivo: el IE 100 PRO garantiza una visi\u00f3n ac\u00fastica precisa para presentaciones en vivo con un controlador din\u00e1mico recientemente desarrollado. El innovador diafragma ofrece un sonido c\u00e1lido, pero potente y rico en detalles. Incluso en entornos extremadamente ruidosos, todos los aspectos permanecen definidos y sin distorsiones. Los m\u00fasicos y DJ eligen el IE 100 PRO por su sonido excepcional y su gran comodidad de uso, no solo para sesiones en vivo, sino tambi\u00e9n para producir o como un compa\u00f1ero diario. Los in-ears combinan con todas las aur\u00edculas. Un dise\u00f1o compacto combina un ajuste seguro con una excelente comodidad de uso. Su construcci\u00f3n robusta desde la conexi\u00f3n hasta el conducto de cables est\u00e1 dise\u00f1ada para adaptarse a los rigores del uso en el escenario.<\/div>\n<div>\n<h4>Quick look<\/h4>\n<\/div>\n<ul style=\"margin: 0px 0px 0px 25px\">\n<li style=\"list-style-type: circle;margin: 5px\">Drivers din\u00e1micos de pr\u00f3xima generaci\u00f3n.<\/li>\n<li style=\"list-style-type: circle;margin: 5px\">Peque\u00f1os pero poderosos. Y c\u00f3modos tambi\u00e9n.<\/li>\n<li style=\"list-style-type: circle;margin: 5px\">Reinventados hasta el \u00faltimo detalle.<\/li>\n<li style=\"list-style-type: circle;margin: 5px\">El sonido de escenario estelar ahora est\u00e1 listo para usar en movimiento o en casa.<\/li>\n<li style=\"list-style-type: circle;margin: 5px\">Impedance.<\/li>\n<li style=\"list-style-type: circle;margin: 5px\">Principio del transductor.<\/li>\n<li style=\"list-style-type: circle;margin: 5px\">Frequency response.<\/li>\n<li style=\"list-style-type: circle;margin: 5px\">Nivel de presi\u00f3n sonora (SPL).<\/li>\n<li style=\"list-style-type: circle;margin: 5px\">Connector<\/li>\n<li style=\"list-style-type: circle;margin: 5px\">Cable de conexi\u00f3n.<\/li>\n<li style=\"list-style-type: circle;margin: 5px\">Longitud del cable.<\/li>\n<li style=\"list-style-type: circle;margin: 5px\">Atenuaci\u00f3n.<\/li>\n<li style=\"list-style-type: circle;margin: 5px\">Distorsi\u00f3n arm\u00f3nica total (THD).<\/li>\n<li style=\"list-style-type: circle;margin: 5px\">Accessories included.<\/li>\n<\/ul>\n<div>\n<div style=\"font-weight: bold\">Drivers din\u00e1micos de pr\u00f3xima generaci\u00f3n.<\/div>\n<div>\n<p>Mientras que la mayor\u00eda de los sistemas intrauditivos utilizan soluciones de varios controladores derivadas de los aud\u00edfonos, el IE 100 PRO utiliza un controlador din\u00e1mico \u00fanico de pr\u00f3xima generaci\u00f3n. Resulta que el rango de frecuencia no tiene que dividirse en secciones, por lo que permanece armonioso en su conjunto. Suena \u201ccompleto\u201d y su espectro de frecuencias se ha ampliado considerablemente. No hay distorsiones porque el diafragma especial, a diferencia del principio de transmisi\u00f3n m\u00e1s r\u00edgido de los controladores multidireccionales, resuena f\u00e1cilmente, incluso a niveles m\u00e1ximos de sonido. Por lo tanto, tambi\u00e9n se excluyen los problemas de fase y las disonancias en el o\u00eddo interno.<\/p>\n<\/div>\n<div style=\"font-weight: bold\">Peque\u00f1os pero poderosos. Y c\u00f3modos tambi\u00e9n.<\/div>\n<div>\n<p>Con un sonido potente, pero lo suficientemente peque\u00f1o como para adaptarse a su o\u00eddo, este sistema de controlador avanzado ofrece un espectro de sonido considerablemente ampliado a los o\u00eddos de m\u00fasicos, ingenieros de sonido y DJ. El dise\u00f1o, por otro lado, ha sido optimizado, comparado con cientos de formas de orejas y redise\u00f1ado. El resultado es plano, se asienta de forma segura y no &#8220;soporta ning\u00fan peso&#8221;, incluso durante sesiones prolongadas.<\/p>\n<\/div>\n<div style=\"font-weight: bold\">Reinventados hasta el \u00faltimo detalle.<\/div>\n<div>\n<p>Sin monitoreo de sonido, no hay rendimiento. El IE 100 PRO est\u00e1 dise\u00f1ado para proporcionar la fiabilidad necesaria. Con este fin, incluso hemos reinventado su cableado compatible con escenarios: el conducto de cables interno es una caracter\u00edstica \u00fanica (pendiente de patente). En resumen, el nuevo sistema cumple con altas expectativas y soporta grandes esfuerzos.<\/p>\n<\/div>\n<div style=\"font-weight: bold\">El sonido de escenario estelar ahora est\u00e1 listo para usar en movimiento o en casa.<\/div>\n<div>\n<p>Desarrollamos el IE 100 PRO para esos momentos en los que cada matiz cuenta; Monitoreo in-ear en escenarios, producciones de TV o sets en vivo. Por supuesto, tambi\u00e9n puede usar su potencia y precisi\u00f3n en su dispositivo m\u00f3vil o tableta para mezclar y producir sobre la marcha (as\u00ed como de forma inal\u00e1mbrica con el conector opcional IE PRO BT). Los adaptadores para los o\u00eddos en tres tama\u00f1os brindan un ajuste c\u00f3modo para cada aur\u00edcula. Protegen el medio ambiente con cancelaci\u00f3n pasiva de ruido y se mantienen c\u00f3modos incluso despu\u00e9s de horas de uso.<\/p>\n<\/div>\n<div style=\"font-weight: bold\">Impedance.<\/div>\n<div>\n<p>20 ohms.<\/p>\n<\/div>\n<div style=\"font-weight: bold\">Principio del transductor.<\/div>\n<div>\n<p>Din\u00e1mico.<\/p>\n<\/div>\n<div style=\"font-weight: bold\">Frequency response.<\/div>\n<div>\n<p>20 Hz &#8211; 18 kHz.<\/p>\n<\/div>\n<div style=\"font-weight: bold\">Nivel de presi\u00f3n sonora (SPL).<\/div>\n<div>\n<p>115 dB (1 kHz \/ 1 Vrms).<\/p>\n<\/div>\n<div style=\"font-weight: bold\">Connector<\/div>\n<div>\n<p>3.5 mm hembra.<\/p>\n<\/div>\n<div style=\"font-weight: bold\">Cable de conexi\u00f3n.<\/div>\n<div>\n<p>Removible.<\/p>\n<\/div>\n<div style=\"font-weight: bold\">Longitud del cable.<\/div>\n<div>\n<p>1.3 metros.<\/p>\n<\/div>\n<div style=\"font-weight: bold\">Atenuaci\u00f3n.<\/div>\n<div>\n<p>&lt; 26 dB.<\/p>\n<\/div>\n<div style=\"font-weight: bold\">Distorsi\u00f3n arm\u00f3nica total (THD).<\/div>\n<div>\n<p>&lt; 0,1 % (1 kHz, 94 dB).<\/p>\n<\/div>\n<div style=\"font-weight: bold\">Accessories included.<\/div>\n<div>\n<p>1 In-Ear IE 100 PRO. 1 cable de 1.3 metros. 1 adaptador de silicona. 1 adaptador de espuma. 1 bolsa de transporte. 1 herramienta de limpieza.<\/p>\n<\/div>\n<\/div>\n<\/div>","protected":false},"excerpt":{"rendered":"<p>Aud\u00edfonos In-Ear para monitoreo, transductor de banda ancha innovador y din\u00e1mico de 10 mm para una monitorizaci\u00f3n potente y precisa, sistema de controlador din\u00e1mico que reduce los factores de estr\u00e9s ac\u00fastico a trav\u00e9s de una reproducci\u00f3n homog\u00e9nea y sin distorsiones, ajuste seguro, alto nivel de comodidad de uso, dise\u00f1o innovador de un solo conductor permite una construcci\u00f3n delgada y ergon\u00f3mica, excelente protecci\u00f3n gracias a un auricular optimizado y puntas flexibles de silicona y espuma, cable a prueba de escenarios con conducto de cable interno, impedancia: 20 ohms, respuesta de frecuencia: 20 Hz &#8211; 18 kHz, SPL m\u00e1ximo: 115 dB, incluye un cable de 1.3 metros, un adaptados de silicona, un adaptador de espuma, una bolsa de transporte y una herramienta de limpieza.&hellip; <a class=\"kt-excerpt-readmore more-link\" href=\"https:\/\/www.mexicanguitarplayers.com\/en\/tienda\/audio\/audifonos\/audifono-alambrico\/audifono-para-estudio\/audifonos-sennheiser-ie-100-pro-wireless\/\">Read more<\/a><\/p>","protected":false},"featured_media":38407,"comment_status":"open","ping_status":"closed","template":"","meta":{"kt_blocks_editor_width":""},"pwb-brand":[176],"product_brand":[],"product_cat":[506,507,505,213],"product_tag":[],"class_list":{"0":"post-38414","1":"product","2":"type-product","3":"status-publish","4":"has-post-thumbnail","6":"pwb-brand-sennheiser","7":"product_cat-audifono-alambrico","8":"product_cat-audifono-para-estudio","9":"product_cat-audifonos","10":"product_cat-audio","11":"product_shipping_class-0-5-kg","13":"first","14":"outofstock","15":"taxable","16":"shipping-taxable","17":"purchasable","18":"product-type-simple"},"yoast_head":"<!-- This site is optimized with the Yoast SEO plugin v27.3 - https:\/\/yoast.com\/product\/yoast-seo-wordpress\/ -->\n<title>AUDIFONOS SENNHEISER IE 100 PRO WIRELESS - Mexican Guitar Players<\/title>\n<meta name=\"description\" content=\"Aud\u00edfonos In-Ear para monitoreo, transductor de banda ancha innovador y din\u00e1mico de 10 mm para una monitorizaci\u00f3n potente y precisa, sistema de controlador din\u00e1mico que reduce los factores de estr\u00e9s ac\u00fastico a trav\u00e9s de una reproducci\u00f3n homog\u00e9nea y sin distorsiones, ajuste seguro, alto nivel de comodidad de uso, dise\u00f1o innovador de un solo conductor permite una construcci\u00f3n delgada y ergon\u00f3mica, excelente protecci\u00f3n gracias a un auricular optimizado y puntas flexibles de silicona y espuma, cable a prueba de escenarios con conducto de cable interno, impedancia: 20 ohms, respuesta de frecuencia: 20 Hz - 18 kHz, SPL m\u00e1ximo: 115 dB, incluye un cable de 1.3 metros, un adaptados de silicona, un adaptador de espuma, una bolsa de transporte y una herramienta de limpieza.\" \/>\n<meta name=\"robots\" content=\"index, follow, max-snippet:-1, max-image-preview:large, max-video-preview:-1\" \/>\n<link rel=\"canonical\" href=\"https:\/\/www.mexicanguitarplayers.com\/en\/tienda\/sin%20categor\u00eda\/audifonos-sennheiser-ie-100-pro-wireless\/\" \/>\n<meta property=\"og:locale\" content=\"en_US\" \/>\n<meta property=\"og:type\" content=\"article\" \/>\n<meta property=\"og:title\" content=\"AUDIFONOS SENNHEISER IE 100 PRO WIRELESS - Mexican Guitar Players\" \/>\n<meta property=\"og:description\" content=\"Aud\u00edfonos In-Ear para monitoreo, transductor de banda ancha innovador y din\u00e1mico de 10 mm para una monitorizaci\u00f3n potente y precisa, sistema de controlador din\u00e1mico que reduce los factores de estr\u00e9s ac\u00fastico a trav\u00e9s de una reproducci\u00f3n homog\u00e9nea y sin distorsiones, ajuste seguro, alto nivel de comodidad de uso, dise\u00f1o innovador de un solo conductor permite una construcci\u00f3n delgada y ergon\u00f3mica, excelente protecci\u00f3n gracias a un auricular optimizado y puntas flexibles de silicona y espuma, cable a prueba de escenarios con conducto de cable interno, impedancia: 20 ohms, respuesta de frecuencia: 20 Hz - 18 kHz, SPL m\u00e1ximo: 115 dB, incluye un cable de 1.3 metros, un adaptados de silicona, un adaptador de espuma, una bolsa de transporte y una herramienta de limpieza.\" \/>\n<meta property=\"og:url\" content=\"https:\/\/www.mexicanguitarplayers.com\/en\/tienda\/sin categor\u00eda\/audifonos-sennheiser-ie-100-pro-wireless\/\" \/>\n<meta property=\"og:site_name\" content=\"Mexican Guitar Players\" \/>\n<meta property=\"article:modified_time\" content=\"2026-01-14T10:19:42+00:00\" \/>\n<meta name=\"twitter:card\" content=\"summary_large_image\" \/>\n<meta name=\"twitter:label1\" content=\"Est. reading time\" \/>\n\t<meta name=\"twitter:data1\" content=\"3 minutes\" \/>\n<script type=\"application\/ld+json\" class=\"yoast-schema-graph\">{\"@context\":\"https:\\\/\\\/schema.org\",\"@graph\":[{\"@type\":[\"WebPage\",\"ItemPage\"],\"@id\":\"https:\\\/\\\/www.mexicanguitarplayers.com\\\/tienda\\\/sin categor\u00eda\\\/audifonos-sennheiser-ie-100-pro-wireless\\\/\",\"url\":\"https:\\\/\\\/www.mexicanguitarplayers.com\\\/tienda\\\/sin categor\u00eda\\\/audifonos-sennheiser-ie-100-pro-wireless\\\/\",\"name\":\"AUDIFONOS SENNHEISER IE 100 PRO WIRELESS - Mexican Guitar Players\",\"isPartOf\":{\"@id\":\"https:\\\/\\\/www.mexicanguitarplayers.com\\\/#website\"},\"primaryImageOfPage\":{\"@id\":\"https:\\\/\\\/www.mexicanguitarplayers.com\\\/tienda\\\/sin categor\u00eda\\\/audifonos-sennheiser-ie-100-pro-wireless\\\/#primaryimage\"},\"image\":{\"@id\":\"https:\\\/\\\/www.mexicanguitarplayers.com\\\/tienda\\\/sin categor\u00eda\\\/audifonos-sennheiser-ie-100-pro-wireless\\\/#primaryimage\"},\"thumbnailUrl\":\"https:\\\/\\\/www.mexicanguitarplayers.com\\\/wp-content\\\/uploads\\\/2025\\\/04\\\/VASENIE100PROB.jpg\",\"datePublished\":\"2025-04-09T12:07:23+00:00\",\"dateModified\":\"2026-01-14T10:19:42+00:00\",\"description\":\"Aud\u00edfonos In-Ear para monitoreo, transductor de banda ancha innovador y din\u00e1mico de 10 mm para una monitorizaci\u00f3n potente y precisa, sistema de controlador din\u00e1mico que reduce los factores de estr\u00e9s ac\u00fastico a trav\u00e9s de una reproducci\u00f3n homog\u00e9nea y sin distorsiones, ajuste seguro, alto nivel de comodidad de uso, dise\u00f1o innovador de un solo conductor permite una construcci\u00f3n delgada y ergon\u00f3mica, excelente protecci\u00f3n gracias a un auricular optimizado y puntas flexibles de silicona y espuma, cable a prueba de escenarios con conducto de cable interno, impedancia: 20 ohms, respuesta de frecuencia: 20 Hz - 18 kHz, SPL m\u00e1ximo: 115 dB, incluye un cable de 1.3 metros, un adaptados de silicona, un adaptador de espuma, una bolsa de transporte y una herramienta de limpieza.\",\"breadcrumb\":{\"@id\":\"https:\\\/\\\/www.mexicanguitarplayers.com\\\/tienda\\\/sin categor\u00eda\\\/audifonos-sennheiser-ie-100-pro-wireless\\\/#breadcrumb\"},\"inLanguage\":\"en-US\",\"potentialAction\":[{\"@type\":\"ReadAction\",\"target\":[\"https:\\\/\\\/www.mexicanguitarplayers.com\\\/tienda\\\/sin categor\u00eda\\\/audifonos-sennheiser-ie-100-pro-wireless\\\/\"]}]},{\"@type\":\"ImageObject\",\"inLanguage\":\"en-US\",\"@id\":\"https:\\\/\\\/www.mexicanguitarplayers.com\\\/tienda\\\/sin categor\u00eda\\\/audifonos-sennheiser-ie-100-pro-wireless\\\/#primaryimage\",\"url\":\"https:\\\/\\\/www.mexicanguitarplayers.com\\\/wp-content\\\/uploads\\\/2025\\\/04\\\/VASENIE100PROB.jpg\",\"contentUrl\":\"https:\\\/\\\/www.mexicanguitarplayers.com\\\/wp-content\\\/uploads\\\/2025\\\/04\\\/VASENIE100PROB.jpg\",\"width\":1200,\"height\":1200},{\"@type\":\"BreadcrumbList\",\"@id\":\"https:\\\/\\\/www.mexicanguitarplayers.com\\\/tienda\\\/sin categor\u00eda\\\/audifonos-sennheiser-ie-100-pro-wireless\\\/#breadcrumb\",\"itemListElement\":[{\"@type\":\"ListItem\",\"position\":1,\"name\":\"Portada\",\"item\":\"https:\\\/\\\/www.mexicanguitarplayers.com\\\/\"},{\"@type\":\"ListItem\",\"position\":2,\"name\":\"Tienda\",\"item\":\"https:\\\/\\\/www.mexicanguitarplayers.com\\\/tienda\\\/\"},{\"@type\":\"ListItem\",\"position\":3,\"name\":\"AUDIFONOS SENNHEISER IE 100 PRO WIRELESS\"}]},{\"@type\":\"WebSite\",\"@id\":\"https:\\\/\\\/www.mexicanguitarplayers.com\\\/#website\",\"url\":\"https:\\\/\\\/www.mexicanguitarplayers.com\\\/\",\"name\":\"Mexican Guitar Players\",\"description\":\"Website\",\"publisher\":{\"@id\":\"https:\\\/\\\/www.mexicanguitarplayers.com\\\/#organization\"},\"potentialAction\":[{\"@type\":\"SearchAction\",\"target\":{\"@type\":\"EntryPoint\",\"urlTemplate\":\"https:\\\/\\\/www.mexicanguitarplayers.com\\\/?s={search_term_string}\"},\"query-input\":{\"@type\":\"PropertyValueSpecification\",\"valueRequired\":true,\"valueName\":\"search_term_string\"}}],\"inLanguage\":\"en-US\"},{\"@type\":\"Organization\",\"@id\":\"https:\\\/\\\/www.mexicanguitarplayers.com\\\/#organization\",\"name\":\"Mexican Guitar Players\",\"url\":\"https:\\\/\\\/www.mexicanguitarplayers.com\\\/\",\"logo\":{\"@type\":\"ImageObject\",\"inLanguage\":\"en-US\",\"@id\":\"https:\\\/\\\/www.mexicanguitarplayers.com\\\/#\\\/schema\\\/logo\\\/image\\\/\",\"url\":\"\",\"contentUrl\":\"\",\"caption\":\"Mexican Guitar Players\"},\"image\":{\"@id\":\"https:\\\/\\\/www.mexicanguitarplayers.com\\\/#\\\/schema\\\/logo\\\/image\\\/\"}}]}<\/script>\n<!-- \/ Yoast SEO plugin. -->","yoast_head_json":{"title":"AUDIFONOS SENNHEISER IE 100 PRO WIRELESS - Mexican Guitar Players","description":"Aud\u00edfonos In-Ear para monitoreo, transductor de banda ancha innovador y din\u00e1mico de 10 mm para una monitorizaci\u00f3n potente y precisa, sistema de controlador din\u00e1mico que reduce los factores de estr\u00e9s ac\u00fastico a trav\u00e9s de una reproducci\u00f3n homog\u00e9nea y sin distorsiones, ajuste seguro, alto nivel de comodidad de uso, dise\u00f1o innovador de un solo conductor permite una construcci\u00f3n delgada y ergon\u00f3mica, excelente protecci\u00f3n gracias a un auricular optimizado y puntas flexibles de silicona y espuma, cable a prueba de escenarios con conducto de cable interno, impedancia: 20 ohms, respuesta de frecuencia: 20 Hz - 18 kHz, SPL m\u00e1ximo: 115 dB, incluye un cable de 1.3 metros, un adaptados de silicona, un adaptador de espuma, una bolsa de transporte y una herramienta de limpieza.","robots":{"index":"index","follow":"follow","max-snippet":"max-snippet:-1","max-image-preview":"max-image-preview:large","max-video-preview":"max-video-preview:-1"},"canonical":"https:\/\/www.mexicanguitarplayers.com\/en\/tienda\/sin categor\u00eda\/audifonos-sennheiser-ie-100-pro-wireless\/","og_locale":"en_US","og_type":"article","og_title":"AUDIFONOS SENNHEISER IE 100 PRO WIRELESS - Mexican Guitar Players","og_description":"Aud\u00edfonos In-Ear para monitoreo, transductor de banda ancha innovador y din\u00e1mico de 10 mm para una monitorizaci\u00f3n potente y precisa, sistema de controlador din\u00e1mico que reduce los factores de estr\u00e9s ac\u00fastico a trav\u00e9s de una reproducci\u00f3n homog\u00e9nea y sin distorsiones, ajuste seguro, alto nivel de comodidad de uso, dise\u00f1o innovador de un solo conductor permite una construcci\u00f3n delgada y ergon\u00f3mica, excelente protecci\u00f3n gracias a un auricular optimizado y puntas flexibles de silicona y espuma, cable a prueba de escenarios con conducto de cable interno, impedancia: 20 ohms, respuesta de frecuencia: 20 Hz - 18 kHz, SPL m\u00e1ximo: 115 dB, incluye un cable de 1.3 metros, un adaptados de silicona, un adaptador de espuma, una bolsa de transporte y una herramienta de limpieza.","og_url":"https:\/\/www.mexicanguitarplayers.com\/en\/tienda\/sin categor\u00eda\/audifonos-sennheiser-ie-100-pro-wireless\/","og_site_name":"Mexican Guitar Players","article_modified_time":"2026-01-14T10:19:42+00:00","twitter_card":"summary_large_image","twitter_misc":{"Est. reading time":"3 minutes"},"schema":{"@context":"https:\/\/schema.org","@graph":[{"@type":["WebPage","ItemPage"],"@id":"https:\/\/www.mexicanguitarplayers.com\/tienda\/sin categor\u00eda\/audifonos-sennheiser-ie-100-pro-wireless\/","url":"https:\/\/www.mexicanguitarplayers.com\/tienda\/sin categor\u00eda\/audifonos-sennheiser-ie-100-pro-wireless\/","name":"AUDIFONOS SENNHEISER IE 100 PRO WIRELESS - Mexican Guitar Players","isPartOf":{"@id":"https:\/\/www.mexicanguitarplayers.com\/#website"},"primaryImageOfPage":{"@id":"https:\/\/www.mexicanguitarplayers.com\/tienda\/sin categor\u00eda\/audifonos-sennheiser-ie-100-pro-wireless\/#primaryimage"},"image":{"@id":"https:\/\/www.mexicanguitarplayers.com\/tienda\/sin categor\u00eda\/audifonos-sennheiser-ie-100-pro-wireless\/#primaryimage"},"thumbnailUrl":"https:\/\/www.mexicanguitarplayers.com\/wp-content\/uploads\/2025\/04\/VASENIE100PROB.jpg","datePublished":"2025-04-09T12:07:23+00:00","dateModified":"2026-01-14T10:19:42+00:00","description":"Aud\u00edfonos In-Ear para monitoreo, transductor de banda ancha innovador y din\u00e1mico de 10 mm para una monitorizaci\u00f3n potente y precisa, sistema de controlador din\u00e1mico que reduce los factores de estr\u00e9s ac\u00fastico a trav\u00e9s de una reproducci\u00f3n homog\u00e9nea y sin distorsiones, ajuste seguro, alto nivel de comodidad de uso, dise\u00f1o innovador de un solo conductor permite una construcci\u00f3n delgada y ergon\u00f3mica, excelente protecci\u00f3n gracias a un auricular optimizado y puntas flexibles de silicona y espuma, cable a prueba de escenarios con conducto de cable interno, impedancia: 20 ohms, respuesta de frecuencia: 20 Hz - 18 kHz, SPL m\u00e1ximo: 115 dB, incluye un cable de 1.3 metros, un adaptados de silicona, un adaptador de espuma, una bolsa de transporte y una herramienta de limpieza.","breadcrumb":{"@id":"https:\/\/www.mexicanguitarplayers.com\/tienda\/sin categor\u00eda\/audifonos-sennheiser-ie-100-pro-wireless\/#breadcrumb"},"inLanguage":"en-US","potentialAction":[{"@type":"ReadAction","target":["https:\/\/www.mexicanguitarplayers.com\/tienda\/sin categor\u00eda\/audifonos-sennheiser-ie-100-pro-wireless\/"]}]},{"@type":"ImageObject","inLanguage":"en-US","@id":"https:\/\/www.mexicanguitarplayers.com\/tienda\/sin categor\u00eda\/audifonos-sennheiser-ie-100-pro-wireless\/#primaryimage","url":"https:\/\/www.mexicanguitarplayers.com\/wp-content\/uploads\/2025\/04\/VASENIE100PROB.jpg","contentUrl":"https:\/\/www.mexicanguitarplayers.com\/wp-content\/uploads\/2025\/04\/VASENIE100PROB.jpg","width":1200,"height":1200},{"@type":"BreadcrumbList","@id":"https:\/\/www.mexicanguitarplayers.com\/tienda\/sin categor\u00eda\/audifonos-sennheiser-ie-100-pro-wireless\/#breadcrumb","itemListElement":[{"@type":"ListItem","position":1,"name":"Portada","item":"https:\/\/www.mexicanguitarplayers.com\/"},{"@type":"ListItem","position":2,"name":"Tienda","item":"https:\/\/www.mexicanguitarplayers.com\/tienda\/"},{"@type":"ListItem","position":3,"name":"AUDIFONOS SENNHEISER IE 100 PRO WIRELESS"}]},{"@type":"WebSite","@id":"https:\/\/www.mexicanguitarplayers.com\/#website","url":"https:\/\/www.mexicanguitarplayers.com\/","name":"Mexican Guitar Players","description":"Website","publisher":{"@id":"https:\/\/www.mexicanguitarplayers.com\/#organization"},"potentialAction":[{"@type":"SearchAction","target":{"@type":"EntryPoint","urlTemplate":"https:\/\/www.mexicanguitarplayers.com\/?s={search_term_string}"},"query-input":{"@type":"PropertyValueSpecification","valueRequired":true,"valueName":"search_term_string"}}],"inLanguage":"en-US"},{"@type":"Organization","@id":"https:\/\/www.mexicanguitarplayers.com\/#organization","name":"Mexican Guitar Players","url":"https:\/\/www.mexicanguitarplayers.com\/","logo":{"@type":"ImageObject","inLanguage":"en-US","@id":"https:\/\/www.mexicanguitarplayers.com\/#\/schema\/logo\/image\/","url":"","contentUrl":"","caption":"Mexican Guitar Players"},"image":{"@id":"https:\/\/www.mexicanguitarplayers.com\/#\/schema\/logo\/image\/"}}]}},"brands":[{"id":176,"name":"SENNHEISER","slug":"sennheiser"}],"_links":{"self":[{"href":"https:\/\/www.mexicanguitarplayers.com\/en\/wp-json\/wp\/v2\/product\/38414","targetHints":{"allow":["GET"]}}],"collection":[{"href":"https:\/\/www.mexicanguitarplayers.com\/en\/wp-json\/wp\/v2\/product"}],"about":[{"href":"https:\/\/www.mexicanguitarplayers.com\/en\/wp-json\/wp\/v2\/types\/product"}],"replies":[{"embeddable":true,"href":"https:\/\/www.mexicanguitarplayers.com\/en\/wp-json\/wp\/v2\/comments?post=38414"}],"wp:featuredmedia":[{"embeddable":true,"href":"https:\/\/www.mexicanguitarplayers.com\/en\/wp-json\/wp\/v2\/media\/38407"}],"wp:attachment":[{"href":"https:\/\/www.mexicanguitarplayers.com\/en\/wp-json\/wp\/v2\/media?parent=38414"}],"wp:term":[{"taxonomy":"pwb-brand","embeddable":true,"href":"https:\/\/www.mexicanguitarplayers.com\/en\/wp-json\/wp\/v2\/pwb-brand?post=38414"},{"taxonomy":"product_brand","embeddable":true,"href":"https:\/\/www.mexicanguitarplayers.com\/en\/wp-json\/wp\/v2\/product_brand?post=38414"},{"taxonomy":"product_cat","embeddable":true,"href":"https:\/\/www.mexicanguitarplayers.com\/en\/wp-json\/wp\/v2\/product_cat?post=38414"},{"taxonomy":"product_tag","embeddable":true,"href":"https:\/\/www.mexicanguitarplayers.com\/en\/wp-json\/wp\/v2\/product_tag?post=38414"}],"curies":[{"name":"wp","href":"https:\/\/api.w.org\/{rel}","templated":true}]}}