{"id":38455,"date":"2025-04-09T06:08:17","date_gmt":"2025-04-09T12:08:17","guid":{"rendered":"https:\/\/www.mexicanguitarplayers.com\/tienda\/sin categor\u00eda\/tambor-sonor-p-bateria-sq1-mod-1413-ft\/"},"modified":"2026-04-10T04:22:50","modified_gmt":"2026-04-10T10:22:50","slug":"tambor-sonor-p-bateria-sq1-mod-1413-ft","status":"publish","type":"product","link":"https:\/\/www.mexicanguitarplayers.com\/en\/tienda\/percusiones\/baterias\/tambores-sueltos\/toms\/tambor-sonor-p-bateria-sq1-mod-1413-ft\/","title":{"rendered":"TAMBOR SONOR P\/BATERIA SQ1 MOD. 1413 FT"},"content":{"rendered":"<div style=\"text-align: justify\">\n<div>\n<h3>El gran sonido Sonor.<\/h3>\n<\/div>\n<div>Desde sus modernos vasos de birch hasta sus vanguardistas soportes, la serie SQ1 es una prueba de que Sonor, un fabricante de tambores venerados con una historia arraigada en el siglo XIX, es una fuerza imparable en el mundo actual de las bater\u00edas. Estos exquisitos tambores alemanes combinan un feroz tono con un elegante dise\u00f1o inspirado en los autos cl\u00e1sicos de mediados del siglo XX. Los vasos de la serie SQ1 se construyen a partir de capas selectas de birch europeo para un gran equilibrio tonal y un ataque moderno y n\u00edtido. Los vasos tienen un tama\u00f1o ligeramente inferior para permitir que los parches floten libremente en los bordes redondeados, lo que resulta en un mejor rango de afinaci\u00f3n y resonancia.<\/div>\n<div>\n<h4>Quick look<\/h4>\n<\/div>\n<ul style=\"margin: 0px 0px 0px 25px\">\n<li style=\"list-style-type: circle;margin: 5px\">Dimensions.<\/li>\n<li style=\"list-style-type: circle;margin: 5px\">Material.<\/li>\n<li style=\"list-style-type: circle;margin: 5px\">System.<\/li>\n<li style=\"list-style-type: circle;margin: 5px\">Bordes redondeados.<\/li>\n<li style=\"list-style-type: circle;margin: 5px\">Lugs.<\/li>\n<li style=\"list-style-type: circle;margin: 5px\">Terminado.<\/li>\n<\/ul>\n<div>\n<div style=\"font-weight: bold\">Dimensions.<\/div>\n<div>\n<p>14&#8243; x 13&#8243; pulgadas.<\/p>\n<\/div>\n<div style=\"font-weight: bold\">Material.<\/div>\n<div>\n<p>Birch 100% europeo balanceado en todo el espectro de frecuencias.<\/p>\n<\/div>\n<div style=\"font-weight: bold\">System.<\/div>\n<div>\n<p>Laminaci\u00f3n de capas CLTF que produce un tambor m\u00e1s estable.<\/p>\n<\/div>\n<div style=\"font-weight: bold\">Bordes redondeados.<\/div>\n<div>\n<p>45\u00b0 grados para permitir que los parches suenen a su m\u00e1ximo potencial.<\/p>\n<\/div>\n<div style=\"font-weight: bold\">Lugs.<\/div>\n<div>\n<p>Sistema TuneSafe  que evita que los tornillos de tensi\u00f3n vibren sueltos. Sound Sustainer ac\u00fasticamente neutro, monta las vibraciones del vaso para mejorar la resonancia.<\/p>\n<\/div>\n<div style=\"font-weight: bold\">Terminado.<\/div>\n<div>\n<p>Laca.<\/p>\n<\/div>\n<\/div>\n<\/div>","protected":false},"excerpt":{"rendered":"<p>Tom de piso de 14\u201d x 13\u201d pulgadas, serie SQ1, fabricado con birch 100% europeo balanceado en todo el espectro de frecuencias, sistema CLTF (Laminaci\u00f3n de capas) que produce un tambor m\u00e1s estable, bordes redondeados de 45\u00b0 grados, sistema TuneSafe  que evita que los tornillos de tensi\u00f3n vibren sueltos, sistema Sound Sustainer ac\u00fasticamente neutro, terminado en laca.&hellip; <a class=\"kt-excerpt-readmore more-link\" href=\"https:\/\/www.mexicanguitarplayers.com\/en\/tienda\/percusiones\/baterias\/tambores-sueltos\/toms\/tambor-sonor-p-bateria-sq1-mod-1413-ft\/\">Read more<\/a><\/p>","protected":false},"featured_media":38454,"comment_status":"open","ping_status":"closed","template":"","meta":{"kt_blocks_editor_width":""},"pwb-brand":[321],"product_brand":[],"product_cat":[209,208,263,266],"product_tag":[],"class_list":{"0":"post-38455","1":"product","2":"type-product","3":"status-publish","4":"has-post-thumbnail","6":"pwb-brand-sonor","7":"product_cat-baterias","8":"product_cat-percusiones","9":"product_cat-tambores-sueltos","10":"product_cat-toms","11":"product_shipping_class-5-10-kg","13":"first","14":"outofstock","15":"taxable","16":"shipping-taxable","17":"purchasable","18":"product-type-simple"},"yoast_head":"<!-- This site is optimized with the Yoast SEO plugin v27.6 - https:\/\/yoast.com\/product\/yoast-seo-wordpress\/ -->\n<title>TAMBOR SONOR P\/BATERIA SQ1 MOD. 1413 FT - Mexican Guitar Players<\/title>\n<meta name=\"description\" content=\"Tom de piso de 14\u201d x 13\u201d pulgadas, serie SQ1, fabricado con birch 100% europeo balanceado en todo el espectro de frecuencias, sistema CLTF (Laminaci\u00f3n de capas) que produce un tambor m\u00e1s estable, bordes redondeados de 45\u00b0 grados, sistema TuneSafe que evita que los tornillos de tensi\u00f3n vibren sueltos, sistema Sound Sustainer ac\u00fasticamente neutro, terminado en laca.\" \/>\n<meta name=\"robots\" content=\"index, follow, max-snippet:-1, max-image-preview:large, max-video-preview:-1\" \/>\n<link rel=\"canonical\" href=\"https:\/\/www.mexicanguitarplayers.com\/en\/tienda\/sin%20categor\u00eda\/tambor-sonor-p-bateria-sq1-mod-1413-ft\/\" \/>\n<meta property=\"og:locale\" content=\"en_US\" \/>\n<meta property=\"og:type\" content=\"article\" \/>\n<meta property=\"og:title\" content=\"TAMBOR SONOR P\/BATERIA SQ1 MOD. 1413 FT - Mexican Guitar Players\" \/>\n<meta property=\"og:description\" content=\"Tom de piso de 14\u201d x 13\u201d pulgadas, serie SQ1, fabricado con birch 100% europeo balanceado en todo el espectro de frecuencias, sistema CLTF (Laminaci\u00f3n de capas) que produce un tambor m\u00e1s estable, bordes redondeados de 45\u00b0 grados, sistema TuneSafe que evita que los tornillos de tensi\u00f3n vibren sueltos, sistema Sound Sustainer ac\u00fasticamente neutro, terminado en laca.\" \/>\n<meta property=\"og:url\" content=\"https:\/\/www.mexicanguitarplayers.com\/en\/tienda\/sin categor\u00eda\/tambor-sonor-p-bateria-sq1-mod-1413-ft\/\" \/>\n<meta property=\"og:site_name\" content=\"Mexican Guitar Players\" \/>\n<meta property=\"article:modified_time\" content=\"2026-04-10T10:22:50+00:00\" \/>\n<meta name=\"twitter:card\" content=\"summary_large_image\" \/>\n<meta name=\"twitter:label1\" content=\"Est. reading time\" \/>\n\t<meta name=\"twitter:data1\" content=\"1 minute\" \/>\n<script type=\"application\/ld+json\" class=\"yoast-schema-graph\">{\"@context\":\"https:\\\/\\\/schema.org\",\"@graph\":[{\"@type\":[\"WebPage\",\"ItemPage\"],\"@id\":\"https:\\\/\\\/www.mexicanguitarplayers.com\\\/tienda\\\/sin categor\u00eda\\\/tambor-sonor-p-bateria-sq1-mod-1413-ft\\\/\",\"url\":\"https:\\\/\\\/www.mexicanguitarplayers.com\\\/tienda\\\/sin categor\u00eda\\\/tambor-sonor-p-bateria-sq1-mod-1413-ft\\\/\",\"name\":\"TAMBOR SONOR P\\\/BATERIA SQ1 MOD. 1413 FT - Mexican Guitar Players\",\"isPartOf\":{\"@id\":\"https:\\\/\\\/www.mexicanguitarplayers.com\\\/#website\"},\"primaryImageOfPage\":{\"@id\":\"https:\\\/\\\/www.mexicanguitarplayers.com\\\/tienda\\\/sin categor\u00eda\\\/tambor-sonor-p-bateria-sq1-mod-1413-ft\\\/#primaryimage\"},\"image\":{\"@id\":\"https:\\\/\\\/www.mexicanguitarplayers.com\\\/tienda\\\/sin categor\u00eda\\\/tambor-sonor-p-bateria-sq1-mod-1413-ft\\\/#primaryimage\"},\"thumbnailUrl\":\"https:\\\/\\\/www.mexicanguitarplayers.com\\\/wp-content\\\/uploads\\\/2025\\\/04\\\/IPSORSQ11413FT.jpg\",\"datePublished\":\"2025-04-09T12:08:17+00:00\",\"dateModified\":\"2026-04-10T10:22:50+00:00\",\"description\":\"Tom de piso de 14\u201d x 13\u201d pulgadas, serie SQ1, fabricado con birch 100% europeo balanceado en todo el espectro de frecuencias, sistema CLTF (Laminaci\u00f3n de capas) que produce un tambor m\u00e1s estable, bordes redondeados de 45\u00b0 grados, sistema TuneSafe que evita que los tornillos de tensi\u00f3n vibren sueltos, sistema Sound Sustainer ac\u00fasticamente neutro, terminado en laca.\",\"breadcrumb\":{\"@id\":\"https:\\\/\\\/www.mexicanguitarplayers.com\\\/tienda\\\/sin categor\u00eda\\\/tambor-sonor-p-bateria-sq1-mod-1413-ft\\\/#breadcrumb\"},\"inLanguage\":\"en-US\",\"potentialAction\":[{\"@type\":\"ReadAction\",\"target\":[\"https:\\\/\\\/www.mexicanguitarplayers.com\\\/tienda\\\/sin categor\u00eda\\\/tambor-sonor-p-bateria-sq1-mod-1413-ft\\\/\"]}]},{\"@type\":\"ImageObject\",\"inLanguage\":\"en-US\",\"@id\":\"https:\\\/\\\/www.mexicanguitarplayers.com\\\/tienda\\\/sin categor\u00eda\\\/tambor-sonor-p-bateria-sq1-mod-1413-ft\\\/#primaryimage\",\"url\":\"https:\\\/\\\/www.mexicanguitarplayers.com\\\/wp-content\\\/uploads\\\/2025\\\/04\\\/IPSORSQ11413FT.jpg\",\"contentUrl\":\"https:\\\/\\\/www.mexicanguitarplayers.com\\\/wp-content\\\/uploads\\\/2025\\\/04\\\/IPSORSQ11413FT.jpg\",\"width\":1200,\"height\":1200},{\"@type\":\"BreadcrumbList\",\"@id\":\"https:\\\/\\\/www.mexicanguitarplayers.com\\\/tienda\\\/sin categor\u00eda\\\/tambor-sonor-p-bateria-sq1-mod-1413-ft\\\/#breadcrumb\",\"itemListElement\":[{\"@type\":\"ListItem\",\"position\":1,\"name\":\"Portada\",\"item\":\"https:\\\/\\\/www.mexicanguitarplayers.com\\\/\"},{\"@type\":\"ListItem\",\"position\":2,\"name\":\"Tienda\",\"item\":\"https:\\\/\\\/www.mexicanguitarplayers.com\\\/tienda\\\/\"},{\"@type\":\"ListItem\",\"position\":3,\"name\":\"TAMBOR SONOR P\\\/BATERIA SQ1 MOD. 1413 FT\"}]},{\"@type\":\"WebSite\",\"@id\":\"https:\\\/\\\/www.mexicanguitarplayers.com\\\/#website\",\"url\":\"https:\\\/\\\/www.mexicanguitarplayers.com\\\/\",\"name\":\"Mexican Guitar Players\",\"description\":\"Website\",\"publisher\":{\"@id\":\"https:\\\/\\\/www.mexicanguitarplayers.com\\\/#organization\"},\"potentialAction\":[{\"@type\":\"SearchAction\",\"target\":{\"@type\":\"EntryPoint\",\"urlTemplate\":\"https:\\\/\\\/www.mexicanguitarplayers.com\\\/?s={search_term_string}\"},\"query-input\":{\"@type\":\"PropertyValueSpecification\",\"valueRequired\":true,\"valueName\":\"search_term_string\"}}],\"inLanguage\":\"en-US\"},{\"@type\":\"Organization\",\"@id\":\"https:\\\/\\\/www.mexicanguitarplayers.com\\\/#organization\",\"name\":\"Mexican Guitar Players\",\"url\":\"https:\\\/\\\/www.mexicanguitarplayers.com\\\/\",\"logo\":{\"@type\":\"ImageObject\",\"inLanguage\":\"en-US\",\"@id\":\"https:\\\/\\\/www.mexicanguitarplayers.com\\\/#\\\/schema\\\/logo\\\/image\\\/\",\"url\":\"\",\"contentUrl\":\"\",\"caption\":\"Mexican Guitar Players\"},\"image\":{\"@id\":\"https:\\\/\\\/www.mexicanguitarplayers.com\\\/#\\\/schema\\\/logo\\\/image\\\/\"}}]}<\/script>\n<!-- \/ Yoast SEO plugin. -->","yoast_head_json":{"title":"TAMBOR SONOR P\/BATERIA SQ1 MOD. 1413 FT - Mexican Guitar Players","description":"Tom de piso de 14\u201d x 13\u201d pulgadas, serie SQ1, fabricado con birch 100% europeo balanceado en todo el espectro de frecuencias, sistema CLTF (Laminaci\u00f3n de capas) que produce un tambor m\u00e1s estable, bordes redondeados de 45\u00b0 grados, sistema TuneSafe que evita que los tornillos de tensi\u00f3n vibren sueltos, sistema Sound Sustainer ac\u00fasticamente neutro, terminado en laca.","robots":{"index":"index","follow":"follow","max-snippet":"max-snippet:-1","max-image-preview":"max-image-preview:large","max-video-preview":"max-video-preview:-1"},"canonical":"https:\/\/www.mexicanguitarplayers.com\/en\/tienda\/sin categor\u00eda\/tambor-sonor-p-bateria-sq1-mod-1413-ft\/","og_locale":"en_US","og_type":"article","og_title":"TAMBOR SONOR P\/BATERIA SQ1 MOD. 1413 FT - Mexican Guitar Players","og_description":"Tom de piso de 14\u201d x 13\u201d pulgadas, serie SQ1, fabricado con birch 100% europeo balanceado en todo el espectro de frecuencias, sistema CLTF (Laminaci\u00f3n de capas) que produce un tambor m\u00e1s estable, bordes redondeados de 45\u00b0 grados, sistema TuneSafe que evita que los tornillos de tensi\u00f3n vibren sueltos, sistema Sound Sustainer ac\u00fasticamente neutro, terminado en laca.","og_url":"https:\/\/www.mexicanguitarplayers.com\/en\/tienda\/sin categor\u00eda\/tambor-sonor-p-bateria-sq1-mod-1413-ft\/","og_site_name":"Mexican Guitar Players","article_modified_time":"2026-04-10T10:22:50+00:00","twitter_card":"summary_large_image","twitter_misc":{"Est. reading time":"1 minute"},"schema":{"@context":"https:\/\/schema.org","@graph":[{"@type":["WebPage","ItemPage"],"@id":"https:\/\/www.mexicanguitarplayers.com\/tienda\/sin categor\u00eda\/tambor-sonor-p-bateria-sq1-mod-1413-ft\/","url":"https:\/\/www.mexicanguitarplayers.com\/tienda\/sin categor\u00eda\/tambor-sonor-p-bateria-sq1-mod-1413-ft\/","name":"TAMBOR SONOR P\/BATERIA SQ1 MOD. 1413 FT - Mexican Guitar Players","isPartOf":{"@id":"https:\/\/www.mexicanguitarplayers.com\/#website"},"primaryImageOfPage":{"@id":"https:\/\/www.mexicanguitarplayers.com\/tienda\/sin categor\u00eda\/tambor-sonor-p-bateria-sq1-mod-1413-ft\/#primaryimage"},"image":{"@id":"https:\/\/www.mexicanguitarplayers.com\/tienda\/sin categor\u00eda\/tambor-sonor-p-bateria-sq1-mod-1413-ft\/#primaryimage"},"thumbnailUrl":"https:\/\/www.mexicanguitarplayers.com\/wp-content\/uploads\/2025\/04\/IPSORSQ11413FT.jpg","datePublished":"2025-04-09T12:08:17+00:00","dateModified":"2026-04-10T10:22:50+00:00","description":"Tom de piso de 14\u201d x 13\u201d pulgadas, serie SQ1, fabricado con birch 100% europeo balanceado en todo el espectro de frecuencias, sistema CLTF (Laminaci\u00f3n de capas) que produce un tambor m\u00e1s estable, bordes redondeados de 45\u00b0 grados, sistema TuneSafe que evita que los tornillos de tensi\u00f3n vibren sueltos, sistema Sound Sustainer ac\u00fasticamente neutro, terminado en laca.","breadcrumb":{"@id":"https:\/\/www.mexicanguitarplayers.com\/tienda\/sin categor\u00eda\/tambor-sonor-p-bateria-sq1-mod-1413-ft\/#breadcrumb"},"inLanguage":"en-US","potentialAction":[{"@type":"ReadAction","target":["https:\/\/www.mexicanguitarplayers.com\/tienda\/sin categor\u00eda\/tambor-sonor-p-bateria-sq1-mod-1413-ft\/"]}]},{"@type":"ImageObject","inLanguage":"en-US","@id":"https:\/\/www.mexicanguitarplayers.com\/tienda\/sin categor\u00eda\/tambor-sonor-p-bateria-sq1-mod-1413-ft\/#primaryimage","url":"https:\/\/www.mexicanguitarplayers.com\/wp-content\/uploads\/2025\/04\/IPSORSQ11413FT.jpg","contentUrl":"https:\/\/www.mexicanguitarplayers.com\/wp-content\/uploads\/2025\/04\/IPSORSQ11413FT.jpg","width":1200,"height":1200},{"@type":"BreadcrumbList","@id":"https:\/\/www.mexicanguitarplayers.com\/tienda\/sin categor\u00eda\/tambor-sonor-p-bateria-sq1-mod-1413-ft\/#breadcrumb","itemListElement":[{"@type":"ListItem","position":1,"name":"Portada","item":"https:\/\/www.mexicanguitarplayers.com\/"},{"@type":"ListItem","position":2,"name":"Tienda","item":"https:\/\/www.mexicanguitarplayers.com\/tienda\/"},{"@type":"ListItem","position":3,"name":"TAMBOR SONOR P\/BATERIA SQ1 MOD. 1413 FT"}]},{"@type":"WebSite","@id":"https:\/\/www.mexicanguitarplayers.com\/#website","url":"https:\/\/www.mexicanguitarplayers.com\/","name":"Mexican Guitar Players","description":"Website","publisher":{"@id":"https:\/\/www.mexicanguitarplayers.com\/#organization"},"potentialAction":[{"@type":"SearchAction","target":{"@type":"EntryPoint","urlTemplate":"https:\/\/www.mexicanguitarplayers.com\/?s={search_term_string}"},"query-input":{"@type":"PropertyValueSpecification","valueRequired":true,"valueName":"search_term_string"}}],"inLanguage":"en-US"},{"@type":"Organization","@id":"https:\/\/www.mexicanguitarplayers.com\/#organization","name":"Mexican Guitar Players","url":"https:\/\/www.mexicanguitarplayers.com\/","logo":{"@type":"ImageObject","inLanguage":"en-US","@id":"https:\/\/www.mexicanguitarplayers.com\/#\/schema\/logo\/image\/","url":"","contentUrl":"","caption":"Mexican Guitar Players"},"image":{"@id":"https:\/\/www.mexicanguitarplayers.com\/#\/schema\/logo\/image\/"}}]}},"brands":[{"id":321,"name":"SOUND","slug":"sonor"}],"_links":{"self":[{"href":"https:\/\/www.mexicanguitarplayers.com\/en\/wp-json\/wp\/v2\/product\/38455","targetHints":{"allow":["GET"]}}],"collection":[{"href":"https:\/\/www.mexicanguitarplayers.com\/en\/wp-json\/wp\/v2\/product"}],"about":[{"href":"https:\/\/www.mexicanguitarplayers.com\/en\/wp-json\/wp\/v2\/types\/product"}],"replies":[{"embeddable":true,"href":"https:\/\/www.mexicanguitarplayers.com\/en\/wp-json\/wp\/v2\/comments?post=38455"}],"wp:featuredmedia":[{"embeddable":true,"href":"https:\/\/www.mexicanguitarplayers.com\/en\/wp-json\/wp\/v2\/media\/38454"}],"wp:attachment":[{"href":"https:\/\/www.mexicanguitarplayers.com\/en\/wp-json\/wp\/v2\/media?parent=38455"}],"wp:term":[{"taxonomy":"pwb-brand","embeddable":true,"href":"https:\/\/www.mexicanguitarplayers.com\/en\/wp-json\/wp\/v2\/pwb-brand?post=38455"},{"taxonomy":"product_brand","embeddable":true,"href":"https:\/\/www.mexicanguitarplayers.com\/en\/wp-json\/wp\/v2\/product_brand?post=38455"},{"taxonomy":"product_cat","embeddable":true,"href":"https:\/\/www.mexicanguitarplayers.com\/en\/wp-json\/wp\/v2\/product_cat?post=38455"},{"taxonomy":"product_tag","embeddable":true,"href":"https:\/\/www.mexicanguitarplayers.com\/en\/wp-json\/wp\/v2\/product_tag?post=38455"}],"curies":[{"name":"wp","href":"https:\/\/api.w.org\/{rel}","templated":true}]}}