{"id":38463,"date":"2025-04-09T06:08:28","date_gmt":"2025-04-09T12:08:28","guid":{"rendered":"https:\/\/www.mexicanguitarplayers.com\/tienda\/sin categor\u00eda\/guitarra-washburn-e-acustica-mod-o20sce\/"},"modified":"2026-05-01T07:18:49","modified_gmt":"2026-05-01T13:18:49","slug":"guitarra-washburn-e-acustica-mod-o20sce","status":"publish","type":"product","link":"https:\/\/www.mexicanguitarplayers.com\/en\/tienda\/cuerdas\/guitarras-cuerdas\/acusticas\/guitarras-electro-acusticas\/guitarra-washburn-e-acustica-mod-o20sce\/","title":{"rendered":"GUITARRA WASHBURN E\/ACUSTICA MOD. O20SCE"},"content":{"rendered":"<div style=\"text-align: justify\">\n<div>\n<h3>Para darte el sonido cl\u00e1sico que estabas buscando.<\/h3>\n<\/div>\n<div>La guitarra O20SCE de la serie Woodline de Washburn es una guitarra electroac\u00fastica cutaway tama\u00f1o Orquesta con una tapa de abeto s\u00f3lido, una mezcla de elegancia, musicalidad y asequibilidad. Una caja de resonancia de abeto s\u00f3lido sitka de grado selecto con refuerzo Cathedral Peak Scalloped-X, junto con aros y fondo de Pau Ferro que permiten un excelente tono. Las bajas propiedades de amortiguaci\u00f3n de la cejuela y la montura Graph Tech NuBone, maximizan el tono y el car\u00e1cter de tu guitarra.  El preamplificador Fishman\u00ae Presys II 301T con afinador integrado crea un tono ac\u00fastico de sonido natural en situaciones de show. La serie Woodline 10 de Washburn es un equilibrio perfecto entre asequibilidad, elegancia, sonido y estabilidad. Tu guitarra es una expresi\u00f3n de individualidad, composiciones, t\u00e9cnicas con dedos, en la iglesia o en el escenario, esta es la guitarra perfecta para ti.<\/div>\n<div>\n<h4>Quick look<\/h4>\n<\/div>\n<ul style=\"margin: 0px 0px 0px 25px\">\n<li style=\"list-style-type: circle;margin: 5px\">Cuerpo y construcci\u00f3n.<\/li>\n<li style=\"list-style-type: circle;margin: 5px\">Electr\u00f3nica.<\/li>\n<li style=\"list-style-type: circle;margin: 5px\">Otros.<\/li>\n<li style=\"list-style-type: circle;margin: 5px\">Arm.<\/li>\n<li style=\"list-style-type: circle;margin: 5px\">Hardware.<\/li>\n<\/ul>\n<div>\n<div style=\"font-weight: bold\">Cuerpo y construcci\u00f3n.<\/div>\n<div>\n<p>Cuerpo de abeto sitka s\u00f3lido. Aros y fondo de Pau Ferro. Refuerzo Cathedral Peaked Scalloped-X. Roseta Washburn Parquet. Tipo: Guitarra ac\u00fastica. Forma: Orquesta. Estilo: 6 cuerdas, cutaway.<\/p>\n<\/div>\n<div style=\"font-weight: bold\">Electr\u00f3nica.<\/div>\n<div>\n<p>Controles: Volumen, afinador incorporado, bass\/treble, phase. Preamplificador: Fishman Presys II 301T con afinador.<\/p>\n<\/div>\n<div style=\"font-weight: bold\">Otros.<\/div>\n<div>\n<p>Terminado al alto brillo.<\/p>\n<\/div>\n<div style=\"font-weight: bold\">Arm.<\/div>\n<div>\n<p>Brazo de caoba satinada con alma de 2 v\u00edas. Diapas\u00f3n de ovangkol. 20 trastes. Incrustaciones de puntos. Cejuela Graphtech Nubone de 1-11\/16 de ancho. Escala: 25-5\/16.<\/p>\n<\/div>\n<div style=\"font-weight: bold\">Hardware.<\/div>\n<div>\n<p>Hardware cromado. Puente de ovangkol. Maquinaria diecast cromada con botones de ebonita.<\/p>\n<\/div>\n<\/div>\n<\/div>","protected":false},"excerpt":{"rendered":"<p>Guitarra electroac\u00fastica tama\u00f1o orquesta, cutaway, cuerpo de abeto sitka s\u00f3lido, aros y fondo Pau Ferro, refuerzo Cathedral Peaked Scalloped-X, roseta Washburn Parquet, brazo de caoba satinada con alma de 2 v\u00edas, diapas\u00f3n de ovangkol, 20 trastes, incrustaciones de puntos, cejuela Graphtech Nubone de 1-11\/16 de ancho, escala: 25-5\/16, preamplificador Fishman Presys II 301T con afinador, terminado al alto brillo, hardware cromado, puente de ovangkol, maquinaria diecast cromada con botones de ebonita.&hellip; <a class=\"kt-excerpt-readmore more-link\" href=\"https:\/\/www.mexicanguitarplayers.com\/en\/tienda\/cuerdas\/guitarras-cuerdas\/acusticas\/guitarras-electro-acusticas\/guitarra-washburn-e-acustica-mod-o20sce\/\">Read more<\/a><\/p>","protected":false},"featured_media":38458,"comment_status":"open","ping_status":"closed","template":"","meta":{"kt_blocks_editor_width":""},"pwb-brand":[178],"product_brand":[],"product_cat":[315,224,312,316],"product_tag":[],"class_list":{"0":"post-38463","1":"product","2":"type-product","3":"status-publish","4":"has-post-thumbnail","6":"pwb-brand-washburn","7":"product_cat-acusticas","8":"product_cat-cuerdas","9":"product_cat-guitarras-cuerdas","10":"product_cat-guitarras-electro-acusticas","11":"product_shipping_class-0-5-kg","13":"first","14":"instock","15":"taxable","16":"shipping-taxable","17":"purchasable","18":"product-type-simple"},"yoast_head":"<!-- This site is optimized with the Yoast SEO plugin v27.6 - https:\/\/yoast.com\/product\/yoast-seo-wordpress\/ -->\n<title>GUITARRA WASHBURN E\/ACUSTICA MOD. O20SCE - Mexican Guitar Players<\/title>\n<meta name=\"description\" content=\"Guitarra electroac\u00fastica tama\u00f1o orquesta, cutaway, cuerpo de abeto sitka s\u00f3lido, aros y fondo Pau Ferro, refuerzo Cathedral Peaked Scalloped-X, roseta Washburn Parquet, brazo de caoba satinada con alma de 2 v\u00edas, diapas\u00f3n de ovangkol, 20 trastes, incrustaciones de puntos, cejuela Graphtech Nubone de 1-11\/16 de ancho, escala: 25-5\/16, preamplificador Fishman Presys II 301T con afinador, terminado al alto brillo, hardware cromado, puente de ovangkol, maquinaria diecast cromada con botones de ebonita.\" \/>\n<meta name=\"robots\" content=\"index, follow, max-snippet:-1, max-image-preview:large, max-video-preview:-1\" \/>\n<link rel=\"canonical\" href=\"https:\/\/www.mexicanguitarplayers.com\/en\/tienda\/sin%20categor\u00eda\/guitarra-washburn-e-acustica-mod-o20sce\/\" \/>\n<meta property=\"og:locale\" content=\"en_US\" \/>\n<meta property=\"og:type\" content=\"article\" \/>\n<meta property=\"og:title\" content=\"GUITARRA WASHBURN E\/ACUSTICA MOD. O20SCE - Mexican Guitar Players\" \/>\n<meta property=\"og:description\" content=\"Guitarra electroac\u00fastica tama\u00f1o orquesta, cutaway, cuerpo de abeto sitka s\u00f3lido, aros y fondo Pau Ferro, refuerzo Cathedral Peaked Scalloped-X, roseta Washburn Parquet, brazo de caoba satinada con alma de 2 v\u00edas, diapas\u00f3n de ovangkol, 20 trastes, incrustaciones de puntos, cejuela Graphtech Nubone de 1-11\/16 de ancho, escala: 25-5\/16, preamplificador Fishman Presys II 301T con afinador, terminado al alto brillo, hardware cromado, puente de ovangkol, maquinaria diecast cromada con botones de ebonita.\" \/>\n<meta property=\"og:url\" content=\"https:\/\/www.mexicanguitarplayers.com\/en\/tienda\/sin categor\u00eda\/guitarra-washburn-e-acustica-mod-o20sce\/\" \/>\n<meta property=\"og:site_name\" content=\"Mexican Guitar Players\" \/>\n<meta property=\"article:modified_time\" content=\"2026-05-01T13:18:49+00:00\" \/>\n<meta name=\"twitter:card\" content=\"summary_large_image\" \/>\n<meta name=\"twitter:label1\" content=\"Est. reading time\" \/>\n\t<meta name=\"twitter:data1\" content=\"1 minute\" \/>\n<script type=\"application\/ld+json\" class=\"yoast-schema-graph\">{\"@context\":\"https:\\\/\\\/schema.org\",\"@graph\":[{\"@type\":[\"WebPage\",\"ItemPage\"],\"@id\":\"https:\\\/\\\/www.mexicanguitarplayers.com\\\/tienda\\\/sin categor\u00eda\\\/guitarra-washburn-e-acustica-mod-o20sce\\\/\",\"url\":\"https:\\\/\\\/www.mexicanguitarplayers.com\\\/tienda\\\/sin categor\u00eda\\\/guitarra-washburn-e-acustica-mod-o20sce\\\/\",\"name\":\"GUITARRA WASHBURN E\\\/ACUSTICA MOD. O20SCE - Mexican Guitar Players\",\"isPartOf\":{\"@id\":\"https:\\\/\\\/www.mexicanguitarplayers.com\\\/#website\"},\"primaryImageOfPage\":{\"@id\":\"https:\\\/\\\/www.mexicanguitarplayers.com\\\/tienda\\\/sin categor\u00eda\\\/guitarra-washburn-e-acustica-mod-o20sce\\\/#primaryimage\"},\"image\":{\"@id\":\"https:\\\/\\\/www.mexicanguitarplayers.com\\\/tienda\\\/sin categor\u00eda\\\/guitarra-washburn-e-acustica-mod-o20sce\\\/#primaryimage\"},\"thumbnailUrl\":\"https:\\\/\\\/www.mexicanguitarplayers.com\\\/wp-content\\\/uploads\\\/2025\\\/04\\\/ISWASO20SCE.jpg\",\"datePublished\":\"2025-04-09T12:08:28+00:00\",\"dateModified\":\"2026-05-01T13:18:49+00:00\",\"description\":\"Guitarra electroac\u00fastica tama\u00f1o orquesta, cutaway, cuerpo de abeto sitka s\u00f3lido, aros y fondo Pau Ferro, refuerzo Cathedral Peaked Scalloped-X, roseta Washburn Parquet, brazo de caoba satinada con alma de 2 v\u00edas, diapas\u00f3n de ovangkol, 20 trastes, incrustaciones de puntos, cejuela Graphtech Nubone de 1-11\\\/16 de ancho, escala: 25-5\\\/16, preamplificador Fishman Presys II 301T con afinador, terminado al alto brillo, hardware cromado, puente de ovangkol, maquinaria diecast cromada con botones de ebonita.\",\"breadcrumb\":{\"@id\":\"https:\\\/\\\/www.mexicanguitarplayers.com\\\/tienda\\\/sin categor\u00eda\\\/guitarra-washburn-e-acustica-mod-o20sce\\\/#breadcrumb\"},\"inLanguage\":\"en-US\",\"potentialAction\":[{\"@type\":\"ReadAction\",\"target\":[\"https:\\\/\\\/www.mexicanguitarplayers.com\\\/tienda\\\/sin categor\u00eda\\\/guitarra-washburn-e-acustica-mod-o20sce\\\/\"]}]},{\"@type\":\"ImageObject\",\"inLanguage\":\"en-US\",\"@id\":\"https:\\\/\\\/www.mexicanguitarplayers.com\\\/tienda\\\/sin categor\u00eda\\\/guitarra-washburn-e-acustica-mod-o20sce\\\/#primaryimage\",\"url\":\"https:\\\/\\\/www.mexicanguitarplayers.com\\\/wp-content\\\/uploads\\\/2025\\\/04\\\/ISWASO20SCE.jpg\",\"contentUrl\":\"https:\\\/\\\/www.mexicanguitarplayers.com\\\/wp-content\\\/uploads\\\/2025\\\/04\\\/ISWASO20SCE.jpg\",\"width\":800,\"height\":1600},{\"@type\":\"BreadcrumbList\",\"@id\":\"https:\\\/\\\/www.mexicanguitarplayers.com\\\/tienda\\\/sin categor\u00eda\\\/guitarra-washburn-e-acustica-mod-o20sce\\\/#breadcrumb\",\"itemListElement\":[{\"@type\":\"ListItem\",\"position\":1,\"name\":\"Portada\",\"item\":\"https:\\\/\\\/www.mexicanguitarplayers.com\\\/\"},{\"@type\":\"ListItem\",\"position\":2,\"name\":\"Tienda\",\"item\":\"https:\\\/\\\/www.mexicanguitarplayers.com\\\/tienda\\\/\"},{\"@type\":\"ListItem\",\"position\":3,\"name\":\"GUITARRA WASHBURN E\\\/ACUSTICA MOD. O20SCE\"}]},{\"@type\":\"WebSite\",\"@id\":\"https:\\\/\\\/www.mexicanguitarplayers.com\\\/#website\",\"url\":\"https:\\\/\\\/www.mexicanguitarplayers.com\\\/\",\"name\":\"Mexican Guitar Players\",\"description\":\"Website\",\"publisher\":{\"@id\":\"https:\\\/\\\/www.mexicanguitarplayers.com\\\/#organization\"},\"potentialAction\":[{\"@type\":\"SearchAction\",\"target\":{\"@type\":\"EntryPoint\",\"urlTemplate\":\"https:\\\/\\\/www.mexicanguitarplayers.com\\\/?s={search_term_string}\"},\"query-input\":{\"@type\":\"PropertyValueSpecification\",\"valueRequired\":true,\"valueName\":\"search_term_string\"}}],\"inLanguage\":\"en-US\"},{\"@type\":\"Organization\",\"@id\":\"https:\\\/\\\/www.mexicanguitarplayers.com\\\/#organization\",\"name\":\"Mexican Guitar Players\",\"url\":\"https:\\\/\\\/www.mexicanguitarplayers.com\\\/\",\"logo\":{\"@type\":\"ImageObject\",\"inLanguage\":\"en-US\",\"@id\":\"https:\\\/\\\/www.mexicanguitarplayers.com\\\/#\\\/schema\\\/logo\\\/image\\\/\",\"url\":\"\",\"contentUrl\":\"\",\"caption\":\"Mexican Guitar Players\"},\"image\":{\"@id\":\"https:\\\/\\\/www.mexicanguitarplayers.com\\\/#\\\/schema\\\/logo\\\/image\\\/\"}}]}<\/script>\n<!-- \/ Yoast SEO plugin. -->","yoast_head_json":{"title":"GUITARRA WASHBURN E\/ACUSTICA MOD. O20SCE - Mexican Guitar Players","description":"Guitarra electroac\u00fastica tama\u00f1o orquesta, cutaway, cuerpo de abeto sitka s\u00f3lido, aros y fondo Pau Ferro, refuerzo Cathedral Peaked Scalloped-X, roseta Washburn Parquet, brazo de caoba satinada con alma de 2 v\u00edas, diapas\u00f3n de ovangkol, 20 trastes, incrustaciones de puntos, cejuela Graphtech Nubone de 1-11\/16 de ancho, escala: 25-5\/16, preamplificador Fishman Presys II 301T con afinador, terminado al alto brillo, hardware cromado, puente de ovangkol, maquinaria diecast cromada con botones de ebonita.","robots":{"index":"index","follow":"follow","max-snippet":"max-snippet:-1","max-image-preview":"max-image-preview:large","max-video-preview":"max-video-preview:-1"},"canonical":"https:\/\/www.mexicanguitarplayers.com\/en\/tienda\/sin categor\u00eda\/guitarra-washburn-e-acustica-mod-o20sce\/","og_locale":"en_US","og_type":"article","og_title":"GUITARRA WASHBURN E\/ACUSTICA MOD. O20SCE - Mexican Guitar Players","og_description":"Guitarra electroac\u00fastica tama\u00f1o orquesta, cutaway, cuerpo de abeto sitka s\u00f3lido, aros y fondo Pau Ferro, refuerzo Cathedral Peaked Scalloped-X, roseta Washburn Parquet, brazo de caoba satinada con alma de 2 v\u00edas, diapas\u00f3n de ovangkol, 20 trastes, incrustaciones de puntos, cejuela Graphtech Nubone de 1-11\/16 de ancho, escala: 25-5\/16, preamplificador Fishman Presys II 301T con afinador, terminado al alto brillo, hardware cromado, puente de ovangkol, maquinaria diecast cromada con botones de ebonita.","og_url":"https:\/\/www.mexicanguitarplayers.com\/en\/tienda\/sin categor\u00eda\/guitarra-washburn-e-acustica-mod-o20sce\/","og_site_name":"Mexican Guitar Players","article_modified_time":"2026-05-01T13:18:49+00:00","twitter_card":"summary_large_image","twitter_misc":{"Est. reading time":"1 minute"},"schema":{"@context":"https:\/\/schema.org","@graph":[{"@type":["WebPage","ItemPage"],"@id":"https:\/\/www.mexicanguitarplayers.com\/tienda\/sin categor\u00eda\/guitarra-washburn-e-acustica-mod-o20sce\/","url":"https:\/\/www.mexicanguitarplayers.com\/tienda\/sin categor\u00eda\/guitarra-washburn-e-acustica-mod-o20sce\/","name":"GUITARRA WASHBURN E\/ACUSTICA MOD. O20SCE - Mexican Guitar Players","isPartOf":{"@id":"https:\/\/www.mexicanguitarplayers.com\/#website"},"primaryImageOfPage":{"@id":"https:\/\/www.mexicanguitarplayers.com\/tienda\/sin categor\u00eda\/guitarra-washburn-e-acustica-mod-o20sce\/#primaryimage"},"image":{"@id":"https:\/\/www.mexicanguitarplayers.com\/tienda\/sin categor\u00eda\/guitarra-washburn-e-acustica-mod-o20sce\/#primaryimage"},"thumbnailUrl":"https:\/\/www.mexicanguitarplayers.com\/wp-content\/uploads\/2025\/04\/ISWASO20SCE.jpg","datePublished":"2025-04-09T12:08:28+00:00","dateModified":"2026-05-01T13:18:49+00:00","description":"Guitarra electroac\u00fastica tama\u00f1o orquesta, cutaway, cuerpo de abeto sitka s\u00f3lido, aros y fondo Pau Ferro, refuerzo Cathedral Peaked Scalloped-X, roseta Washburn Parquet, brazo de caoba satinada con alma de 2 v\u00edas, diapas\u00f3n de ovangkol, 20 trastes, incrustaciones de puntos, cejuela Graphtech Nubone de 1-11\/16 de ancho, escala: 25-5\/16, preamplificador Fishman Presys II 301T con afinador, terminado al alto brillo, hardware cromado, puente de ovangkol, maquinaria diecast cromada con botones de ebonita.","breadcrumb":{"@id":"https:\/\/www.mexicanguitarplayers.com\/tienda\/sin categor\u00eda\/guitarra-washburn-e-acustica-mod-o20sce\/#breadcrumb"},"inLanguage":"en-US","potentialAction":[{"@type":"ReadAction","target":["https:\/\/www.mexicanguitarplayers.com\/tienda\/sin categor\u00eda\/guitarra-washburn-e-acustica-mod-o20sce\/"]}]},{"@type":"ImageObject","inLanguage":"en-US","@id":"https:\/\/www.mexicanguitarplayers.com\/tienda\/sin categor\u00eda\/guitarra-washburn-e-acustica-mod-o20sce\/#primaryimage","url":"https:\/\/www.mexicanguitarplayers.com\/wp-content\/uploads\/2025\/04\/ISWASO20SCE.jpg","contentUrl":"https:\/\/www.mexicanguitarplayers.com\/wp-content\/uploads\/2025\/04\/ISWASO20SCE.jpg","width":800,"height":1600},{"@type":"BreadcrumbList","@id":"https:\/\/www.mexicanguitarplayers.com\/tienda\/sin categor\u00eda\/guitarra-washburn-e-acustica-mod-o20sce\/#breadcrumb","itemListElement":[{"@type":"ListItem","position":1,"name":"Portada","item":"https:\/\/www.mexicanguitarplayers.com\/"},{"@type":"ListItem","position":2,"name":"Tienda","item":"https:\/\/www.mexicanguitarplayers.com\/tienda\/"},{"@type":"ListItem","position":3,"name":"GUITARRA WASHBURN E\/ACUSTICA MOD. O20SCE"}]},{"@type":"WebSite","@id":"https:\/\/www.mexicanguitarplayers.com\/#website","url":"https:\/\/www.mexicanguitarplayers.com\/","name":"Mexican Guitar Players","description":"Website","publisher":{"@id":"https:\/\/www.mexicanguitarplayers.com\/#organization"},"potentialAction":[{"@type":"SearchAction","target":{"@type":"EntryPoint","urlTemplate":"https:\/\/www.mexicanguitarplayers.com\/?s={search_term_string}"},"query-input":{"@type":"PropertyValueSpecification","valueRequired":true,"valueName":"search_term_string"}}],"inLanguage":"en-US"},{"@type":"Organization","@id":"https:\/\/www.mexicanguitarplayers.com\/#organization","name":"Mexican Guitar Players","url":"https:\/\/www.mexicanguitarplayers.com\/","logo":{"@type":"ImageObject","inLanguage":"en-US","@id":"https:\/\/www.mexicanguitarplayers.com\/#\/schema\/logo\/image\/","url":"","contentUrl":"","caption":"Mexican Guitar Players"},"image":{"@id":"https:\/\/www.mexicanguitarplayers.com\/#\/schema\/logo\/image\/"}}]}},"brands":[{"id":178,"name":"WASHBURN","slug":"washburn"}],"_links":{"self":[{"href":"https:\/\/www.mexicanguitarplayers.com\/en\/wp-json\/wp\/v2\/product\/38463","targetHints":{"allow":["GET"]}}],"collection":[{"href":"https:\/\/www.mexicanguitarplayers.com\/en\/wp-json\/wp\/v2\/product"}],"about":[{"href":"https:\/\/www.mexicanguitarplayers.com\/en\/wp-json\/wp\/v2\/types\/product"}],"replies":[{"embeddable":true,"href":"https:\/\/www.mexicanguitarplayers.com\/en\/wp-json\/wp\/v2\/comments?post=38463"}],"wp:featuredmedia":[{"embeddable":true,"href":"https:\/\/www.mexicanguitarplayers.com\/en\/wp-json\/wp\/v2\/media\/38458"}],"wp:attachment":[{"href":"https:\/\/www.mexicanguitarplayers.com\/en\/wp-json\/wp\/v2\/media?parent=38463"}],"wp:term":[{"taxonomy":"pwb-brand","embeddable":true,"href":"https:\/\/www.mexicanguitarplayers.com\/en\/wp-json\/wp\/v2\/pwb-brand?post=38463"},{"taxonomy":"product_brand","embeddable":true,"href":"https:\/\/www.mexicanguitarplayers.com\/en\/wp-json\/wp\/v2\/product_brand?post=38463"},{"taxonomy":"product_cat","embeddable":true,"href":"https:\/\/www.mexicanguitarplayers.com\/en\/wp-json\/wp\/v2\/product_cat?post=38463"},{"taxonomy":"product_tag","embeddable":true,"href":"https:\/\/www.mexicanguitarplayers.com\/en\/wp-json\/wp\/v2\/product_tag?post=38463"}],"curies":[{"name":"wp","href":"https:\/\/api.w.org\/{rel}","templated":true}]}}