{"id":38502,"date":"2025-04-09T06:10:16","date_gmt":"2025-04-09T12:10:16","guid":{"rendered":"https:\/\/www.mexicanguitarplayers.com\/tienda\/sin categor\u00eda\/guitarra-washburn-e-acustica-mod-g7sce\/"},"modified":"2026-05-01T07:18:48","modified_gmt":"2026-05-01T13:18:48","slug":"guitarra-washburn-e-acustica-mod-g7sce","status":"publish","type":"product","link":"https:\/\/www.mexicanguitarplayers.com\/en\/tienda\/cuerdas\/guitarras-cuerdas\/acusticas\/guitarras-electro-acusticas\/guitarra-washburn-e-acustica-mod-g7sce\/","title":{"rendered":"GUITARRA WASHBURN E\/ACUSTICA MOD.G7SCE"},"content":{"rendered":"<div style=\"text-align: justify\">\n<div>\n<h3>La compa\u00f1era perfecta.<\/h3>\n<\/div>\n<div>G7SCE Harvest Series es la compa\u00f1era electroac\u00fastica de nuestro G7S y cuenta con la misma tapa de abeto s\u00f3lido y aros y fondo de caoba seleccionada. La parte superior s\u00f3lida y aserrada en cuartos, el varetaje festoneado de abeto de Sitka ayuda a definir la claridad de las notas en todo el registro del instrumento, lo que lo hace incomparable en su rango de precio. El brazo de caoba con acabado satinado se siente muy bien en las manos y facilita la interpretaci\u00f3n. El dise\u00f1o del cuerpo recortado permite un f\u00e1cil acceso a los trastes superiores. Nuestra atractiva roseta &#8220;Washburn Heritage&#8221;, el cuerpo tipo Grand Auditorium con terminado brillante y el ovangkol seleccionado para el material del puente y el diapas\u00f3n se suman a la agradable est\u00e9tica del instrumento en general. El preamplificador Barcus Berry EQ4T permite la amplificaci\u00f3n de instrumentos y cuenta con un ecualizador de 4 bandas, un afinador incorporado  un dial notch para un tono refinado mientras est\u00e9 conectada. Ya sea en el jam en la sala, en el canto de una fogata o en el escenario, la guitarra Harvest G7SCE de Washburn ser\u00e1 la compa\u00f1era perfecta.<\/div>\n<div>\n<h4>Quick look<\/h4>\n<\/div>\n<ul style=\"margin: 0px 0px 0px 25px\">\n<li style=\"list-style-type: circle;margin: 5px\">Kind.<\/li>\n<li style=\"list-style-type: circle;margin: 5px\">Forma.<\/li>\n<li style=\"list-style-type: circle;margin: 5px\">Estilo.<\/li>\n<li style=\"list-style-type: circle;margin: 5px\">Material de la tapa.<\/li>\n<li style=\"list-style-type: circle;margin: 5px\">Material de los aros.<\/li>\n<li style=\"list-style-type: circle;margin: 5px\">Material del fondo.<\/li>\n<li style=\"list-style-type: circle;margin: 5px\">Reinforcement.<\/li>\n<li style=\"list-style-type: circle;margin: 5px\">Rosette<\/li>\n<li style=\"list-style-type: circle;margin: 5px\">Color.<\/li>\n<li style=\"list-style-type: circle;margin: 5px\">Terminado.<\/li>\n<li style=\"list-style-type: circle;margin: 5px\">Material del brazo.<\/li>\n<li style=\"list-style-type: circle;margin: 5px\">Soul.<\/li>\n<li style=\"list-style-type: circle;margin: 5px\">Diapason.<\/li>\n<li style=\"list-style-type: circle;margin: 5px\">Frets<\/li>\n<li style=\"list-style-type: circle;margin: 5px\">Scale.<\/li>\n<li style=\"list-style-type: circle;margin: 5px\">Nut.<\/li>\n<li style=\"list-style-type: circle;margin: 5px\">Ancho de la cejuela.<\/li>\n<li style=\"list-style-type: circle;margin: 5px\">Scale.<\/li>\n<li style=\"list-style-type: circle;margin: 5px\">Hardware.<\/li>\n<li style=\"list-style-type: circle;margin: 5px\">Bridge.<\/li>\n<li style=\"list-style-type: circle;margin: 5px\">Afinadores.<\/li>\n<li style=\"list-style-type: circle;margin: 5px\">Controls<\/li>\n<li style=\"list-style-type: circle;margin: 5px\">Sistema de preamp.<\/li>\n<li style=\"list-style-type: circle;margin: 5px\">Strings<\/li>\n<\/ul>\n<div>\n<div style=\"font-weight: bold\">Kind.<\/div>\n<div>\n<p>Guitarra electroac\u00fastica.<\/p>\n<\/div>\n<div style=\"font-weight: bold\">Forma.<\/div>\n<div>\n<p>Grand Auditorium.<\/p>\n<\/div>\n<div style=\"font-weight: bold\">Estilo.<\/div>\n<div>\n<p>6 cuerdas, cutaway.<\/p>\n<\/div>\n<div style=\"font-weight: bold\">Material de la tapa.<\/div>\n<div>\n<p>Abeto s\u00f3lido.<\/p>\n<\/div>\n<div style=\"font-weight: bold\">Material de los aros.<\/div>\n<div>\n<p>Mahogany.<\/p>\n<\/div>\n<div style=\"font-weight: bold\">Material del fondo.<\/div>\n<div>\n<p>Mahogany.<\/p>\n<\/div>\n<div style=\"font-weight: bold\">Reinforcement.<\/div>\n<div>\n<p>Refuerzo festoneado de abeto de Sitka aserrado en cuartos.<\/p>\n<\/div>\n<div style=\"font-weight: bold\">Rosette<\/div>\n<div>\n<p>Washburn Heritage.<\/p>\n<\/div>\n<div style=\"font-weight: bold\">Color.<\/div>\n<div>\n<p>Natural.<\/p>\n<\/div>\n<div style=\"font-weight: bold\">Terminado.<\/div>\n<div>\n<p>Brillante.<\/p>\n<\/div>\n<div style=\"font-weight: bold\">Material del brazo.<\/div>\n<div>\n<p>Caoba satinada.<\/p>\n<\/div>\n<div style=\"font-weight: bold\">Soul.<\/div>\n<div>\n<p>2 way.<\/p>\n<\/div>\n<div style=\"font-weight: bold\">Diapason.<\/div>\n<div>\n<p>Ovangkol.<\/p>\n<\/div>\n<div style=\"font-weight: bold\">Frets<\/div>\n<div>\n<p>20.<\/p>\n<\/div>\n<div style=\"font-weight: bold\">Scale.<\/div>\n<div>\n<p>Points.<\/p>\n<\/div>\n<div style=\"font-weight: bold\">Nut.<\/div>\n<div>\n<p>ABS.<\/p>\n<\/div>\n<div style=\"font-weight: bold\">Ancho de la cejuela.<\/div>\n<div>\n<p>1-11\/16.<\/p>\n<\/div>\n<div style=\"font-weight: bold\">Scale.<\/div>\n<div>\n<p>25-1\/2.<\/p>\n<\/div>\n<div style=\"font-weight: bold\">Hardware.<\/div>\n<div>\n<p>Cromado.<\/p>\n<\/div>\n<div style=\"font-weight: bold\">Bridge.<\/div>\n<div>\n<p>Ovangkol.<\/p>\n<\/div>\n<div style=\"font-weight: bold\">Afinadores.<\/div>\n<div>\n<p>Cromado diecast.<\/p>\n<\/div>\n<div style=\"font-weight: bold\">Controls<\/div>\n<div>\n<p>Volumen, afinador integrado, Bass\/Treble\/Phase.<\/p>\n<\/div>\n<div style=\"font-weight: bold\">Sistema de preamp.<\/div>\n<div>\n<p>Barcus-Berry EQ4T.<\/p>\n<\/div>\n<div style=\"font-weight: bold\">Strings<\/div>\n<div>\n<p>D&#8217;Addario EXP-16 light set phospher bronze.<\/p>\n<\/div>\n<\/div>\n<\/div>","protected":false},"excerpt":{"rendered":"<p>Guitarra electroac\u00fastica Grand Auditorium con resaque, tapa de abeto s\u00f3lido, aros y fondo de caoba, refuerzo festoneado de abeto de Sitka aserrado en cuartos, roseta Washburn Heritage, terminado brillante, brazo de caoba satinada, diapas\u00f3n de ovangkol, alma de 2 v\u00edas, 20 trastes, incrustaciones de puntos, cejuela de ABS, escala: 25-1\/2, hardware cromado, puente de ovangkol, afinadores cromados diecast, controles: volumen, afinador integrado, Bass\/Treble\/Phase, preamp Barcus-Berry EQ4T, cuerdas D&#8217;Addario EXP-16 light set phospher bronze.&hellip; <a class=\"kt-excerpt-readmore more-link\" href=\"https:\/\/www.mexicanguitarplayers.com\/en\/tienda\/cuerdas\/guitarras-cuerdas\/acusticas\/guitarras-electro-acusticas\/guitarra-washburn-e-acustica-mod-g7sce\/\">Read more<\/a><\/p>","protected":false},"featured_media":38498,"comment_status":"open","ping_status":"closed","template":"","meta":{"kt_blocks_editor_width":""},"pwb-brand":[178],"product_brand":[],"product_cat":[315,224,312,316],"product_tag":[],"class_list":{"0":"post-38502","1":"product","2":"type-product","3":"status-publish","4":"has-post-thumbnail","6":"pwb-brand-washburn","7":"product_cat-acusticas","8":"product_cat-cuerdas","9":"product_cat-guitarras-cuerdas","10":"product_cat-guitarras-electro-acusticas","11":"product_shipping_class-0-5-kg","13":"first","14":"instock","15":"taxable","16":"shipping-taxable","17":"purchasable","18":"product-type-simple"},"yoast_head":"<!-- This site is optimized with the Yoast SEO plugin v27.6 - https:\/\/yoast.com\/product\/yoast-seo-wordpress\/ -->\n<title>GUITARRA WASHBURN E\/ACUSTICA MOD.G7SCE - Mexican Guitar Players<\/title>\n<meta name=\"description\" content=\"Guitarra electroac\u00fastica Grand Auditorium con resaque, tapa de abeto s\u00f3lido, aros y fondo de caoba, refuerzo festoneado de abeto de Sitka aserrado en cuartos, roseta Washburn Heritage, terminado brillante, brazo de caoba satinada, diapas\u00f3n de ovangkol, alma de 2 v\u00edas, 20 trastes, incrustaciones de puntos, cejuela de ABS, escala: 25-1\/2, hardware cromado, puente de ovangkol, afinadores cromados diecast, controles: volumen, afinador integrado, Bass\/Treble\/Phase, preamp Barcus-Berry EQ4T, cuerdas D&#039;Addario EXP-16 light set phospher bronze.\" \/>\n<meta name=\"robots\" content=\"index, follow, max-snippet:-1, max-image-preview:large, max-video-preview:-1\" \/>\n<link rel=\"canonical\" href=\"https:\/\/www.mexicanguitarplayers.com\/en\/tienda\/sin%20categor\u00eda\/guitarra-washburn-e-acustica-mod-g7sce\/\" \/>\n<meta property=\"og:locale\" content=\"en_US\" \/>\n<meta property=\"og:type\" content=\"article\" \/>\n<meta property=\"og:title\" content=\"GUITARRA WASHBURN E\/ACUSTICA MOD.G7SCE - Mexican Guitar Players\" \/>\n<meta property=\"og:description\" content=\"Guitarra electroac\u00fastica Grand Auditorium con resaque, tapa de abeto s\u00f3lido, aros y fondo de caoba, refuerzo festoneado de abeto de Sitka aserrado en cuartos, roseta Washburn Heritage, terminado brillante, brazo de caoba satinada, diapas\u00f3n de ovangkol, alma de 2 v\u00edas, 20 trastes, incrustaciones de puntos, cejuela de ABS, escala: 25-1\/2, hardware cromado, puente de ovangkol, afinadores cromados diecast, controles: volumen, afinador integrado, Bass\/Treble\/Phase, preamp Barcus-Berry EQ4T, cuerdas D&#039;Addario EXP-16 light set phospher bronze.\" \/>\n<meta property=\"og:url\" content=\"https:\/\/www.mexicanguitarplayers.com\/en\/tienda\/sin categor\u00eda\/guitarra-washburn-e-acustica-mod-g7sce\/\" \/>\n<meta property=\"og:site_name\" content=\"Mexican Guitar Players\" \/>\n<meta property=\"article:modified_time\" content=\"2026-05-01T13:18:48+00:00\" \/>\n<meta name=\"twitter:card\" content=\"summary_large_image\" \/>\n<meta name=\"twitter:label1\" content=\"Est. reading time\" \/>\n\t<meta name=\"twitter:data1\" content=\"2 minutes\" \/>\n<script type=\"application\/ld+json\" class=\"yoast-schema-graph\">{\"@context\":\"https:\\\/\\\/schema.org\",\"@graph\":[{\"@type\":[\"WebPage\",\"ItemPage\"],\"@id\":\"https:\\\/\\\/www.mexicanguitarplayers.com\\\/tienda\\\/sin categor\u00eda\\\/guitarra-washburn-e-acustica-mod-g7sce\\\/\",\"url\":\"https:\\\/\\\/www.mexicanguitarplayers.com\\\/tienda\\\/sin categor\u00eda\\\/guitarra-washburn-e-acustica-mod-g7sce\\\/\",\"name\":\"GUITARRA WASHBURN E\\\/ACUSTICA MOD.G7SCE - Mexican Guitar Players\",\"isPartOf\":{\"@id\":\"https:\\\/\\\/www.mexicanguitarplayers.com\\\/#website\"},\"primaryImageOfPage\":{\"@id\":\"https:\\\/\\\/www.mexicanguitarplayers.com\\\/tienda\\\/sin categor\u00eda\\\/guitarra-washburn-e-acustica-mod-g7sce\\\/#primaryimage\"},\"image\":{\"@id\":\"https:\\\/\\\/www.mexicanguitarplayers.com\\\/tienda\\\/sin categor\u00eda\\\/guitarra-washburn-e-acustica-mod-g7sce\\\/#primaryimage\"},\"thumbnailUrl\":\"https:\\\/\\\/www.mexicanguitarplayers.com\\\/wp-content\\\/uploads\\\/2025\\\/04\\\/ISWASG7SCE.jpg\",\"datePublished\":\"2025-04-09T12:10:16+00:00\",\"dateModified\":\"2026-05-01T13:18:48+00:00\",\"description\":\"Guitarra electroac\u00fastica Grand Auditorium con resaque, tapa de abeto s\u00f3lido, aros y fondo de caoba, refuerzo festoneado de abeto de Sitka aserrado en cuartos, roseta Washburn Heritage, terminado brillante, brazo de caoba satinada, diapas\u00f3n de ovangkol, alma de 2 v\u00edas, 20 trastes, incrustaciones de puntos, cejuela de ABS, escala: 25-1\\\/2, hardware cromado, puente de ovangkol, afinadores cromados diecast, controles: volumen, afinador integrado, Bass\\\/Treble\\\/Phase, preamp Barcus-Berry EQ4T, cuerdas D'Addario EXP-16 light set phospher bronze.\",\"breadcrumb\":{\"@id\":\"https:\\\/\\\/www.mexicanguitarplayers.com\\\/tienda\\\/sin categor\u00eda\\\/guitarra-washburn-e-acustica-mod-g7sce\\\/#breadcrumb\"},\"inLanguage\":\"en-US\",\"potentialAction\":[{\"@type\":\"ReadAction\",\"target\":[\"https:\\\/\\\/www.mexicanguitarplayers.com\\\/tienda\\\/sin categor\u00eda\\\/guitarra-washburn-e-acustica-mod-g7sce\\\/\"]}]},{\"@type\":\"ImageObject\",\"inLanguage\":\"en-US\",\"@id\":\"https:\\\/\\\/www.mexicanguitarplayers.com\\\/tienda\\\/sin categor\u00eda\\\/guitarra-washburn-e-acustica-mod-g7sce\\\/#primaryimage\",\"url\":\"https:\\\/\\\/www.mexicanguitarplayers.com\\\/wp-content\\\/uploads\\\/2025\\\/04\\\/ISWASG7SCE.jpg\",\"contentUrl\":\"https:\\\/\\\/www.mexicanguitarplayers.com\\\/wp-content\\\/uploads\\\/2025\\\/04\\\/ISWASG7SCE.jpg\",\"width\":800,\"height\":1600},{\"@type\":\"BreadcrumbList\",\"@id\":\"https:\\\/\\\/www.mexicanguitarplayers.com\\\/tienda\\\/sin categor\u00eda\\\/guitarra-washburn-e-acustica-mod-g7sce\\\/#breadcrumb\",\"itemListElement\":[{\"@type\":\"ListItem\",\"position\":1,\"name\":\"Portada\",\"item\":\"https:\\\/\\\/www.mexicanguitarplayers.com\\\/\"},{\"@type\":\"ListItem\",\"position\":2,\"name\":\"Tienda\",\"item\":\"https:\\\/\\\/www.mexicanguitarplayers.com\\\/tienda\\\/\"},{\"@type\":\"ListItem\",\"position\":3,\"name\":\"GUITARRA WASHBURN E\\\/ACUSTICA MOD.G7SCE\"}]},{\"@type\":\"WebSite\",\"@id\":\"https:\\\/\\\/www.mexicanguitarplayers.com\\\/#website\",\"url\":\"https:\\\/\\\/www.mexicanguitarplayers.com\\\/\",\"name\":\"Mexican Guitar Players\",\"description\":\"Website\",\"publisher\":{\"@id\":\"https:\\\/\\\/www.mexicanguitarplayers.com\\\/#organization\"},\"potentialAction\":[{\"@type\":\"SearchAction\",\"target\":{\"@type\":\"EntryPoint\",\"urlTemplate\":\"https:\\\/\\\/www.mexicanguitarplayers.com\\\/?s={search_term_string}\"},\"query-input\":{\"@type\":\"PropertyValueSpecification\",\"valueRequired\":true,\"valueName\":\"search_term_string\"}}],\"inLanguage\":\"en-US\"},{\"@type\":\"Organization\",\"@id\":\"https:\\\/\\\/www.mexicanguitarplayers.com\\\/#organization\",\"name\":\"Mexican Guitar Players\",\"url\":\"https:\\\/\\\/www.mexicanguitarplayers.com\\\/\",\"logo\":{\"@type\":\"ImageObject\",\"inLanguage\":\"en-US\",\"@id\":\"https:\\\/\\\/www.mexicanguitarplayers.com\\\/#\\\/schema\\\/logo\\\/image\\\/\",\"url\":\"\",\"contentUrl\":\"\",\"caption\":\"Mexican Guitar Players\"},\"image\":{\"@id\":\"https:\\\/\\\/www.mexicanguitarplayers.com\\\/#\\\/schema\\\/logo\\\/image\\\/\"}}]}<\/script>\n<!-- \/ Yoast SEO plugin. -->","yoast_head_json":{"title":"GUITARRA WASHBURN E\/ACUSTICA MOD.G7SCE - Mexican Guitar Players","description":"Guitarra electroac\u00fastica Grand Auditorium con resaque, tapa de abeto s\u00f3lido, aros y fondo de caoba, refuerzo festoneado de abeto de Sitka aserrado en cuartos, roseta Washburn Heritage, terminado brillante, brazo de caoba satinada, diapas\u00f3n de ovangkol, alma de 2 v\u00edas, 20 trastes, incrustaciones de puntos, cejuela de ABS, escala: 25-1\/2, hardware cromado, puente de ovangkol, afinadores cromados diecast, controles: volumen, afinador integrado, Bass\/Treble\/Phase, preamp Barcus-Berry EQ4T, cuerdas D'Addario EXP-16 light set phospher bronze.","robots":{"index":"index","follow":"follow","max-snippet":"max-snippet:-1","max-image-preview":"max-image-preview:large","max-video-preview":"max-video-preview:-1"},"canonical":"https:\/\/www.mexicanguitarplayers.com\/en\/tienda\/sin categor\u00eda\/guitarra-washburn-e-acustica-mod-g7sce\/","og_locale":"en_US","og_type":"article","og_title":"GUITARRA WASHBURN E\/ACUSTICA MOD.G7SCE - Mexican Guitar Players","og_description":"Guitarra electroac\u00fastica Grand Auditorium con resaque, tapa de abeto s\u00f3lido, aros y fondo de caoba, refuerzo festoneado de abeto de Sitka aserrado en cuartos, roseta Washburn Heritage, terminado brillante, brazo de caoba satinada, diapas\u00f3n de ovangkol, alma de 2 v\u00edas, 20 trastes, incrustaciones de puntos, cejuela de ABS, escala: 25-1\/2, hardware cromado, puente de ovangkol, afinadores cromados diecast, controles: volumen, afinador integrado, Bass\/Treble\/Phase, preamp Barcus-Berry EQ4T, cuerdas D'Addario EXP-16 light set phospher bronze.","og_url":"https:\/\/www.mexicanguitarplayers.com\/en\/tienda\/sin categor\u00eda\/guitarra-washburn-e-acustica-mod-g7sce\/","og_site_name":"Mexican Guitar Players","article_modified_time":"2026-05-01T13:18:48+00:00","twitter_card":"summary_large_image","twitter_misc":{"Est. reading time":"2 minutes"},"schema":{"@context":"https:\/\/schema.org","@graph":[{"@type":["WebPage","ItemPage"],"@id":"https:\/\/www.mexicanguitarplayers.com\/tienda\/sin categor\u00eda\/guitarra-washburn-e-acustica-mod-g7sce\/","url":"https:\/\/www.mexicanguitarplayers.com\/tienda\/sin categor\u00eda\/guitarra-washburn-e-acustica-mod-g7sce\/","name":"GUITARRA WASHBURN E\/ACUSTICA MOD.G7SCE - Mexican Guitar Players","isPartOf":{"@id":"https:\/\/www.mexicanguitarplayers.com\/#website"},"primaryImageOfPage":{"@id":"https:\/\/www.mexicanguitarplayers.com\/tienda\/sin categor\u00eda\/guitarra-washburn-e-acustica-mod-g7sce\/#primaryimage"},"image":{"@id":"https:\/\/www.mexicanguitarplayers.com\/tienda\/sin categor\u00eda\/guitarra-washburn-e-acustica-mod-g7sce\/#primaryimage"},"thumbnailUrl":"https:\/\/www.mexicanguitarplayers.com\/wp-content\/uploads\/2025\/04\/ISWASG7SCE.jpg","datePublished":"2025-04-09T12:10:16+00:00","dateModified":"2026-05-01T13:18:48+00:00","description":"Guitarra electroac\u00fastica Grand Auditorium con resaque, tapa de abeto s\u00f3lido, aros y fondo de caoba, refuerzo festoneado de abeto de Sitka aserrado en cuartos, roseta Washburn Heritage, terminado brillante, brazo de caoba satinada, diapas\u00f3n de ovangkol, alma de 2 v\u00edas, 20 trastes, incrustaciones de puntos, cejuela de ABS, escala: 25-1\/2, hardware cromado, puente de ovangkol, afinadores cromados diecast, controles: volumen, afinador integrado, Bass\/Treble\/Phase, preamp Barcus-Berry EQ4T, cuerdas D'Addario EXP-16 light set phospher bronze.","breadcrumb":{"@id":"https:\/\/www.mexicanguitarplayers.com\/tienda\/sin categor\u00eda\/guitarra-washburn-e-acustica-mod-g7sce\/#breadcrumb"},"inLanguage":"en-US","potentialAction":[{"@type":"ReadAction","target":["https:\/\/www.mexicanguitarplayers.com\/tienda\/sin categor\u00eda\/guitarra-washburn-e-acustica-mod-g7sce\/"]}]},{"@type":"ImageObject","inLanguage":"en-US","@id":"https:\/\/www.mexicanguitarplayers.com\/tienda\/sin categor\u00eda\/guitarra-washburn-e-acustica-mod-g7sce\/#primaryimage","url":"https:\/\/www.mexicanguitarplayers.com\/wp-content\/uploads\/2025\/04\/ISWASG7SCE.jpg","contentUrl":"https:\/\/www.mexicanguitarplayers.com\/wp-content\/uploads\/2025\/04\/ISWASG7SCE.jpg","width":800,"height":1600},{"@type":"BreadcrumbList","@id":"https:\/\/www.mexicanguitarplayers.com\/tienda\/sin categor\u00eda\/guitarra-washburn-e-acustica-mod-g7sce\/#breadcrumb","itemListElement":[{"@type":"ListItem","position":1,"name":"Portada","item":"https:\/\/www.mexicanguitarplayers.com\/"},{"@type":"ListItem","position":2,"name":"Tienda","item":"https:\/\/www.mexicanguitarplayers.com\/tienda\/"},{"@type":"ListItem","position":3,"name":"GUITARRA WASHBURN E\/ACUSTICA MOD.G7SCE"}]},{"@type":"WebSite","@id":"https:\/\/www.mexicanguitarplayers.com\/#website","url":"https:\/\/www.mexicanguitarplayers.com\/","name":"Mexican Guitar Players","description":"Website","publisher":{"@id":"https:\/\/www.mexicanguitarplayers.com\/#organization"},"potentialAction":[{"@type":"SearchAction","target":{"@type":"EntryPoint","urlTemplate":"https:\/\/www.mexicanguitarplayers.com\/?s={search_term_string}"},"query-input":{"@type":"PropertyValueSpecification","valueRequired":true,"valueName":"search_term_string"}}],"inLanguage":"en-US"},{"@type":"Organization","@id":"https:\/\/www.mexicanguitarplayers.com\/#organization","name":"Mexican Guitar Players","url":"https:\/\/www.mexicanguitarplayers.com\/","logo":{"@type":"ImageObject","inLanguage":"en-US","@id":"https:\/\/www.mexicanguitarplayers.com\/#\/schema\/logo\/image\/","url":"","contentUrl":"","caption":"Mexican Guitar Players"},"image":{"@id":"https:\/\/www.mexicanguitarplayers.com\/#\/schema\/logo\/image\/"}}]}},"brands":[{"id":178,"name":"WASHBURN","slug":"washburn"}],"_links":{"self":[{"href":"https:\/\/www.mexicanguitarplayers.com\/en\/wp-json\/wp\/v2\/product\/38502","targetHints":{"allow":["GET"]}}],"collection":[{"href":"https:\/\/www.mexicanguitarplayers.com\/en\/wp-json\/wp\/v2\/product"}],"about":[{"href":"https:\/\/www.mexicanguitarplayers.com\/en\/wp-json\/wp\/v2\/types\/product"}],"replies":[{"embeddable":true,"href":"https:\/\/www.mexicanguitarplayers.com\/en\/wp-json\/wp\/v2\/comments?post=38502"}],"wp:featuredmedia":[{"embeddable":true,"href":"https:\/\/www.mexicanguitarplayers.com\/en\/wp-json\/wp\/v2\/media\/38498"}],"wp:attachment":[{"href":"https:\/\/www.mexicanguitarplayers.com\/en\/wp-json\/wp\/v2\/media?parent=38502"}],"wp:term":[{"taxonomy":"pwb-brand","embeddable":true,"href":"https:\/\/www.mexicanguitarplayers.com\/en\/wp-json\/wp\/v2\/pwb-brand?post=38502"},{"taxonomy":"product_brand","embeddable":true,"href":"https:\/\/www.mexicanguitarplayers.com\/en\/wp-json\/wp\/v2\/product_brand?post=38502"},{"taxonomy":"product_cat","embeddable":true,"href":"https:\/\/www.mexicanguitarplayers.com\/en\/wp-json\/wp\/v2\/product_cat?post=38502"},{"taxonomy":"product_tag","embeddable":true,"href":"https:\/\/www.mexicanguitarplayers.com\/en\/wp-json\/wp\/v2\/product_tag?post=38502"}],"curies":[{"name":"wp","href":"https:\/\/api.w.org\/{rel}","templated":true}]}}