{"id":38507,"date":"2025-04-09T06:10:23","date_gmt":"2025-04-09T12:10:23","guid":{"rendered":"https:\/\/www.mexicanguitarplayers.com\/tienda\/sin categor\u00eda\/bajo-spector-electrico-ns-ethos-5\/"},"modified":"2026-03-03T01:16:05","modified_gmt":"2026-03-03T07:16:05","slug":"bajo-spector-electrico-ns-ethos-5","status":"publish","type":"product","link":"https:\/\/www.mexicanguitarplayers.com\/en\/tienda\/cuerdas\/bajos\/electricos\/electricos-activos\/bajo-spector-electrico-ns-ethos-5\/","title":{"rendered":"BAJO SPECTOR ELECTRICO NS ETHOS 5"},"content":{"rendered":"<div style=\"text-align: justify\">\n<div>\n<h3>Una nueva y poderosa gama.<\/h3>\n<\/div>\n<div>La gama NS Ethos de Spector celebra el legado ic\u00f3nico de la marca al mismo tiempo que incorpora caracter\u00edsticas nuevas que son importantes para el bajista moderno. El ic\u00f3nico cuerpo curvo est\u00e1 tallado en maple macizo y est\u00e1 adornado con una tapa de poplar burl figurado. El brazo de maple de 3 piezas presenta un diapas\u00f3n de palisandro de 24 trastes, adornado con una incrustaci\u00f3n del logotipo de Spector personalizado en el traste 12. Cuando se trata de electr\u00f3nicos, el NS Ethos emplea las pastillas Premium Aguilar y el preamplificador Activo OBP-2 para una amplia gama de tonos musicales y utilizables. Los bajos NS Ethos est\u00e1n disponibles en dos terminados distintos incluidos Intersterllar y Super Faded Black. Estos llamativos terminados de alto brillo est\u00e1n inspirados en nuestros instrumentos de la serie USA y brindan un nivel adicional de sofisticaci\u00f3n a estos instrumentos.<\/div>\n<div>\n<h4>Quick look<\/h4>\n<\/div>\n<ul style=\"margin: 0px 0px 0px 25px\">\n<li style=\"list-style-type: circle;margin: 5px\">Top.<\/li>\n<li style=\"list-style-type: circle;margin: 5px\">Cuerpo.<\/li>\n<li style=\"list-style-type: circle;margin: 5px\">Arm.<\/li>\n<li style=\"list-style-type: circle;margin: 5px\">Diapason.<\/li>\n<li style=\"list-style-type: circle;margin: 5px\">Frets<\/li>\n<li style=\"list-style-type: circle;margin: 5px\">Scale.<\/li>\n<li style=\"list-style-type: circle;margin: 5px\">Nut.<\/li>\n<li style=\"list-style-type: circle;margin: 5px\">Ancho de la cejuela.<\/li>\n<li style=\"list-style-type: circle;margin: 5px\">Scale.<\/li>\n<li style=\"list-style-type: circle;margin: 5px\">Controls<\/li>\n<li style=\"list-style-type: circle;margin: 5px\">Pastillas.<\/li>\n<li style=\"list-style-type: circle;margin: 5px\">Configuraci\u00f3n de pastillas.<\/li>\n<li style=\"list-style-type: circle;margin: 5px\">Sistema de preamp.<\/li>\n<li style=\"list-style-type: circle;margin: 5px\">Hardware.<\/li>\n<li style=\"list-style-type: circle;margin: 5px\">Bridge.<\/li>\n<li style=\"list-style-type: circle;margin: 5px\">Machinery.<\/li>\n<li style=\"list-style-type: circle;margin: 5px\">Strings<\/li>\n<li style=\"list-style-type: circle;margin: 5px\">Espaciado de cuerdas en el puente.<\/li>\n<\/ul>\n<div>\n<div style=\"font-weight: bold\">Top.<\/div>\n<div>\n<p>Poplar Burl.<\/p>\n<\/div>\n<div style=\"font-weight: bold\">Cuerpo.<\/div>\n<div>\n<p>Maple.<\/p>\n<\/div>\n<div style=\"font-weight: bold\">Arm.<\/div>\n<div>\n<p>Neck-thru de 3 piezas de maple.<\/p>\n<\/div>\n<div style=\"font-weight: bold\">Diapason.<\/div>\n<div>\n<p>Rosewood.<\/p>\n<\/div>\n<div style=\"font-weight: bold\">Frets<\/div>\n<div>\n<p>24.<\/p>\n<\/div>\n<div style=\"font-weight: bold\">Scale.<\/div>\n<div>\n<p>Puntos, incrustaci\u00f3n de logotipo de Spector en el traste 12 y puntos luminlay laterales.<\/p>\n<\/div>\n<div style=\"font-weight: bold\">Nut.<\/div>\n<div>\n<p>Grafito.<\/p>\n<\/div>\n<div style=\"font-weight: bold\">Ancho de la cejuela.<\/div>\n<div>\n<p>1.75&#8243;.<\/p>\n<\/div>\n<div style=\"font-weight: bold\">Scale.<\/div>\n<div>\n<p>35&#8243;.<\/p>\n<\/div>\n<div style=\"font-weight: bold\">Controls<\/div>\n<div>\n<p>Volumen de puente, volumen de brazo, Bass Cut\/Boost, Treble Cut\/Boost.<\/p>\n<\/div>\n<div style=\"font-weight: bold\">Pastillas.<\/div>\n<div>\n<p>Puente: Aguilar DCB G4. Brazo: Aguilar DCB G4.<\/p>\n<\/div>\n<div style=\"font-weight: bold\">Configuraci\u00f3n de pastillas.<\/div>\n<div>\n<p>2 Humbuckers.<\/p>\n<\/div>\n<div style=\"font-weight: bold\">Sistema de preamp.<\/div>\n<div>\n<p>Aguilar OBP-2.<\/p>\n<\/div>\n<div style=\"font-weight: bold\">Hardware.<\/div>\n<div>\n<p>Black.<\/p>\n<\/div>\n<div style=\"font-weight: bold\">Bridge.<\/div>\n<div>\n<p>Hi-Mass Locking con tornillos de afinaci\u00f3n.<\/p>\n<\/div>\n<div style=\"font-weight: bold\">Machinery.<\/div>\n<div>\n<p>Sellada Die-Cast.<\/p>\n<\/div>\n<div style=\"font-weight: bold\">Strings<\/div>\n<div>\n<p>N\u00edquel.<\/p>\n<\/div>\n<div style=\"font-weight: bold\">Espaciado de cuerdas en el puente.<\/div>\n<div>\n<p>0.66&#8243;.<\/p>\n<\/div>\n<\/div>\n<\/div>","protected":false},"excerpt":{"rendered":"<p>Bajo el\u00e9ctrico activo de 5 cuerdas, serie Ethos 5, tapa de poplar burl, cuerpo de maple, brazo de tres piezas de maple neck-thru, diapas\u00f3n de palo de rosa, 24 trastes, incrustaciones de logotipo de Spector en el traste 12 y puntos laterales Luminlay, cejuela de grafito de 1.75\u201d de ancho, escala: 35\u201d,  pastilla del puente: Aguilar DCB G4, pastilla del brazo: Aguilar DCB G4, configuraci\u00f3n 2 humbuckers, controles: volumen de puente, volumen de brazo, Bass Cut \/ Boost, Treble Cut \/ Boost, sistema de preamp: Aguilar OBP-2, hardware negro, puente: Hi-Mass Locking Bridge con tornillos de afinaci\u00f3n, afinadores: sellados die-cast, cuerdas de n\u00edquel, espaciado de las cuerdas en el puente: .66\u201d.&hellip; <a class=\"kt-excerpt-readmore more-link\" href=\"https:\/\/www.mexicanguitarplayers.com\/en\/tienda\/cuerdas\/bajos\/electricos\/electricos-activos\/bajo-spector-electrico-ns-ethos-5\/\">Read more<\/a><\/p>","protected":false},"featured_media":38503,"comment_status":"open","ping_status":"closed","template":"","meta":{"kt_blocks_editor_width":""},"pwb-brand":[374],"product_brand":[],"product_cat":[317,224,318,326],"product_tag":[],"class_list":{"0":"post-38507","1":"product","2":"type-product","3":"status-publish","4":"has-post-thumbnail","6":"pwb-brand-spector","7":"product_cat-bajos","8":"product_cat-cuerdas","9":"product_cat-electricos","10":"product_cat-electricos-activos","11":"product_shipping_class-5-10-kg","13":"first","14":"outofstock","15":"taxable","16":"shipping-taxable","17":"purchasable","18":"product-type-simple"},"yoast_head":"<!-- This site is optimized with the Yoast SEO plugin v27.5 - https:\/\/yoast.com\/product\/yoast-seo-wordpress\/ -->\n<title>BAJO SPECTOR ELECTRICO NS ETHOS 5 - Mexican Guitar Players<\/title>\n<meta name=\"description\" content=\"Bajo el\u00e9ctrico activo de 5 cuerdas, serie Ethos 5, tapa de poplar burl, cuerpo de maple, brazo de tres piezas de maple neck-thru, diapas\u00f3n de palo de rosa, 24 trastes, incrustaciones de logotipo de Spector en el traste 12 y puntos laterales Luminlay, cejuela de grafito de 1.75\u201d de ancho, escala: 35\u201d, pastilla del puente: Aguilar DCB G4, pastilla del brazo: Aguilar DCB G4, configuraci\u00f3n 2 humbuckers, controles: volumen de puente, volumen de brazo, Bass Cut \/ Boost, Treble Cut \/ Boost, sistema de preamp: Aguilar OBP-2, hardware negro, puente: Hi-Mass Locking Bridge con tornillos de afinaci\u00f3n, afinadores: sellados die-cast, cuerdas de n\u00edquel, espaciado de las cuerdas en el puente: .66\u201d.\" \/>\n<meta name=\"robots\" content=\"index, follow, max-snippet:-1, max-image-preview:large, max-video-preview:-1\" \/>\n<link rel=\"canonical\" href=\"https:\/\/www.mexicanguitarplayers.com\/en\/tienda\/sin%20categor\u00eda\/bajo-spector-electrico-ns-ethos-5\/\" \/>\n<meta property=\"og:locale\" content=\"en_US\" \/>\n<meta property=\"og:type\" content=\"article\" \/>\n<meta property=\"og:title\" content=\"BAJO SPECTOR ELECTRICO NS ETHOS 5 - Mexican Guitar Players\" \/>\n<meta property=\"og:description\" content=\"Bajo el\u00e9ctrico activo de 5 cuerdas, serie Ethos 5, tapa de poplar burl, cuerpo de maple, brazo de tres piezas de maple neck-thru, diapas\u00f3n de palo de rosa, 24 trastes, incrustaciones de logotipo de Spector en el traste 12 y puntos laterales Luminlay, cejuela de grafito de 1.75\u201d de ancho, escala: 35\u201d, pastilla del puente: Aguilar DCB G4, pastilla del brazo: Aguilar DCB G4, configuraci\u00f3n 2 humbuckers, controles: volumen de puente, volumen de brazo, Bass Cut \/ Boost, Treble Cut \/ Boost, sistema de preamp: Aguilar OBP-2, hardware negro, puente: Hi-Mass Locking Bridge con tornillos de afinaci\u00f3n, afinadores: sellados die-cast, cuerdas de n\u00edquel, espaciado de las cuerdas en el puente: .66\u201d.\" \/>\n<meta property=\"og:url\" content=\"https:\/\/www.mexicanguitarplayers.com\/en\/tienda\/sin categor\u00eda\/bajo-spector-electrico-ns-ethos-5\/\" \/>\n<meta property=\"og:site_name\" content=\"Mexican Guitar Players\" \/>\n<meta property=\"article:modified_time\" content=\"2026-03-03T07:16:05+00:00\" \/>\n<meta name=\"twitter:card\" content=\"summary_large_image\" \/>\n<meta name=\"twitter:label1\" content=\"Est. reading time\" \/>\n\t<meta name=\"twitter:data1\" content=\"1 minute\" \/>\n<script type=\"application\/ld+json\" class=\"yoast-schema-graph\">{\"@context\":\"https:\\\/\\\/schema.org\",\"@graph\":[{\"@type\":[\"WebPage\",\"ItemPage\"],\"@id\":\"https:\\\/\\\/www.mexicanguitarplayers.com\\\/tienda\\\/sin categor\u00eda\\\/bajo-spector-electrico-ns-ethos-5\\\/\",\"url\":\"https:\\\/\\\/www.mexicanguitarplayers.com\\\/tienda\\\/sin categor\u00eda\\\/bajo-spector-electrico-ns-ethos-5\\\/\",\"name\":\"BAJO SPECTOR ELECTRICO NS ETHOS 5 - Mexican Guitar Players\",\"isPartOf\":{\"@id\":\"https:\\\/\\\/www.mexicanguitarplayers.com\\\/#website\"},\"primaryImageOfPage\":{\"@id\":\"https:\\\/\\\/www.mexicanguitarplayers.com\\\/tienda\\\/sin categor\u00eda\\\/bajo-spector-electrico-ns-ethos-5\\\/#primaryimage\"},\"image\":{\"@id\":\"https:\\\/\\\/www.mexicanguitarplayers.com\\\/tienda\\\/sin categor\u00eda\\\/bajo-spector-electrico-ns-ethos-5\\\/#primaryimage\"},\"thumbnailUrl\":\"https:\\\/\\\/www.mexicanguitarplayers.com\\\/wp-content\\\/uploads\\\/2025\\\/04\\\/ISSPTNSETHOS5.jpg\",\"datePublished\":\"2025-04-09T12:10:23+00:00\",\"dateModified\":\"2026-03-03T07:16:05+00:00\",\"description\":\"Bajo el\u00e9ctrico activo de 5 cuerdas, serie Ethos 5, tapa de poplar burl, cuerpo de maple, brazo de tres piezas de maple neck-thru, diapas\u00f3n de palo de rosa, 24 trastes, incrustaciones de logotipo de Spector en el traste 12 y puntos laterales Luminlay, cejuela de grafito de 1.75\u201d de ancho, escala: 35\u201d, pastilla del puente: Aguilar DCB G4, pastilla del brazo: Aguilar DCB G4, configuraci\u00f3n 2 humbuckers, controles: volumen de puente, volumen de brazo, Bass Cut \\\/ Boost, Treble Cut \\\/ Boost, sistema de preamp: Aguilar OBP-2, hardware negro, puente: Hi-Mass Locking Bridge con tornillos de afinaci\u00f3n, afinadores: sellados die-cast, cuerdas de n\u00edquel, espaciado de las cuerdas en el puente: .66\u201d.\",\"breadcrumb\":{\"@id\":\"https:\\\/\\\/www.mexicanguitarplayers.com\\\/tienda\\\/sin categor\u00eda\\\/bajo-spector-electrico-ns-ethos-5\\\/#breadcrumb\"},\"inLanguage\":\"en-US\",\"potentialAction\":[{\"@type\":\"ReadAction\",\"target\":[\"https:\\\/\\\/www.mexicanguitarplayers.com\\\/tienda\\\/sin categor\u00eda\\\/bajo-spector-electrico-ns-ethos-5\\\/\"]}]},{\"@type\":\"ImageObject\",\"inLanguage\":\"en-US\",\"@id\":\"https:\\\/\\\/www.mexicanguitarplayers.com\\\/tienda\\\/sin categor\u00eda\\\/bajo-spector-electrico-ns-ethos-5\\\/#primaryimage\",\"url\":\"https:\\\/\\\/www.mexicanguitarplayers.com\\\/wp-content\\\/uploads\\\/2025\\\/04\\\/ISSPTNSETHOS5.jpg\",\"contentUrl\":\"https:\\\/\\\/www.mexicanguitarplayers.com\\\/wp-content\\\/uploads\\\/2025\\\/04\\\/ISSPTNSETHOS5.jpg\",\"width\":800,\"height\":1600},{\"@type\":\"BreadcrumbList\",\"@id\":\"https:\\\/\\\/www.mexicanguitarplayers.com\\\/tienda\\\/sin categor\u00eda\\\/bajo-spector-electrico-ns-ethos-5\\\/#breadcrumb\",\"itemListElement\":[{\"@type\":\"ListItem\",\"position\":1,\"name\":\"Portada\",\"item\":\"https:\\\/\\\/www.mexicanguitarplayers.com\\\/\"},{\"@type\":\"ListItem\",\"position\":2,\"name\":\"Tienda\",\"item\":\"https:\\\/\\\/www.mexicanguitarplayers.com\\\/tienda\\\/\"},{\"@type\":\"ListItem\",\"position\":3,\"name\":\"BAJO SPECTOR ELECTRICO NS ETHOS 5\"}]},{\"@type\":\"WebSite\",\"@id\":\"https:\\\/\\\/www.mexicanguitarplayers.com\\\/#website\",\"url\":\"https:\\\/\\\/www.mexicanguitarplayers.com\\\/\",\"name\":\"Mexican Guitar Players\",\"description\":\"Website\",\"publisher\":{\"@id\":\"https:\\\/\\\/www.mexicanguitarplayers.com\\\/#organization\"},\"potentialAction\":[{\"@type\":\"SearchAction\",\"target\":{\"@type\":\"EntryPoint\",\"urlTemplate\":\"https:\\\/\\\/www.mexicanguitarplayers.com\\\/?s={search_term_string}\"},\"query-input\":{\"@type\":\"PropertyValueSpecification\",\"valueRequired\":true,\"valueName\":\"search_term_string\"}}],\"inLanguage\":\"en-US\"},{\"@type\":\"Organization\",\"@id\":\"https:\\\/\\\/www.mexicanguitarplayers.com\\\/#organization\",\"name\":\"Mexican Guitar Players\",\"url\":\"https:\\\/\\\/www.mexicanguitarplayers.com\\\/\",\"logo\":{\"@type\":\"ImageObject\",\"inLanguage\":\"en-US\",\"@id\":\"https:\\\/\\\/www.mexicanguitarplayers.com\\\/#\\\/schema\\\/logo\\\/image\\\/\",\"url\":\"\",\"contentUrl\":\"\",\"caption\":\"Mexican Guitar Players\"},\"image\":{\"@id\":\"https:\\\/\\\/www.mexicanguitarplayers.com\\\/#\\\/schema\\\/logo\\\/image\\\/\"}}]}<\/script>\n<!-- \/ Yoast SEO plugin. -->","yoast_head_json":{"title":"BAJO SPECTOR ELECTRICO NS ETHOS 5 - Mexican Guitar Players","description":"Bajo el\u00e9ctrico activo de 5 cuerdas, serie Ethos 5, tapa de poplar burl, cuerpo de maple, brazo de tres piezas de maple neck-thru, diapas\u00f3n de palo de rosa, 24 trastes, incrustaciones de logotipo de Spector en el traste 12 y puntos laterales Luminlay, cejuela de grafito de 1.75\u201d de ancho, escala: 35\u201d, pastilla del puente: Aguilar DCB G4, pastilla del brazo: Aguilar DCB G4, configuraci\u00f3n 2 humbuckers, controles: volumen de puente, volumen de brazo, Bass Cut \/ Boost, Treble Cut \/ Boost, sistema de preamp: Aguilar OBP-2, hardware negro, puente: Hi-Mass Locking Bridge con tornillos de afinaci\u00f3n, afinadores: sellados die-cast, cuerdas de n\u00edquel, espaciado de las cuerdas en el puente: .66\u201d.","robots":{"index":"index","follow":"follow","max-snippet":"max-snippet:-1","max-image-preview":"max-image-preview:large","max-video-preview":"max-video-preview:-1"},"canonical":"https:\/\/www.mexicanguitarplayers.com\/en\/tienda\/sin categor\u00eda\/bajo-spector-electrico-ns-ethos-5\/","og_locale":"en_US","og_type":"article","og_title":"BAJO SPECTOR ELECTRICO NS ETHOS 5 - Mexican Guitar Players","og_description":"Bajo el\u00e9ctrico activo de 5 cuerdas, serie Ethos 5, tapa de poplar burl, cuerpo de maple, brazo de tres piezas de maple neck-thru, diapas\u00f3n de palo de rosa, 24 trastes, incrustaciones de logotipo de Spector en el traste 12 y puntos laterales Luminlay, cejuela de grafito de 1.75\u201d de ancho, escala: 35\u201d, pastilla del puente: Aguilar DCB G4, pastilla del brazo: Aguilar DCB G4, configuraci\u00f3n 2 humbuckers, controles: volumen de puente, volumen de brazo, Bass Cut \/ Boost, Treble Cut \/ Boost, sistema de preamp: Aguilar OBP-2, hardware negro, puente: Hi-Mass Locking Bridge con tornillos de afinaci\u00f3n, afinadores: sellados die-cast, cuerdas de n\u00edquel, espaciado de las cuerdas en el puente: .66\u201d.","og_url":"https:\/\/www.mexicanguitarplayers.com\/en\/tienda\/sin categor\u00eda\/bajo-spector-electrico-ns-ethos-5\/","og_site_name":"Mexican Guitar Players","article_modified_time":"2026-03-03T07:16:05+00:00","twitter_card":"summary_large_image","twitter_misc":{"Est. reading time":"1 minute"},"schema":{"@context":"https:\/\/schema.org","@graph":[{"@type":["WebPage","ItemPage"],"@id":"https:\/\/www.mexicanguitarplayers.com\/tienda\/sin categor\u00eda\/bajo-spector-electrico-ns-ethos-5\/","url":"https:\/\/www.mexicanguitarplayers.com\/tienda\/sin categor\u00eda\/bajo-spector-electrico-ns-ethos-5\/","name":"BAJO SPECTOR ELECTRICO NS ETHOS 5 - Mexican Guitar Players","isPartOf":{"@id":"https:\/\/www.mexicanguitarplayers.com\/#website"},"primaryImageOfPage":{"@id":"https:\/\/www.mexicanguitarplayers.com\/tienda\/sin categor\u00eda\/bajo-spector-electrico-ns-ethos-5\/#primaryimage"},"image":{"@id":"https:\/\/www.mexicanguitarplayers.com\/tienda\/sin categor\u00eda\/bajo-spector-electrico-ns-ethos-5\/#primaryimage"},"thumbnailUrl":"https:\/\/www.mexicanguitarplayers.com\/wp-content\/uploads\/2025\/04\/ISSPTNSETHOS5.jpg","datePublished":"2025-04-09T12:10:23+00:00","dateModified":"2026-03-03T07:16:05+00:00","description":"Bajo el\u00e9ctrico activo de 5 cuerdas, serie Ethos 5, tapa de poplar burl, cuerpo de maple, brazo de tres piezas de maple neck-thru, diapas\u00f3n de palo de rosa, 24 trastes, incrustaciones de logotipo de Spector en el traste 12 y puntos laterales Luminlay, cejuela de grafito de 1.75\u201d de ancho, escala: 35\u201d, pastilla del puente: Aguilar DCB G4, pastilla del brazo: Aguilar DCB G4, configuraci\u00f3n 2 humbuckers, controles: volumen de puente, volumen de brazo, Bass Cut \/ Boost, Treble Cut \/ Boost, sistema de preamp: Aguilar OBP-2, hardware negro, puente: Hi-Mass Locking Bridge con tornillos de afinaci\u00f3n, afinadores: sellados die-cast, cuerdas de n\u00edquel, espaciado de las cuerdas en el puente: .66\u201d.","breadcrumb":{"@id":"https:\/\/www.mexicanguitarplayers.com\/tienda\/sin categor\u00eda\/bajo-spector-electrico-ns-ethos-5\/#breadcrumb"},"inLanguage":"en-US","potentialAction":[{"@type":"ReadAction","target":["https:\/\/www.mexicanguitarplayers.com\/tienda\/sin categor\u00eda\/bajo-spector-electrico-ns-ethos-5\/"]}]},{"@type":"ImageObject","inLanguage":"en-US","@id":"https:\/\/www.mexicanguitarplayers.com\/tienda\/sin categor\u00eda\/bajo-spector-electrico-ns-ethos-5\/#primaryimage","url":"https:\/\/www.mexicanguitarplayers.com\/wp-content\/uploads\/2025\/04\/ISSPTNSETHOS5.jpg","contentUrl":"https:\/\/www.mexicanguitarplayers.com\/wp-content\/uploads\/2025\/04\/ISSPTNSETHOS5.jpg","width":800,"height":1600},{"@type":"BreadcrumbList","@id":"https:\/\/www.mexicanguitarplayers.com\/tienda\/sin categor\u00eda\/bajo-spector-electrico-ns-ethos-5\/#breadcrumb","itemListElement":[{"@type":"ListItem","position":1,"name":"Portada","item":"https:\/\/www.mexicanguitarplayers.com\/"},{"@type":"ListItem","position":2,"name":"Tienda","item":"https:\/\/www.mexicanguitarplayers.com\/tienda\/"},{"@type":"ListItem","position":3,"name":"BAJO SPECTOR ELECTRICO NS ETHOS 5"}]},{"@type":"WebSite","@id":"https:\/\/www.mexicanguitarplayers.com\/#website","url":"https:\/\/www.mexicanguitarplayers.com\/","name":"Mexican Guitar Players","description":"Website","publisher":{"@id":"https:\/\/www.mexicanguitarplayers.com\/#organization"},"potentialAction":[{"@type":"SearchAction","target":{"@type":"EntryPoint","urlTemplate":"https:\/\/www.mexicanguitarplayers.com\/?s={search_term_string}"},"query-input":{"@type":"PropertyValueSpecification","valueRequired":true,"valueName":"search_term_string"}}],"inLanguage":"en-US"},{"@type":"Organization","@id":"https:\/\/www.mexicanguitarplayers.com\/#organization","name":"Mexican Guitar Players","url":"https:\/\/www.mexicanguitarplayers.com\/","logo":{"@type":"ImageObject","inLanguage":"en-US","@id":"https:\/\/www.mexicanguitarplayers.com\/#\/schema\/logo\/image\/","url":"","contentUrl":"","caption":"Mexican Guitar Players"},"image":{"@id":"https:\/\/www.mexicanguitarplayers.com\/#\/schema\/logo\/image\/"}}]}},"brands":[{"id":374,"name":"SPECTOR","slug":"spector"}],"_links":{"self":[{"href":"https:\/\/www.mexicanguitarplayers.com\/en\/wp-json\/wp\/v2\/product\/38507","targetHints":{"allow":["GET"]}}],"collection":[{"href":"https:\/\/www.mexicanguitarplayers.com\/en\/wp-json\/wp\/v2\/product"}],"about":[{"href":"https:\/\/www.mexicanguitarplayers.com\/en\/wp-json\/wp\/v2\/types\/product"}],"replies":[{"embeddable":true,"href":"https:\/\/www.mexicanguitarplayers.com\/en\/wp-json\/wp\/v2\/comments?post=38507"}],"wp:featuredmedia":[{"embeddable":true,"href":"https:\/\/www.mexicanguitarplayers.com\/en\/wp-json\/wp\/v2\/media\/38503"}],"wp:attachment":[{"href":"https:\/\/www.mexicanguitarplayers.com\/en\/wp-json\/wp\/v2\/media?parent=38507"}],"wp:term":[{"taxonomy":"pwb-brand","embeddable":true,"href":"https:\/\/www.mexicanguitarplayers.com\/en\/wp-json\/wp\/v2\/pwb-brand?post=38507"},{"taxonomy":"product_brand","embeddable":true,"href":"https:\/\/www.mexicanguitarplayers.com\/en\/wp-json\/wp\/v2\/product_brand?post=38507"},{"taxonomy":"product_cat","embeddable":true,"href":"https:\/\/www.mexicanguitarplayers.com\/en\/wp-json\/wp\/v2\/product_cat?post=38507"},{"taxonomy":"product_tag","embeddable":true,"href":"https:\/\/www.mexicanguitarplayers.com\/en\/wp-json\/wp\/v2\/product_tag?post=38507"}],"curies":[{"name":"wp","href":"https:\/\/api.w.org\/{rel}","templated":true}]}}