{"id":38512,"date":"2025-04-09T06:10:30","date_gmt":"2025-04-09T12:10:30","guid":{"rendered":"https:\/\/www.mexicanguitarplayers.com\/tienda\/sin categor\u00eda\/pedal-t-c-p-guitarra-hall-of-fame-2-x4\/"},"modified":"2026-05-01T07:18:47","modified_gmt":"2026-05-01T13:18:47","slug":"pedal-t-c-p-guitarra-hall-of-fame-2-x4","status":"publish","type":"product","link":"https:\/\/www.mexicanguitarplayers.com\/en\/tienda\/cuerdas\/efectos\/efectos-individuales\/pedal-t-c-p-guitarra-hall-of-fame-2-x4\/","title":{"rendered":"PEDAL TC FOR GUITAR HALL OF FAME 2 X4"},"content":{"rendered":"<div style=\"text-align: justify\">\n<div>\n<h3>Expand your notion of reverb.<\/h3>\n<\/div>\n<div>C\u00f3mo obtener demasiado reverb? Pregunta capciosa. Nunca es demasiado. Con una gran cantidad de algoritmos de calidad de estudio al tocar y 4 botones prestablecidos que se duplican como interruptores de televisi\u00f3n MASH, HALL OF FAME 2 x4 REVER es lo \u00faltimo en potencia ambiental. Desde peque\u00f1os reflejos de azulejos en el ba\u00f1o y reverberaciones terrosas y cavernosas hasta un ambiente gigantesco y atmosf\u00e9rico, HALL OF FAME 2X4 REVERB lo tiene todo y m\u00e1s. Con 10 preajustes \u00fanicos de reverb de nivel profesional que incluyen el legendario algoritmo Hall de TC y nuestro algoritmo Shimmer de otro mundo, que utiliza nuestro algoritmo patentado de octava polif\u00f3nica de SUB &#8216;N&#8217; UO, hay algo para cada situaci\u00f3n. 4 veces el poder del MASHing. Con un cuarteto de nuestros galardonados interruptores MASH integrados, HALL  OF FAME 2&#215;4 REVERB establece el est\u00e1ndar para los efectos de reverb expresivos. Adem\u00e1s de alternar entre 4 tonos verbales diferentes, cada interruptor MAH puede manejar hasta 3 par\u00e1metros de efectos, reaccionando a lo fuerte que presiones el interruptor de pie. Tu b\u00f3veda privada en el banco de reverbs. Es bueno tener 4 pedales prestablecidos a tu disposici\u00f3n, pero si realmente te est\u00e1s metiendo en m\u00fasica cargada de reverb, tambi\u00e9n podr\u00e1s entrar y duplicar las apuestas. Los dos bancos predefinidos de HALL OF FAME 2&#215;4 REVERB te permiten pista un nuevo set de reverbs, con un total de 8 preajustes diferentes f\u00e1cilmente accesibles. Esto deber\u00eda ser suficiente para pasar la primera mitad de tu set. Fiel al tono. Te encanta el tono, a nosotros tambi\u00e9n y nuestra filosof\u00eda de dise\u00f1o lo atestigua. Entonces sea cual sea la ruta que quieras tomar, te respaldamos. Con margen optimizado, True Bypass o switch Buffered Bypass y Kill-Dry on\/off, este pedal garantiza una integridad tonal \u00f3ptima y cero p\u00e9rdidas de tono. Y no importa si el pedal est\u00e1 activado o desactivado, su preciado sonido seco siempre pasa a trav\u00e9s del pedal ileso en toda su gloria anal\u00f3gica pura debido a un Analog-Dry-Through.<\/div>\n<div>\n<h4>Quick look<\/h4>\n<\/div>\n<ul style=\"margin: 0px 0px 0px 25px\">\n<li style=\"list-style-type: circle;margin: 5px\">Connectors.<\/li>\n<li style=\"list-style-type: circle;margin: 5px\">Energy.<\/li>\n<li style=\"list-style-type: circle;margin: 5px\">Dimensions.<\/li>\n<li style=\"list-style-type: circle;margin: 5px\">Weight.<\/li>\n<\/ul>\n<div>\n<div style=\"font-weight: bold\">Connectors.<\/div>\n<div>\n<p>2 unbalanced TS 1\/4 \u2033 inputs with = 1 milli-ohm impedance. 2 unbalanced TS 1\/4 \u2033 outputs with 100 ohms impedance. Expression pedal input with 1\/4 \u2033 TRS connector. Mini-B USB port for firmware updates and TonePrint app. 5 ft DIN MIDI In \/ Thru connector. Bypass mode: True bypass (selectable buffered bypass).<\/p>\n<\/div>\n<div style=\"font-weight: bold\">Energy.<\/div>\n<div>\n<p>Standard connector 5.5 \/ 2.1 mm DC, center negative, 9 V, = 300 mA (included).<\/p>\n<\/div>\n<div style=\"font-weight: bold\">Dimensions.<\/div>\n<div>\n<p>56 x 235 x 145 mm.<\/p>\n<\/div>\n<div style=\"font-weight: bold\">Weight.<\/div>\n<div>\n<p>1.3 kg.<\/p>\n<\/div>\n<\/div>\n<\/div>","protected":false},"excerpt":{"rendered":"<p>Procesador reverb ampliado con 4 switches MASH para alternar entre sonidos reverb al instante, shimmer reverb que utiliza el algoritmo SUB &#8216;N&#8217; UP OCTAVER para sonidos de otro mundo y 8 preajustes de reverb, 10 tipos de reverb de alta calidad m\u00e1s 6 ranuras TonePrint que te permiten almacenar efectos y artistas TonePrint, perilla pre-delay para ajustar el tiempo de respuesta de reverb, los pedales MASH te brindas un potente control de par\u00e1metros en tiempo real con efectos espec\u00edficos, 4 footwitches sensibles a la presi\u00f3n para un completo control del ambiente,  funciona perfectamente con se\u00f1ales de nivel de guitarra y loop de FX, el pedal de expresi\u00f3n y las entradas MIDI te permiten controlar par\u00e1metros y cambiar preselecciones de forma remota, entradas y salidas mono est\u00e9reo que brindan una versatilidad \u00f3ptima, Analog-Dry-Through para mantener la integridad de la ruta de se\u00f1al seca anal\u00f3gica incluso cuando la reverb est\u00e9 activada, dimensiones: 56 x 235 x 145 mm, peso: 1.3 kg.&hellip; <a class=\"kt-excerpt-readmore more-link\" href=\"https:\/\/www.mexicanguitarplayers.com\/en\/tienda\/cuerdas\/efectos\/efectos-individuales\/pedal-t-c-p-guitarra-hall-of-fame-2-x4\/\">Read more<\/a><\/p>","protected":false},"featured_media":38508,"comment_status":"open","ping_status":"closed","template":"","meta":{"kt_blocks_editor_width":""},"pwb-brand":[170],"product_brand":[],"product_cat":[224,241,504],"product_tag":[],"class_list":{"0":"post-38512","1":"product","2":"type-product","3":"status-publish","4":"has-post-thumbnail","6":"pwb-brand-tc-electronic","7":"product_cat-cuerdas","8":"product_cat-efectos","9":"product_cat-efectos-individuales","10":"product_shipping_class-0-5-kg","12":"first","13":"instock","14":"taxable","15":"shipping-taxable","16":"purchasable","17":"product-type-simple"},"yoast_head":"<!-- This site is optimized with the Yoast SEO plugin v27.6 - https:\/\/yoast.com\/product\/yoast-seo-wordpress\/ -->\n<title>PEDAL T.C. P\/GUITARRA HALL OF FAME 2 X4 - Mexican Guitar Players<\/title>\n<meta name=\"description\" content=\"Procesador reverb ampliado con 4 switches MASH para alternar entre sonidos reverb al instante, shimmer reverb que utiliza el algoritmo SUB &#039;N&#039; UP OCTAVER para sonidos de otro mundo y 8 preajustes de reverb, 10 tipos de reverb de alta calidad m\u00e1s 6 ranuras TonePrint que te permiten almacenar efectos y artistas TonePrint, perilla pre-delay para ajustar el tiempo de respuesta de reverb, los pedales MASH te brindas un potente control de par\u00e1metros en tiempo real con efectos espec\u00edficos, 4 footwitches sensibles a la presi\u00f3n para un completo control del ambiente, funciona perfectamente con se\u00f1ales de nivel de guitarra y loop de FX, el pedal de expresi\u00f3n y las entradas MIDI te permiten controlar par\u00e1metros y cambiar preselecciones de forma remota, entradas y salidas mono est\u00e9reo que brindan una versatilidad \u00f3ptima, Analog-Dry-Through para mantener la integridad de la ruta de se\u00f1al seca anal\u00f3gica incluso cuando la reverb est\u00e9 activada, dimensiones: 56 x 235 x 145 mm, peso: 1.3 kg.\" \/>\n<meta name=\"robots\" content=\"index, follow, max-snippet:-1, max-image-preview:large, max-video-preview:-1\" \/>\n<link rel=\"canonical\" href=\"https:\/\/www.mexicanguitarplayers.com\/en\/tienda\/sin%20categor\u00eda\/pedal-t-c-p-guitarra-hall-of-fame-2-x4\/\" \/>\n<meta property=\"og:locale\" content=\"en_US\" \/>\n<meta property=\"og:type\" content=\"article\" \/>\n<meta property=\"og:title\" content=\"PEDAL T.C. P\/GUITARRA HALL OF FAME 2 X4 - Mexican Guitar Players\" \/>\n<meta property=\"og:description\" content=\"Procesador reverb ampliado con 4 switches MASH para alternar entre sonidos reverb al instante, shimmer reverb que utiliza el algoritmo SUB &#039;N&#039; UP OCTAVER para sonidos de otro mundo y 8 preajustes de reverb, 10 tipos de reverb de alta calidad m\u00e1s 6 ranuras TonePrint que te permiten almacenar efectos y artistas TonePrint, perilla pre-delay para ajustar el tiempo de respuesta de reverb, los pedales MASH te brindas un potente control de par\u00e1metros en tiempo real con efectos espec\u00edficos, 4 footwitches sensibles a la presi\u00f3n para un completo control del ambiente, funciona perfectamente con se\u00f1ales de nivel de guitarra y loop de FX, el pedal de expresi\u00f3n y las entradas MIDI te permiten controlar par\u00e1metros y cambiar preselecciones de forma remota, entradas y salidas mono est\u00e9reo que brindan una versatilidad \u00f3ptima, Analog-Dry-Through para mantener la integridad de la ruta de se\u00f1al seca anal\u00f3gica incluso cuando la reverb est\u00e9 activada, dimensiones: 56 x 235 x 145 mm, peso: 1.3 kg.\" \/>\n<meta property=\"og:url\" content=\"https:\/\/www.mexicanguitarplayers.com\/en\/tienda\/sin categor\u00eda\/pedal-t-c-p-guitarra-hall-of-fame-2-x4\/\" \/>\n<meta property=\"og:site_name\" content=\"Mexican Guitar Players\" \/>\n<meta property=\"article:modified_time\" content=\"2026-05-01T13:18:47+00:00\" \/>\n<meta name=\"twitter:card\" content=\"summary_large_image\" \/>\n<meta name=\"twitter:label1\" content=\"Est. reading time\" \/>\n\t<meta name=\"twitter:data1\" content=\"2 minutes\" \/>\n<script type=\"application\/ld+json\" class=\"yoast-schema-graph\">{\"@context\":\"https:\\\/\\\/schema.org\",\"@graph\":[{\"@type\":[\"WebPage\",\"ItemPage\"],\"@id\":\"https:\\\/\\\/www.mexicanguitarplayers.com\\\/tienda\\\/sin categor\u00eda\\\/pedal-t-c-p-guitarra-hall-of-fame-2-x4\\\/\",\"url\":\"https:\\\/\\\/www.mexicanguitarplayers.com\\\/tienda\\\/sin categor\u00eda\\\/pedal-t-c-p-guitarra-hall-of-fame-2-x4\\\/\",\"name\":\"PEDAL T.C. P\\\/GUITARRA HALL OF FAME 2 X4 - Mexican Guitar Players\",\"isPartOf\":{\"@id\":\"https:\\\/\\\/www.mexicanguitarplayers.com\\\/#website\"},\"primaryImageOfPage\":{\"@id\":\"https:\\\/\\\/www.mexicanguitarplayers.com\\\/tienda\\\/sin categor\u00eda\\\/pedal-t-c-p-guitarra-hall-of-fame-2-x4\\\/#primaryimage\"},\"image\":{\"@id\":\"https:\\\/\\\/www.mexicanguitarplayers.com\\\/tienda\\\/sin categor\u00eda\\\/pedal-t-c-p-guitarra-hall-of-fame-2-x4\\\/#primaryimage\"},\"thumbnailUrl\":\"https:\\\/\\\/www.mexicanguitarplayers.com\\\/wp-content\\\/uploads\\\/2025\\\/04\\\/VATCEHOF2X4RVB.jpg\",\"datePublished\":\"2025-04-09T12:10:30+00:00\",\"dateModified\":\"2026-05-01T13:18:47+00:00\",\"description\":\"Procesador reverb ampliado con 4 switches MASH para alternar entre sonidos reverb al instante, shimmer reverb que utiliza el algoritmo SUB 'N' UP OCTAVER para sonidos de otro mundo y 8 preajustes de reverb, 10 tipos de reverb de alta calidad m\u00e1s 6 ranuras TonePrint que te permiten almacenar efectos y artistas TonePrint, perilla pre-delay para ajustar el tiempo de respuesta de reverb, los pedales MASH te brindas un potente control de par\u00e1metros en tiempo real con efectos espec\u00edficos, 4 footwitches sensibles a la presi\u00f3n para un completo control del ambiente, funciona perfectamente con se\u00f1ales de nivel de guitarra y loop de FX, el pedal de expresi\u00f3n y las entradas MIDI te permiten controlar par\u00e1metros y cambiar preselecciones de forma remota, entradas y salidas mono est\u00e9reo que brindan una versatilidad \u00f3ptima, Analog-Dry-Through para mantener la integridad de la ruta de se\u00f1al seca anal\u00f3gica incluso cuando la reverb est\u00e9 activada, dimensiones: 56 x 235 x 145 mm, peso: 1.3 kg.\",\"breadcrumb\":{\"@id\":\"https:\\\/\\\/www.mexicanguitarplayers.com\\\/tienda\\\/sin categor\u00eda\\\/pedal-t-c-p-guitarra-hall-of-fame-2-x4\\\/#breadcrumb\"},\"inLanguage\":\"en-US\",\"potentialAction\":[{\"@type\":\"ReadAction\",\"target\":[\"https:\\\/\\\/www.mexicanguitarplayers.com\\\/tienda\\\/sin categor\u00eda\\\/pedal-t-c-p-guitarra-hall-of-fame-2-x4\\\/\"]}]},{\"@type\":\"ImageObject\",\"inLanguage\":\"en-US\",\"@id\":\"https:\\\/\\\/www.mexicanguitarplayers.com\\\/tienda\\\/sin categor\u00eda\\\/pedal-t-c-p-guitarra-hall-of-fame-2-x4\\\/#primaryimage\",\"url\":\"https:\\\/\\\/www.mexicanguitarplayers.com\\\/wp-content\\\/uploads\\\/2025\\\/04\\\/VATCEHOF2X4RVB.jpg\",\"contentUrl\":\"https:\\\/\\\/www.mexicanguitarplayers.com\\\/wp-content\\\/uploads\\\/2025\\\/04\\\/VATCEHOF2X4RVB.jpg\",\"width\":1200,\"height\":1200},{\"@type\":\"BreadcrumbList\",\"@id\":\"https:\\\/\\\/www.mexicanguitarplayers.com\\\/tienda\\\/sin categor\u00eda\\\/pedal-t-c-p-guitarra-hall-of-fame-2-x4\\\/#breadcrumb\",\"itemListElement\":[{\"@type\":\"ListItem\",\"position\":1,\"name\":\"Portada\",\"item\":\"https:\\\/\\\/www.mexicanguitarplayers.com\\\/\"},{\"@type\":\"ListItem\",\"position\":2,\"name\":\"Tienda\",\"item\":\"https:\\\/\\\/www.mexicanguitarplayers.com\\\/tienda\\\/\"},{\"@type\":\"ListItem\",\"position\":3,\"name\":\"PEDAL T.C. P\\\/GUITARRA HALL OF FAME 2 X4\"}]},{\"@type\":\"WebSite\",\"@id\":\"https:\\\/\\\/www.mexicanguitarplayers.com\\\/#website\",\"url\":\"https:\\\/\\\/www.mexicanguitarplayers.com\\\/\",\"name\":\"Mexican Guitar Players\",\"description\":\"Website\",\"publisher\":{\"@id\":\"https:\\\/\\\/www.mexicanguitarplayers.com\\\/#organization\"},\"potentialAction\":[{\"@type\":\"SearchAction\",\"target\":{\"@type\":\"EntryPoint\",\"urlTemplate\":\"https:\\\/\\\/www.mexicanguitarplayers.com\\\/?s={search_term_string}\"},\"query-input\":{\"@type\":\"PropertyValueSpecification\",\"valueRequired\":true,\"valueName\":\"search_term_string\"}}],\"inLanguage\":\"en-US\"},{\"@type\":\"Organization\",\"@id\":\"https:\\\/\\\/www.mexicanguitarplayers.com\\\/#organization\",\"name\":\"Mexican Guitar Players\",\"url\":\"https:\\\/\\\/www.mexicanguitarplayers.com\\\/\",\"logo\":{\"@type\":\"ImageObject\",\"inLanguage\":\"en-US\",\"@id\":\"https:\\\/\\\/www.mexicanguitarplayers.com\\\/#\\\/schema\\\/logo\\\/image\\\/\",\"url\":\"\",\"contentUrl\":\"\",\"caption\":\"Mexican Guitar Players\"},\"image\":{\"@id\":\"https:\\\/\\\/www.mexicanguitarplayers.com\\\/#\\\/schema\\\/logo\\\/image\\\/\"}}]}<\/script>\n<!-- \/ Yoast SEO plugin. -->","yoast_head_json":{"title":"PEDAL T.C. P\/GUITARRA HALL OF FAME 2 X4 - Mexican Guitar Players","description":"Procesador reverb ampliado con 4 switches MASH para alternar entre sonidos reverb al instante, shimmer reverb que utiliza el algoritmo SUB 'N' UP OCTAVER para sonidos de otro mundo y 8 preajustes de reverb, 10 tipos de reverb de alta calidad m\u00e1s 6 ranuras TonePrint que te permiten almacenar efectos y artistas TonePrint, perilla pre-delay para ajustar el tiempo de respuesta de reverb, los pedales MASH te brindas un potente control de par\u00e1metros en tiempo real con efectos espec\u00edficos, 4 footwitches sensibles a la presi\u00f3n para un completo control del ambiente, funciona perfectamente con se\u00f1ales de nivel de guitarra y loop de FX, el pedal de expresi\u00f3n y las entradas MIDI te permiten controlar par\u00e1metros y cambiar preselecciones de forma remota, entradas y salidas mono est\u00e9reo que brindan una versatilidad \u00f3ptima, Analog-Dry-Through para mantener la integridad de la ruta de se\u00f1al seca anal\u00f3gica incluso cuando la reverb est\u00e9 activada, dimensiones: 56 x 235 x 145 mm, peso: 1.3 kg.","robots":{"index":"index","follow":"follow","max-snippet":"max-snippet:-1","max-image-preview":"max-image-preview:large","max-video-preview":"max-video-preview:-1"},"canonical":"https:\/\/www.mexicanguitarplayers.com\/en\/tienda\/sin categor\u00eda\/pedal-t-c-p-guitarra-hall-of-fame-2-x4\/","og_locale":"en_US","og_type":"article","og_title":"PEDAL T.C. P\/GUITARRA HALL OF FAME 2 X4 - Mexican Guitar Players","og_description":"Procesador reverb ampliado con 4 switches MASH para alternar entre sonidos reverb al instante, shimmer reverb que utiliza el algoritmo SUB 'N' UP OCTAVER para sonidos de otro mundo y 8 preajustes de reverb, 10 tipos de reverb de alta calidad m\u00e1s 6 ranuras TonePrint que te permiten almacenar efectos y artistas TonePrint, perilla pre-delay para ajustar el tiempo de respuesta de reverb, los pedales MASH te brindas un potente control de par\u00e1metros en tiempo real con efectos espec\u00edficos, 4 footwitches sensibles a la presi\u00f3n para un completo control del ambiente, funciona perfectamente con se\u00f1ales de nivel de guitarra y loop de FX, el pedal de expresi\u00f3n y las entradas MIDI te permiten controlar par\u00e1metros y cambiar preselecciones de forma remota, entradas y salidas mono est\u00e9reo que brindan una versatilidad \u00f3ptima, Analog-Dry-Through para mantener la integridad de la ruta de se\u00f1al seca anal\u00f3gica incluso cuando la reverb est\u00e9 activada, dimensiones: 56 x 235 x 145 mm, peso: 1.3 kg.","og_url":"https:\/\/www.mexicanguitarplayers.com\/en\/tienda\/sin categor\u00eda\/pedal-t-c-p-guitarra-hall-of-fame-2-x4\/","og_site_name":"Mexican Guitar Players","article_modified_time":"2026-05-01T13:18:47+00:00","twitter_card":"summary_large_image","twitter_misc":{"Est. reading time":"2 minutes"},"schema":{"@context":"https:\/\/schema.org","@graph":[{"@type":["WebPage","ItemPage"],"@id":"https:\/\/www.mexicanguitarplayers.com\/tienda\/sin categor\u00eda\/pedal-t-c-p-guitarra-hall-of-fame-2-x4\/","url":"https:\/\/www.mexicanguitarplayers.com\/tienda\/sin categor\u00eda\/pedal-t-c-p-guitarra-hall-of-fame-2-x4\/","name":"PEDAL T.C. P\/GUITARRA HALL OF FAME 2 X4 - Mexican Guitar Players","isPartOf":{"@id":"https:\/\/www.mexicanguitarplayers.com\/#website"},"primaryImageOfPage":{"@id":"https:\/\/www.mexicanguitarplayers.com\/tienda\/sin categor\u00eda\/pedal-t-c-p-guitarra-hall-of-fame-2-x4\/#primaryimage"},"image":{"@id":"https:\/\/www.mexicanguitarplayers.com\/tienda\/sin categor\u00eda\/pedal-t-c-p-guitarra-hall-of-fame-2-x4\/#primaryimage"},"thumbnailUrl":"https:\/\/www.mexicanguitarplayers.com\/wp-content\/uploads\/2025\/04\/VATCEHOF2X4RVB.jpg","datePublished":"2025-04-09T12:10:30+00:00","dateModified":"2026-05-01T13:18:47+00:00","description":"Procesador reverb ampliado con 4 switches MASH para alternar entre sonidos reverb al instante, shimmer reverb que utiliza el algoritmo SUB 'N' UP OCTAVER para sonidos de otro mundo y 8 preajustes de reverb, 10 tipos de reverb de alta calidad m\u00e1s 6 ranuras TonePrint que te permiten almacenar efectos y artistas TonePrint, perilla pre-delay para ajustar el tiempo de respuesta de reverb, los pedales MASH te brindas un potente control de par\u00e1metros en tiempo real con efectos espec\u00edficos, 4 footwitches sensibles a la presi\u00f3n para un completo control del ambiente, funciona perfectamente con se\u00f1ales de nivel de guitarra y loop de FX, el pedal de expresi\u00f3n y las entradas MIDI te permiten controlar par\u00e1metros y cambiar preselecciones de forma remota, entradas y salidas mono est\u00e9reo que brindan una versatilidad \u00f3ptima, Analog-Dry-Through para mantener la integridad de la ruta de se\u00f1al seca anal\u00f3gica incluso cuando la reverb est\u00e9 activada, dimensiones: 56 x 235 x 145 mm, peso: 1.3 kg.","breadcrumb":{"@id":"https:\/\/www.mexicanguitarplayers.com\/tienda\/sin categor\u00eda\/pedal-t-c-p-guitarra-hall-of-fame-2-x4\/#breadcrumb"},"inLanguage":"en-US","potentialAction":[{"@type":"ReadAction","target":["https:\/\/www.mexicanguitarplayers.com\/tienda\/sin categor\u00eda\/pedal-t-c-p-guitarra-hall-of-fame-2-x4\/"]}]},{"@type":"ImageObject","inLanguage":"en-US","@id":"https:\/\/www.mexicanguitarplayers.com\/tienda\/sin categor\u00eda\/pedal-t-c-p-guitarra-hall-of-fame-2-x4\/#primaryimage","url":"https:\/\/www.mexicanguitarplayers.com\/wp-content\/uploads\/2025\/04\/VATCEHOF2X4RVB.jpg","contentUrl":"https:\/\/www.mexicanguitarplayers.com\/wp-content\/uploads\/2025\/04\/VATCEHOF2X4RVB.jpg","width":1200,"height":1200},{"@type":"BreadcrumbList","@id":"https:\/\/www.mexicanguitarplayers.com\/tienda\/sin categor\u00eda\/pedal-t-c-p-guitarra-hall-of-fame-2-x4\/#breadcrumb","itemListElement":[{"@type":"ListItem","position":1,"name":"Portada","item":"https:\/\/www.mexicanguitarplayers.com\/"},{"@type":"ListItem","position":2,"name":"Tienda","item":"https:\/\/www.mexicanguitarplayers.com\/tienda\/"},{"@type":"ListItem","position":3,"name":"PEDAL T.C. P\/GUITARRA HALL OF FAME 2 X4"}]},{"@type":"WebSite","@id":"https:\/\/www.mexicanguitarplayers.com\/#website","url":"https:\/\/www.mexicanguitarplayers.com\/","name":"Mexican Guitar Players","description":"Website","publisher":{"@id":"https:\/\/www.mexicanguitarplayers.com\/#organization"},"potentialAction":[{"@type":"SearchAction","target":{"@type":"EntryPoint","urlTemplate":"https:\/\/www.mexicanguitarplayers.com\/?s={search_term_string}"},"query-input":{"@type":"PropertyValueSpecification","valueRequired":true,"valueName":"search_term_string"}}],"inLanguage":"en-US"},{"@type":"Organization","@id":"https:\/\/www.mexicanguitarplayers.com\/#organization","name":"Mexican Guitar Players","url":"https:\/\/www.mexicanguitarplayers.com\/","logo":{"@type":"ImageObject","inLanguage":"en-US","@id":"https:\/\/www.mexicanguitarplayers.com\/#\/schema\/logo\/image\/","url":"","contentUrl":"","caption":"Mexican Guitar Players"},"image":{"@id":"https:\/\/www.mexicanguitarplayers.com\/#\/schema\/logo\/image\/"}}]}},"brands":[{"id":170,"name":"TC-ELECTRONIC","slug":"tc-electronic"}],"_links":{"self":[{"href":"https:\/\/www.mexicanguitarplayers.com\/en\/wp-json\/wp\/v2\/product\/38512","targetHints":{"allow":["GET"]}}],"collection":[{"href":"https:\/\/www.mexicanguitarplayers.com\/en\/wp-json\/wp\/v2\/product"}],"about":[{"href":"https:\/\/www.mexicanguitarplayers.com\/en\/wp-json\/wp\/v2\/types\/product"}],"replies":[{"embeddable":true,"href":"https:\/\/www.mexicanguitarplayers.com\/en\/wp-json\/wp\/v2\/comments?post=38512"}],"wp:featuredmedia":[{"embeddable":true,"href":"https:\/\/www.mexicanguitarplayers.com\/en\/wp-json\/wp\/v2\/media\/38508"}],"wp:attachment":[{"href":"https:\/\/www.mexicanguitarplayers.com\/en\/wp-json\/wp\/v2\/media?parent=38512"}],"wp:term":[{"taxonomy":"pwb-brand","embeddable":true,"href":"https:\/\/www.mexicanguitarplayers.com\/en\/wp-json\/wp\/v2\/pwb-brand?post=38512"},{"taxonomy":"product_brand","embeddable":true,"href":"https:\/\/www.mexicanguitarplayers.com\/en\/wp-json\/wp\/v2\/product_brand?post=38512"},{"taxonomy":"product_cat","embeddable":true,"href":"https:\/\/www.mexicanguitarplayers.com\/en\/wp-json\/wp\/v2\/product_cat?post=38512"},{"taxonomy":"product_tag","embeddable":true,"href":"https:\/\/www.mexicanguitarplayers.com\/en\/wp-json\/wp\/v2\/product_tag?post=38512"}],"curies":[{"name":"wp","href":"https:\/\/api.w.org\/{rel}","templated":true}]}}