{"id":38529,"date":"2025-04-09T06:10:52","date_gmt":"2025-04-09T12:10:52","guid":{"rendered":"https:\/\/www.mexicanguitarplayers.com\/tienda\/sin categor\u00eda\/mezcladora-behringer-mod-502\/"},"modified":"2026-04-10T04:22:44","modified_gmt":"2026-04-10T10:22:44","slug":"mezcladora-behringer-mod-502","status":"publish","type":"product","link":"https:\/\/www.mexicanguitarplayers.com\/en\/tienda\/audio\/mezcladoras\/mezcladora-behringer-mod-502\/","title":{"rendered":"MEZCLADORA BEHRINGER MOD. 502"},"content":{"rendered":"<div style=\"text-align: justify\">\n<div>\n<h3>Mezcladora en formato peque\u00f1o<\/h3>\n<\/div>\n<div>\u00bfTienes un concierto como solista en una cafeter\u00eda local o necesitas hacer un anuncio p\u00fablico r\u00e1pido? El simple sonido requiere de una Xenyx 502, una mezcladora de Behringer con todo lo que necesitas, para darte un ambiente \u00edntimo y un sonido incre\u00edble. Las 5 entradas de la mezcladora Xenyx 502 ultra compacta (1 canal de micr\u00f3fono, 2 canales est\u00e9reo) te permiten obtener un sonido de primera calidad sin esfuerzo, gracias a los preamplificadores de micr\u00f3fono Xenyx y su ecualizador musical brit\u00e1nico. Preamplificadores de micr\u00f3fono s\u00f3nicamente superiores. La mezcladora Xenyx 502 obtiene su nombre de nuestros legendarios preamplificadores de micr\u00f3fono Xenyx, elogiados por ingenieros de audio en todo el mundo. Estos preamps de vanguardia representan un paso importante en la evoluci\u00f3n de la tecnolog\u00eda de audio y pueden f\u00e1cilmente mantenerse a s\u00ed mismos, incluso en comparaci\u00f3n con preamps de micr\u00f3fono independientes m\u00e1s caros. Los preamps Xenyx ofrecen un asombroso rango din\u00e1mico de 130 dB, con un ancho de banda que se extiende desde por debajo de los 10 Hz hasta por encima de los 200 kHz. Armado con estos preamplificadores de micr\u00f3fono la Xenyx 502 proporciona un rendimiento transparente y cristalino, tal vez creas que alguien actualiz\u00f3 tus micr\u00f3fonos mientras no estabas. Ecualizaci\u00f3n musical brit\u00e1nica. Las consolas brit\u00e1nicas de los 60s y 70s cambiaron el sonido del rock and roll, sin ellos, la invasi\u00f3n brit\u00e1nica podr\u00eda no haber ocurrido. Estas legendarias mezcladoras pronto se convirtieron en la envidia de ingenieros y productores en todo el mundo. El canal de ecualizaci\u00f3n de nuestra mezcladora Xenyx se basa en ese mismo circuito, lo que te permite imbuir las se\u00f1ales con una gran calidez  y un car\u00e1cter musical detallado. Incluso, cuando se aplica generosamente, estos ecualizadores muestran una excelente calidad de audio. Los entresijos de la brillantez. La mezcladora Xenyx 502 de 5 entradas y 2 buses cuenta con preamplificadores Xenyx de micr\u00f3fono con alimentaci\u00f3n phantom de +48V, lo que permite utilizar micr\u00f3fonos din\u00e1micos o de condensador. El ecualizador brit\u00e1nico de 3 bandas garantiza un sonido c\u00e1lido y musical. Los controles sencillos de alta calidad hacen posible crear hermosas mezclas con un m\u00ednimo de conocimientos t\u00e9cnicos. Reproduce m\u00fasica entre sets por medio de entradas RCA CD\/Tape (main mix o control room\/aud\u00edfonos asignable).<\/div>\n<div>\n<h4>Quick look<\/h4>\n<\/div>\n<ul style=\"margin: 0px 0px 0px 25px\">\n<li style=\"list-style-type: circle;margin: 5px\">Ligera y portable.<\/li>\n<li style=\"list-style-type: circle;margin: 5px\">Entradas de micr\u00f3fono.<\/li>\n<li style=\"list-style-type: circle;margin: 5px\">Equivalent noise level.<\/li>\n<li style=\"list-style-type: circle;margin: 5px\">Frequency response.<\/li>\n<li style=\"list-style-type: circle;margin: 5px\">Line input.<\/li>\n<li style=\"list-style-type: circle;margin: 5px\">Atenuaci\u00f3n de supresi\u00f3n (Atenuaci\u00f3n de la diafon\u00eda).<\/li>\n<li style=\"list-style-type: circle;margin: 5px\">Respuesta de frecuencia (Mic In &#8211; Mic Out).<\/li>\n<li style=\"list-style-type: circle;margin: 5px\">Stereo inputs.<\/li>\n<li style=\"list-style-type: circle;margin: 5px\">Equalizer<\/li>\n<li style=\"list-style-type: circle;margin: 5px\">Env\u00edo \/ Retorno.<\/li>\n<li style=\"list-style-type: circle;margin: 5px\">Departures.<\/li>\n<li style=\"list-style-type: circle;margin: 5px\">Power supply.<\/li>\n<li style=\"list-style-type: circle;margin: 5px\">Dimensions.<\/li>\n<li style=\"list-style-type: circle;margin: 5px\">Weight.<\/li>\n<\/ul>\n<div>\n<div style=\"font-weight: bold\">Ligera y portable.<\/div>\n<div>\n<p>La mezcladora 502 es de formato peque\u00f1o, ligera, portable, perfecta para transportarla a tus eventos, cuenta con lo necesario para que tu m\u00fasica suene.<\/p>\n<\/div>\n<div style=\"font-weight: bold\">Entradas de micr\u00f3fono.<\/div>\n<div>\n<p>Preamp: XENIX. Tipo: Conector XLR, sim\u00e9trica electr\u00f3nica, conmutaci\u00f3n de entrada discreta.<\/p>\n<\/div>\n<div style=\"font-weight: bold\">Equivalent noise level.<\/div>\n<div>\n<p>@ 0 ohms resistencia interna: -134 dB \/ 135.7 ponderado A. @ 50 ohms resistencia interna -131 dB \/ 133.3 ponderado A. @ 150 ohms resistencia interna -129 dB \/ 130.5 ponderado A.<\/p>\n<\/div>\n<div style=\"font-weight: bold\">Frequency response.<\/div>\n<div>\n<p>&lt;10 Hz &#8211; 150 kHz: -1 dB. &lt;10 Hz &#8211; 200 kHz: -3 dB. \u00c1mbito de amplificaci\u00f3n: +10 dB a +60 dB. Nivel m\u00e1ximo de entrada: +12 dBu @ + 10 dB gain. Impedancia: aprox 2.6 kO balanceada. Relaci\u00f3n se\u00f1al a ruido: 110 dB \/ 112 dB ponderado A. Distorsi\u00f3n arm\u00f3nica total: 0,005% \/ 0,004% ponderado A.<\/p>\n<\/div>\n<div style=\"font-weight: bold\">Line input.<\/div>\n<div>\n<p>Tipo: Jack de 6,3 mm, sim\u00e9trica electr\u00f3nica. Impedancia: Balanceada: aprox. 20 kO. Desbalanceada: aprox. 10 kO. \u00c1mbito de amplificaci\u00f3n: 10 dB a +40 dB. Nivel m\u00e1ximo de entrada: +22 dBu @ 0 dB gain.<\/p>\n<\/div>\n<div style=\"font-weight: bold\">Atenuaci\u00f3n de supresi\u00f3n (Atenuaci\u00f3n de la diafon\u00eda).<\/div>\n<div>\n<p>Fader principal (main) cerrado: 90 dB. Canal conmutado a mudo: 89.5 dB. Fader de canal cerrado: 89 dB.<\/p>\n<\/div>\n<div style=\"font-weight: bold\">Respuesta de frecuencia (Mic In &#8211; Mic Out).<\/div>\n<div>\n<p>&lt;10 Hz &#8211; 90 kHz: +0 dB \/ -1 dB. &lt;10 Hz &#8211; 160 kHz: +0 dB \/ -3 dB.<\/p>\n<\/div>\n<div style=\"font-weight: bold\">Stereo inputs.<\/div>\n<div>\n<p>Tipo: Jack de 6.3 mm, sim\u00e9trica electr\u00f3nica. Impedancia: aprox. 20 kohms. Nivel m\u00e1ximo de entrada: +22 dBu.<\/p>\n<\/div>\n<div style=\"font-weight: bold\">Equalizer<\/div>\n<div>\n<p>Canales mono EQ: Graves: 80 Hz \/ \u00b115 dB. Medios (Mid): 2.5 kHz \/ \u00b115 dB. Agudos: 12 kHz \/ \u00b115 dB. Canales est\u00e9reo EQ. Graves: 80 Hz \/ \u00b115 dB. Medios (Mid): 2.5 kHz \/ \u00b115 dB. Agudos: 12 kHz \/ \u00b115 dB.<\/p>\n<\/div>\n<div style=\"font-weight: bold\">Env\u00edo \/ Retorno.<\/div>\n<div>\n<p>Env\u00edos auxiliares: Tipo: Jack mono de 6.3 mm, no balanceado. Impedancia: aprox 120 ohms. Nivel m\u00e1ximo de salida: +22 dBu. Retornos auxiliares est\u00e9reo: Tipo: Jack de 6.3 mm, sim\u00e9trica electr\u00f3nica. Impedanmcia: Balanceado: Aprox. 20 kohms. Desbalanceado: Aprox. 10 kohms. Nivel m\u00e1ximo de entrada: +22 dBu.<\/p>\n<\/div>\n<div style=\"font-weight: bold\">Departures.<\/div>\n<div>\n<p>Salidas Main: Tipo: Jack de 6,3 mm, no balanceado. Impedancia: Aprox. 120 ohms desbalanceada. Nivel m\u00e1ximo de salida: +22 dBu. Salidas Sala de control. Tipo: Jack de 6,3 mm, no balanceado. Impedancia: Aprox. 120 ohms desbalanceada. Nivel m\u00e1ximo de salida: +22 dBu. Salida de aud\u00edfonos. Tipo: Jack de 6,3 mm, no balanceado. Nivel m\u00e1ximo de salida: +19 dBu \/ 150 ohms (+25 dBm).<\/p>\n<\/div>\n<div style=\"font-weight: bold\">Power supply.<\/div>\n<div>\n<p>Consumo de potencia: 13W. Adaptador: Behringer PSU MX3UL. Tensi\u00f3n de red: 120V~, 60 Hz.<\/p>\n<\/div>\n<div style=\"font-weight: bold\">Dimensions.<\/div>\n<div>\n<p>47 x 134 x 177 mm.<\/p>\n<\/div>\n<div style=\"font-weight: bold\">Weight.<\/div>\n<div>\n<p>1.2 kg.<\/p>\n<\/div>\n<\/div>\n<\/div>","protected":false},"excerpt":{"rendered":"<p>Mezcladora anal\u00f3gica premium de 5 entradas y 2 buses, preamplificadores Xenyx con alimentaci\u00f3n phantom, ruido ultra bajo, alto headroom, ecualizadores brit\u00e1nicos de 2 bandas para un sonido c\u00e1lido y musical, Main Mix, CD\/Tape est\u00e9reo y salida separada de aud\u00edfonos, Entrada CD\/Tape asignable a salida de aud\u00edfonos o Main Mix, dimensiones: 47 x 134 x 177 mm, peso: 1.2 kg.&hellip; <a class=\"kt-excerpt-readmore more-link\" href=\"https:\/\/www.mexicanguitarplayers.com\/en\/tienda\/audio\/mezcladoras\/mezcladora-behringer-mod-502\/\">Read more<\/a><\/p>","protected":false},"featured_media":38525,"comment_status":"open","ping_status":"closed","template":"","meta":{"kt_blocks_editor_width":""},"pwb-brand":[171],"product_brand":[],"product_cat":[213,491],"product_tag":[],"class_list":{"0":"post-38529","1":"product","2":"type-product","3":"status-publish","4":"has-post-thumbnail","6":"pwb-brand-behringer","7":"product_cat-audio","8":"product_cat-mezcladoras","9":"product_shipping_class-0-5-kg","11":"first","12":"outofstock","13":"taxable","14":"shipping-taxable","15":"purchasable","16":"product-type-simple"},"yoast_head":"<!-- This site is optimized with the Yoast SEO plugin v27.6 - https:\/\/yoast.com\/product\/yoast-seo-wordpress\/ -->\n<title>MEZCLADORA BEHRINGER MOD. 502 - Mexican Guitar Players<\/title>\n<meta name=\"description\" content=\"Mezcladora anal\u00f3gica premium de 5 entradas y 2 buses, preamplificadores Xenyx con alimentaci\u00f3n phantom, ruido ultra bajo, alto headroom, ecualizadores brit\u00e1nicos de 2 bandas para un sonido c\u00e1lido y musical, Main Mix, CD\/Tape est\u00e9reo y salida separada de aud\u00edfonos, Entrada CD\/Tape asignable a salida de aud\u00edfonos o Main Mix, dimensiones: 47 x 134 x 177 mm, peso: 1.2 kg.\" \/>\n<meta name=\"robots\" content=\"index, follow, max-snippet:-1, max-image-preview:large, max-video-preview:-1\" \/>\n<link rel=\"canonical\" href=\"https:\/\/www.mexicanguitarplayers.com\/en\/tienda\/sin%20categor\u00eda\/mezcladora-behringer-mod-502\/\" \/>\n<meta property=\"og:locale\" content=\"en_US\" \/>\n<meta property=\"og:type\" content=\"article\" \/>\n<meta property=\"og:title\" content=\"MEZCLADORA BEHRINGER MOD. 502 - Mexican Guitar Players\" \/>\n<meta property=\"og:description\" content=\"Mezcladora anal\u00f3gica premium de 5 entradas y 2 buses, preamplificadores Xenyx con alimentaci\u00f3n phantom, ruido ultra bajo, alto headroom, ecualizadores brit\u00e1nicos de 2 bandas para un sonido c\u00e1lido y musical, Main Mix, CD\/Tape est\u00e9reo y salida separada de aud\u00edfonos, Entrada CD\/Tape asignable a salida de aud\u00edfonos o Main Mix, dimensiones: 47 x 134 x 177 mm, peso: 1.2 kg.\" \/>\n<meta property=\"og:url\" content=\"https:\/\/www.mexicanguitarplayers.com\/en\/tienda\/sin categor\u00eda\/mezcladora-behringer-mod-502\/\" \/>\n<meta property=\"og:site_name\" content=\"Mexican Guitar Players\" \/>\n<meta property=\"article:modified_time\" content=\"2026-04-10T10:22:44+00:00\" \/>\n<meta name=\"twitter:card\" content=\"summary_large_image\" \/>\n<meta name=\"twitter:label1\" content=\"Est. reading time\" \/>\n\t<meta name=\"twitter:data1\" content=\"4 minutes\" \/>\n<script type=\"application\/ld+json\" class=\"yoast-schema-graph\">{\"@context\":\"https:\\\/\\\/schema.org\",\"@graph\":[{\"@type\":[\"WebPage\",\"ItemPage\"],\"@id\":\"https:\\\/\\\/www.mexicanguitarplayers.com\\\/tienda\\\/sin categor\u00eda\\\/mezcladora-behringer-mod-502\\\/\",\"url\":\"https:\\\/\\\/www.mexicanguitarplayers.com\\\/tienda\\\/sin categor\u00eda\\\/mezcladora-behringer-mod-502\\\/\",\"name\":\"MEZCLADORA BEHRINGER MOD. 502 - Mexican Guitar Players\",\"isPartOf\":{\"@id\":\"https:\\\/\\\/www.mexicanguitarplayers.com\\\/#website\"},\"primaryImageOfPage\":{\"@id\":\"https:\\\/\\\/www.mexicanguitarplayers.com\\\/tienda\\\/sin categor\u00eda\\\/mezcladora-behringer-mod-502\\\/#primaryimage\"},\"image\":{\"@id\":\"https:\\\/\\\/www.mexicanguitarplayers.com\\\/tienda\\\/sin categor\u00eda\\\/mezcladora-behringer-mod-502\\\/#primaryimage\"},\"thumbnailUrl\":\"https:\\\/\\\/www.mexicanguitarplayers.com\\\/wp-content\\\/uploads\\\/2025\\\/04\\\/IABEH502.jpg\",\"datePublished\":\"2025-04-09T12:10:52+00:00\",\"dateModified\":\"2026-04-10T10:22:44+00:00\",\"description\":\"Mezcladora anal\u00f3gica premium de 5 entradas y 2 buses, preamplificadores Xenyx con alimentaci\u00f3n phantom, ruido ultra bajo, alto headroom, ecualizadores brit\u00e1nicos de 2 bandas para un sonido c\u00e1lido y musical, Main Mix, CD\\\/Tape est\u00e9reo y salida separada de aud\u00edfonos, Entrada CD\\\/Tape asignable a salida de aud\u00edfonos o Main Mix, dimensiones: 47 x 134 x 177 mm, peso: 1.2 kg.\",\"breadcrumb\":{\"@id\":\"https:\\\/\\\/www.mexicanguitarplayers.com\\\/tienda\\\/sin categor\u00eda\\\/mezcladora-behringer-mod-502\\\/#breadcrumb\"},\"inLanguage\":\"en-US\",\"potentialAction\":[{\"@type\":\"ReadAction\",\"target\":[\"https:\\\/\\\/www.mexicanguitarplayers.com\\\/tienda\\\/sin categor\u00eda\\\/mezcladora-behringer-mod-502\\\/\"]}]},{\"@type\":\"ImageObject\",\"inLanguage\":\"en-US\",\"@id\":\"https:\\\/\\\/www.mexicanguitarplayers.com\\\/tienda\\\/sin categor\u00eda\\\/mezcladora-behringer-mod-502\\\/#primaryimage\",\"url\":\"https:\\\/\\\/www.mexicanguitarplayers.com\\\/wp-content\\\/uploads\\\/2025\\\/04\\\/IABEH502.jpg\",\"contentUrl\":\"https:\\\/\\\/www.mexicanguitarplayers.com\\\/wp-content\\\/uploads\\\/2025\\\/04\\\/IABEH502.jpg\",\"width\":1200,\"height\":1200},{\"@type\":\"BreadcrumbList\",\"@id\":\"https:\\\/\\\/www.mexicanguitarplayers.com\\\/tienda\\\/sin categor\u00eda\\\/mezcladora-behringer-mod-502\\\/#breadcrumb\",\"itemListElement\":[{\"@type\":\"ListItem\",\"position\":1,\"name\":\"Portada\",\"item\":\"https:\\\/\\\/www.mexicanguitarplayers.com\\\/\"},{\"@type\":\"ListItem\",\"position\":2,\"name\":\"Tienda\",\"item\":\"https:\\\/\\\/www.mexicanguitarplayers.com\\\/tienda\\\/\"},{\"@type\":\"ListItem\",\"position\":3,\"name\":\"MEZCLADORA BEHRINGER MOD. 502\"}]},{\"@type\":\"WebSite\",\"@id\":\"https:\\\/\\\/www.mexicanguitarplayers.com\\\/#website\",\"url\":\"https:\\\/\\\/www.mexicanguitarplayers.com\\\/\",\"name\":\"Mexican Guitar Players\",\"description\":\"Website\",\"publisher\":{\"@id\":\"https:\\\/\\\/www.mexicanguitarplayers.com\\\/#organization\"},\"potentialAction\":[{\"@type\":\"SearchAction\",\"target\":{\"@type\":\"EntryPoint\",\"urlTemplate\":\"https:\\\/\\\/www.mexicanguitarplayers.com\\\/?s={search_term_string}\"},\"query-input\":{\"@type\":\"PropertyValueSpecification\",\"valueRequired\":true,\"valueName\":\"search_term_string\"}}],\"inLanguage\":\"en-US\"},{\"@type\":\"Organization\",\"@id\":\"https:\\\/\\\/www.mexicanguitarplayers.com\\\/#organization\",\"name\":\"Mexican Guitar Players\",\"url\":\"https:\\\/\\\/www.mexicanguitarplayers.com\\\/\",\"logo\":{\"@type\":\"ImageObject\",\"inLanguage\":\"en-US\",\"@id\":\"https:\\\/\\\/www.mexicanguitarplayers.com\\\/#\\\/schema\\\/logo\\\/image\\\/\",\"url\":\"\",\"contentUrl\":\"\",\"caption\":\"Mexican Guitar Players\"},\"image\":{\"@id\":\"https:\\\/\\\/www.mexicanguitarplayers.com\\\/#\\\/schema\\\/logo\\\/image\\\/\"}}]}<\/script>\n<!-- \/ Yoast SEO plugin. -->","yoast_head_json":{"title":"MEZCLADORA BEHRINGER MOD. 502 - Mexican Guitar Players","description":"Mezcladora anal\u00f3gica premium de 5 entradas y 2 buses, preamplificadores Xenyx con alimentaci\u00f3n phantom, ruido ultra bajo, alto headroom, ecualizadores brit\u00e1nicos de 2 bandas para un sonido c\u00e1lido y musical, Main Mix, CD\/Tape est\u00e9reo y salida separada de aud\u00edfonos, Entrada CD\/Tape asignable a salida de aud\u00edfonos o Main Mix, dimensiones: 47 x 134 x 177 mm, peso: 1.2 kg.","robots":{"index":"index","follow":"follow","max-snippet":"max-snippet:-1","max-image-preview":"max-image-preview:large","max-video-preview":"max-video-preview:-1"},"canonical":"https:\/\/www.mexicanguitarplayers.com\/en\/tienda\/sin categor\u00eda\/mezcladora-behringer-mod-502\/","og_locale":"en_US","og_type":"article","og_title":"MEZCLADORA BEHRINGER MOD. 502 - Mexican Guitar Players","og_description":"Mezcladora anal\u00f3gica premium de 5 entradas y 2 buses, preamplificadores Xenyx con alimentaci\u00f3n phantom, ruido ultra bajo, alto headroom, ecualizadores brit\u00e1nicos de 2 bandas para un sonido c\u00e1lido y musical, Main Mix, CD\/Tape est\u00e9reo y salida separada de aud\u00edfonos, Entrada CD\/Tape asignable a salida de aud\u00edfonos o Main Mix, dimensiones: 47 x 134 x 177 mm, peso: 1.2 kg.","og_url":"https:\/\/www.mexicanguitarplayers.com\/en\/tienda\/sin categor\u00eda\/mezcladora-behringer-mod-502\/","og_site_name":"Mexican Guitar Players","article_modified_time":"2026-04-10T10:22:44+00:00","twitter_card":"summary_large_image","twitter_misc":{"Est. reading time":"4 minutes"},"schema":{"@context":"https:\/\/schema.org","@graph":[{"@type":["WebPage","ItemPage"],"@id":"https:\/\/www.mexicanguitarplayers.com\/tienda\/sin categor\u00eda\/mezcladora-behringer-mod-502\/","url":"https:\/\/www.mexicanguitarplayers.com\/tienda\/sin categor\u00eda\/mezcladora-behringer-mod-502\/","name":"MEZCLADORA BEHRINGER MOD. 502 - Mexican Guitar Players","isPartOf":{"@id":"https:\/\/www.mexicanguitarplayers.com\/#website"},"primaryImageOfPage":{"@id":"https:\/\/www.mexicanguitarplayers.com\/tienda\/sin categor\u00eda\/mezcladora-behringer-mod-502\/#primaryimage"},"image":{"@id":"https:\/\/www.mexicanguitarplayers.com\/tienda\/sin categor\u00eda\/mezcladora-behringer-mod-502\/#primaryimage"},"thumbnailUrl":"https:\/\/www.mexicanguitarplayers.com\/wp-content\/uploads\/2025\/04\/IABEH502.jpg","datePublished":"2025-04-09T12:10:52+00:00","dateModified":"2026-04-10T10:22:44+00:00","description":"Mezcladora anal\u00f3gica premium de 5 entradas y 2 buses, preamplificadores Xenyx con alimentaci\u00f3n phantom, ruido ultra bajo, alto headroom, ecualizadores brit\u00e1nicos de 2 bandas para un sonido c\u00e1lido y musical, Main Mix, CD\/Tape est\u00e9reo y salida separada de aud\u00edfonos, Entrada CD\/Tape asignable a salida de aud\u00edfonos o Main Mix, dimensiones: 47 x 134 x 177 mm, peso: 1.2 kg.","breadcrumb":{"@id":"https:\/\/www.mexicanguitarplayers.com\/tienda\/sin categor\u00eda\/mezcladora-behringer-mod-502\/#breadcrumb"},"inLanguage":"en-US","potentialAction":[{"@type":"ReadAction","target":["https:\/\/www.mexicanguitarplayers.com\/tienda\/sin categor\u00eda\/mezcladora-behringer-mod-502\/"]}]},{"@type":"ImageObject","inLanguage":"en-US","@id":"https:\/\/www.mexicanguitarplayers.com\/tienda\/sin categor\u00eda\/mezcladora-behringer-mod-502\/#primaryimage","url":"https:\/\/www.mexicanguitarplayers.com\/wp-content\/uploads\/2025\/04\/IABEH502.jpg","contentUrl":"https:\/\/www.mexicanguitarplayers.com\/wp-content\/uploads\/2025\/04\/IABEH502.jpg","width":1200,"height":1200},{"@type":"BreadcrumbList","@id":"https:\/\/www.mexicanguitarplayers.com\/tienda\/sin categor\u00eda\/mezcladora-behringer-mod-502\/#breadcrumb","itemListElement":[{"@type":"ListItem","position":1,"name":"Portada","item":"https:\/\/www.mexicanguitarplayers.com\/"},{"@type":"ListItem","position":2,"name":"Tienda","item":"https:\/\/www.mexicanguitarplayers.com\/tienda\/"},{"@type":"ListItem","position":3,"name":"MEZCLADORA BEHRINGER MOD. 502"}]},{"@type":"WebSite","@id":"https:\/\/www.mexicanguitarplayers.com\/#website","url":"https:\/\/www.mexicanguitarplayers.com\/","name":"Mexican Guitar Players","description":"Website","publisher":{"@id":"https:\/\/www.mexicanguitarplayers.com\/#organization"},"potentialAction":[{"@type":"SearchAction","target":{"@type":"EntryPoint","urlTemplate":"https:\/\/www.mexicanguitarplayers.com\/?s={search_term_string}"},"query-input":{"@type":"PropertyValueSpecification","valueRequired":true,"valueName":"search_term_string"}}],"inLanguage":"en-US"},{"@type":"Organization","@id":"https:\/\/www.mexicanguitarplayers.com\/#organization","name":"Mexican Guitar Players","url":"https:\/\/www.mexicanguitarplayers.com\/","logo":{"@type":"ImageObject","inLanguage":"en-US","@id":"https:\/\/www.mexicanguitarplayers.com\/#\/schema\/logo\/image\/","url":"","contentUrl":"","caption":"Mexican Guitar Players"},"image":{"@id":"https:\/\/www.mexicanguitarplayers.com\/#\/schema\/logo\/image\/"}}]}},"brands":[{"id":171,"name":"BEHRINGER","slug":"behringer"}],"_links":{"self":[{"href":"https:\/\/www.mexicanguitarplayers.com\/en\/wp-json\/wp\/v2\/product\/38529","targetHints":{"allow":["GET"]}}],"collection":[{"href":"https:\/\/www.mexicanguitarplayers.com\/en\/wp-json\/wp\/v2\/product"}],"about":[{"href":"https:\/\/www.mexicanguitarplayers.com\/en\/wp-json\/wp\/v2\/types\/product"}],"replies":[{"embeddable":true,"href":"https:\/\/www.mexicanguitarplayers.com\/en\/wp-json\/wp\/v2\/comments?post=38529"}],"wp:featuredmedia":[{"embeddable":true,"href":"https:\/\/www.mexicanguitarplayers.com\/en\/wp-json\/wp\/v2\/media\/38525"}],"wp:attachment":[{"href":"https:\/\/www.mexicanguitarplayers.com\/en\/wp-json\/wp\/v2\/media?parent=38529"}],"wp:term":[{"taxonomy":"pwb-brand","embeddable":true,"href":"https:\/\/www.mexicanguitarplayers.com\/en\/wp-json\/wp\/v2\/pwb-brand?post=38529"},{"taxonomy":"product_brand","embeddable":true,"href":"https:\/\/www.mexicanguitarplayers.com\/en\/wp-json\/wp\/v2\/product_brand?post=38529"},{"taxonomy":"product_cat","embeddable":true,"href":"https:\/\/www.mexicanguitarplayers.com\/en\/wp-json\/wp\/v2\/product_cat?post=38529"},{"taxonomy":"product_tag","embeddable":true,"href":"https:\/\/www.mexicanguitarplayers.com\/en\/wp-json\/wp\/v2\/product_tag?post=38529"}],"curies":[{"name":"wp","href":"https:\/\/api.w.org\/{rel}","templated":true}]}}