{"id":38581,"date":"2025-04-09T06:13:57","date_gmt":"2025-04-09T12:13:57","guid":{"rendered":"https:\/\/www.mexicanguitarplayers.com\/tienda\/sin categor\u00eda\/rack-proel-4-espacios-mod-cr124blkm\/"},"modified":"2026-05-01T07:18:43","modified_gmt":"2026-05-01T13:18:43","slug":"rack-proel-4-espacios-mod-cr124blkm","status":"publish","type":"product","link":"https:\/\/www.mexicanguitarplayers.com\/en\/tienda\/accesorios\/para-audio\/rack\/rack-proel-4-espacios-mod-cr124blkm\/","title":{"rendered":"RACK PROEL 4 ESPACIOS MOD. CR124BLKM"},"content":{"rendered":"<div style=\"text-align: justify\">\n<div>\n<h3>La mejor opci\u00f3n.<\/h3>\n<\/div>\n<div>Rack est\u00e1ndar de 19&#8243; pulgadas hecho de contrachapado marino de 5 capas con enlace fen\u00f3lico de 8 mm de espesor. Revestimiento laminado negro resistente a los ara\u00f1azos con interior pintado en color negro. Provisto de peque\u00f1os cierres de mariposa de acero, manijas en la superficie (cargadas por resorte), esquina de bola de acero, perfil de aluminio y patas de goma de grado industrial. Se incluyen rieles de rack est\u00e1ndar en la parte delantera y los n\u00fameros de tornillos de riel de instalaci\u00f3n, rondanas y tuercas. Profundidad apilable: 25 cm.<\/div>\n<div>\n<h4>Quick look<\/h4>\n<\/div>\n<ul style=\"margin: 0px 0px 0px 25px\">\n<li style=\"list-style-type: circle;margin: 5px\">Kind.<\/li>\n<li style=\"list-style-type: circle;margin: 5px\">Materiales.<\/li>\n<li style=\"list-style-type: circle;margin: 5px\">Profundidad interior utilizable.<\/li>\n<li style=\"list-style-type: circle;margin: 5px\">Altura interna \u00fatil superior\/inferior.<\/li>\n<li style=\"list-style-type: circle;margin: 5px\">Terminado interno.<\/li>\n<li style=\"list-style-type: circle;margin: 5px\">Accessories included.<\/li>\n<\/ul>\n<div>\n<div style=\"font-weight: bold\">Kind.<\/div>\n<div>\n<p>Rack de 19&#8243; pulgadas de 4 espacios.<\/p>\n<\/div>\n<div style=\"font-weight: bold\">Materiales.<\/div>\n<div>\n<p>Fabricado con madera contrachapada marina con uni\u00f3n fen\u00f3lica de 5 mm de espesor. Revestimiento laminado negro resistente a los ara\u00f1azos. Esquina de bola de acero. Perfil de aluminio. Patas negras de goma. 4 peque\u00f1as mariposas de acero galvanizado. 2 manijas de acero galvanizado con resorte. Riel delantero.<\/p>\n<\/div>\n<div style=\"font-weight: bold\">Profundidad interior utilizable.<\/div>\n<div>\n<p>250 mm.<\/p>\n<\/div>\n<div style=\"font-weight: bold\">Altura interna \u00fatil superior\/inferior.<\/div>\n<div>\n<p>70 mm.<\/p>\n<\/div>\n<div style=\"font-weight: bold\">Terminado interno.<\/div>\n<div>\n<p>Color negro.<\/p>\n<\/div>\n<div style=\"font-weight: bold\">Accessories included.<\/div>\n<div>\n<p>Juego completo de tornillos, arandelas y tuercas.<\/p>\n<\/div>\n<\/div>\n<\/div>","protected":false},"excerpt":{"rendered":"<p>Rack de 19\u201d pulgadas de 4 espacios, fabricado con madera contrachapada marina con uni\u00f3n fen\u00f3lica de 5 mm de espesor, revestimiento laminado negro resistente a los ara\u00f1azos, esquina de bola de acero y perfil de aluminio, profundidad interior utilizable: 250 mm, altura interna \u00fatil superior\/inferior: 70 mm, terminado interno en color negro, 4 peque\u00f1as mariposas de acero galvanizado, 2 manijas de acero galvanizado con resorte, riel delantero, juego completo de tornillos, arandelas y tuercas, patas negras de goma.&hellip; <a class=\"kt-excerpt-readmore more-link\" href=\"https:\/\/www.mexicanguitarplayers.com\/en\/tienda\/accesorios\/para-audio\/rack\/rack-proel-4-espacios-mod-cr124blkm\/\">Read more<\/a><\/p>","protected":false},"featured_media":38571,"comment_status":"open","ping_status":"closed","template":"","meta":{"kt_blocks_editor_width":""},"pwb-brand":[252],"product_brand":[],"product_cat":[85,410,411],"product_tag":[],"class_list":{"0":"post-38581","1":"product","2":"type-product","3":"status-publish","4":"has-post-thumbnail","6":"pwb-brand-proel","7":"product_cat-accesorios","8":"product_cat-para-audio","9":"product_cat-rack","10":"product_shipping_class-5-10-kg","12":"first","13":"instock","14":"taxable","15":"shipping-taxable","16":"purchasable","17":"product-type-simple"},"yoast_head":"<!-- This site is optimized with the Yoast SEO plugin v27.5 - https:\/\/yoast.com\/product\/yoast-seo-wordpress\/ -->\n<title>RACK PROEL 4 ESPACIOS MOD. CR124BLKM - Mexican Guitar Players<\/title>\n<meta name=\"description\" content=\"Rack de 19\u201d pulgadas de 4 espacios, fabricado con madera contrachapada marina con uni\u00f3n fen\u00f3lica de 5 mm de espesor, revestimiento laminado negro resistente a los ara\u00f1azos, esquina de bola de acero y perfil de aluminio, profundidad interior utilizable: 250 mm, altura interna \u00fatil superior\/inferior: 70 mm, terminado interno en color negro, 4 peque\u00f1as mariposas de acero galvanizado, 2 manijas de acero galvanizado con resorte, riel delantero, juego completo de tornillos, arandelas y tuercas, patas negras de goma.\" \/>\n<meta name=\"robots\" content=\"index, follow, max-snippet:-1, max-image-preview:large, max-video-preview:-1\" \/>\n<link rel=\"canonical\" href=\"https:\/\/www.mexicanguitarplayers.com\/en\/tienda\/sin%20categor\u00eda\/rack-proel-4-espacios-mod-cr124blkm\/\" \/>\n<meta property=\"og:locale\" content=\"en_US\" \/>\n<meta property=\"og:type\" content=\"article\" \/>\n<meta property=\"og:title\" content=\"RACK PROEL 4 ESPACIOS MOD. CR124BLKM - Mexican Guitar Players\" \/>\n<meta property=\"og:description\" content=\"Rack de 19\u201d pulgadas de 4 espacios, fabricado con madera contrachapada marina con uni\u00f3n fen\u00f3lica de 5 mm de espesor, revestimiento laminado negro resistente a los ara\u00f1azos, esquina de bola de acero y perfil de aluminio, profundidad interior utilizable: 250 mm, altura interna \u00fatil superior\/inferior: 70 mm, terminado interno en color negro, 4 peque\u00f1as mariposas de acero galvanizado, 2 manijas de acero galvanizado con resorte, riel delantero, juego completo de tornillos, arandelas y tuercas, patas negras de goma.\" \/>\n<meta property=\"og:url\" content=\"https:\/\/www.mexicanguitarplayers.com\/en\/tienda\/sin categor\u00eda\/rack-proel-4-espacios-mod-cr124blkm\/\" \/>\n<meta property=\"og:site_name\" content=\"Mexican Guitar Players\" \/>\n<meta property=\"article:modified_time\" content=\"2026-05-01T13:18:43+00:00\" \/>\n<meta name=\"twitter:card\" content=\"summary_large_image\" \/>\n<meta name=\"twitter:label1\" content=\"Est. reading time\" \/>\n\t<meta name=\"twitter:data1\" content=\"1 minute\" \/>\n<script type=\"application\/ld+json\" class=\"yoast-schema-graph\">{\"@context\":\"https:\\\/\\\/schema.org\",\"@graph\":[{\"@type\":[\"WebPage\",\"ItemPage\"],\"@id\":\"https:\\\/\\\/www.mexicanguitarplayers.com\\\/tienda\\\/sin categor\u00eda\\\/rack-proel-4-espacios-mod-cr124blkm\\\/\",\"url\":\"https:\\\/\\\/www.mexicanguitarplayers.com\\\/tienda\\\/sin categor\u00eda\\\/rack-proel-4-espacios-mod-cr124blkm\\\/\",\"name\":\"RACK PROEL 4 ESPACIOS MOD. CR124BLKM - Mexican Guitar Players\",\"isPartOf\":{\"@id\":\"https:\\\/\\\/www.mexicanguitarplayers.com\\\/#website\"},\"primaryImageOfPage\":{\"@id\":\"https:\\\/\\\/www.mexicanguitarplayers.com\\\/tienda\\\/sin categor\u00eda\\\/rack-proel-4-espacios-mod-cr124blkm\\\/#primaryimage\"},\"image\":{\"@id\":\"https:\\\/\\\/www.mexicanguitarplayers.com\\\/tienda\\\/sin categor\u00eda\\\/rack-proel-4-espacios-mod-cr124blkm\\\/#primaryimage\"},\"thumbnailUrl\":\"https:\\\/\\\/www.mexicanguitarplayers.com\\\/wp-content\\\/uploads\\\/2025\\\/04\\\/VAPRECR124BLKM.jpg\",\"datePublished\":\"2025-04-09T12:13:57+00:00\",\"dateModified\":\"2026-05-01T13:18:43+00:00\",\"description\":\"Rack de 19\u201d pulgadas de 4 espacios, fabricado con madera contrachapada marina con uni\u00f3n fen\u00f3lica de 5 mm de espesor, revestimiento laminado negro resistente a los ara\u00f1azos, esquina de bola de acero y perfil de aluminio, profundidad interior utilizable: 250 mm, altura interna \u00fatil superior\\\/inferior: 70 mm, terminado interno en color negro, 4 peque\u00f1as mariposas de acero galvanizado, 2 manijas de acero galvanizado con resorte, riel delantero, juego completo de tornillos, arandelas y tuercas, patas negras de goma.\",\"breadcrumb\":{\"@id\":\"https:\\\/\\\/www.mexicanguitarplayers.com\\\/tienda\\\/sin categor\u00eda\\\/rack-proel-4-espacios-mod-cr124blkm\\\/#breadcrumb\"},\"inLanguage\":\"en-US\",\"potentialAction\":[{\"@type\":\"ReadAction\",\"target\":[\"https:\\\/\\\/www.mexicanguitarplayers.com\\\/tienda\\\/sin categor\u00eda\\\/rack-proel-4-espacios-mod-cr124blkm\\\/\"]}]},{\"@type\":\"ImageObject\",\"inLanguage\":\"en-US\",\"@id\":\"https:\\\/\\\/www.mexicanguitarplayers.com\\\/tienda\\\/sin categor\u00eda\\\/rack-proel-4-espacios-mod-cr124blkm\\\/#primaryimage\",\"url\":\"https:\\\/\\\/www.mexicanguitarplayers.com\\\/wp-content\\\/uploads\\\/2025\\\/04\\\/VAPRECR124BLKM.jpg\",\"contentUrl\":\"https:\\\/\\\/www.mexicanguitarplayers.com\\\/wp-content\\\/uploads\\\/2025\\\/04\\\/VAPRECR124BLKM.jpg\",\"width\":1200,\"height\":1200},{\"@type\":\"BreadcrumbList\",\"@id\":\"https:\\\/\\\/www.mexicanguitarplayers.com\\\/tienda\\\/sin categor\u00eda\\\/rack-proel-4-espacios-mod-cr124blkm\\\/#breadcrumb\",\"itemListElement\":[{\"@type\":\"ListItem\",\"position\":1,\"name\":\"Portada\",\"item\":\"https:\\\/\\\/www.mexicanguitarplayers.com\\\/\"},{\"@type\":\"ListItem\",\"position\":2,\"name\":\"Tienda\",\"item\":\"https:\\\/\\\/www.mexicanguitarplayers.com\\\/tienda\\\/\"},{\"@type\":\"ListItem\",\"position\":3,\"name\":\"RACK PROEL 4 ESPACIOS MOD. CR124BLKM\"}]},{\"@type\":\"WebSite\",\"@id\":\"https:\\\/\\\/www.mexicanguitarplayers.com\\\/#website\",\"url\":\"https:\\\/\\\/www.mexicanguitarplayers.com\\\/\",\"name\":\"Mexican Guitar Players\",\"description\":\"Website\",\"publisher\":{\"@id\":\"https:\\\/\\\/www.mexicanguitarplayers.com\\\/#organization\"},\"potentialAction\":[{\"@type\":\"SearchAction\",\"target\":{\"@type\":\"EntryPoint\",\"urlTemplate\":\"https:\\\/\\\/www.mexicanguitarplayers.com\\\/?s={search_term_string}\"},\"query-input\":{\"@type\":\"PropertyValueSpecification\",\"valueRequired\":true,\"valueName\":\"search_term_string\"}}],\"inLanguage\":\"en-US\"},{\"@type\":\"Organization\",\"@id\":\"https:\\\/\\\/www.mexicanguitarplayers.com\\\/#organization\",\"name\":\"Mexican Guitar Players\",\"url\":\"https:\\\/\\\/www.mexicanguitarplayers.com\\\/\",\"logo\":{\"@type\":\"ImageObject\",\"inLanguage\":\"en-US\",\"@id\":\"https:\\\/\\\/www.mexicanguitarplayers.com\\\/#\\\/schema\\\/logo\\\/image\\\/\",\"url\":\"\",\"contentUrl\":\"\",\"caption\":\"Mexican Guitar Players\"},\"image\":{\"@id\":\"https:\\\/\\\/www.mexicanguitarplayers.com\\\/#\\\/schema\\\/logo\\\/image\\\/\"}}]}<\/script>\n<!-- \/ Yoast SEO plugin. -->","yoast_head_json":{"title":"RACK PROEL 4 ESPACIOS MOD. CR124BLKM - Mexican Guitar Players","description":"Rack de 19\u201d pulgadas de 4 espacios, fabricado con madera contrachapada marina con uni\u00f3n fen\u00f3lica de 5 mm de espesor, revestimiento laminado negro resistente a los ara\u00f1azos, esquina de bola de acero y perfil de aluminio, profundidad interior utilizable: 250 mm, altura interna \u00fatil superior\/inferior: 70 mm, terminado interno en color negro, 4 peque\u00f1as mariposas de acero galvanizado, 2 manijas de acero galvanizado con resorte, riel delantero, juego completo de tornillos, arandelas y tuercas, patas negras de goma.","robots":{"index":"index","follow":"follow","max-snippet":"max-snippet:-1","max-image-preview":"max-image-preview:large","max-video-preview":"max-video-preview:-1"},"canonical":"https:\/\/www.mexicanguitarplayers.com\/en\/tienda\/sin categor\u00eda\/rack-proel-4-espacios-mod-cr124blkm\/","og_locale":"en_US","og_type":"article","og_title":"RACK PROEL 4 ESPACIOS MOD. CR124BLKM - Mexican Guitar Players","og_description":"Rack de 19\u201d pulgadas de 4 espacios, fabricado con madera contrachapada marina con uni\u00f3n fen\u00f3lica de 5 mm de espesor, revestimiento laminado negro resistente a los ara\u00f1azos, esquina de bola de acero y perfil de aluminio, profundidad interior utilizable: 250 mm, altura interna \u00fatil superior\/inferior: 70 mm, terminado interno en color negro, 4 peque\u00f1as mariposas de acero galvanizado, 2 manijas de acero galvanizado con resorte, riel delantero, juego completo de tornillos, arandelas y tuercas, patas negras de goma.","og_url":"https:\/\/www.mexicanguitarplayers.com\/en\/tienda\/sin categor\u00eda\/rack-proel-4-espacios-mod-cr124blkm\/","og_site_name":"Mexican Guitar Players","article_modified_time":"2026-05-01T13:18:43+00:00","twitter_card":"summary_large_image","twitter_misc":{"Est. reading time":"1 minute"},"schema":{"@context":"https:\/\/schema.org","@graph":[{"@type":["WebPage","ItemPage"],"@id":"https:\/\/www.mexicanguitarplayers.com\/tienda\/sin categor\u00eda\/rack-proel-4-espacios-mod-cr124blkm\/","url":"https:\/\/www.mexicanguitarplayers.com\/tienda\/sin categor\u00eda\/rack-proel-4-espacios-mod-cr124blkm\/","name":"RACK PROEL 4 ESPACIOS MOD. CR124BLKM - Mexican Guitar Players","isPartOf":{"@id":"https:\/\/www.mexicanguitarplayers.com\/#website"},"primaryImageOfPage":{"@id":"https:\/\/www.mexicanguitarplayers.com\/tienda\/sin categor\u00eda\/rack-proel-4-espacios-mod-cr124blkm\/#primaryimage"},"image":{"@id":"https:\/\/www.mexicanguitarplayers.com\/tienda\/sin categor\u00eda\/rack-proel-4-espacios-mod-cr124blkm\/#primaryimage"},"thumbnailUrl":"https:\/\/www.mexicanguitarplayers.com\/wp-content\/uploads\/2025\/04\/VAPRECR124BLKM.jpg","datePublished":"2025-04-09T12:13:57+00:00","dateModified":"2026-05-01T13:18:43+00:00","description":"Rack de 19\u201d pulgadas de 4 espacios, fabricado con madera contrachapada marina con uni\u00f3n fen\u00f3lica de 5 mm de espesor, revestimiento laminado negro resistente a los ara\u00f1azos, esquina de bola de acero y perfil de aluminio, profundidad interior utilizable: 250 mm, altura interna \u00fatil superior\/inferior: 70 mm, terminado interno en color negro, 4 peque\u00f1as mariposas de acero galvanizado, 2 manijas de acero galvanizado con resorte, riel delantero, juego completo de tornillos, arandelas y tuercas, patas negras de goma.","breadcrumb":{"@id":"https:\/\/www.mexicanguitarplayers.com\/tienda\/sin categor\u00eda\/rack-proel-4-espacios-mod-cr124blkm\/#breadcrumb"},"inLanguage":"en-US","potentialAction":[{"@type":"ReadAction","target":["https:\/\/www.mexicanguitarplayers.com\/tienda\/sin categor\u00eda\/rack-proel-4-espacios-mod-cr124blkm\/"]}]},{"@type":"ImageObject","inLanguage":"en-US","@id":"https:\/\/www.mexicanguitarplayers.com\/tienda\/sin categor\u00eda\/rack-proel-4-espacios-mod-cr124blkm\/#primaryimage","url":"https:\/\/www.mexicanguitarplayers.com\/wp-content\/uploads\/2025\/04\/VAPRECR124BLKM.jpg","contentUrl":"https:\/\/www.mexicanguitarplayers.com\/wp-content\/uploads\/2025\/04\/VAPRECR124BLKM.jpg","width":1200,"height":1200},{"@type":"BreadcrumbList","@id":"https:\/\/www.mexicanguitarplayers.com\/tienda\/sin categor\u00eda\/rack-proel-4-espacios-mod-cr124blkm\/#breadcrumb","itemListElement":[{"@type":"ListItem","position":1,"name":"Portada","item":"https:\/\/www.mexicanguitarplayers.com\/"},{"@type":"ListItem","position":2,"name":"Tienda","item":"https:\/\/www.mexicanguitarplayers.com\/tienda\/"},{"@type":"ListItem","position":3,"name":"RACK PROEL 4 ESPACIOS MOD. CR124BLKM"}]},{"@type":"WebSite","@id":"https:\/\/www.mexicanguitarplayers.com\/#website","url":"https:\/\/www.mexicanguitarplayers.com\/","name":"Mexican Guitar Players","description":"Website","publisher":{"@id":"https:\/\/www.mexicanguitarplayers.com\/#organization"},"potentialAction":[{"@type":"SearchAction","target":{"@type":"EntryPoint","urlTemplate":"https:\/\/www.mexicanguitarplayers.com\/?s={search_term_string}"},"query-input":{"@type":"PropertyValueSpecification","valueRequired":true,"valueName":"search_term_string"}}],"inLanguage":"en-US"},{"@type":"Organization","@id":"https:\/\/www.mexicanguitarplayers.com\/#organization","name":"Mexican Guitar Players","url":"https:\/\/www.mexicanguitarplayers.com\/","logo":{"@type":"ImageObject","inLanguage":"en-US","@id":"https:\/\/www.mexicanguitarplayers.com\/#\/schema\/logo\/image\/","url":"","contentUrl":"","caption":"Mexican Guitar Players"},"image":{"@id":"https:\/\/www.mexicanguitarplayers.com\/#\/schema\/logo\/image\/"}}]}},"brands":[{"id":252,"name":"PROEL","slug":"proel"}],"_links":{"self":[{"href":"https:\/\/www.mexicanguitarplayers.com\/en\/wp-json\/wp\/v2\/product\/38581","targetHints":{"allow":["GET"]}}],"collection":[{"href":"https:\/\/www.mexicanguitarplayers.com\/en\/wp-json\/wp\/v2\/product"}],"about":[{"href":"https:\/\/www.mexicanguitarplayers.com\/en\/wp-json\/wp\/v2\/types\/product"}],"replies":[{"embeddable":true,"href":"https:\/\/www.mexicanguitarplayers.com\/en\/wp-json\/wp\/v2\/comments?post=38581"}],"wp:featuredmedia":[{"embeddable":true,"href":"https:\/\/www.mexicanguitarplayers.com\/en\/wp-json\/wp\/v2\/media\/38571"}],"wp:attachment":[{"href":"https:\/\/www.mexicanguitarplayers.com\/en\/wp-json\/wp\/v2\/media?parent=38581"}],"wp:term":[{"taxonomy":"pwb-brand","embeddable":true,"href":"https:\/\/www.mexicanguitarplayers.com\/en\/wp-json\/wp\/v2\/pwb-brand?post=38581"},{"taxonomy":"product_brand","embeddable":true,"href":"https:\/\/www.mexicanguitarplayers.com\/en\/wp-json\/wp\/v2\/product_brand?post=38581"},{"taxonomy":"product_cat","embeddable":true,"href":"https:\/\/www.mexicanguitarplayers.com\/en\/wp-json\/wp\/v2\/product_cat?post=38581"},{"taxonomy":"product_tag","embeddable":true,"href":"https:\/\/www.mexicanguitarplayers.com\/en\/wp-json\/wp\/v2\/product_tag?post=38581"}],"curies":[{"name":"wp","href":"https:\/\/api.w.org\/{rel}","templated":true}]}}