{"id":38586,"date":"2025-04-09T06:14:04","date_gmt":"2025-04-09T12:14:04","guid":{"rendered":"https:\/\/www.mexicanguitarplayers.com\/tienda\/sin categor\u00eda\/amplificador-ashdown-original-hd-1-500\/"},"modified":"2026-04-10T04:22:37","modified_gmt":"2026-04-10T10:22:37","slug":"amplificador-ashdown-original-hd-1-500","status":"publish","type":"product","link":"https:\/\/www.mexicanguitarplayers.com\/en\/tienda\/cuerdas\/amplificadores-cuerdas\/amps-para-bajo\/amplificador-ashdown-original-hd-1-500\/","title":{"rendered":"AMPLIFICADOR ASHDOWN ORIGINAL HD-1-500"},"content":{"rendered":"<div style=\"text-align: justify\">\n<div>\n<h3>Peque\u00f1o, vers\u00e1til y muy asequible.<\/h3>\n<\/div>\n<div>Este cabezal de amplificador de bajo, ligero y port\u00e1til, proporciona un gran tono Ashdown en un paquete listo para concierto, muy vers\u00e1til pero muy asequible. Es perfecto para el bajista que busca la conveniencia de un amplificador de bajo altamente port\u00e1til con control directo pero potente. Con menos de 2.5 kg de peso, el cabezal OriginAL facilita el transporte. Y luego, marcar tu tono es a\u00fan m\u00e1s f\u00e1cil. El ecualizador de 5 bandas cuenta con control intuitivo para graves, medios y agudos, as\u00ed como perillas de alta y baja frecuencia. El loop de efectos frontal y la salida XLR DI son otro consejo para las comodidades modernas. Con su amplio poder, gran sonido, tama\u00f1o peque\u00f1o y caracter\u00edsticas amigables para el bajista, el cabezal Ashdown OriginAL buen merece tu atenci\u00f3n.<\/div>\n<div>\n<h4>Quick look<\/h4>\n<\/div>\n<ul style=\"margin: 0px 0px 0px 25px\">\n<li style=\"list-style-type: circle;margin: 5px\">Ecualizador simple pero potente.<\/li>\n<li style=\"list-style-type: circle;margin: 5px\">Totalmente conectado.<\/li>\n<li style=\"list-style-type: circle;margin: 5px\">Crea la plataforma perfecta.<\/li>\n<li style=\"list-style-type: circle;margin: 5px\">Listo para el uso rudo.<\/li>\n<li style=\"list-style-type: circle;margin: 5px\">Output power.<\/li>\n<li style=\"list-style-type: circle;margin: 5px\">Energy.<\/li>\n<li style=\"list-style-type: circle;margin: 5px\">Salida de altavoces.<\/li>\n<li style=\"list-style-type: circle;margin: 5px\">Impedancia de entrada de instrumento alta.<\/li>\n<li style=\"list-style-type: circle;margin: 5px\">Impedancia de entrada de instrumento baja.<\/li>\n<li style=\"list-style-type: circle;margin: 5px\">Salida de l\u00ednea.<\/li>\n<li style=\"list-style-type: circle;margin: 5px\">DI output.<\/li>\n<li style=\"list-style-type: circle;margin: 5px\">Impedancia m\u00ednima.<\/li>\n<li style=\"list-style-type: circle;margin: 5px\">Signal to noise ratio.<\/li>\n<li style=\"list-style-type: circle;margin: 5px\">Equalizer<\/li>\n<li style=\"list-style-type: circle;margin: 5px\">Impedancia de env\u00edo de efectos.<\/li>\n<li style=\"list-style-type: circle;margin: 5px\">Impedancia de retorno de efectos.<\/li>\n<li style=\"list-style-type: circle;margin: 5px\">Dimensions.<\/li>\n<li style=\"list-style-type: circle;margin: 5px\">Weight.<\/li>\n<\/ul>\n<div>\n<div style=\"font-weight: bold\">Ecualizador simple pero potente.<\/div>\n<div>\n<p>Con la se\u00f1al en su nivel \u00f3ptimo, luego toca un conjunto definido de caracter\u00edsticas dise\u00f1adas para mejorar tu tono. El cabezal OriginAL presenta un ecualizador de 5 bandas probado y comprobado, que controla tus graves, medios y agudos tradicionales con c\u00f3modos lo-mid y hi-mid  a cada lado del control medio variable. El control shape adicional esculpe a\u00fan m\u00e1s tu tono, levantando las frecuencias que realmente cuentan, como una cara sonriente en un ecualizador gr\u00e1fico. <\/p>\n<\/div>\n<div style=\"font-weight: bold\">Totalmente conectado.<\/div>\n<div>\n<p>El control de salida regula el volumen de salida del amplificador y resumir las caracter\u00edsticas en el panel frontal es una salida DI f\u00e1cil de alcanzar, as\u00ed como un env\u00edo y retorno FX independiente, que permite al amplificador establecer una ruta de se\u00f1al muy clara sin interrupciones.<\/p>\n<\/div>\n<div style=\"font-weight: bold\">Crea la plataforma perfecta.<\/div>\n<div>\n<p>En la parte posterior de esta unidad condensada hay una salida de aud\u00edfonos muy bien considerada, que duplica este cabezal listo para conciertos, como un gran dispositivo de pr\u00e1ctica en casa. Un par de conectores de 1\/4&#8243; con una carga m\u00ednima de 4 ohms, significa que el OriginAL HD-1 se puede usar para alimentar un s\u00f3lo gabinete de 8 ohms, un par de gabinetes de 8 ohms o un s\u00f3lo gabinete de 4 ohms.<\/p>\n<\/div>\n<div style=\"font-weight: bold\">Listo para el uso rudo.<\/div>\n<div>\n<p>El OriginAL es un peque\u00f1o pero resistente robot que utiliza pintura a prueba de rasgu\u00f1os sobre su chasis de acero y aleaci\u00f3n. Reteniendo un peso agradable pero pr\u00e1ctico, con ollas de control de sensaci\u00f3n de calidad, el OriginAL est\u00e1 dise\u00f1ado para durar toda la vida. OriginAL viene con un completo voltaje de protecci\u00f3n autom\u00e1tica para m\u00fasicos de gira mundial y un ventilador adaptable con control de temperatura para su uso en vivo y en estudio.<\/p>\n<\/div>\n<div style=\"font-weight: bold\">Output power.<\/div>\n<div>\n<p>500 Watts.<\/p>\n<\/div>\n<div style=\"font-weight: bold\">Energy.<\/div>\n<div>\n<p>115-230 Volts.<\/p>\n<\/div>\n<div style=\"font-weight: bold\">Salida de altavoces.<\/div>\n<div>\n<p>2 salidas jack.<\/p>\n<\/div>\n<div style=\"font-weight: bold\">Impedancia de entrada de instrumento alta.<\/div>\n<div>\n<p>3.9 milo-ohms, rango de entrada 150mV &#8211; 20mV p-p.<\/p>\n<\/div>\n<div style=\"font-weight: bold\">Impedancia de entrada de instrumento baja.<\/div>\n<div>\n<p>1 mili-ohm, rango de entrada 150mv to 10v p &#8211; p.<\/p>\n<\/div>\n<div style=\"font-weight: bold\">Salida de l\u00ednea.<\/div>\n<div>\n<p>Impedancia: 10 kilo-ohms, rango de entrada 300mV &#8211; 40V p-p.<\/p>\n<\/div>\n<div style=\"font-weight: bold\">DI output.<\/div>\n<div>\n<p>600 ohms balanceado \/ nivel nominal -20 debe.<\/p>\n<\/div>\n<div style=\"font-weight: bold\">Impedancia m\u00ednima.<\/div>\n<div>\n<p>4 ohms.<\/p>\n<\/div>\n<div style=\"font-weight: bold\">Signal to noise ratio.<\/div>\n<div>\n<p>Mejor que 80 dB (EQ flat).<\/p>\n<\/div>\n<div style=\"font-weight: bold\">Equalizer<\/div>\n<div>\n<p>Bass \u00b115 dB @ 100 Hz. Lo Mid \u00b115 dB @ 220 Hz. Middle \u00b115 dB @ 660 Hz. Hi Mid \u00b115 dB @ 1.6 kHz. Treble \u00b115 dB @ 7 kHz.<\/p>\n<\/div>\n<div style=\"font-weight: bold\">Impedancia de env\u00edo de efectos.<\/div>\n<div>\n<p>22 kilo-ohms \/ nivel nominal 0 dBu.<\/p>\n<\/div>\n<div style=\"font-weight: bold\">Impedancia de retorno de efectos.<\/div>\n<div>\n<p>22 kilo-ohms \/ nivel nominal 0 dBu.<\/p>\n<\/div>\n<div style=\"font-weight: bold\">Dimensions.<\/div>\n<div>\n<p>225 x 180 m x 78 mm.<\/p>\n<\/div>\n<div style=\"font-weight: bold\">Weight.<\/div>\n<div>\n<p>2.5 kg.<\/p>\n<\/div>\n<\/div>\n<\/div>","protected":false},"excerpt":{"rendered":"<p>Amplificador para bajo, modelo OriginAL HD-1, potencia de 500W, dos salidas de altavoz, ecualizador simple pero potente de 5 bandas, controla graves, medios y agudos tradicionales con c\u00f3modos lo-mid y hi-mid a cada lado del control medio variable, control shape adicional para esculpir a\u00fan m\u00e1s tu tono, control de salida que regula el volumen de salida del amplificador, salida de aud\u00edfonos, chasis de acero y aleaci\u00f3n con pintura a prueba de rasgu\u00f1os, dimensiones: 225 x 180 m x 78 mm, peso: 2.5 kg.&hellip; <a class=\"kt-excerpt-readmore more-link\" href=\"https:\/\/www.mexicanguitarplayers.com\/en\/tienda\/cuerdas\/amplificadores-cuerdas\/amps-para-bajo\/amplificador-ashdown-original-hd-1-500\/\">Read more<\/a><\/p>","protected":false},"featured_media":38582,"comment_status":"open","ping_status":"closed","template":"","meta":{"kt_blocks_editor_width":""},"pwb-brand":[257],"product_brand":[],"product_cat":[219,254,224],"product_tag":[],"class_list":{"0":"post-38586","1":"product","2":"type-product","3":"status-publish","4":"has-post-thumbnail","6":"pwb-brand-ashdown","7":"product_cat-amplificadores-audio","8":"product_cat-amps-para-bajo","9":"product_cat-cuerdas","10":"product_shipping_class-0-5-kg","12":"first","13":"outofstock","14":"taxable","15":"shipping-taxable","16":"purchasable","17":"product-type-simple"},"yoast_head":"<!-- This site is optimized with the Yoast SEO plugin v27.6 - https:\/\/yoast.com\/product\/yoast-seo-wordpress\/ -->\n<title>AMPLIFICADOR ASHDOWN ORIGINAL HD-1-500 - Mexican Guitar Players<\/title>\n<meta name=\"description\" content=\"Amplificador para bajo, modelo OriginAL HD-1, potencia de 500W, dos salidas de altavoz, ecualizador simple pero potente de 5 bandas, controla graves, medios y agudos tradicionales con c\u00f3modos lo-mid y hi-mid a cada lado del control medio variable, control shape adicional para esculpir a\u00fan m\u00e1s tu tono, control de salida que regula el volumen de salida del amplificador, salida de aud\u00edfonos, chasis de acero y aleaci\u00f3n con pintura a prueba de rasgu\u00f1os, dimensiones: 225 x 180 m x 78 mm, peso: 2.5 kg.\" \/>\n<meta name=\"robots\" content=\"index, follow, max-snippet:-1, max-image-preview:large, max-video-preview:-1\" \/>\n<link rel=\"canonical\" href=\"https:\/\/www.mexicanguitarplayers.com\/en\/tienda\/sin%20categor\u00eda\/amplificador-ashdown-original-hd-1-500\/\" \/>\n<meta property=\"og:locale\" content=\"en_US\" \/>\n<meta property=\"og:type\" content=\"article\" \/>\n<meta property=\"og:title\" content=\"AMPLIFICADOR ASHDOWN ORIGINAL HD-1-500 - Mexican Guitar Players\" \/>\n<meta property=\"og:description\" content=\"Amplificador para bajo, modelo OriginAL HD-1, potencia de 500W, dos salidas de altavoz, ecualizador simple pero potente de 5 bandas, controla graves, medios y agudos tradicionales con c\u00f3modos lo-mid y hi-mid a cada lado del control medio variable, control shape adicional para esculpir a\u00fan m\u00e1s tu tono, control de salida que regula el volumen de salida del amplificador, salida de aud\u00edfonos, chasis de acero y aleaci\u00f3n con pintura a prueba de rasgu\u00f1os, dimensiones: 225 x 180 m x 78 mm, peso: 2.5 kg.\" \/>\n<meta property=\"og:url\" content=\"https:\/\/www.mexicanguitarplayers.com\/en\/tienda\/sin categor\u00eda\/amplificador-ashdown-original-hd-1-500\/\" \/>\n<meta property=\"og:site_name\" content=\"Mexican Guitar Players\" \/>\n<meta property=\"article:modified_time\" content=\"2026-04-10T10:22:37+00:00\" \/>\n<meta name=\"twitter:card\" content=\"summary_large_image\" \/>\n<meta name=\"twitter:label1\" content=\"Est. reading time\" \/>\n\t<meta name=\"twitter:data1\" content=\"3 minutes\" \/>\n<script type=\"application\/ld+json\" class=\"yoast-schema-graph\">{\"@context\":\"https:\\\/\\\/schema.org\",\"@graph\":[{\"@type\":[\"WebPage\",\"ItemPage\"],\"@id\":\"https:\\\/\\\/www.mexicanguitarplayers.com\\\/tienda\\\/sin categor\u00eda\\\/amplificador-ashdown-original-hd-1-500\\\/\",\"url\":\"https:\\\/\\\/www.mexicanguitarplayers.com\\\/tienda\\\/sin categor\u00eda\\\/amplificador-ashdown-original-hd-1-500\\\/\",\"name\":\"AMPLIFICADOR ASHDOWN ORIGINAL HD-1-500 - Mexican Guitar Players\",\"isPartOf\":{\"@id\":\"https:\\\/\\\/www.mexicanguitarplayers.com\\\/#website\"},\"primaryImageOfPage\":{\"@id\":\"https:\\\/\\\/www.mexicanguitarplayers.com\\\/tienda\\\/sin categor\u00eda\\\/amplificador-ashdown-original-hd-1-500\\\/#primaryimage\"},\"image\":{\"@id\":\"https:\\\/\\\/www.mexicanguitarplayers.com\\\/tienda\\\/sin categor\u00eda\\\/amplificador-ashdown-original-hd-1-500\\\/#primaryimage\"},\"thumbnailUrl\":\"https:\\\/\\\/www.mexicanguitarplayers.com\\\/wp-content\\\/uploads\\\/2025\\\/04\\\/ICASOORIGINAL5.jpg\",\"datePublished\":\"2025-04-09T12:14:04+00:00\",\"dateModified\":\"2026-04-10T10:22:37+00:00\",\"description\":\"Amplificador para bajo, modelo OriginAL HD-1, potencia de 500W, dos salidas de altavoz, ecualizador simple pero potente de 5 bandas, controla graves, medios y agudos tradicionales con c\u00f3modos lo-mid y hi-mid a cada lado del control medio variable, control shape adicional para esculpir a\u00fan m\u00e1s tu tono, control de salida que regula el volumen de salida del amplificador, salida de aud\u00edfonos, chasis de acero y aleaci\u00f3n con pintura a prueba de rasgu\u00f1os, dimensiones: 225 x 180 m x 78 mm, peso: 2.5 kg.\",\"breadcrumb\":{\"@id\":\"https:\\\/\\\/www.mexicanguitarplayers.com\\\/tienda\\\/sin categor\u00eda\\\/amplificador-ashdown-original-hd-1-500\\\/#breadcrumb\"},\"inLanguage\":\"en-US\",\"potentialAction\":[{\"@type\":\"ReadAction\",\"target\":[\"https:\\\/\\\/www.mexicanguitarplayers.com\\\/tienda\\\/sin categor\u00eda\\\/amplificador-ashdown-original-hd-1-500\\\/\"]}]},{\"@type\":\"ImageObject\",\"inLanguage\":\"en-US\",\"@id\":\"https:\\\/\\\/www.mexicanguitarplayers.com\\\/tienda\\\/sin categor\u00eda\\\/amplificador-ashdown-original-hd-1-500\\\/#primaryimage\",\"url\":\"https:\\\/\\\/www.mexicanguitarplayers.com\\\/wp-content\\\/uploads\\\/2025\\\/04\\\/ICASOORIGINAL5.jpg\",\"contentUrl\":\"https:\\\/\\\/www.mexicanguitarplayers.com\\\/wp-content\\\/uploads\\\/2025\\\/04\\\/ICASOORIGINAL5.jpg\",\"width\":1600,\"height\":800},{\"@type\":\"BreadcrumbList\",\"@id\":\"https:\\\/\\\/www.mexicanguitarplayers.com\\\/tienda\\\/sin categor\u00eda\\\/amplificador-ashdown-original-hd-1-500\\\/#breadcrumb\",\"itemListElement\":[{\"@type\":\"ListItem\",\"position\":1,\"name\":\"Portada\",\"item\":\"https:\\\/\\\/www.mexicanguitarplayers.com\\\/\"},{\"@type\":\"ListItem\",\"position\":2,\"name\":\"Tienda\",\"item\":\"https:\\\/\\\/www.mexicanguitarplayers.com\\\/tienda\\\/\"},{\"@type\":\"ListItem\",\"position\":3,\"name\":\"AMPLIFICADOR ASHDOWN ORIGINAL HD-1-500\"}]},{\"@type\":\"WebSite\",\"@id\":\"https:\\\/\\\/www.mexicanguitarplayers.com\\\/#website\",\"url\":\"https:\\\/\\\/www.mexicanguitarplayers.com\\\/\",\"name\":\"Mexican Guitar Players\",\"description\":\"Website\",\"publisher\":{\"@id\":\"https:\\\/\\\/www.mexicanguitarplayers.com\\\/#organization\"},\"potentialAction\":[{\"@type\":\"SearchAction\",\"target\":{\"@type\":\"EntryPoint\",\"urlTemplate\":\"https:\\\/\\\/www.mexicanguitarplayers.com\\\/?s={search_term_string}\"},\"query-input\":{\"@type\":\"PropertyValueSpecification\",\"valueRequired\":true,\"valueName\":\"search_term_string\"}}],\"inLanguage\":\"en-US\"},{\"@type\":\"Organization\",\"@id\":\"https:\\\/\\\/www.mexicanguitarplayers.com\\\/#organization\",\"name\":\"Mexican Guitar Players\",\"url\":\"https:\\\/\\\/www.mexicanguitarplayers.com\\\/\",\"logo\":{\"@type\":\"ImageObject\",\"inLanguage\":\"en-US\",\"@id\":\"https:\\\/\\\/www.mexicanguitarplayers.com\\\/#\\\/schema\\\/logo\\\/image\\\/\",\"url\":\"\",\"contentUrl\":\"\",\"caption\":\"Mexican Guitar Players\"},\"image\":{\"@id\":\"https:\\\/\\\/www.mexicanguitarplayers.com\\\/#\\\/schema\\\/logo\\\/image\\\/\"}}]}<\/script>\n<!-- \/ Yoast SEO plugin. -->","yoast_head_json":{"title":"AMPLIFICADOR ASHDOWN ORIGINAL HD-1-500 - Mexican Guitar Players","description":"Amplificador para bajo, modelo OriginAL HD-1, potencia de 500W, dos salidas de altavoz, ecualizador simple pero potente de 5 bandas, controla graves, medios y agudos tradicionales con c\u00f3modos lo-mid y hi-mid a cada lado del control medio variable, control shape adicional para esculpir a\u00fan m\u00e1s tu tono, control de salida que regula el volumen de salida del amplificador, salida de aud\u00edfonos, chasis de acero y aleaci\u00f3n con pintura a prueba de rasgu\u00f1os, dimensiones: 225 x 180 m x 78 mm, peso: 2.5 kg.","robots":{"index":"index","follow":"follow","max-snippet":"max-snippet:-1","max-image-preview":"max-image-preview:large","max-video-preview":"max-video-preview:-1"},"canonical":"https:\/\/www.mexicanguitarplayers.com\/en\/tienda\/sin categor\u00eda\/amplificador-ashdown-original-hd-1-500\/","og_locale":"en_US","og_type":"article","og_title":"AMPLIFICADOR ASHDOWN ORIGINAL HD-1-500 - Mexican Guitar Players","og_description":"Amplificador para bajo, modelo OriginAL HD-1, potencia de 500W, dos salidas de altavoz, ecualizador simple pero potente de 5 bandas, controla graves, medios y agudos tradicionales con c\u00f3modos lo-mid y hi-mid a cada lado del control medio variable, control shape adicional para esculpir a\u00fan m\u00e1s tu tono, control de salida que regula el volumen de salida del amplificador, salida de aud\u00edfonos, chasis de acero y aleaci\u00f3n con pintura a prueba de rasgu\u00f1os, dimensiones: 225 x 180 m x 78 mm, peso: 2.5 kg.","og_url":"https:\/\/www.mexicanguitarplayers.com\/en\/tienda\/sin categor\u00eda\/amplificador-ashdown-original-hd-1-500\/","og_site_name":"Mexican Guitar Players","article_modified_time":"2026-04-10T10:22:37+00:00","twitter_card":"summary_large_image","twitter_misc":{"Est. reading time":"3 minutes"},"schema":{"@context":"https:\/\/schema.org","@graph":[{"@type":["WebPage","ItemPage"],"@id":"https:\/\/www.mexicanguitarplayers.com\/tienda\/sin categor\u00eda\/amplificador-ashdown-original-hd-1-500\/","url":"https:\/\/www.mexicanguitarplayers.com\/tienda\/sin categor\u00eda\/amplificador-ashdown-original-hd-1-500\/","name":"AMPLIFICADOR ASHDOWN ORIGINAL HD-1-500 - Mexican Guitar Players","isPartOf":{"@id":"https:\/\/www.mexicanguitarplayers.com\/#website"},"primaryImageOfPage":{"@id":"https:\/\/www.mexicanguitarplayers.com\/tienda\/sin categor\u00eda\/amplificador-ashdown-original-hd-1-500\/#primaryimage"},"image":{"@id":"https:\/\/www.mexicanguitarplayers.com\/tienda\/sin categor\u00eda\/amplificador-ashdown-original-hd-1-500\/#primaryimage"},"thumbnailUrl":"https:\/\/www.mexicanguitarplayers.com\/wp-content\/uploads\/2025\/04\/ICASOORIGINAL5.jpg","datePublished":"2025-04-09T12:14:04+00:00","dateModified":"2026-04-10T10:22:37+00:00","description":"Amplificador para bajo, modelo OriginAL HD-1, potencia de 500W, dos salidas de altavoz, ecualizador simple pero potente de 5 bandas, controla graves, medios y agudos tradicionales con c\u00f3modos lo-mid y hi-mid a cada lado del control medio variable, control shape adicional para esculpir a\u00fan m\u00e1s tu tono, control de salida que regula el volumen de salida del amplificador, salida de aud\u00edfonos, chasis de acero y aleaci\u00f3n con pintura a prueba de rasgu\u00f1os, dimensiones: 225 x 180 m x 78 mm, peso: 2.5 kg.","breadcrumb":{"@id":"https:\/\/www.mexicanguitarplayers.com\/tienda\/sin categor\u00eda\/amplificador-ashdown-original-hd-1-500\/#breadcrumb"},"inLanguage":"en-US","potentialAction":[{"@type":"ReadAction","target":["https:\/\/www.mexicanguitarplayers.com\/tienda\/sin categor\u00eda\/amplificador-ashdown-original-hd-1-500\/"]}]},{"@type":"ImageObject","inLanguage":"en-US","@id":"https:\/\/www.mexicanguitarplayers.com\/tienda\/sin categor\u00eda\/amplificador-ashdown-original-hd-1-500\/#primaryimage","url":"https:\/\/www.mexicanguitarplayers.com\/wp-content\/uploads\/2025\/04\/ICASOORIGINAL5.jpg","contentUrl":"https:\/\/www.mexicanguitarplayers.com\/wp-content\/uploads\/2025\/04\/ICASOORIGINAL5.jpg","width":1600,"height":800},{"@type":"BreadcrumbList","@id":"https:\/\/www.mexicanguitarplayers.com\/tienda\/sin categor\u00eda\/amplificador-ashdown-original-hd-1-500\/#breadcrumb","itemListElement":[{"@type":"ListItem","position":1,"name":"Portada","item":"https:\/\/www.mexicanguitarplayers.com\/"},{"@type":"ListItem","position":2,"name":"Tienda","item":"https:\/\/www.mexicanguitarplayers.com\/tienda\/"},{"@type":"ListItem","position":3,"name":"AMPLIFICADOR ASHDOWN ORIGINAL HD-1-500"}]},{"@type":"WebSite","@id":"https:\/\/www.mexicanguitarplayers.com\/#website","url":"https:\/\/www.mexicanguitarplayers.com\/","name":"Mexican Guitar Players","description":"Website","publisher":{"@id":"https:\/\/www.mexicanguitarplayers.com\/#organization"},"potentialAction":[{"@type":"SearchAction","target":{"@type":"EntryPoint","urlTemplate":"https:\/\/www.mexicanguitarplayers.com\/?s={search_term_string}"},"query-input":{"@type":"PropertyValueSpecification","valueRequired":true,"valueName":"search_term_string"}}],"inLanguage":"en-US"},{"@type":"Organization","@id":"https:\/\/www.mexicanguitarplayers.com\/#organization","name":"Mexican Guitar Players","url":"https:\/\/www.mexicanguitarplayers.com\/","logo":{"@type":"ImageObject","inLanguage":"en-US","@id":"https:\/\/www.mexicanguitarplayers.com\/#\/schema\/logo\/image\/","url":"","contentUrl":"","caption":"Mexican Guitar Players"},"image":{"@id":"https:\/\/www.mexicanguitarplayers.com\/#\/schema\/logo\/image\/"}}]}},"brands":[{"id":257,"name":"ASHDOWN","slug":"ashdown"}],"_links":{"self":[{"href":"https:\/\/www.mexicanguitarplayers.com\/en\/wp-json\/wp\/v2\/product\/38586","targetHints":{"allow":["GET"]}}],"collection":[{"href":"https:\/\/www.mexicanguitarplayers.com\/en\/wp-json\/wp\/v2\/product"}],"about":[{"href":"https:\/\/www.mexicanguitarplayers.com\/en\/wp-json\/wp\/v2\/types\/product"}],"replies":[{"embeddable":true,"href":"https:\/\/www.mexicanguitarplayers.com\/en\/wp-json\/wp\/v2\/comments?post=38586"}],"wp:featuredmedia":[{"embeddable":true,"href":"https:\/\/www.mexicanguitarplayers.com\/en\/wp-json\/wp\/v2\/media\/38582"}],"wp:attachment":[{"href":"https:\/\/www.mexicanguitarplayers.com\/en\/wp-json\/wp\/v2\/media?parent=38586"}],"wp:term":[{"taxonomy":"pwb-brand","embeddable":true,"href":"https:\/\/www.mexicanguitarplayers.com\/en\/wp-json\/wp\/v2\/pwb-brand?post=38586"},{"taxonomy":"product_brand","embeddable":true,"href":"https:\/\/www.mexicanguitarplayers.com\/en\/wp-json\/wp\/v2\/product_brand?post=38586"},{"taxonomy":"product_cat","embeddable":true,"href":"https:\/\/www.mexicanguitarplayers.com\/en\/wp-json\/wp\/v2\/product_cat?post=38586"},{"taxonomy":"product_tag","embeddable":true,"href":"https:\/\/www.mexicanguitarplayers.com\/en\/wp-json\/wp\/v2\/product_tag?post=38586"}],"curies":[{"name":"wp","href":"https:\/\/api.w.org\/{rel}","templated":true}]}}