{"id":38593,"date":"2025-04-09T06:14:13","date_gmt":"2025-04-09T12:14:13","guid":{"rendered":"https:\/\/www.mexicanguitarplayers.com\/tienda\/sin categor\u00eda\/soporte-proel-p-teclado-dhks50\/"},"modified":"2026-05-01T07:18:42","modified_gmt":"2026-05-01T13:18:42","slug":"soporte-proel-p-teclado-dhks50","status":"publish","type":"product","link":"https:\/\/www.mexicanguitarplayers.com\/en\/tienda\/accesorios\/stands\/para-instrumento-stands\/soporte-proel-p-teclado-dhks50\/","title":{"rendered":"SOPORTE PROEL P\/TECLADO   DHKS50"},"content":{"rendered":"<div style=\"text-align: justify\">\n<div>\n<h3>Para los teclados y pianos m\u00e1s pesados.<\/h3>\n<\/div>\n<div>Soporte de teclado de doble refuerzo y de alta resistencia, especialmente adecuado para teclados grandes y pianos digitales. Cuenta con tubos de acero de alta calidad y uniones de aluminio diecast que garantizan la m\u00e1xima fiabilidad. Provisto de un nuevo mecanismo de liberaci\u00f3n f\u00e1cil con tan solo tocar una palanca que permite una configuraci\u00f3n y selecci\u00f3n r\u00e1pidas de una de las cuatro posiciones de altura diferentes. Se suministran tapas de goma autonivelantes para el ajuste en superficies irregulares y garantizan una estabilidad adicional. Se suministra desmontado para facilitar el env\u00edo.<\/div>\n<div>\n<h4>Quick look<\/h4>\n<\/div>\n<ul style=\"margin: 0px 0px 0px 25px\">\n<li style=\"list-style-type: circle;margin: 5px\">Profundidad de los brazos superiores.<\/li>\n<li style=\"list-style-type: circle;margin: 5px\">Weight.<\/li>\n<li style=\"list-style-type: circle;margin: 5px\">Carga m\u00e1xima.<\/li>\n<li style=\"list-style-type: circle;margin: 5px\">Dimensiones plegado.<\/li>\n<li style=\"list-style-type: circle;margin: 5px\">Dimensiones abierto.<\/li>\n<\/ul>\n<div>\n<div style=\"font-weight: bold\">Profundidad de los brazos superiores.<\/div>\n<div>\n<p>380 mm.<\/p>\n<\/div>\n<div style=\"font-weight: bold\">Weight.<\/div>\n<div>\n<p>7.34 kg.<\/p>\n<\/div>\n<div style=\"font-weight: bold\">Carga m\u00e1xima.<\/div>\n<div>\n<p>90 kg.<\/p>\n<\/div>\n<div style=\"font-weight: bold\">Dimensiones plegado.<\/div>\n<div>\n<p>1050 x 135 x 510 mm.<\/p>\n<\/div>\n<div style=\"font-weight: bold\">Dimensiones abierto.<\/div>\n<div>\n<p>1) Ancho: 485 mm \/ Altura: 950 mm 2) Ancho: 590 mm \/ Altura: 880 mm 3) Ancho: 700 mm \/ Altura: 820 mm 4) Ancho: 790 mm \/ Altura: 710 mm<\/p>\n<\/div>\n<\/div>\n<\/div>","protected":false},"excerpt":{"rendered":"<p>Soporte de teclado de doble refuerzo, ideal para teclados grandes y pianos digitales, tubos de acero de alta calidad y uniones de aluminio diecast, mecanismo de liberaci\u00f3n f\u00e1cil, cuatro posiciones de altura diferentes, tapas de goma autonivelantes, peso: 7.34 kg, carga m\u00e1xima: 90 kg.&hellip; <a class=\"kt-excerpt-readmore more-link\" href=\"https:\/\/www.mexicanguitarplayers.com\/en\/tienda\/accesorios\/stands\/para-instrumento-stands\/soporte-proel-p-teclado-dhks50\/\">Read more<\/a><\/p>","protected":false},"featured_media":38592,"comment_status":"open","ping_status":"closed","template":"","meta":{"kt_blocks_editor_width":""},"pwb-brand":[252],"product_brand":[],"product_cat":[85,510,416],"product_tag":[],"class_list":{"0":"post-38593","1":"product","2":"type-product","3":"status-publish","4":"has-post-thumbnail","6":"pwb-brand-proel","7":"product_cat-accesorios","8":"product_cat-para-instrumento-stands","9":"product_cat-stands","10":"product_shipping_class-5-10-kg","12":"first","13":"instock","14":"taxable","15":"shipping-taxable","16":"purchasable","17":"product-type-simple"},"yoast_head":"<!-- This site is optimized with the Yoast SEO plugin v27.5 - https:\/\/yoast.com\/product\/yoast-seo-wordpress\/ -->\n<title>SOPORTE PROEL P\/TECLADO  DHKS50 - Mexican Guitar Players<\/title>\n<meta name=\"description\" content=\"Soporte de teclado de doble refuerzo, ideal para teclados grandes y pianos digitales, tubos de acero de alta calidad y uniones de aluminio diecast, mecanismo de liberaci\u00f3n f\u00e1cil, cuatro posiciones de altura diferentes, tapas de goma autonivelantes, peso: 7.34 kg, carga m\u00e1xima: 90 kg.\" \/>\n<meta name=\"robots\" content=\"index, follow, max-snippet:-1, max-image-preview:large, max-video-preview:-1\" \/>\n<link rel=\"canonical\" href=\"https:\/\/www.mexicanguitarplayers.com\/en\/tienda\/sin%20categor\u00eda\/soporte-proel-p-teclado-dhks50\/\" \/>\n<meta property=\"og:locale\" content=\"en_US\" \/>\n<meta property=\"og:type\" content=\"article\" \/>\n<meta property=\"og:title\" content=\"SOPORTE PROEL P\/TECLADO  DHKS50 - Mexican Guitar Players\" \/>\n<meta property=\"og:description\" content=\"Soporte de teclado de doble refuerzo, ideal para teclados grandes y pianos digitales, tubos de acero de alta calidad y uniones de aluminio diecast, mecanismo de liberaci\u00f3n f\u00e1cil, cuatro posiciones de altura diferentes, tapas de goma autonivelantes, peso: 7.34 kg, carga m\u00e1xima: 90 kg.\" \/>\n<meta property=\"og:url\" content=\"https:\/\/www.mexicanguitarplayers.com\/en\/tienda\/sin categor\u00eda\/soporte-proel-p-teclado-dhks50\/\" \/>\n<meta property=\"og:site_name\" content=\"Mexican Guitar Players\" \/>\n<meta property=\"article:modified_time\" content=\"2026-05-01T13:18:42+00:00\" \/>\n<meta name=\"twitter:card\" content=\"summary_large_image\" \/>\n<meta name=\"twitter:label1\" content=\"Est. reading time\" \/>\n\t<meta name=\"twitter:data1\" content=\"1 minute\" \/>\n<script type=\"application\/ld+json\" class=\"yoast-schema-graph\">{\"@context\":\"https:\\\/\\\/schema.org\",\"@graph\":[{\"@type\":[\"WebPage\",\"ItemPage\"],\"@id\":\"https:\\\/\\\/www.mexicanguitarplayers.com\\\/tienda\\\/sin categor\u00eda\\\/soporte-proel-p-teclado-dhks50\\\/\",\"url\":\"https:\\\/\\\/www.mexicanguitarplayers.com\\\/tienda\\\/sin categor\u00eda\\\/soporte-proel-p-teclado-dhks50\\\/\",\"name\":\"SOPORTE PROEL P\\\/TECLADO DHKS50 - Mexican Guitar Players\",\"isPartOf\":{\"@id\":\"https:\\\/\\\/www.mexicanguitarplayers.com\\\/#website\"},\"primaryImageOfPage\":{\"@id\":\"https:\\\/\\\/www.mexicanguitarplayers.com\\\/tienda\\\/sin categor\u00eda\\\/soporte-proel-p-teclado-dhks50\\\/#primaryimage\"},\"image\":{\"@id\":\"https:\\\/\\\/www.mexicanguitarplayers.com\\\/tienda\\\/sin categor\u00eda\\\/soporte-proel-p-teclado-dhks50\\\/#primaryimage\"},\"thumbnailUrl\":\"https:\\\/\\\/www.mexicanguitarplayers.com\\\/wp-content\\\/uploads\\\/2025\\\/04\\\/VAPREDHKS50.jpg\",\"datePublished\":\"2025-04-09T12:14:13+00:00\",\"dateModified\":\"2026-05-01T13:18:42+00:00\",\"description\":\"Soporte de teclado de doble refuerzo, ideal para teclados grandes y pianos digitales, tubos de acero de alta calidad y uniones de aluminio diecast, mecanismo de liberaci\u00f3n f\u00e1cil, cuatro posiciones de altura diferentes, tapas de goma autonivelantes, peso: 7.34 kg, carga m\u00e1xima: 90 kg.\",\"breadcrumb\":{\"@id\":\"https:\\\/\\\/www.mexicanguitarplayers.com\\\/tienda\\\/sin categor\u00eda\\\/soporte-proel-p-teclado-dhks50\\\/#breadcrumb\"},\"inLanguage\":\"en-US\",\"potentialAction\":[{\"@type\":\"ReadAction\",\"target\":[\"https:\\\/\\\/www.mexicanguitarplayers.com\\\/tienda\\\/sin categor\u00eda\\\/soporte-proel-p-teclado-dhks50\\\/\"]}]},{\"@type\":\"ImageObject\",\"inLanguage\":\"en-US\",\"@id\":\"https:\\\/\\\/www.mexicanguitarplayers.com\\\/tienda\\\/sin categor\u00eda\\\/soporte-proel-p-teclado-dhks50\\\/#primaryimage\",\"url\":\"https:\\\/\\\/www.mexicanguitarplayers.com\\\/wp-content\\\/uploads\\\/2025\\\/04\\\/VAPREDHKS50.jpg\",\"contentUrl\":\"https:\\\/\\\/www.mexicanguitarplayers.com\\\/wp-content\\\/uploads\\\/2025\\\/04\\\/VAPREDHKS50.jpg\",\"width\":1200,\"height\":1200},{\"@type\":\"BreadcrumbList\",\"@id\":\"https:\\\/\\\/www.mexicanguitarplayers.com\\\/tienda\\\/sin categor\u00eda\\\/soporte-proel-p-teclado-dhks50\\\/#breadcrumb\",\"itemListElement\":[{\"@type\":\"ListItem\",\"position\":1,\"name\":\"Portada\",\"item\":\"https:\\\/\\\/www.mexicanguitarplayers.com\\\/\"},{\"@type\":\"ListItem\",\"position\":2,\"name\":\"Tienda\",\"item\":\"https:\\\/\\\/www.mexicanguitarplayers.com\\\/tienda\\\/\"},{\"@type\":\"ListItem\",\"position\":3,\"name\":\"SOPORTE PROEL P\\\/TECLADO DHKS50\"}]},{\"@type\":\"WebSite\",\"@id\":\"https:\\\/\\\/www.mexicanguitarplayers.com\\\/#website\",\"url\":\"https:\\\/\\\/www.mexicanguitarplayers.com\\\/\",\"name\":\"Mexican Guitar Players\",\"description\":\"Website\",\"publisher\":{\"@id\":\"https:\\\/\\\/www.mexicanguitarplayers.com\\\/#organization\"},\"potentialAction\":[{\"@type\":\"SearchAction\",\"target\":{\"@type\":\"EntryPoint\",\"urlTemplate\":\"https:\\\/\\\/www.mexicanguitarplayers.com\\\/?s={search_term_string}\"},\"query-input\":{\"@type\":\"PropertyValueSpecification\",\"valueRequired\":true,\"valueName\":\"search_term_string\"}}],\"inLanguage\":\"en-US\"},{\"@type\":\"Organization\",\"@id\":\"https:\\\/\\\/www.mexicanguitarplayers.com\\\/#organization\",\"name\":\"Mexican Guitar Players\",\"url\":\"https:\\\/\\\/www.mexicanguitarplayers.com\\\/\",\"logo\":{\"@type\":\"ImageObject\",\"inLanguage\":\"en-US\",\"@id\":\"https:\\\/\\\/www.mexicanguitarplayers.com\\\/#\\\/schema\\\/logo\\\/image\\\/\",\"url\":\"\",\"contentUrl\":\"\",\"caption\":\"Mexican Guitar Players\"},\"image\":{\"@id\":\"https:\\\/\\\/www.mexicanguitarplayers.com\\\/#\\\/schema\\\/logo\\\/image\\\/\"}}]}<\/script>\n<!-- \/ Yoast SEO plugin. -->","yoast_head_json":{"title":"SOPORTE PROEL P\/TECLADO  DHKS50 - Mexican Guitar Players","description":"Soporte de teclado de doble refuerzo, ideal para teclados grandes y pianos digitales, tubos de acero de alta calidad y uniones de aluminio diecast, mecanismo de liberaci\u00f3n f\u00e1cil, cuatro posiciones de altura diferentes, tapas de goma autonivelantes, peso: 7.34 kg, carga m\u00e1xima: 90 kg.","robots":{"index":"index","follow":"follow","max-snippet":"max-snippet:-1","max-image-preview":"max-image-preview:large","max-video-preview":"max-video-preview:-1"},"canonical":"https:\/\/www.mexicanguitarplayers.com\/en\/tienda\/sin categor\u00eda\/soporte-proel-p-teclado-dhks50\/","og_locale":"en_US","og_type":"article","og_title":"SOPORTE PROEL P\/TECLADO  DHKS50 - Mexican Guitar Players","og_description":"Soporte de teclado de doble refuerzo, ideal para teclados grandes y pianos digitales, tubos de acero de alta calidad y uniones de aluminio diecast, mecanismo de liberaci\u00f3n f\u00e1cil, cuatro posiciones de altura diferentes, tapas de goma autonivelantes, peso: 7.34 kg, carga m\u00e1xima: 90 kg.","og_url":"https:\/\/www.mexicanguitarplayers.com\/en\/tienda\/sin categor\u00eda\/soporte-proel-p-teclado-dhks50\/","og_site_name":"Mexican Guitar Players","article_modified_time":"2026-05-01T13:18:42+00:00","twitter_card":"summary_large_image","twitter_misc":{"Est. reading time":"1 minute"},"schema":{"@context":"https:\/\/schema.org","@graph":[{"@type":["WebPage","ItemPage"],"@id":"https:\/\/www.mexicanguitarplayers.com\/tienda\/sin categor\u00eda\/soporte-proel-p-teclado-dhks50\/","url":"https:\/\/www.mexicanguitarplayers.com\/tienda\/sin categor\u00eda\/soporte-proel-p-teclado-dhks50\/","name":"SOPORTE PROEL P\/TECLADO DHKS50 - Mexican Guitar Players","isPartOf":{"@id":"https:\/\/www.mexicanguitarplayers.com\/#website"},"primaryImageOfPage":{"@id":"https:\/\/www.mexicanguitarplayers.com\/tienda\/sin categor\u00eda\/soporte-proel-p-teclado-dhks50\/#primaryimage"},"image":{"@id":"https:\/\/www.mexicanguitarplayers.com\/tienda\/sin categor\u00eda\/soporte-proel-p-teclado-dhks50\/#primaryimage"},"thumbnailUrl":"https:\/\/www.mexicanguitarplayers.com\/wp-content\/uploads\/2025\/04\/VAPREDHKS50.jpg","datePublished":"2025-04-09T12:14:13+00:00","dateModified":"2026-05-01T13:18:42+00:00","description":"Soporte de teclado de doble refuerzo, ideal para teclados grandes y pianos digitales, tubos de acero de alta calidad y uniones de aluminio diecast, mecanismo de liberaci\u00f3n f\u00e1cil, cuatro posiciones de altura diferentes, tapas de goma autonivelantes, peso: 7.34 kg, carga m\u00e1xima: 90 kg.","breadcrumb":{"@id":"https:\/\/www.mexicanguitarplayers.com\/tienda\/sin categor\u00eda\/soporte-proel-p-teclado-dhks50\/#breadcrumb"},"inLanguage":"en-US","potentialAction":[{"@type":"ReadAction","target":["https:\/\/www.mexicanguitarplayers.com\/tienda\/sin categor\u00eda\/soporte-proel-p-teclado-dhks50\/"]}]},{"@type":"ImageObject","inLanguage":"en-US","@id":"https:\/\/www.mexicanguitarplayers.com\/tienda\/sin categor\u00eda\/soporte-proel-p-teclado-dhks50\/#primaryimage","url":"https:\/\/www.mexicanguitarplayers.com\/wp-content\/uploads\/2025\/04\/VAPREDHKS50.jpg","contentUrl":"https:\/\/www.mexicanguitarplayers.com\/wp-content\/uploads\/2025\/04\/VAPREDHKS50.jpg","width":1200,"height":1200},{"@type":"BreadcrumbList","@id":"https:\/\/www.mexicanguitarplayers.com\/tienda\/sin categor\u00eda\/soporte-proel-p-teclado-dhks50\/#breadcrumb","itemListElement":[{"@type":"ListItem","position":1,"name":"Portada","item":"https:\/\/www.mexicanguitarplayers.com\/"},{"@type":"ListItem","position":2,"name":"Tienda","item":"https:\/\/www.mexicanguitarplayers.com\/tienda\/"},{"@type":"ListItem","position":3,"name":"SOPORTE PROEL P\/TECLADO DHKS50"}]},{"@type":"WebSite","@id":"https:\/\/www.mexicanguitarplayers.com\/#website","url":"https:\/\/www.mexicanguitarplayers.com\/","name":"Mexican Guitar Players","description":"Website","publisher":{"@id":"https:\/\/www.mexicanguitarplayers.com\/#organization"},"potentialAction":[{"@type":"SearchAction","target":{"@type":"EntryPoint","urlTemplate":"https:\/\/www.mexicanguitarplayers.com\/?s={search_term_string}"},"query-input":{"@type":"PropertyValueSpecification","valueRequired":true,"valueName":"search_term_string"}}],"inLanguage":"en-US"},{"@type":"Organization","@id":"https:\/\/www.mexicanguitarplayers.com\/#organization","name":"Mexican Guitar Players","url":"https:\/\/www.mexicanguitarplayers.com\/","logo":{"@type":"ImageObject","inLanguage":"en-US","@id":"https:\/\/www.mexicanguitarplayers.com\/#\/schema\/logo\/image\/","url":"","contentUrl":"","caption":"Mexican Guitar Players"},"image":{"@id":"https:\/\/www.mexicanguitarplayers.com\/#\/schema\/logo\/image\/"}}]}},"brands":[{"id":252,"name":"PROEL","slug":"proel"}],"_links":{"self":[{"href":"https:\/\/www.mexicanguitarplayers.com\/en\/wp-json\/wp\/v2\/product\/38593","targetHints":{"allow":["GET"]}}],"collection":[{"href":"https:\/\/www.mexicanguitarplayers.com\/en\/wp-json\/wp\/v2\/product"}],"about":[{"href":"https:\/\/www.mexicanguitarplayers.com\/en\/wp-json\/wp\/v2\/types\/product"}],"replies":[{"embeddable":true,"href":"https:\/\/www.mexicanguitarplayers.com\/en\/wp-json\/wp\/v2\/comments?post=38593"}],"wp:featuredmedia":[{"embeddable":true,"href":"https:\/\/www.mexicanguitarplayers.com\/en\/wp-json\/wp\/v2\/media\/38592"}],"wp:attachment":[{"href":"https:\/\/www.mexicanguitarplayers.com\/en\/wp-json\/wp\/v2\/media?parent=38593"}],"wp:term":[{"taxonomy":"pwb-brand","embeddable":true,"href":"https:\/\/www.mexicanguitarplayers.com\/en\/wp-json\/wp\/v2\/pwb-brand?post=38593"},{"taxonomy":"product_brand","embeddable":true,"href":"https:\/\/www.mexicanguitarplayers.com\/en\/wp-json\/wp\/v2\/product_brand?post=38593"},{"taxonomy":"product_cat","embeddable":true,"href":"https:\/\/www.mexicanguitarplayers.com\/en\/wp-json\/wp\/v2\/product_cat?post=38593"},{"taxonomy":"product_tag","embeddable":true,"href":"https:\/\/www.mexicanguitarplayers.com\/en\/wp-json\/wp\/v2\/product_tag?post=38593"}],"curies":[{"name":"wp","href":"https:\/\/api.w.org\/{rel}","templated":true}]}}