{"id":38614,"date":"2025-04-09T06:14:45","date_gmt":"2025-04-09T12:14:45","guid":{"rendered":"https:\/\/www.mexicanguitarplayers.com\/tienda\/sin categor\u00eda\/funda-gator-p-microfono-gm-dualw\/"},"modified":"2026-05-01T07:18:41","modified_gmt":"2026-05-01T13:18:41","slug":"funda-gator-p-microfono-gm-dualw","status":"publish","type":"product","link":"https:\/\/www.mexicanguitarplayers.com\/en\/tienda\/accesorios\/varios\/funda-gator-p-microfono-gm-dualw\/","title":{"rendered":"FUNDA GATOR P\/MICROFONO GM-DUALW"},"content":{"rendered":"<div style=\"text-align: justify\">\n<div>\n<h3>Estuche para sistemas inal\u00e1mbricos.<\/h3>\n<\/div>\n<div>La funda GM-DUALW para sistemas inal\u00e1mbricos est\u00e1 dise\u00f1ada para transportar y usar el sistema inal\u00e1mbrico Shure BLX o similares sin sacarlo de la funda. Esta funda de nylon se adapta a un receptor de hasta 12.1\u201d x 5.5\u201d x 1.6\u201d pulgadas y acomoda 2 micr\u00f3fonos inal\u00e1mbricos y 2 bodypacks. El interior reforzado incluye una correa segura para sostener el receptor y el compartimento en la parte trasera proporciona acceso completo al panel posterior. Las patas de goma en la parte inferior de la funda evitan el deslizamiento y prolongan la vida \u00fatil de la funda. Un bolsillo externo y una bolsa extra\u00edble en la parte posterior de la bolsa brindan un amplio espacio de almacenamiento. Incluye una ventana para poner una tarjeta de identificaci\u00f3n y una correa de hombre ajustable y extra\u00edble. Esta funda combina portabilidad y funcionalidad livianas.<\/div>\n<div>\n<h4>Quick look<\/h4>\n<\/div>\n<ul style=\"margin: 0px 0px 0px 25px\">\n<li style=\"list-style-type: circle;margin: 5px\">Dimensiones interiores.<\/li>\n<li style=\"list-style-type: circle;margin: 5px\">Dimensiones exteriores.<\/li>\n<li style=\"list-style-type: circle;margin: 5px\">Weight.<\/li>\n<\/ul>\n<div>\n<div style=\"font-weight: bold\">Dimensiones interiores.<\/div>\n<div>\n<p>Longitud interior: 14.5&#8243; (368.3 mm). Ancho interior: 10&#8243; (254 mm). Altura interior: 5.3&#8243; (134.62 mm).<\/p>\n<\/div>\n<div style=\"font-weight: bold\">Dimensiones exteriores.<\/div>\n<div>\n<p>Longitud exterior: 11&#8243; (279.4 mm). Ancho exterior: 15&#8243; (381 mm). Altura exterior: 5.5&#8243; (139.7 mm).<\/p>\n<\/div>\n<div style=\"font-weight: bold\">Weight.<\/div>\n<div>\n<p>0.8 kg.<\/p>\n<\/div>\n<\/div>\n<div>\n<h4>Characteristics<\/h4>\n<\/div>\n<div>\n<ul style=\"margin: 0px 0px 0px 25px\">\n<li style=\"list-style-type: circle;margin: 5px\">Funda para sistema inal\u00e1mbrico Shure BLX y similares.<\/li>\n<li style=\"list-style-type: circle;margin: 5px\">Acomoda un receptor inal\u00e1mbrico con dos micr\u00f3fonos y dos bodypacks.<\/li>\n<li style=\"list-style-type: circle;margin: 5px\">El sistema se puede utilizar dentro de la misma funda.<\/li>\n<li style=\"list-style-type: circle;margin: 5px\">Se adapta a receptores de hasta 12.1&#8243; x 5.5&#8243; x 1.6&#8243; pulgadas.<\/li>\n<li style=\"list-style-type: circle;margin: 5px\">Compartimento trasero abierto para acceso a panel.<\/li>\n<li style=\"list-style-type: circle;margin: 5px\">Fabricado con nylon Denier 600.<\/li>\n<li style=\"list-style-type: circle;margin: 5px\">Interior acolchado protector con correa de sujeci\u00f3n.<\/li>\n<li style=\"list-style-type: circle;margin: 5px\">Interior reforzado.<\/li>\n<li style=\"list-style-type: circle;margin: 5px\">Bolsillo de almacenamiento externo.<\/li>\n<li style=\"list-style-type: circle;margin: 5px\">Bolsa de almacenamiento extra\u00edble<\/li>\n<li style=\"list-style-type: circle;margin: 5px\">Correa de hombro ajustable y extra\u00edble.<\/li>\n<li style=\"list-style-type: circle;margin: 5px\">Patas protectoras.<\/li>\n<\/ul>\n<\/div>\n<\/div>","protected":false},"excerpt":{"rendered":"<p>Funda para sistema inal\u00e1mbrico Shure BLX y similares, acomoda un receptor inal\u00e1mbrico con dos micr\u00f3fonos y dos bodypacks, permite el uso del sistema inal\u00e1mbrico dentro de la funda, se adapta a receptores de hasta 12.1\u201d x 5.5\u201d x 1.6\u201d pulgadas, el compartimento trasero se abre para proporcionar acceso completo al panel posterior del receptor inal\u00e1mbrico, construcci\u00f3n ligera de nylon Denier 600, interior acolchado protector con correa de sujeci\u00f3n para el receptor, interior reforzado para proporcionar protecci\u00f3n adicional, gran bolsillo de almacenamiento externo con bolsa de almacenamiento extra\u00edble adicional en el compartimento trasero, ventana transparente para identificaci\u00f3n o tarjeta de visita, correa de hombro ajustable y extra\u00edble, patas protectoras.&hellip; <a class=\"kt-excerpt-readmore more-link\" href=\"https:\/\/www.mexicanguitarplayers.com\/en\/tienda\/accesorios\/varios\/funda-gator-p-microfono-gm-dualw\/\">Read more<\/a><\/p>","protected":false},"featured_media":38601,"comment_status":"open","ping_status":"closed","template":"","meta":{"kt_blocks_editor_width":""},"pwb-brand":[572],"product_brand":[],"product_cat":[85,517,249],"product_tag":[],"class_list":{"0":"post-38614","1":"product","2":"type-product","3":"status-publish","4":"has-post-thumbnail","6":"pwb-brand-gator","7":"product_cat-accesorios","8":"product_cat-estuches-y-fundas","9":"product_cat-varios","10":"product_shipping_class-0-5-kg","12":"first","13":"instock","14":"taxable","15":"shipping-taxable","16":"purchasable","17":"product-type-simple"},"yoast_head":"<!-- This site is optimized with the Yoast SEO plugin v27.6 - https:\/\/yoast.com\/product\/yoast-seo-wordpress\/ -->\n<title>FUNDA GATOR P\/MICROFONO GM-DUALW - Mexican Guitar Players<\/title>\n<meta name=\"description\" content=\"Funda para sistema inal\u00e1mbrico Shure BLX y similares, acomoda un receptor inal\u00e1mbrico con dos micr\u00f3fonos y dos bodypacks, permite el uso del sistema inal\u00e1mbrico dentro de la funda, se adapta a receptores de hasta 12.1\u201d x 5.5\u201d x 1.6\u201d pulgadas, el compartimento trasero se abre para proporcionar acceso completo al panel posterior del receptor inal\u00e1mbrico, construcci\u00f3n ligera de nylon Denier 600, interior acolchado protector con correa de sujeci\u00f3n para el receptor, interior reforzado para proporcionar protecci\u00f3n adicional, gran bolsillo de almacenamiento externo con bolsa de almacenamiento extra\u00edble adicional en el compartimento trasero, ventana transparente para identificaci\u00f3n o tarjeta de visita, correa de hombro ajustable y extra\u00edble, patas protectoras.\" \/>\n<meta name=\"robots\" content=\"index, follow, max-snippet:-1, max-image-preview:large, max-video-preview:-1\" \/>\n<link rel=\"canonical\" href=\"https:\/\/www.mexicanguitarplayers.com\/en\/tienda\/sin%20categor\u00eda\/funda-gator-p-microfono-gm-dualw\/\" \/>\n<meta property=\"og:locale\" content=\"en_US\" \/>\n<meta property=\"og:type\" content=\"article\" \/>\n<meta property=\"og:title\" content=\"FUNDA GATOR P\/MICROFONO GM-DUALW - Mexican Guitar Players\" \/>\n<meta property=\"og:description\" content=\"Funda para sistema inal\u00e1mbrico Shure BLX y similares, acomoda un receptor inal\u00e1mbrico con dos micr\u00f3fonos y dos bodypacks, permite el uso del sistema inal\u00e1mbrico dentro de la funda, se adapta a receptores de hasta 12.1\u201d x 5.5\u201d x 1.6\u201d pulgadas, el compartimento trasero se abre para proporcionar acceso completo al panel posterior del receptor inal\u00e1mbrico, construcci\u00f3n ligera de nylon Denier 600, interior acolchado protector con correa de sujeci\u00f3n para el receptor, interior reforzado para proporcionar protecci\u00f3n adicional, gran bolsillo de almacenamiento externo con bolsa de almacenamiento extra\u00edble adicional en el compartimento trasero, ventana transparente para identificaci\u00f3n o tarjeta de visita, correa de hombro ajustable y extra\u00edble, patas protectoras.\" \/>\n<meta property=\"og:url\" content=\"https:\/\/www.mexicanguitarplayers.com\/en\/tienda\/sin categor\u00eda\/funda-gator-p-microfono-gm-dualw\/\" \/>\n<meta property=\"og:site_name\" content=\"Mexican Guitar Players\" \/>\n<meta property=\"article:modified_time\" content=\"2026-05-01T13:18:41+00:00\" \/>\n<meta name=\"twitter:card\" content=\"summary_large_image\" \/>\n<meta name=\"twitter:label1\" content=\"Est. reading time\" \/>\n\t<meta name=\"twitter:data1\" content=\"1 minute\" \/>\n<script type=\"application\/ld+json\" class=\"yoast-schema-graph\">{\"@context\":\"https:\\\/\\\/schema.org\",\"@graph\":[{\"@type\":[\"WebPage\",\"ItemPage\"],\"@id\":\"https:\\\/\\\/www.mexicanguitarplayers.com\\\/tienda\\\/sin categor\u00eda\\\/funda-gator-p-microfono-gm-dualw\\\/\",\"url\":\"https:\\\/\\\/www.mexicanguitarplayers.com\\\/tienda\\\/sin categor\u00eda\\\/funda-gator-p-microfono-gm-dualw\\\/\",\"name\":\"FUNDA GATOR P\\\/MICROFONO GM-DUALW - Mexican Guitar Players\",\"isPartOf\":{\"@id\":\"https:\\\/\\\/www.mexicanguitarplayers.com\\\/#website\"},\"primaryImageOfPage\":{\"@id\":\"https:\\\/\\\/www.mexicanguitarplayers.com\\\/tienda\\\/sin categor\u00eda\\\/funda-gator-p-microfono-gm-dualw\\\/#primaryimage\"},\"image\":{\"@id\":\"https:\\\/\\\/www.mexicanguitarplayers.com\\\/tienda\\\/sin categor\u00eda\\\/funda-gator-p-microfono-gm-dualw\\\/#primaryimage\"},\"thumbnailUrl\":\"https:\\\/\\\/www.mexicanguitarplayers.com\\\/wp-content\\\/uploads\\\/2025\\\/04\\\/VAGATGMDUALW.jpg\",\"datePublished\":\"2025-04-09T12:14:45+00:00\",\"dateModified\":\"2026-05-01T13:18:41+00:00\",\"description\":\"Funda para sistema inal\u00e1mbrico Shure BLX y similares, acomoda un receptor inal\u00e1mbrico con dos micr\u00f3fonos y dos bodypacks, permite el uso del sistema inal\u00e1mbrico dentro de la funda, se adapta a receptores de hasta 12.1\u201d x 5.5\u201d x 1.6\u201d pulgadas, el compartimento trasero se abre para proporcionar acceso completo al panel posterior del receptor inal\u00e1mbrico, construcci\u00f3n ligera de nylon Denier 600, interior acolchado protector con correa de sujeci\u00f3n para el receptor, interior reforzado para proporcionar protecci\u00f3n adicional, gran bolsillo de almacenamiento externo con bolsa de almacenamiento extra\u00edble adicional en el compartimento trasero, ventana transparente para identificaci\u00f3n o tarjeta de visita, correa de hombro ajustable y extra\u00edble, patas protectoras.\",\"breadcrumb\":{\"@id\":\"https:\\\/\\\/www.mexicanguitarplayers.com\\\/tienda\\\/sin categor\u00eda\\\/funda-gator-p-microfono-gm-dualw\\\/#breadcrumb\"},\"inLanguage\":\"en-US\",\"potentialAction\":[{\"@type\":\"ReadAction\",\"target\":[\"https:\\\/\\\/www.mexicanguitarplayers.com\\\/tienda\\\/sin categor\u00eda\\\/funda-gator-p-microfono-gm-dualw\\\/\"]}]},{\"@type\":\"ImageObject\",\"inLanguage\":\"en-US\",\"@id\":\"https:\\\/\\\/www.mexicanguitarplayers.com\\\/tienda\\\/sin categor\u00eda\\\/funda-gator-p-microfono-gm-dualw\\\/#primaryimage\",\"url\":\"https:\\\/\\\/www.mexicanguitarplayers.com\\\/wp-content\\\/uploads\\\/2025\\\/04\\\/VAGATGMDUALW.jpg\",\"contentUrl\":\"https:\\\/\\\/www.mexicanguitarplayers.com\\\/wp-content\\\/uploads\\\/2025\\\/04\\\/VAGATGMDUALW.jpg\",\"width\":1200,\"height\":1200},{\"@type\":\"BreadcrumbList\",\"@id\":\"https:\\\/\\\/www.mexicanguitarplayers.com\\\/tienda\\\/sin categor\u00eda\\\/funda-gator-p-microfono-gm-dualw\\\/#breadcrumb\",\"itemListElement\":[{\"@type\":\"ListItem\",\"position\":1,\"name\":\"Portada\",\"item\":\"https:\\\/\\\/www.mexicanguitarplayers.com\\\/\"},{\"@type\":\"ListItem\",\"position\":2,\"name\":\"Tienda\",\"item\":\"https:\\\/\\\/www.mexicanguitarplayers.com\\\/tienda\\\/\"},{\"@type\":\"ListItem\",\"position\":3,\"name\":\"FUNDA GATOR P\\\/MICROFONO GM-DUALW\"}]},{\"@type\":\"WebSite\",\"@id\":\"https:\\\/\\\/www.mexicanguitarplayers.com\\\/#website\",\"url\":\"https:\\\/\\\/www.mexicanguitarplayers.com\\\/\",\"name\":\"Mexican Guitar Players\",\"description\":\"Website\",\"publisher\":{\"@id\":\"https:\\\/\\\/www.mexicanguitarplayers.com\\\/#organization\"},\"potentialAction\":[{\"@type\":\"SearchAction\",\"target\":{\"@type\":\"EntryPoint\",\"urlTemplate\":\"https:\\\/\\\/www.mexicanguitarplayers.com\\\/?s={search_term_string}\"},\"query-input\":{\"@type\":\"PropertyValueSpecification\",\"valueRequired\":true,\"valueName\":\"search_term_string\"}}],\"inLanguage\":\"en-US\"},{\"@type\":\"Organization\",\"@id\":\"https:\\\/\\\/www.mexicanguitarplayers.com\\\/#organization\",\"name\":\"Mexican Guitar Players\",\"url\":\"https:\\\/\\\/www.mexicanguitarplayers.com\\\/\",\"logo\":{\"@type\":\"ImageObject\",\"inLanguage\":\"en-US\",\"@id\":\"https:\\\/\\\/www.mexicanguitarplayers.com\\\/#\\\/schema\\\/logo\\\/image\\\/\",\"url\":\"\",\"contentUrl\":\"\",\"caption\":\"Mexican Guitar Players\"},\"image\":{\"@id\":\"https:\\\/\\\/www.mexicanguitarplayers.com\\\/#\\\/schema\\\/logo\\\/image\\\/\"}}]}<\/script>\n<!-- \/ Yoast SEO plugin. -->","yoast_head_json":{"title":"FUNDA GATOR P\/MICROFONO GM-DUALW - Mexican Guitar Players","description":"Funda para sistema inal\u00e1mbrico Shure BLX y similares, acomoda un receptor inal\u00e1mbrico con dos micr\u00f3fonos y dos bodypacks, permite el uso del sistema inal\u00e1mbrico dentro de la funda, se adapta a receptores de hasta 12.1\u201d x 5.5\u201d x 1.6\u201d pulgadas, el compartimento trasero se abre para proporcionar acceso completo al panel posterior del receptor inal\u00e1mbrico, construcci\u00f3n ligera de nylon Denier 600, interior acolchado protector con correa de sujeci\u00f3n para el receptor, interior reforzado para proporcionar protecci\u00f3n adicional, gran bolsillo de almacenamiento externo con bolsa de almacenamiento extra\u00edble adicional en el compartimento trasero, ventana transparente para identificaci\u00f3n o tarjeta de visita, correa de hombro ajustable y extra\u00edble, patas protectoras.","robots":{"index":"index","follow":"follow","max-snippet":"max-snippet:-1","max-image-preview":"max-image-preview:large","max-video-preview":"max-video-preview:-1"},"canonical":"https:\/\/www.mexicanguitarplayers.com\/en\/tienda\/sin categor\u00eda\/funda-gator-p-microfono-gm-dualw\/","og_locale":"en_US","og_type":"article","og_title":"FUNDA GATOR P\/MICROFONO GM-DUALW - Mexican Guitar Players","og_description":"Funda para sistema inal\u00e1mbrico Shure BLX y similares, acomoda un receptor inal\u00e1mbrico con dos micr\u00f3fonos y dos bodypacks, permite el uso del sistema inal\u00e1mbrico dentro de la funda, se adapta a receptores de hasta 12.1\u201d x 5.5\u201d x 1.6\u201d pulgadas, el compartimento trasero se abre para proporcionar acceso completo al panel posterior del receptor inal\u00e1mbrico, construcci\u00f3n ligera de nylon Denier 600, interior acolchado protector con correa de sujeci\u00f3n para el receptor, interior reforzado para proporcionar protecci\u00f3n adicional, gran bolsillo de almacenamiento externo con bolsa de almacenamiento extra\u00edble adicional en el compartimento trasero, ventana transparente para identificaci\u00f3n o tarjeta de visita, correa de hombro ajustable y extra\u00edble, patas protectoras.","og_url":"https:\/\/www.mexicanguitarplayers.com\/en\/tienda\/sin categor\u00eda\/funda-gator-p-microfono-gm-dualw\/","og_site_name":"Mexican Guitar Players","article_modified_time":"2026-05-01T13:18:41+00:00","twitter_card":"summary_large_image","twitter_misc":{"Est. reading time":"1 minute"},"schema":{"@context":"https:\/\/schema.org","@graph":[{"@type":["WebPage","ItemPage"],"@id":"https:\/\/www.mexicanguitarplayers.com\/tienda\/sin categor\u00eda\/funda-gator-p-microfono-gm-dualw\/","url":"https:\/\/www.mexicanguitarplayers.com\/tienda\/sin categor\u00eda\/funda-gator-p-microfono-gm-dualw\/","name":"FUNDA GATOR P\/MICROFONO GM-DUALW - Mexican Guitar Players","isPartOf":{"@id":"https:\/\/www.mexicanguitarplayers.com\/#website"},"primaryImageOfPage":{"@id":"https:\/\/www.mexicanguitarplayers.com\/tienda\/sin categor\u00eda\/funda-gator-p-microfono-gm-dualw\/#primaryimage"},"image":{"@id":"https:\/\/www.mexicanguitarplayers.com\/tienda\/sin categor\u00eda\/funda-gator-p-microfono-gm-dualw\/#primaryimage"},"thumbnailUrl":"https:\/\/www.mexicanguitarplayers.com\/wp-content\/uploads\/2025\/04\/VAGATGMDUALW.jpg","datePublished":"2025-04-09T12:14:45+00:00","dateModified":"2026-05-01T13:18:41+00:00","description":"Funda para sistema inal\u00e1mbrico Shure BLX y similares, acomoda un receptor inal\u00e1mbrico con dos micr\u00f3fonos y dos bodypacks, permite el uso del sistema inal\u00e1mbrico dentro de la funda, se adapta a receptores de hasta 12.1\u201d x 5.5\u201d x 1.6\u201d pulgadas, el compartimento trasero se abre para proporcionar acceso completo al panel posterior del receptor inal\u00e1mbrico, construcci\u00f3n ligera de nylon Denier 600, interior acolchado protector con correa de sujeci\u00f3n para el receptor, interior reforzado para proporcionar protecci\u00f3n adicional, gran bolsillo de almacenamiento externo con bolsa de almacenamiento extra\u00edble adicional en el compartimento trasero, ventana transparente para identificaci\u00f3n o tarjeta de visita, correa de hombro ajustable y extra\u00edble, patas protectoras.","breadcrumb":{"@id":"https:\/\/www.mexicanguitarplayers.com\/tienda\/sin categor\u00eda\/funda-gator-p-microfono-gm-dualw\/#breadcrumb"},"inLanguage":"en-US","potentialAction":[{"@type":"ReadAction","target":["https:\/\/www.mexicanguitarplayers.com\/tienda\/sin categor\u00eda\/funda-gator-p-microfono-gm-dualw\/"]}]},{"@type":"ImageObject","inLanguage":"en-US","@id":"https:\/\/www.mexicanguitarplayers.com\/tienda\/sin categor\u00eda\/funda-gator-p-microfono-gm-dualw\/#primaryimage","url":"https:\/\/www.mexicanguitarplayers.com\/wp-content\/uploads\/2025\/04\/VAGATGMDUALW.jpg","contentUrl":"https:\/\/www.mexicanguitarplayers.com\/wp-content\/uploads\/2025\/04\/VAGATGMDUALW.jpg","width":1200,"height":1200},{"@type":"BreadcrumbList","@id":"https:\/\/www.mexicanguitarplayers.com\/tienda\/sin categor\u00eda\/funda-gator-p-microfono-gm-dualw\/#breadcrumb","itemListElement":[{"@type":"ListItem","position":1,"name":"Portada","item":"https:\/\/www.mexicanguitarplayers.com\/"},{"@type":"ListItem","position":2,"name":"Tienda","item":"https:\/\/www.mexicanguitarplayers.com\/tienda\/"},{"@type":"ListItem","position":3,"name":"FUNDA GATOR P\/MICROFONO GM-DUALW"}]},{"@type":"WebSite","@id":"https:\/\/www.mexicanguitarplayers.com\/#website","url":"https:\/\/www.mexicanguitarplayers.com\/","name":"Mexican Guitar Players","description":"Website","publisher":{"@id":"https:\/\/www.mexicanguitarplayers.com\/#organization"},"potentialAction":[{"@type":"SearchAction","target":{"@type":"EntryPoint","urlTemplate":"https:\/\/www.mexicanguitarplayers.com\/?s={search_term_string}"},"query-input":{"@type":"PropertyValueSpecification","valueRequired":true,"valueName":"search_term_string"}}],"inLanguage":"en-US"},{"@type":"Organization","@id":"https:\/\/www.mexicanguitarplayers.com\/#organization","name":"Mexican Guitar Players","url":"https:\/\/www.mexicanguitarplayers.com\/","logo":{"@type":"ImageObject","inLanguage":"en-US","@id":"https:\/\/www.mexicanguitarplayers.com\/#\/schema\/logo\/image\/","url":"","contentUrl":"","caption":"Mexican Guitar Players"},"image":{"@id":"https:\/\/www.mexicanguitarplayers.com\/#\/schema\/logo\/image\/"}}]}},"brands":[{"id":572,"name":"GATOR","slug":"gator"}],"_links":{"self":[{"href":"https:\/\/www.mexicanguitarplayers.com\/en\/wp-json\/wp\/v2\/product\/38614","targetHints":{"allow":["GET"]}}],"collection":[{"href":"https:\/\/www.mexicanguitarplayers.com\/en\/wp-json\/wp\/v2\/product"}],"about":[{"href":"https:\/\/www.mexicanguitarplayers.com\/en\/wp-json\/wp\/v2\/types\/product"}],"replies":[{"embeddable":true,"href":"https:\/\/www.mexicanguitarplayers.com\/en\/wp-json\/wp\/v2\/comments?post=38614"}],"wp:featuredmedia":[{"embeddable":true,"href":"https:\/\/www.mexicanguitarplayers.com\/en\/wp-json\/wp\/v2\/media\/38601"}],"wp:attachment":[{"href":"https:\/\/www.mexicanguitarplayers.com\/en\/wp-json\/wp\/v2\/media?parent=38614"}],"wp:term":[{"taxonomy":"pwb-brand","embeddable":true,"href":"https:\/\/www.mexicanguitarplayers.com\/en\/wp-json\/wp\/v2\/pwb-brand?post=38614"},{"taxonomy":"product_brand","embeddable":true,"href":"https:\/\/www.mexicanguitarplayers.com\/en\/wp-json\/wp\/v2\/product_brand?post=38614"},{"taxonomy":"product_cat","embeddable":true,"href":"https:\/\/www.mexicanguitarplayers.com\/en\/wp-json\/wp\/v2\/product_cat?post=38614"},{"taxonomy":"product_tag","embeddable":true,"href":"https:\/\/www.mexicanguitarplayers.com\/en\/wp-json\/wp\/v2\/product_tag?post=38614"}],"curies":[{"name":"wp","href":"https:\/\/api.w.org\/{rel}","templated":true}]}}