{"id":38631,"date":"2025-04-09T06:15:09","date_gmt":"2025-04-09T12:15:09","guid":{"rendered":"https:\/\/www.mexicanguitarplayers.com\/tienda\/sin categor\u00eda\/soporte-behringer-p-monitor-mod-sm5002\/"},"modified":"2026-05-09T04:15:04","modified_gmt":"2026-05-09T10:15:04","slug":"soporte-behringer-p-monitor-mod-sm5002","status":"publish","type":"product","link":"https:\/\/www.mexicanguitarplayers.com\/en\/tienda\/accesorios\/stands\/para-bocina\/soporte-behringer-p-monitor-mod-sm5002\/","title":{"rendered":"SOPORTE BEHRINGER P\/MONITOR MOD. SM5002"},"content":{"rendered":"<div style=\"text-align: justify\">\n<div>\n<h3>SM5002<\/h3>\n<\/div>\n<div>Los soportes profesionales para altavoces de monitor de estudio SM5002 est\u00e1n dise\u00f1ados para soportar altavoces de estudio con un peso m\u00e1ximo de 55 libras (25 kg), ofreciendo una colocaci\u00f3n segura y resistente. Su dise\u00f1o de montaje dual en el suelo puede utilizarse para una amplia gama de monitores de estudio, equipos de alta fidelidad, sistemas de cine en casa o altavoces satelitales. El montaje seguro con ajuste preciso de altura en 5 pasos, desde 3 pies (0.93 m) hasta 3.8 pies (1.15 m), garantiza una colocaci\u00f3n adecuada. El dise\u00f1o de montaje en base triangular y la amplia plataforma de metal de 10\u201d x 10\u201d (25 x 25 cm) con almohadillas de goma suave permiten una colocaci\u00f3n segura y estable de los altavoces de monitor.<\/div>\n<div>\n<h4>Characteristics<\/h4>\n<\/div>\n<div>\n<ul style=\"margin: 0px 0px 0px 25px\">\n<li style=\"list-style-type: circle;margin: 5px\">altura<\/li>\n<li style=\"list-style-type: circle;margin: 5px\">construccion<\/li>\n<li style=\"list-style-type: circle;margin: 5px\">color<\/li>\n<li style=\"list-style-type: circle;margin: 5px\">longitud<\/li>\n<\/ul>\n<\/div>\n<\/div>","protected":false},"excerpt":{"rendered":"<p>Este soporte universal de base triangular es ideal para monitores de campo cercano de estudio y una amplia gama de altavoces. Perfecto para estudios de grabaci\u00f3n y entornos de escucha, cuenta con una plataforma de metal grande de 10\u201d x 10\u201d (25 cm x 25 cm) con almohadillas de goma suave que reducen las vibraciones. Ofrece ajuste preciso de altura en 5 pasos, desde 3 pies (0.93 m) hasta 3.8 pies (1.15 m) de elevaci\u00f3n, con una construcci\u00f3n resistente de acero para una capacidad m\u00e1xima de peso de 55 libras (45 kg). Su base triangular en el suelo tiene una longitud de 1.5 pies (45 cm) por cada lado.&hellip; <a class=\"kt-excerpt-readmore more-link\" href=\"https:\/\/www.mexicanguitarplayers.com\/en\/tienda\/accesorios\/stands\/para-bocina\/soporte-behringer-p-monitor-mod-sm5002\/\">Read more<\/a><\/p>","protected":false},"featured_media":38628,"comment_status":"open","ping_status":"closed","template":"","meta":{"kt_blocks_editor_width":""},"pwb-brand":[171],"product_brand":[],"product_cat":[85,417,416],"product_tag":[],"class_list":{"0":"post-38631","1":"product","2":"type-product","3":"status-publish","4":"has-post-thumbnail","6":"pwb-brand-behringer","7":"product_cat-accesorios","8":"product_cat-para-bocina","9":"product_cat-stands","10":"product_shipping_class-10-15-kg","12":"first","13":"outofstock","14":"taxable","15":"shipping-taxable","16":"purchasable","17":"product-type-simple"},"yoast_head":"<!-- This site is optimized with the Yoast SEO plugin v27.6 - https:\/\/yoast.com\/product\/yoast-seo-wordpress\/ -->\n<title>SOPORTE BEHRINGER P\/MONITOR MOD. SM5002 - Mexican Guitar Players<\/title>\n<meta name=\"description\" content=\"Este soporte universal de base triangular es ideal para monitores de campo cercano de estudio y una amplia gama de altavoces. Perfecto para estudios de grabaci\u00f3n y entornos de escucha, cuenta con una plataforma de metal grande de 10\u201d x 10\u201d (25 cm x 25 cm) con almohadillas de goma suave que reducen las vibraciones. Ofrece ajuste preciso de altura en 5 pasos, desde 3 pies (0.93 m) hasta 3.8 pies (1.15 m) de elevaci\u00f3n, con una construcci\u00f3n resistente de acero para una capacidad m\u00e1xima de peso de 55 libras (45 kg). Su base triangular en el suelo tiene una longitud de 1.5 pies (45 cm) por cada lado.\" \/>\n<meta name=\"robots\" content=\"index, follow, max-snippet:-1, max-image-preview:large, max-video-preview:-1\" \/>\n<link rel=\"canonical\" href=\"https:\/\/www.mexicanguitarplayers.com\/en\/tienda\/sin%20categor\u00eda\/soporte-behringer-p-monitor-mod-sm5002\/\" \/>\n<meta property=\"og:locale\" content=\"en_US\" \/>\n<meta property=\"og:type\" content=\"article\" \/>\n<meta property=\"og:title\" content=\"SOPORTE BEHRINGER P\/MONITOR MOD. SM5002 - Mexican Guitar Players\" \/>\n<meta property=\"og:description\" content=\"Este soporte universal de base triangular es ideal para monitores de campo cercano de estudio y una amplia gama de altavoces. Perfecto para estudios de grabaci\u00f3n y entornos de escucha, cuenta con una plataforma de metal grande de 10\u201d x 10\u201d (25 cm x 25 cm) con almohadillas de goma suave que reducen las vibraciones. Ofrece ajuste preciso de altura en 5 pasos, desde 3 pies (0.93 m) hasta 3.8 pies (1.15 m) de elevaci\u00f3n, con una construcci\u00f3n resistente de acero para una capacidad m\u00e1xima de peso de 55 libras (45 kg). Su base triangular en el suelo tiene una longitud de 1.5 pies (45 cm) por cada lado.\" \/>\n<meta property=\"og:url\" content=\"https:\/\/www.mexicanguitarplayers.com\/en\/tienda\/sin categor\u00eda\/soporte-behringer-p-monitor-mod-sm5002\/\" \/>\n<meta property=\"og:site_name\" content=\"Mexican Guitar Players\" \/>\n<meta property=\"article:modified_time\" content=\"2026-05-09T10:15:04+00:00\" \/>\n<meta name=\"twitter:card\" content=\"summary_large_image\" \/>\n<meta name=\"twitter:label1\" content=\"Est. reading time\" \/>\n\t<meta name=\"twitter:data1\" content=\"1 minute\" \/>\n<script type=\"application\/ld+json\" class=\"yoast-schema-graph\">{\"@context\":\"https:\\\/\\\/schema.org\",\"@graph\":[{\"@type\":[\"WebPage\",\"ItemPage\"],\"@id\":\"https:\\\/\\\/www.mexicanguitarplayers.com\\\/tienda\\\/sin categor\u00eda\\\/soporte-behringer-p-monitor-mod-sm5002\\\/\",\"url\":\"https:\\\/\\\/www.mexicanguitarplayers.com\\\/tienda\\\/sin categor\u00eda\\\/soporte-behringer-p-monitor-mod-sm5002\\\/\",\"name\":\"SOPORTE BEHRINGER P\\\/MONITOR MOD. SM5002 - Mexican Guitar Players\",\"isPartOf\":{\"@id\":\"https:\\\/\\\/www.mexicanguitarplayers.com\\\/#website\"},\"primaryImageOfPage\":{\"@id\":\"https:\\\/\\\/www.mexicanguitarplayers.com\\\/tienda\\\/sin categor\u00eda\\\/soporte-behringer-p-monitor-mod-sm5002\\\/#primaryimage\"},\"image\":{\"@id\":\"https:\\\/\\\/www.mexicanguitarplayers.com\\\/tienda\\\/sin categor\u00eda\\\/soporte-behringer-p-monitor-mod-sm5002\\\/#primaryimage\"},\"thumbnailUrl\":\"https:\\\/\\\/www.mexicanguitarplayers.com\\\/wp-content\\\/uploads\\\/2025\\\/04\\\/VABEHSM5002.jpg\",\"datePublished\":\"2025-04-09T12:15:09+00:00\",\"dateModified\":\"2026-05-09T10:15:04+00:00\",\"description\":\"Este soporte universal de base triangular es ideal para monitores de campo cercano de estudio y una amplia gama de altavoces. Perfecto para estudios de grabaci\u00f3n y entornos de escucha, cuenta con una plataforma de metal grande de 10\u201d x 10\u201d (25 cm x 25 cm) con almohadillas de goma suave que reducen las vibraciones. Ofrece ajuste preciso de altura en 5 pasos, desde 3 pies (0.93 m) hasta 3.8 pies (1.15 m) de elevaci\u00f3n, con una construcci\u00f3n resistente de acero para una capacidad m\u00e1xima de peso de 55 libras (45 kg). Su base triangular en el suelo tiene una longitud de 1.5 pies (45 cm) por cada lado.\",\"breadcrumb\":{\"@id\":\"https:\\\/\\\/www.mexicanguitarplayers.com\\\/tienda\\\/sin categor\u00eda\\\/soporte-behringer-p-monitor-mod-sm5002\\\/#breadcrumb\"},\"inLanguage\":\"en-US\",\"potentialAction\":[{\"@type\":\"ReadAction\",\"target\":[\"https:\\\/\\\/www.mexicanguitarplayers.com\\\/tienda\\\/sin categor\u00eda\\\/soporte-behringer-p-monitor-mod-sm5002\\\/\"]}]},{\"@type\":\"ImageObject\",\"inLanguage\":\"en-US\",\"@id\":\"https:\\\/\\\/www.mexicanguitarplayers.com\\\/tienda\\\/sin categor\u00eda\\\/soporte-behringer-p-monitor-mod-sm5002\\\/#primaryimage\",\"url\":\"https:\\\/\\\/www.mexicanguitarplayers.com\\\/wp-content\\\/uploads\\\/2025\\\/04\\\/VABEHSM5002.jpg\",\"contentUrl\":\"https:\\\/\\\/www.mexicanguitarplayers.com\\\/wp-content\\\/uploads\\\/2025\\\/04\\\/VABEHSM5002.jpg\",\"width\":1200,\"height\":1200},{\"@type\":\"BreadcrumbList\",\"@id\":\"https:\\\/\\\/www.mexicanguitarplayers.com\\\/tienda\\\/sin categor\u00eda\\\/soporte-behringer-p-monitor-mod-sm5002\\\/#breadcrumb\",\"itemListElement\":[{\"@type\":\"ListItem\",\"position\":1,\"name\":\"Portada\",\"item\":\"https:\\\/\\\/www.mexicanguitarplayers.com\\\/\"},{\"@type\":\"ListItem\",\"position\":2,\"name\":\"Tienda\",\"item\":\"https:\\\/\\\/www.mexicanguitarplayers.com\\\/tienda\\\/\"},{\"@type\":\"ListItem\",\"position\":3,\"name\":\"SOPORTE BEHRINGER P\\\/MONITOR MOD. SM5002\"}]},{\"@type\":\"WebSite\",\"@id\":\"https:\\\/\\\/www.mexicanguitarplayers.com\\\/#website\",\"url\":\"https:\\\/\\\/www.mexicanguitarplayers.com\\\/\",\"name\":\"Mexican Guitar Players\",\"description\":\"Website\",\"publisher\":{\"@id\":\"https:\\\/\\\/www.mexicanguitarplayers.com\\\/#organization\"},\"potentialAction\":[{\"@type\":\"SearchAction\",\"target\":{\"@type\":\"EntryPoint\",\"urlTemplate\":\"https:\\\/\\\/www.mexicanguitarplayers.com\\\/?s={search_term_string}\"},\"query-input\":{\"@type\":\"PropertyValueSpecification\",\"valueRequired\":true,\"valueName\":\"search_term_string\"}}],\"inLanguage\":\"en-US\"},{\"@type\":\"Organization\",\"@id\":\"https:\\\/\\\/www.mexicanguitarplayers.com\\\/#organization\",\"name\":\"Mexican Guitar Players\",\"url\":\"https:\\\/\\\/www.mexicanguitarplayers.com\\\/\",\"logo\":{\"@type\":\"ImageObject\",\"inLanguage\":\"en-US\",\"@id\":\"https:\\\/\\\/www.mexicanguitarplayers.com\\\/#\\\/schema\\\/logo\\\/image\\\/\",\"url\":\"\",\"contentUrl\":\"\",\"caption\":\"Mexican Guitar Players\"},\"image\":{\"@id\":\"https:\\\/\\\/www.mexicanguitarplayers.com\\\/#\\\/schema\\\/logo\\\/image\\\/\"}}]}<\/script>\n<!-- \/ Yoast SEO plugin. -->","yoast_head_json":{"title":"SOPORTE BEHRINGER P\/MONITOR MOD. SM5002 - Mexican Guitar Players","description":"Este soporte universal de base triangular es ideal para monitores de campo cercano de estudio y una amplia gama de altavoces. Perfecto para estudios de grabaci\u00f3n y entornos de escucha, cuenta con una plataforma de metal grande de 10\u201d x 10\u201d (25 cm x 25 cm) con almohadillas de goma suave que reducen las vibraciones. Ofrece ajuste preciso de altura en 5 pasos, desde 3 pies (0.93 m) hasta 3.8 pies (1.15 m) de elevaci\u00f3n, con una construcci\u00f3n resistente de acero para una capacidad m\u00e1xima de peso de 55 libras (45 kg). Su base triangular en el suelo tiene una longitud de 1.5 pies (45 cm) por cada lado.","robots":{"index":"index","follow":"follow","max-snippet":"max-snippet:-1","max-image-preview":"max-image-preview:large","max-video-preview":"max-video-preview:-1"},"canonical":"https:\/\/www.mexicanguitarplayers.com\/en\/tienda\/sin categor\u00eda\/soporte-behringer-p-monitor-mod-sm5002\/","og_locale":"en_US","og_type":"article","og_title":"SOPORTE BEHRINGER P\/MONITOR MOD. SM5002 - Mexican Guitar Players","og_description":"Este soporte universal de base triangular es ideal para monitores de campo cercano de estudio y una amplia gama de altavoces. Perfecto para estudios de grabaci\u00f3n y entornos de escucha, cuenta con una plataforma de metal grande de 10\u201d x 10\u201d (25 cm x 25 cm) con almohadillas de goma suave que reducen las vibraciones. Ofrece ajuste preciso de altura en 5 pasos, desde 3 pies (0.93 m) hasta 3.8 pies (1.15 m) de elevaci\u00f3n, con una construcci\u00f3n resistente de acero para una capacidad m\u00e1xima de peso de 55 libras (45 kg). Su base triangular en el suelo tiene una longitud de 1.5 pies (45 cm) por cada lado.","og_url":"https:\/\/www.mexicanguitarplayers.com\/en\/tienda\/sin categor\u00eda\/soporte-behringer-p-monitor-mod-sm5002\/","og_site_name":"Mexican Guitar Players","article_modified_time":"2026-05-09T10:15:04+00:00","twitter_card":"summary_large_image","twitter_misc":{"Est. reading time":"1 minute"},"schema":{"@context":"https:\/\/schema.org","@graph":[{"@type":["WebPage","ItemPage"],"@id":"https:\/\/www.mexicanguitarplayers.com\/tienda\/sin categor\u00eda\/soporte-behringer-p-monitor-mod-sm5002\/","url":"https:\/\/www.mexicanguitarplayers.com\/tienda\/sin categor\u00eda\/soporte-behringer-p-monitor-mod-sm5002\/","name":"SOPORTE BEHRINGER P\/MONITOR MOD. SM5002 - Mexican Guitar Players","isPartOf":{"@id":"https:\/\/www.mexicanguitarplayers.com\/#website"},"primaryImageOfPage":{"@id":"https:\/\/www.mexicanguitarplayers.com\/tienda\/sin categor\u00eda\/soporte-behringer-p-monitor-mod-sm5002\/#primaryimage"},"image":{"@id":"https:\/\/www.mexicanguitarplayers.com\/tienda\/sin categor\u00eda\/soporte-behringer-p-monitor-mod-sm5002\/#primaryimage"},"thumbnailUrl":"https:\/\/www.mexicanguitarplayers.com\/wp-content\/uploads\/2025\/04\/VABEHSM5002.jpg","datePublished":"2025-04-09T12:15:09+00:00","dateModified":"2026-05-09T10:15:04+00:00","description":"Este soporte universal de base triangular es ideal para monitores de campo cercano de estudio y una amplia gama de altavoces. Perfecto para estudios de grabaci\u00f3n y entornos de escucha, cuenta con una plataforma de metal grande de 10\u201d x 10\u201d (25 cm x 25 cm) con almohadillas de goma suave que reducen las vibraciones. Ofrece ajuste preciso de altura en 5 pasos, desde 3 pies (0.93 m) hasta 3.8 pies (1.15 m) de elevaci\u00f3n, con una construcci\u00f3n resistente de acero para una capacidad m\u00e1xima de peso de 55 libras (45 kg). Su base triangular en el suelo tiene una longitud de 1.5 pies (45 cm) por cada lado.","breadcrumb":{"@id":"https:\/\/www.mexicanguitarplayers.com\/tienda\/sin categor\u00eda\/soporte-behringer-p-monitor-mod-sm5002\/#breadcrumb"},"inLanguage":"en-US","potentialAction":[{"@type":"ReadAction","target":["https:\/\/www.mexicanguitarplayers.com\/tienda\/sin categor\u00eda\/soporte-behringer-p-monitor-mod-sm5002\/"]}]},{"@type":"ImageObject","inLanguage":"en-US","@id":"https:\/\/www.mexicanguitarplayers.com\/tienda\/sin categor\u00eda\/soporte-behringer-p-monitor-mod-sm5002\/#primaryimage","url":"https:\/\/www.mexicanguitarplayers.com\/wp-content\/uploads\/2025\/04\/VABEHSM5002.jpg","contentUrl":"https:\/\/www.mexicanguitarplayers.com\/wp-content\/uploads\/2025\/04\/VABEHSM5002.jpg","width":1200,"height":1200},{"@type":"BreadcrumbList","@id":"https:\/\/www.mexicanguitarplayers.com\/tienda\/sin categor\u00eda\/soporte-behringer-p-monitor-mod-sm5002\/#breadcrumb","itemListElement":[{"@type":"ListItem","position":1,"name":"Portada","item":"https:\/\/www.mexicanguitarplayers.com\/"},{"@type":"ListItem","position":2,"name":"Tienda","item":"https:\/\/www.mexicanguitarplayers.com\/tienda\/"},{"@type":"ListItem","position":3,"name":"SOPORTE BEHRINGER P\/MONITOR MOD. SM5002"}]},{"@type":"WebSite","@id":"https:\/\/www.mexicanguitarplayers.com\/#website","url":"https:\/\/www.mexicanguitarplayers.com\/","name":"Mexican Guitar Players","description":"Website","publisher":{"@id":"https:\/\/www.mexicanguitarplayers.com\/#organization"},"potentialAction":[{"@type":"SearchAction","target":{"@type":"EntryPoint","urlTemplate":"https:\/\/www.mexicanguitarplayers.com\/?s={search_term_string}"},"query-input":{"@type":"PropertyValueSpecification","valueRequired":true,"valueName":"search_term_string"}}],"inLanguage":"en-US"},{"@type":"Organization","@id":"https:\/\/www.mexicanguitarplayers.com\/#organization","name":"Mexican Guitar Players","url":"https:\/\/www.mexicanguitarplayers.com\/","logo":{"@type":"ImageObject","inLanguage":"en-US","@id":"https:\/\/www.mexicanguitarplayers.com\/#\/schema\/logo\/image\/","url":"","contentUrl":"","caption":"Mexican Guitar Players"},"image":{"@id":"https:\/\/www.mexicanguitarplayers.com\/#\/schema\/logo\/image\/"}}]}},"brands":[{"id":171,"name":"BEHRINGER","slug":"behringer"}],"_links":{"self":[{"href":"https:\/\/www.mexicanguitarplayers.com\/en\/wp-json\/wp\/v2\/product\/38631","targetHints":{"allow":["GET"]}}],"collection":[{"href":"https:\/\/www.mexicanguitarplayers.com\/en\/wp-json\/wp\/v2\/product"}],"about":[{"href":"https:\/\/www.mexicanguitarplayers.com\/en\/wp-json\/wp\/v2\/types\/product"}],"replies":[{"embeddable":true,"href":"https:\/\/www.mexicanguitarplayers.com\/en\/wp-json\/wp\/v2\/comments?post=38631"}],"wp:featuredmedia":[{"embeddable":true,"href":"https:\/\/www.mexicanguitarplayers.com\/en\/wp-json\/wp\/v2\/media\/38628"}],"wp:attachment":[{"href":"https:\/\/www.mexicanguitarplayers.com\/en\/wp-json\/wp\/v2\/media?parent=38631"}],"wp:term":[{"taxonomy":"pwb-brand","embeddable":true,"href":"https:\/\/www.mexicanguitarplayers.com\/en\/wp-json\/wp\/v2\/pwb-brand?post=38631"},{"taxonomy":"product_brand","embeddable":true,"href":"https:\/\/www.mexicanguitarplayers.com\/en\/wp-json\/wp\/v2\/product_brand?post=38631"},{"taxonomy":"product_cat","embeddable":true,"href":"https:\/\/www.mexicanguitarplayers.com\/en\/wp-json\/wp\/v2\/product_cat?post=38631"},{"taxonomy":"product_tag","embeddable":true,"href":"https:\/\/www.mexicanguitarplayers.com\/en\/wp-json\/wp\/v2\/product_tag?post=38631"}],"curies":[{"name":"wp","href":"https:\/\/api.w.org\/{rel}","templated":true}]}}