{"id":38716,"date":"2025-04-09T06:17:12","date_gmt":"2025-04-09T12:17:12","guid":{"rendered":"https:\/\/www.mexicanguitarplayers.com\/tienda\/sin categor\u00eda\/melodica-maxima-mod-xg-37f\/"},"modified":"2026-04-10T04:22:24","modified_gmt":"2026-04-10T10:22:24","slug":"melodica-maxima-mod-xg-37f","status":"publish","type":"product","link":"https:\/\/www.mexicanguitarplayers.com\/en\/tienda\/alientos\/melodica-maxima-mod-xg-37f\/","title":{"rendered":"MELODICA MAXIMA      MOD. XG-37F"},"content":{"rendered":"<div style=\"text-align: justify\">\n<div>\n<h3>Sonido que fluye a trav\u00e9s del aire.<\/h3>\n<\/div>\n<div>Las mel\u00f3dicas M\u00e1xima  est\u00e1n dise\u00f1adas tanto para principiantes como para usuarios avanzados y cuentan con una tonalidad dulce y agradable. Es un instrumento port\u00e1til  y muy popular en diversos g\u00e9neros, ideal para su uso en la escuela, en grupo o en solitario. Es tambi\u00e9n una gran forma de ense\u00f1ar a los ni\u00f1os los conceptos b\u00e1sicos de un instrumento de teclas, al no ser tan pesado como un piano y tampoco funcionar de forma el\u00e9ctrica, se puede utilizar en todos los ambientes. Este modelo viene terminado en varios colores y cuenta con un total de 37 teclas.<\/div>\n<div>\n<h4>Quick look<\/h4>\n<\/div>\n<ul style=\"margin: 0px 0px 0px 25px\">\n<li style=\"list-style-type: circle;margin: 5px\">Teclas.<\/li>\n<li style=\"list-style-type: circle;margin: 5px\">Extensi\u00f3n tonal.<\/li>\n<li style=\"list-style-type: circle;margin: 5px\">Material.<\/li>\n<li style=\"list-style-type: circle;margin: 5px\">Incluye.<\/li>\n<\/ul>\n<div>\n<div style=\"font-weight: bold\">Teclas.<\/div>\n<div>\n<p>37.<\/p>\n<\/div>\n<div style=\"font-weight: bold\">Extensi\u00f3n tonal.<\/div>\n<div>\n<p>3 octavas.<\/p>\n<\/div>\n<div style=\"font-weight: bold\">Material.<\/div>\n<div>\n<p>Pl\u00e1stico.<\/p>\n<\/div>\n<div style=\"font-weight: bold\">Incluye.<\/div>\n<div>\n<p>Estuche de tela, boquilla de pl\u00e1stico y tubo.<\/p>\n<\/div>\n<\/div>\n<\/div>","protected":false},"excerpt":{"rendered":"<p>Mel\u00f3dica de 37 teclas, extensi\u00f3n tonal, 3 octavas, cuerpo de pl\u00e1stico. Incluye estuche de tela, boquilla de pl\u00e1stico y tubo.&hellip; <a class=\"kt-excerpt-readmore more-link\" href=\"https:\/\/www.mexicanguitarplayers.com\/en\/tienda\/alientos\/melodica-maxima-mod-xg-37f\/\">Read more<\/a><\/p>","protected":false},"featured_media":38700,"comment_status":"open","ping_status":"closed","template":"","meta":{"kt_blocks_editor_width":""},"pwb-brand":[288],"product_brand":[],"product_cat":[388],"product_tag":[],"class_list":{"0":"post-38716","1":"product","2":"type-product","3":"status-publish","4":"has-post-thumbnail","6":"pwb-brand-maxima","7":"product_cat-alientos","8":"product_shipping_class-0-5-kg","10":"first","11":"outofstock","12":"taxable","13":"shipping-taxable","14":"purchasable","15":"product-type-simple"},"yoast_head":"<!-- This site is optimized with the Yoast SEO plugin v27.5 - https:\/\/yoast.com\/product\/yoast-seo-wordpress\/ -->\n<title>MELODICA MAXIMA   MOD. XG-37F - Mexican Guitar Players<\/title>\n<meta name=\"description\" content=\"Mel\u00f3dica de 37 teclas, extensi\u00f3n tonal, 3 octavas, cuerpo de pl\u00e1stico. Incluye estuche de tela, boquilla de pl\u00e1stico y tubo.\" \/>\n<meta name=\"robots\" content=\"index, follow, max-snippet:-1, max-image-preview:large, max-video-preview:-1\" \/>\n<link rel=\"canonical\" href=\"https:\/\/www.mexicanguitarplayers.com\/en\/tienda\/sin%20categor\u00eda\/melodica-maxima-mod-xg-37f\/\" \/>\n<meta property=\"og:locale\" content=\"en_US\" \/>\n<meta property=\"og:type\" content=\"article\" \/>\n<meta property=\"og:title\" content=\"MELODICA MAXIMA   MOD. XG-37F - Mexican Guitar Players\" \/>\n<meta property=\"og:description\" content=\"Mel\u00f3dica de 37 teclas, extensi\u00f3n tonal, 3 octavas, cuerpo de pl\u00e1stico. Incluye estuche de tela, boquilla de pl\u00e1stico y tubo.\" \/>\n<meta property=\"og:url\" content=\"https:\/\/www.mexicanguitarplayers.com\/en\/tienda\/sin categor\u00eda\/melodica-maxima-mod-xg-37f\/\" \/>\n<meta property=\"og:site_name\" content=\"Mexican Guitar Players\" \/>\n<meta property=\"article:modified_time\" content=\"2026-04-10T10:22:24+00:00\" \/>\n<meta name=\"twitter:card\" content=\"summary_large_image\" \/>\n<meta name=\"twitter:label1\" content=\"Est. reading time\" \/>\n\t<meta name=\"twitter:data1\" content=\"1 minute\" \/>\n<script type=\"application\/ld+json\" class=\"yoast-schema-graph\">{\"@context\":\"https:\\\/\\\/schema.org\",\"@graph\":[{\"@type\":[\"WebPage\",\"ItemPage\"],\"@id\":\"https:\\\/\\\/www.mexicanguitarplayers.com\\\/tienda\\\/sin categor\u00eda\\\/melodica-maxima-mod-xg-37f\\\/\",\"url\":\"https:\\\/\\\/www.mexicanguitarplayers.com\\\/tienda\\\/sin categor\u00eda\\\/melodica-maxima-mod-xg-37f\\\/\",\"name\":\"MELODICA MAXIMA MOD. XG-37F - Mexican Guitar Players\",\"isPartOf\":{\"@id\":\"https:\\\/\\\/www.mexicanguitarplayers.com\\\/#website\"},\"primaryImageOfPage\":{\"@id\":\"https:\\\/\\\/www.mexicanguitarplayers.com\\\/tienda\\\/sin categor\u00eda\\\/melodica-maxima-mod-xg-37f\\\/#primaryimage\"},\"image\":{\"@id\":\"https:\\\/\\\/www.mexicanguitarplayers.com\\\/tienda\\\/sin categor\u00eda\\\/melodica-maxima-mod-xg-37f\\\/#primaryimage\"},\"thumbnailUrl\":\"https:\\\/\\\/www.mexicanguitarplayers.com\\\/wp-content\\\/uploads\\\/2025\\\/04\\\/IVMAXXG37F.jpg\",\"datePublished\":\"2025-04-09T12:17:12+00:00\",\"dateModified\":\"2026-04-10T10:22:24+00:00\",\"description\":\"Mel\u00f3dica de 37 teclas, extensi\u00f3n tonal, 3 octavas, cuerpo de pl\u00e1stico. Incluye estuche de tela, boquilla de pl\u00e1stico y tubo.\",\"breadcrumb\":{\"@id\":\"https:\\\/\\\/www.mexicanguitarplayers.com\\\/tienda\\\/sin categor\u00eda\\\/melodica-maxima-mod-xg-37f\\\/#breadcrumb\"},\"inLanguage\":\"en-US\",\"potentialAction\":[{\"@type\":\"ReadAction\",\"target\":[\"https:\\\/\\\/www.mexicanguitarplayers.com\\\/tienda\\\/sin categor\u00eda\\\/melodica-maxima-mod-xg-37f\\\/\"]}]},{\"@type\":\"ImageObject\",\"inLanguage\":\"en-US\",\"@id\":\"https:\\\/\\\/www.mexicanguitarplayers.com\\\/tienda\\\/sin categor\u00eda\\\/melodica-maxima-mod-xg-37f\\\/#primaryimage\",\"url\":\"https:\\\/\\\/www.mexicanguitarplayers.com\\\/wp-content\\\/uploads\\\/2025\\\/04\\\/IVMAXXG37F.jpg\",\"contentUrl\":\"https:\\\/\\\/www.mexicanguitarplayers.com\\\/wp-content\\\/uploads\\\/2025\\\/04\\\/IVMAXXG37F.jpg\",\"width\":1600,\"height\":800},{\"@type\":\"BreadcrumbList\",\"@id\":\"https:\\\/\\\/www.mexicanguitarplayers.com\\\/tienda\\\/sin categor\u00eda\\\/melodica-maxima-mod-xg-37f\\\/#breadcrumb\",\"itemListElement\":[{\"@type\":\"ListItem\",\"position\":1,\"name\":\"Portada\",\"item\":\"https:\\\/\\\/www.mexicanguitarplayers.com\\\/\"},{\"@type\":\"ListItem\",\"position\":2,\"name\":\"Tienda\",\"item\":\"https:\\\/\\\/www.mexicanguitarplayers.com\\\/tienda\\\/\"},{\"@type\":\"ListItem\",\"position\":3,\"name\":\"MELODICA MAXIMA MOD. XG-37F\"}]},{\"@type\":\"WebSite\",\"@id\":\"https:\\\/\\\/www.mexicanguitarplayers.com\\\/#website\",\"url\":\"https:\\\/\\\/www.mexicanguitarplayers.com\\\/\",\"name\":\"Mexican Guitar Players\",\"description\":\"Website\",\"publisher\":{\"@id\":\"https:\\\/\\\/www.mexicanguitarplayers.com\\\/#organization\"},\"potentialAction\":[{\"@type\":\"SearchAction\",\"target\":{\"@type\":\"EntryPoint\",\"urlTemplate\":\"https:\\\/\\\/www.mexicanguitarplayers.com\\\/?s={search_term_string}\"},\"query-input\":{\"@type\":\"PropertyValueSpecification\",\"valueRequired\":true,\"valueName\":\"search_term_string\"}}],\"inLanguage\":\"en-US\"},{\"@type\":\"Organization\",\"@id\":\"https:\\\/\\\/www.mexicanguitarplayers.com\\\/#organization\",\"name\":\"Mexican Guitar Players\",\"url\":\"https:\\\/\\\/www.mexicanguitarplayers.com\\\/\",\"logo\":{\"@type\":\"ImageObject\",\"inLanguage\":\"en-US\",\"@id\":\"https:\\\/\\\/www.mexicanguitarplayers.com\\\/#\\\/schema\\\/logo\\\/image\\\/\",\"url\":\"\",\"contentUrl\":\"\",\"caption\":\"Mexican Guitar Players\"},\"image\":{\"@id\":\"https:\\\/\\\/www.mexicanguitarplayers.com\\\/#\\\/schema\\\/logo\\\/image\\\/\"}}]}<\/script>\n<!-- \/ Yoast SEO plugin. -->","yoast_head_json":{"title":"MELODICA MAXIMA   MOD. XG-37F - Mexican Guitar Players","description":"Mel\u00f3dica de 37 teclas, extensi\u00f3n tonal, 3 octavas, cuerpo de pl\u00e1stico. Incluye estuche de tela, boquilla de pl\u00e1stico y tubo.","robots":{"index":"index","follow":"follow","max-snippet":"max-snippet:-1","max-image-preview":"max-image-preview:large","max-video-preview":"max-video-preview:-1"},"canonical":"https:\/\/www.mexicanguitarplayers.com\/en\/tienda\/sin categor\u00eda\/melodica-maxima-mod-xg-37f\/","og_locale":"en_US","og_type":"article","og_title":"MELODICA MAXIMA   MOD. XG-37F - Mexican Guitar Players","og_description":"Mel\u00f3dica de 37 teclas, extensi\u00f3n tonal, 3 octavas, cuerpo de pl\u00e1stico. Incluye estuche de tela, boquilla de pl\u00e1stico y tubo.","og_url":"https:\/\/www.mexicanguitarplayers.com\/en\/tienda\/sin categor\u00eda\/melodica-maxima-mod-xg-37f\/","og_site_name":"Mexican Guitar Players","article_modified_time":"2026-04-10T10:22:24+00:00","twitter_card":"summary_large_image","twitter_misc":{"Est. reading time":"1 minute"},"schema":{"@context":"https:\/\/schema.org","@graph":[{"@type":["WebPage","ItemPage"],"@id":"https:\/\/www.mexicanguitarplayers.com\/tienda\/sin categor\u00eda\/melodica-maxima-mod-xg-37f\/","url":"https:\/\/www.mexicanguitarplayers.com\/tienda\/sin categor\u00eda\/melodica-maxima-mod-xg-37f\/","name":"MELODICA MAXIMA MOD. XG-37F - Mexican Guitar Players","isPartOf":{"@id":"https:\/\/www.mexicanguitarplayers.com\/#website"},"primaryImageOfPage":{"@id":"https:\/\/www.mexicanguitarplayers.com\/tienda\/sin categor\u00eda\/melodica-maxima-mod-xg-37f\/#primaryimage"},"image":{"@id":"https:\/\/www.mexicanguitarplayers.com\/tienda\/sin categor\u00eda\/melodica-maxima-mod-xg-37f\/#primaryimage"},"thumbnailUrl":"https:\/\/www.mexicanguitarplayers.com\/wp-content\/uploads\/2025\/04\/IVMAXXG37F.jpg","datePublished":"2025-04-09T12:17:12+00:00","dateModified":"2026-04-10T10:22:24+00:00","description":"Mel\u00f3dica de 37 teclas, extensi\u00f3n tonal, 3 octavas, cuerpo de pl\u00e1stico. Incluye estuche de tela, boquilla de pl\u00e1stico y tubo.","breadcrumb":{"@id":"https:\/\/www.mexicanguitarplayers.com\/tienda\/sin categor\u00eda\/melodica-maxima-mod-xg-37f\/#breadcrumb"},"inLanguage":"en-US","potentialAction":[{"@type":"ReadAction","target":["https:\/\/www.mexicanguitarplayers.com\/tienda\/sin categor\u00eda\/melodica-maxima-mod-xg-37f\/"]}]},{"@type":"ImageObject","inLanguage":"en-US","@id":"https:\/\/www.mexicanguitarplayers.com\/tienda\/sin categor\u00eda\/melodica-maxima-mod-xg-37f\/#primaryimage","url":"https:\/\/www.mexicanguitarplayers.com\/wp-content\/uploads\/2025\/04\/IVMAXXG37F.jpg","contentUrl":"https:\/\/www.mexicanguitarplayers.com\/wp-content\/uploads\/2025\/04\/IVMAXXG37F.jpg","width":1600,"height":800},{"@type":"BreadcrumbList","@id":"https:\/\/www.mexicanguitarplayers.com\/tienda\/sin categor\u00eda\/melodica-maxima-mod-xg-37f\/#breadcrumb","itemListElement":[{"@type":"ListItem","position":1,"name":"Portada","item":"https:\/\/www.mexicanguitarplayers.com\/"},{"@type":"ListItem","position":2,"name":"Tienda","item":"https:\/\/www.mexicanguitarplayers.com\/tienda\/"},{"@type":"ListItem","position":3,"name":"MELODICA MAXIMA MOD. XG-37F"}]},{"@type":"WebSite","@id":"https:\/\/www.mexicanguitarplayers.com\/#website","url":"https:\/\/www.mexicanguitarplayers.com\/","name":"Mexican Guitar Players","description":"Website","publisher":{"@id":"https:\/\/www.mexicanguitarplayers.com\/#organization"},"potentialAction":[{"@type":"SearchAction","target":{"@type":"EntryPoint","urlTemplate":"https:\/\/www.mexicanguitarplayers.com\/?s={search_term_string}"},"query-input":{"@type":"PropertyValueSpecification","valueRequired":true,"valueName":"search_term_string"}}],"inLanguage":"en-US"},{"@type":"Organization","@id":"https:\/\/www.mexicanguitarplayers.com\/#organization","name":"Mexican Guitar Players","url":"https:\/\/www.mexicanguitarplayers.com\/","logo":{"@type":"ImageObject","inLanguage":"en-US","@id":"https:\/\/www.mexicanguitarplayers.com\/#\/schema\/logo\/image\/","url":"","contentUrl":"","caption":"Mexican Guitar Players"},"image":{"@id":"https:\/\/www.mexicanguitarplayers.com\/#\/schema\/logo\/image\/"}}]}},"brands":[{"id":288,"name":"MAXIMUM","slug":"maxima"}],"_links":{"self":[{"href":"https:\/\/www.mexicanguitarplayers.com\/en\/wp-json\/wp\/v2\/product\/38716","targetHints":{"allow":["GET"]}}],"collection":[{"href":"https:\/\/www.mexicanguitarplayers.com\/en\/wp-json\/wp\/v2\/product"}],"about":[{"href":"https:\/\/www.mexicanguitarplayers.com\/en\/wp-json\/wp\/v2\/types\/product"}],"replies":[{"embeddable":true,"href":"https:\/\/www.mexicanguitarplayers.com\/en\/wp-json\/wp\/v2\/comments?post=38716"}],"wp:featuredmedia":[{"embeddable":true,"href":"https:\/\/www.mexicanguitarplayers.com\/en\/wp-json\/wp\/v2\/media\/38700"}],"wp:attachment":[{"href":"https:\/\/www.mexicanguitarplayers.com\/en\/wp-json\/wp\/v2\/media?parent=38716"}],"wp:term":[{"taxonomy":"pwb-brand","embeddable":true,"href":"https:\/\/www.mexicanguitarplayers.com\/en\/wp-json\/wp\/v2\/pwb-brand?post=38716"},{"taxonomy":"product_brand","embeddable":true,"href":"https:\/\/www.mexicanguitarplayers.com\/en\/wp-json\/wp\/v2\/product_brand?post=38716"},{"taxonomy":"product_cat","embeddable":true,"href":"https:\/\/www.mexicanguitarplayers.com\/en\/wp-json\/wp\/v2\/product_cat?post=38716"},{"taxonomy":"product_tag","embeddable":true,"href":"https:\/\/www.mexicanguitarplayers.com\/en\/wp-json\/wp\/v2\/product_tag?post=38716"}],"curies":[{"name":"wp","href":"https:\/\/api.w.org\/{rel}","templated":true}]}}