{"id":38725,"date":"2025-04-09T06:17:21","date_gmt":"2025-04-09T12:17:21","guid":{"rendered":"https:\/\/www.mexicanguitarplayers.com\/tienda\/sin categor\u00eda\/compresor-limitador-behringer-mdx4600-v2\/"},"modified":"2026-04-10T04:22:23","modified_gmt":"2026-04-10T10:22:23","slug":"compresor-limitador-behringer-mdx4600-v2","status":"publish","type":"product","link":"https:\/\/www.mexicanguitarplayers.com\/en\/tienda\/audio\/procesadores\/compresor-limitador-behringer-mdx4600-v2\/","title":{"rendered":"COMPRESOR-LIMITADOR BEHRINGER MDX4600 V2"},"content":{"rendered":"<div style=\"text-align: justify\">\n<div>\n<h3>Todo un kit de herramientas de din\u00e1mica de audio.<\/h3>\n<\/div>\n<div>MDX4600 es un maravilloso limitador de doble canal Expansor\/Gate\/compresor\/Limitador de Pico, ideal para comprimir se\u00f1ales mono est\u00e9reo y proporcionar una supresi\u00f3n de ruido pr\u00e1cticamente inaudible, sin p\u00e9rdida de altas frecuencias, aumentar la presencia vocal y la energ\u00eda y limitando o suavizando picos de se\u00f1al extremadamente altos. Adem\u00e1s el MDX4600 cuenta con Dynamic Enhancer, De-Esser, filtro Low-Contour y nuestra revolucionaria simulaci\u00f3n de bulbos conmutable para un calor y transparencia adicionales de los circuitos de bulbo cl\u00e1sicos. En pocas palabras, el MDX4600 puede hacer cosas asombrosas para tus voces o instrumentos, proporcionando pr\u00e1cticamente todo lo que necesitas para un procedimiento din\u00e1mico de calidad de estudio. IKA conmutable (Interactive Knee Adaptation): Proporciona compresi\u00f3n adaptativa al programa combinando todas las ventajas de la compresi\u00f3n tanto dura como suave. IGC (Interactive Gain Control): Combina el clipper y el limitador para una protecci\u00f3n confiable e inaudible contra picos de se\u00f1al. Enhancer: Te permite enfatizar la salida de graves, medios y agudos a frecuencias seleccionables para obtener el m\u00e1ximo toque, claridad y detalle sin aumentar el volumen general. Simulaci\u00f3n de bulbos: Proporciona la calidez y transparencia adicionales de los circuitos cl\u00e1sicos de bulbo, creando un sonido rico en contenido de arm\u00f3nicos. De-Esser: Herramienta imprescindible con reconocimiento de voz conmutable masculino\/femenino para reducir la sibilancia, a la vez que conserva el timbre de voz natural. A menudo se utiliza para mejorar la suavidad de frecuencias medias y altas en voces, overheads en bater\u00edas, cuerdas, etc. Side Chain: Permite la inserci\u00f3n de ecualizador gr\u00e1fico\/param\u00e9trico para reducir frecuencias espec\u00edficas, tambi\u00e9n se usa a menudo para &#8220;apretar&#8221; las pistas usando una se\u00f1al interna o externa para activar la compresi\u00f3n o la activaci\u00f3n de la se\u00f1al que se est\u00e1 procesando. Par est\u00e9reo: Vincula canales 1\/2 y 3\/4 permitiendo que los diales e interruptores de los canales 1 y 3 proporcionen un control din\u00e1mico sobre ambos canales (procesamiento true-est\u00e9reo).<\/div>\n<div>\n<h4>Quick look<\/h4>\n<\/div>\n<ul style=\"margin: 0px 0px 0px 25px\">\n<li style=\"list-style-type: circle;margin: 5px\">Audio inputs.<\/li>\n<li style=\"list-style-type: circle;margin: 5px\">Audio outputs.<\/li>\n<li style=\"list-style-type: circle;margin: 5px\">System Specifications.<\/li>\n<li style=\"list-style-type: circle;margin: 5px\">Secci\u00f3n de Expansor\/Compuerta.<\/li>\n<li style=\"list-style-type: circle;margin: 5px\">Secci\u00f3n de compresor.<\/li>\n<li style=\"list-style-type: circle;margin: 5px\">Secci\u00f3n de limitador de pico.<\/li>\n<li style=\"list-style-type: circle;margin: 5px\">Secci\u00f3n Dynamic Enhancer.<\/li>\n<li style=\"list-style-type: circle;margin: 5px\">Energy.<\/li>\n<li style=\"list-style-type: circle;margin: 5px\">Dimensions.<\/li>\n<li style=\"list-style-type: circle;margin: 5px\">Weight.<\/li>\n<\/ul>\n<div>\n<div style=\"font-weight: bold\">Audio inputs.<\/div>\n<div>\n<p>Tipo: XLR y TRS \u00bc\u201d, servo-balanceados. Impedancia +4 dBu: 50 kilo-ohms balanceado y desbalanceado @ 1kHz. Impedancia -10 dBV: 50 kilo-ohms balanceado, 100 kilo-ohms desbalanceado @ 1 kHz. Nivel de operaci\u00f3n: +4 dBu\/ -10 dBV, conmutable. Nivel de entrada m\u00e1ximo: +22 dBu, balanceado y desbalanceado. CMRR: T\u00edpicamente 60 dB @ 1 kHz.<\/p>\n<\/div>\n<div style=\"font-weight: bold\">Audio outputs.<\/div>\n<div>\n<p>Tipo: XLR y TRS 1|\/4\u201d, servo-balanceado. Impedancia: 100 ohms balanceado, 50 ohms desbalanceado @ 1 kHz. Nivel de salida m\u00e1ximo: +21 dBu balanceado y desbalanceado.<\/p>\n<\/div>\n<div style=\"font-weight: bold\">System Specifications.<\/div>\n<div>\n<p>Rango de frecuencia: 10 Hz a 70 kHz, +0\/-3 dB. Relaci\u00f3n se\u00f1al a ruido: 115 dB sin ponderar. THD: 0.02% t\u00edpico @ +4 dBu, 1 kHz, unidad de ganancia. Crosstalk: -90 dB @ 1 kHz.<\/p>\n<\/div>\n<div style=\"font-weight: bold\">Secci\u00f3n de Expansor\/Compuerta.<\/div>\n<div>\n<p>Tipo: Expansor IRC (Interactive Ratio Control). Threshold: OFF a +10 dB, variable. Ratio: 1:1 a 1:8, variable. Ataque: &lt; 1 mseg \/ 50 dB, programa dependiente. Release: SLOW: 100 mseg \/ 1 dB \/ FAST: 100 mseg \/ 100 dB, variable.<\/p>\n<\/div>\n<div style=\"font-weight: bold\">Secci\u00f3n de compresor.<\/div>\n<div>\n<p>Tipo: Compresor IKA (Interactive Knee Adaptation). Threshold: -40 a +20 dB, variable. Ratio: 1:1 a 8:1, variable. Auto caracter\u00edstica: Compresor Wave Adaptativo. Tiempo de auto ataque: T\u00edpicamente 15 mseg para 10 dB, 5 mseg para 20 dB, 3 mseg para 30 dB. Tiempo rel\u00e9ase autom\u00e1tico: T\u00edpicamente 125 dB \/ seg, programa dependiente. Salida: -20 a +20 dB, variable.<\/p>\n<\/div>\n<div style=\"font-weight: bold\">Secci\u00f3n de limitador de pico.<\/div>\n<div>\n<p>Tipo: Limitador de pico IGC (Interactive Gain Control). Nivel: 0 dB a OFF (+21 dBu), variable. Tipo de limitador Nivel 1: Clipper. Ataque: \u201cZero\u201d. Release: \u201cZero\u201d. Tipo de limitador Nivel 2: Programa limitador. Ataque: T\u00edpicamente &lt;5 mseg, programa dependiente. Release: T\u00edpicamente 20 dB \/ seg, programa dependiente.<\/p>\n<\/div>\n<div style=\"font-weight: bold\">Secci\u00f3n Dynamic Enhancer.<\/div>\n<div>\n<p>Tipo: IDE (Interactive Dynamic Enhancer). Frecuencia de filtro: 2.5 kHz (frecuencia lower cut-off). Caracter\u00edstica: Filtro high-pass (6 dB\/oct). Boost: M\u00e1ximo 28 dB @ 7.5 kHz.<\/p>\n<\/div>\n<div style=\"font-weight: bold\">Energy.<\/div>\n<div>\n<p>Fuente de alimentaci\u00f3n en modo conmutado: Autorango, 100-240 V~ 50\/60 Hz. Consumo de energ\u00eda: 18W. Conector de energ\u00eda: Recept\u00e1culo IEC est\u00e1ndar.<\/p>\n<\/div>\n<div style=\"font-weight: bold\">Dimensions.<\/div>\n<div>\n<p>44 x 483 x 149 mm.<\/p>\n<\/div>\n<div style=\"font-weight: bold\">Weight.<\/div>\n<div>\n<p>1.8 kg.<\/p>\n<\/div>\n<\/div>\n<\/div>","protected":false},"excerpt":{"rendered":"<p>Compresor, expansor, gate y limitador de pico de 4 canales con enhancer din\u00e1mico  conmutable para un audio brillante y animado incluso con compresi\u00f3n pesada, circuito de compresi\u00f3n IKA conmutable,  expansor\/gate IRC para supresi\u00f3n de ruido virtualmente inaudible,  circuitos limitadores de picos IGC (control de ganancia interactivo) que combina clipper y limitador de programas para una protecci\u00f3n fiable e inaudible contra picos de se\u00f1al, filtro de bajo contorno conmutable que evita el \u201dbombeo\u201d debido a la compresi\u00f3n dominada por baja frecuencia, funci\u00f3n de par est\u00e9reo seleccionable para los canales 1\/2 y 3\/4, medidores LED separados de 8 segmentos para niveles de entrada\/salida y reducci\u00f3n de ganancia, nivel operativo seleccionable (+4 dBu\/-10 dBV), entradas y salidas servo-balanceadas con conectores TRS 1\/4\u201d y XLR chapados en oro, fuente de alimentaci\u00f3n de conmutaci\u00f3n interna (100-240V) para audio sin ruido y bajo consumo de energ\u00eda, dimensiones: 44 x 483 x 149 mm, peso: 1.8 kg.&hellip; <a class=\"kt-excerpt-readmore more-link\" href=\"https:\/\/www.mexicanguitarplayers.com\/en\/tienda\/audio\/procesadores\/compresor-limitador-behringer-mdx4600-v2\/\">Read more<\/a><\/p>","protected":false},"featured_media":38721,"comment_status":"open","ping_status":"closed","template":"","meta":{"kt_blocks_editor_width":""},"pwb-brand":[171],"product_brand":[],"product_cat":[213,493],"product_tag":[],"class_list":{"0":"post-38725","1":"product","2":"type-product","3":"status-publish","4":"has-post-thumbnail","6":"pwb-brand-behringer","7":"product_cat-audio","8":"product_cat-procesadores","9":"product_shipping_class-0-5-kg","11":"first","12":"outofstock","13":"taxable","14":"shipping-taxable","15":"purchasable","16":"product-type-simple"},"yoast_head":"<!-- This site is optimized with the Yoast SEO plugin v27.3 - https:\/\/yoast.com\/product\/yoast-seo-wordpress\/ -->\n<title>COMPRESOR-LIMITADOR BEHRINGER MDX4600 V2 - Mexican Guitar Players<\/title>\n<meta name=\"description\" content=\"Compresor, expansor, gate y limitador de pico de 4 canales con enhancer din\u00e1mico conmutable para un audio brillante y animado incluso con compresi\u00f3n pesada, circuito de compresi\u00f3n IKA conmutable, expansor\/gate IRC para supresi\u00f3n de ruido virtualmente inaudible, circuitos limitadores de picos IGC (control de ganancia interactivo) que combina clipper y limitador de programas para una protecci\u00f3n fiable e inaudible contra picos de se\u00f1al, filtro de bajo contorno conmutable que evita el \u201dbombeo\u201d debido a la compresi\u00f3n dominada por baja frecuencia, funci\u00f3n de par est\u00e9reo seleccionable para los canales 1\/2 y 3\/4, medidores LED separados de 8 segmentos para niveles de entrada\/salida y reducci\u00f3n de ganancia, nivel operativo seleccionable (+4 dBu\/-10 dBV), entradas y salidas servo-balanceadas con conectores TRS 1\/4\u201d y XLR chapados en oro, fuente de alimentaci\u00f3n de conmutaci\u00f3n interna (100-240V) para audio sin ruido y bajo consumo de energ\u00eda, dimensiones: 44 x 483 x 149 mm, peso: 1.8 kg.\" \/>\n<meta name=\"robots\" content=\"index, follow, max-snippet:-1, max-image-preview:large, max-video-preview:-1\" \/>\n<link rel=\"canonical\" href=\"https:\/\/www.mexicanguitarplayers.com\/en\/tienda\/sin%20categor\u00eda\/compresor-limitador-behringer-mdx4600-v2\/\" \/>\n<meta property=\"og:locale\" content=\"en_US\" \/>\n<meta property=\"og:type\" content=\"article\" \/>\n<meta property=\"og:title\" content=\"COMPRESOR-LIMITADOR BEHRINGER MDX4600 V2 - Mexican Guitar Players\" \/>\n<meta property=\"og:description\" content=\"Compresor, expansor, gate y limitador de pico de 4 canales con enhancer din\u00e1mico conmutable para un audio brillante y animado incluso con compresi\u00f3n pesada, circuito de compresi\u00f3n IKA conmutable, expansor\/gate IRC para supresi\u00f3n de ruido virtualmente inaudible, circuitos limitadores de picos IGC (control de ganancia interactivo) que combina clipper y limitador de programas para una protecci\u00f3n fiable e inaudible contra picos de se\u00f1al, filtro de bajo contorno conmutable que evita el \u201dbombeo\u201d debido a la compresi\u00f3n dominada por baja frecuencia, funci\u00f3n de par est\u00e9reo seleccionable para los canales 1\/2 y 3\/4, medidores LED separados de 8 segmentos para niveles de entrada\/salida y reducci\u00f3n de ganancia, nivel operativo seleccionable (+4 dBu\/-10 dBV), entradas y salidas servo-balanceadas con conectores TRS 1\/4\u201d y XLR chapados en oro, fuente de alimentaci\u00f3n de conmutaci\u00f3n interna (100-240V) para audio sin ruido y bajo consumo de energ\u00eda, dimensiones: 44 x 483 x 149 mm, peso: 1.8 kg.\" \/>\n<meta property=\"og:url\" content=\"https:\/\/www.mexicanguitarplayers.com\/en\/tienda\/sin categor\u00eda\/compresor-limitador-behringer-mdx4600-v2\/\" \/>\n<meta property=\"og:site_name\" content=\"Mexican Guitar Players\" \/>\n<meta property=\"article:modified_time\" content=\"2026-04-10T10:22:23+00:00\" \/>\n<meta name=\"twitter:card\" content=\"summary_large_image\" \/>\n<meta name=\"twitter:label1\" content=\"Est. reading time\" \/>\n\t<meta name=\"twitter:data1\" content=\"3 minutes\" \/>\n<script type=\"application\/ld+json\" class=\"yoast-schema-graph\">{\"@context\":\"https:\\\/\\\/schema.org\",\"@graph\":[{\"@type\":[\"WebPage\",\"ItemPage\"],\"@id\":\"https:\\\/\\\/www.mexicanguitarplayers.com\\\/tienda\\\/sin categor\u00eda\\\/compresor-limitador-behringer-mdx4600-v2\\\/\",\"url\":\"https:\\\/\\\/www.mexicanguitarplayers.com\\\/tienda\\\/sin categor\u00eda\\\/compresor-limitador-behringer-mdx4600-v2\\\/\",\"name\":\"COMPRESOR-LIMITADOR BEHRINGER MDX4600 V2 - Mexican Guitar Players\",\"isPartOf\":{\"@id\":\"https:\\\/\\\/www.mexicanguitarplayers.com\\\/#website\"},\"primaryImageOfPage\":{\"@id\":\"https:\\\/\\\/www.mexicanguitarplayers.com\\\/tienda\\\/sin categor\u00eda\\\/compresor-limitador-behringer-mdx4600-v2\\\/#primaryimage\"},\"image\":{\"@id\":\"https:\\\/\\\/www.mexicanguitarplayers.com\\\/tienda\\\/sin categor\u00eda\\\/compresor-limitador-behringer-mdx4600-v2\\\/#primaryimage\"},\"thumbnailUrl\":\"https:\\\/\\\/www.mexicanguitarplayers.com\\\/wp-content\\\/uploads\\\/2025\\\/04\\\/IABEHMDX4600V2.jpg\",\"datePublished\":\"2025-04-09T12:17:21+00:00\",\"dateModified\":\"2026-04-10T10:22:23+00:00\",\"description\":\"Compresor, expansor, gate y limitador de pico de 4 canales con enhancer din\u00e1mico conmutable para un audio brillante y animado incluso con compresi\u00f3n pesada, circuito de compresi\u00f3n IKA conmutable, expansor\\\/gate IRC para supresi\u00f3n de ruido virtualmente inaudible, circuitos limitadores de picos IGC (control de ganancia interactivo) que combina clipper y limitador de programas para una protecci\u00f3n fiable e inaudible contra picos de se\u00f1al, filtro de bajo contorno conmutable que evita el \u201dbombeo\u201d debido a la compresi\u00f3n dominada por baja frecuencia, funci\u00f3n de par est\u00e9reo seleccionable para los canales 1\\\/2 y 3\\\/4, medidores LED separados de 8 segmentos para niveles de entrada\\\/salida y reducci\u00f3n de ganancia, nivel operativo seleccionable (+4 dBu\\\/-10 dBV), entradas y salidas servo-balanceadas con conectores TRS 1\\\/4\u201d y XLR chapados en oro, fuente de alimentaci\u00f3n de conmutaci\u00f3n interna (100-240V) para audio sin ruido y bajo consumo de energ\u00eda, dimensiones: 44 x 483 x 149 mm, peso: 1.8 kg.\",\"breadcrumb\":{\"@id\":\"https:\\\/\\\/www.mexicanguitarplayers.com\\\/tienda\\\/sin categor\u00eda\\\/compresor-limitador-behringer-mdx4600-v2\\\/#breadcrumb\"},\"inLanguage\":\"en-US\",\"potentialAction\":[{\"@type\":\"ReadAction\",\"target\":[\"https:\\\/\\\/www.mexicanguitarplayers.com\\\/tienda\\\/sin categor\u00eda\\\/compresor-limitador-behringer-mdx4600-v2\\\/\"]}]},{\"@type\":\"ImageObject\",\"inLanguage\":\"en-US\",\"@id\":\"https:\\\/\\\/www.mexicanguitarplayers.com\\\/tienda\\\/sin categor\u00eda\\\/compresor-limitador-behringer-mdx4600-v2\\\/#primaryimage\",\"url\":\"https:\\\/\\\/www.mexicanguitarplayers.com\\\/wp-content\\\/uploads\\\/2025\\\/04\\\/IABEHMDX4600V2.jpg\",\"contentUrl\":\"https:\\\/\\\/www.mexicanguitarplayers.com\\\/wp-content\\\/uploads\\\/2025\\\/04\\\/IABEHMDX4600V2.jpg\",\"width\":1600,\"height\":800},{\"@type\":\"BreadcrumbList\",\"@id\":\"https:\\\/\\\/www.mexicanguitarplayers.com\\\/tienda\\\/sin categor\u00eda\\\/compresor-limitador-behringer-mdx4600-v2\\\/#breadcrumb\",\"itemListElement\":[{\"@type\":\"ListItem\",\"position\":1,\"name\":\"Portada\",\"item\":\"https:\\\/\\\/www.mexicanguitarplayers.com\\\/\"},{\"@type\":\"ListItem\",\"position\":2,\"name\":\"Tienda\",\"item\":\"https:\\\/\\\/www.mexicanguitarplayers.com\\\/tienda\\\/\"},{\"@type\":\"ListItem\",\"position\":3,\"name\":\"COMPRESOR-LIMITADOR BEHRINGER MDX4600 V2\"}]},{\"@type\":\"WebSite\",\"@id\":\"https:\\\/\\\/www.mexicanguitarplayers.com\\\/#website\",\"url\":\"https:\\\/\\\/www.mexicanguitarplayers.com\\\/\",\"name\":\"Mexican Guitar Players\",\"description\":\"Website\",\"publisher\":{\"@id\":\"https:\\\/\\\/www.mexicanguitarplayers.com\\\/#organization\"},\"potentialAction\":[{\"@type\":\"SearchAction\",\"target\":{\"@type\":\"EntryPoint\",\"urlTemplate\":\"https:\\\/\\\/www.mexicanguitarplayers.com\\\/?s={search_term_string}\"},\"query-input\":{\"@type\":\"PropertyValueSpecification\",\"valueRequired\":true,\"valueName\":\"search_term_string\"}}],\"inLanguage\":\"en-US\"},{\"@type\":\"Organization\",\"@id\":\"https:\\\/\\\/www.mexicanguitarplayers.com\\\/#organization\",\"name\":\"Mexican Guitar Players\",\"url\":\"https:\\\/\\\/www.mexicanguitarplayers.com\\\/\",\"logo\":{\"@type\":\"ImageObject\",\"inLanguage\":\"en-US\",\"@id\":\"https:\\\/\\\/www.mexicanguitarplayers.com\\\/#\\\/schema\\\/logo\\\/image\\\/\",\"url\":\"\",\"contentUrl\":\"\",\"caption\":\"Mexican Guitar Players\"},\"image\":{\"@id\":\"https:\\\/\\\/www.mexicanguitarplayers.com\\\/#\\\/schema\\\/logo\\\/image\\\/\"}}]}<\/script>\n<!-- \/ Yoast SEO plugin. -->","yoast_head_json":{"title":"COMPRESOR-LIMITADOR BEHRINGER MDX4600 V2 - Mexican Guitar Players","description":"Compresor, expansor, gate y limitador de pico de 4 canales con enhancer din\u00e1mico conmutable para un audio brillante y animado incluso con compresi\u00f3n pesada, circuito de compresi\u00f3n IKA conmutable, expansor\/gate IRC para supresi\u00f3n de ruido virtualmente inaudible, circuitos limitadores de picos IGC (control de ganancia interactivo) que combina clipper y limitador de programas para una protecci\u00f3n fiable e inaudible contra picos de se\u00f1al, filtro de bajo contorno conmutable que evita el \u201dbombeo\u201d debido a la compresi\u00f3n dominada por baja frecuencia, funci\u00f3n de par est\u00e9reo seleccionable para los canales 1\/2 y 3\/4, medidores LED separados de 8 segmentos para niveles de entrada\/salida y reducci\u00f3n de ganancia, nivel operativo seleccionable (+4 dBu\/-10 dBV), entradas y salidas servo-balanceadas con conectores TRS 1\/4\u201d y XLR chapados en oro, fuente de alimentaci\u00f3n de conmutaci\u00f3n interna (100-240V) para audio sin ruido y bajo consumo de energ\u00eda, dimensiones: 44 x 483 x 149 mm, peso: 1.8 kg.","robots":{"index":"index","follow":"follow","max-snippet":"max-snippet:-1","max-image-preview":"max-image-preview:large","max-video-preview":"max-video-preview:-1"},"canonical":"https:\/\/www.mexicanguitarplayers.com\/en\/tienda\/sin categor\u00eda\/compresor-limitador-behringer-mdx4600-v2\/","og_locale":"en_US","og_type":"article","og_title":"COMPRESOR-LIMITADOR BEHRINGER MDX4600 V2 - Mexican Guitar Players","og_description":"Compresor, expansor, gate y limitador de pico de 4 canales con enhancer din\u00e1mico conmutable para un audio brillante y animado incluso con compresi\u00f3n pesada, circuito de compresi\u00f3n IKA conmutable, expansor\/gate IRC para supresi\u00f3n de ruido virtualmente inaudible, circuitos limitadores de picos IGC (control de ganancia interactivo) que combina clipper y limitador de programas para una protecci\u00f3n fiable e inaudible contra picos de se\u00f1al, filtro de bajo contorno conmutable que evita el \u201dbombeo\u201d debido a la compresi\u00f3n dominada por baja frecuencia, funci\u00f3n de par est\u00e9reo seleccionable para los canales 1\/2 y 3\/4, medidores LED separados de 8 segmentos para niveles de entrada\/salida y reducci\u00f3n de ganancia, nivel operativo seleccionable (+4 dBu\/-10 dBV), entradas y salidas servo-balanceadas con conectores TRS 1\/4\u201d y XLR chapados en oro, fuente de alimentaci\u00f3n de conmutaci\u00f3n interna (100-240V) para audio sin ruido y bajo consumo de energ\u00eda, dimensiones: 44 x 483 x 149 mm, peso: 1.8 kg.","og_url":"https:\/\/www.mexicanguitarplayers.com\/en\/tienda\/sin categor\u00eda\/compresor-limitador-behringer-mdx4600-v2\/","og_site_name":"Mexican Guitar Players","article_modified_time":"2026-04-10T10:22:23+00:00","twitter_card":"summary_large_image","twitter_misc":{"Est. reading time":"3 minutes"},"schema":{"@context":"https:\/\/schema.org","@graph":[{"@type":["WebPage","ItemPage"],"@id":"https:\/\/www.mexicanguitarplayers.com\/tienda\/sin categor\u00eda\/compresor-limitador-behringer-mdx4600-v2\/","url":"https:\/\/www.mexicanguitarplayers.com\/tienda\/sin categor\u00eda\/compresor-limitador-behringer-mdx4600-v2\/","name":"COMPRESOR-LIMITADOR BEHRINGER MDX4600 V2 - Mexican Guitar Players","isPartOf":{"@id":"https:\/\/www.mexicanguitarplayers.com\/#website"},"primaryImageOfPage":{"@id":"https:\/\/www.mexicanguitarplayers.com\/tienda\/sin categor\u00eda\/compresor-limitador-behringer-mdx4600-v2\/#primaryimage"},"image":{"@id":"https:\/\/www.mexicanguitarplayers.com\/tienda\/sin categor\u00eda\/compresor-limitador-behringer-mdx4600-v2\/#primaryimage"},"thumbnailUrl":"https:\/\/www.mexicanguitarplayers.com\/wp-content\/uploads\/2025\/04\/IABEHMDX4600V2.jpg","datePublished":"2025-04-09T12:17:21+00:00","dateModified":"2026-04-10T10:22:23+00:00","description":"Compresor, expansor, gate y limitador de pico de 4 canales con enhancer din\u00e1mico conmutable para un audio brillante y animado incluso con compresi\u00f3n pesada, circuito de compresi\u00f3n IKA conmutable, expansor\/gate IRC para supresi\u00f3n de ruido virtualmente inaudible, circuitos limitadores de picos IGC (control de ganancia interactivo) que combina clipper y limitador de programas para una protecci\u00f3n fiable e inaudible contra picos de se\u00f1al, filtro de bajo contorno conmutable que evita el \u201dbombeo\u201d debido a la compresi\u00f3n dominada por baja frecuencia, funci\u00f3n de par est\u00e9reo seleccionable para los canales 1\/2 y 3\/4, medidores LED separados de 8 segmentos para niveles de entrada\/salida y reducci\u00f3n de ganancia, nivel operativo seleccionable (+4 dBu\/-10 dBV), entradas y salidas servo-balanceadas con conectores TRS 1\/4\u201d y XLR chapados en oro, fuente de alimentaci\u00f3n de conmutaci\u00f3n interna (100-240V) para audio sin ruido y bajo consumo de energ\u00eda, dimensiones: 44 x 483 x 149 mm, peso: 1.8 kg.","breadcrumb":{"@id":"https:\/\/www.mexicanguitarplayers.com\/tienda\/sin categor\u00eda\/compresor-limitador-behringer-mdx4600-v2\/#breadcrumb"},"inLanguage":"en-US","potentialAction":[{"@type":"ReadAction","target":["https:\/\/www.mexicanguitarplayers.com\/tienda\/sin categor\u00eda\/compresor-limitador-behringer-mdx4600-v2\/"]}]},{"@type":"ImageObject","inLanguage":"en-US","@id":"https:\/\/www.mexicanguitarplayers.com\/tienda\/sin categor\u00eda\/compresor-limitador-behringer-mdx4600-v2\/#primaryimage","url":"https:\/\/www.mexicanguitarplayers.com\/wp-content\/uploads\/2025\/04\/IABEHMDX4600V2.jpg","contentUrl":"https:\/\/www.mexicanguitarplayers.com\/wp-content\/uploads\/2025\/04\/IABEHMDX4600V2.jpg","width":1600,"height":800},{"@type":"BreadcrumbList","@id":"https:\/\/www.mexicanguitarplayers.com\/tienda\/sin categor\u00eda\/compresor-limitador-behringer-mdx4600-v2\/#breadcrumb","itemListElement":[{"@type":"ListItem","position":1,"name":"Portada","item":"https:\/\/www.mexicanguitarplayers.com\/"},{"@type":"ListItem","position":2,"name":"Tienda","item":"https:\/\/www.mexicanguitarplayers.com\/tienda\/"},{"@type":"ListItem","position":3,"name":"COMPRESOR-LIMITADOR BEHRINGER MDX4600 V2"}]},{"@type":"WebSite","@id":"https:\/\/www.mexicanguitarplayers.com\/#website","url":"https:\/\/www.mexicanguitarplayers.com\/","name":"Mexican Guitar Players","description":"Website","publisher":{"@id":"https:\/\/www.mexicanguitarplayers.com\/#organization"},"potentialAction":[{"@type":"SearchAction","target":{"@type":"EntryPoint","urlTemplate":"https:\/\/www.mexicanguitarplayers.com\/?s={search_term_string}"},"query-input":{"@type":"PropertyValueSpecification","valueRequired":true,"valueName":"search_term_string"}}],"inLanguage":"en-US"},{"@type":"Organization","@id":"https:\/\/www.mexicanguitarplayers.com\/#organization","name":"Mexican Guitar Players","url":"https:\/\/www.mexicanguitarplayers.com\/","logo":{"@type":"ImageObject","inLanguage":"en-US","@id":"https:\/\/www.mexicanguitarplayers.com\/#\/schema\/logo\/image\/","url":"","contentUrl":"","caption":"Mexican Guitar Players"},"image":{"@id":"https:\/\/www.mexicanguitarplayers.com\/#\/schema\/logo\/image\/"}}]}},"brands":[{"id":171,"name":"BEHRINGER","slug":"behringer"}],"_links":{"self":[{"href":"https:\/\/www.mexicanguitarplayers.com\/en\/wp-json\/wp\/v2\/product\/38725","targetHints":{"allow":["GET"]}}],"collection":[{"href":"https:\/\/www.mexicanguitarplayers.com\/en\/wp-json\/wp\/v2\/product"}],"about":[{"href":"https:\/\/www.mexicanguitarplayers.com\/en\/wp-json\/wp\/v2\/types\/product"}],"replies":[{"embeddable":true,"href":"https:\/\/www.mexicanguitarplayers.com\/en\/wp-json\/wp\/v2\/comments?post=38725"}],"wp:featuredmedia":[{"embeddable":true,"href":"https:\/\/www.mexicanguitarplayers.com\/en\/wp-json\/wp\/v2\/media\/38721"}],"wp:attachment":[{"href":"https:\/\/www.mexicanguitarplayers.com\/en\/wp-json\/wp\/v2\/media?parent=38725"}],"wp:term":[{"taxonomy":"pwb-brand","embeddable":true,"href":"https:\/\/www.mexicanguitarplayers.com\/en\/wp-json\/wp\/v2\/pwb-brand?post=38725"},{"taxonomy":"product_brand","embeddable":true,"href":"https:\/\/www.mexicanguitarplayers.com\/en\/wp-json\/wp\/v2\/product_brand?post=38725"},{"taxonomy":"product_cat","embeddable":true,"href":"https:\/\/www.mexicanguitarplayers.com\/en\/wp-json\/wp\/v2\/product_cat?post=38725"},{"taxonomy":"product_tag","embeddable":true,"href":"https:\/\/www.mexicanguitarplayers.com\/en\/wp-json\/wp\/v2\/product_tag?post=38725"}],"curies":[{"name":"wp","href":"https:\/\/api.w.org\/{rel}","templated":true}]}}