{"id":38727,"date":"2025-04-09T06:17:23","date_gmt":"2025-04-09T12:17:23","guid":{"rendered":"https:\/\/www.mexicanguitarplayers.com\/tienda\/sin categor\u00eda\/convertidor-akg-mod-a48v\/"},"modified":"2026-04-10T04:22:22","modified_gmt":"2026-04-10T10:22:22","slug":"convertidor-akg-mod-a48v","status":"publish","type":"product","link":"https:\/\/www.mexicanguitarplayers.com\/en\/tienda\/audio\/interfaces\/convertidor-akg-mod-a48v\/","title":{"rendered":"CONVERTIDOR AKG      MOD. A48V"},"content":{"rendered":"<div style=\"text-align: justify\">\n<div>\n<h3>Convierte alimentaci\u00f3n 18V en 48V Phantom Power.<\/h3>\n<\/div>\n<div>El A48V de AKG es un adaptador para la bater\u00eda B18 que convierte la alimentaci\u00f3n 18V en alimentaci\u00f3n 48V phantom power para micr\u00f3fonos de condensador. Puede alimentar varios micr\u00f3fonos con potencia phantom que tienen altas tensiones e impedancias bajas, incluyendo la mayor\u00eda de los micr\u00f3fonos AKG. El adaptador reemplaza una de las dos bater\u00edas de 9V en el B18 y baja impedancia de salida 48V desde una simple bater\u00eda de 9V. Obt\u00e9n m\u00e1s voltios para micr\u00f3fonos m\u00f3viles. Al reducir la impedancia, el A48V puede empujar una mayor tensi\u00f3n de salida a tus micr\u00f3fonos inal\u00e1mbricos, que el B18 proporcionar\u00e1 al utilizar una sola bater\u00eda de 9V como entrada. Es perfecto para los condensadores que requieren alto voltaje y no son exigentes con el nivel de impedancia. Rango din\u00e1mico mejorado. La alimentaci\u00f3n de micr\u00f3fonos de bater\u00edas resulta a menudo en un nivel m\u00e1s bajo que la alimentaci\u00f3n de micr\u00f3fonos din\u00e1micos de una mezcladora con alimentaci\u00f3n AC (es decir, un micr\u00f3fono de rango din\u00e1mico puede caer de 112 dB a 98 dB).  Compatibilidad. Micr\u00f3fonos con alimentaci\u00f3n phantom. El A48V y el B18 juntos pueden alimentar cualquier micr\u00f3fono de condensador con conectores XLR est\u00e1ndar que acepten 48V de baja impedancia de entrada. Esto abarca la mayor\u00eda de los micr\u00f3fonos AKG, incluyendo el MicroMic III Series y el C430 MicroMic.<\/div>\n<div>\n<h4>Quick look<\/h4>\n<\/div>\n<ul style=\"margin: 0px 0px 0px 25px\">\n<li style=\"list-style-type: circle;margin: 5px\">Input connectors.<\/li>\n<li style=\"list-style-type: circle;margin: 5px\">Output connectors.<\/li>\n<li style=\"list-style-type: circle;margin: 5px\">Adaptador.<\/li>\n<li style=\"list-style-type: circle;margin: 5px\">Stack.<\/li>\n<li style=\"list-style-type: circle;margin: 5px\">Feeding.<\/li>\n<li style=\"list-style-type: circle;margin: 5px\">Dimensions.<\/li>\n<\/ul>\n<div>\n<div style=\"font-weight: bold\">Input connectors.<\/div>\n<div>\n<p>Utiliza XLR de 3 pines en el B18.<\/p>\n<\/div>\n<div style=\"font-weight: bold\">Output connectors.<\/div>\n<div>\n<p>Utiliza XLR de 3 pines en el B18.<\/p>\n<\/div>\n<div style=\"font-weight: bold\">Adaptador.<\/div>\n<div>\n<p>Convierte la salida t\u00edpica 18V del B18 a 48V.<\/p>\n<\/div>\n<div style=\"font-weight: bold\">Stack.<\/div>\n<div>\n<p>1 x 9V.<\/p>\n<\/div>\n<div style=\"font-weight: bold\">Feeding.<\/div>\n<div>\n<p>Entrada de 9V, salida de 48V.<\/p>\n<\/div>\n<div style=\"font-weight: bold\">Dimensions.<\/div>\n<div>\n<p>0.94\u201d x 1.88\u201d x 0.56&#8243; pulgadas (2.39 x 4.78 x 1.42 cm).<\/p>\n<\/div>\n<\/div>\n<\/div>","protected":false},"excerpt":{"rendered":"<p>Adaptador para la bater\u00eda B18 que convierte la alimentaci\u00f3n 18V en alimentaci\u00f3n48V phantom power para micr\u00f3fonos de condensador.&hellip; <a class=\"kt-excerpt-readmore more-link\" href=\"https:\/\/www.mexicanguitarplayers.com\/en\/tienda\/audio\/interfaces\/convertidor-akg-mod-a48v\/\">Read more<\/a><\/p>","protected":false},"featured_media":38726,"comment_status":"open","ping_status":"closed","template":"","meta":{"kt_blocks_editor_width":""},"pwb-brand":[528],"product_brand":[],"product_cat":[213,233],"product_tag":[],"class_list":{"0":"post-38727","1":"product","2":"type-product","3":"status-publish","4":"has-post-thumbnail","6":"pwb-brand-akg","7":"product_cat-audio","8":"product_cat-interfaces","9":"product_shipping_class-0-5-kg","11":"first","12":"instock","13":"taxable","14":"shipping-taxable","15":"purchasable","16":"product-type-simple"},"yoast_head":"<!-- This site is optimized with the Yoast SEO plugin v27.5 - https:\/\/yoast.com\/product\/yoast-seo-wordpress\/ -->\n<title>CONVERTIDOR AKG   MOD. A48V - Mexican Guitar Players<\/title>\n<meta name=\"description\" content=\"Adaptador para la bater\u00eda B18 que convierte la alimentaci\u00f3n 18V en alimentaci\u00f3n48V phantom power para micr\u00f3fonos de condensador.\" \/>\n<meta name=\"robots\" content=\"index, follow, max-snippet:-1, max-image-preview:large, max-video-preview:-1\" \/>\n<link rel=\"canonical\" href=\"https:\/\/www.mexicanguitarplayers.com\/en\/tienda\/sin%20categor\u00eda\/convertidor-akg-mod-a48v\/\" \/>\n<meta property=\"og:locale\" content=\"en_US\" \/>\n<meta property=\"og:type\" content=\"article\" \/>\n<meta property=\"og:title\" content=\"CONVERTIDOR AKG   MOD. A48V - Mexican Guitar Players\" \/>\n<meta property=\"og:description\" content=\"Adaptador para la bater\u00eda B18 que convierte la alimentaci\u00f3n 18V en alimentaci\u00f3n48V phantom power para micr\u00f3fonos de condensador.\" \/>\n<meta property=\"og:url\" content=\"https:\/\/www.mexicanguitarplayers.com\/en\/tienda\/sin categor\u00eda\/convertidor-akg-mod-a48v\/\" \/>\n<meta property=\"og:site_name\" content=\"Mexican Guitar Players\" \/>\n<meta property=\"article:modified_time\" content=\"2026-04-10T10:22:22+00:00\" \/>\n<meta name=\"twitter:card\" content=\"summary_large_image\" \/>\n<meta name=\"twitter:label1\" content=\"Est. reading time\" \/>\n\t<meta name=\"twitter:data1\" content=\"2 minutes\" \/>\n<script type=\"application\/ld+json\" class=\"yoast-schema-graph\">{\"@context\":\"https:\\\/\\\/schema.org\",\"@graph\":[{\"@type\":[\"WebPage\",\"ItemPage\"],\"@id\":\"https:\\\/\\\/www.mexicanguitarplayers.com\\\/tienda\\\/sin categor\u00eda\\\/convertidor-akg-mod-a48v\\\/\",\"url\":\"https:\\\/\\\/www.mexicanguitarplayers.com\\\/tienda\\\/sin categor\u00eda\\\/convertidor-akg-mod-a48v\\\/\",\"name\":\"CONVERTIDOR AKG MOD. A48V - Mexican Guitar Players\",\"isPartOf\":{\"@id\":\"https:\\\/\\\/www.mexicanguitarplayers.com\\\/#website\"},\"primaryImageOfPage\":{\"@id\":\"https:\\\/\\\/www.mexicanguitarplayers.com\\\/tienda\\\/sin categor\u00eda\\\/convertidor-akg-mod-a48v\\\/#primaryimage\"},\"image\":{\"@id\":\"https:\\\/\\\/www.mexicanguitarplayers.com\\\/tienda\\\/sin categor\u00eda\\\/convertidor-akg-mod-a48v\\\/#primaryimage\"},\"thumbnailUrl\":\"https:\\\/\\\/www.mexicanguitarplayers.com\\\/wp-content\\\/uploads\\\/2025\\\/04\\\/VAAKGA48V.jpg\",\"datePublished\":\"2025-04-09T12:17:23+00:00\",\"dateModified\":\"2026-04-10T10:22:22+00:00\",\"description\":\"Adaptador para la bater\u00eda B18 que convierte la alimentaci\u00f3n 18V en alimentaci\u00f3n48V phantom power para micr\u00f3fonos de condensador.\",\"breadcrumb\":{\"@id\":\"https:\\\/\\\/www.mexicanguitarplayers.com\\\/tienda\\\/sin categor\u00eda\\\/convertidor-akg-mod-a48v\\\/#breadcrumb\"},\"inLanguage\":\"en-US\",\"potentialAction\":[{\"@type\":\"ReadAction\",\"target\":[\"https:\\\/\\\/www.mexicanguitarplayers.com\\\/tienda\\\/sin categor\u00eda\\\/convertidor-akg-mod-a48v\\\/\"]}]},{\"@type\":\"ImageObject\",\"inLanguage\":\"en-US\",\"@id\":\"https:\\\/\\\/www.mexicanguitarplayers.com\\\/tienda\\\/sin categor\u00eda\\\/convertidor-akg-mod-a48v\\\/#primaryimage\",\"url\":\"https:\\\/\\\/www.mexicanguitarplayers.com\\\/wp-content\\\/uploads\\\/2025\\\/04\\\/VAAKGA48V.jpg\",\"contentUrl\":\"https:\\\/\\\/www.mexicanguitarplayers.com\\\/wp-content\\\/uploads\\\/2025\\\/04\\\/VAAKGA48V.jpg\",\"width\":1200,\"height\":1200},{\"@type\":\"BreadcrumbList\",\"@id\":\"https:\\\/\\\/www.mexicanguitarplayers.com\\\/tienda\\\/sin categor\u00eda\\\/convertidor-akg-mod-a48v\\\/#breadcrumb\",\"itemListElement\":[{\"@type\":\"ListItem\",\"position\":1,\"name\":\"Portada\",\"item\":\"https:\\\/\\\/www.mexicanguitarplayers.com\\\/\"},{\"@type\":\"ListItem\",\"position\":2,\"name\":\"Tienda\",\"item\":\"https:\\\/\\\/www.mexicanguitarplayers.com\\\/tienda\\\/\"},{\"@type\":\"ListItem\",\"position\":3,\"name\":\"CONVERTIDOR AKG MOD. A48V\"}]},{\"@type\":\"WebSite\",\"@id\":\"https:\\\/\\\/www.mexicanguitarplayers.com\\\/#website\",\"url\":\"https:\\\/\\\/www.mexicanguitarplayers.com\\\/\",\"name\":\"Mexican Guitar Players\",\"description\":\"Website\",\"publisher\":{\"@id\":\"https:\\\/\\\/www.mexicanguitarplayers.com\\\/#organization\"},\"potentialAction\":[{\"@type\":\"SearchAction\",\"target\":{\"@type\":\"EntryPoint\",\"urlTemplate\":\"https:\\\/\\\/www.mexicanguitarplayers.com\\\/?s={search_term_string}\"},\"query-input\":{\"@type\":\"PropertyValueSpecification\",\"valueRequired\":true,\"valueName\":\"search_term_string\"}}],\"inLanguage\":\"en-US\"},{\"@type\":\"Organization\",\"@id\":\"https:\\\/\\\/www.mexicanguitarplayers.com\\\/#organization\",\"name\":\"Mexican Guitar Players\",\"url\":\"https:\\\/\\\/www.mexicanguitarplayers.com\\\/\",\"logo\":{\"@type\":\"ImageObject\",\"inLanguage\":\"en-US\",\"@id\":\"https:\\\/\\\/www.mexicanguitarplayers.com\\\/#\\\/schema\\\/logo\\\/image\\\/\",\"url\":\"\",\"contentUrl\":\"\",\"caption\":\"Mexican Guitar Players\"},\"image\":{\"@id\":\"https:\\\/\\\/www.mexicanguitarplayers.com\\\/#\\\/schema\\\/logo\\\/image\\\/\"}}]}<\/script>\n<!-- \/ Yoast SEO plugin. -->","yoast_head_json":{"title":"CONVERTIDOR AKG   MOD. A48V - Mexican Guitar Players","description":"Adaptador para la bater\u00eda B18 que convierte la alimentaci\u00f3n 18V en alimentaci\u00f3n48V phantom power para micr\u00f3fonos de condensador.","robots":{"index":"index","follow":"follow","max-snippet":"max-snippet:-1","max-image-preview":"max-image-preview:large","max-video-preview":"max-video-preview:-1"},"canonical":"https:\/\/www.mexicanguitarplayers.com\/en\/tienda\/sin categor\u00eda\/convertidor-akg-mod-a48v\/","og_locale":"en_US","og_type":"article","og_title":"CONVERTIDOR AKG   MOD. A48V - Mexican Guitar Players","og_description":"Adaptador para la bater\u00eda B18 que convierte la alimentaci\u00f3n 18V en alimentaci\u00f3n48V phantom power para micr\u00f3fonos de condensador.","og_url":"https:\/\/www.mexicanguitarplayers.com\/en\/tienda\/sin categor\u00eda\/convertidor-akg-mod-a48v\/","og_site_name":"Mexican Guitar Players","article_modified_time":"2026-04-10T10:22:22+00:00","twitter_card":"summary_large_image","twitter_misc":{"Est. reading time":"2 minutes"},"schema":{"@context":"https:\/\/schema.org","@graph":[{"@type":["WebPage","ItemPage"],"@id":"https:\/\/www.mexicanguitarplayers.com\/tienda\/sin categor\u00eda\/convertidor-akg-mod-a48v\/","url":"https:\/\/www.mexicanguitarplayers.com\/tienda\/sin categor\u00eda\/convertidor-akg-mod-a48v\/","name":"CONVERTIDOR AKG MOD. A48V - Mexican Guitar Players","isPartOf":{"@id":"https:\/\/www.mexicanguitarplayers.com\/#website"},"primaryImageOfPage":{"@id":"https:\/\/www.mexicanguitarplayers.com\/tienda\/sin categor\u00eda\/convertidor-akg-mod-a48v\/#primaryimage"},"image":{"@id":"https:\/\/www.mexicanguitarplayers.com\/tienda\/sin categor\u00eda\/convertidor-akg-mod-a48v\/#primaryimage"},"thumbnailUrl":"https:\/\/www.mexicanguitarplayers.com\/wp-content\/uploads\/2025\/04\/VAAKGA48V.jpg","datePublished":"2025-04-09T12:17:23+00:00","dateModified":"2026-04-10T10:22:22+00:00","description":"Adaptador para la bater\u00eda B18 que convierte la alimentaci\u00f3n 18V en alimentaci\u00f3n48V phantom power para micr\u00f3fonos de condensador.","breadcrumb":{"@id":"https:\/\/www.mexicanguitarplayers.com\/tienda\/sin categor\u00eda\/convertidor-akg-mod-a48v\/#breadcrumb"},"inLanguage":"en-US","potentialAction":[{"@type":"ReadAction","target":["https:\/\/www.mexicanguitarplayers.com\/tienda\/sin categor\u00eda\/convertidor-akg-mod-a48v\/"]}]},{"@type":"ImageObject","inLanguage":"en-US","@id":"https:\/\/www.mexicanguitarplayers.com\/tienda\/sin categor\u00eda\/convertidor-akg-mod-a48v\/#primaryimage","url":"https:\/\/www.mexicanguitarplayers.com\/wp-content\/uploads\/2025\/04\/VAAKGA48V.jpg","contentUrl":"https:\/\/www.mexicanguitarplayers.com\/wp-content\/uploads\/2025\/04\/VAAKGA48V.jpg","width":1200,"height":1200},{"@type":"BreadcrumbList","@id":"https:\/\/www.mexicanguitarplayers.com\/tienda\/sin categor\u00eda\/convertidor-akg-mod-a48v\/#breadcrumb","itemListElement":[{"@type":"ListItem","position":1,"name":"Portada","item":"https:\/\/www.mexicanguitarplayers.com\/"},{"@type":"ListItem","position":2,"name":"Tienda","item":"https:\/\/www.mexicanguitarplayers.com\/tienda\/"},{"@type":"ListItem","position":3,"name":"CONVERTIDOR AKG MOD. A48V"}]},{"@type":"WebSite","@id":"https:\/\/www.mexicanguitarplayers.com\/#website","url":"https:\/\/www.mexicanguitarplayers.com\/","name":"Mexican Guitar Players","description":"Website","publisher":{"@id":"https:\/\/www.mexicanguitarplayers.com\/#organization"},"potentialAction":[{"@type":"SearchAction","target":{"@type":"EntryPoint","urlTemplate":"https:\/\/www.mexicanguitarplayers.com\/?s={search_term_string}"},"query-input":{"@type":"PropertyValueSpecification","valueRequired":true,"valueName":"search_term_string"}}],"inLanguage":"en-US"},{"@type":"Organization","@id":"https:\/\/www.mexicanguitarplayers.com\/#organization","name":"Mexican Guitar Players","url":"https:\/\/www.mexicanguitarplayers.com\/","logo":{"@type":"ImageObject","inLanguage":"en-US","@id":"https:\/\/www.mexicanguitarplayers.com\/#\/schema\/logo\/image\/","url":"","contentUrl":"","caption":"Mexican Guitar Players"},"image":{"@id":"https:\/\/www.mexicanguitarplayers.com\/#\/schema\/logo\/image\/"}}]}},"brands":[{"id":528,"name":"AKG","slug":"akg"}],"_links":{"self":[{"href":"https:\/\/www.mexicanguitarplayers.com\/en\/wp-json\/wp\/v2\/product\/38727","targetHints":{"allow":["GET"]}}],"collection":[{"href":"https:\/\/www.mexicanguitarplayers.com\/en\/wp-json\/wp\/v2\/product"}],"about":[{"href":"https:\/\/www.mexicanguitarplayers.com\/en\/wp-json\/wp\/v2\/types\/product"}],"replies":[{"embeddable":true,"href":"https:\/\/www.mexicanguitarplayers.com\/en\/wp-json\/wp\/v2\/comments?post=38727"}],"wp:featuredmedia":[{"embeddable":true,"href":"https:\/\/www.mexicanguitarplayers.com\/en\/wp-json\/wp\/v2\/media\/38726"}],"wp:attachment":[{"href":"https:\/\/www.mexicanguitarplayers.com\/en\/wp-json\/wp\/v2\/media?parent=38727"}],"wp:term":[{"taxonomy":"pwb-brand","embeddable":true,"href":"https:\/\/www.mexicanguitarplayers.com\/en\/wp-json\/wp\/v2\/pwb-brand?post=38727"},{"taxonomy":"product_brand","embeddable":true,"href":"https:\/\/www.mexicanguitarplayers.com\/en\/wp-json\/wp\/v2\/product_brand?post=38727"},{"taxonomy":"product_cat","embeddable":true,"href":"https:\/\/www.mexicanguitarplayers.com\/en\/wp-json\/wp\/v2\/product_cat?post=38727"},{"taxonomy":"product_tag","embeddable":true,"href":"https:\/\/www.mexicanguitarplayers.com\/en\/wp-json\/wp\/v2\/product_tag?post=38727"}],"curies":[{"name":"wp","href":"https:\/\/api.w.org\/{rel}","templated":true}]}}