{"id":38734,"date":"2025-04-09T06:17:32","date_gmt":"2025-04-09T12:17:32","guid":{"rendered":"https:\/\/www.mexicanguitarplayers.com\/tienda\/sin categor\u00eda\/baquetas-vic-firth-mod-thomas-lang\/"},"modified":"2026-03-31T16:15:06","modified_gmt":"2026-03-31T22:15:06","slug":"baquetas-vic-firth-mod-thomas-lang","status":"publish","type":"product","link":"https:\/\/www.mexicanguitarplayers.com\/en\/tienda\/accesorios\/para-bateria\/baquetas\/signature\/baquetas-vic-firth-mod-thomas-lang\/","title":{"rendered":"BAQUETAS VIC FIRTH MOD. THOMAS LANG"},"content":{"rendered":"<div style=\"text-align: justify\">\n<div>\n<h3>Baqueta certificada y autografiada por Thomas Lang.<\/h3>\n<\/div>\n<div>Baquetas dise\u00f1adas por Thomas Lang, m\u00fasico profesional patrocinado por Vic Firth. Esta baqueta cuenta con un gran eje y la punta de gran tama\u00f1o en forma de gota para que la baqueta \u201chable\u201d en voz alta y clara. Dise\u00f1ada para producir truenos en los tambores.<\/div>\n<div>\n<h4>Quick look<\/h4>\n<\/div>\n<ul style=\"margin: 0px 0px 0px 25px\">\n<li style=\"list-style-type: circle;margin: 5px\">Baqueta Signature de Thomas Lang.<\/li>\n<\/ul>\n<div>\n<div style=\"font-weight: bold\">Baqueta Signature de Thomas Lang.<\/div>\n<div>\n<p>El baterista Thomas Lang, m\u00fasico austriaco, a lo largo de su carrera ha impresionado e inspirado a innumerables bateristas, no s\u00f3lo con sus avanzadas t\u00e9cnicas de mano y de pie, sino tambi\u00e9n con su asombrosa habilidad para reproducir los patrones lineales independientes de todo el equipo. Lang tambi\u00e9n sabe c\u00f3mo aprovechar su capacidad t\u00e9cnica para tocar la bater\u00eda. Seg\u00fan Lang, &#8220;La t\u00e9cnica no tiene nada que ver con la m\u00fasica. Es una herramienta, como un martillo: T\u00fa puedes construir un cobertizo o usted puedes construir la Capilla Sixtina. Thomas ha trabajado con artistas como Geri Halliwell, Robbie Williams, John Wetton, B * Witched, Ozzy Osbourne, Bonnie Tyler, Billy Liesegang, The Clash, Falco, John Wetton, Steve Hackett, Nick Kershaw, Robert Fripp, Gianna Nannini, Lighthouse Familia, Boyzone, Ronan Keating, Westlife, Kylie Minogue, Asia, Robert Trujillo, Ian Dury y los Blockheads, Willi Langer, Falco, Cathy O&#8217;Meara, El Safe Robot, la Vienna Art Orchestra y muchos m\u00e1s.<\/p>\n<\/div>\n<\/div>\n<div>\n<h4>Characteristics<\/h4>\n<\/div>\n<div>\n<ul style=\"margin: 0px 0px 0px 25px\">\n<li style=\"list-style-type: circle;margin: 5px\">Largo: 16 1\/8\u201d pulgadas.<\/li>\n<li style=\"list-style-type: circle;margin: 5px\">Di\u00e1metro: 0.650\u201d pulgadas.<\/li>\n<li style=\"list-style-type: circle;margin: 5px\">Punta de madera.<\/li>\n<li style=\"list-style-type: circle;margin: 5px\">Made in the USA.<\/li>\n<\/ul>\n<\/div>\n<\/div>","protected":false},"excerpt":{"rendered":"<p>Baquetas signature: Thomas Lang, baqueta con gran eje y punta de gran tama\u00f1o, punta de madera en forma de gota, largo: 16 1\/8\u201d pulgadas, di\u00e1metro: 0.650\u201d pulgadas, fabricadas en USA.&hellip; <a class=\"kt-excerpt-readmore more-link\" href=\"https:\/\/www.mexicanguitarplayers.com\/en\/tienda\/accesorios\/para-bateria\/baquetas\/signature\/baquetas-vic-firth-mod-thomas-lang\/\">Read more<\/a><\/p>","protected":false},"featured_media":38732,"comment_status":"open","ping_status":"closed","template":"","meta":{"kt_blocks_editor_width":""},"pwb-brand":[643],"product_brand":[],"product_cat":[85,446,306,645],"product_tag":[],"class_list":{"0":"post-38734","1":"product","2":"type-product","3":"status-publish","4":"has-post-thumbnail","6":"pwb-brand-vic-firth","7":"product_cat-accesorios","8":"product_cat-baquetas","9":"product_cat-para-bateria","10":"product_cat-signature","11":"product_shipping_class-0-5-kg","13":"first","14":"instock","15":"taxable","16":"shipping-taxable","17":"purchasable","18":"product-type-simple"},"yoast_head":"<!-- This site is optimized with the Yoast SEO plugin v27.3 - https:\/\/yoast.com\/product\/yoast-seo-wordpress\/ -->\n<title>BAQUETAS VIC FIRTH MOD. THOMAS LANG - Mexican Guitar Players<\/title>\n<meta name=\"description\" content=\"Baquetas signature: Thomas Lang, baqueta con gran eje y punta de gran tama\u00f1o, punta de madera en forma de gota, largo: 16 1\/8\u201d pulgadas, di\u00e1metro: 0.650\u201d pulgadas, fabricadas en USA.\" \/>\n<meta name=\"robots\" content=\"index, follow, max-snippet:-1, max-image-preview:large, max-video-preview:-1\" \/>\n<link rel=\"canonical\" href=\"https:\/\/www.mexicanguitarplayers.com\/en\/tienda\/sin%20categor\u00eda\/baquetas-vic-firth-mod-thomas-lang\/\" \/>\n<meta property=\"og:locale\" content=\"en_US\" \/>\n<meta property=\"og:type\" content=\"article\" \/>\n<meta property=\"og:title\" content=\"BAQUETAS VIC FIRTH MOD. THOMAS LANG - Mexican Guitar Players\" \/>\n<meta property=\"og:description\" content=\"Baquetas signature: Thomas Lang, baqueta con gran eje y punta de gran tama\u00f1o, punta de madera en forma de gota, largo: 16 1\/8\u201d pulgadas, di\u00e1metro: 0.650\u201d pulgadas, fabricadas en USA.\" \/>\n<meta property=\"og:url\" content=\"https:\/\/www.mexicanguitarplayers.com\/en\/tienda\/sin categor\u00eda\/baquetas-vic-firth-mod-thomas-lang\/\" \/>\n<meta property=\"og:site_name\" content=\"Mexican Guitar Players\" \/>\n<meta property=\"article:modified_time\" content=\"2026-03-31T22:15:06+00:00\" \/>\n<meta name=\"twitter:card\" content=\"summary_large_image\" \/>\n<meta name=\"twitter:label1\" content=\"Est. reading time\" \/>\n\t<meta name=\"twitter:data1\" content=\"1 minute\" \/>\n<script type=\"application\/ld+json\" class=\"yoast-schema-graph\">{\"@context\":\"https:\\\/\\\/schema.org\",\"@graph\":[{\"@type\":[\"WebPage\",\"ItemPage\"],\"@id\":\"https:\\\/\\\/www.mexicanguitarplayers.com\\\/tienda\\\/sin categor\u00eda\\\/baquetas-vic-firth-mod-thomas-lang\\\/\",\"url\":\"https:\\\/\\\/www.mexicanguitarplayers.com\\\/tienda\\\/sin categor\u00eda\\\/baquetas-vic-firth-mod-thomas-lang\\\/\",\"name\":\"BAQUETAS VIC FIRTH MOD. THOMAS LANG - Mexican Guitar Players\",\"isPartOf\":{\"@id\":\"https:\\\/\\\/www.mexicanguitarplayers.com\\\/#website\"},\"primaryImageOfPage\":{\"@id\":\"https:\\\/\\\/www.mexicanguitarplayers.com\\\/tienda\\\/sin categor\u00eda\\\/baquetas-vic-firth-mod-thomas-lang\\\/#primaryimage\"},\"image\":{\"@id\":\"https:\\\/\\\/www.mexicanguitarplayers.com\\\/tienda\\\/sin categor\u00eda\\\/baquetas-vic-firth-mod-thomas-lang\\\/#primaryimage\"},\"thumbnailUrl\":\"https:\\\/\\\/www.mexicanguitarplayers.com\\\/wp-content\\\/uploads\\\/2025\\\/04\\\/RAVICSTL.jpg\",\"datePublished\":\"2025-04-09T12:17:32+00:00\",\"dateModified\":\"2026-03-31T22:15:06+00:00\",\"description\":\"Baquetas signature: Thomas Lang, baqueta con gran eje y punta de gran tama\u00f1o, punta de madera en forma de gota, largo: 16 1\\\/8\u201d pulgadas, di\u00e1metro: 0.650\u201d pulgadas, fabricadas en USA.\",\"breadcrumb\":{\"@id\":\"https:\\\/\\\/www.mexicanguitarplayers.com\\\/tienda\\\/sin categor\u00eda\\\/baquetas-vic-firth-mod-thomas-lang\\\/#breadcrumb\"},\"inLanguage\":\"en-US\",\"potentialAction\":[{\"@type\":\"ReadAction\",\"target\":[\"https:\\\/\\\/www.mexicanguitarplayers.com\\\/tienda\\\/sin categor\u00eda\\\/baquetas-vic-firth-mod-thomas-lang\\\/\"]}]},{\"@type\":\"ImageObject\",\"inLanguage\":\"en-US\",\"@id\":\"https:\\\/\\\/www.mexicanguitarplayers.com\\\/tienda\\\/sin categor\u00eda\\\/baquetas-vic-firth-mod-thomas-lang\\\/#primaryimage\",\"url\":\"https:\\\/\\\/www.mexicanguitarplayers.com\\\/wp-content\\\/uploads\\\/2025\\\/04\\\/RAVICSTL.jpg\",\"contentUrl\":\"https:\\\/\\\/www.mexicanguitarplayers.com\\\/wp-content\\\/uploads\\\/2025\\\/04\\\/RAVICSTL.jpg\",\"width\":1600,\"height\":800},{\"@type\":\"BreadcrumbList\",\"@id\":\"https:\\\/\\\/www.mexicanguitarplayers.com\\\/tienda\\\/sin categor\u00eda\\\/baquetas-vic-firth-mod-thomas-lang\\\/#breadcrumb\",\"itemListElement\":[{\"@type\":\"ListItem\",\"position\":1,\"name\":\"Portada\",\"item\":\"https:\\\/\\\/www.mexicanguitarplayers.com\\\/\"},{\"@type\":\"ListItem\",\"position\":2,\"name\":\"Tienda\",\"item\":\"https:\\\/\\\/www.mexicanguitarplayers.com\\\/tienda\\\/\"},{\"@type\":\"ListItem\",\"position\":3,\"name\":\"BAQUETAS VIC FIRTH MOD. THOMAS LANG\"}]},{\"@type\":\"WebSite\",\"@id\":\"https:\\\/\\\/www.mexicanguitarplayers.com\\\/#website\",\"url\":\"https:\\\/\\\/www.mexicanguitarplayers.com\\\/\",\"name\":\"Mexican Guitar Players\",\"description\":\"Website\",\"publisher\":{\"@id\":\"https:\\\/\\\/www.mexicanguitarplayers.com\\\/#organization\"},\"potentialAction\":[{\"@type\":\"SearchAction\",\"target\":{\"@type\":\"EntryPoint\",\"urlTemplate\":\"https:\\\/\\\/www.mexicanguitarplayers.com\\\/?s={search_term_string}\"},\"query-input\":{\"@type\":\"PropertyValueSpecification\",\"valueRequired\":true,\"valueName\":\"search_term_string\"}}],\"inLanguage\":\"en-US\"},{\"@type\":\"Organization\",\"@id\":\"https:\\\/\\\/www.mexicanguitarplayers.com\\\/#organization\",\"name\":\"Mexican Guitar Players\",\"url\":\"https:\\\/\\\/www.mexicanguitarplayers.com\\\/\",\"logo\":{\"@type\":\"ImageObject\",\"inLanguage\":\"en-US\",\"@id\":\"https:\\\/\\\/www.mexicanguitarplayers.com\\\/#\\\/schema\\\/logo\\\/image\\\/\",\"url\":\"\",\"contentUrl\":\"\",\"caption\":\"Mexican Guitar Players\"},\"image\":{\"@id\":\"https:\\\/\\\/www.mexicanguitarplayers.com\\\/#\\\/schema\\\/logo\\\/image\\\/\"}}]}<\/script>\n<!-- \/ Yoast SEO plugin. -->","yoast_head_json":{"title":"BAQUETAS VIC FIRTH MOD. THOMAS LANG - Mexican Guitar Players","description":"Baquetas signature: Thomas Lang, baqueta con gran eje y punta de gran tama\u00f1o, punta de madera en forma de gota, largo: 16 1\/8\u201d pulgadas, di\u00e1metro: 0.650\u201d pulgadas, fabricadas en USA.","robots":{"index":"index","follow":"follow","max-snippet":"max-snippet:-1","max-image-preview":"max-image-preview:large","max-video-preview":"max-video-preview:-1"},"canonical":"https:\/\/www.mexicanguitarplayers.com\/en\/tienda\/sin categor\u00eda\/baquetas-vic-firth-mod-thomas-lang\/","og_locale":"en_US","og_type":"article","og_title":"BAQUETAS VIC FIRTH MOD. THOMAS LANG - Mexican Guitar Players","og_description":"Baquetas signature: Thomas Lang, baqueta con gran eje y punta de gran tama\u00f1o, punta de madera en forma de gota, largo: 16 1\/8\u201d pulgadas, di\u00e1metro: 0.650\u201d pulgadas, fabricadas en USA.","og_url":"https:\/\/www.mexicanguitarplayers.com\/en\/tienda\/sin categor\u00eda\/baquetas-vic-firth-mod-thomas-lang\/","og_site_name":"Mexican Guitar Players","article_modified_time":"2026-03-31T22:15:06+00:00","twitter_card":"summary_large_image","twitter_misc":{"Est. reading time":"1 minute"},"schema":{"@context":"https:\/\/schema.org","@graph":[{"@type":["WebPage","ItemPage"],"@id":"https:\/\/www.mexicanguitarplayers.com\/tienda\/sin categor\u00eda\/baquetas-vic-firth-mod-thomas-lang\/","url":"https:\/\/www.mexicanguitarplayers.com\/tienda\/sin categor\u00eda\/baquetas-vic-firth-mod-thomas-lang\/","name":"BAQUETAS VIC FIRTH MOD. THOMAS LANG - Mexican Guitar Players","isPartOf":{"@id":"https:\/\/www.mexicanguitarplayers.com\/#website"},"primaryImageOfPage":{"@id":"https:\/\/www.mexicanguitarplayers.com\/tienda\/sin categor\u00eda\/baquetas-vic-firth-mod-thomas-lang\/#primaryimage"},"image":{"@id":"https:\/\/www.mexicanguitarplayers.com\/tienda\/sin categor\u00eda\/baquetas-vic-firth-mod-thomas-lang\/#primaryimage"},"thumbnailUrl":"https:\/\/www.mexicanguitarplayers.com\/wp-content\/uploads\/2025\/04\/RAVICSTL.jpg","datePublished":"2025-04-09T12:17:32+00:00","dateModified":"2026-03-31T22:15:06+00:00","description":"Baquetas signature: Thomas Lang, baqueta con gran eje y punta de gran tama\u00f1o, punta de madera en forma de gota, largo: 16 1\/8\u201d pulgadas, di\u00e1metro: 0.650\u201d pulgadas, fabricadas en USA.","breadcrumb":{"@id":"https:\/\/www.mexicanguitarplayers.com\/tienda\/sin categor\u00eda\/baquetas-vic-firth-mod-thomas-lang\/#breadcrumb"},"inLanguage":"en-US","potentialAction":[{"@type":"ReadAction","target":["https:\/\/www.mexicanguitarplayers.com\/tienda\/sin categor\u00eda\/baquetas-vic-firth-mod-thomas-lang\/"]}]},{"@type":"ImageObject","inLanguage":"en-US","@id":"https:\/\/www.mexicanguitarplayers.com\/tienda\/sin categor\u00eda\/baquetas-vic-firth-mod-thomas-lang\/#primaryimage","url":"https:\/\/www.mexicanguitarplayers.com\/wp-content\/uploads\/2025\/04\/RAVICSTL.jpg","contentUrl":"https:\/\/www.mexicanguitarplayers.com\/wp-content\/uploads\/2025\/04\/RAVICSTL.jpg","width":1600,"height":800},{"@type":"BreadcrumbList","@id":"https:\/\/www.mexicanguitarplayers.com\/tienda\/sin categor\u00eda\/baquetas-vic-firth-mod-thomas-lang\/#breadcrumb","itemListElement":[{"@type":"ListItem","position":1,"name":"Portada","item":"https:\/\/www.mexicanguitarplayers.com\/"},{"@type":"ListItem","position":2,"name":"Tienda","item":"https:\/\/www.mexicanguitarplayers.com\/tienda\/"},{"@type":"ListItem","position":3,"name":"BAQUETAS VIC FIRTH MOD. THOMAS LANG"}]},{"@type":"WebSite","@id":"https:\/\/www.mexicanguitarplayers.com\/#website","url":"https:\/\/www.mexicanguitarplayers.com\/","name":"Mexican Guitar Players","description":"Website","publisher":{"@id":"https:\/\/www.mexicanguitarplayers.com\/#organization"},"potentialAction":[{"@type":"SearchAction","target":{"@type":"EntryPoint","urlTemplate":"https:\/\/www.mexicanguitarplayers.com\/?s={search_term_string}"},"query-input":{"@type":"PropertyValueSpecification","valueRequired":true,"valueName":"search_term_string"}}],"inLanguage":"en-US"},{"@type":"Organization","@id":"https:\/\/www.mexicanguitarplayers.com\/#organization","name":"Mexican Guitar Players","url":"https:\/\/www.mexicanguitarplayers.com\/","logo":{"@type":"ImageObject","inLanguage":"en-US","@id":"https:\/\/www.mexicanguitarplayers.com\/#\/schema\/logo\/image\/","url":"","contentUrl":"","caption":"Mexican Guitar Players"},"image":{"@id":"https:\/\/www.mexicanguitarplayers.com\/#\/schema\/logo\/image\/"}}]}},"brands":[{"id":643,"name":"VIC FIRTH","slug":"vic-firth"}],"_links":{"self":[{"href":"https:\/\/www.mexicanguitarplayers.com\/en\/wp-json\/wp\/v2\/product\/38734","targetHints":{"allow":["GET"]}}],"collection":[{"href":"https:\/\/www.mexicanguitarplayers.com\/en\/wp-json\/wp\/v2\/product"}],"about":[{"href":"https:\/\/www.mexicanguitarplayers.com\/en\/wp-json\/wp\/v2\/types\/product"}],"replies":[{"embeddable":true,"href":"https:\/\/www.mexicanguitarplayers.com\/en\/wp-json\/wp\/v2\/comments?post=38734"}],"wp:featuredmedia":[{"embeddable":true,"href":"https:\/\/www.mexicanguitarplayers.com\/en\/wp-json\/wp\/v2\/media\/38732"}],"wp:attachment":[{"href":"https:\/\/www.mexicanguitarplayers.com\/en\/wp-json\/wp\/v2\/media?parent=38734"}],"wp:term":[{"taxonomy":"pwb-brand","embeddable":true,"href":"https:\/\/www.mexicanguitarplayers.com\/en\/wp-json\/wp\/v2\/pwb-brand?post=38734"},{"taxonomy":"product_brand","embeddable":true,"href":"https:\/\/www.mexicanguitarplayers.com\/en\/wp-json\/wp\/v2\/product_brand?post=38734"},{"taxonomy":"product_cat","embeddable":true,"href":"https:\/\/www.mexicanguitarplayers.com\/en\/wp-json\/wp\/v2\/product_cat?post=38734"},{"taxonomy":"product_tag","embeddable":true,"href":"https:\/\/www.mexicanguitarplayers.com\/en\/wp-json\/wp\/v2\/product_tag?post=38734"}],"curies":[{"name":"wp","href":"https:\/\/api.w.org\/{rel}","templated":true}]}}