{"id":38746,"date":"2025-04-09T06:17:48","date_gmt":"2025-04-09T12:17:48","guid":{"rendered":"https:\/\/www.mexicanguitarplayers.com\/tienda\/sin categor\u00eda\/combo-blackstar-p-guit-ht-club-40-mkiii\/"},"modified":"2026-05-01T07:18:36","modified_gmt":"2026-05-01T13:18:36","slug":"combo-blackstar-p-guit-ht-club-40-mkiii","status":"publish","type":"product","link":"https:\/\/www.mexicanguitarplayers.com\/en\/tienda\/audio\/bafles-y-bocinas\/bafles\/bafles-activos\/combo-blackstar-p-guit-ht-club-40-mkiii\/","title":{"rendered":"COMBO BLACKSTAR P\/GUIT HT CLUB 40 MKIII"},"content":{"rendered":"<div style=\"text-align: justify\">\n<div>\n<h3>HT Club 40 MKIII<\/h3>\n<\/div>\n<div>Equipado con 2 canales y 4 voces conmutables por pedal, el HT Club 40 MK III es el amplificador de v\u00e1lvulas ideal para salas del tama\u00f1o de un club. El amplificador de potencia EL40 de 34 W tiene una din\u00e1mica y un golpe limpios e innovadores con controles de tono ampliados que se destacar\u00e1n f\u00e1cilmente en una situaci\u00f3n de banda completa. Al cambiar al incre\u00edble canal de overdrive equipado con ISF se accede a dos modos m\u00e1s: &#8216;crunch cl\u00e1sico&#8217; y &#8216;lead super saturado&#8217;. La funci\u00f3n Power Reduction permite una mayor flexibilidad, al permitir al guitarrista atenuar hasta un 10 por ciento de los 40 vatios de potencia, lo que tambi\u00e9n hace que el HT Club 40 MK III sea perfecto para uso dom\u00e9stico y en estudio.<\/div>\n<div>\n<h4>Characteristics<\/h4>\n<\/div>\n<div>\n<ul style=\"margin: 0px 0px 0px 25px\">\n<li style=\"list-style-type: circle;margin: 5px\">VATIOS<\/li>\n<li style=\"list-style-type: circle;margin: 5px\">VALVULAS<\/li>\n<li style=\"list-style-type: circle;margin: 5px\">CANALES\/VOCES<\/li>\n<li style=\"list-style-type: circle;margin: 5px\">CONMUTABLE POR PEDAL<\/li>\n<li style=\"list-style-type: circle;margin: 5px\">REDUCCI\u00d3N DE POTENCIA<\/li>\n<li style=\"list-style-type: circle;margin: 5px\">PONENTES<\/li>\n<li style=\"list-style-type: circle;margin: 5px\">REVERBERACI\u00d3N<\/li>\n<li style=\"list-style-type: circle;margin: 5px\">SALIDA EMULADA DE ALTAVOZ<\/li>\n<li style=\"list-style-type: circle;margin: 5px\">BUCLE DE EFECTOS<\/li>\n<li style=\"list-style-type: circle;margin: 5px\">GRABACI\u00d3N USB<\/li>\n<li style=\"list-style-type: circle;margin: 5px\">CONTROLADOR DE PIE INCLUIDO<\/li>\n<li style=\"list-style-type: circle;margin: 5px\">PESO<\/li>\n<li style=\"list-style-type: circle;margin: 5px\">DIMENSIONES<\/li>\n<\/ul>\n<\/div>\n<\/div>","protected":false},"excerpt":{"rendered":"<p>El amplificador de v\u00e1lvulas HT Club 40 MK III de Blackstar es una potente y vers\u00e1til opci\u00f3n para guitarristas que buscan un sonido distintivo tanto en entornos de actuaci\u00f3n como en el estudio. Con 40 vatios de potencia, dos canales y cuatro voces conmutables por pedal, este combo ofrece una amplia gama de tonos, desde un limpio boutique hasta una sobremarcha de alta ganancia. Equipado con v\u00e1lvulas ECC83 y EL34, as\u00ed como la funci\u00f3n patentada ISF para una modelaci\u00f3n tonal precisa, este amplificador ofrece una din\u00e1mica excepcional y una respuesta tonal \u00fanica. Con caracter\u00edsticas como la reducci\u00f3n de potencia y la salida emulada de altavoz para grabaci\u00f3n, junto con su dise\u00f1o compacto y estilo boutique, el HT Club 40 MK III es una opci\u00f3n ideal tanto para actuaciones en vivo como para sesiones de estudio.&hellip; <a class=\"kt-excerpt-readmore more-link\" href=\"https:\/\/www.mexicanguitarplayers.com\/en\/tienda\/audio\/bafles-y-bocinas\/bafles\/bafles-activos\/combo-blackstar-p-guit-ht-club-40-mkiii\/\">Read more<\/a><\/p>","protected":false},"featured_media":38741,"comment_status":"open","ping_status":"closed","template":"","meta":{"kt_blocks_editor_width":""},"pwb-brand":[172],"product_brand":[],"product_cat":[213,222,472,221],"product_tag":[],"class_list":{"0":"post-38746","1":"product","2":"type-product","3":"status-publish","4":"has-post-thumbnail","6":"pwb-brand-blackstar","7":"product_cat-audio","8":"product_cat-bafles","9":"product_cat-bafles-activos","10":"product_cat-bafles-y-bocinas","11":"product_shipping_class-25-30-kg","13":"first","14":"instock","15":"taxable","16":"shipping-taxable","17":"purchasable","18":"product-type-simple"},"yoast_head":"<!-- This site is optimized with the Yoast SEO plugin v27.5 - https:\/\/yoast.com\/product\/yoast-seo-wordpress\/ -->\n<title>COMBO BLACKSTAR P\/GUIT HT CLUB 40 MKIII - Mexican Guitar Players<\/title>\n<meta name=\"description\" content=\"El amplificador de v\u00e1lvulas HT Club 40 MK III de Blackstar es una potente y vers\u00e1til opci\u00f3n para guitarristas que buscan un sonido distintivo tanto en entornos de actuaci\u00f3n como en el estudio. Con 40 vatios de potencia, dos canales y cuatro voces conmutables por pedal, este combo ofrece una amplia gama de tonos, desde un limpio boutique hasta una sobremarcha de alta ganancia. Equipado con v\u00e1lvulas ECC83 y EL34, as\u00ed como la funci\u00f3n patentada ISF para una modelaci\u00f3n tonal precisa, este amplificador ofrece una din\u00e1mica excepcional y una respuesta tonal \u00fanica. Con caracter\u00edsticas como la reducci\u00f3n de potencia y la salida emulada de altavoz para grabaci\u00f3n, junto con su dise\u00f1o compacto y estilo boutique, el HT Club 40 MK III es una opci\u00f3n ideal tanto para actuaciones en vivo como para sesiones de estudio.\" \/>\n<meta name=\"robots\" content=\"index, follow, max-snippet:-1, max-image-preview:large, max-video-preview:-1\" \/>\n<link rel=\"canonical\" href=\"https:\/\/www.mexicanguitarplayers.com\/en\/tienda\/sin%20categor\u00eda\/combo-blackstar-p-guit-ht-club-40-mkiii\/\" \/>\n<meta property=\"og:locale\" content=\"en_US\" \/>\n<meta property=\"og:type\" content=\"article\" \/>\n<meta property=\"og:title\" content=\"COMBO BLACKSTAR P\/GUIT HT CLUB 40 MKIII - Mexican Guitar Players\" \/>\n<meta property=\"og:description\" content=\"El amplificador de v\u00e1lvulas HT Club 40 MK III de Blackstar es una potente y vers\u00e1til opci\u00f3n para guitarristas que buscan un sonido distintivo tanto en entornos de actuaci\u00f3n como en el estudio. Con 40 vatios de potencia, dos canales y cuatro voces conmutables por pedal, este combo ofrece una amplia gama de tonos, desde un limpio boutique hasta una sobremarcha de alta ganancia. Equipado con v\u00e1lvulas ECC83 y EL34, as\u00ed como la funci\u00f3n patentada ISF para una modelaci\u00f3n tonal precisa, este amplificador ofrece una din\u00e1mica excepcional y una respuesta tonal \u00fanica. Con caracter\u00edsticas como la reducci\u00f3n de potencia y la salida emulada de altavoz para grabaci\u00f3n, junto con su dise\u00f1o compacto y estilo boutique, el HT Club 40 MK III es una opci\u00f3n ideal tanto para actuaciones en vivo como para sesiones de estudio.\" \/>\n<meta property=\"og:url\" content=\"https:\/\/www.mexicanguitarplayers.com\/en\/tienda\/sin categor\u00eda\/combo-blackstar-p-guit-ht-club-40-mkiii\/\" \/>\n<meta property=\"og:site_name\" content=\"Mexican Guitar Players\" \/>\n<meta property=\"article:modified_time\" content=\"2026-05-01T13:18:36+00:00\" \/>\n<meta name=\"twitter:card\" content=\"summary_large_image\" \/>\n<meta name=\"twitter:label1\" content=\"Est. reading time\" \/>\n\t<meta name=\"twitter:data1\" content=\"1 minute\" \/>\n<script type=\"application\/ld+json\" class=\"yoast-schema-graph\">{\"@context\":\"https:\\\/\\\/schema.org\",\"@graph\":[{\"@type\":[\"WebPage\",\"ItemPage\"],\"@id\":\"https:\\\/\\\/www.mexicanguitarplayers.com\\\/tienda\\\/sin categor\u00eda\\\/combo-blackstar-p-guit-ht-club-40-mkiii\\\/\",\"url\":\"https:\\\/\\\/www.mexicanguitarplayers.com\\\/tienda\\\/sin categor\u00eda\\\/combo-blackstar-p-guit-ht-club-40-mkiii\\\/\",\"name\":\"COMBO BLACKSTAR P\\\/GUIT HT CLUB 40 MKIII - Mexican Guitar Players\",\"isPartOf\":{\"@id\":\"https:\\\/\\\/www.mexicanguitarplayers.com\\\/#website\"},\"primaryImageOfPage\":{\"@id\":\"https:\\\/\\\/www.mexicanguitarplayers.com\\\/tienda\\\/sin categor\u00eda\\\/combo-blackstar-p-guit-ht-club-40-mkiii\\\/#primaryimage\"},\"image\":{\"@id\":\"https:\\\/\\\/www.mexicanguitarplayers.com\\\/tienda\\\/sin categor\u00eda\\\/combo-blackstar-p-guit-ht-club-40-mkiii\\\/#primaryimage\"},\"thumbnailUrl\":\"https:\\\/\\\/www.mexicanguitarplayers.com\\\/wp-content\\\/uploads\\\/2025\\\/04\\\/ICBLSHTV40MK3.jpg\",\"datePublished\":\"2025-04-09T12:17:48+00:00\",\"dateModified\":\"2026-05-01T13:18:36+00:00\",\"description\":\"El amplificador de v\u00e1lvulas HT Club 40 MK III de Blackstar es una potente y vers\u00e1til opci\u00f3n para guitarristas que buscan un sonido distintivo tanto en entornos de actuaci\u00f3n como en el estudio. Con 40 vatios de potencia, dos canales y cuatro voces conmutables por pedal, este combo ofrece una amplia gama de tonos, desde un limpio boutique hasta una sobremarcha de alta ganancia. Equipado con v\u00e1lvulas ECC83 y EL34, as\u00ed como la funci\u00f3n patentada ISF para una modelaci\u00f3n tonal precisa, este amplificador ofrece una din\u00e1mica excepcional y una respuesta tonal \u00fanica. Con caracter\u00edsticas como la reducci\u00f3n de potencia y la salida emulada de altavoz para grabaci\u00f3n, junto con su dise\u00f1o compacto y estilo boutique, el HT Club 40 MK III es una opci\u00f3n ideal tanto para actuaciones en vivo como para sesiones de estudio.\",\"breadcrumb\":{\"@id\":\"https:\\\/\\\/www.mexicanguitarplayers.com\\\/tienda\\\/sin categor\u00eda\\\/combo-blackstar-p-guit-ht-club-40-mkiii\\\/#breadcrumb\"},\"inLanguage\":\"en-US\",\"potentialAction\":[{\"@type\":\"ReadAction\",\"target\":[\"https:\\\/\\\/www.mexicanguitarplayers.com\\\/tienda\\\/sin categor\u00eda\\\/combo-blackstar-p-guit-ht-club-40-mkiii\\\/\"]}]},{\"@type\":\"ImageObject\",\"inLanguage\":\"en-US\",\"@id\":\"https:\\\/\\\/www.mexicanguitarplayers.com\\\/tienda\\\/sin categor\u00eda\\\/combo-blackstar-p-guit-ht-club-40-mkiii\\\/#primaryimage\",\"url\":\"https:\\\/\\\/www.mexicanguitarplayers.com\\\/wp-content\\\/uploads\\\/2025\\\/04\\\/ICBLSHTV40MK3.jpg\",\"contentUrl\":\"https:\\\/\\\/www.mexicanguitarplayers.com\\\/wp-content\\\/uploads\\\/2025\\\/04\\\/ICBLSHTV40MK3.jpg\",\"width\":1200,\"height\":1200},{\"@type\":\"BreadcrumbList\",\"@id\":\"https:\\\/\\\/www.mexicanguitarplayers.com\\\/tienda\\\/sin categor\u00eda\\\/combo-blackstar-p-guit-ht-club-40-mkiii\\\/#breadcrumb\",\"itemListElement\":[{\"@type\":\"ListItem\",\"position\":1,\"name\":\"Portada\",\"item\":\"https:\\\/\\\/www.mexicanguitarplayers.com\\\/\"},{\"@type\":\"ListItem\",\"position\":2,\"name\":\"Tienda\",\"item\":\"https:\\\/\\\/www.mexicanguitarplayers.com\\\/tienda\\\/\"},{\"@type\":\"ListItem\",\"position\":3,\"name\":\"COMBO BLACKSTAR P\\\/GUIT HT CLUB 40 MKIII\"}]},{\"@type\":\"WebSite\",\"@id\":\"https:\\\/\\\/www.mexicanguitarplayers.com\\\/#website\",\"url\":\"https:\\\/\\\/www.mexicanguitarplayers.com\\\/\",\"name\":\"Mexican Guitar Players\",\"description\":\"Website\",\"publisher\":{\"@id\":\"https:\\\/\\\/www.mexicanguitarplayers.com\\\/#organization\"},\"potentialAction\":[{\"@type\":\"SearchAction\",\"target\":{\"@type\":\"EntryPoint\",\"urlTemplate\":\"https:\\\/\\\/www.mexicanguitarplayers.com\\\/?s={search_term_string}\"},\"query-input\":{\"@type\":\"PropertyValueSpecification\",\"valueRequired\":true,\"valueName\":\"search_term_string\"}}],\"inLanguage\":\"en-US\"},{\"@type\":\"Organization\",\"@id\":\"https:\\\/\\\/www.mexicanguitarplayers.com\\\/#organization\",\"name\":\"Mexican Guitar Players\",\"url\":\"https:\\\/\\\/www.mexicanguitarplayers.com\\\/\",\"logo\":{\"@type\":\"ImageObject\",\"inLanguage\":\"en-US\",\"@id\":\"https:\\\/\\\/www.mexicanguitarplayers.com\\\/#\\\/schema\\\/logo\\\/image\\\/\",\"url\":\"\",\"contentUrl\":\"\",\"caption\":\"Mexican Guitar Players\"},\"image\":{\"@id\":\"https:\\\/\\\/www.mexicanguitarplayers.com\\\/#\\\/schema\\\/logo\\\/image\\\/\"}}]}<\/script>\n<!-- \/ Yoast SEO plugin. -->","yoast_head_json":{"title":"COMBO BLACKSTAR P\/GUIT HT CLUB 40 MKIII - Mexican Guitar Players","description":"El amplificador de v\u00e1lvulas HT Club 40 MK III de Blackstar es una potente y vers\u00e1til opci\u00f3n para guitarristas que buscan un sonido distintivo tanto en entornos de actuaci\u00f3n como en el estudio. Con 40 vatios de potencia, dos canales y cuatro voces conmutables por pedal, este combo ofrece una amplia gama de tonos, desde un limpio boutique hasta una sobremarcha de alta ganancia. Equipado con v\u00e1lvulas ECC83 y EL34, as\u00ed como la funci\u00f3n patentada ISF para una modelaci\u00f3n tonal precisa, este amplificador ofrece una din\u00e1mica excepcional y una respuesta tonal \u00fanica. Con caracter\u00edsticas como la reducci\u00f3n de potencia y la salida emulada de altavoz para grabaci\u00f3n, junto con su dise\u00f1o compacto y estilo boutique, el HT Club 40 MK III es una opci\u00f3n ideal tanto para actuaciones en vivo como para sesiones de estudio.","robots":{"index":"index","follow":"follow","max-snippet":"max-snippet:-1","max-image-preview":"max-image-preview:large","max-video-preview":"max-video-preview:-1"},"canonical":"https:\/\/www.mexicanguitarplayers.com\/en\/tienda\/sin categor\u00eda\/combo-blackstar-p-guit-ht-club-40-mkiii\/","og_locale":"en_US","og_type":"article","og_title":"COMBO BLACKSTAR P\/GUIT HT CLUB 40 MKIII - Mexican Guitar Players","og_description":"El amplificador de v\u00e1lvulas HT Club 40 MK III de Blackstar es una potente y vers\u00e1til opci\u00f3n para guitarristas que buscan un sonido distintivo tanto en entornos de actuaci\u00f3n como en el estudio. Con 40 vatios de potencia, dos canales y cuatro voces conmutables por pedal, este combo ofrece una amplia gama de tonos, desde un limpio boutique hasta una sobremarcha de alta ganancia. Equipado con v\u00e1lvulas ECC83 y EL34, as\u00ed como la funci\u00f3n patentada ISF para una modelaci\u00f3n tonal precisa, este amplificador ofrece una din\u00e1mica excepcional y una respuesta tonal \u00fanica. Con caracter\u00edsticas como la reducci\u00f3n de potencia y la salida emulada de altavoz para grabaci\u00f3n, junto con su dise\u00f1o compacto y estilo boutique, el HT Club 40 MK III es una opci\u00f3n ideal tanto para actuaciones en vivo como para sesiones de estudio.","og_url":"https:\/\/www.mexicanguitarplayers.com\/en\/tienda\/sin categor\u00eda\/combo-blackstar-p-guit-ht-club-40-mkiii\/","og_site_name":"Mexican Guitar Players","article_modified_time":"2026-05-01T13:18:36+00:00","twitter_card":"summary_large_image","twitter_misc":{"Est. reading time":"1 minute"},"schema":{"@context":"https:\/\/schema.org","@graph":[{"@type":["WebPage","ItemPage"],"@id":"https:\/\/www.mexicanguitarplayers.com\/tienda\/sin categor\u00eda\/combo-blackstar-p-guit-ht-club-40-mkiii\/","url":"https:\/\/www.mexicanguitarplayers.com\/tienda\/sin categor\u00eda\/combo-blackstar-p-guit-ht-club-40-mkiii\/","name":"COMBO BLACKSTAR P\/GUIT HT CLUB 40 MKIII - Mexican Guitar Players","isPartOf":{"@id":"https:\/\/www.mexicanguitarplayers.com\/#website"},"primaryImageOfPage":{"@id":"https:\/\/www.mexicanguitarplayers.com\/tienda\/sin categor\u00eda\/combo-blackstar-p-guit-ht-club-40-mkiii\/#primaryimage"},"image":{"@id":"https:\/\/www.mexicanguitarplayers.com\/tienda\/sin categor\u00eda\/combo-blackstar-p-guit-ht-club-40-mkiii\/#primaryimage"},"thumbnailUrl":"https:\/\/www.mexicanguitarplayers.com\/wp-content\/uploads\/2025\/04\/ICBLSHTV40MK3.jpg","datePublished":"2025-04-09T12:17:48+00:00","dateModified":"2026-05-01T13:18:36+00:00","description":"El amplificador de v\u00e1lvulas HT Club 40 MK III de Blackstar es una potente y vers\u00e1til opci\u00f3n para guitarristas que buscan un sonido distintivo tanto en entornos de actuaci\u00f3n como en el estudio. Con 40 vatios de potencia, dos canales y cuatro voces conmutables por pedal, este combo ofrece una amplia gama de tonos, desde un limpio boutique hasta una sobremarcha de alta ganancia. Equipado con v\u00e1lvulas ECC83 y EL34, as\u00ed como la funci\u00f3n patentada ISF para una modelaci\u00f3n tonal precisa, este amplificador ofrece una din\u00e1mica excepcional y una respuesta tonal \u00fanica. Con caracter\u00edsticas como la reducci\u00f3n de potencia y la salida emulada de altavoz para grabaci\u00f3n, junto con su dise\u00f1o compacto y estilo boutique, el HT Club 40 MK III es una opci\u00f3n ideal tanto para actuaciones en vivo como para sesiones de estudio.","breadcrumb":{"@id":"https:\/\/www.mexicanguitarplayers.com\/tienda\/sin categor\u00eda\/combo-blackstar-p-guit-ht-club-40-mkiii\/#breadcrumb"},"inLanguage":"en-US","potentialAction":[{"@type":"ReadAction","target":["https:\/\/www.mexicanguitarplayers.com\/tienda\/sin categor\u00eda\/combo-blackstar-p-guit-ht-club-40-mkiii\/"]}]},{"@type":"ImageObject","inLanguage":"en-US","@id":"https:\/\/www.mexicanguitarplayers.com\/tienda\/sin categor\u00eda\/combo-blackstar-p-guit-ht-club-40-mkiii\/#primaryimage","url":"https:\/\/www.mexicanguitarplayers.com\/wp-content\/uploads\/2025\/04\/ICBLSHTV40MK3.jpg","contentUrl":"https:\/\/www.mexicanguitarplayers.com\/wp-content\/uploads\/2025\/04\/ICBLSHTV40MK3.jpg","width":1200,"height":1200},{"@type":"BreadcrumbList","@id":"https:\/\/www.mexicanguitarplayers.com\/tienda\/sin categor\u00eda\/combo-blackstar-p-guit-ht-club-40-mkiii\/#breadcrumb","itemListElement":[{"@type":"ListItem","position":1,"name":"Portada","item":"https:\/\/www.mexicanguitarplayers.com\/"},{"@type":"ListItem","position":2,"name":"Tienda","item":"https:\/\/www.mexicanguitarplayers.com\/tienda\/"},{"@type":"ListItem","position":3,"name":"COMBO BLACKSTAR P\/GUIT HT CLUB 40 MKIII"}]},{"@type":"WebSite","@id":"https:\/\/www.mexicanguitarplayers.com\/#website","url":"https:\/\/www.mexicanguitarplayers.com\/","name":"Mexican Guitar Players","description":"Website","publisher":{"@id":"https:\/\/www.mexicanguitarplayers.com\/#organization"},"potentialAction":[{"@type":"SearchAction","target":{"@type":"EntryPoint","urlTemplate":"https:\/\/www.mexicanguitarplayers.com\/?s={search_term_string}"},"query-input":{"@type":"PropertyValueSpecification","valueRequired":true,"valueName":"search_term_string"}}],"inLanguage":"en-US"},{"@type":"Organization","@id":"https:\/\/www.mexicanguitarplayers.com\/#organization","name":"Mexican Guitar Players","url":"https:\/\/www.mexicanguitarplayers.com\/","logo":{"@type":"ImageObject","inLanguage":"en-US","@id":"https:\/\/www.mexicanguitarplayers.com\/#\/schema\/logo\/image\/","url":"","contentUrl":"","caption":"Mexican Guitar Players"},"image":{"@id":"https:\/\/www.mexicanguitarplayers.com\/#\/schema\/logo\/image\/"}}]}},"brands":[{"id":172,"name":"BLACKSTAR","slug":"blackstar"}],"_links":{"self":[{"href":"https:\/\/www.mexicanguitarplayers.com\/en\/wp-json\/wp\/v2\/product\/38746","targetHints":{"allow":["GET"]}}],"collection":[{"href":"https:\/\/www.mexicanguitarplayers.com\/en\/wp-json\/wp\/v2\/product"}],"about":[{"href":"https:\/\/www.mexicanguitarplayers.com\/en\/wp-json\/wp\/v2\/types\/product"}],"replies":[{"embeddable":true,"href":"https:\/\/www.mexicanguitarplayers.com\/en\/wp-json\/wp\/v2\/comments?post=38746"}],"wp:featuredmedia":[{"embeddable":true,"href":"https:\/\/www.mexicanguitarplayers.com\/en\/wp-json\/wp\/v2\/media\/38741"}],"wp:attachment":[{"href":"https:\/\/www.mexicanguitarplayers.com\/en\/wp-json\/wp\/v2\/media?parent=38746"}],"wp:term":[{"taxonomy":"pwb-brand","embeddable":true,"href":"https:\/\/www.mexicanguitarplayers.com\/en\/wp-json\/wp\/v2\/pwb-brand?post=38746"},{"taxonomy":"product_brand","embeddable":true,"href":"https:\/\/www.mexicanguitarplayers.com\/en\/wp-json\/wp\/v2\/product_brand?post=38746"},{"taxonomy":"product_cat","embeddable":true,"href":"https:\/\/www.mexicanguitarplayers.com\/en\/wp-json\/wp\/v2\/product_cat?post=38746"},{"taxonomy":"product_tag","embeddable":true,"href":"https:\/\/www.mexicanguitarplayers.com\/en\/wp-json\/wp\/v2\/product_tag?post=38746"}],"curies":[{"name":"wp","href":"https:\/\/api.w.org\/{rel}","templated":true}]}}