{"id":38752,"date":"2025-04-09T06:17:56","date_gmt":"2025-04-09T12:17:56","guid":{"rendered":"https:\/\/www.mexicanguitarplayers.com\/tienda\/sin categor\u00eda\/receptor-behringer-inalambrico-mod-ul-1000g2-r\/"},"modified":"2026-05-01T07:18:36","modified_gmt":"2026-05-01T13:18:36","slug":"receptor-behringer-inalambrico-mod-ul-1000g2-r","status":"publish","type":"product","link":"https:\/\/www.mexicanguitarplayers.com\/en\/tienda\/audio\/sistema-de-monitoreo-personal\/transmisores-y-receptores-sistema-de-monitoreo-personal\/receptor-behringer-inalambrico-mod-ul-1000g2-r\/","title":{"rendered":"RECEPTOR BEHRINGER INALAMBRICO MOD. UL 1000G2-R"},"content":{"rendered":"<div style=\"text-align: justify\">\n<div>\n<h3>UL 1000G2<\/h3>\n<\/div>\n<div>El sistema de monitoreo inal\u00e1mbrico UL 1000G2 est\u00e1 dise\u00f1ado para ofrecer conveniencia y control supremos en tus presentaciones en vivo y configuraciones de estudio. Esta avanzada soluci\u00f3n es tu aliado perfecto para disfrutar de libertad sin cables y sin complicaciones. Con una calidad de audio excepcional, el UL 1000G2 te permite tomar decisiones con confianza gracias a sus caracter\u00edsticas de nivel profesional, que incluyen modos Mono\/Stereo, control de squelch, mezcla est\u00e9reo, control de ganancia y selecci\u00f3n de canal f\u00e1cil. La operaci\u00f3n es intuitiva y sencilla, lo que facilita su uso en cualquier situaci\u00f3n. Adem\u00e1s, su dise\u00f1o elegante y liviano asegura una integraci\u00f3n perfecta en tu entorno de trabajo, sin complicaciones ni problemas. Para ampliar tu sistema UL 1000G2, puedes agregar f\u00e1cilmente receptores adicionales con el UL 1000G2-R (se vende por separado), manteniendo las mismas caracter\u00edsticas profesionales y una operaci\u00f3n confiable. La instalaci\u00f3n en un rack es sencilla gracias a los accesorios incluidos, como las abrazaderas para montaje en racks de media o completa altura, y el cable de extensi\u00f3n de antena. Esto garantiza una transmisi\u00f3n de se\u00f1al \u00f3ptima y una calidad de audio superior, incluso en condiciones de montaje en rack. Adem\u00e1s, el UL 1000G2 incluye todo lo necesario para empezar: auriculares de monitoreo est\u00e9reo, antena y cable de extensi\u00f3n, abrazaderas de montaje en rack y un estuche resistente para transportar todo el sistema de manera segura. En resumen, el UL 1000G2 ofrece un valor extraordinario al brindarte todas las herramientas necesarias para llevar tu rendimiento de audio al siguiente nivel, sin la necesidad de adquirir accesorios adicionales. Es la soluci\u00f3n ideal para mejorar tu experiencia de monitoreo de forma f\u00e1cil y accesible.<\/div>\n<div>\n<h4>Characteristics<\/h4>\n<\/div>\n<div>\n<ul style=\"margin: 0px 0px 0px 25px\">\n<li style=\"list-style-type: circle;margin: 5px\">Rango de frecuencia RF<\/li>\n<li style=\"list-style-type: circle;margin: 5px\">N\u00famero m\u00e1ximo de canales<\/li>\n<li style=\"list-style-type: circle;margin: 5px\">Potencia de salida RF<\/li>\n<li style=\"list-style-type: circle;margin: 5px\">Rechazo esp\u00fareo<\/li>\n<li style=\"list-style-type: circle;margin: 5px\">Conmutaci\u00f3n de ancho de banda<\/li>\n<li style=\"list-style-type: circle;margin: 5px\">Desviaci\u00f3n de pico<\/li>\n<li style=\"list-style-type: circle;margin: 5px\">Rango de frecuencias audio <\/li>\n<li style=\"list-style-type: circle;margin: 5px\">Relaci\u00f3n se\u00f1al-ruido <\/li>\n<li style=\"list-style-type: circle;margin: 5px\">THD <\/li>\n<li style=\"list-style-type: circle;margin: 5px\">Rango de ganancia<\/li>\n<li style=\"list-style-type: circle;margin: 5px\">Receptor<\/li>\n<li style=\"list-style-type: circle;margin: 5px\"> Receptor  N\u00famero m\u00e1ximo de canales<\/li>\n<li style=\"list-style-type: circle;margin: 5px\">Receptor Conmutaci\u00f3n de ancho de banda<\/li>\n<li style=\"list-style-type: circle;margin: 5px\">Receptor Sensibilidad<\/li>\n<li style=\"list-style-type: circle;margin: 5px\">Receptor  PPM m\u00e1ximo<\/li>\n<li style=\"list-style-type: circle;margin: 5px\">Receptor  Rango de frecuencias de audio <\/li>\n<li style=\"list-style-type: circle;margin: 5px\">Receptor  Relaci\u00f3n se\u00f1al\/ruido<\/li>\n<li style=\"list-style-type: circle;margin: 5px\">THD  <\/li>\n<\/ul>\n<\/div>\n<\/div>","protected":false},"excerpt":{"rendered":"<p>Este conjunto de transmisor inal\u00e1mbrico de alto rendimiento, receptor tipo cintur\u00f3n y auriculares de monitoreo es ideal tanto para presentaciones en vivo como para sesiones de estudio. Es una excelente opci\u00f3n para artistas y m\u00fasicos que necesitan escuchar de forma inal\u00e1mbrica con calidad de audio excepcional.El transmisor ofrece operaci\u00f3n est\u00e9reo\/mono para mayor flexibilidad, mientras que el receptor tipo cintur\u00f3n proporciona monitoreo en est\u00e9reo\/mono para una experiencia de escucha precisa. Se pueden utilizar m\u00faltiples canales simult\u00e1neamente para sistemas adicionales.Cuenta con un limitador integrado que permite la transmisi\u00f3n controlada del nivel de audio deseado hasta 12 dB. El receptor incluye una pantalla integrada para controlar la frecuencia del canal y el nivel de ganancia.La distancia de trabajo es de hasta 200 pies (60 metros), lo que brinda libertad de movimiento sin comprometer la calidad del sonido. Los conectores de entrada del transmisor son XLR\/TS de 1\/4\u201d balanceados para cada canal L\/R.Adem\u00e1s, se incluye un resistente estuche de transporte para proteger y transportar el equipo de forma segura.&hellip; <a class=\"kt-excerpt-readmore more-link\" href=\"https:\/\/www.mexicanguitarplayers.com\/en\/tienda\/audio\/sistema-de-monitoreo-personal\/transmisores-y-receptores-sistema-de-monitoreo-personal\/receptor-behringer-inalambrico-mod-ul-1000g2-r\/\">Read more<\/a><\/p>","protected":false},"featured_media":38747,"comment_status":"open","ping_status":"closed","template":"","meta":{"kt_blocks_editor_width":""},"pwb-brand":[171],"product_brand":[],"product_cat":[213,214,231,245],"product_tag":[],"class_list":{"0":"post-38752","1":"product","2":"type-product","3":"status-publish","4":"has-post-thumbnail","6":"pwb-brand-behringer","7":"product_cat-audio","8":"product_cat-microfonia","9":"product_cat-microfonos-inalambricos","10":"product_cat-transmisores-y-receptores-sistema-de-monitoreo-personal","11":"product_shipping_class-0-5-kg","13":"first","14":"instock","15":"taxable","16":"shipping-taxable","17":"purchasable","18":"product-type-simple"},"yoast_head":"<!-- This site is optimized with the Yoast SEO plugin v27.5 - https:\/\/yoast.com\/product\/yoast-seo-wordpress\/ -->\n<title>RECEPTOR BEHRINGER INALAMBRICO MOD. UL 1000G2-R - Mexican Guitar Players<\/title>\n<meta name=\"description\" content=\"Este conjunto de transmisor inal\u00e1mbrico de alto rendimiento, receptor tipo cintur\u00f3n y auriculares de monitoreo es ideal tanto para presentaciones en vivo como para sesiones de estudio. Es una excelente opci\u00f3n para artistas y m\u00fasicos que necesitan escuchar de forma inal\u00e1mbrica con calidad de audio excepcional.El transmisor ofrece operaci\u00f3n est\u00e9reo\/mono para mayor flexibilidad, mientras que el receptor tipo cintur\u00f3n proporciona monitoreo en est\u00e9reo\/mono para una experiencia de escucha precisa. Se pueden utilizar m\u00faltiples canales simult\u00e1neamente para sistemas adicionales.Cuenta con un limitador integrado que permite la transmisi\u00f3n controlada del nivel de audio deseado hasta 12 dB. El receptor incluye una pantalla integrada para controlar la frecuencia del canal y el nivel de ganancia.La distancia de trabajo es de hasta 200 pies (60 metros), lo que brinda libertad de movimiento sin comprometer la calidad del sonido. Los conectores de entrada del transmisor son XLR\/TS de 1\/4\u201d balanceados para cada canal L\/R.Adem\u00e1s, se incluye un resistente estuche de transporte para proteger y transportar el equipo de forma segura.\" \/>\n<meta name=\"robots\" content=\"index, follow, max-snippet:-1, max-image-preview:large, max-video-preview:-1\" \/>\n<link rel=\"canonical\" href=\"https:\/\/www.mexicanguitarplayers.com\/en\/tienda\/sin%20categor\u00eda\/receptor-behringer-inalambrico-mod-ul-1000g2-r\/\" \/>\n<meta property=\"og:locale\" content=\"en_US\" \/>\n<meta property=\"og:type\" content=\"article\" \/>\n<meta property=\"og:title\" content=\"RECEPTOR BEHRINGER INALAMBRICO MOD. UL 1000G2-R - Mexican Guitar Players\" \/>\n<meta property=\"og:description\" content=\"Este conjunto de transmisor inal\u00e1mbrico de alto rendimiento, receptor tipo cintur\u00f3n y auriculares de monitoreo es ideal tanto para presentaciones en vivo como para sesiones de estudio. Es una excelente opci\u00f3n para artistas y m\u00fasicos que necesitan escuchar de forma inal\u00e1mbrica con calidad de audio excepcional.El transmisor ofrece operaci\u00f3n est\u00e9reo\/mono para mayor flexibilidad, mientras que el receptor tipo cintur\u00f3n proporciona monitoreo en est\u00e9reo\/mono para una experiencia de escucha precisa. Se pueden utilizar m\u00faltiples canales simult\u00e1neamente para sistemas adicionales.Cuenta con un limitador integrado que permite la transmisi\u00f3n controlada del nivel de audio deseado hasta 12 dB. El receptor incluye una pantalla integrada para controlar la frecuencia del canal y el nivel de ganancia.La distancia de trabajo es de hasta 200 pies (60 metros), lo que brinda libertad de movimiento sin comprometer la calidad del sonido. Los conectores de entrada del transmisor son XLR\/TS de 1\/4\u201d balanceados para cada canal L\/R.Adem\u00e1s, se incluye un resistente estuche de transporte para proteger y transportar el equipo de forma segura.\" \/>\n<meta property=\"og:url\" content=\"https:\/\/www.mexicanguitarplayers.com\/en\/tienda\/sin categor\u00eda\/receptor-behringer-inalambrico-mod-ul-1000g2-r\/\" \/>\n<meta property=\"og:site_name\" content=\"Mexican Guitar Players\" \/>\n<meta property=\"article:modified_time\" content=\"2026-05-01T13:18:36+00:00\" \/>\n<meta name=\"twitter:card\" content=\"summary_large_image\" \/>\n<meta name=\"twitter:label1\" content=\"Est. reading time\" \/>\n\t<meta name=\"twitter:data1\" content=\"2 minutes\" \/>\n<script type=\"application\/ld+json\" class=\"yoast-schema-graph\">{\"@context\":\"https:\\\/\\\/schema.org\",\"@graph\":[{\"@type\":[\"WebPage\",\"ItemPage\"],\"@id\":\"https:\\\/\\\/www.mexicanguitarplayers.com\\\/tienda\\\/sin categor\u00eda\\\/receptor-behringer-inalambrico-mod-ul-1000g2-r\\\/\",\"url\":\"https:\\\/\\\/www.mexicanguitarplayers.com\\\/tienda\\\/sin categor\u00eda\\\/receptor-behringer-inalambrico-mod-ul-1000g2-r\\\/\",\"name\":\"RECEPTOR BEHRINGER INALAMBRICO MOD. UL 1000G2-R - Mexican Guitar Players\",\"isPartOf\":{\"@id\":\"https:\\\/\\\/www.mexicanguitarplayers.com\\\/#website\"},\"primaryImageOfPage\":{\"@id\":\"https:\\\/\\\/www.mexicanguitarplayers.com\\\/tienda\\\/sin categor\u00eda\\\/receptor-behringer-inalambrico-mod-ul-1000g2-r\\\/#primaryimage\"},\"image\":{\"@id\":\"https:\\\/\\\/www.mexicanguitarplayers.com\\\/tienda\\\/sin categor\u00eda\\\/receptor-behringer-inalambrico-mod-ul-1000g2-r\\\/#primaryimage\"},\"thumbnailUrl\":\"https:\\\/\\\/www.mexicanguitarplayers.com\\\/wp-content\\\/uploads\\\/2025\\\/04\\\/IABEHUL1000G2R.jpg\",\"datePublished\":\"2025-04-09T12:17:56+00:00\",\"dateModified\":\"2026-05-01T13:18:36+00:00\",\"description\":\"Este conjunto de transmisor inal\u00e1mbrico de alto rendimiento, receptor tipo cintur\u00f3n y auriculares de monitoreo es ideal tanto para presentaciones en vivo como para sesiones de estudio. Es una excelente opci\u00f3n para artistas y m\u00fasicos que necesitan escuchar de forma inal\u00e1mbrica con calidad de audio excepcional.El transmisor ofrece operaci\u00f3n est\u00e9reo\\\/mono para mayor flexibilidad, mientras que el receptor tipo cintur\u00f3n proporciona monitoreo en est\u00e9reo\\\/mono para una experiencia de escucha precisa. Se pueden utilizar m\u00faltiples canales simult\u00e1neamente para sistemas adicionales.Cuenta con un limitador integrado que permite la transmisi\u00f3n controlada del nivel de audio deseado hasta 12 dB. El receptor incluye una pantalla integrada para controlar la frecuencia del canal y el nivel de ganancia.La distancia de trabajo es de hasta 200 pies (60 metros), lo que brinda libertad de movimiento sin comprometer la calidad del sonido. Los conectores de entrada del transmisor son XLR\\\/TS de 1\\\/4\u201d balanceados para cada canal L\\\/R.Adem\u00e1s, se incluye un resistente estuche de transporte para proteger y transportar el equipo de forma segura.\",\"breadcrumb\":{\"@id\":\"https:\\\/\\\/www.mexicanguitarplayers.com\\\/tienda\\\/sin categor\u00eda\\\/receptor-behringer-inalambrico-mod-ul-1000g2-r\\\/#breadcrumb\"},\"inLanguage\":\"en-US\",\"potentialAction\":[{\"@type\":\"ReadAction\",\"target\":[\"https:\\\/\\\/www.mexicanguitarplayers.com\\\/tienda\\\/sin categor\u00eda\\\/receptor-behringer-inalambrico-mod-ul-1000g2-r\\\/\"]}]},{\"@type\":\"ImageObject\",\"inLanguage\":\"en-US\",\"@id\":\"https:\\\/\\\/www.mexicanguitarplayers.com\\\/tienda\\\/sin categor\u00eda\\\/receptor-behringer-inalambrico-mod-ul-1000g2-r\\\/#primaryimage\",\"url\":\"https:\\\/\\\/www.mexicanguitarplayers.com\\\/wp-content\\\/uploads\\\/2025\\\/04\\\/IABEHUL1000G2R.jpg\",\"contentUrl\":\"https:\\\/\\\/www.mexicanguitarplayers.com\\\/wp-content\\\/uploads\\\/2025\\\/04\\\/IABEHUL1000G2R.jpg\",\"width\":1200,\"height\":1200},{\"@type\":\"BreadcrumbList\",\"@id\":\"https:\\\/\\\/www.mexicanguitarplayers.com\\\/tienda\\\/sin categor\u00eda\\\/receptor-behringer-inalambrico-mod-ul-1000g2-r\\\/#breadcrumb\",\"itemListElement\":[{\"@type\":\"ListItem\",\"position\":1,\"name\":\"Portada\",\"item\":\"https:\\\/\\\/www.mexicanguitarplayers.com\\\/\"},{\"@type\":\"ListItem\",\"position\":2,\"name\":\"Tienda\",\"item\":\"https:\\\/\\\/www.mexicanguitarplayers.com\\\/tienda\\\/\"},{\"@type\":\"ListItem\",\"position\":3,\"name\":\"RECEPTOR BEHRINGER INALAMBRICO MOD. UL 1000G2-R\"}]},{\"@type\":\"WebSite\",\"@id\":\"https:\\\/\\\/www.mexicanguitarplayers.com\\\/#website\",\"url\":\"https:\\\/\\\/www.mexicanguitarplayers.com\\\/\",\"name\":\"Mexican Guitar Players\",\"description\":\"Website\",\"publisher\":{\"@id\":\"https:\\\/\\\/www.mexicanguitarplayers.com\\\/#organization\"},\"potentialAction\":[{\"@type\":\"SearchAction\",\"target\":{\"@type\":\"EntryPoint\",\"urlTemplate\":\"https:\\\/\\\/www.mexicanguitarplayers.com\\\/?s={search_term_string}\"},\"query-input\":{\"@type\":\"PropertyValueSpecification\",\"valueRequired\":true,\"valueName\":\"search_term_string\"}}],\"inLanguage\":\"en-US\"},{\"@type\":\"Organization\",\"@id\":\"https:\\\/\\\/www.mexicanguitarplayers.com\\\/#organization\",\"name\":\"Mexican Guitar Players\",\"url\":\"https:\\\/\\\/www.mexicanguitarplayers.com\\\/\",\"logo\":{\"@type\":\"ImageObject\",\"inLanguage\":\"en-US\",\"@id\":\"https:\\\/\\\/www.mexicanguitarplayers.com\\\/#\\\/schema\\\/logo\\\/image\\\/\",\"url\":\"\",\"contentUrl\":\"\",\"caption\":\"Mexican Guitar Players\"},\"image\":{\"@id\":\"https:\\\/\\\/www.mexicanguitarplayers.com\\\/#\\\/schema\\\/logo\\\/image\\\/\"}}]}<\/script>\n<!-- \/ Yoast SEO plugin. -->","yoast_head_json":{"title":"RECEPTOR BEHRINGER INALAMBRICO MOD. UL 1000G2-R - Mexican Guitar Players","description":"Este conjunto de transmisor inal\u00e1mbrico de alto rendimiento, receptor tipo cintur\u00f3n y auriculares de monitoreo es ideal tanto para presentaciones en vivo como para sesiones de estudio. Es una excelente opci\u00f3n para artistas y m\u00fasicos que necesitan escuchar de forma inal\u00e1mbrica con calidad de audio excepcional.El transmisor ofrece operaci\u00f3n est\u00e9reo\/mono para mayor flexibilidad, mientras que el receptor tipo cintur\u00f3n proporciona monitoreo en est\u00e9reo\/mono para una experiencia de escucha precisa. Se pueden utilizar m\u00faltiples canales simult\u00e1neamente para sistemas adicionales.Cuenta con un limitador integrado que permite la transmisi\u00f3n controlada del nivel de audio deseado hasta 12 dB. El receptor incluye una pantalla integrada para controlar la frecuencia del canal y el nivel de ganancia.La distancia de trabajo es de hasta 200 pies (60 metros), lo que brinda libertad de movimiento sin comprometer la calidad del sonido. Los conectores de entrada del transmisor son XLR\/TS de 1\/4\u201d balanceados para cada canal L\/R.Adem\u00e1s, se incluye un resistente estuche de transporte para proteger y transportar el equipo de forma segura.","robots":{"index":"index","follow":"follow","max-snippet":"max-snippet:-1","max-image-preview":"max-image-preview:large","max-video-preview":"max-video-preview:-1"},"canonical":"https:\/\/www.mexicanguitarplayers.com\/en\/tienda\/sin categor\u00eda\/receptor-behringer-inalambrico-mod-ul-1000g2-r\/","og_locale":"en_US","og_type":"article","og_title":"RECEPTOR BEHRINGER INALAMBRICO MOD. UL 1000G2-R - Mexican Guitar Players","og_description":"Este conjunto de transmisor inal\u00e1mbrico de alto rendimiento, receptor tipo cintur\u00f3n y auriculares de monitoreo es ideal tanto para presentaciones en vivo como para sesiones de estudio. Es una excelente opci\u00f3n para artistas y m\u00fasicos que necesitan escuchar de forma inal\u00e1mbrica con calidad de audio excepcional.El transmisor ofrece operaci\u00f3n est\u00e9reo\/mono para mayor flexibilidad, mientras que el receptor tipo cintur\u00f3n proporciona monitoreo en est\u00e9reo\/mono para una experiencia de escucha precisa. Se pueden utilizar m\u00faltiples canales simult\u00e1neamente para sistemas adicionales.Cuenta con un limitador integrado que permite la transmisi\u00f3n controlada del nivel de audio deseado hasta 12 dB. El receptor incluye una pantalla integrada para controlar la frecuencia del canal y el nivel de ganancia.La distancia de trabajo es de hasta 200 pies (60 metros), lo que brinda libertad de movimiento sin comprometer la calidad del sonido. Los conectores de entrada del transmisor son XLR\/TS de 1\/4\u201d balanceados para cada canal L\/R.Adem\u00e1s, se incluye un resistente estuche de transporte para proteger y transportar el equipo de forma segura.","og_url":"https:\/\/www.mexicanguitarplayers.com\/en\/tienda\/sin categor\u00eda\/receptor-behringer-inalambrico-mod-ul-1000g2-r\/","og_site_name":"Mexican Guitar Players","article_modified_time":"2026-05-01T13:18:36+00:00","twitter_card":"summary_large_image","twitter_misc":{"Est. reading time":"2 minutes"},"schema":{"@context":"https:\/\/schema.org","@graph":[{"@type":["WebPage","ItemPage"],"@id":"https:\/\/www.mexicanguitarplayers.com\/tienda\/sin categor\u00eda\/receptor-behringer-inalambrico-mod-ul-1000g2-r\/","url":"https:\/\/www.mexicanguitarplayers.com\/tienda\/sin categor\u00eda\/receptor-behringer-inalambrico-mod-ul-1000g2-r\/","name":"RECEPTOR BEHRINGER INALAMBRICO MOD. UL 1000G2-R - Mexican Guitar Players","isPartOf":{"@id":"https:\/\/www.mexicanguitarplayers.com\/#website"},"primaryImageOfPage":{"@id":"https:\/\/www.mexicanguitarplayers.com\/tienda\/sin categor\u00eda\/receptor-behringer-inalambrico-mod-ul-1000g2-r\/#primaryimage"},"image":{"@id":"https:\/\/www.mexicanguitarplayers.com\/tienda\/sin categor\u00eda\/receptor-behringer-inalambrico-mod-ul-1000g2-r\/#primaryimage"},"thumbnailUrl":"https:\/\/www.mexicanguitarplayers.com\/wp-content\/uploads\/2025\/04\/IABEHUL1000G2R.jpg","datePublished":"2025-04-09T12:17:56+00:00","dateModified":"2026-05-01T13:18:36+00:00","description":"Este conjunto de transmisor inal\u00e1mbrico de alto rendimiento, receptor tipo cintur\u00f3n y auriculares de monitoreo es ideal tanto para presentaciones en vivo como para sesiones de estudio. Es una excelente opci\u00f3n para artistas y m\u00fasicos que necesitan escuchar de forma inal\u00e1mbrica con calidad de audio excepcional.El transmisor ofrece operaci\u00f3n est\u00e9reo\/mono para mayor flexibilidad, mientras que el receptor tipo cintur\u00f3n proporciona monitoreo en est\u00e9reo\/mono para una experiencia de escucha precisa. Se pueden utilizar m\u00faltiples canales simult\u00e1neamente para sistemas adicionales.Cuenta con un limitador integrado que permite la transmisi\u00f3n controlada del nivel de audio deseado hasta 12 dB. El receptor incluye una pantalla integrada para controlar la frecuencia del canal y el nivel de ganancia.La distancia de trabajo es de hasta 200 pies (60 metros), lo que brinda libertad de movimiento sin comprometer la calidad del sonido. Los conectores de entrada del transmisor son XLR\/TS de 1\/4\u201d balanceados para cada canal L\/R.Adem\u00e1s, se incluye un resistente estuche de transporte para proteger y transportar el equipo de forma segura.","breadcrumb":{"@id":"https:\/\/www.mexicanguitarplayers.com\/tienda\/sin categor\u00eda\/receptor-behringer-inalambrico-mod-ul-1000g2-r\/#breadcrumb"},"inLanguage":"en-US","potentialAction":[{"@type":"ReadAction","target":["https:\/\/www.mexicanguitarplayers.com\/tienda\/sin categor\u00eda\/receptor-behringer-inalambrico-mod-ul-1000g2-r\/"]}]},{"@type":"ImageObject","inLanguage":"en-US","@id":"https:\/\/www.mexicanguitarplayers.com\/tienda\/sin categor\u00eda\/receptor-behringer-inalambrico-mod-ul-1000g2-r\/#primaryimage","url":"https:\/\/www.mexicanguitarplayers.com\/wp-content\/uploads\/2025\/04\/IABEHUL1000G2R.jpg","contentUrl":"https:\/\/www.mexicanguitarplayers.com\/wp-content\/uploads\/2025\/04\/IABEHUL1000G2R.jpg","width":1200,"height":1200},{"@type":"BreadcrumbList","@id":"https:\/\/www.mexicanguitarplayers.com\/tienda\/sin categor\u00eda\/receptor-behringer-inalambrico-mod-ul-1000g2-r\/#breadcrumb","itemListElement":[{"@type":"ListItem","position":1,"name":"Portada","item":"https:\/\/www.mexicanguitarplayers.com\/"},{"@type":"ListItem","position":2,"name":"Tienda","item":"https:\/\/www.mexicanguitarplayers.com\/tienda\/"},{"@type":"ListItem","position":3,"name":"RECEPTOR BEHRINGER INALAMBRICO MOD. UL 1000G2-R"}]},{"@type":"WebSite","@id":"https:\/\/www.mexicanguitarplayers.com\/#website","url":"https:\/\/www.mexicanguitarplayers.com\/","name":"Mexican Guitar Players","description":"Website","publisher":{"@id":"https:\/\/www.mexicanguitarplayers.com\/#organization"},"potentialAction":[{"@type":"SearchAction","target":{"@type":"EntryPoint","urlTemplate":"https:\/\/www.mexicanguitarplayers.com\/?s={search_term_string}"},"query-input":{"@type":"PropertyValueSpecification","valueRequired":true,"valueName":"search_term_string"}}],"inLanguage":"en-US"},{"@type":"Organization","@id":"https:\/\/www.mexicanguitarplayers.com\/#organization","name":"Mexican Guitar Players","url":"https:\/\/www.mexicanguitarplayers.com\/","logo":{"@type":"ImageObject","inLanguage":"en-US","@id":"https:\/\/www.mexicanguitarplayers.com\/#\/schema\/logo\/image\/","url":"","contentUrl":"","caption":"Mexican Guitar Players"},"image":{"@id":"https:\/\/www.mexicanguitarplayers.com\/#\/schema\/logo\/image\/"}}]}},"brands":[{"id":171,"name":"BEHRINGER","slug":"behringer"}],"_links":{"self":[{"href":"https:\/\/www.mexicanguitarplayers.com\/en\/wp-json\/wp\/v2\/product\/38752","targetHints":{"allow":["GET"]}}],"collection":[{"href":"https:\/\/www.mexicanguitarplayers.com\/en\/wp-json\/wp\/v2\/product"}],"about":[{"href":"https:\/\/www.mexicanguitarplayers.com\/en\/wp-json\/wp\/v2\/types\/product"}],"replies":[{"embeddable":true,"href":"https:\/\/www.mexicanguitarplayers.com\/en\/wp-json\/wp\/v2\/comments?post=38752"}],"wp:featuredmedia":[{"embeddable":true,"href":"https:\/\/www.mexicanguitarplayers.com\/en\/wp-json\/wp\/v2\/media\/38747"}],"wp:attachment":[{"href":"https:\/\/www.mexicanguitarplayers.com\/en\/wp-json\/wp\/v2\/media?parent=38752"}],"wp:term":[{"taxonomy":"pwb-brand","embeddable":true,"href":"https:\/\/www.mexicanguitarplayers.com\/en\/wp-json\/wp\/v2\/pwb-brand?post=38752"},{"taxonomy":"product_brand","embeddable":true,"href":"https:\/\/www.mexicanguitarplayers.com\/en\/wp-json\/wp\/v2\/product_brand?post=38752"},{"taxonomy":"product_cat","embeddable":true,"href":"https:\/\/www.mexicanguitarplayers.com\/en\/wp-json\/wp\/v2\/product_cat?post=38752"},{"taxonomy":"product_tag","embeddable":true,"href":"https:\/\/www.mexicanguitarplayers.com\/en\/wp-json\/wp\/v2\/product_tag?post=38752"}],"curies":[{"name":"wp","href":"https:\/\/api.w.org\/{rel}","templated":true}]}}