{"id":38768,"date":"2025-04-09T06:18:16","date_gmt":"2025-04-09T12:18:16","guid":{"rendered":"https:\/\/www.mexicanguitarplayers.com\/tienda\/sin categor\u00eda\/driver-eighteen-2-mod-nd2080\/"},"modified":"2026-01-14T04:19:26","modified_gmt":"2026-01-14T10:19:26","slug":"driver-eighteen-2-mod-nd2080","status":"publish","type":"product","link":"https:\/\/www.mexicanguitarplayers.com\/en\/tienda\/audio\/bafles-y-bocinas\/bocinas-y-componentes\/agudos\/driver-eighteen-2-mod-nd2080\/","title":{"rendered":"DRIVER EIGHTEEN 2    MOD. ND2080"},"content":{"rendered":"<div style=\"text-align: justify\">\n<div>\n<h3>Los mejores agudos.<\/h3>\n<\/div>\n<div>El driver de compresi\u00f3n de alta frecuencia ND2080 de 2&#8243; pulgadas ha sido dise\u00f1ado para aplicaciones de sistemas de sonido de alta calidad. El diafragma de titanio es producido internamente por Eighteen Sound y se ha desarrollado para garantizar una respuesta transitoria inigualable. El ensamblaje del diafragma se realiza al unir el embobinador directamente a la c\u00fapula de titanio en su borde de doblez superior. En comparaci\u00f3n con un embobinador de  junta recta habitual, el dise\u00f1o del driver asegura una transferencia de energ\u00eda de frecuencia extendida para una linealidad de respuesta mejorada y una confiabilidad sin paralelo. Esta caracter\u00edstica permite un adecuado control del movimiento del domo en condiciones reales de trabajo. Se utiliza un embobinador de Nomex tratado patentado, ya que Nomex muestra un valor 30% m\u00e1s alto de alargamiento por tracci\u00f3n a una temperatura operativa de trabajo (200\u00b0C) en comparaci\u00f3n con Kapton. Adem\u00e1s, este material embobinador patentado, tambi\u00e9n es adecuado para su uso en entornos con mayor contenido de humedad. El poderoso ensamble de im\u00e1n de neodimio ND2080 ha sido dise\u00f1ado para obtener 22 KGauss en el entrehierro para mayores beneficios en la respuesta transitoria. La estructura del motor, a lo largo del plug de fase precisamente coherente con 3 ranuras circunferenciales y anillo de cobre en la pieza polar, reduce el efecto de inductancia y la distorsi\u00f3n. Los cuatro conductos de aire de la placa superior han sido dise\u00f1ados para actuar como una c\u00e1mara de carga para el diafragma, implementando distorsiones mid-band y figuras de respuesta. La junta t\u00f3rica dise\u00f1ada a medida, crea un sello herm\u00e9tico entre la placa y la cubierta, que asegura la carga de la c\u00e1mara de aire. La excelente disipaci\u00f3n de calor y el intercambio t\u00e9rmico est\u00e1n garantizados por el contacto directo entre la estructura magn\u00e9tica y la cubierta de aluminio, lo que conduce a un menor valor de compresi\u00f3n de potencia. Debido al uso cada vez mayor de sistemas de audio de alta potencia en eventos al aire libre o en entornos marinos, la capacidad del equipo para funcionar correctamente en condiciones clim\u00e1ticas adversas, es una caracter\u00edstica clave de la filosof\u00eda de Eighteen Sound. Por lo tanto, se aplica un tratamiento especial al im\u00e1n y las placas superior y posterior de la estructura magn\u00e9tica que hacen que el driver sea m\u00e1s resistente a los efectos corrosivos de las sales y la oxidaci\u00f3n. Este tratamiento es m\u00e1s efectivo que cualquier otro tratamiento utilizado por otros fabricantes.<\/div>\n<div>\n<h4>Quick look<\/h4>\n<\/div>\n<ul style=\"margin: 0px 0px 0px 25px\">\n<li style=\"list-style-type: circle;margin: 5px\">Di\u00e1metro de la garganta.<\/li>\n<li style=\"list-style-type: circle;margin: 5px\">Impedance.<\/li>\n<li style=\"list-style-type: circle;margin: 5px\">Resistencia DC.<\/li>\n<li style=\"list-style-type: circle;margin: 5px\">Impedancia m\u00ednima.<\/li>\n<li style=\"list-style-type: circle;margin: 5px\">Le (a 1 kHz).<\/li>\n<li style=\"list-style-type: circle;margin: 5px\">Power.<\/li>\n<li style=\"list-style-type: circle;margin: 5px\">Sensitivity.<\/li>\n<li style=\"list-style-type: circle;margin: 5px\">Rango de frecuencia.<\/li>\n<li style=\"list-style-type: circle;margin: 5px\">Frecuencia de crossover recomendada.<\/li>\n<li style=\"list-style-type: circle;margin: 5px\">Material del diafragma.<\/li>\n<li style=\"list-style-type: circle;margin: 5px\">Di\u00e1metro de la bobina de altavoz.<\/li>\n<li style=\"list-style-type: circle;margin: 5px\">Material de la bobina de altavoz.<\/li>\n<li style=\"list-style-type: circle;margin: 5px\">Material magn\u00e9tico.<\/li>\n<li style=\"list-style-type: circle;margin: 5px\">Densidad de flujo.<\/li>\n<li style=\"list-style-type: circle;margin: 5px\">Factor BL.<\/li>\n<li style=\"list-style-type: circle;margin: 5px\">Polaridad.<\/li>\n<li style=\"list-style-type: circle;margin: 5px\">Di\u00e1metro total.<\/li>\n<li style=\"list-style-type: circle;margin: 5px\">Profundidad total.<\/li>\n<li style=\"list-style-type: circle;margin: 5px\">Peso neto.<\/li>\n<\/ul>\n<div>\n<div style=\"font-weight: bold\">Di\u00e1metro de la garganta.<\/div>\n<div>\n<p>2&#8243; pulgadas (50 mm).<\/p>\n<\/div>\n<div style=\"font-weight: bold\">Impedance.<\/div>\n<div>\n<p>8 ohms.<\/p>\n<\/div>\n<div style=\"font-weight: bold\">Resistencia DC.<\/div>\n<div>\n<p>6.2 ohms.<\/p>\n<\/div>\n<div style=\"font-weight: bold\">Impedancia m\u00ednima.<\/div>\n<div>\n<p>8 ohma a 3500 Hz.<\/p>\n<\/div>\n<div style=\"font-weight: bold\">Le (a 1 kHz).<\/div>\n<div>\n<p>124 uH.<\/p>\n<\/div>\n<div style=\"font-weight: bold\">Power.<\/div>\n<div>\n<p>AES: 100 watts por encima de los 1.2 kHz. Programa: 200 watts por encima de los 1.2 kHz.<\/p>\n<\/div>\n<div style=\"font-weight: bold\">Sensitivity.<\/div>\n<div>\n<p>110 dB.<\/p>\n<\/div>\n<div style=\"font-weight: bold\">Rango de frecuencia.<\/div>\n<div>\n<p>500 Hz &#8211; 20 kHz.<\/p>\n<\/div>\n<div style=\"font-weight: bold\">Frecuencia de crossover recomendada.<\/div>\n<div>\n<p>800 Hz (12 dB \/ octava).<\/p>\n<\/div>\n<div style=\"font-weight: bold\">Material del diafragma.<\/div>\n<div>\n<p>Titanio.<\/p>\n<\/div>\n<div style=\"font-weight: bold\">Di\u00e1metro de la bobina de altavoz.<\/div>\n<div>\n<p>3&#8243; pulgadas (75 mm).<\/p>\n<\/div>\n<div style=\"font-weight: bold\">Material de la bobina de altavoz.<\/div>\n<div>\n<p>Borde de aluminio de cuerda.<\/p>\n<\/div>\n<div style=\"font-weight: bold\">Material magn\u00e9tico.<\/div>\n<div>\n<p>Neodimio.<\/p>\n<\/div>\n<div style=\"font-weight: bold\">Densidad de flujo.<\/div>\n<div>\n<p>2.2 T.<\/p>\n<\/div>\n<div style=\"font-weight: bold\">Factor BL.<\/div>\n<div>\n<p>15.5 N\/A.<\/p>\n<\/div>\n<div style=\"font-weight: bold\">Polaridad.<\/div>\n<div>\n<p>La tensi\u00f3n positiva en la terminal roja da una presi\u00f3n positiva en la garganta.<\/p>\n<\/div>\n<div style=\"font-weight: bold\">Di\u00e1metro total.<\/div>\n<div>\n<p>5.1&#8243; pulgadas (131 mm).<\/p>\n<\/div>\n<div style=\"font-weight: bold\">Profundidad total.<\/div>\n<div>\n<p>3.9&#8243; pulgadas (99 mm).<\/p>\n<\/div>\n<div style=\"font-weight: bold\">Peso neto.<\/div>\n<div>\n<p>3.6 kg.<\/p>\n<\/div>\n<\/div>\n<\/div>","protected":false},"excerpt":{"rendered":"<p>Driver para altas frecuencias, estructura magn\u00e9tica de anillo de neodimio, garganta: 2\u201d pulgadas (50 mm), impedancia: 8 ohms a 3,500 Hz, potencia AES: 100W, programa: 200W, sensibilidad: 110 dB, rango de frecuencia: 500 Hz &#8211; 20 kHz, diafragma de titanio puro, bobina m\u00f3vil de aluminio de 3\u201d pulgadas (75 mm), excelente intercambio t\u00e9rmico, peso: 3.6 kg, su remplazo es el RN610.&hellip; <a class=\"kt-excerpt-readmore more-link\" href=\"https:\/\/www.mexicanguitarplayers.com\/en\/tienda\/audio\/bafles-y-bocinas\/bocinas-y-componentes\/agudos\/driver-eighteen-2-mod-nd2080\/\">Read more<\/a><\/p>","protected":false},"featured_media":38764,"comment_status":"open","ping_status":"closed","template":"","meta":{"kt_blocks_editor_width":""},"pwb-brand":[533],"product_brand":[],"product_cat":[530,213,221,474],"product_tag":[],"class_list":{"0":"post-38768","1":"product","2":"type-product","3":"status-publish","4":"has-post-thumbnail","6":"pwb-brand-eighteen-sound","7":"product_cat-agudos","8":"product_cat-audio","9":"product_cat-bafles-y-bocinas","10":"product_cat-bocinas-y-componentes","11":"product_shipping_class-0-5-kg","13":"first","14":"instock","15":"taxable","16":"shipping-taxable","17":"purchasable","18":"product-type-simple"},"yoast_head":"<!-- This site is optimized with the Yoast SEO plugin v27.3 - https:\/\/yoast.com\/product\/yoast-seo-wordpress\/ -->\n<title>DRIVER EIGHTEEN 2  MOD. ND2080 - Mexican Guitar Players<\/title>\n<meta name=\"description\" content=\"Driver para altas frecuencias, estructura magn\u00e9tica de anillo de neodimio, garganta: 2\u201d pulgadas (50 mm), impedancia: 8 ohms a 3,500 Hz, potencia AES: 100W, programa: 200W, sensibilidad: 110 dB, rango de frecuencia: 500 Hz - 20 kHz, diafragma de titanio puro, bobina m\u00f3vil de aluminio de 3\u201d pulgadas (75 mm), excelente intercambio t\u00e9rmico, peso: 3.6 kg, su remplazo es el RN610.\" \/>\n<meta name=\"robots\" content=\"index, follow, max-snippet:-1, max-image-preview:large, max-video-preview:-1\" \/>\n<link rel=\"canonical\" href=\"https:\/\/www.mexicanguitarplayers.com\/en\/tienda\/sin%20categor\u00eda\/driver-eighteen-2-mod-nd2080\/\" \/>\n<meta property=\"og:locale\" content=\"en_US\" \/>\n<meta property=\"og:type\" content=\"article\" \/>\n<meta property=\"og:title\" content=\"DRIVER EIGHTEEN 2  MOD. ND2080 - Mexican Guitar Players\" \/>\n<meta property=\"og:description\" content=\"Driver para altas frecuencias, estructura magn\u00e9tica de anillo de neodimio, garganta: 2\u201d pulgadas (50 mm), impedancia: 8 ohms a 3,500 Hz, potencia AES: 100W, programa: 200W, sensibilidad: 110 dB, rango de frecuencia: 500 Hz - 20 kHz, diafragma de titanio puro, bobina m\u00f3vil de aluminio de 3\u201d pulgadas (75 mm), excelente intercambio t\u00e9rmico, peso: 3.6 kg, su remplazo es el RN610.\" \/>\n<meta property=\"og:url\" content=\"https:\/\/www.mexicanguitarplayers.com\/en\/tienda\/sin categor\u00eda\/driver-eighteen-2-mod-nd2080\/\" \/>\n<meta property=\"og:site_name\" content=\"Mexican Guitar Players\" \/>\n<meta property=\"article:modified_time\" content=\"2026-01-14T10:19:26+00:00\" \/>\n<meta name=\"twitter:card\" content=\"summary_large_image\" \/>\n<meta name=\"twitter:label1\" content=\"Est. reading time\" \/>\n\t<meta name=\"twitter:data1\" content=\"3 minutes\" \/>\n<script type=\"application\/ld+json\" class=\"yoast-schema-graph\">{\"@context\":\"https:\\\/\\\/schema.org\",\"@graph\":[{\"@type\":[\"WebPage\",\"ItemPage\"],\"@id\":\"https:\\\/\\\/www.mexicanguitarplayers.com\\\/tienda\\\/sin categor\u00eda\\\/driver-eighteen-2-mod-nd2080\\\/\",\"url\":\"https:\\\/\\\/www.mexicanguitarplayers.com\\\/tienda\\\/sin categor\u00eda\\\/driver-eighteen-2-mod-nd2080\\\/\",\"name\":\"DRIVER EIGHTEEN 2 MOD. ND2080 - Mexican Guitar Players\",\"isPartOf\":{\"@id\":\"https:\\\/\\\/www.mexicanguitarplayers.com\\\/#website\"},\"primaryImageOfPage\":{\"@id\":\"https:\\\/\\\/www.mexicanguitarplayers.com\\\/tienda\\\/sin categor\u00eda\\\/driver-eighteen-2-mod-nd2080\\\/#primaryimage\"},\"image\":{\"@id\":\"https:\\\/\\\/www.mexicanguitarplayers.com\\\/tienda\\\/sin categor\u00eda\\\/driver-eighteen-2-mod-nd2080\\\/#primaryimage\"},\"thumbnailUrl\":\"https:\\\/\\\/www.mexicanguitarplayers.com\\\/wp-content\\\/uploads\\\/2025\\\/04\\\/IAEIGND2080.jpg\",\"datePublished\":\"2025-04-09T12:18:16+00:00\",\"dateModified\":\"2026-01-14T10:19:26+00:00\",\"description\":\"Driver para altas frecuencias, estructura magn\u00e9tica de anillo de neodimio, garganta: 2\u201d pulgadas (50 mm), impedancia: 8 ohms a 3,500 Hz, potencia AES: 100W, programa: 200W, sensibilidad: 110 dB, rango de frecuencia: 500 Hz - 20 kHz, diafragma de titanio puro, bobina m\u00f3vil de aluminio de 3\u201d pulgadas (75 mm), excelente intercambio t\u00e9rmico, peso: 3.6 kg, su remplazo es el RN610.\",\"breadcrumb\":{\"@id\":\"https:\\\/\\\/www.mexicanguitarplayers.com\\\/tienda\\\/sin categor\u00eda\\\/driver-eighteen-2-mod-nd2080\\\/#breadcrumb\"},\"inLanguage\":\"en-US\",\"potentialAction\":[{\"@type\":\"ReadAction\",\"target\":[\"https:\\\/\\\/www.mexicanguitarplayers.com\\\/tienda\\\/sin categor\u00eda\\\/driver-eighteen-2-mod-nd2080\\\/\"]}]},{\"@type\":\"ImageObject\",\"inLanguage\":\"en-US\",\"@id\":\"https:\\\/\\\/www.mexicanguitarplayers.com\\\/tienda\\\/sin categor\u00eda\\\/driver-eighteen-2-mod-nd2080\\\/#primaryimage\",\"url\":\"https:\\\/\\\/www.mexicanguitarplayers.com\\\/wp-content\\\/uploads\\\/2025\\\/04\\\/IAEIGND2080.jpg\",\"contentUrl\":\"https:\\\/\\\/www.mexicanguitarplayers.com\\\/wp-content\\\/uploads\\\/2025\\\/04\\\/IAEIGND2080.jpg\",\"width\":1200,\"height\":1200},{\"@type\":\"BreadcrumbList\",\"@id\":\"https:\\\/\\\/www.mexicanguitarplayers.com\\\/tienda\\\/sin categor\u00eda\\\/driver-eighteen-2-mod-nd2080\\\/#breadcrumb\",\"itemListElement\":[{\"@type\":\"ListItem\",\"position\":1,\"name\":\"Portada\",\"item\":\"https:\\\/\\\/www.mexicanguitarplayers.com\\\/\"},{\"@type\":\"ListItem\",\"position\":2,\"name\":\"Tienda\",\"item\":\"https:\\\/\\\/www.mexicanguitarplayers.com\\\/tienda\\\/\"},{\"@type\":\"ListItem\",\"position\":3,\"name\":\"DRIVER EIGHTEEN 2 MOD. ND2080\"}]},{\"@type\":\"WebSite\",\"@id\":\"https:\\\/\\\/www.mexicanguitarplayers.com\\\/#website\",\"url\":\"https:\\\/\\\/www.mexicanguitarplayers.com\\\/\",\"name\":\"Mexican Guitar Players\",\"description\":\"Website\",\"publisher\":{\"@id\":\"https:\\\/\\\/www.mexicanguitarplayers.com\\\/#organization\"},\"potentialAction\":[{\"@type\":\"SearchAction\",\"target\":{\"@type\":\"EntryPoint\",\"urlTemplate\":\"https:\\\/\\\/www.mexicanguitarplayers.com\\\/?s={search_term_string}\"},\"query-input\":{\"@type\":\"PropertyValueSpecification\",\"valueRequired\":true,\"valueName\":\"search_term_string\"}}],\"inLanguage\":\"en-US\"},{\"@type\":\"Organization\",\"@id\":\"https:\\\/\\\/www.mexicanguitarplayers.com\\\/#organization\",\"name\":\"Mexican Guitar Players\",\"url\":\"https:\\\/\\\/www.mexicanguitarplayers.com\\\/\",\"logo\":{\"@type\":\"ImageObject\",\"inLanguage\":\"en-US\",\"@id\":\"https:\\\/\\\/www.mexicanguitarplayers.com\\\/#\\\/schema\\\/logo\\\/image\\\/\",\"url\":\"\",\"contentUrl\":\"\",\"caption\":\"Mexican Guitar Players\"},\"image\":{\"@id\":\"https:\\\/\\\/www.mexicanguitarplayers.com\\\/#\\\/schema\\\/logo\\\/image\\\/\"}}]}<\/script>\n<!-- \/ Yoast SEO plugin. -->","yoast_head_json":{"title":"DRIVER EIGHTEEN 2  MOD. ND2080 - Mexican Guitar Players","description":"Driver para altas frecuencias, estructura magn\u00e9tica de anillo de neodimio, garganta: 2\u201d pulgadas (50 mm), impedancia: 8 ohms a 3,500 Hz, potencia AES: 100W, programa: 200W, sensibilidad: 110 dB, rango de frecuencia: 500 Hz - 20 kHz, diafragma de titanio puro, bobina m\u00f3vil de aluminio de 3\u201d pulgadas (75 mm), excelente intercambio t\u00e9rmico, peso: 3.6 kg, su remplazo es el RN610.","robots":{"index":"index","follow":"follow","max-snippet":"max-snippet:-1","max-image-preview":"max-image-preview:large","max-video-preview":"max-video-preview:-1"},"canonical":"https:\/\/www.mexicanguitarplayers.com\/en\/tienda\/sin categor\u00eda\/driver-eighteen-2-mod-nd2080\/","og_locale":"en_US","og_type":"article","og_title":"DRIVER EIGHTEEN 2  MOD. ND2080 - Mexican Guitar Players","og_description":"Driver para altas frecuencias, estructura magn\u00e9tica de anillo de neodimio, garganta: 2\u201d pulgadas (50 mm), impedancia: 8 ohms a 3,500 Hz, potencia AES: 100W, programa: 200W, sensibilidad: 110 dB, rango de frecuencia: 500 Hz - 20 kHz, diafragma de titanio puro, bobina m\u00f3vil de aluminio de 3\u201d pulgadas (75 mm), excelente intercambio t\u00e9rmico, peso: 3.6 kg, su remplazo es el RN610.","og_url":"https:\/\/www.mexicanguitarplayers.com\/en\/tienda\/sin categor\u00eda\/driver-eighteen-2-mod-nd2080\/","og_site_name":"Mexican Guitar Players","article_modified_time":"2026-01-14T10:19:26+00:00","twitter_card":"summary_large_image","twitter_misc":{"Est. reading time":"3 minutes"},"schema":{"@context":"https:\/\/schema.org","@graph":[{"@type":["WebPage","ItemPage"],"@id":"https:\/\/www.mexicanguitarplayers.com\/tienda\/sin categor\u00eda\/driver-eighteen-2-mod-nd2080\/","url":"https:\/\/www.mexicanguitarplayers.com\/tienda\/sin categor\u00eda\/driver-eighteen-2-mod-nd2080\/","name":"DRIVER EIGHTEEN 2 MOD. ND2080 - Mexican Guitar Players","isPartOf":{"@id":"https:\/\/www.mexicanguitarplayers.com\/#website"},"primaryImageOfPage":{"@id":"https:\/\/www.mexicanguitarplayers.com\/tienda\/sin categor\u00eda\/driver-eighteen-2-mod-nd2080\/#primaryimage"},"image":{"@id":"https:\/\/www.mexicanguitarplayers.com\/tienda\/sin categor\u00eda\/driver-eighteen-2-mod-nd2080\/#primaryimage"},"thumbnailUrl":"https:\/\/www.mexicanguitarplayers.com\/wp-content\/uploads\/2025\/04\/IAEIGND2080.jpg","datePublished":"2025-04-09T12:18:16+00:00","dateModified":"2026-01-14T10:19:26+00:00","description":"Driver para altas frecuencias, estructura magn\u00e9tica de anillo de neodimio, garganta: 2\u201d pulgadas (50 mm), impedancia: 8 ohms a 3,500 Hz, potencia AES: 100W, programa: 200W, sensibilidad: 110 dB, rango de frecuencia: 500 Hz - 20 kHz, diafragma de titanio puro, bobina m\u00f3vil de aluminio de 3\u201d pulgadas (75 mm), excelente intercambio t\u00e9rmico, peso: 3.6 kg, su remplazo es el RN610.","breadcrumb":{"@id":"https:\/\/www.mexicanguitarplayers.com\/tienda\/sin categor\u00eda\/driver-eighteen-2-mod-nd2080\/#breadcrumb"},"inLanguage":"en-US","potentialAction":[{"@type":"ReadAction","target":["https:\/\/www.mexicanguitarplayers.com\/tienda\/sin categor\u00eda\/driver-eighteen-2-mod-nd2080\/"]}]},{"@type":"ImageObject","inLanguage":"en-US","@id":"https:\/\/www.mexicanguitarplayers.com\/tienda\/sin categor\u00eda\/driver-eighteen-2-mod-nd2080\/#primaryimage","url":"https:\/\/www.mexicanguitarplayers.com\/wp-content\/uploads\/2025\/04\/IAEIGND2080.jpg","contentUrl":"https:\/\/www.mexicanguitarplayers.com\/wp-content\/uploads\/2025\/04\/IAEIGND2080.jpg","width":1200,"height":1200},{"@type":"BreadcrumbList","@id":"https:\/\/www.mexicanguitarplayers.com\/tienda\/sin categor\u00eda\/driver-eighteen-2-mod-nd2080\/#breadcrumb","itemListElement":[{"@type":"ListItem","position":1,"name":"Portada","item":"https:\/\/www.mexicanguitarplayers.com\/"},{"@type":"ListItem","position":2,"name":"Tienda","item":"https:\/\/www.mexicanguitarplayers.com\/tienda\/"},{"@type":"ListItem","position":3,"name":"DRIVER EIGHTEEN 2 MOD. ND2080"}]},{"@type":"WebSite","@id":"https:\/\/www.mexicanguitarplayers.com\/#website","url":"https:\/\/www.mexicanguitarplayers.com\/","name":"Mexican Guitar Players","description":"Website","publisher":{"@id":"https:\/\/www.mexicanguitarplayers.com\/#organization"},"potentialAction":[{"@type":"SearchAction","target":{"@type":"EntryPoint","urlTemplate":"https:\/\/www.mexicanguitarplayers.com\/?s={search_term_string}"},"query-input":{"@type":"PropertyValueSpecification","valueRequired":true,"valueName":"search_term_string"}}],"inLanguage":"en-US"},{"@type":"Organization","@id":"https:\/\/www.mexicanguitarplayers.com\/#organization","name":"Mexican Guitar Players","url":"https:\/\/www.mexicanguitarplayers.com\/","logo":{"@type":"ImageObject","inLanguage":"en-US","@id":"https:\/\/www.mexicanguitarplayers.com\/#\/schema\/logo\/image\/","url":"","contentUrl":"","caption":"Mexican Guitar Players"},"image":{"@id":"https:\/\/www.mexicanguitarplayers.com\/#\/schema\/logo\/image\/"}}]}},"brands":[{"id":533,"name":"EIGHTEEN SOUND","slug":"eighteen-sound"}],"_links":{"self":[{"href":"https:\/\/www.mexicanguitarplayers.com\/en\/wp-json\/wp\/v2\/product\/38768","targetHints":{"allow":["GET"]}}],"collection":[{"href":"https:\/\/www.mexicanguitarplayers.com\/en\/wp-json\/wp\/v2\/product"}],"about":[{"href":"https:\/\/www.mexicanguitarplayers.com\/en\/wp-json\/wp\/v2\/types\/product"}],"replies":[{"embeddable":true,"href":"https:\/\/www.mexicanguitarplayers.com\/en\/wp-json\/wp\/v2\/comments?post=38768"}],"wp:featuredmedia":[{"embeddable":true,"href":"https:\/\/www.mexicanguitarplayers.com\/en\/wp-json\/wp\/v2\/media\/38764"}],"wp:attachment":[{"href":"https:\/\/www.mexicanguitarplayers.com\/en\/wp-json\/wp\/v2\/media?parent=38768"}],"wp:term":[{"taxonomy":"pwb-brand","embeddable":true,"href":"https:\/\/www.mexicanguitarplayers.com\/en\/wp-json\/wp\/v2\/pwb-brand?post=38768"},{"taxonomy":"product_brand","embeddable":true,"href":"https:\/\/www.mexicanguitarplayers.com\/en\/wp-json\/wp\/v2\/product_brand?post=38768"},{"taxonomy":"product_cat","embeddable":true,"href":"https:\/\/www.mexicanguitarplayers.com\/en\/wp-json\/wp\/v2\/product_cat?post=38768"},{"taxonomy":"product_tag","embeddable":true,"href":"https:\/\/www.mexicanguitarplayers.com\/en\/wp-json\/wp\/v2\/product_tag?post=38768"}],"curies":[{"name":"wp","href":"https:\/\/api.w.org\/{rel}","templated":true}]}}