{"id":38776,"date":"2025-04-09T06:18:28","date_gmt":"2025-04-09T12:18:28","guid":{"rendered":"https:\/\/www.mexicanguitarplayers.com\/tienda\/sin categor\u00eda\/estuche-skb-p-mezcladora-1rmm32-dhw\/"},"modified":"2026-05-01T07:18:34","modified_gmt":"2026-05-01T13:18:34","slug":"estuche-skb-p-mezcladora-1rmm32-dhw","status":"publish","type":"product","link":"https:\/\/www.mexicanguitarplayers.com\/en\/tienda\/accesorios\/estuches-y-fundas\/para-mixers\/estuche-skb-p-mezcladora-1rmm32-dhw\/","title":{"rendered":"ESTUCHE SKB P\/MEZCLADORA 1RMM32-DHW"},"content":{"rendered":"<div style=\"text-align: justify\">\n<div>\n<h3>Protege tu M32 de MIDAS.<\/h3>\n<\/div>\n<div>Estuche con interior personalizado que se adapta a la mezcladora Midas M32 de 32 canales. Este estuche roto moldeado controla la humedad y cuenta con menor peso que los estuches de vuelo anteriores. El exterior es roto moldeado de doble pared de polietileno lineal de media densidad para una m\u00e1xima resistencia y rigidez con 4 ruedas (2 de bloqueo), 6 manijas de resorte y 8 cerrojos de servicio pesado. El interior cuenta con bloques de espuma interior y bisagras roto moldeadas para un mejor maneo de todos los conectores traseros. El peso total es m\u00e1s ligero que los estuches equivalentes para mezcladora, adem\u00e1s de proporcionar la m\u00e1xima seguridad.<\/div>\n<div>\n<h4>Quick look<\/h4>\n<\/div>\n<ul style=\"margin: 0px 0px 0px 25px\">\n<li style=\"list-style-type: circle;margin: 5px\">Longitud exterior.<\/li>\n<li style=\"list-style-type: circle;margin: 5px\">Ancho exterior.<\/li>\n<li style=\"list-style-type: circle;margin: 5px\">Profundidad exterior.<\/li>\n<li style=\"list-style-type: circle;margin: 5px\">Weight.<\/li>\n<\/ul>\n<div>\n<div style=\"font-weight: bold\">Longitud exterior.<\/div>\n<div>\n<p>112.40 cm.<\/p>\n<\/div>\n<div style=\"font-weight: bold\">Ancho exterior.<\/div>\n<div>\n<p>90.81 cm.<\/p>\n<\/div>\n<div style=\"font-weight: bold\">Profundidad exterior.<\/div>\n<div>\n<p>37.47 cm.<\/p>\n<\/div>\n<div style=\"font-weight: bold\">Weight.<\/div>\n<div>\n<p>40.82 kg.<\/p>\n<\/div>\n<\/div>\n<div>\n<h4>Characteristics<\/h4>\n<\/div>\n<div>\n<ul style=\"margin: 0px 0px 0px 25px\">\n<li style=\"list-style-type: circle;margin: 5px\">Roto moldeado de polietileno lineal de densidad media (LMDP).<\/li>\n<li style=\"list-style-type: circle;margin: 5px\">Doble pared para una m\u00e1xima resistencia.<\/li>\n<li style=\"list-style-type: circle;margin: 5px\">Ampliaci\u00f3n de la junta de goma en la tapa para el control de la humedad.<\/li>\n<li style=\"list-style-type: circle;margin: 5px\">4 ruedas (2 de bloqueo).<\/li>\n<li style=\"list-style-type: circle;margin: 5px\">6 mangos de resorte.<\/li>\n<li style=\"list-style-type: circle;margin: 5px\">8 cerrojos de acero de alta resistencia.<\/li>\n<li style=\"list-style-type: circle;margin: 5px\">Espuma interior.<\/li>\n<li style=\"list-style-type: circle;margin: 5px\">Bisagras para cable y gesti\u00f3n de conectores.<\/li>\n<\/ul>\n<\/div>\n<\/div>","protected":false},"excerpt":{"rendered":"<p>Estuche para mezcladora, se adapta a la M32 de Midas, roto moldeado de polietileno lineal de densidad media (LMDP), control de humedad, 4 ruedas (2 de bloqueo), 6 mangos de resorte, 8 cerrojos de acero de alta resistencia, espuma interior, bisagras para cable y gesti\u00f3n de conectores, longitud exterior: 112.40 cm, ancho exterior; 90.81 cm, profundidad exterior: 37.47 cm, peso: 40.82 kg.&hellip; <a class=\"kt-excerpt-readmore more-link\" href=\"https:\/\/www.mexicanguitarplayers.com\/en\/tienda\/accesorios\/estuches-y-fundas\/para-mixers\/estuche-skb-p-mezcladora-1rmm32-dhw\/\">Read more<\/a><\/p>","protected":false},"featured_media":38771,"comment_status":"open","ping_status":"closed","template":"","meta":{"kt_blocks_editor_width":""},"pwb-brand":[609],"product_brand":[],"product_cat":[85,517,652],"product_tag":[],"class_list":{"0":"post-38776","1":"product","2":"type-product","3":"status-publish","4":"has-post-thumbnail","6":"pwb-brand-skb","7":"product_cat-accesorios","8":"product_cat-estuches-y-fundas","9":"product_cat-para-mixers","11":"first","12":"instock","13":"taxable","14":"shipping-taxable","15":"purchasable","16":"product-type-simple"},"yoast_head":"<!-- This site is optimized with the Yoast SEO plugin v27.5 - https:\/\/yoast.com\/product\/yoast-seo-wordpress\/ -->\n<title>ESTUCHE SKB P\/MEZCLADORA 1RMM32-DHW - Mexican Guitar Players<\/title>\n<meta name=\"description\" content=\"Estuche para mezcladora, se adapta a la M32 de Midas, roto moldeado de polietileno lineal de densidad media (LMDP), control de humedad, 4 ruedas (2 de bloqueo), 6 mangos de resorte, 8 cerrojos de acero de alta resistencia, espuma interior, bisagras para cable y gesti\u00f3n de conectores, longitud exterior: 112.40 cm, ancho exterior; 90.81 cm, profundidad exterior: 37.47 cm, peso: 40.82 kg.\" \/>\n<meta name=\"robots\" content=\"index, follow, max-snippet:-1, max-image-preview:large, max-video-preview:-1\" \/>\n<link rel=\"canonical\" href=\"https:\/\/www.mexicanguitarplayers.com\/en\/tienda\/sin%20categor\u00eda\/estuche-skb-p-mezcladora-1rmm32-dhw\/\" \/>\n<meta property=\"og:locale\" content=\"en_US\" \/>\n<meta property=\"og:type\" content=\"article\" \/>\n<meta property=\"og:title\" content=\"ESTUCHE SKB P\/MEZCLADORA 1RMM32-DHW - Mexican Guitar Players\" \/>\n<meta property=\"og:description\" content=\"Estuche para mezcladora, se adapta a la M32 de Midas, roto moldeado de polietileno lineal de densidad media (LMDP), control de humedad, 4 ruedas (2 de bloqueo), 6 mangos de resorte, 8 cerrojos de acero de alta resistencia, espuma interior, bisagras para cable y gesti\u00f3n de conectores, longitud exterior: 112.40 cm, ancho exterior; 90.81 cm, profundidad exterior: 37.47 cm, peso: 40.82 kg.\" \/>\n<meta property=\"og:url\" content=\"https:\/\/www.mexicanguitarplayers.com\/en\/tienda\/sin categor\u00eda\/estuche-skb-p-mezcladora-1rmm32-dhw\/\" \/>\n<meta property=\"og:site_name\" content=\"Mexican Guitar Players\" \/>\n<meta property=\"article:modified_time\" content=\"2026-05-01T13:18:34+00:00\" \/>\n<meta name=\"twitter:card\" content=\"summary_large_image\" \/>\n<meta name=\"twitter:label1\" content=\"Est. reading time\" \/>\n\t<meta name=\"twitter:data1\" content=\"1 minute\" \/>\n<script type=\"application\/ld+json\" class=\"yoast-schema-graph\">{\"@context\":\"https:\\\/\\\/schema.org\",\"@graph\":[{\"@type\":[\"WebPage\",\"ItemPage\"],\"@id\":\"https:\\\/\\\/www.mexicanguitarplayers.com\\\/tienda\\\/sin categor\u00eda\\\/estuche-skb-p-mezcladora-1rmm32-dhw\\\/\",\"url\":\"https:\\\/\\\/www.mexicanguitarplayers.com\\\/tienda\\\/sin categor\u00eda\\\/estuche-skb-p-mezcladora-1rmm32-dhw\\\/\",\"name\":\"ESTUCHE SKB P\\\/MEZCLADORA 1RMM32-DHW - Mexican Guitar Players\",\"isPartOf\":{\"@id\":\"https:\\\/\\\/www.mexicanguitarplayers.com\\\/#website\"},\"primaryImageOfPage\":{\"@id\":\"https:\\\/\\\/www.mexicanguitarplayers.com\\\/tienda\\\/sin categor\u00eda\\\/estuche-skb-p-mezcladora-1rmm32-dhw\\\/#primaryimage\"},\"image\":{\"@id\":\"https:\\\/\\\/www.mexicanguitarplayers.com\\\/tienda\\\/sin categor\u00eda\\\/estuche-skb-p-mezcladora-1rmm32-dhw\\\/#primaryimage\"},\"thumbnailUrl\":\"https:\\\/\\\/www.mexicanguitarplayers.com\\\/wp-content\\\/uploads\\\/2025\\\/04\\\/VASKB1RMM32DHW.jpg\",\"datePublished\":\"2025-04-09T12:18:28+00:00\",\"dateModified\":\"2026-05-01T13:18:34+00:00\",\"description\":\"Estuche para mezcladora, se adapta a la M32 de Midas, roto moldeado de polietileno lineal de densidad media (LMDP), control de humedad, 4 ruedas (2 de bloqueo), 6 mangos de resorte, 8 cerrojos de acero de alta resistencia, espuma interior, bisagras para cable y gesti\u00f3n de conectores, longitud exterior: 112.40 cm, ancho exterior; 90.81 cm, profundidad exterior: 37.47 cm, peso: 40.82 kg.\",\"breadcrumb\":{\"@id\":\"https:\\\/\\\/www.mexicanguitarplayers.com\\\/tienda\\\/sin categor\u00eda\\\/estuche-skb-p-mezcladora-1rmm32-dhw\\\/#breadcrumb\"},\"inLanguage\":\"en-US\",\"potentialAction\":[{\"@type\":\"ReadAction\",\"target\":[\"https:\\\/\\\/www.mexicanguitarplayers.com\\\/tienda\\\/sin categor\u00eda\\\/estuche-skb-p-mezcladora-1rmm32-dhw\\\/\"]}]},{\"@type\":\"ImageObject\",\"inLanguage\":\"en-US\",\"@id\":\"https:\\\/\\\/www.mexicanguitarplayers.com\\\/tienda\\\/sin categor\u00eda\\\/estuche-skb-p-mezcladora-1rmm32-dhw\\\/#primaryimage\",\"url\":\"https:\\\/\\\/www.mexicanguitarplayers.com\\\/wp-content\\\/uploads\\\/2025\\\/04\\\/VASKB1RMM32DHW.jpg\",\"contentUrl\":\"https:\\\/\\\/www.mexicanguitarplayers.com\\\/wp-content\\\/uploads\\\/2025\\\/04\\\/VASKB1RMM32DHW.jpg\",\"width\":1200,\"height\":1200},{\"@type\":\"BreadcrumbList\",\"@id\":\"https:\\\/\\\/www.mexicanguitarplayers.com\\\/tienda\\\/sin categor\u00eda\\\/estuche-skb-p-mezcladora-1rmm32-dhw\\\/#breadcrumb\",\"itemListElement\":[{\"@type\":\"ListItem\",\"position\":1,\"name\":\"Portada\",\"item\":\"https:\\\/\\\/www.mexicanguitarplayers.com\\\/\"},{\"@type\":\"ListItem\",\"position\":2,\"name\":\"Tienda\",\"item\":\"https:\\\/\\\/www.mexicanguitarplayers.com\\\/tienda\\\/\"},{\"@type\":\"ListItem\",\"position\":3,\"name\":\"ESTUCHE SKB P\\\/MEZCLADORA 1RMM32-DHW\"}]},{\"@type\":\"WebSite\",\"@id\":\"https:\\\/\\\/www.mexicanguitarplayers.com\\\/#website\",\"url\":\"https:\\\/\\\/www.mexicanguitarplayers.com\\\/\",\"name\":\"Mexican Guitar Players\",\"description\":\"Website\",\"publisher\":{\"@id\":\"https:\\\/\\\/www.mexicanguitarplayers.com\\\/#organization\"},\"potentialAction\":[{\"@type\":\"SearchAction\",\"target\":{\"@type\":\"EntryPoint\",\"urlTemplate\":\"https:\\\/\\\/www.mexicanguitarplayers.com\\\/?s={search_term_string}\"},\"query-input\":{\"@type\":\"PropertyValueSpecification\",\"valueRequired\":true,\"valueName\":\"search_term_string\"}}],\"inLanguage\":\"en-US\"},{\"@type\":\"Organization\",\"@id\":\"https:\\\/\\\/www.mexicanguitarplayers.com\\\/#organization\",\"name\":\"Mexican Guitar Players\",\"url\":\"https:\\\/\\\/www.mexicanguitarplayers.com\\\/\",\"logo\":{\"@type\":\"ImageObject\",\"inLanguage\":\"en-US\",\"@id\":\"https:\\\/\\\/www.mexicanguitarplayers.com\\\/#\\\/schema\\\/logo\\\/image\\\/\",\"url\":\"\",\"contentUrl\":\"\",\"caption\":\"Mexican Guitar Players\"},\"image\":{\"@id\":\"https:\\\/\\\/www.mexicanguitarplayers.com\\\/#\\\/schema\\\/logo\\\/image\\\/\"}}]}<\/script>\n<!-- \/ Yoast SEO plugin. -->","yoast_head_json":{"title":"ESTUCHE SKB P\/MEZCLADORA 1RMM32-DHW - Mexican Guitar Players","description":"Estuche para mezcladora, se adapta a la M32 de Midas, roto moldeado de polietileno lineal de densidad media (LMDP), control de humedad, 4 ruedas (2 de bloqueo), 6 mangos de resorte, 8 cerrojos de acero de alta resistencia, espuma interior, bisagras para cable y gesti\u00f3n de conectores, longitud exterior: 112.40 cm, ancho exterior; 90.81 cm, profundidad exterior: 37.47 cm, peso: 40.82 kg.","robots":{"index":"index","follow":"follow","max-snippet":"max-snippet:-1","max-image-preview":"max-image-preview:large","max-video-preview":"max-video-preview:-1"},"canonical":"https:\/\/www.mexicanguitarplayers.com\/en\/tienda\/sin categor\u00eda\/estuche-skb-p-mezcladora-1rmm32-dhw\/","og_locale":"en_US","og_type":"article","og_title":"ESTUCHE SKB P\/MEZCLADORA 1RMM32-DHW - Mexican Guitar Players","og_description":"Estuche para mezcladora, se adapta a la M32 de Midas, roto moldeado de polietileno lineal de densidad media (LMDP), control de humedad, 4 ruedas (2 de bloqueo), 6 mangos de resorte, 8 cerrojos de acero de alta resistencia, espuma interior, bisagras para cable y gesti\u00f3n de conectores, longitud exterior: 112.40 cm, ancho exterior; 90.81 cm, profundidad exterior: 37.47 cm, peso: 40.82 kg.","og_url":"https:\/\/www.mexicanguitarplayers.com\/en\/tienda\/sin categor\u00eda\/estuche-skb-p-mezcladora-1rmm32-dhw\/","og_site_name":"Mexican Guitar Players","article_modified_time":"2026-05-01T13:18:34+00:00","twitter_card":"summary_large_image","twitter_misc":{"Est. reading time":"1 minute"},"schema":{"@context":"https:\/\/schema.org","@graph":[{"@type":["WebPage","ItemPage"],"@id":"https:\/\/www.mexicanguitarplayers.com\/tienda\/sin categor\u00eda\/estuche-skb-p-mezcladora-1rmm32-dhw\/","url":"https:\/\/www.mexicanguitarplayers.com\/tienda\/sin categor\u00eda\/estuche-skb-p-mezcladora-1rmm32-dhw\/","name":"ESTUCHE SKB P\/MEZCLADORA 1RMM32-DHW - Mexican Guitar Players","isPartOf":{"@id":"https:\/\/www.mexicanguitarplayers.com\/#website"},"primaryImageOfPage":{"@id":"https:\/\/www.mexicanguitarplayers.com\/tienda\/sin categor\u00eda\/estuche-skb-p-mezcladora-1rmm32-dhw\/#primaryimage"},"image":{"@id":"https:\/\/www.mexicanguitarplayers.com\/tienda\/sin categor\u00eda\/estuche-skb-p-mezcladora-1rmm32-dhw\/#primaryimage"},"thumbnailUrl":"https:\/\/www.mexicanguitarplayers.com\/wp-content\/uploads\/2025\/04\/VASKB1RMM32DHW.jpg","datePublished":"2025-04-09T12:18:28+00:00","dateModified":"2026-05-01T13:18:34+00:00","description":"Estuche para mezcladora, se adapta a la M32 de Midas, roto moldeado de polietileno lineal de densidad media (LMDP), control de humedad, 4 ruedas (2 de bloqueo), 6 mangos de resorte, 8 cerrojos de acero de alta resistencia, espuma interior, bisagras para cable y gesti\u00f3n de conectores, longitud exterior: 112.40 cm, ancho exterior; 90.81 cm, profundidad exterior: 37.47 cm, peso: 40.82 kg.","breadcrumb":{"@id":"https:\/\/www.mexicanguitarplayers.com\/tienda\/sin categor\u00eda\/estuche-skb-p-mezcladora-1rmm32-dhw\/#breadcrumb"},"inLanguage":"en-US","potentialAction":[{"@type":"ReadAction","target":["https:\/\/www.mexicanguitarplayers.com\/tienda\/sin categor\u00eda\/estuche-skb-p-mezcladora-1rmm32-dhw\/"]}]},{"@type":"ImageObject","inLanguage":"en-US","@id":"https:\/\/www.mexicanguitarplayers.com\/tienda\/sin categor\u00eda\/estuche-skb-p-mezcladora-1rmm32-dhw\/#primaryimage","url":"https:\/\/www.mexicanguitarplayers.com\/wp-content\/uploads\/2025\/04\/VASKB1RMM32DHW.jpg","contentUrl":"https:\/\/www.mexicanguitarplayers.com\/wp-content\/uploads\/2025\/04\/VASKB1RMM32DHW.jpg","width":1200,"height":1200},{"@type":"BreadcrumbList","@id":"https:\/\/www.mexicanguitarplayers.com\/tienda\/sin categor\u00eda\/estuche-skb-p-mezcladora-1rmm32-dhw\/#breadcrumb","itemListElement":[{"@type":"ListItem","position":1,"name":"Portada","item":"https:\/\/www.mexicanguitarplayers.com\/"},{"@type":"ListItem","position":2,"name":"Tienda","item":"https:\/\/www.mexicanguitarplayers.com\/tienda\/"},{"@type":"ListItem","position":3,"name":"ESTUCHE SKB P\/MEZCLADORA 1RMM32-DHW"}]},{"@type":"WebSite","@id":"https:\/\/www.mexicanguitarplayers.com\/#website","url":"https:\/\/www.mexicanguitarplayers.com\/","name":"Mexican Guitar Players","description":"Website","publisher":{"@id":"https:\/\/www.mexicanguitarplayers.com\/#organization"},"potentialAction":[{"@type":"SearchAction","target":{"@type":"EntryPoint","urlTemplate":"https:\/\/www.mexicanguitarplayers.com\/?s={search_term_string}"},"query-input":{"@type":"PropertyValueSpecification","valueRequired":true,"valueName":"search_term_string"}}],"inLanguage":"en-US"},{"@type":"Organization","@id":"https:\/\/www.mexicanguitarplayers.com\/#organization","name":"Mexican Guitar Players","url":"https:\/\/www.mexicanguitarplayers.com\/","logo":{"@type":"ImageObject","inLanguage":"en-US","@id":"https:\/\/www.mexicanguitarplayers.com\/#\/schema\/logo\/image\/","url":"","contentUrl":"","caption":"Mexican Guitar Players"},"image":{"@id":"https:\/\/www.mexicanguitarplayers.com\/#\/schema\/logo\/image\/"}}]}},"brands":[{"id":609,"name":"SKB","slug":"skb"}],"_links":{"self":[{"href":"https:\/\/www.mexicanguitarplayers.com\/en\/wp-json\/wp\/v2\/product\/38776","targetHints":{"allow":["GET"]}}],"collection":[{"href":"https:\/\/www.mexicanguitarplayers.com\/en\/wp-json\/wp\/v2\/product"}],"about":[{"href":"https:\/\/www.mexicanguitarplayers.com\/en\/wp-json\/wp\/v2\/types\/product"}],"replies":[{"embeddable":true,"href":"https:\/\/www.mexicanguitarplayers.com\/en\/wp-json\/wp\/v2\/comments?post=38776"}],"wp:featuredmedia":[{"embeddable":true,"href":"https:\/\/www.mexicanguitarplayers.com\/en\/wp-json\/wp\/v2\/media\/38771"}],"wp:attachment":[{"href":"https:\/\/www.mexicanguitarplayers.com\/en\/wp-json\/wp\/v2\/media?parent=38776"}],"wp:term":[{"taxonomy":"pwb-brand","embeddable":true,"href":"https:\/\/www.mexicanguitarplayers.com\/en\/wp-json\/wp\/v2\/pwb-brand?post=38776"},{"taxonomy":"product_brand","embeddable":true,"href":"https:\/\/www.mexicanguitarplayers.com\/en\/wp-json\/wp\/v2\/product_brand?post=38776"},{"taxonomy":"product_cat","embeddable":true,"href":"https:\/\/www.mexicanguitarplayers.com\/en\/wp-json\/wp\/v2\/product_cat?post=38776"},{"taxonomy":"product_tag","embeddable":true,"href":"https:\/\/www.mexicanguitarplayers.com\/en\/wp-json\/wp\/v2\/product_tag?post=38776"}],"curies":[{"name":"wp","href":"https:\/\/api.w.org\/{rel}","templated":true}]}}