{"id":38947,"date":"2025-04-09T06:23:51","date_gmt":"2025-04-09T12:23:51","guid":{"rendered":"https:\/\/www.mexicanguitarplayers.com\/tienda\/sin categor\u00eda\/kit-music-nomad-5-pz-p-trombon-mod-mn771\/"},"modified":"2026-04-10T04:22:06","modified_gmt":"2026-04-10T10:22:06","slug":"kit-music-nomad-5-pz-p-trombon-mod-mn771","status":"publish","type":"product","link":"https:\/\/www.mexicanguitarplayers.com\/en\/tienda\/accesorios\/estuches-y-fundas\/para-alientos-estuches-y-fundas\/kit-music-nomad-5-pz-p-trombon-mod-mn771\/","title":{"rendered":"KIT MUSIC NOMAD 5 PZ P\/TROMBON MOD. MN771"},"content":{"rendered":"<div style=\"text-align: justify\">\n<div>\n<h3>Todo lo que necesitas para limpiar y cuidar todo tu tromb\u00f3n.<\/h3>\n<\/div>\n<div>Este kit MusicNomad de 5 piezas ha establecido un nuevo est\u00e1ndar m\u00e1s alto para lo que debes de esperar cuando compras un kit de limpieza y cuidado para tu tromb\u00f3n. Cada producto est\u00e1 tan bien pensado que apreciar\u00e1s cada caracter\u00edstica y beneficio que te brindar\u00e1 a ti y a tu tromb\u00f3n, comienza con nuestros innovadores dise\u00f1os en herramientas de limpieza (cepillo para boquilla y copa 2 en 1, cepillo tipo serpiente premium sin vinilo y un pa\u00f1o de microfibra sin bordes). No se pas\u00f3 por alto ning\u00fan detalle, desde las especificaciones del material de alta calidad hasta los mangos ergon\u00f3micos. Nuestras f\u00f3rmulas T-Slide Trombon Lubricant &amp; Tuning Slide Grease hechas en USA est\u00e1n cient\u00edficamente dise\u00f1adas para un rendimiento duradero para principiantes, profesionales o t\u00e9cnicos de reparaci\u00f3n. Incluimos f\u00e1ciles instrucciones paso a paso que cualquiera puede seguir para que tu tromb\u00f3n pueda ser tocado y pueda sonar de la mejor manera. Incluso viene con una pr\u00e1ctica bolsa de almacenamiento con cierre, hecha con material PET\/PE reciclable. Esa es la calidad de MusicNomad: Elevar el nivel en el cuidado del equipo.<\/div>\n<div>\n<h4>Quick look<\/h4>\n<\/div>\n<ul style=\"margin: 0px 0px 0px 25px\">\n<li style=\"list-style-type: circle;margin: 5px\">Accessories included.<\/li>\n<\/ul>\n<div>\n<div style=\"font-weight: bold\">Accessories included.<\/div>\n<div>\n<p>Cepillo para boquilla y copa 2 en 1 con fibras de primera calidad y mango ergon\u00f3mico. Cepillo tipo serpiente de 44&#8243; pulgadas (112 cm) con fibras de primera calidad. Gamuza de microfibra grande de 12&#8243; x 12&#8243; pulgadas. Lubricante T-Slide de primera calidad. Grasa sint\u00e9tica premium Tuning Slide Grease. Bolsa de almacenamiento con cierre que est\u00e1 hecha con material PET\/PE reciclable.<\/p>\n<\/div>\n<\/div>\n<div>\n<h4>Characteristics<\/h4>\n<\/div>\n<div>\n<ul style=\"margin: 0px 0px 0px 25px\">\n<li style=\"list-style-type: circle;margin: 5px\">Kit para limpieza de tromb\u00f3n.<\/li>\n<li style=\"list-style-type: circle;margin: 5px\">Dise\u00f1os exclusivos de herramientas de limpieza.<\/li>\n<\/ul>\n<\/div>\n<\/div>","protected":false},"excerpt":{"rendered":"<p>Kit para limpieza de 5 piezas para tromb\u00f3n, dise\u00f1os exclusivos de herramientas de limpieza, dise\u00f1ado por nuestro equipo en Sonoma, CA, cuenta con un cepillo para boquilla y copa 2 en 1 con fibras de primera calidad y mango ergon\u00f3mico, un cepillo tipo serpiente de 44\u201d pulgadas (112 cm) con fibras de primera calidad y un innovador forro protector impermeable sin vinilo que se desenrolla recto, gamuza de microfibra grande de 12\u201d x 12\u201d pulgadas con 90,000 fibras por pulgada cuadrada, lubricante T-Slide de primera calidad (2 onzas) fabricado en USA con una f\u00f3rmula de fuerza profesional, dise\u00f1ado cient\u00edficamente para proporcionar un deslizamiento s\u00faper suave y duradero sin ninguna acumulaci\u00f3n y tambi\u00e9n incluye una grasa sint\u00e9tica premium Tuning Slide Grease de 5 onzas que tiene la viscosidad ideal y es duradera para ayudar a lubricar tu slide, ambas f\u00f3rmulas son inodoras, incluimos instrucciones impresas paso a paso que cualquiera puede seguir para que la limpieza y el cuidado con este kit sean muy sencillos, viene con una pr\u00e1ctica bolsa de almacenamiento con cierre que est\u00e1 hecha con material PET\/PE reciclable.&hellip; <a class=\"kt-excerpt-readmore more-link\" href=\"https:\/\/www.mexicanguitarplayers.com\/en\/tienda\/accesorios\/estuches-y-fundas\/para-alientos-estuches-y-fundas\/kit-music-nomad-5-pz-p-trombon-mod-mn771\/\">Read more<\/a><\/p>","protected":false},"featured_media":38943,"comment_status":"open","ping_status":"closed","template":"","meta":{"kt_blocks_editor_width":""},"pwb-brand":[622],"product_brand":[],"product_cat":[85,421,607],"product_tag":[],"class_list":{"0":"post-38947","1":"product","2":"type-product","3":"status-publish","4":"has-post-thumbnail","6":"pwb-brand-music-nomad","7":"product_cat-accesorios","8":"product_cat-cuidado-y-proteccion","9":"product_cat-para-alientos-estuches-y-fundas","10":"product_shipping_class-0-5-kg","12":"first","13":"outofstock","14":"taxable","15":"shipping-taxable","16":"purchasable","17":"product-type-simple"},"yoast_head":"<!-- This site is optimized with the Yoast SEO plugin v27.5 - https:\/\/yoast.com\/product\/yoast-seo-wordpress\/ -->\n<title>KIT MUSIC NOMAD 5 PZ P\/TROMBON MOD. MN771 - Mexican Guitar Players<\/title>\n<meta name=\"description\" content=\"Kit para limpieza de 5 piezas para tromb\u00f3n, dise\u00f1os exclusivos de herramientas de limpieza, dise\u00f1ado por nuestro equipo en Sonoma, CA, cuenta con un cepillo para boquilla y copa 2 en 1 con fibras de primera calidad y mango ergon\u00f3mico, un cepillo tipo serpiente de 44\u201d pulgadas (112 cm) con fibras de primera calidad y un innovador forro protector impermeable sin vinilo que se desenrolla recto, gamuza de microfibra grande de 12\u201d x 12\u201d pulgadas con 90,000 fibras por pulgada cuadrada, lubricante T-Slide de primera calidad (2 onzas) fabricado en USA con una f\u00f3rmula de fuerza profesional, dise\u00f1ado cient\u00edficamente para proporcionar un deslizamiento s\u00faper suave y duradero sin ninguna acumulaci\u00f3n y tambi\u00e9n incluye una grasa sint\u00e9tica premium Tuning Slide Grease de 5 onzas que tiene la viscosidad ideal y es duradera para ayudar a lubricar tu slide, ambas f\u00f3rmulas son inodoras, incluimos instrucciones impresas paso a paso que cualquiera puede seguir para que la limpieza y el cuidado con este kit sean muy sencillos, viene con una pr\u00e1ctica bolsa de almacenamiento con cierre que est\u00e1 hecha con material PET\/PE reciclable.\" \/>\n<meta name=\"robots\" content=\"index, follow, max-snippet:-1, max-image-preview:large, max-video-preview:-1\" \/>\n<link rel=\"canonical\" href=\"https:\/\/www.mexicanguitarplayers.com\/en\/tienda\/sin%20categor\u00eda\/kit-music-nomad-5-pz-p-trombon-mod-mn771\/\" \/>\n<meta property=\"og:locale\" content=\"en_US\" \/>\n<meta property=\"og:type\" content=\"article\" \/>\n<meta property=\"og:title\" content=\"KIT MUSIC NOMAD 5 PZ P\/TROMBON MOD. MN771 - Mexican Guitar Players\" \/>\n<meta property=\"og:description\" content=\"Kit para limpieza de 5 piezas para tromb\u00f3n, dise\u00f1os exclusivos de herramientas de limpieza, dise\u00f1ado por nuestro equipo en Sonoma, CA, cuenta con un cepillo para boquilla y copa 2 en 1 con fibras de primera calidad y mango ergon\u00f3mico, un cepillo tipo serpiente de 44\u201d pulgadas (112 cm) con fibras de primera calidad y un innovador forro protector impermeable sin vinilo que se desenrolla recto, gamuza de microfibra grande de 12\u201d x 12\u201d pulgadas con 90,000 fibras por pulgada cuadrada, lubricante T-Slide de primera calidad (2 onzas) fabricado en USA con una f\u00f3rmula de fuerza profesional, dise\u00f1ado cient\u00edficamente para proporcionar un deslizamiento s\u00faper suave y duradero sin ninguna acumulaci\u00f3n y tambi\u00e9n incluye una grasa sint\u00e9tica premium Tuning Slide Grease de 5 onzas que tiene la viscosidad ideal y es duradera para ayudar a lubricar tu slide, ambas f\u00f3rmulas son inodoras, incluimos instrucciones impresas paso a paso que cualquiera puede seguir para que la limpieza y el cuidado con este kit sean muy sencillos, viene con una pr\u00e1ctica bolsa de almacenamiento con cierre que est\u00e1 hecha con material PET\/PE reciclable.\" \/>\n<meta property=\"og:url\" content=\"https:\/\/www.mexicanguitarplayers.com\/en\/tienda\/sin categor\u00eda\/kit-music-nomad-5-pz-p-trombon-mod-mn771\/\" \/>\n<meta property=\"og:site_name\" content=\"Mexican Guitar Players\" \/>\n<meta property=\"article:modified_time\" content=\"2026-04-10T10:22:06+00:00\" \/>\n<meta name=\"twitter:card\" content=\"summary_large_image\" \/>\n<meta name=\"twitter:label1\" content=\"Est. reading time\" \/>\n\t<meta name=\"twitter:data1\" content=\"1 minute\" \/>\n<script type=\"application\/ld+json\" class=\"yoast-schema-graph\">{\"@context\":\"https:\\\/\\\/schema.org\",\"@graph\":[{\"@type\":[\"WebPage\",\"ItemPage\"],\"@id\":\"https:\\\/\\\/www.mexicanguitarplayers.com\\\/tienda\\\/sin categor\u00eda\\\/kit-music-nomad-5-pz-p-trombon-mod-mn771\\\/\",\"url\":\"https:\\\/\\\/www.mexicanguitarplayers.com\\\/tienda\\\/sin categor\u00eda\\\/kit-music-nomad-5-pz-p-trombon-mod-mn771\\\/\",\"name\":\"KIT MUSIC NOMAD 5 PZ P\\\/TROMBON MOD. MN771 - Mexican Guitar Players\",\"isPartOf\":{\"@id\":\"https:\\\/\\\/www.mexicanguitarplayers.com\\\/#website\"},\"primaryImageOfPage\":{\"@id\":\"https:\\\/\\\/www.mexicanguitarplayers.com\\\/tienda\\\/sin categor\u00eda\\\/kit-music-nomad-5-pz-p-trombon-mod-mn771\\\/#primaryimage\"},\"image\":{\"@id\":\"https:\\\/\\\/www.mexicanguitarplayers.com\\\/tienda\\\/sin categor\u00eda\\\/kit-music-nomad-5-pz-p-trombon-mod-mn771\\\/#primaryimage\"},\"thumbnailUrl\":\"https:\\\/\\\/www.mexicanguitarplayers.com\\\/wp-content\\\/uploads\\\/2025\\\/04\\\/RAMNDMN771.jpg\",\"datePublished\":\"2025-04-09T12:23:51+00:00\",\"dateModified\":\"2026-04-10T10:22:06+00:00\",\"description\":\"Kit para limpieza de 5 piezas para tromb\u00f3n, dise\u00f1os exclusivos de herramientas de limpieza, dise\u00f1ado por nuestro equipo en Sonoma, CA, cuenta con un cepillo para boquilla y copa 2 en 1 con fibras de primera calidad y mango ergon\u00f3mico, un cepillo tipo serpiente de 44\u201d pulgadas (112 cm) con fibras de primera calidad y un innovador forro protector impermeable sin vinilo que se desenrolla recto, gamuza de microfibra grande de 12\u201d x 12\u201d pulgadas con 90,000 fibras por pulgada cuadrada, lubricante T-Slide de primera calidad (2 onzas) fabricado en USA con una f\u00f3rmula de fuerza profesional, dise\u00f1ado cient\u00edficamente para proporcionar un deslizamiento s\u00faper suave y duradero sin ninguna acumulaci\u00f3n y tambi\u00e9n incluye una grasa sint\u00e9tica premium Tuning Slide Grease de 5 onzas que tiene la viscosidad ideal y es duradera para ayudar a lubricar tu slide, ambas f\u00f3rmulas son inodoras, incluimos instrucciones impresas paso a paso que cualquiera puede seguir para que la limpieza y el cuidado con este kit sean muy sencillos, viene con una pr\u00e1ctica bolsa de almacenamiento con cierre que est\u00e1 hecha con material PET\\\/PE reciclable.\",\"breadcrumb\":{\"@id\":\"https:\\\/\\\/www.mexicanguitarplayers.com\\\/tienda\\\/sin categor\u00eda\\\/kit-music-nomad-5-pz-p-trombon-mod-mn771\\\/#breadcrumb\"},\"inLanguage\":\"en-US\",\"potentialAction\":[{\"@type\":\"ReadAction\",\"target\":[\"https:\\\/\\\/www.mexicanguitarplayers.com\\\/tienda\\\/sin categor\u00eda\\\/kit-music-nomad-5-pz-p-trombon-mod-mn771\\\/\"]}]},{\"@type\":\"ImageObject\",\"inLanguage\":\"en-US\",\"@id\":\"https:\\\/\\\/www.mexicanguitarplayers.com\\\/tienda\\\/sin categor\u00eda\\\/kit-music-nomad-5-pz-p-trombon-mod-mn771\\\/#primaryimage\",\"url\":\"https:\\\/\\\/www.mexicanguitarplayers.com\\\/wp-content\\\/uploads\\\/2025\\\/04\\\/RAMNDMN771.jpg\",\"contentUrl\":\"https:\\\/\\\/www.mexicanguitarplayers.com\\\/wp-content\\\/uploads\\\/2025\\\/04\\\/RAMNDMN771.jpg\",\"width\":1200,\"height\":1200},{\"@type\":\"BreadcrumbList\",\"@id\":\"https:\\\/\\\/www.mexicanguitarplayers.com\\\/tienda\\\/sin categor\u00eda\\\/kit-music-nomad-5-pz-p-trombon-mod-mn771\\\/#breadcrumb\",\"itemListElement\":[{\"@type\":\"ListItem\",\"position\":1,\"name\":\"Portada\",\"item\":\"https:\\\/\\\/www.mexicanguitarplayers.com\\\/\"},{\"@type\":\"ListItem\",\"position\":2,\"name\":\"Tienda\",\"item\":\"https:\\\/\\\/www.mexicanguitarplayers.com\\\/tienda\\\/\"},{\"@type\":\"ListItem\",\"position\":3,\"name\":\"KIT MUSIC NOMAD 5 PZ P\\\/TROMBON MOD. MN771\"}]},{\"@type\":\"WebSite\",\"@id\":\"https:\\\/\\\/www.mexicanguitarplayers.com\\\/#website\",\"url\":\"https:\\\/\\\/www.mexicanguitarplayers.com\\\/\",\"name\":\"Mexican Guitar Players\",\"description\":\"Website\",\"publisher\":{\"@id\":\"https:\\\/\\\/www.mexicanguitarplayers.com\\\/#organization\"},\"potentialAction\":[{\"@type\":\"SearchAction\",\"target\":{\"@type\":\"EntryPoint\",\"urlTemplate\":\"https:\\\/\\\/www.mexicanguitarplayers.com\\\/?s={search_term_string}\"},\"query-input\":{\"@type\":\"PropertyValueSpecification\",\"valueRequired\":true,\"valueName\":\"search_term_string\"}}],\"inLanguage\":\"en-US\"},{\"@type\":\"Organization\",\"@id\":\"https:\\\/\\\/www.mexicanguitarplayers.com\\\/#organization\",\"name\":\"Mexican Guitar Players\",\"url\":\"https:\\\/\\\/www.mexicanguitarplayers.com\\\/\",\"logo\":{\"@type\":\"ImageObject\",\"inLanguage\":\"en-US\",\"@id\":\"https:\\\/\\\/www.mexicanguitarplayers.com\\\/#\\\/schema\\\/logo\\\/image\\\/\",\"url\":\"\",\"contentUrl\":\"\",\"caption\":\"Mexican Guitar Players\"},\"image\":{\"@id\":\"https:\\\/\\\/www.mexicanguitarplayers.com\\\/#\\\/schema\\\/logo\\\/image\\\/\"}}]}<\/script>\n<!-- \/ Yoast SEO plugin. -->","yoast_head_json":{"title":"KIT MUSIC NOMAD 5 PZ P\/TROMBON MOD. MN771 - Mexican Guitar Players","description":"Kit para limpieza de 5 piezas para tromb\u00f3n, dise\u00f1os exclusivos de herramientas de limpieza, dise\u00f1ado por nuestro equipo en Sonoma, CA, cuenta con un cepillo para boquilla y copa 2 en 1 con fibras de primera calidad y mango ergon\u00f3mico, un cepillo tipo serpiente de 44\u201d pulgadas (112 cm) con fibras de primera calidad y un innovador forro protector impermeable sin vinilo que se desenrolla recto, gamuza de microfibra grande de 12\u201d x 12\u201d pulgadas con 90,000 fibras por pulgada cuadrada, lubricante T-Slide de primera calidad (2 onzas) fabricado en USA con una f\u00f3rmula de fuerza profesional, dise\u00f1ado cient\u00edficamente para proporcionar un deslizamiento s\u00faper suave y duradero sin ninguna acumulaci\u00f3n y tambi\u00e9n incluye una grasa sint\u00e9tica premium Tuning Slide Grease de 5 onzas que tiene la viscosidad ideal y es duradera para ayudar a lubricar tu slide, ambas f\u00f3rmulas son inodoras, incluimos instrucciones impresas paso a paso que cualquiera puede seguir para que la limpieza y el cuidado con este kit sean muy sencillos, viene con una pr\u00e1ctica bolsa de almacenamiento con cierre que est\u00e1 hecha con material PET\/PE reciclable.","robots":{"index":"index","follow":"follow","max-snippet":"max-snippet:-1","max-image-preview":"max-image-preview:large","max-video-preview":"max-video-preview:-1"},"canonical":"https:\/\/www.mexicanguitarplayers.com\/en\/tienda\/sin categor\u00eda\/kit-music-nomad-5-pz-p-trombon-mod-mn771\/","og_locale":"en_US","og_type":"article","og_title":"KIT MUSIC NOMAD 5 PZ P\/TROMBON MOD. MN771 - Mexican Guitar Players","og_description":"Kit para limpieza de 5 piezas para tromb\u00f3n, dise\u00f1os exclusivos de herramientas de limpieza, dise\u00f1ado por nuestro equipo en Sonoma, CA, cuenta con un cepillo para boquilla y copa 2 en 1 con fibras de primera calidad y mango ergon\u00f3mico, un cepillo tipo serpiente de 44\u201d pulgadas (112 cm) con fibras de primera calidad y un innovador forro protector impermeable sin vinilo que se desenrolla recto, gamuza de microfibra grande de 12\u201d x 12\u201d pulgadas con 90,000 fibras por pulgada cuadrada, lubricante T-Slide de primera calidad (2 onzas) fabricado en USA con una f\u00f3rmula de fuerza profesional, dise\u00f1ado cient\u00edficamente para proporcionar un deslizamiento s\u00faper suave y duradero sin ninguna acumulaci\u00f3n y tambi\u00e9n incluye una grasa sint\u00e9tica premium Tuning Slide Grease de 5 onzas que tiene la viscosidad ideal y es duradera para ayudar a lubricar tu slide, ambas f\u00f3rmulas son inodoras, incluimos instrucciones impresas paso a paso que cualquiera puede seguir para que la limpieza y el cuidado con este kit sean muy sencillos, viene con una pr\u00e1ctica bolsa de almacenamiento con cierre que est\u00e1 hecha con material PET\/PE reciclable.","og_url":"https:\/\/www.mexicanguitarplayers.com\/en\/tienda\/sin categor\u00eda\/kit-music-nomad-5-pz-p-trombon-mod-mn771\/","og_site_name":"Mexican Guitar Players","article_modified_time":"2026-04-10T10:22:06+00:00","twitter_card":"summary_large_image","twitter_misc":{"Est. reading time":"1 minute"},"schema":{"@context":"https:\/\/schema.org","@graph":[{"@type":["WebPage","ItemPage"],"@id":"https:\/\/www.mexicanguitarplayers.com\/tienda\/sin categor\u00eda\/kit-music-nomad-5-pz-p-trombon-mod-mn771\/","url":"https:\/\/www.mexicanguitarplayers.com\/tienda\/sin categor\u00eda\/kit-music-nomad-5-pz-p-trombon-mod-mn771\/","name":"KIT MUSIC NOMAD 5 PZ P\/TROMBON MOD. MN771 - Mexican Guitar Players","isPartOf":{"@id":"https:\/\/www.mexicanguitarplayers.com\/#website"},"primaryImageOfPage":{"@id":"https:\/\/www.mexicanguitarplayers.com\/tienda\/sin categor\u00eda\/kit-music-nomad-5-pz-p-trombon-mod-mn771\/#primaryimage"},"image":{"@id":"https:\/\/www.mexicanguitarplayers.com\/tienda\/sin categor\u00eda\/kit-music-nomad-5-pz-p-trombon-mod-mn771\/#primaryimage"},"thumbnailUrl":"https:\/\/www.mexicanguitarplayers.com\/wp-content\/uploads\/2025\/04\/RAMNDMN771.jpg","datePublished":"2025-04-09T12:23:51+00:00","dateModified":"2026-04-10T10:22:06+00:00","description":"Kit para limpieza de 5 piezas para tromb\u00f3n, dise\u00f1os exclusivos de herramientas de limpieza, dise\u00f1ado por nuestro equipo en Sonoma, CA, cuenta con un cepillo para boquilla y copa 2 en 1 con fibras de primera calidad y mango ergon\u00f3mico, un cepillo tipo serpiente de 44\u201d pulgadas (112 cm) con fibras de primera calidad y un innovador forro protector impermeable sin vinilo que se desenrolla recto, gamuza de microfibra grande de 12\u201d x 12\u201d pulgadas con 90,000 fibras por pulgada cuadrada, lubricante T-Slide de primera calidad (2 onzas) fabricado en USA con una f\u00f3rmula de fuerza profesional, dise\u00f1ado cient\u00edficamente para proporcionar un deslizamiento s\u00faper suave y duradero sin ninguna acumulaci\u00f3n y tambi\u00e9n incluye una grasa sint\u00e9tica premium Tuning Slide Grease de 5 onzas que tiene la viscosidad ideal y es duradera para ayudar a lubricar tu slide, ambas f\u00f3rmulas son inodoras, incluimos instrucciones impresas paso a paso que cualquiera puede seguir para que la limpieza y el cuidado con este kit sean muy sencillos, viene con una pr\u00e1ctica bolsa de almacenamiento con cierre que est\u00e1 hecha con material PET\/PE reciclable.","breadcrumb":{"@id":"https:\/\/www.mexicanguitarplayers.com\/tienda\/sin categor\u00eda\/kit-music-nomad-5-pz-p-trombon-mod-mn771\/#breadcrumb"},"inLanguage":"en-US","potentialAction":[{"@type":"ReadAction","target":["https:\/\/www.mexicanguitarplayers.com\/tienda\/sin categor\u00eda\/kit-music-nomad-5-pz-p-trombon-mod-mn771\/"]}]},{"@type":"ImageObject","inLanguage":"en-US","@id":"https:\/\/www.mexicanguitarplayers.com\/tienda\/sin categor\u00eda\/kit-music-nomad-5-pz-p-trombon-mod-mn771\/#primaryimage","url":"https:\/\/www.mexicanguitarplayers.com\/wp-content\/uploads\/2025\/04\/RAMNDMN771.jpg","contentUrl":"https:\/\/www.mexicanguitarplayers.com\/wp-content\/uploads\/2025\/04\/RAMNDMN771.jpg","width":1200,"height":1200},{"@type":"BreadcrumbList","@id":"https:\/\/www.mexicanguitarplayers.com\/tienda\/sin categor\u00eda\/kit-music-nomad-5-pz-p-trombon-mod-mn771\/#breadcrumb","itemListElement":[{"@type":"ListItem","position":1,"name":"Portada","item":"https:\/\/www.mexicanguitarplayers.com\/"},{"@type":"ListItem","position":2,"name":"Tienda","item":"https:\/\/www.mexicanguitarplayers.com\/tienda\/"},{"@type":"ListItem","position":3,"name":"KIT MUSIC NOMAD 5 PZ P\/TROMBON MOD. MN771"}]},{"@type":"WebSite","@id":"https:\/\/www.mexicanguitarplayers.com\/#website","url":"https:\/\/www.mexicanguitarplayers.com\/","name":"Mexican Guitar Players","description":"Website","publisher":{"@id":"https:\/\/www.mexicanguitarplayers.com\/#organization"},"potentialAction":[{"@type":"SearchAction","target":{"@type":"EntryPoint","urlTemplate":"https:\/\/www.mexicanguitarplayers.com\/?s={search_term_string}"},"query-input":{"@type":"PropertyValueSpecification","valueRequired":true,"valueName":"search_term_string"}}],"inLanguage":"en-US"},{"@type":"Organization","@id":"https:\/\/www.mexicanguitarplayers.com\/#organization","name":"Mexican Guitar Players","url":"https:\/\/www.mexicanguitarplayers.com\/","logo":{"@type":"ImageObject","inLanguage":"en-US","@id":"https:\/\/www.mexicanguitarplayers.com\/#\/schema\/logo\/image\/","url":"","contentUrl":"","caption":"Mexican Guitar Players"},"image":{"@id":"https:\/\/www.mexicanguitarplayers.com\/#\/schema\/logo\/image\/"}}]}},"brands":[{"id":622,"name":"MUSIC NOMAD","slug":"music-nomad"}],"_links":{"self":[{"href":"https:\/\/www.mexicanguitarplayers.com\/en\/wp-json\/wp\/v2\/product\/38947","targetHints":{"allow":["GET"]}}],"collection":[{"href":"https:\/\/www.mexicanguitarplayers.com\/en\/wp-json\/wp\/v2\/product"}],"about":[{"href":"https:\/\/www.mexicanguitarplayers.com\/en\/wp-json\/wp\/v2\/types\/product"}],"replies":[{"embeddable":true,"href":"https:\/\/www.mexicanguitarplayers.com\/en\/wp-json\/wp\/v2\/comments?post=38947"}],"wp:featuredmedia":[{"embeddable":true,"href":"https:\/\/www.mexicanguitarplayers.com\/en\/wp-json\/wp\/v2\/media\/38943"}],"wp:attachment":[{"href":"https:\/\/www.mexicanguitarplayers.com\/en\/wp-json\/wp\/v2\/media?parent=38947"}],"wp:term":[{"taxonomy":"pwb-brand","embeddable":true,"href":"https:\/\/www.mexicanguitarplayers.com\/en\/wp-json\/wp\/v2\/pwb-brand?post=38947"},{"taxonomy":"product_brand","embeddable":true,"href":"https:\/\/www.mexicanguitarplayers.com\/en\/wp-json\/wp\/v2\/product_brand?post=38947"},{"taxonomy":"product_cat","embeddable":true,"href":"https:\/\/www.mexicanguitarplayers.com\/en\/wp-json\/wp\/v2\/product_cat?post=38947"},{"taxonomy":"product_tag","embeddable":true,"href":"https:\/\/www.mexicanguitarplayers.com\/en\/wp-json\/wp\/v2\/product_tag?post=38947"}],"curies":[{"name":"wp","href":"https:\/\/api.w.org\/{rel}","templated":true}]}}