{"id":38951,"date":"2025-04-09T06:23:56","date_gmt":"2025-04-09T12:23:56","guid":{"rendered":"https:\/\/www.mexicanguitarplayers.com\/tienda\/sin categor\u00eda\/bafle-beyma-profesional-mod-fr15a-2\/"},"modified":"2026-04-10T04:22:05","modified_gmt":"2026-04-10T10:22:05","slug":"bafle-beyma-profesional-mod-fr15a-2","status":"publish","type":"product","link":"https:\/\/www.mexicanguitarplayers.com\/en\/tienda\/audio\/bafles-y-bocinas\/bafles\/bafles-pasivos\/bafle-beyma-profesional-mod-fr15a-2\/","title":{"rendered":"BAFLE BEYMA PROFESIONAL MOD. FR15A\/2"},"content":{"rendered":"<div style=\"text-align: justify\">\n<div>\n<h3>Sonido excepcionalmente claro.<\/h3>\n<\/div>\n<div>El bafle multiprop\u00f3sito FR15A\/2 de Beyma cuenta con componentes de alta gama, fabricado con fen\u00f3lico de primera calidad y terminado con pintura poliurea, tiene un driver de 15&#8243; pulgadas a 2 v\u00edas y cuenta con una potencia AES de 800 watts y potencia programa de  1,600 watts, una respuesta de frecuencia de 45 a 25,000 Hz y un \u00e1ngulo de cobertura de 90 x 40 grados.<\/div>\n<div>\n<h4>Quick look<\/h4>\n<\/div>\n<ul style=\"margin: 0px 0px 0px 25px\">\n<li style=\"list-style-type: circle;margin: 5px\">Tipo de sistema.<\/li>\n<li style=\"list-style-type: circle;margin: 5px\">Power.<\/li>\n<li style=\"list-style-type: circle;margin: 5px\">Sensitivity.<\/li>\n<li style=\"list-style-type: circle;margin: 5px\">SPL m\u00e1ximo continuo.<\/li>\n<li style=\"list-style-type: circle;margin: 5px\">SPL m\u00e1ximo pico.<\/li>\n<li style=\"list-style-type: circle;margin: 5px\">Frequency response.<\/li>\n<li style=\"list-style-type: circle;margin: 5px\">\u00c1ngulo de cobertura.<\/li>\n<li style=\"list-style-type: circle;margin: 5px\">Altavoz grave.<\/li>\n<li style=\"list-style-type: circle;margin: 5px\">Driver de compresi\u00f3n.<\/li>\n<li style=\"list-style-type: circle;margin: 5px\">Trompeta de directividad constante.<\/li>\n<li style=\"list-style-type: circle;margin: 5px\">Crossover.<\/li>\n<li style=\"list-style-type: circle;margin: 5px\">Hardware.<\/li>\n<\/ul>\n<div>\n<div style=\"font-weight: bold\">Tipo de sistema.<\/div>\n<div>\n<p>Bafle de 2 v\u00edas. 15\u201d pulgadas. Unidad de alta frecuencia.<\/p>\n<\/div>\n<div style=\"font-weight: bold\">Power.<\/div>\n<div>\n<p>AES: 800 watts. Programa: 1,600 watts.<\/p>\n<\/div>\n<div style=\"font-weight: bold\">Sensitivity.<\/div>\n<div>\n<p>2,83v @ 1m: 100 dB.<\/p>\n<\/div>\n<div style=\"font-weight: bold\">SPL m\u00e1ximo continuo.<\/div>\n<div>\n<p>129 dB.<\/p>\n<\/div>\n<div style=\"font-weight: bold\">SPL m\u00e1ximo pico.<\/div>\n<div>\n<p>135 dB.<\/p>\n<\/div>\n<div style=\"font-weight: bold\">Frequency response.<\/div>\n<div>\n<p>45 &#8211; 25,000 Hz.<\/p>\n<\/div>\n<div style=\"font-weight: bold\">\u00c1ngulo de cobertura.<\/div>\n<div>\n<p>90 x 40.<\/p>\n<\/div>\n<div style=\"font-weight: bold\">Altavoz grave.<\/div>\n<div>\n<p>15P80ND.<\/p>\n<\/div>\n<div style=\"font-weight: bold\">Driver de compresi\u00f3n.<\/div>\n<div>\n<p>TPL150.<\/p>\n<\/div>\n<div style=\"font-weight: bold\">Trompeta de directividad constante.<\/div>\n<div>\n<p>TD TPL.<\/p>\n<\/div>\n<div style=\"font-weight: bold\">Crossover.<\/div>\n<div>\n<p>Externo.<\/p>\n<\/div>\n<div style=\"font-weight: bold\">Hardware.<\/div>\n<div>\n<p>Externo.<\/p>\n<\/div>\n<\/div>\n<\/div>","protected":false},"excerpt":{"rendered":"<p>Bafle pasivo profesional de 2 v\u00edas, woofer de 15\u201d pulgadas, unidad de alta frecuencia, potencia AES de 800 watts y potencia programa de 1,600 watts, sensibilidad: 2,83v @ 1m: 100 dB, SPL m\u00e1ximo continuo: 129 dB, SPL m\u00e1ximo pico: 135 dB, respuesta de frecuencia: 45 &#8211; 25,000 Hz, \u00e1ngulo de cobertura: 90 x 40, altavoz grave: 15P80ND, driver de compresi\u00f3n: TPL150, trompeta de directividad constante: TDTPL, crossover externo, hardware externo.&hellip; <a class=\"kt-excerpt-readmore more-link\" href=\"https:\/\/www.mexicanguitarplayers.com\/en\/tienda\/audio\/bafles-y-bocinas\/bafles\/bafles-pasivos\/bafle-beyma-profesional-mod-fr15a-2\/\">Read more<\/a><\/p>","protected":false},"featured_media":38950,"comment_status":"open","ping_status":"closed","template":"","meta":{"kt_blocks_editor_width":""},"pwb-brand":[477],"product_brand":[],"product_cat":[213,222,223,221],"product_tag":[],"class_list":{"0":"post-38951","1":"product","2":"type-product","3":"status-publish","4":"has-post-thumbnail","6":"pwb-brand-beyma","7":"product_cat-audio","8":"product_cat-bafles","9":"product_cat-bafles-pasivos","10":"product_cat-bafles-y-bocinas","11":"product_shipping_class-25-30-kg","13":"first","14":"instock","15":"taxable","16":"shipping-taxable","17":"purchasable","18":"product-type-simple"},"yoast_head":"<!-- This site is optimized with the Yoast SEO plugin v27.5 - https:\/\/yoast.com\/product\/yoast-seo-wordpress\/ -->\n<title>BAFLE BEYMA PROFESIONAL MOD. FR15A\/2 - Mexican Guitar Players<\/title>\n<meta name=\"description\" content=\"Bafle pasivo profesional de 2 v\u00edas, woofer de 15\u201d pulgadas, unidad de alta frecuencia, potencia AES de 800 watts y potencia programa de 1,600 watts, sensibilidad: 2,83v @ 1m: 100 dB, SPL m\u00e1ximo continuo: 129 dB, SPL m\u00e1ximo pico: 135 dB, respuesta de frecuencia: 45 - 25,000 Hz, \u00e1ngulo de cobertura: 90 x 40, altavoz grave: 15P80ND, driver de compresi\u00f3n: TPL150, trompeta de directividad constante: TDTPL, crossover externo, hardware externo.\" \/>\n<meta name=\"robots\" content=\"index, follow, max-snippet:-1, max-image-preview:large, max-video-preview:-1\" \/>\n<link rel=\"canonical\" href=\"https:\/\/www.mexicanguitarplayers.com\/en\/tienda\/sin%20categor\u00eda\/bafle-beyma-profesional-mod-fr15a-2\/\" \/>\n<meta property=\"og:locale\" content=\"en_US\" \/>\n<meta property=\"og:type\" content=\"article\" \/>\n<meta property=\"og:title\" content=\"BAFLE BEYMA PROFESIONAL MOD. FR15A\/2 - Mexican Guitar Players\" \/>\n<meta property=\"og:description\" content=\"Bafle pasivo profesional de 2 v\u00edas, woofer de 15\u201d pulgadas, unidad de alta frecuencia, potencia AES de 800 watts y potencia programa de 1,600 watts, sensibilidad: 2,83v @ 1m: 100 dB, SPL m\u00e1ximo continuo: 129 dB, SPL m\u00e1ximo pico: 135 dB, respuesta de frecuencia: 45 - 25,000 Hz, \u00e1ngulo de cobertura: 90 x 40, altavoz grave: 15P80ND, driver de compresi\u00f3n: TPL150, trompeta de directividad constante: TDTPL, crossover externo, hardware externo.\" \/>\n<meta property=\"og:url\" content=\"https:\/\/www.mexicanguitarplayers.com\/en\/tienda\/sin categor\u00eda\/bafle-beyma-profesional-mod-fr15a-2\/\" \/>\n<meta property=\"og:site_name\" content=\"Mexican Guitar Players\" \/>\n<meta property=\"article:modified_time\" content=\"2026-04-10T10:22:05+00:00\" \/>\n<meta name=\"twitter:card\" content=\"summary_large_image\" \/>\n<meta name=\"twitter:label1\" content=\"Est. reading time\" \/>\n\t<meta name=\"twitter:data1\" content=\"1 minute\" \/>\n<script type=\"application\/ld+json\" class=\"yoast-schema-graph\">{\"@context\":\"https:\\\/\\\/schema.org\",\"@graph\":[{\"@type\":[\"WebPage\",\"ItemPage\"],\"@id\":\"https:\\\/\\\/www.mexicanguitarplayers.com\\\/tienda\\\/sin categor\u00eda\\\/bafle-beyma-profesional-mod-fr15a-2\\\/\",\"url\":\"https:\\\/\\\/www.mexicanguitarplayers.com\\\/tienda\\\/sin categor\u00eda\\\/bafle-beyma-profesional-mod-fr15a-2\\\/\",\"name\":\"BAFLE BEYMA PROFESIONAL MOD. FR15A\\\/2 - Mexican Guitar Players\",\"isPartOf\":{\"@id\":\"https:\\\/\\\/www.mexicanguitarplayers.com\\\/#website\"},\"primaryImageOfPage\":{\"@id\":\"https:\\\/\\\/www.mexicanguitarplayers.com\\\/tienda\\\/sin categor\u00eda\\\/bafle-beyma-profesional-mod-fr15a-2\\\/#primaryimage\"},\"image\":{\"@id\":\"https:\\\/\\\/www.mexicanguitarplayers.com\\\/tienda\\\/sin categor\u00eda\\\/bafle-beyma-profesional-mod-fr15a-2\\\/#primaryimage\"},\"thumbnailUrl\":\"https:\\\/\\\/www.mexicanguitarplayers.com\\\/wp-content\\\/uploads\\\/2025\\\/04\\\/IABEYFR15A2.jpg\",\"datePublished\":\"2025-04-09T12:23:56+00:00\",\"dateModified\":\"2026-04-10T10:22:05+00:00\",\"description\":\"Bafle pasivo profesional de 2 v\u00edas, woofer de 15\u201d pulgadas, unidad de alta frecuencia, potencia AES de 800 watts y potencia programa de 1,600 watts, sensibilidad: 2,83v @ 1m: 100 dB, SPL m\u00e1ximo continuo: 129 dB, SPL m\u00e1ximo pico: 135 dB, respuesta de frecuencia: 45 - 25,000 Hz, \u00e1ngulo de cobertura: 90 x 40, altavoz grave: 15P80ND, driver de compresi\u00f3n: TPL150, trompeta de directividad constante: TDTPL, crossover externo, hardware externo.\",\"breadcrumb\":{\"@id\":\"https:\\\/\\\/www.mexicanguitarplayers.com\\\/tienda\\\/sin categor\u00eda\\\/bafle-beyma-profesional-mod-fr15a-2\\\/#breadcrumb\"},\"inLanguage\":\"en-US\",\"potentialAction\":[{\"@type\":\"ReadAction\",\"target\":[\"https:\\\/\\\/www.mexicanguitarplayers.com\\\/tienda\\\/sin categor\u00eda\\\/bafle-beyma-profesional-mod-fr15a-2\\\/\"]}]},{\"@type\":\"ImageObject\",\"inLanguage\":\"en-US\",\"@id\":\"https:\\\/\\\/www.mexicanguitarplayers.com\\\/tienda\\\/sin categor\u00eda\\\/bafle-beyma-profesional-mod-fr15a-2\\\/#primaryimage\",\"url\":\"https:\\\/\\\/www.mexicanguitarplayers.com\\\/wp-content\\\/uploads\\\/2025\\\/04\\\/IABEYFR15A2.jpg\",\"contentUrl\":\"https:\\\/\\\/www.mexicanguitarplayers.com\\\/wp-content\\\/uploads\\\/2025\\\/04\\\/IABEYFR15A2.jpg\",\"width\":1200,\"height\":1200},{\"@type\":\"BreadcrumbList\",\"@id\":\"https:\\\/\\\/www.mexicanguitarplayers.com\\\/tienda\\\/sin categor\u00eda\\\/bafle-beyma-profesional-mod-fr15a-2\\\/#breadcrumb\",\"itemListElement\":[{\"@type\":\"ListItem\",\"position\":1,\"name\":\"Portada\",\"item\":\"https:\\\/\\\/www.mexicanguitarplayers.com\\\/\"},{\"@type\":\"ListItem\",\"position\":2,\"name\":\"Tienda\",\"item\":\"https:\\\/\\\/www.mexicanguitarplayers.com\\\/tienda\\\/\"},{\"@type\":\"ListItem\",\"position\":3,\"name\":\"BAFLE BEYMA PROFESIONAL MOD. FR15A\\\/2\"}]},{\"@type\":\"WebSite\",\"@id\":\"https:\\\/\\\/www.mexicanguitarplayers.com\\\/#website\",\"url\":\"https:\\\/\\\/www.mexicanguitarplayers.com\\\/\",\"name\":\"Mexican Guitar Players\",\"description\":\"Website\",\"publisher\":{\"@id\":\"https:\\\/\\\/www.mexicanguitarplayers.com\\\/#organization\"},\"potentialAction\":[{\"@type\":\"SearchAction\",\"target\":{\"@type\":\"EntryPoint\",\"urlTemplate\":\"https:\\\/\\\/www.mexicanguitarplayers.com\\\/?s={search_term_string}\"},\"query-input\":{\"@type\":\"PropertyValueSpecification\",\"valueRequired\":true,\"valueName\":\"search_term_string\"}}],\"inLanguage\":\"en-US\"},{\"@type\":\"Organization\",\"@id\":\"https:\\\/\\\/www.mexicanguitarplayers.com\\\/#organization\",\"name\":\"Mexican Guitar Players\",\"url\":\"https:\\\/\\\/www.mexicanguitarplayers.com\\\/\",\"logo\":{\"@type\":\"ImageObject\",\"inLanguage\":\"en-US\",\"@id\":\"https:\\\/\\\/www.mexicanguitarplayers.com\\\/#\\\/schema\\\/logo\\\/image\\\/\",\"url\":\"\",\"contentUrl\":\"\",\"caption\":\"Mexican Guitar Players\"},\"image\":{\"@id\":\"https:\\\/\\\/www.mexicanguitarplayers.com\\\/#\\\/schema\\\/logo\\\/image\\\/\"}}]}<\/script>\n<!-- \/ Yoast SEO plugin. -->","yoast_head_json":{"title":"BAFLE BEYMA PROFESIONAL MOD. FR15A\/2 - Mexican Guitar Players","description":"Bafle pasivo profesional de 2 v\u00edas, woofer de 15\u201d pulgadas, unidad de alta frecuencia, potencia AES de 800 watts y potencia programa de 1,600 watts, sensibilidad: 2,83v @ 1m: 100 dB, SPL m\u00e1ximo continuo: 129 dB, SPL m\u00e1ximo pico: 135 dB, respuesta de frecuencia: 45 - 25,000 Hz, \u00e1ngulo de cobertura: 90 x 40, altavoz grave: 15P80ND, driver de compresi\u00f3n: TPL150, trompeta de directividad constante: TDTPL, crossover externo, hardware externo.","robots":{"index":"index","follow":"follow","max-snippet":"max-snippet:-1","max-image-preview":"max-image-preview:large","max-video-preview":"max-video-preview:-1"},"canonical":"https:\/\/www.mexicanguitarplayers.com\/en\/tienda\/sin categor\u00eda\/bafle-beyma-profesional-mod-fr15a-2\/","og_locale":"en_US","og_type":"article","og_title":"BAFLE BEYMA PROFESIONAL MOD. FR15A\/2 - Mexican Guitar Players","og_description":"Bafle pasivo profesional de 2 v\u00edas, woofer de 15\u201d pulgadas, unidad de alta frecuencia, potencia AES de 800 watts y potencia programa de 1,600 watts, sensibilidad: 2,83v @ 1m: 100 dB, SPL m\u00e1ximo continuo: 129 dB, SPL m\u00e1ximo pico: 135 dB, respuesta de frecuencia: 45 - 25,000 Hz, \u00e1ngulo de cobertura: 90 x 40, altavoz grave: 15P80ND, driver de compresi\u00f3n: TPL150, trompeta de directividad constante: TDTPL, crossover externo, hardware externo.","og_url":"https:\/\/www.mexicanguitarplayers.com\/en\/tienda\/sin categor\u00eda\/bafle-beyma-profesional-mod-fr15a-2\/","og_site_name":"Mexican Guitar Players","article_modified_time":"2026-04-10T10:22:05+00:00","twitter_card":"summary_large_image","twitter_misc":{"Est. reading time":"1 minute"},"schema":{"@context":"https:\/\/schema.org","@graph":[{"@type":["WebPage","ItemPage"],"@id":"https:\/\/www.mexicanguitarplayers.com\/tienda\/sin categor\u00eda\/bafle-beyma-profesional-mod-fr15a-2\/","url":"https:\/\/www.mexicanguitarplayers.com\/tienda\/sin categor\u00eda\/bafle-beyma-profesional-mod-fr15a-2\/","name":"BAFLE BEYMA PROFESIONAL MOD. FR15A\/2 - Mexican Guitar Players","isPartOf":{"@id":"https:\/\/www.mexicanguitarplayers.com\/#website"},"primaryImageOfPage":{"@id":"https:\/\/www.mexicanguitarplayers.com\/tienda\/sin categor\u00eda\/bafle-beyma-profesional-mod-fr15a-2\/#primaryimage"},"image":{"@id":"https:\/\/www.mexicanguitarplayers.com\/tienda\/sin categor\u00eda\/bafle-beyma-profesional-mod-fr15a-2\/#primaryimage"},"thumbnailUrl":"https:\/\/www.mexicanguitarplayers.com\/wp-content\/uploads\/2025\/04\/IABEYFR15A2.jpg","datePublished":"2025-04-09T12:23:56+00:00","dateModified":"2026-04-10T10:22:05+00:00","description":"Bafle pasivo profesional de 2 v\u00edas, woofer de 15\u201d pulgadas, unidad de alta frecuencia, potencia AES de 800 watts y potencia programa de 1,600 watts, sensibilidad: 2,83v @ 1m: 100 dB, SPL m\u00e1ximo continuo: 129 dB, SPL m\u00e1ximo pico: 135 dB, respuesta de frecuencia: 45 - 25,000 Hz, \u00e1ngulo de cobertura: 90 x 40, altavoz grave: 15P80ND, driver de compresi\u00f3n: TPL150, trompeta de directividad constante: TDTPL, crossover externo, hardware externo.","breadcrumb":{"@id":"https:\/\/www.mexicanguitarplayers.com\/tienda\/sin categor\u00eda\/bafle-beyma-profesional-mod-fr15a-2\/#breadcrumb"},"inLanguage":"en-US","potentialAction":[{"@type":"ReadAction","target":["https:\/\/www.mexicanguitarplayers.com\/tienda\/sin categor\u00eda\/bafle-beyma-profesional-mod-fr15a-2\/"]}]},{"@type":"ImageObject","inLanguage":"en-US","@id":"https:\/\/www.mexicanguitarplayers.com\/tienda\/sin categor\u00eda\/bafle-beyma-profesional-mod-fr15a-2\/#primaryimage","url":"https:\/\/www.mexicanguitarplayers.com\/wp-content\/uploads\/2025\/04\/IABEYFR15A2.jpg","contentUrl":"https:\/\/www.mexicanguitarplayers.com\/wp-content\/uploads\/2025\/04\/IABEYFR15A2.jpg","width":1200,"height":1200},{"@type":"BreadcrumbList","@id":"https:\/\/www.mexicanguitarplayers.com\/tienda\/sin categor\u00eda\/bafle-beyma-profesional-mod-fr15a-2\/#breadcrumb","itemListElement":[{"@type":"ListItem","position":1,"name":"Portada","item":"https:\/\/www.mexicanguitarplayers.com\/"},{"@type":"ListItem","position":2,"name":"Tienda","item":"https:\/\/www.mexicanguitarplayers.com\/tienda\/"},{"@type":"ListItem","position":3,"name":"BAFLE BEYMA PROFESIONAL MOD. FR15A\/2"}]},{"@type":"WebSite","@id":"https:\/\/www.mexicanguitarplayers.com\/#website","url":"https:\/\/www.mexicanguitarplayers.com\/","name":"Mexican Guitar Players","description":"Website","publisher":{"@id":"https:\/\/www.mexicanguitarplayers.com\/#organization"},"potentialAction":[{"@type":"SearchAction","target":{"@type":"EntryPoint","urlTemplate":"https:\/\/www.mexicanguitarplayers.com\/?s={search_term_string}"},"query-input":{"@type":"PropertyValueSpecification","valueRequired":true,"valueName":"search_term_string"}}],"inLanguage":"en-US"},{"@type":"Organization","@id":"https:\/\/www.mexicanguitarplayers.com\/#organization","name":"Mexican Guitar Players","url":"https:\/\/www.mexicanguitarplayers.com\/","logo":{"@type":"ImageObject","inLanguage":"en-US","@id":"https:\/\/www.mexicanguitarplayers.com\/#\/schema\/logo\/image\/","url":"","contentUrl":"","caption":"Mexican Guitar Players"},"image":{"@id":"https:\/\/www.mexicanguitarplayers.com\/#\/schema\/logo\/image\/"}}]}},"brands":[{"id":477,"name":"BEYMA","slug":"beyma"}],"_links":{"self":[{"href":"https:\/\/www.mexicanguitarplayers.com\/en\/wp-json\/wp\/v2\/product\/38951","targetHints":{"allow":["GET"]}}],"collection":[{"href":"https:\/\/www.mexicanguitarplayers.com\/en\/wp-json\/wp\/v2\/product"}],"about":[{"href":"https:\/\/www.mexicanguitarplayers.com\/en\/wp-json\/wp\/v2\/types\/product"}],"replies":[{"embeddable":true,"href":"https:\/\/www.mexicanguitarplayers.com\/en\/wp-json\/wp\/v2\/comments?post=38951"}],"wp:featuredmedia":[{"embeddable":true,"href":"https:\/\/www.mexicanguitarplayers.com\/en\/wp-json\/wp\/v2\/media\/38950"}],"wp:attachment":[{"href":"https:\/\/www.mexicanguitarplayers.com\/en\/wp-json\/wp\/v2\/media?parent=38951"}],"wp:term":[{"taxonomy":"pwb-brand","embeddable":true,"href":"https:\/\/www.mexicanguitarplayers.com\/en\/wp-json\/wp\/v2\/pwb-brand?post=38951"},{"taxonomy":"product_brand","embeddable":true,"href":"https:\/\/www.mexicanguitarplayers.com\/en\/wp-json\/wp\/v2\/product_brand?post=38951"},{"taxonomy":"product_cat","embeddable":true,"href":"https:\/\/www.mexicanguitarplayers.com\/en\/wp-json\/wp\/v2\/product_cat?post=38951"},{"taxonomy":"product_tag","embeddable":true,"href":"https:\/\/www.mexicanguitarplayers.com\/en\/wp-json\/wp\/v2\/product_tag?post=38951"}],"curies":[{"name":"wp","href":"https:\/\/api.w.org\/{rel}","templated":true}]}}