{"id":38991,"date":"2025-04-09T06:24:53","date_gmt":"2025-04-09T12:24:53","guid":{"rendered":"https:\/\/www.mexicanguitarplayers.com\/tienda\/sin categor\u00eda\/ecualizador-behringer-estereo-fbq3102hd\/"},"modified":"2026-05-01T07:18:25","modified_gmt":"2026-05-01T13:18:25","slug":"ecualizador-behringer-estereo-fbq3102hd","status":"publish","type":"product","link":"https:\/\/www.mexicanguitarplayers.com\/en\/tienda\/audio\/procesadores\/procesador-de-frecuencia\/ecualizador-behringer-estereo-fbq3102hd\/","title":{"rendered":"ECUALIZADOR BEHRINGER ESTEREO FBQ3102HD"},"content":{"rendered":"<div style=\"text-align: justify\">\n<div>\n<h3>Tu control maestro sobre las frecuencias.<\/h3>\n<\/div>\n<div>Los ingenieros de audio profesionales han sabido durante d\u00e9cadas que un buen ecualizador hace toda la diferencia en c\u00f3mo se percibe el rendimiento. Aunque los ecualizadores gr\u00e1ficos multi-banda han existido durante mucho tiempo, han cambiado muy poco&#8230; hasta ahora. El ULTRAGRAPH PRO FBQ3102HD lleva el ecualizador gr\u00e1fico al dominio del audio de alta definici\u00f3n, proporcionando caracter\u00edsticas robustas y nuestro sistema patentado de detecci\u00f3n de retroalimentaci\u00f3n FBQ a un precio que los hace imprescindibles para cualquier persona que grabe o maneje un sistema de sonido en vivo. \u00bfC\u00f3mo funciona la ecualizaci\u00f3n? Imagina la gama de frecuencias de audio como una carretera muy ancha con un mont\u00f3n de carriles. Cada uno de estos carriles representa una banda de frecuencia espec\u00edfica.  Los carriles en el lado izquierdo llevan el contenido realmente grave de la frecuencia, principalmente bajo, voz baja, bombo y toms. Loa carriles medios forman la zona fundamental de la mayor\u00eda de los instrumentos musicales y la voz masculina y femenina. Los carriles de la derecha tienen todo el material de alta frecuencia, tales como tarolas, platillos, los instrumentos de percusi\u00f3n m\u00e1s agudos y el todo el contenido que agregue chisporroteo a la mezcla. FBQ &#8211; Totalmente libre de retroalimentaci\u00f3n. Por m\u00e1s de 20 a\u00f1os, Behringer ha dise\u00f1ado y fabricado algunos de los procesadores de eliminaci\u00f3n de retroalimentaci\u00f3n FBQ m\u00e1s exitosos. Ahora puedes poseer y disfrutar de los beneficios de esta tecnolog\u00eda, ya que hemos integrado el revolucionario Sistema de Detecci\u00f3n de Retroalimentaci\u00f3n FBQ en este producto, por lo que tu sistema de sonido estar\u00e1 completamente libre de retroalimentaci\u00f3n, lo que te permitir\u00e1 concentrarte en tu show. Utilizando un sistema de detecci\u00f3n de retroalimentaci\u00f3n ultra r\u00e1pido, esta ingeniosa circuiter\u00eda te ayuda a reconocer y domar inmediatamente las frecuencias de retroalimentaci\u00f3n. Cuando la retroalimentaci\u00f3n se detecta en un rango de frecuencia espec\u00edfico, el LED del atenuador EQ asociado se ilumina mostrando de un vistazo qu\u00e9 fader bajar para superar la retroalimentaci\u00f3n. Es sencillo. Funcionamiento de ruido ultra bajo. El ecualizador FBQ3102HD de alta definici\u00f3n proporciona un excelente rendimiento de ruido ultra bajo, gracias a la ingenier\u00eda alemana de primera clase y el uso de componentes de la m\u00e1s alta calidad. Los amplificadores operacionales 4580 l\u00edderes en la industria se emplean para una integridad m\u00e1xima de la se\u00f1al en todo el espectro de audio. Con 31 bandas de ecualizaci\u00f3n suave y precisa por canal, el ecualizador est\u00e9reo FBQ3102HD a\u00f1ade el toque profesional de acabado a tus grabaciones y shows en vivo. Herramientas esenciales para frecuencias altas y bajas. El rango de sonido de baja frecuencia requiere una atenci\u00f3n especial. Es por eso que el FBQ3102HD cuenta con un filtro Low-Cut ultra efectivo en cada canal, para ayudar a eliminar el contenido de graves no esenciales, como el ruido del piso, la resonancia de la habitaci\u00f3n, el zumbido el\u00e9ctrico, etc. Este control a\u00f1adido de alta precisi\u00f3n le da al FBQ3102HD la potencia necesaria para ajustar con precisi\u00f3n el sonido general de tu sistema, creando una salida cristalina y din\u00e1mica, con una extremidad incre\u00edblemente apretada y penetrante.<\/div>\n<div>\n<h4>Quick look<\/h4>\n<\/div>\n<ul style=\"margin: 0px 0px 0px 25px\">\n<li style=\"list-style-type: circle;margin: 5px\">Audio inputs.<\/li>\n<li style=\"list-style-type: circle;margin: 5px\">Audio outputs.<\/li>\n<li style=\"list-style-type: circle;margin: 5px\">System.<\/li>\n<li style=\"list-style-type: circle;margin: 5px\">Secci\u00f3n de filtro Roll-Off.<\/li>\n<li style=\"list-style-type: circle;margin: 5px\">Ecualizador gr\u00e1fico.<\/li>\n<li style=\"list-style-type: circle;margin: 5px\">Funci\u00f3n de switches.<\/li>\n<li style=\"list-style-type: circle;margin: 5px\">Indicadores.<\/li>\n<li style=\"list-style-type: circle;margin: 5px\">Power supply.<\/li>\n<li style=\"list-style-type: circle;margin: 5px\">Dimensions.<\/li>\n<li style=\"list-style-type: circle;margin: 5px\">Weight.<\/li>\n<\/ul>\n<div>\n<div style=\"font-weight: bold\">Audio inputs.<\/div>\n<div>\n<p>Entradas: Filtro RF, conectores TRS 1\/4&#8243; y XLR servo-balanceados.Impedancia: 40 kohms balanceado y desbalanceado.Nivel de entrada m\u00e1ximo: +21 dBu balanceado y desbalanceado.CMRR: T\u00edpico 55 dB, &gt;40 dB @ 1 kHz.<\/p>\n<\/div>\n<div style=\"font-weight: bold\">Audio outputs.<\/div>\n<div>\n<p>Salidas: Conectores TRS 1\/4&#8243; y XLR servo-balanceados.Salida de subwoofer: Conector XLR balanceado.Frecuencia de crossover: Variable, 30 &#8211; 200 Hz.<\/p>\n<\/div>\n<div style=\"font-weight: bold\">System.<\/div>\n<div>\n<p>Respuesta de frecuencia: 10 Hz a 30 kHz, \u00b13 dB.Relaci\u00f3n se\u00f1al a ruido: 22 Hz a 22 kHz, &gt;94 dB @ +4 dBu.Distorsi\u00f3n (THD): T\u00edpico 0.008% @ +4 dBu, 1 kHz, ganancia 1.Crosstalk: T\u00edpico -92 dB @ 1 kHz.<\/p>\n<\/div>\n<div style=\"font-weight: bold\">Secci\u00f3n de filtro Roll-Off.<\/div>\n<div>\n<p>Tipo: 12 dB\/Oct., Butterworth.Entrada: \u00b115 dB, variable.Low Cut: 10 Hz a 400 Hz, variable.High Cut: 2.5 kHz a 30 kHz, variable.<\/p>\n<\/div>\n<div style=\"font-weight: bold\">Ecualizador gr\u00e1fico.<\/div>\n<div>\n<p>Tipo: An\u00e1logo de 31 bandas.Rango de frecuencia: 20 Hz &#8211; 20 kHz en 31 1\/3 octave bandas (Frecuencias ISO).Ancho de banda: 1\/3 Octava.Rango de control: \u00b16 dB o \u00b112 dB (conmutable).<\/p>\n<\/div>\n<div style=\"font-weight: bold\">Funci\u00f3n de switches.<\/div>\n<div>\n<p>FBQ: Activa el sistema de detecci\u00f3n de retroalimentaci\u00f3n.Audio In\/Out: Cambia a bypass las funciones del ecualizador.I\/O Medidor In\/Out: Cambia el display medidor de entrada a salida.Rango: Cambia el rango m\u00e1ximo de cut\/boost para todas las 31 bandas.<\/p>\n<\/div>\n<div style=\"font-weight: bold\">Indicadores.<\/div>\n<div>\n<p>Nivel de Entrada\/Salida: Display LED de 12 segmentos: -30\/-24\/-18\/-12\/-6\/0\/+6\/+9\/+12 dB CLIP.<\/p>\n<\/div>\n<div style=\"font-weight: bold\">Power supply.<\/div>\n<div>\n<p>100-240V~, 50\/60 Hz.Fusible: T 1.0 A H 250 V.Consumo de energ\u00eda: 35 watts.<\/p>\n<\/div>\n<div style=\"font-weight: bold\">Dimensions.<\/div>\n<div>\n<p>89 x 483 x 150 mm.<\/p>\n<\/div>\n<div style=\"font-weight: bold\">Weight.<\/div>\n<div>\n<p>2 kg.<\/p>\n<\/div>\n<\/div>\n<\/div>","protected":false},"excerpt":{"rendered":"<p>Ecualizador gr\u00e1fico est\u00e9reo ULTRAGRAPH PRO FBQ3102HD de 31 bandas de alta definici\u00f3n, para aplicaciones en vivo y en estudio, revolucionario sistema FBQ que revela frecuencias cr\u00edticas al instante para eliminar la retroalimentaci\u00f3n y puedeusarse tambi\u00e9n como analizador de audio, amplificadores operacionales 4850 de ruido ultra bajo para mayor integridad de la se\u00f1al, salida de subwoofer mono dedicada con frecuencia ajustable de crossover, filtro Low-Cut adicional que remuevefrecuencias no deseadas como ruido de piso, medidores de E\/S LED de 12 segmentosde alta precisi\u00f3n y controles de ganancia de entrada para un f\u00e1cil ajuste de nivel, hard-bypass controlado por rel\u00e9 con una funci\u00f3n auto-bypass durante la falta de energ\u00eda (rel\u00e9 de seguridad), entradas y salidas servo-balanceadas con conectores TRS y XLR dorados, fuente de alimentaci\u00f3n conmutada interna \u201dPlanet Earth\u201dpara m\u00e1xima flexibilidad (100 &#8211; 240 V~), audio libre de ruido, respuesta transitoria superior, bajo consumo de energ\u00eda, dimensiones: 89 x 483 x 150 mm, peso: 2kg.&hellip; <a class=\"kt-excerpt-readmore more-link\" href=\"https:\/\/www.mexicanguitarplayers.com\/en\/tienda\/audio\/procesadores\/procesador-de-frecuencia\/ecualizador-behringer-estereo-fbq3102hd\/\">Read more<\/a><\/p>","protected":false},"featured_media":38986,"comment_status":"open","ping_status":"closed","template":"","meta":{"kt_blocks_editor_width":""},"pwb-brand":[171],"product_brand":[],"product_cat":[213,495,493],"product_tag":[],"class_list":{"0":"post-38991","1":"product","2":"type-product","3":"status-publish","4":"has-post-thumbnail","6":"pwb-brand-behringer","7":"product_cat-audio","8":"product_cat-procesador-de-frecuencia","9":"product_cat-procesadores","10":"product_shipping_class-0-5-kg","12":"first","13":"instock","14":"taxable","15":"shipping-taxable","16":"purchasable","17":"product-type-simple"},"yoast_head":"<!-- This site is optimized with the Yoast SEO plugin v27.6 - https:\/\/yoast.com\/product\/yoast-seo-wordpress\/ -->\n<title>ECUALIZADOR BEHRINGER ESTEREO FBQ3102HD - Mexican Guitar Players<\/title>\n<meta name=\"description\" content=\"Ecualizador gr\u00e1fico est\u00e9reo ULTRAGRAPH PRO FBQ3102HD de 31 bandas de alta definici\u00f3n, para aplicaciones en vivo y en estudio, revolucionario sistema FBQ que revela frecuencias cr\u00edticas al instante para eliminar la retroalimentaci\u00f3n y puedeusarse tambi\u00e9n como analizador de audio, amplificadores operacionales 4850 de ruido ultra bajo para mayor integridad de la se\u00f1al, salida de subwoofer mono dedicada con frecuencia ajustable de crossover, filtro Low-Cut adicional que remuevefrecuencias no deseadas como ruido de piso, medidores de E\/S LED de 12 segmentosde alta precisi\u00f3n y controles de ganancia de entrada para un f\u00e1cil ajuste de nivel, hard-bypass controlado por rel\u00e9 con una funci\u00f3n auto-bypass durante la falta de energ\u00eda (rel\u00e9 de seguridad), entradas y salidas servo-balanceadas con conectores TRS y XLR dorados, fuente de alimentaci\u00f3n conmutada interna \u201dPlanet Earth\u201dpara m\u00e1xima flexibilidad (100 - 240 V~), audio libre de ruido, respuesta transitoria superior, bajo consumo de energ\u00eda, dimensiones: 89 x 483 x 150 mm, peso: 2kg.\" \/>\n<meta name=\"robots\" content=\"index, follow, max-snippet:-1, max-image-preview:large, max-video-preview:-1\" \/>\n<link rel=\"canonical\" href=\"https:\/\/www.mexicanguitarplayers.com\/en\/tienda\/sin%20categor\u00eda\/ecualizador-behringer-estereo-fbq3102hd\/\" \/>\n<meta property=\"og:locale\" content=\"en_US\" \/>\n<meta property=\"og:type\" content=\"article\" \/>\n<meta property=\"og:title\" content=\"ECUALIZADOR BEHRINGER ESTEREO FBQ3102HD - Mexican Guitar Players\" \/>\n<meta property=\"og:description\" content=\"Ecualizador gr\u00e1fico est\u00e9reo ULTRAGRAPH PRO FBQ3102HD de 31 bandas de alta definici\u00f3n, para aplicaciones en vivo y en estudio, revolucionario sistema FBQ que revela frecuencias cr\u00edticas al instante para eliminar la retroalimentaci\u00f3n y puedeusarse tambi\u00e9n como analizador de audio, amplificadores operacionales 4850 de ruido ultra bajo para mayor integridad de la se\u00f1al, salida de subwoofer mono dedicada con frecuencia ajustable de crossover, filtro Low-Cut adicional que remuevefrecuencias no deseadas como ruido de piso, medidores de E\/S LED de 12 segmentosde alta precisi\u00f3n y controles de ganancia de entrada para un f\u00e1cil ajuste de nivel, hard-bypass controlado por rel\u00e9 con una funci\u00f3n auto-bypass durante la falta de energ\u00eda (rel\u00e9 de seguridad), entradas y salidas servo-balanceadas con conectores TRS y XLR dorados, fuente de alimentaci\u00f3n conmutada interna \u201dPlanet Earth\u201dpara m\u00e1xima flexibilidad (100 - 240 V~), audio libre de ruido, respuesta transitoria superior, bajo consumo de energ\u00eda, dimensiones: 89 x 483 x 150 mm, peso: 2kg.\" \/>\n<meta property=\"og:url\" content=\"https:\/\/www.mexicanguitarplayers.com\/en\/tienda\/sin categor\u00eda\/ecualizador-behringer-estereo-fbq3102hd\/\" \/>\n<meta property=\"og:site_name\" content=\"Mexican Guitar Players\" \/>\n<meta property=\"article:modified_time\" content=\"2026-05-01T13:18:25+00:00\" \/>\n<meta name=\"twitter:card\" content=\"summary_large_image\" \/>\n<meta name=\"twitter:label1\" content=\"Est. reading time\" \/>\n\t<meta name=\"twitter:data1\" content=\"4 minutes\" \/>\n<script type=\"application\/ld+json\" class=\"yoast-schema-graph\">{\"@context\":\"https:\\\/\\\/schema.org\",\"@graph\":[{\"@type\":[\"WebPage\",\"ItemPage\"],\"@id\":\"https:\\\/\\\/www.mexicanguitarplayers.com\\\/tienda\\\/sin categor\u00eda\\\/ecualizador-behringer-estereo-fbq3102hd\\\/\",\"url\":\"https:\\\/\\\/www.mexicanguitarplayers.com\\\/tienda\\\/sin categor\u00eda\\\/ecualizador-behringer-estereo-fbq3102hd\\\/\",\"name\":\"ECUALIZADOR BEHRINGER ESTEREO FBQ3102HD - Mexican Guitar Players\",\"isPartOf\":{\"@id\":\"https:\\\/\\\/www.mexicanguitarplayers.com\\\/#website\"},\"primaryImageOfPage\":{\"@id\":\"https:\\\/\\\/www.mexicanguitarplayers.com\\\/tienda\\\/sin categor\u00eda\\\/ecualizador-behringer-estereo-fbq3102hd\\\/#primaryimage\"},\"image\":{\"@id\":\"https:\\\/\\\/www.mexicanguitarplayers.com\\\/tienda\\\/sin categor\u00eda\\\/ecualizador-behringer-estereo-fbq3102hd\\\/#primaryimage\"},\"thumbnailUrl\":\"https:\\\/\\\/www.mexicanguitarplayers.com\\\/wp-content\\\/uploads\\\/2025\\\/04\\\/IABEHFBQ3102HD.jpg\",\"datePublished\":\"2025-04-09T12:24:53+00:00\",\"dateModified\":\"2026-05-01T13:18:25+00:00\",\"description\":\"Ecualizador gr\u00e1fico est\u00e9reo ULTRAGRAPH PRO FBQ3102HD de 31 bandas de alta definici\u00f3n, para aplicaciones en vivo y en estudio, revolucionario sistema FBQ que revela frecuencias cr\u00edticas al instante para eliminar la retroalimentaci\u00f3n y puedeusarse tambi\u00e9n como analizador de audio, amplificadores operacionales 4850 de ruido ultra bajo para mayor integridad de la se\u00f1al, salida de subwoofer mono dedicada con frecuencia ajustable de crossover, filtro Low-Cut adicional que remuevefrecuencias no deseadas como ruido de piso, medidores de E\\\/S LED de 12 segmentosde alta precisi\u00f3n y controles de ganancia de entrada para un f\u00e1cil ajuste de nivel, hard-bypass controlado por rel\u00e9 con una funci\u00f3n auto-bypass durante la falta de energ\u00eda (rel\u00e9 de seguridad), entradas y salidas servo-balanceadas con conectores TRS y XLR dorados, fuente de alimentaci\u00f3n conmutada interna \u201dPlanet Earth\u201dpara m\u00e1xima flexibilidad (100 - 240 V~), audio libre de ruido, respuesta transitoria superior, bajo consumo de energ\u00eda, dimensiones: 89 x 483 x 150 mm, peso: 2kg.\",\"breadcrumb\":{\"@id\":\"https:\\\/\\\/www.mexicanguitarplayers.com\\\/tienda\\\/sin categor\u00eda\\\/ecualizador-behringer-estereo-fbq3102hd\\\/#breadcrumb\"},\"inLanguage\":\"en-US\",\"potentialAction\":[{\"@type\":\"ReadAction\",\"target\":[\"https:\\\/\\\/www.mexicanguitarplayers.com\\\/tienda\\\/sin categor\u00eda\\\/ecualizador-behringer-estereo-fbq3102hd\\\/\"]}]},{\"@type\":\"ImageObject\",\"inLanguage\":\"en-US\",\"@id\":\"https:\\\/\\\/www.mexicanguitarplayers.com\\\/tienda\\\/sin categor\u00eda\\\/ecualizador-behringer-estereo-fbq3102hd\\\/#primaryimage\",\"url\":\"https:\\\/\\\/www.mexicanguitarplayers.com\\\/wp-content\\\/uploads\\\/2025\\\/04\\\/IABEHFBQ3102HD.jpg\",\"contentUrl\":\"https:\\\/\\\/www.mexicanguitarplayers.com\\\/wp-content\\\/uploads\\\/2025\\\/04\\\/IABEHFBQ3102HD.jpg\",\"width\":1600,\"height\":800},{\"@type\":\"BreadcrumbList\",\"@id\":\"https:\\\/\\\/www.mexicanguitarplayers.com\\\/tienda\\\/sin categor\u00eda\\\/ecualizador-behringer-estereo-fbq3102hd\\\/#breadcrumb\",\"itemListElement\":[{\"@type\":\"ListItem\",\"position\":1,\"name\":\"Portada\",\"item\":\"https:\\\/\\\/www.mexicanguitarplayers.com\\\/\"},{\"@type\":\"ListItem\",\"position\":2,\"name\":\"Tienda\",\"item\":\"https:\\\/\\\/www.mexicanguitarplayers.com\\\/tienda\\\/\"},{\"@type\":\"ListItem\",\"position\":3,\"name\":\"ECUALIZADOR BEHRINGER ESTEREO FBQ3102HD\"}]},{\"@type\":\"WebSite\",\"@id\":\"https:\\\/\\\/www.mexicanguitarplayers.com\\\/#website\",\"url\":\"https:\\\/\\\/www.mexicanguitarplayers.com\\\/\",\"name\":\"Mexican Guitar Players\",\"description\":\"Website\",\"publisher\":{\"@id\":\"https:\\\/\\\/www.mexicanguitarplayers.com\\\/#organization\"},\"potentialAction\":[{\"@type\":\"SearchAction\",\"target\":{\"@type\":\"EntryPoint\",\"urlTemplate\":\"https:\\\/\\\/www.mexicanguitarplayers.com\\\/?s={search_term_string}\"},\"query-input\":{\"@type\":\"PropertyValueSpecification\",\"valueRequired\":true,\"valueName\":\"search_term_string\"}}],\"inLanguage\":\"en-US\"},{\"@type\":\"Organization\",\"@id\":\"https:\\\/\\\/www.mexicanguitarplayers.com\\\/#organization\",\"name\":\"Mexican Guitar Players\",\"url\":\"https:\\\/\\\/www.mexicanguitarplayers.com\\\/\",\"logo\":{\"@type\":\"ImageObject\",\"inLanguage\":\"en-US\",\"@id\":\"https:\\\/\\\/www.mexicanguitarplayers.com\\\/#\\\/schema\\\/logo\\\/image\\\/\",\"url\":\"\",\"contentUrl\":\"\",\"caption\":\"Mexican Guitar Players\"},\"image\":{\"@id\":\"https:\\\/\\\/www.mexicanguitarplayers.com\\\/#\\\/schema\\\/logo\\\/image\\\/\"}}]}<\/script>\n<!-- \/ Yoast SEO plugin. -->","yoast_head_json":{"title":"ECUALIZADOR BEHRINGER ESTEREO FBQ3102HD - Mexican Guitar Players","description":"Ecualizador gr\u00e1fico est\u00e9reo ULTRAGRAPH PRO FBQ3102HD de 31 bandas de alta definici\u00f3n, para aplicaciones en vivo y en estudio, revolucionario sistema FBQ que revela frecuencias cr\u00edticas al instante para eliminar la retroalimentaci\u00f3n y puedeusarse tambi\u00e9n como analizador de audio, amplificadores operacionales 4850 de ruido ultra bajo para mayor integridad de la se\u00f1al, salida de subwoofer mono dedicada con frecuencia ajustable de crossover, filtro Low-Cut adicional que remuevefrecuencias no deseadas como ruido de piso, medidores de E\/S LED de 12 segmentosde alta precisi\u00f3n y controles de ganancia de entrada para un f\u00e1cil ajuste de nivel, hard-bypass controlado por rel\u00e9 con una funci\u00f3n auto-bypass durante la falta de energ\u00eda (rel\u00e9 de seguridad), entradas y salidas servo-balanceadas con conectores TRS y XLR dorados, fuente de alimentaci\u00f3n conmutada interna \u201dPlanet Earth\u201dpara m\u00e1xima flexibilidad (100 - 240 V~), audio libre de ruido, respuesta transitoria superior, bajo consumo de energ\u00eda, dimensiones: 89 x 483 x 150 mm, peso: 2kg.","robots":{"index":"index","follow":"follow","max-snippet":"max-snippet:-1","max-image-preview":"max-image-preview:large","max-video-preview":"max-video-preview:-1"},"canonical":"https:\/\/www.mexicanguitarplayers.com\/en\/tienda\/sin categor\u00eda\/ecualizador-behringer-estereo-fbq3102hd\/","og_locale":"en_US","og_type":"article","og_title":"ECUALIZADOR BEHRINGER ESTEREO FBQ3102HD - Mexican Guitar Players","og_description":"Ecualizador gr\u00e1fico est\u00e9reo ULTRAGRAPH PRO FBQ3102HD de 31 bandas de alta definici\u00f3n, para aplicaciones en vivo y en estudio, revolucionario sistema FBQ que revela frecuencias cr\u00edticas al instante para eliminar la retroalimentaci\u00f3n y puedeusarse tambi\u00e9n como analizador de audio, amplificadores operacionales 4850 de ruido ultra bajo para mayor integridad de la se\u00f1al, salida de subwoofer mono dedicada con frecuencia ajustable de crossover, filtro Low-Cut adicional que remuevefrecuencias no deseadas como ruido de piso, medidores de E\/S LED de 12 segmentosde alta precisi\u00f3n y controles de ganancia de entrada para un f\u00e1cil ajuste de nivel, hard-bypass controlado por rel\u00e9 con una funci\u00f3n auto-bypass durante la falta de energ\u00eda (rel\u00e9 de seguridad), entradas y salidas servo-balanceadas con conectores TRS y XLR dorados, fuente de alimentaci\u00f3n conmutada interna \u201dPlanet Earth\u201dpara m\u00e1xima flexibilidad (100 - 240 V~), audio libre de ruido, respuesta transitoria superior, bajo consumo de energ\u00eda, dimensiones: 89 x 483 x 150 mm, peso: 2kg.","og_url":"https:\/\/www.mexicanguitarplayers.com\/en\/tienda\/sin categor\u00eda\/ecualizador-behringer-estereo-fbq3102hd\/","og_site_name":"Mexican Guitar Players","article_modified_time":"2026-05-01T13:18:25+00:00","twitter_card":"summary_large_image","twitter_misc":{"Est. reading time":"4 minutes"},"schema":{"@context":"https:\/\/schema.org","@graph":[{"@type":["WebPage","ItemPage"],"@id":"https:\/\/www.mexicanguitarplayers.com\/tienda\/sin categor\u00eda\/ecualizador-behringer-estereo-fbq3102hd\/","url":"https:\/\/www.mexicanguitarplayers.com\/tienda\/sin categor\u00eda\/ecualizador-behringer-estereo-fbq3102hd\/","name":"ECUALIZADOR BEHRINGER ESTEREO FBQ3102HD - Mexican Guitar Players","isPartOf":{"@id":"https:\/\/www.mexicanguitarplayers.com\/#website"},"primaryImageOfPage":{"@id":"https:\/\/www.mexicanguitarplayers.com\/tienda\/sin categor\u00eda\/ecualizador-behringer-estereo-fbq3102hd\/#primaryimage"},"image":{"@id":"https:\/\/www.mexicanguitarplayers.com\/tienda\/sin categor\u00eda\/ecualizador-behringer-estereo-fbq3102hd\/#primaryimage"},"thumbnailUrl":"https:\/\/www.mexicanguitarplayers.com\/wp-content\/uploads\/2025\/04\/IABEHFBQ3102HD.jpg","datePublished":"2025-04-09T12:24:53+00:00","dateModified":"2026-05-01T13:18:25+00:00","description":"Ecualizador gr\u00e1fico est\u00e9reo ULTRAGRAPH PRO FBQ3102HD de 31 bandas de alta definici\u00f3n, para aplicaciones en vivo y en estudio, revolucionario sistema FBQ que revela frecuencias cr\u00edticas al instante para eliminar la retroalimentaci\u00f3n y puedeusarse tambi\u00e9n como analizador de audio, amplificadores operacionales 4850 de ruido ultra bajo para mayor integridad de la se\u00f1al, salida de subwoofer mono dedicada con frecuencia ajustable de crossover, filtro Low-Cut adicional que remuevefrecuencias no deseadas como ruido de piso, medidores de E\/S LED de 12 segmentosde alta precisi\u00f3n y controles de ganancia de entrada para un f\u00e1cil ajuste de nivel, hard-bypass controlado por rel\u00e9 con una funci\u00f3n auto-bypass durante la falta de energ\u00eda (rel\u00e9 de seguridad), entradas y salidas servo-balanceadas con conectores TRS y XLR dorados, fuente de alimentaci\u00f3n conmutada interna \u201dPlanet Earth\u201dpara m\u00e1xima flexibilidad (100 - 240 V~), audio libre de ruido, respuesta transitoria superior, bajo consumo de energ\u00eda, dimensiones: 89 x 483 x 150 mm, peso: 2kg.","breadcrumb":{"@id":"https:\/\/www.mexicanguitarplayers.com\/tienda\/sin categor\u00eda\/ecualizador-behringer-estereo-fbq3102hd\/#breadcrumb"},"inLanguage":"en-US","potentialAction":[{"@type":"ReadAction","target":["https:\/\/www.mexicanguitarplayers.com\/tienda\/sin categor\u00eda\/ecualizador-behringer-estereo-fbq3102hd\/"]}]},{"@type":"ImageObject","inLanguage":"en-US","@id":"https:\/\/www.mexicanguitarplayers.com\/tienda\/sin categor\u00eda\/ecualizador-behringer-estereo-fbq3102hd\/#primaryimage","url":"https:\/\/www.mexicanguitarplayers.com\/wp-content\/uploads\/2025\/04\/IABEHFBQ3102HD.jpg","contentUrl":"https:\/\/www.mexicanguitarplayers.com\/wp-content\/uploads\/2025\/04\/IABEHFBQ3102HD.jpg","width":1600,"height":800},{"@type":"BreadcrumbList","@id":"https:\/\/www.mexicanguitarplayers.com\/tienda\/sin categor\u00eda\/ecualizador-behringer-estereo-fbq3102hd\/#breadcrumb","itemListElement":[{"@type":"ListItem","position":1,"name":"Portada","item":"https:\/\/www.mexicanguitarplayers.com\/"},{"@type":"ListItem","position":2,"name":"Tienda","item":"https:\/\/www.mexicanguitarplayers.com\/tienda\/"},{"@type":"ListItem","position":3,"name":"ECUALIZADOR BEHRINGER ESTEREO FBQ3102HD"}]},{"@type":"WebSite","@id":"https:\/\/www.mexicanguitarplayers.com\/#website","url":"https:\/\/www.mexicanguitarplayers.com\/","name":"Mexican Guitar Players","description":"Website","publisher":{"@id":"https:\/\/www.mexicanguitarplayers.com\/#organization"},"potentialAction":[{"@type":"SearchAction","target":{"@type":"EntryPoint","urlTemplate":"https:\/\/www.mexicanguitarplayers.com\/?s={search_term_string}"},"query-input":{"@type":"PropertyValueSpecification","valueRequired":true,"valueName":"search_term_string"}}],"inLanguage":"en-US"},{"@type":"Organization","@id":"https:\/\/www.mexicanguitarplayers.com\/#organization","name":"Mexican Guitar Players","url":"https:\/\/www.mexicanguitarplayers.com\/","logo":{"@type":"ImageObject","inLanguage":"en-US","@id":"https:\/\/www.mexicanguitarplayers.com\/#\/schema\/logo\/image\/","url":"","contentUrl":"","caption":"Mexican Guitar Players"},"image":{"@id":"https:\/\/www.mexicanguitarplayers.com\/#\/schema\/logo\/image\/"}}]}},"brands":[{"id":171,"name":"BEHRINGER","slug":"behringer"}],"_links":{"self":[{"href":"https:\/\/www.mexicanguitarplayers.com\/en\/wp-json\/wp\/v2\/product\/38991","targetHints":{"allow":["GET"]}}],"collection":[{"href":"https:\/\/www.mexicanguitarplayers.com\/en\/wp-json\/wp\/v2\/product"}],"about":[{"href":"https:\/\/www.mexicanguitarplayers.com\/en\/wp-json\/wp\/v2\/types\/product"}],"replies":[{"embeddable":true,"href":"https:\/\/www.mexicanguitarplayers.com\/en\/wp-json\/wp\/v2\/comments?post=38991"}],"wp:featuredmedia":[{"embeddable":true,"href":"https:\/\/www.mexicanguitarplayers.com\/en\/wp-json\/wp\/v2\/media\/38986"}],"wp:attachment":[{"href":"https:\/\/www.mexicanguitarplayers.com\/en\/wp-json\/wp\/v2\/media?parent=38991"}],"wp:term":[{"taxonomy":"pwb-brand","embeddable":true,"href":"https:\/\/www.mexicanguitarplayers.com\/en\/wp-json\/wp\/v2\/pwb-brand?post=38991"},{"taxonomy":"product_brand","embeddable":true,"href":"https:\/\/www.mexicanguitarplayers.com\/en\/wp-json\/wp\/v2\/product_brand?post=38991"},{"taxonomy":"product_cat","embeddable":true,"href":"https:\/\/www.mexicanguitarplayers.com\/en\/wp-json\/wp\/v2\/product_cat?post=38991"},{"taxonomy":"product_tag","embeddable":true,"href":"https:\/\/www.mexicanguitarplayers.com\/en\/wp-json\/wp\/v2\/product_tag?post=38991"}],"curies":[{"name":"wp","href":"https:\/\/api.w.org\/{rel}","templated":true}]}}