{"id":39042,"date":"2025-04-09T06:26:04","date_gmt":"2025-04-09T12:26:04","guid":{"rendered":"https:\/\/www.mexicanguitarplayers.com\/tienda\/sin categor\u00eda\/combo-ashdown-p-bajo-mod-studio-210-300\/"},"modified":"2026-04-10T04:21:59","modified_gmt":"2026-04-10T10:21:59","slug":"combo-ashdown-p-bajo-mod-studio-210-300","status":"publish","type":"product","link":"https:\/\/www.mexicanguitarplayers.com\/en\/tienda\/audio\/amplificadores-audio\/amplificadores-de-potencia\/combo-ashdown-p-bajo-mod-studio-210-300\/","title":{"rendered":"COMBO ASHDOWN P\/BAJO  MOD. STUDIO-210-300"},"content":{"rendered":"<div style=\"text-align: justify\">\n<div>\n<h3>STUDIO-210-300<\/h3>\n<\/div>\n<div>En respuesta a las cambiantes necesidades de los m\u00fasicos durante el a\u00f1o 2020, Ashdown ha decidido enfocarse en productos dise\u00f1ados para uso en el hogar, lo que incluye la renovaci\u00f3n de su aclamada gama de combos Studio para bajos. Aunque los amplificadores grandes para giras quedaron en segundo plano, la l\u00ednea Studio continu\u00f3 cautivando a bajistas de todo el mundo. En este contexto, Ashdown se complace en presentar dos emocionantes adiciones a la l\u00ednea Studio. El primero es el combo Studio 210, que hereda una rica variedad de caracter\u00edsticas de su hermano mayor de 15 pulgadas. Este modelo ofrece un ecualizador de 5 bandas, una salida de altavoz externo para utilizar con un gabinete de 8 ohmios, una distorsi\u00f3n con emulaci\u00f3n de v\u00e1lvula controlable por pedal, un bucle de efectos, una salida DI balanceada XLR y un tweeter conmutable. Adem\u00e1s, comprendiendo la necesidad de portabilidad sin comprometer el rendimiento, Ashdown ha dise\u00f1ado la nueva l\u00ednea Studio teniendo en cuenta el exitoso dise\u00f1o de ecualizaci\u00f3n de las gamas Rootmaster y OriginAL. El ecualizador de 5 bandas, combinado con un dise\u00f1o intuitivo, permite a los m\u00fasicos crear su tono perfecto de manera r\u00e1pida y sencilla. Con todas las configuraciones en las 12 en punto, la gama Studio de Ashdown ofrece el c\u00e1lido y articulado sonido que se espera de un bajo. Tambi\u00e9n se ha incluido una salida para auriculares para pr\u00e1ctica silenciosa, reflejando el cambio en c\u00f3mo los m\u00fasicos escuchan y practican en la actualidad. Tanto para aspirantes a bajistas como para profesionales experimentados, el combo Ashdown Studio 210 est\u00e1 aqu\u00ed para elevar la experiencia de interpretaci\u00f3n.<\/div>\n<div>\n<h4>Characteristics<\/h4>\n<\/div>\n<div>\n<ul style=\"margin: 0px 0px 0px 25px\">\n<li style=\"list-style-type: circle;margin: 5px\">Weight<\/li>\n<li style=\"list-style-type: circle;margin: 5px\">Tama\u00f1o <\/li>\n<li style=\"list-style-type: circle;margin: 5px\">Ecualizador de 5 bandas<\/li>\n<li style=\"list-style-type: circle;margin: 5px\">Salida<\/li>\n<li style=\"list-style-type: circle;margin: 5px\">Unidad<\/li>\n<\/ul>\n<\/div>\n<\/div>","protected":false},"excerpt":{"rendered":"<p>El Studio 210 es un amplificador de bajo dise\u00f1ado para brindar un tono excepcional desde el primer momento. Con su resistente carcasa de tolex y esquinas de metal cromado, ofrece protecci\u00f3n duradera y un estilo elegante. Equipado con ecualizaci\u00f3n predeterminada, el nuevo Studio Range de Ashdown proporciona un sonido c\u00e1lido y articulado. Fabricado con contrachapado de \u00e1lamo s\u00faper ligero y altavoces NEO de 10\u201d, el Studio 210 reduce el peso sin comprometer la calidad tonal, ofreciendo un rendimiento \u00f3ptimo para cualquier bajista.&hellip; <a class=\"kt-excerpt-readmore more-link\" href=\"https:\/\/www.mexicanguitarplayers.com\/en\/tienda\/audio\/amplificadores-audio\/amplificadores-de-potencia\/combo-ashdown-p-bajo-mod-studio-210-300\/\">Read more<\/a><\/p>","protected":false},"featured_media":39037,"comment_status":"open","ping_status":"closed","template":"","meta":{"kt_blocks_editor_width":""},"pwb-brand":[257],"product_brand":[],"product_cat":[219,220,213],"product_tag":[],"class_list":{"0":"post-39042","1":"product","2":"type-product","3":"status-publish","4":"has-post-thumbnail","6":"pwb-brand-ashdown","7":"product_cat-amplificadores-audio","8":"product_cat-amplificadores-de-potencia","9":"product_cat-audio","10":"product_shipping_class-15-20-kg","12":"first","13":"outofstock","14":"taxable","15":"shipping-taxable","16":"purchasable","17":"product-type-simple"},"yoast_head":"<!-- This site is optimized with the Yoast SEO plugin v27.6 - https:\/\/yoast.com\/product\/yoast-seo-wordpress\/ -->\n<title>COMBO ASHDOWN P\/BAJO MOD. STUDIO-210-300 - Mexican Guitar Players<\/title>\n<meta name=\"description\" content=\"El Studio 210 es un amplificador de bajo dise\u00f1ado para brindar un tono excepcional desde el primer momento. Con su resistente carcasa de tolex y esquinas de metal cromado, ofrece protecci\u00f3n duradera y un estilo elegante. Equipado con ecualizaci\u00f3n predeterminada, el nuevo Studio Range de Ashdown proporciona un sonido c\u00e1lido y articulado. Fabricado con contrachapado de \u00e1lamo s\u00faper ligero y altavoces NEO de 10\u201d, el Studio 210 reduce el peso sin comprometer la calidad tonal, ofreciendo un rendimiento \u00f3ptimo para cualquier bajista.\" \/>\n<meta name=\"robots\" content=\"index, follow, max-snippet:-1, max-image-preview:large, max-video-preview:-1\" \/>\n<link rel=\"canonical\" href=\"https:\/\/www.mexicanguitarplayers.com\/en\/tienda\/sin%20categor\u00eda\/combo-ashdown-p-bajo-mod-studio-210-300\/\" \/>\n<meta property=\"og:locale\" content=\"en_US\" \/>\n<meta property=\"og:type\" content=\"article\" \/>\n<meta property=\"og:title\" content=\"COMBO ASHDOWN P\/BAJO MOD. STUDIO-210-300 - Mexican Guitar Players\" \/>\n<meta property=\"og:description\" content=\"El Studio 210 es un amplificador de bajo dise\u00f1ado para brindar un tono excepcional desde el primer momento. Con su resistente carcasa de tolex y esquinas de metal cromado, ofrece protecci\u00f3n duradera y un estilo elegante. Equipado con ecualizaci\u00f3n predeterminada, el nuevo Studio Range de Ashdown proporciona un sonido c\u00e1lido y articulado. Fabricado con contrachapado de \u00e1lamo s\u00faper ligero y altavoces NEO de 10\u201d, el Studio 210 reduce el peso sin comprometer la calidad tonal, ofreciendo un rendimiento \u00f3ptimo para cualquier bajista.\" \/>\n<meta property=\"og:url\" content=\"https:\/\/www.mexicanguitarplayers.com\/en\/tienda\/sin categor\u00eda\/combo-ashdown-p-bajo-mod-studio-210-300\/\" \/>\n<meta property=\"og:site_name\" content=\"Mexican Guitar Players\" \/>\n<meta property=\"article:modified_time\" content=\"2026-04-10T10:21:59+00:00\" \/>\n<meta name=\"twitter:card\" content=\"summary_large_image\" \/>\n<meta name=\"twitter:label1\" content=\"Est. reading time\" \/>\n\t<meta name=\"twitter:data1\" content=\"1 minute\" \/>\n<script type=\"application\/ld+json\" class=\"yoast-schema-graph\">{\"@context\":\"https:\\\/\\\/schema.org\",\"@graph\":[{\"@type\":[\"WebPage\",\"ItemPage\"],\"@id\":\"https:\\\/\\\/www.mexicanguitarplayers.com\\\/tienda\\\/sin categor\u00eda\\\/combo-ashdown-p-bajo-mod-studio-210-300\\\/\",\"url\":\"https:\\\/\\\/www.mexicanguitarplayers.com\\\/tienda\\\/sin categor\u00eda\\\/combo-ashdown-p-bajo-mod-studio-210-300\\\/\",\"name\":\"COMBO ASHDOWN P\\\/BAJO MOD. STUDIO-210-300 - Mexican Guitar Players\",\"isPartOf\":{\"@id\":\"https:\\\/\\\/www.mexicanguitarplayers.com\\\/#website\"},\"primaryImageOfPage\":{\"@id\":\"https:\\\/\\\/www.mexicanguitarplayers.com\\\/tienda\\\/sin categor\u00eda\\\/combo-ashdown-p-bajo-mod-studio-210-300\\\/#primaryimage\"},\"image\":{\"@id\":\"https:\\\/\\\/www.mexicanguitarplayers.com\\\/tienda\\\/sin categor\u00eda\\\/combo-ashdown-p-bajo-mod-studio-210-300\\\/#primaryimage\"},\"thumbnailUrl\":\"https:\\\/\\\/www.mexicanguitarplayers.com\\\/wp-content\\\/uploads\\\/2025\\\/04\\\/ICASOST210300.jpg\",\"datePublished\":\"2025-04-09T12:26:04+00:00\",\"dateModified\":\"2026-04-10T10:21:59+00:00\",\"description\":\"El Studio 210 es un amplificador de bajo dise\u00f1ado para brindar un tono excepcional desde el primer momento. Con su resistente carcasa de tolex y esquinas de metal cromado, ofrece protecci\u00f3n duradera y un estilo elegante. Equipado con ecualizaci\u00f3n predeterminada, el nuevo Studio Range de Ashdown proporciona un sonido c\u00e1lido y articulado. Fabricado con contrachapado de \u00e1lamo s\u00faper ligero y altavoces NEO de 10\u201d, el Studio 210 reduce el peso sin comprometer la calidad tonal, ofreciendo un rendimiento \u00f3ptimo para cualquier bajista.\",\"breadcrumb\":{\"@id\":\"https:\\\/\\\/www.mexicanguitarplayers.com\\\/tienda\\\/sin categor\u00eda\\\/combo-ashdown-p-bajo-mod-studio-210-300\\\/#breadcrumb\"},\"inLanguage\":\"en-US\",\"potentialAction\":[{\"@type\":\"ReadAction\",\"target\":[\"https:\\\/\\\/www.mexicanguitarplayers.com\\\/tienda\\\/sin categor\u00eda\\\/combo-ashdown-p-bajo-mod-studio-210-300\\\/\"]}]},{\"@type\":\"ImageObject\",\"inLanguage\":\"en-US\",\"@id\":\"https:\\\/\\\/www.mexicanguitarplayers.com\\\/tienda\\\/sin categor\u00eda\\\/combo-ashdown-p-bajo-mod-studio-210-300\\\/#primaryimage\",\"url\":\"https:\\\/\\\/www.mexicanguitarplayers.com\\\/wp-content\\\/uploads\\\/2025\\\/04\\\/ICASOST210300.jpg\",\"contentUrl\":\"https:\\\/\\\/www.mexicanguitarplayers.com\\\/wp-content\\\/uploads\\\/2025\\\/04\\\/ICASOST210300.jpg\",\"width\":1200,\"height\":1200},{\"@type\":\"BreadcrumbList\",\"@id\":\"https:\\\/\\\/www.mexicanguitarplayers.com\\\/tienda\\\/sin categor\u00eda\\\/combo-ashdown-p-bajo-mod-studio-210-300\\\/#breadcrumb\",\"itemListElement\":[{\"@type\":\"ListItem\",\"position\":1,\"name\":\"Portada\",\"item\":\"https:\\\/\\\/www.mexicanguitarplayers.com\\\/\"},{\"@type\":\"ListItem\",\"position\":2,\"name\":\"Tienda\",\"item\":\"https:\\\/\\\/www.mexicanguitarplayers.com\\\/tienda\\\/\"},{\"@type\":\"ListItem\",\"position\":3,\"name\":\"COMBO ASHDOWN P\\\/BAJO MOD. STUDIO-210-300\"}]},{\"@type\":\"WebSite\",\"@id\":\"https:\\\/\\\/www.mexicanguitarplayers.com\\\/#website\",\"url\":\"https:\\\/\\\/www.mexicanguitarplayers.com\\\/\",\"name\":\"Mexican Guitar Players\",\"description\":\"Website\",\"publisher\":{\"@id\":\"https:\\\/\\\/www.mexicanguitarplayers.com\\\/#organization\"},\"potentialAction\":[{\"@type\":\"SearchAction\",\"target\":{\"@type\":\"EntryPoint\",\"urlTemplate\":\"https:\\\/\\\/www.mexicanguitarplayers.com\\\/?s={search_term_string}\"},\"query-input\":{\"@type\":\"PropertyValueSpecification\",\"valueRequired\":true,\"valueName\":\"search_term_string\"}}],\"inLanguage\":\"en-US\"},{\"@type\":\"Organization\",\"@id\":\"https:\\\/\\\/www.mexicanguitarplayers.com\\\/#organization\",\"name\":\"Mexican Guitar Players\",\"url\":\"https:\\\/\\\/www.mexicanguitarplayers.com\\\/\",\"logo\":{\"@type\":\"ImageObject\",\"inLanguage\":\"en-US\",\"@id\":\"https:\\\/\\\/www.mexicanguitarplayers.com\\\/#\\\/schema\\\/logo\\\/image\\\/\",\"url\":\"\",\"contentUrl\":\"\",\"caption\":\"Mexican Guitar Players\"},\"image\":{\"@id\":\"https:\\\/\\\/www.mexicanguitarplayers.com\\\/#\\\/schema\\\/logo\\\/image\\\/\"}}]}<\/script>\n<!-- \/ Yoast SEO plugin. -->","yoast_head_json":{"title":"COMBO ASHDOWN P\/BAJO MOD. STUDIO-210-300 - Mexican Guitar Players","description":"El Studio 210 es un amplificador de bajo dise\u00f1ado para brindar un tono excepcional desde el primer momento. Con su resistente carcasa de tolex y esquinas de metal cromado, ofrece protecci\u00f3n duradera y un estilo elegante. Equipado con ecualizaci\u00f3n predeterminada, el nuevo Studio Range de Ashdown proporciona un sonido c\u00e1lido y articulado. Fabricado con contrachapado de \u00e1lamo s\u00faper ligero y altavoces NEO de 10\u201d, el Studio 210 reduce el peso sin comprometer la calidad tonal, ofreciendo un rendimiento \u00f3ptimo para cualquier bajista.","robots":{"index":"index","follow":"follow","max-snippet":"max-snippet:-1","max-image-preview":"max-image-preview:large","max-video-preview":"max-video-preview:-1"},"canonical":"https:\/\/www.mexicanguitarplayers.com\/en\/tienda\/sin categor\u00eda\/combo-ashdown-p-bajo-mod-studio-210-300\/","og_locale":"en_US","og_type":"article","og_title":"COMBO ASHDOWN P\/BAJO MOD. STUDIO-210-300 - Mexican Guitar Players","og_description":"El Studio 210 es un amplificador de bajo dise\u00f1ado para brindar un tono excepcional desde el primer momento. Con su resistente carcasa de tolex y esquinas de metal cromado, ofrece protecci\u00f3n duradera y un estilo elegante. Equipado con ecualizaci\u00f3n predeterminada, el nuevo Studio Range de Ashdown proporciona un sonido c\u00e1lido y articulado. Fabricado con contrachapado de \u00e1lamo s\u00faper ligero y altavoces NEO de 10\u201d, el Studio 210 reduce el peso sin comprometer la calidad tonal, ofreciendo un rendimiento \u00f3ptimo para cualquier bajista.","og_url":"https:\/\/www.mexicanguitarplayers.com\/en\/tienda\/sin categor\u00eda\/combo-ashdown-p-bajo-mod-studio-210-300\/","og_site_name":"Mexican Guitar Players","article_modified_time":"2026-04-10T10:21:59+00:00","twitter_card":"summary_large_image","twitter_misc":{"Est. reading time":"1 minute"},"schema":{"@context":"https:\/\/schema.org","@graph":[{"@type":["WebPage","ItemPage"],"@id":"https:\/\/www.mexicanguitarplayers.com\/tienda\/sin categor\u00eda\/combo-ashdown-p-bajo-mod-studio-210-300\/","url":"https:\/\/www.mexicanguitarplayers.com\/tienda\/sin categor\u00eda\/combo-ashdown-p-bajo-mod-studio-210-300\/","name":"COMBO ASHDOWN P\/BAJO MOD. STUDIO-210-300 - Mexican Guitar Players","isPartOf":{"@id":"https:\/\/www.mexicanguitarplayers.com\/#website"},"primaryImageOfPage":{"@id":"https:\/\/www.mexicanguitarplayers.com\/tienda\/sin categor\u00eda\/combo-ashdown-p-bajo-mod-studio-210-300\/#primaryimage"},"image":{"@id":"https:\/\/www.mexicanguitarplayers.com\/tienda\/sin categor\u00eda\/combo-ashdown-p-bajo-mod-studio-210-300\/#primaryimage"},"thumbnailUrl":"https:\/\/www.mexicanguitarplayers.com\/wp-content\/uploads\/2025\/04\/ICASOST210300.jpg","datePublished":"2025-04-09T12:26:04+00:00","dateModified":"2026-04-10T10:21:59+00:00","description":"El Studio 210 es un amplificador de bajo dise\u00f1ado para brindar un tono excepcional desde el primer momento. Con su resistente carcasa de tolex y esquinas de metal cromado, ofrece protecci\u00f3n duradera y un estilo elegante. Equipado con ecualizaci\u00f3n predeterminada, el nuevo Studio Range de Ashdown proporciona un sonido c\u00e1lido y articulado. Fabricado con contrachapado de \u00e1lamo s\u00faper ligero y altavoces NEO de 10\u201d, el Studio 210 reduce el peso sin comprometer la calidad tonal, ofreciendo un rendimiento \u00f3ptimo para cualquier bajista.","breadcrumb":{"@id":"https:\/\/www.mexicanguitarplayers.com\/tienda\/sin categor\u00eda\/combo-ashdown-p-bajo-mod-studio-210-300\/#breadcrumb"},"inLanguage":"en-US","potentialAction":[{"@type":"ReadAction","target":["https:\/\/www.mexicanguitarplayers.com\/tienda\/sin categor\u00eda\/combo-ashdown-p-bajo-mod-studio-210-300\/"]}]},{"@type":"ImageObject","inLanguage":"en-US","@id":"https:\/\/www.mexicanguitarplayers.com\/tienda\/sin categor\u00eda\/combo-ashdown-p-bajo-mod-studio-210-300\/#primaryimage","url":"https:\/\/www.mexicanguitarplayers.com\/wp-content\/uploads\/2025\/04\/ICASOST210300.jpg","contentUrl":"https:\/\/www.mexicanguitarplayers.com\/wp-content\/uploads\/2025\/04\/ICASOST210300.jpg","width":1200,"height":1200},{"@type":"BreadcrumbList","@id":"https:\/\/www.mexicanguitarplayers.com\/tienda\/sin categor\u00eda\/combo-ashdown-p-bajo-mod-studio-210-300\/#breadcrumb","itemListElement":[{"@type":"ListItem","position":1,"name":"Portada","item":"https:\/\/www.mexicanguitarplayers.com\/"},{"@type":"ListItem","position":2,"name":"Tienda","item":"https:\/\/www.mexicanguitarplayers.com\/tienda\/"},{"@type":"ListItem","position":3,"name":"COMBO ASHDOWN P\/BAJO MOD. STUDIO-210-300"}]},{"@type":"WebSite","@id":"https:\/\/www.mexicanguitarplayers.com\/#website","url":"https:\/\/www.mexicanguitarplayers.com\/","name":"Mexican Guitar Players","description":"Website","publisher":{"@id":"https:\/\/www.mexicanguitarplayers.com\/#organization"},"potentialAction":[{"@type":"SearchAction","target":{"@type":"EntryPoint","urlTemplate":"https:\/\/www.mexicanguitarplayers.com\/?s={search_term_string}"},"query-input":{"@type":"PropertyValueSpecification","valueRequired":true,"valueName":"search_term_string"}}],"inLanguage":"en-US"},{"@type":"Organization","@id":"https:\/\/www.mexicanguitarplayers.com\/#organization","name":"Mexican Guitar Players","url":"https:\/\/www.mexicanguitarplayers.com\/","logo":{"@type":"ImageObject","inLanguage":"en-US","@id":"https:\/\/www.mexicanguitarplayers.com\/#\/schema\/logo\/image\/","url":"","contentUrl":"","caption":"Mexican Guitar Players"},"image":{"@id":"https:\/\/www.mexicanguitarplayers.com\/#\/schema\/logo\/image\/"}}]}},"brands":[{"id":257,"name":"ASHDOWN","slug":"ashdown"}],"_links":{"self":[{"href":"https:\/\/www.mexicanguitarplayers.com\/en\/wp-json\/wp\/v2\/product\/39042","targetHints":{"allow":["GET"]}}],"collection":[{"href":"https:\/\/www.mexicanguitarplayers.com\/en\/wp-json\/wp\/v2\/product"}],"about":[{"href":"https:\/\/www.mexicanguitarplayers.com\/en\/wp-json\/wp\/v2\/types\/product"}],"replies":[{"embeddable":true,"href":"https:\/\/www.mexicanguitarplayers.com\/en\/wp-json\/wp\/v2\/comments?post=39042"}],"wp:featuredmedia":[{"embeddable":true,"href":"https:\/\/www.mexicanguitarplayers.com\/en\/wp-json\/wp\/v2\/media\/39037"}],"wp:attachment":[{"href":"https:\/\/www.mexicanguitarplayers.com\/en\/wp-json\/wp\/v2\/media?parent=39042"}],"wp:term":[{"taxonomy":"pwb-brand","embeddable":true,"href":"https:\/\/www.mexicanguitarplayers.com\/en\/wp-json\/wp\/v2\/pwb-brand?post=39042"},{"taxonomy":"product_brand","embeddable":true,"href":"https:\/\/www.mexicanguitarplayers.com\/en\/wp-json\/wp\/v2\/product_brand?post=39042"},{"taxonomy":"product_cat","embeddable":true,"href":"https:\/\/www.mexicanguitarplayers.com\/en\/wp-json\/wp\/v2\/product_cat?post=39042"},{"taxonomy":"product_tag","embeddable":true,"href":"https:\/\/www.mexicanguitarplayers.com\/en\/wp-json\/wp\/v2\/product_tag?post=39042"}],"curies":[{"name":"wp","href":"https:\/\/api.w.org\/{rel}","templated":true}]}}