{"id":39124,"date":"2025-04-09T06:28:53","date_gmt":"2025-04-09T12:28:53","guid":{"rendered":"https:\/\/www.mexicanguitarplayers.com\/tienda\/sin categor\u00eda\/encordadura-daddario-mod-ej-16\/"},"modified":"2026-03-11T01:14:53","modified_gmt":"2026-03-11T07:14:53","slug":"encordadura-daddario-mod-ej-16","status":"publish","type":"product","link":"https:\/\/www.mexicanguitarplayers.com\/en\/tienda\/accesorios\/para-guitarras\/cuerdas-y-encordaduras\/encordadura-para-guitarra-acustica\/encordadura-daddario-mod-ej-16\/","title":{"rendered":"ENCORDADURA DADDARIO MOD. EJ-16"},"content":{"rendered":"<div style=\"text-align: justify\">\n<div>\n<h3>Sonido brillante, profundo y con proyecci\u00f3n.<\/h3>\n<\/div>\n<div>EJ16, el juego m\u00e1s popular de D&#8217;Addario, ofrece el equilibrio ideal de volumen, proyecci\u00f3n y comodidad de uso. El bronce fosforado fue introducido para la fabricaci\u00f3n de cuerdas por D&#8217;Addario en 1974 y se ha convertido en un sin\u00f3nimo de calidez, nitidez y tono ac\u00fastico bien equilibrado.  Las cuerdas de bronce fosforado de D&#8217;Addario poseen un entorchado de precisi\u00f3n con bronce fosforado resistente a la corrosi\u00f3n sobre una cuerda de acero de alto carbono, con forma hexagonal y estirada cuidadosamente.  El resultado es un tono billante y duradero con excelente entonaci\u00f3n.<\/div>\n<div>\n<h4>Quick look<\/h4>\n<\/div>\n<ul style=\"margin: 0px 0px 0px 25px\">\n<li style=\"list-style-type: circle;margin: 5px\">Entorchado de bronce fosforado.<\/li>\n<li style=\"list-style-type: circle;margin: 5px\">Nucleo hexagonal de acero al alto carb\u00f3n.<\/li>\n<li style=\"list-style-type: circle;margin: 5px\">Ecological packaging.<\/li>\n<li style=\"list-style-type: circle;margin: 5px\">Calibres de las cuerdas.<\/li>\n<\/ul>\n<div>\n<div style=\"font-weight: bold\">Entorchado de bronce fosforado.<\/div>\n<div>\n<p>El bronce fosforado proporciona un sonido m\u00e1s c\u00e1lido pero brillante adem\u00e1s de gran duraci\u00f3n por sus propiedades resistentes al las cuerdas D&#8217;Addario son entorchadas a la perfecci\u00f3n garantizando un sonido potente y estable adem\u00e1s de una afinaci\u00f3n duradera.<\/p>\n<\/div>\n<div style=\"font-weight: bold\">Nucleo hexagonal de acero al alto carb\u00f3n.<\/div>\n<div>\n<p>Este material ofrece adem\u00e1s de alta resisitencia y durabilidad, un sonido cristalino con mucha proyecci\u00f3n, sustain y gran conservaci\u00f3n de la afinaci\u00f3n.<\/p>\n<\/div>\n<div style=\"font-weight: bold\">Ecological packaging.<\/div>\n<div>\n<p>Ecological and corrosion resistant package to preserve the freshness of the strings.<\/p>\n<\/div>\n<div style=\"font-weight: bold\">Calibres de las cuerdas.<\/div>\n<div>\n<p>Acero liso .012, .016. Entorchado en bronce fosforado .024, .032, .042, .053.<\/p>\n<\/div>\n<\/div>\n<div>\n<h4>Characteristics<\/h4>\n<\/div>\n<div>\n<ul style=\"margin: 0px 0px 0px 25px\">\n<li style=\"list-style-type: circle;margin: 5px\">Tensi\u00f3n ligera.<\/li>\n<li style=\"list-style-type: circle;margin: 5px\">Made in the USA.<\/li>\n<\/ul>\n<\/div>\n<\/div>","protected":false},"excerpt":{"rendered":"<p>Juego de cuerdas de bronce fosforado para guitarra ac\u00fastica, blandas, 12-53, volumen, proyecci\u00f3n y comodidad de uso, calidez, nitidez y tono ac\u00fastico bien equilibrado, entorchado de precisi\u00f3n con bronce fosforado resistente a la corrosi\u00f3n sobre una cuerda de acero de alto carbono, con forma hexagonal y estirada cuidadosamente, excelente entonaci\u00f3n, paquete ecol\u00f3gico y resistente a la corrosi\u00f3n.&hellip; <a class=\"kt-excerpt-readmore more-link\" href=\"https:\/\/www.mexicanguitarplayers.com\/en\/tienda\/accesorios\/para-guitarras\/cuerdas-y-encordaduras\/encordadura-para-guitarra-acustica\/encordadura-daddario-mod-ej-16\/\">Read more<\/a><\/p>","protected":false},"featured_media":39123,"comment_status":"open","ping_status":"closed","template":"","meta":{"kt_blocks_editor_width":""},"pwb-brand":[347],"product_brand":[],"product_cat":[85,337,346,336],"product_tag":[],"class_list":{"0":"post-39124","1":"product","2":"type-product","3":"status-publish","4":"has-post-thumbnail","6":"pwb-brand-d-addario","7":"product_cat-accesorios","8":"product_cat-cuerdas-y-encordaduras","9":"product_cat-encordadura-para-guitarra-acustica","10":"product_cat-para-guitarras","11":"product_shipping_class-0-5-kg-cuerdas","13":"first","14":"instock","15":"taxable","16":"shipping-taxable","17":"purchasable","18":"product-type-simple"},"yoast_head":"<!-- This site is optimized with the Yoast SEO plugin v27.3 - https:\/\/yoast.com\/product\/yoast-seo-wordpress\/ -->\n<title>ENCORDADURA DADDARIO MOD. EJ-16 - Mexican Guitar Players<\/title>\n<meta name=\"description\" content=\"Juego de cuerdas de bronce fosforado para guitarra ac\u00fastica, blandas, 12-53, volumen, proyecci\u00f3n y comodidad de uso, calidez, nitidez y tono ac\u00fastico bien equilibrado, entorchado de precisi\u00f3n con bronce fosforado resistente a la corrosi\u00f3n sobre una cuerda de acero de alto carbono, con forma hexagonal y estirada cuidadosamente, excelente entonaci\u00f3n, paquete ecol\u00f3gico y resistente a la corrosi\u00f3n.\" \/>\n<meta name=\"robots\" content=\"index, follow, max-snippet:-1, max-image-preview:large, max-video-preview:-1\" \/>\n<link rel=\"canonical\" href=\"https:\/\/www.mexicanguitarplayers.com\/en\/tienda\/sin%20categor\u00eda\/encordadura-daddario-mod-ej-16\/\" \/>\n<meta property=\"og:locale\" content=\"en_US\" \/>\n<meta property=\"og:type\" content=\"article\" \/>\n<meta property=\"og:title\" content=\"ENCORDADURA DADDARIO MOD. EJ-16 - Mexican Guitar Players\" \/>\n<meta property=\"og:description\" content=\"Juego de cuerdas de bronce fosforado para guitarra ac\u00fastica, blandas, 12-53, volumen, proyecci\u00f3n y comodidad de uso, calidez, nitidez y tono ac\u00fastico bien equilibrado, entorchado de precisi\u00f3n con bronce fosforado resistente a la corrosi\u00f3n sobre una cuerda de acero de alto carbono, con forma hexagonal y estirada cuidadosamente, excelente entonaci\u00f3n, paquete ecol\u00f3gico y resistente a la corrosi\u00f3n.\" \/>\n<meta property=\"og:url\" content=\"https:\/\/www.mexicanguitarplayers.com\/en\/tienda\/sin categor\u00eda\/encordadura-daddario-mod-ej-16\/\" \/>\n<meta property=\"og:site_name\" content=\"Mexican Guitar Players\" \/>\n<meta property=\"article:modified_time\" content=\"2026-03-11T07:14:53+00:00\" \/>\n<meta name=\"twitter:card\" content=\"summary_large_image\" \/>\n<meta name=\"twitter:label1\" content=\"Est. reading time\" \/>\n\t<meta name=\"twitter:data1\" content=\"1 minute\" \/>\n<script type=\"application\/ld+json\" class=\"yoast-schema-graph\">{\"@context\":\"https:\\\/\\\/schema.org\",\"@graph\":[{\"@type\":[\"WebPage\",\"ItemPage\"],\"@id\":\"https:\\\/\\\/www.mexicanguitarplayers.com\\\/tienda\\\/sin categor\u00eda\\\/encordadura-daddario-mod-ej-16\\\/\",\"url\":\"https:\\\/\\\/www.mexicanguitarplayers.com\\\/tienda\\\/sin categor\u00eda\\\/encordadura-daddario-mod-ej-16\\\/\",\"name\":\"ENCORDADURA DADDARIO MOD. EJ-16 - Mexican Guitar Players\",\"isPartOf\":{\"@id\":\"https:\\\/\\\/www.mexicanguitarplayers.com\\\/#website\"},\"primaryImageOfPage\":{\"@id\":\"https:\\\/\\\/www.mexicanguitarplayers.com\\\/tienda\\\/sin categor\u00eda\\\/encordadura-daddario-mod-ej-16\\\/#primaryimage\"},\"image\":{\"@id\":\"https:\\\/\\\/www.mexicanguitarplayers.com\\\/tienda\\\/sin categor\u00eda\\\/encordadura-daddario-mod-ej-16\\\/#primaryimage\"},\"thumbnailUrl\":\"https:\\\/\\\/www.mexicanguitarplayers.com\\\/wp-content\\\/uploads\\\/2025\\\/04\\\/RADADEJ16.jpg\",\"datePublished\":\"2025-04-09T12:28:53+00:00\",\"dateModified\":\"2026-03-11T07:14:53+00:00\",\"description\":\"Juego de cuerdas de bronce fosforado para guitarra ac\u00fastica, blandas, 12-53, volumen, proyecci\u00f3n y comodidad de uso, calidez, nitidez y tono ac\u00fastico bien equilibrado, entorchado de precisi\u00f3n con bronce fosforado resistente a la corrosi\u00f3n sobre una cuerda de acero de alto carbono, con forma hexagonal y estirada cuidadosamente, excelente entonaci\u00f3n, paquete ecol\u00f3gico y resistente a la corrosi\u00f3n.\",\"breadcrumb\":{\"@id\":\"https:\\\/\\\/www.mexicanguitarplayers.com\\\/tienda\\\/sin categor\u00eda\\\/encordadura-daddario-mod-ej-16\\\/#breadcrumb\"},\"inLanguage\":\"en-US\",\"potentialAction\":[{\"@type\":\"ReadAction\",\"target\":[\"https:\\\/\\\/www.mexicanguitarplayers.com\\\/tienda\\\/sin categor\u00eda\\\/encordadura-daddario-mod-ej-16\\\/\"]}]},{\"@type\":\"ImageObject\",\"inLanguage\":\"en-US\",\"@id\":\"https:\\\/\\\/www.mexicanguitarplayers.com\\\/tienda\\\/sin categor\u00eda\\\/encordadura-daddario-mod-ej-16\\\/#primaryimage\",\"url\":\"https:\\\/\\\/www.mexicanguitarplayers.com\\\/wp-content\\\/uploads\\\/2025\\\/04\\\/RADADEJ16.jpg\",\"contentUrl\":\"https:\\\/\\\/www.mexicanguitarplayers.com\\\/wp-content\\\/uploads\\\/2025\\\/04\\\/RADADEJ16.jpg\",\"width\":1200,\"height\":1200},{\"@type\":\"BreadcrumbList\",\"@id\":\"https:\\\/\\\/www.mexicanguitarplayers.com\\\/tienda\\\/sin categor\u00eda\\\/encordadura-daddario-mod-ej-16\\\/#breadcrumb\",\"itemListElement\":[{\"@type\":\"ListItem\",\"position\":1,\"name\":\"Portada\",\"item\":\"https:\\\/\\\/www.mexicanguitarplayers.com\\\/\"},{\"@type\":\"ListItem\",\"position\":2,\"name\":\"Tienda\",\"item\":\"https:\\\/\\\/www.mexicanguitarplayers.com\\\/tienda\\\/\"},{\"@type\":\"ListItem\",\"position\":3,\"name\":\"ENCORDADURA DADDARIO MOD. EJ-16\"}]},{\"@type\":\"WebSite\",\"@id\":\"https:\\\/\\\/www.mexicanguitarplayers.com\\\/#website\",\"url\":\"https:\\\/\\\/www.mexicanguitarplayers.com\\\/\",\"name\":\"Mexican Guitar Players\",\"description\":\"Website\",\"publisher\":{\"@id\":\"https:\\\/\\\/www.mexicanguitarplayers.com\\\/#organization\"},\"potentialAction\":[{\"@type\":\"SearchAction\",\"target\":{\"@type\":\"EntryPoint\",\"urlTemplate\":\"https:\\\/\\\/www.mexicanguitarplayers.com\\\/?s={search_term_string}\"},\"query-input\":{\"@type\":\"PropertyValueSpecification\",\"valueRequired\":true,\"valueName\":\"search_term_string\"}}],\"inLanguage\":\"en-US\"},{\"@type\":\"Organization\",\"@id\":\"https:\\\/\\\/www.mexicanguitarplayers.com\\\/#organization\",\"name\":\"Mexican Guitar Players\",\"url\":\"https:\\\/\\\/www.mexicanguitarplayers.com\\\/\",\"logo\":{\"@type\":\"ImageObject\",\"inLanguage\":\"en-US\",\"@id\":\"https:\\\/\\\/www.mexicanguitarplayers.com\\\/#\\\/schema\\\/logo\\\/image\\\/\",\"url\":\"\",\"contentUrl\":\"\",\"caption\":\"Mexican Guitar Players\"},\"image\":{\"@id\":\"https:\\\/\\\/www.mexicanguitarplayers.com\\\/#\\\/schema\\\/logo\\\/image\\\/\"}}]}<\/script>\n<!-- \/ Yoast SEO plugin. -->","yoast_head_json":{"title":"ENCORDADURA DADDARIO MOD. EJ-16 - Mexican Guitar Players","description":"Juego de cuerdas de bronce fosforado para guitarra ac\u00fastica, blandas, 12-53, volumen, proyecci\u00f3n y comodidad de uso, calidez, nitidez y tono ac\u00fastico bien equilibrado, entorchado de precisi\u00f3n con bronce fosforado resistente a la corrosi\u00f3n sobre una cuerda de acero de alto carbono, con forma hexagonal y estirada cuidadosamente, excelente entonaci\u00f3n, paquete ecol\u00f3gico y resistente a la corrosi\u00f3n.","robots":{"index":"index","follow":"follow","max-snippet":"max-snippet:-1","max-image-preview":"max-image-preview:large","max-video-preview":"max-video-preview:-1"},"canonical":"https:\/\/www.mexicanguitarplayers.com\/en\/tienda\/sin categor\u00eda\/encordadura-daddario-mod-ej-16\/","og_locale":"en_US","og_type":"article","og_title":"ENCORDADURA DADDARIO MOD. EJ-16 - Mexican Guitar Players","og_description":"Juego de cuerdas de bronce fosforado para guitarra ac\u00fastica, blandas, 12-53, volumen, proyecci\u00f3n y comodidad de uso, calidez, nitidez y tono ac\u00fastico bien equilibrado, entorchado de precisi\u00f3n con bronce fosforado resistente a la corrosi\u00f3n sobre una cuerda de acero de alto carbono, con forma hexagonal y estirada cuidadosamente, excelente entonaci\u00f3n, paquete ecol\u00f3gico y resistente a la corrosi\u00f3n.","og_url":"https:\/\/www.mexicanguitarplayers.com\/en\/tienda\/sin categor\u00eda\/encordadura-daddario-mod-ej-16\/","og_site_name":"Mexican Guitar Players","article_modified_time":"2026-03-11T07:14:53+00:00","twitter_card":"summary_large_image","twitter_misc":{"Est. reading time":"1 minute"},"schema":{"@context":"https:\/\/schema.org","@graph":[{"@type":["WebPage","ItemPage"],"@id":"https:\/\/www.mexicanguitarplayers.com\/tienda\/sin categor\u00eda\/encordadura-daddario-mod-ej-16\/","url":"https:\/\/www.mexicanguitarplayers.com\/tienda\/sin categor\u00eda\/encordadura-daddario-mod-ej-16\/","name":"ENCORDADURA DADDARIO MOD. EJ-16 - Mexican Guitar Players","isPartOf":{"@id":"https:\/\/www.mexicanguitarplayers.com\/#website"},"primaryImageOfPage":{"@id":"https:\/\/www.mexicanguitarplayers.com\/tienda\/sin categor\u00eda\/encordadura-daddario-mod-ej-16\/#primaryimage"},"image":{"@id":"https:\/\/www.mexicanguitarplayers.com\/tienda\/sin categor\u00eda\/encordadura-daddario-mod-ej-16\/#primaryimage"},"thumbnailUrl":"https:\/\/www.mexicanguitarplayers.com\/wp-content\/uploads\/2025\/04\/RADADEJ16.jpg","datePublished":"2025-04-09T12:28:53+00:00","dateModified":"2026-03-11T07:14:53+00:00","description":"Juego de cuerdas de bronce fosforado para guitarra ac\u00fastica, blandas, 12-53, volumen, proyecci\u00f3n y comodidad de uso, calidez, nitidez y tono ac\u00fastico bien equilibrado, entorchado de precisi\u00f3n con bronce fosforado resistente a la corrosi\u00f3n sobre una cuerda de acero de alto carbono, con forma hexagonal y estirada cuidadosamente, excelente entonaci\u00f3n, paquete ecol\u00f3gico y resistente a la corrosi\u00f3n.","breadcrumb":{"@id":"https:\/\/www.mexicanguitarplayers.com\/tienda\/sin categor\u00eda\/encordadura-daddario-mod-ej-16\/#breadcrumb"},"inLanguage":"en-US","potentialAction":[{"@type":"ReadAction","target":["https:\/\/www.mexicanguitarplayers.com\/tienda\/sin categor\u00eda\/encordadura-daddario-mod-ej-16\/"]}]},{"@type":"ImageObject","inLanguage":"en-US","@id":"https:\/\/www.mexicanguitarplayers.com\/tienda\/sin categor\u00eda\/encordadura-daddario-mod-ej-16\/#primaryimage","url":"https:\/\/www.mexicanguitarplayers.com\/wp-content\/uploads\/2025\/04\/RADADEJ16.jpg","contentUrl":"https:\/\/www.mexicanguitarplayers.com\/wp-content\/uploads\/2025\/04\/RADADEJ16.jpg","width":1200,"height":1200},{"@type":"BreadcrumbList","@id":"https:\/\/www.mexicanguitarplayers.com\/tienda\/sin categor\u00eda\/encordadura-daddario-mod-ej-16\/#breadcrumb","itemListElement":[{"@type":"ListItem","position":1,"name":"Portada","item":"https:\/\/www.mexicanguitarplayers.com\/"},{"@type":"ListItem","position":2,"name":"Tienda","item":"https:\/\/www.mexicanguitarplayers.com\/tienda\/"},{"@type":"ListItem","position":3,"name":"ENCORDADURA DADDARIO MOD. EJ-16"}]},{"@type":"WebSite","@id":"https:\/\/www.mexicanguitarplayers.com\/#website","url":"https:\/\/www.mexicanguitarplayers.com\/","name":"Mexican Guitar Players","description":"Website","publisher":{"@id":"https:\/\/www.mexicanguitarplayers.com\/#organization"},"potentialAction":[{"@type":"SearchAction","target":{"@type":"EntryPoint","urlTemplate":"https:\/\/www.mexicanguitarplayers.com\/?s={search_term_string}"},"query-input":{"@type":"PropertyValueSpecification","valueRequired":true,"valueName":"search_term_string"}}],"inLanguage":"en-US"},{"@type":"Organization","@id":"https:\/\/www.mexicanguitarplayers.com\/#organization","name":"Mexican Guitar Players","url":"https:\/\/www.mexicanguitarplayers.com\/","logo":{"@type":"ImageObject","inLanguage":"en-US","@id":"https:\/\/www.mexicanguitarplayers.com\/#\/schema\/logo\/image\/","url":"","contentUrl":"","caption":"Mexican Guitar Players"},"image":{"@id":"https:\/\/www.mexicanguitarplayers.com\/#\/schema\/logo\/image\/"}}]}},"brands":[{"id":347,"name":"D ADDARIO","slug":"d-addario"}],"_links":{"self":[{"href":"https:\/\/www.mexicanguitarplayers.com\/en\/wp-json\/wp\/v2\/product\/39124","targetHints":{"allow":["GET"]}}],"collection":[{"href":"https:\/\/www.mexicanguitarplayers.com\/en\/wp-json\/wp\/v2\/product"}],"about":[{"href":"https:\/\/www.mexicanguitarplayers.com\/en\/wp-json\/wp\/v2\/types\/product"}],"replies":[{"embeddable":true,"href":"https:\/\/www.mexicanguitarplayers.com\/en\/wp-json\/wp\/v2\/comments?post=39124"}],"wp:featuredmedia":[{"embeddable":true,"href":"https:\/\/www.mexicanguitarplayers.com\/en\/wp-json\/wp\/v2\/media\/39123"}],"wp:attachment":[{"href":"https:\/\/www.mexicanguitarplayers.com\/en\/wp-json\/wp\/v2\/media?parent=39124"}],"wp:term":[{"taxonomy":"pwb-brand","embeddable":true,"href":"https:\/\/www.mexicanguitarplayers.com\/en\/wp-json\/wp\/v2\/pwb-brand?post=39124"},{"taxonomy":"product_brand","embeddable":true,"href":"https:\/\/www.mexicanguitarplayers.com\/en\/wp-json\/wp\/v2\/product_brand?post=39124"},{"taxonomy":"product_cat","embeddable":true,"href":"https:\/\/www.mexicanguitarplayers.com\/en\/wp-json\/wp\/v2\/product_cat?post=39124"},{"taxonomy":"product_tag","embeddable":true,"href":"https:\/\/www.mexicanguitarplayers.com\/en\/wp-json\/wp\/v2\/product_tag?post=39124"}],"curies":[{"name":"wp","href":"https:\/\/api.w.org\/{rel}","templated":true}]}}