{"id":39134,"date":"2025-04-09T06:29:05","date_gmt":"2025-04-09T12:29:05","guid":{"rendered":"https:\/\/www.mexicanguitarplayers.com\/tienda\/sin categor\u00eda\/mezcladora-behringer-mod-1202fx\/"},"modified":"2026-04-10T04:21:51","modified_gmt":"2026-04-10T10:21:51","slug":"mezcladora-behringer-mod-1202fx","status":"publish","type":"product","link":"https:\/\/www.mexicanguitarplayers.com\/en\/tienda\/audio\/mezcladoras\/mezcladora-behringer-mod-1202fx\/","title":{"rendered":"MEZCLADORA BEHRINGER MOD. 1202FX"},"content":{"rendered":"<div style=\"text-align: justify\">\n<div>\n<h3>12 canales listos para tus presentaciones.<\/h3>\n<\/div>\n<div>La mezcladora compacta XENYX 1202FX te permite obtener sin esfuerzo un sonido de primera calidad gracias a sus 4 preamplificadores de micr\u00f3fono Xenyx con calidad de estudio integrados y sus ecualizadores brit\u00e1nicos de canal. Esta pr\u00e1ctica mezcladora ofrece un total de 12 entradas (4 mic y 4 est\u00e9reo) para manejar una gran variedad de fuentes de entrada. A esto hay que a\u00f1adir un procesador multi efectos de 24 bits con 100 impresionantes preajustes, que incluyen reverb, chorus, flanger, delay, pitch shifter y otros multi efectos y la 1202FX se convertir\u00e1 en una mezcladora incre\u00edblemente vers\u00e1til para tus presentaciones en vivo. Preamplificadores de micr\u00f3fono s\u00f3nicamente superiores. La mezcladora Xenyx 1202FX obtiene su nombre de nuestros legendarios preamplificadores de micr\u00f3fono Xenyx, que han sido elogiados por ingenieros de audio alrededor del mundo. Estos preamps de micr\u00f3fono de \u00faltima generaci\u00f3n representan un paso importante en la evoluci\u00f3n de la tecnolog\u00eda de audio y pueden f\u00e1cilmente mantenerse a s\u00ed mismos, incluso en comparaci\u00f3n con los preamps de micr\u00f3fono aut\u00f3nomos m\u00e1s caros. Los preamplificadores Xenyx ofrecen un asombroso rango din\u00e1mico de 130 dB, con un ancho de banda que se extiende desde por debajo de los 10 Hz hasta muy por encima de los 200 kHz. Armado con estos preamplificadores sobresalientes de micr\u00f3fono, la mezcladora Xenyx 1202FX proporciona un rendimiento tan transparente y cristalino que s\u00f3lo podr\u00edas pensar que alguien actualiz\u00f3 tus micr\u00f3fonos mientras no estabas viendo. Ecualizador brit\u00e1nico sublimemente musical. Las consolas brit\u00e1nicas de los a\u00f1os 60 y 70 cambiaron el sonido del rock and roll, sin ellos la invasi\u00f3n brit\u00e1nica podr\u00eda no haber ocurrido. Esas legendarias mezcladoras pronto se convirtieron en la envidia de ingenieros y productores en todo el mundo. El ecualizador de canal de nuestras mezcladoras Xenyx se basa en ese mismo circuito, lo que te permite imbuir las se\u00f1ales con un calor incre\u00edble y un car\u00e1cter musical detallado. Incluso cuando se aplican generosamente, estos ecualizadores muestran una excelente calidad de audio. Los entresijos de la brillantez. La mezcladora Xenyx 1202FX de 12 entradas y 2 buses tiene 4 preamplificadores Xenyx de micr\u00f3fono con alimentaci\u00f3n phantom de +48V, lo que permite utilizar 4 micr\u00f3fonos din\u00e1micos o de condensador. El ecualizador brit\u00e1nico de 3 bandas garantiza un sonido c\u00e1lido y musical. Los controles sencillos de alta calidad hacen posible crear hermosas mezclas con un m\u00ednimo de conocimientos t\u00e9cnicos. Reproduce m\u00fasica entre sets por medio de entradas RCA CD\/Tape (main mix o control room\/aud\u00edfonos asignable) y graba tu show por medio de las salidas RCA. Agrega algo de magia digital a tu sonido usando el env\u00edo de efectos. Simplemente conecta un dispositivo externo para aplicar tales efectos, como reverb o delay. Procesador digital multi efectos incorporado. Equipado con nuestro procesador multi efectos de 24 bits, la mezcladora 1202FX ofrece 100 preajustes de efectos digitales, como delay, chorus y reverb. Apl\u00edcalos a cualquier canal, as\u00ed como a los monitores y salida principal.<\/div>\n<div>\n<h4>Quick look<\/h4>\n<\/div>\n<ul style=\"margin: 0px 0px 0px 25px\">\n<li style=\"list-style-type: circle;margin: 5px\">Tama\u00f1o compacto.<\/li>\n<li style=\"list-style-type: circle;margin: 5px\">Entradas mono.<\/li>\n<li style=\"list-style-type: circle;margin: 5px\">Entradas de l\u00ednea.<\/li>\n<li style=\"list-style-type: circle;margin: 5px\">Atenuaci\u00f3n de supresi\u00f3n (Atenuaci\u00f3n de la diafon\u00eda).<\/li>\n<li style=\"list-style-type: circle;margin: 5px\">Frequency response.<\/li>\n<li style=\"list-style-type: circle;margin: 5px\">Ecualizador canales mono.<\/li>\n<li style=\"list-style-type: circle;margin: 5px\">Auxiliary shipments.<\/li>\n<li style=\"list-style-type: circle;margin: 5px\">Salidas principales, CTRL ROOM OUT y Salidas de aud\u00edfonos.<\/li>\n<li style=\"list-style-type: circle;margin: 5px\">Secci\u00f3n de efectos.<\/li>\n<li style=\"list-style-type: circle;margin: 5px\">Tensi\u00f3n de red.<\/li>\n<li style=\"list-style-type: circle;margin: 5px\">Dimensions.<\/li>\n<li style=\"list-style-type: circle;margin: 5px\">Weight.<\/li>\n<\/ul>\n<div>\n<div style=\"font-weight: bold\">Tama\u00f1o compacto.<\/div>\n<div>\n<p>Mezcladora de formato peque\u00f1o y ligero, f\u00e1cil de transportar a cualquier evento o ensayo.<\/p>\n<\/div>\n<div style=\"font-weight: bold\">Entradas mono.<\/div>\n<div>\n<p>Tipo: XLR, electr\u00f3nicamente balanceado, circuito de entrada discreto. Respuesta de frecuencia: &lt;10 Hz &#8211; 200 kHz (-1 dB). Amplificaci\u00f3n: +10 hasta +60 dB. Nivel m\u00e1ximo de entrada: +12 dBu @ +10 dB Ganancia. Impedancia: Aproximadamente 2.6 kO desbalanceada. Relaci\u00f3n se\u00f1al a ruido: 107 dB \/ 111 dB (A) \/ (0 dBu In @ +22 dBu Ganancia). Distorsi\u00f3n arm\u00f3nica total: 0.005% \/ 0.003% ponderado A.<\/p>\n<\/div>\n<div style=\"font-weight: bold\">Entradas de l\u00ednea.<\/div>\n<div>\n<p>Tipo: Jack est\u00e9reo 6.3 mm electr\u00f3nicamente balanceado. Impedancia: Aproximadamente 20 kO balanceada y 10 kO desbalanceada. Amplificaci\u00f3n: +10 hasta +40 dB. Nivel m\u00e1ximo de entrada: +22 dBu @ +0 dB Ganancia.<\/p>\n<\/div>\n<div style=\"font-weight: bold\">Atenuaci\u00f3n de supresi\u00f3n (Atenuaci\u00f3n de la diafon\u00eda).<\/div>\n<div>\n<p>Fader principal (main) cerrado: 85 dB. Fader de canal cerrado: 88 dB.<\/p>\n<\/div>\n<div style=\"font-weight: bold\">Frequency response.<\/div>\n<div>\n<p>Entrada de micr\u00f3fono a salida principal: &lt;10 Hz &#8211; 80 kHz (+0 dB \/ -1 dB) \/ &lt;10 Hz &#8211; 137 kHz (+0 dB \/ -3 dB). Entradas est\u00e9reo: Jack est\u00e9reo 6.3 mm electr\u00f3nicamente balanceada. Impedancia: Aproximadamente 20 kO balanceada y 10 kO desbalanceada (+4 dBu) y aproximadamente 20 kO balanceada y 5 kO desbalanceada (-10 dBV). Nivel m\u00e1ximo de entrada: +20 dBu.<\/p>\n<\/div>\n<div style=\"font-weight: bold\">Ecualizador canales mono.<\/div>\n<div>\n<p>Grave: 80 Hz \/ \u00b115 dB. Medio: 2.5 kHz \/ \u00b115 dB. Agudo: 12 kHz \/ \u00b115 dB.<\/p>\n<\/div>\n<div style=\"font-weight: bold\">Auxiliary shipments.<\/div>\n<div>\n<p>Tipo: Jack est\u00e9reo 6.3 mm desbalanceado. Impedancia: Aproximadamente 120 O. Nivel m\u00e1ximo de entrada: +22 dBu.<\/p>\n<\/div>\n<div style=\"font-weight: bold\">Salidas principales, CTRL ROOM OUT y Salidas de aud\u00edfonos.<\/div>\n<div>\n<p>Tipo: Jack est\u00e9reo 6.3 mm desbalanceado. Impedancia: Aproximadamente 120 O. Nivel m\u00e1ximo de salida: +22 dBu.<\/p>\n<\/div>\n<div style=\"font-weight: bold\">Secci\u00f3n de efectos.<\/div>\n<div>\n<p>Convertidor: Sigma-Delta de 24 bits, sobre muestreo 64x\/128x. Frecuencia de muestreo: 40 kHz.<\/p>\n<\/div>\n<div style=\"font-weight: bold\">Tensi\u00f3n de red.<\/div>\n<div>\n<p>120V-, 60 Hz. Salida: 2 x 14.8 V~, 2 x 500 m\u00e1x.<\/p>\n<\/div>\n<div style=\"font-weight: bold\">Dimensions.<\/div>\n<div>\n<p>47 x 220 x 242 mm.<\/p>\n<\/div>\n<div style=\"font-weight: bold\">Weight.<\/div>\n<div>\n<p>2.1 kg.<\/p>\n<\/div>\n<\/div>\n<div>\n<h4>Characteristics<\/h4>\n<\/div>\n<div>\n<ul style=\"margin: 0px 0px 0px 25px\">\n<li style=\"list-style-type: circle;margin: 5px\">12 entradas y 2 buses.<\/li>\n<li style=\"list-style-type: circle;margin: 5px\">4 Preamplificadores Xenyx.<\/li>\n<li style=\"list-style-type: circle;margin: 5px\">Ecualizador British de 3 bandas.<\/li>\n<li style=\"list-style-type: circle;margin: 5px\">Procesador multi efectos.<\/li>\n<li style=\"list-style-type: circle;margin: 5px\">Env\u00edo de efectos por canal. <\/li>\n<li style=\"list-style-type: circle;margin: 5px\">Fader logar\u00edtmico de 60 mm para principal y controles giratorios sellados.<\/li>\n<\/ul>\n<\/div>\n<\/div>","protected":false},"excerpt":{"rendered":"<p>Mezcladora anal\u00f3gica premium de 12 entradas y 2 buses con preamplificadores Xenyx, ecualizador brit\u00e1nico neo cl\u00e1sico de 3 bandas para un sonido c\u00e1lido y musical, procesador multi efectos con 100 incre\u00edbles preajustes que incluyen reverb, chorus, flanger, delay, pitch shifter y muchos m\u00e1s, nivel de ruido ultra bajo, env\u00edo de FX por canal para el procesador interno de efectos y\/o como env\u00edo externo, salidas main m\u00e1s control room separado, salidas de aud\u00edfonos y CD\/Tape est\u00e9reo, entrada CD\/Tape asignable a la salida main y control room\/salida de aud\u00edfonos, fader logar\u00edtmico de 60 mm de largo y controles giratorios sellados, dimensiones: 47 x 220 x 242 mm, peso: 2.2 kg.&hellip; <a class=\"kt-excerpt-readmore more-link\" href=\"https:\/\/www.mexicanguitarplayers.com\/en\/tienda\/audio\/mezcladoras\/mezcladora-behringer-mod-1202fx\/\">Read more<\/a><\/p>","protected":false},"featured_media":39130,"comment_status":"open","ping_status":"closed","template":"","meta":{"kt_blocks_editor_width":""},"pwb-brand":[171],"product_brand":[],"product_cat":[213,491],"product_tag":[],"class_list":{"0":"post-39134","1":"product","2":"type-product","3":"status-publish","4":"has-post-thumbnail","6":"pwb-brand-behringer","7":"product_cat-audio","8":"product_cat-mezcladoras","9":"product_shipping_class-0-5-kg","11":"first","12":"outofstock","13":"taxable","14":"shipping-taxable","15":"purchasable","16":"product-type-simple"},"yoast_head":"<!-- This site is optimized with the Yoast SEO plugin v27.6 - https:\/\/yoast.com\/product\/yoast-seo-wordpress\/ -->\n<title>MEZCLADORA BEHRINGER MOD. 1202FX - Mexican Guitar Players<\/title>\n<meta name=\"description\" content=\"Mezcladora anal\u00f3gica premium de 12 entradas y 2 buses con preamplificadores Xenyx, ecualizador brit\u00e1nico neo cl\u00e1sico de 3 bandas para un sonido c\u00e1lido y musical, procesador multi efectos con 100 incre\u00edbles preajustes que incluyen reverb, chorus, flanger, delay, pitch shifter y muchos m\u00e1s, nivel de ruido ultra bajo, env\u00edo de FX por canal para el procesador interno de efectos y\/o como env\u00edo externo, salidas main m\u00e1s control room separado, salidas de aud\u00edfonos y CD\/Tape est\u00e9reo, entrada CD\/Tape asignable a la salida main y control room\/salida de aud\u00edfonos, fader logar\u00edtmico de 60 mm de largo y controles giratorios sellados, dimensiones: 47 x 220 x 242 mm, peso: 2.2 kg.\" \/>\n<meta name=\"robots\" content=\"index, follow, max-snippet:-1, max-image-preview:large, max-video-preview:-1\" \/>\n<link rel=\"canonical\" href=\"https:\/\/www.mexicanguitarplayers.com\/en\/tienda\/sin%20categor\u00eda\/mezcladora-behringer-mod-1202fx\/\" \/>\n<meta property=\"og:locale\" content=\"en_US\" \/>\n<meta property=\"og:type\" content=\"article\" \/>\n<meta property=\"og:title\" content=\"MEZCLADORA BEHRINGER MOD. 1202FX - Mexican Guitar Players\" \/>\n<meta property=\"og:description\" content=\"Mezcladora anal\u00f3gica premium de 12 entradas y 2 buses con preamplificadores Xenyx, ecualizador brit\u00e1nico neo cl\u00e1sico de 3 bandas para un sonido c\u00e1lido y musical, procesador multi efectos con 100 incre\u00edbles preajustes que incluyen reverb, chorus, flanger, delay, pitch shifter y muchos m\u00e1s, nivel de ruido ultra bajo, env\u00edo de FX por canal para el procesador interno de efectos y\/o como env\u00edo externo, salidas main m\u00e1s control room separado, salidas de aud\u00edfonos y CD\/Tape est\u00e9reo, entrada CD\/Tape asignable a la salida main y control room\/salida de aud\u00edfonos, fader logar\u00edtmico de 60 mm de largo y controles giratorios sellados, dimensiones: 47 x 220 x 242 mm, peso: 2.2 kg.\" \/>\n<meta property=\"og:url\" content=\"https:\/\/www.mexicanguitarplayers.com\/en\/tienda\/sin categor\u00eda\/mezcladora-behringer-mod-1202fx\/\" \/>\n<meta property=\"og:site_name\" content=\"Mexican Guitar Players\" \/>\n<meta property=\"article:modified_time\" content=\"2026-04-10T10:21:51+00:00\" \/>\n<meta name=\"twitter:card\" content=\"summary_large_image\" \/>\n<meta name=\"twitter:label1\" content=\"Est. reading time\" \/>\n\t<meta name=\"twitter:data1\" content=\"4 minutes\" \/>\n<script type=\"application\/ld+json\" class=\"yoast-schema-graph\">{\"@context\":\"https:\\\/\\\/schema.org\",\"@graph\":[{\"@type\":[\"WebPage\",\"ItemPage\"],\"@id\":\"https:\\\/\\\/www.mexicanguitarplayers.com\\\/tienda\\\/sin categor\u00eda\\\/mezcladora-behringer-mod-1202fx\\\/\",\"url\":\"https:\\\/\\\/www.mexicanguitarplayers.com\\\/tienda\\\/sin categor\u00eda\\\/mezcladora-behringer-mod-1202fx\\\/\",\"name\":\"MEZCLADORA BEHRINGER MOD. 1202FX - Mexican Guitar Players\",\"isPartOf\":{\"@id\":\"https:\\\/\\\/www.mexicanguitarplayers.com\\\/#website\"},\"primaryImageOfPage\":{\"@id\":\"https:\\\/\\\/www.mexicanguitarplayers.com\\\/tienda\\\/sin categor\u00eda\\\/mezcladora-behringer-mod-1202fx\\\/#primaryimage\"},\"image\":{\"@id\":\"https:\\\/\\\/www.mexicanguitarplayers.com\\\/tienda\\\/sin categor\u00eda\\\/mezcladora-behringer-mod-1202fx\\\/#primaryimage\"},\"thumbnailUrl\":\"https:\\\/\\\/www.mexicanguitarplayers.com\\\/wp-content\\\/uploads\\\/2025\\\/04\\\/IABEH1202FX.jpg\",\"datePublished\":\"2025-04-09T12:29:05+00:00\",\"dateModified\":\"2026-04-10T10:21:51+00:00\",\"description\":\"Mezcladora anal\u00f3gica premium de 12 entradas y 2 buses con preamplificadores Xenyx, ecualizador brit\u00e1nico neo cl\u00e1sico de 3 bandas para un sonido c\u00e1lido y musical, procesador multi efectos con 100 incre\u00edbles preajustes que incluyen reverb, chorus, flanger, delay, pitch shifter y muchos m\u00e1s, nivel de ruido ultra bajo, env\u00edo de FX por canal para el procesador interno de efectos y\\\/o como env\u00edo externo, salidas main m\u00e1s control room separado, salidas de aud\u00edfonos y CD\\\/Tape est\u00e9reo, entrada CD\\\/Tape asignable a la salida main y control room\\\/salida de aud\u00edfonos, fader logar\u00edtmico de 60 mm de largo y controles giratorios sellados, dimensiones: 47 x 220 x 242 mm, peso: 2.2 kg.\",\"breadcrumb\":{\"@id\":\"https:\\\/\\\/www.mexicanguitarplayers.com\\\/tienda\\\/sin categor\u00eda\\\/mezcladora-behringer-mod-1202fx\\\/#breadcrumb\"},\"inLanguage\":\"en-US\",\"potentialAction\":[{\"@type\":\"ReadAction\",\"target\":[\"https:\\\/\\\/www.mexicanguitarplayers.com\\\/tienda\\\/sin categor\u00eda\\\/mezcladora-behringer-mod-1202fx\\\/\"]}]},{\"@type\":\"ImageObject\",\"inLanguage\":\"en-US\",\"@id\":\"https:\\\/\\\/www.mexicanguitarplayers.com\\\/tienda\\\/sin categor\u00eda\\\/mezcladora-behringer-mod-1202fx\\\/#primaryimage\",\"url\":\"https:\\\/\\\/www.mexicanguitarplayers.com\\\/wp-content\\\/uploads\\\/2025\\\/04\\\/IABEH1202FX.jpg\",\"contentUrl\":\"https:\\\/\\\/www.mexicanguitarplayers.com\\\/wp-content\\\/uploads\\\/2025\\\/04\\\/IABEH1202FX.jpg\",\"width\":1200,\"height\":1200},{\"@type\":\"BreadcrumbList\",\"@id\":\"https:\\\/\\\/www.mexicanguitarplayers.com\\\/tienda\\\/sin categor\u00eda\\\/mezcladora-behringer-mod-1202fx\\\/#breadcrumb\",\"itemListElement\":[{\"@type\":\"ListItem\",\"position\":1,\"name\":\"Portada\",\"item\":\"https:\\\/\\\/www.mexicanguitarplayers.com\\\/\"},{\"@type\":\"ListItem\",\"position\":2,\"name\":\"Tienda\",\"item\":\"https:\\\/\\\/www.mexicanguitarplayers.com\\\/tienda\\\/\"},{\"@type\":\"ListItem\",\"position\":3,\"name\":\"MEZCLADORA BEHRINGER MOD. 1202FX\"}]},{\"@type\":\"WebSite\",\"@id\":\"https:\\\/\\\/www.mexicanguitarplayers.com\\\/#website\",\"url\":\"https:\\\/\\\/www.mexicanguitarplayers.com\\\/\",\"name\":\"Mexican Guitar Players\",\"description\":\"Website\",\"publisher\":{\"@id\":\"https:\\\/\\\/www.mexicanguitarplayers.com\\\/#organization\"},\"potentialAction\":[{\"@type\":\"SearchAction\",\"target\":{\"@type\":\"EntryPoint\",\"urlTemplate\":\"https:\\\/\\\/www.mexicanguitarplayers.com\\\/?s={search_term_string}\"},\"query-input\":{\"@type\":\"PropertyValueSpecification\",\"valueRequired\":true,\"valueName\":\"search_term_string\"}}],\"inLanguage\":\"en-US\"},{\"@type\":\"Organization\",\"@id\":\"https:\\\/\\\/www.mexicanguitarplayers.com\\\/#organization\",\"name\":\"Mexican Guitar Players\",\"url\":\"https:\\\/\\\/www.mexicanguitarplayers.com\\\/\",\"logo\":{\"@type\":\"ImageObject\",\"inLanguage\":\"en-US\",\"@id\":\"https:\\\/\\\/www.mexicanguitarplayers.com\\\/#\\\/schema\\\/logo\\\/image\\\/\",\"url\":\"\",\"contentUrl\":\"\",\"caption\":\"Mexican Guitar Players\"},\"image\":{\"@id\":\"https:\\\/\\\/www.mexicanguitarplayers.com\\\/#\\\/schema\\\/logo\\\/image\\\/\"}}]}<\/script>\n<!-- \/ Yoast SEO plugin. -->","yoast_head_json":{"title":"MEZCLADORA BEHRINGER MOD. 1202FX - Mexican Guitar Players","description":"Mezcladora anal\u00f3gica premium de 12 entradas y 2 buses con preamplificadores Xenyx, ecualizador brit\u00e1nico neo cl\u00e1sico de 3 bandas para un sonido c\u00e1lido y musical, procesador multi efectos con 100 incre\u00edbles preajustes que incluyen reverb, chorus, flanger, delay, pitch shifter y muchos m\u00e1s, nivel de ruido ultra bajo, env\u00edo de FX por canal para el procesador interno de efectos y\/o como env\u00edo externo, salidas main m\u00e1s control room separado, salidas de aud\u00edfonos y CD\/Tape est\u00e9reo, entrada CD\/Tape asignable a la salida main y control room\/salida de aud\u00edfonos, fader logar\u00edtmico de 60 mm de largo y controles giratorios sellados, dimensiones: 47 x 220 x 242 mm, peso: 2.2 kg.","robots":{"index":"index","follow":"follow","max-snippet":"max-snippet:-1","max-image-preview":"max-image-preview:large","max-video-preview":"max-video-preview:-1"},"canonical":"https:\/\/www.mexicanguitarplayers.com\/en\/tienda\/sin categor\u00eda\/mezcladora-behringer-mod-1202fx\/","og_locale":"en_US","og_type":"article","og_title":"MEZCLADORA BEHRINGER MOD. 1202FX - Mexican Guitar Players","og_description":"Mezcladora anal\u00f3gica premium de 12 entradas y 2 buses con preamplificadores Xenyx, ecualizador brit\u00e1nico neo cl\u00e1sico de 3 bandas para un sonido c\u00e1lido y musical, procesador multi efectos con 100 incre\u00edbles preajustes que incluyen reverb, chorus, flanger, delay, pitch shifter y muchos m\u00e1s, nivel de ruido ultra bajo, env\u00edo de FX por canal para el procesador interno de efectos y\/o como env\u00edo externo, salidas main m\u00e1s control room separado, salidas de aud\u00edfonos y CD\/Tape est\u00e9reo, entrada CD\/Tape asignable a la salida main y control room\/salida de aud\u00edfonos, fader logar\u00edtmico de 60 mm de largo y controles giratorios sellados, dimensiones: 47 x 220 x 242 mm, peso: 2.2 kg.","og_url":"https:\/\/www.mexicanguitarplayers.com\/en\/tienda\/sin categor\u00eda\/mezcladora-behringer-mod-1202fx\/","og_site_name":"Mexican Guitar Players","article_modified_time":"2026-04-10T10:21:51+00:00","twitter_card":"summary_large_image","twitter_misc":{"Est. reading time":"4 minutes"},"schema":{"@context":"https:\/\/schema.org","@graph":[{"@type":["WebPage","ItemPage"],"@id":"https:\/\/www.mexicanguitarplayers.com\/tienda\/sin categor\u00eda\/mezcladora-behringer-mod-1202fx\/","url":"https:\/\/www.mexicanguitarplayers.com\/tienda\/sin categor\u00eda\/mezcladora-behringer-mod-1202fx\/","name":"MEZCLADORA BEHRINGER MOD. 1202FX - Mexican Guitar Players","isPartOf":{"@id":"https:\/\/www.mexicanguitarplayers.com\/#website"},"primaryImageOfPage":{"@id":"https:\/\/www.mexicanguitarplayers.com\/tienda\/sin categor\u00eda\/mezcladora-behringer-mod-1202fx\/#primaryimage"},"image":{"@id":"https:\/\/www.mexicanguitarplayers.com\/tienda\/sin categor\u00eda\/mezcladora-behringer-mod-1202fx\/#primaryimage"},"thumbnailUrl":"https:\/\/www.mexicanguitarplayers.com\/wp-content\/uploads\/2025\/04\/IABEH1202FX.jpg","datePublished":"2025-04-09T12:29:05+00:00","dateModified":"2026-04-10T10:21:51+00:00","description":"Mezcladora anal\u00f3gica premium de 12 entradas y 2 buses con preamplificadores Xenyx, ecualizador brit\u00e1nico neo cl\u00e1sico de 3 bandas para un sonido c\u00e1lido y musical, procesador multi efectos con 100 incre\u00edbles preajustes que incluyen reverb, chorus, flanger, delay, pitch shifter y muchos m\u00e1s, nivel de ruido ultra bajo, env\u00edo de FX por canal para el procesador interno de efectos y\/o como env\u00edo externo, salidas main m\u00e1s control room separado, salidas de aud\u00edfonos y CD\/Tape est\u00e9reo, entrada CD\/Tape asignable a la salida main y control room\/salida de aud\u00edfonos, fader logar\u00edtmico de 60 mm de largo y controles giratorios sellados, dimensiones: 47 x 220 x 242 mm, peso: 2.2 kg.","breadcrumb":{"@id":"https:\/\/www.mexicanguitarplayers.com\/tienda\/sin categor\u00eda\/mezcladora-behringer-mod-1202fx\/#breadcrumb"},"inLanguage":"en-US","potentialAction":[{"@type":"ReadAction","target":["https:\/\/www.mexicanguitarplayers.com\/tienda\/sin categor\u00eda\/mezcladora-behringer-mod-1202fx\/"]}]},{"@type":"ImageObject","inLanguage":"en-US","@id":"https:\/\/www.mexicanguitarplayers.com\/tienda\/sin categor\u00eda\/mezcladora-behringer-mod-1202fx\/#primaryimage","url":"https:\/\/www.mexicanguitarplayers.com\/wp-content\/uploads\/2025\/04\/IABEH1202FX.jpg","contentUrl":"https:\/\/www.mexicanguitarplayers.com\/wp-content\/uploads\/2025\/04\/IABEH1202FX.jpg","width":1200,"height":1200},{"@type":"BreadcrumbList","@id":"https:\/\/www.mexicanguitarplayers.com\/tienda\/sin categor\u00eda\/mezcladora-behringer-mod-1202fx\/#breadcrumb","itemListElement":[{"@type":"ListItem","position":1,"name":"Portada","item":"https:\/\/www.mexicanguitarplayers.com\/"},{"@type":"ListItem","position":2,"name":"Tienda","item":"https:\/\/www.mexicanguitarplayers.com\/tienda\/"},{"@type":"ListItem","position":3,"name":"MEZCLADORA BEHRINGER MOD. 1202FX"}]},{"@type":"WebSite","@id":"https:\/\/www.mexicanguitarplayers.com\/#website","url":"https:\/\/www.mexicanguitarplayers.com\/","name":"Mexican Guitar Players","description":"Website","publisher":{"@id":"https:\/\/www.mexicanguitarplayers.com\/#organization"},"potentialAction":[{"@type":"SearchAction","target":{"@type":"EntryPoint","urlTemplate":"https:\/\/www.mexicanguitarplayers.com\/?s={search_term_string}"},"query-input":{"@type":"PropertyValueSpecification","valueRequired":true,"valueName":"search_term_string"}}],"inLanguage":"en-US"},{"@type":"Organization","@id":"https:\/\/www.mexicanguitarplayers.com\/#organization","name":"Mexican Guitar Players","url":"https:\/\/www.mexicanguitarplayers.com\/","logo":{"@type":"ImageObject","inLanguage":"en-US","@id":"https:\/\/www.mexicanguitarplayers.com\/#\/schema\/logo\/image\/","url":"","contentUrl":"","caption":"Mexican Guitar Players"},"image":{"@id":"https:\/\/www.mexicanguitarplayers.com\/#\/schema\/logo\/image\/"}}]}},"brands":[{"id":171,"name":"BEHRINGER","slug":"behringer"}],"_links":{"self":[{"href":"https:\/\/www.mexicanguitarplayers.com\/en\/wp-json\/wp\/v2\/product\/39134","targetHints":{"allow":["GET"]}}],"collection":[{"href":"https:\/\/www.mexicanguitarplayers.com\/en\/wp-json\/wp\/v2\/product"}],"about":[{"href":"https:\/\/www.mexicanguitarplayers.com\/en\/wp-json\/wp\/v2\/types\/product"}],"replies":[{"embeddable":true,"href":"https:\/\/www.mexicanguitarplayers.com\/en\/wp-json\/wp\/v2\/comments?post=39134"}],"wp:featuredmedia":[{"embeddable":true,"href":"https:\/\/www.mexicanguitarplayers.com\/en\/wp-json\/wp\/v2\/media\/39130"}],"wp:attachment":[{"href":"https:\/\/www.mexicanguitarplayers.com\/en\/wp-json\/wp\/v2\/media?parent=39134"}],"wp:term":[{"taxonomy":"pwb-brand","embeddable":true,"href":"https:\/\/www.mexicanguitarplayers.com\/en\/wp-json\/wp\/v2\/pwb-brand?post=39134"},{"taxonomy":"product_brand","embeddable":true,"href":"https:\/\/www.mexicanguitarplayers.com\/en\/wp-json\/wp\/v2\/product_brand?post=39134"},{"taxonomy":"product_cat","embeddable":true,"href":"https:\/\/www.mexicanguitarplayers.com\/en\/wp-json\/wp\/v2\/product_cat?post=39134"},{"taxonomy":"product_tag","embeddable":true,"href":"https:\/\/www.mexicanguitarplayers.com\/en\/wp-json\/wp\/v2\/product_tag?post=39134"}],"curies":[{"name":"wp","href":"https:\/\/api.w.org\/{rel}","templated":true}]}}