{"id":39138,"date":"2025-04-09T06:29:10","date_gmt":"2025-04-09T12:29:10","guid":{"rendered":"https:\/\/www.mexicanguitarplayers.com\/tienda\/sin categor\u00eda\/amplificador-audyson-poder-mod-d-2000\/"},"modified":"2026-04-10T04:21:51","modified_gmt":"2026-04-10T10:21:51","slug":"amplificador-audyson-poder-mod-d-2000","status":"publish","type":"product","link":"https:\/\/www.mexicanguitarplayers.com\/en\/tienda\/audio\/amplificadores-audio\/amplificadores-de-potencia\/amplificador-audyson-poder-mod-d-2000\/","title":{"rendered":"AMPLIFICADOR AUDYSON PODER MOD. D-2000"},"content":{"rendered":"<div style=\"text-align: justify\">\n<div>\n<h3>El mejor precio y la mejor amplificaci\u00f3n s\u00f3lo con Audyson<\/h3>\n<\/div>\n<div>La Serie D est\u00e1 dise\u00f1ada para instalaciones peque\u00f1as y para el mercado al menudeo. La serie V fue creada para el mercado de instalaciones profesionales medianas y medianas-bajas. Con este paquete usted puede cubrir dos mercados simult\u00e1neamente. Estas series fueron dise\u00f1adas con un  amplio y preciso sistema protecci\u00f3n, excelente din\u00e1mica sonora junto con avanzada ingenier\u00eda la finalidad de alcanzar la m\u00e1s alta relaci\u00f3n calidad &#8211; precio para asegurar un mayor margen de utilidad durante la comercializaci\u00f3n. Esta serie fue desarrollada a partir de nuestro muy estable  circuito. Pero hemos a\u00f1adido m\u00e1s ventajas y reducido el costo. 1. Alta confiabilidad La Serie D, V fue dise\u00f1ada con un excelente sistema de protecci\u00f3n. Este puede garantizar una tasa de confiabilidad de casi el 100% de los V y una completa seguridad de su sistema de audio. 2. Comodidad de uso La Serie D, V posee un dise\u00f1o simple y gran facilidad de uso. Inclusive el usuario principiante puede operarlo sin errores, especialmente, la pantalla LCD puede mostrar la informaci\u00f3n del aparato tal como modo de operaci\u00f3n, temperatura y estado de protecci\u00f3n, etc. Esto puede ayudar a usuarios principiantes. 3. Bajo precio Hemos utilizado una completa ingenier\u00eda de costos al dise\u00f1ar la Serie D,V. Esto asegura una muy alta relaci\u00f3n calidad &#8211; precio. 4. Atractivo Dise\u00f1o Esto puede atraer la atenci\u00f3n de la gente con facilidad y provocar el deseo de adquirir uno. 5. Alta tecnolog\u00eda La Serie D, V no es un amplificador ordinario para el mercado de DJ\u2019s. Proporciona a la gente una mayor percepci\u00f3n de la tecnolog\u00eda, como la pantalla de LCD. Esto es m\u00e1s indicado para los gustos del mercado de DJ\u2019s, especialmente la gente joven quien otorga un mayor valor a la Serie D, V. <\/div>\n<div>\n<h4>Quick look<\/h4>\n<\/div>\n<ul style=\"margin: 0px 0px 0px 25px\">\n<li style=\"list-style-type: circle;margin: 5px\">Potencia nominal (1KHz, THD+N=0.1%).<\/li>\n<li style=\"list-style-type: circle;margin: 5px\">Crossover.<\/li>\n<li style=\"list-style-type: circle;margin: 5px\">Corte de graves.<\/li>\n<li style=\"list-style-type: circle;margin: 5px\">Protecci\u00f3n.<\/li>\n<li style=\"list-style-type: circle;margin: 5px\">Respuesta de frecuencia (1W 8 ohms est\u00e9reo).<\/li>\n<li style=\"list-style-type: circle;margin: 5px\">Sensibilidad (8 ohms est\u00e9reo &amp; 1 kHz).<\/li>\n<li style=\"list-style-type: circle;margin: 5px\">Mode.<\/li>\n<li style=\"list-style-type: circle;margin: 5px\">Velocidad del ventilador.<\/li>\n<li style=\"list-style-type: circle;margin: 5px\">Conectores (Cada canal).<\/li>\n<li style=\"list-style-type: circle;margin: 5px\">Capacidad de filtrado.<\/li>\n<li style=\"list-style-type: circle;margin: 5px\">Input impedance.<\/li>\n<li style=\"list-style-type: circle;margin: 5px\">Crosstalk (20 Hz &#8211; 20 kHz, Potencia nominal 8 ohms).<\/li>\n<li style=\"list-style-type: circle;margin: 5px\">Relaci\u00f3n se\u00f1al a ruido (Potencia nominal a 8 ohms).<\/li>\n<li style=\"list-style-type: circle;margin: 5px\">Factor de amortiguamiento (1 kHz &amp; 8 ohms).<\/li>\n<li style=\"list-style-type: circle;margin: 5px\">Distorsi\u00f3n de intermodulaci\u00f3n.<\/li>\n<li style=\"list-style-type: circle;margin: 5px\">Distorsi\u00f3n arm\u00f3nica total (20 Hz &#8211; 20 kHz Potencia nominal 8 ohms).<\/li>\n<li style=\"list-style-type: circle;margin: 5px\">Respuesta de fase (1W &amp; 8 ohms \/ 20 Hz \u2013 20 kHz).<\/li>\n<li style=\"list-style-type: circle;margin: 5px\">Respuesta al impulso (velocidad de respuesta).<\/li>\n<li style=\"list-style-type: circle;margin: 5px\">Circuito de salida.<\/li>\n<li style=\"list-style-type: circle;margin: 5px\">Weight.<\/li>\n<\/ul>\n<div>\n<div style=\"font-weight: bold\">Potencia nominal (1KHz, THD+N=0.1%).<\/div>\n<div>\n<p>8 ohms est\u00e9reo: 2x450W.4 ohms est\u00e9reo: 2x700W.2 ohms est\u00e9reo: 2x750W.8 ohms puente mono: 1400W.4 ohms puente mono: 1500W.<\/p>\n<\/div>\n<div style=\"font-weight: bold\">Crossover.<\/div>\n<div>\n<p>Pasa altos: 120 Hz.Pasa bajos: 120 Hz.<\/p>\n<\/div>\n<div style=\"font-weight: bold\">Corte de graves.<\/div>\n<div>\n<p>Yes.<\/p>\n<\/div>\n<div style=\"font-weight: bold\">Protecci\u00f3n.<\/div>\n<div>\n<p>Protecci\u00f3n DC.Protecci\u00f3n contra corto circuito.Protecci\u00f3n contra alta temperatura.Protecci\u00f3n ante interrupci\u00f3n de corriente.Protecci\u00f3n ante sobrecarga de entrada.Protecci\u00f3n ante sobrecarga de salida.Protecci\u00f3n en arranque suave.<\/p>\n<\/div>\n<div style=\"font-weight: bold\">Respuesta de frecuencia (1W 8 ohms est\u00e9reo).<\/div>\n<div>\n<p>20 Hz &#8211; 20 kHz (\u00b10.3 dB).<\/p>\n<\/div>\n<div style=\"font-weight: bold\">Sensibilidad (8 ohms est\u00e9reo &amp; 1 kHz).<\/div>\n<div>\n<p>1.0V.<\/p>\n<\/div>\n<div style=\"font-weight: bold\">Mode.<\/div>\n<div>\n<p>Est\u00e9reo.Paralelo.Puente-mono.<\/p>\n<\/div>\n<div style=\"font-weight: bold\">Velocidad del ventilador.<\/div>\n<div>\n<p>Dos velocidades.<\/p>\n<\/div>\n<div style=\"font-weight: bold\">Conectores (Cada canal).<\/div>\n<div>\n<p>Entrada: Jack &amp; Neutrik XLR hembra.Salida: Poste de conexi\u00f3n &amp; Speakon (Neutrik).<\/p>\n<\/div>\n<div style=\"font-weight: bold\">Capacidad de filtrado.<\/div>\n<div>\n<p>10000uf\/65V\u00d74<\/p>\n<\/div>\n<div style=\"font-weight: bold\">Input impedance.<\/div>\n<div>\n<p>Balanceada: 20 kO.No balanceada: 10 kO.<\/p>\n<\/div>\n<div style=\"font-weight: bold\">Crosstalk (20 Hz &#8211; 20 kHz, Potencia nominal 8 ohms).<\/div>\n<div>\n<p>= 60 dB.<\/p>\n<\/div>\n<div style=\"font-weight: bold\">Relaci\u00f3n se\u00f1al a ruido (Potencia nominal a 8 ohms).<\/div>\n<div>\n<p>= 95 dB.<\/p>\n<\/div>\n<div style=\"font-weight: bold\">Factor de amortiguamiento (1 kHz &amp; 8 ohms).<\/div>\n<div>\n<p>=300.<\/p>\n<\/div>\n<div style=\"font-weight: bold\">Distorsi\u00f3n de intermodulaci\u00f3n.<\/div>\n<div>\n<p>=0.5%.<\/p>\n<\/div>\n<div style=\"font-weight: bold\">Distorsi\u00f3n arm\u00f3nica total (20 Hz &#8211; 20 kHz Potencia nominal 8 ohms).<\/div>\n<div>\n<p>=0.5%.<\/p>\n<\/div>\n<div style=\"font-weight: bold\">Respuesta de fase (1W &amp; 8 ohms \/ 20 Hz \u2013 20 kHz).<\/div>\n<div>\n<p>\u00b130\u00b0.<\/p>\n<\/div>\n<div style=\"font-weight: bold\">Respuesta al impulso (velocidad de respuesta).<\/div>\n<div>\n<p>=15V\/us.<\/p>\n<\/div>\n<div style=\"font-weight: bold\">Circuito de salida.<\/div>\n<div>\n<p>AB.<\/p>\n<\/div>\n<div style=\"font-weight: bold\">Weight.<\/div>\n<div>\n<p>19 kg.<\/p>\n<\/div>\n<\/div>\n<\/div>","protected":false},"excerpt":{"rendered":"<p>Amplificador Audyson D-2000, potencia nominal: 8 ohms est\u00e9reo: 2x450W. 4 ohms est\u00e9reo: 2x700W. 2 ohms est\u00e9reo: 2x750W. 8 ohms puente mono: 1400W. 4 ohms puentemono: 1500W, respuesta de frecuencia: 20 Hz &#8211; 20 kHz, sensibilidad: 1.0V, modo:est\u00e9reo, paralelo, puente-mono, conectores: entrada: Jack &amp; Neutrik XLR hembra,salida: poste de conexi\u00f3n &amp; Speakon (Neutrik), peso: 19 kg.&hellip; <a class=\"kt-excerpt-readmore more-link\" href=\"https:\/\/www.mexicanguitarplayers.com\/en\/tienda\/audio\/amplificadores-audio\/amplificadores-de-potencia\/amplificador-audyson-poder-mod-d-2000\/\">Read more<\/a><\/p>","protected":false},"featured_media":39135,"comment_status":"open","ping_status":"closed","template":"","meta":{"kt_blocks_editor_width":""},"pwb-brand":[229],"product_brand":[],"product_cat":[219,220,213],"product_tag":[],"class_list":{"0":"post-39138","1":"product","2":"type-product","3":"status-publish","4":"has-post-thumbnail","6":"pwb-brand-audyson","7":"product_cat-amplificadores-audio","8":"product_cat-amplificadores-de-potencia","9":"product_cat-audio","10":"product_shipping_class-15-20-kg","12":"first","13":"outofstock","14":"taxable","15":"shipping-taxable","16":"purchasable","17":"product-type-simple"},"yoast_head":"<!-- This site is optimized with the Yoast SEO plugin v27.6 - https:\/\/yoast.com\/product\/yoast-seo-wordpress\/ -->\n<title>AMPLIFICADOR AUDYSON PODER MOD. D-2000 - Mexican Guitar Players<\/title>\n<meta name=\"description\" content=\"Amplificador Audyson D-2000, potencia nominal: 8 ohms est\u00e9reo: 2x450W. 4 ohms est\u00e9reo: 2x700W. 2 ohms est\u00e9reo: 2x750W. 8 ohms puente mono: 1400W. 4 ohms puentemono: 1500W, respuesta de frecuencia: 20 Hz - 20 kHz, sensibilidad: 1.0V, modo:est\u00e9reo, paralelo, puente-mono, conectores: entrada: Jack &amp; Neutrik XLR hembra,salida: poste de conexi\u00f3n &amp; Speakon (Neutrik), peso: 19 kg.\" \/>\n<meta name=\"robots\" content=\"index, follow, max-snippet:-1, max-image-preview:large, max-video-preview:-1\" \/>\n<link rel=\"canonical\" href=\"https:\/\/www.mexicanguitarplayers.com\/en\/tienda\/sin%20categor\u00eda\/amplificador-audyson-poder-mod-d-2000\/\" \/>\n<meta property=\"og:locale\" content=\"en_US\" \/>\n<meta property=\"og:type\" content=\"article\" \/>\n<meta property=\"og:title\" content=\"AMPLIFICADOR AUDYSON PODER MOD. D-2000 - Mexican Guitar Players\" \/>\n<meta property=\"og:description\" content=\"Amplificador Audyson D-2000, potencia nominal: 8 ohms est\u00e9reo: 2x450W. 4 ohms est\u00e9reo: 2x700W. 2 ohms est\u00e9reo: 2x750W. 8 ohms puente mono: 1400W. 4 ohms puentemono: 1500W, respuesta de frecuencia: 20 Hz - 20 kHz, sensibilidad: 1.0V, modo:est\u00e9reo, paralelo, puente-mono, conectores: entrada: Jack &amp; Neutrik XLR hembra,salida: poste de conexi\u00f3n &amp; Speakon (Neutrik), peso: 19 kg.\" \/>\n<meta property=\"og:url\" content=\"https:\/\/www.mexicanguitarplayers.com\/en\/tienda\/sin categor\u00eda\/amplificador-audyson-poder-mod-d-2000\/\" \/>\n<meta property=\"og:site_name\" content=\"Mexican Guitar Players\" \/>\n<meta property=\"article:modified_time\" content=\"2026-04-10T10:21:51+00:00\" \/>\n<meta name=\"twitter:card\" content=\"summary_large_image\" \/>\n<meta name=\"twitter:label1\" content=\"Est. reading time\" \/>\n\t<meta name=\"twitter:data1\" content=\"3 minutes\" \/>\n<script type=\"application\/ld+json\" class=\"yoast-schema-graph\">{\"@context\":\"https:\\\/\\\/schema.org\",\"@graph\":[{\"@type\":[\"WebPage\",\"ItemPage\"],\"@id\":\"https:\\\/\\\/www.mexicanguitarplayers.com\\\/tienda\\\/sin categor\u00eda\\\/amplificador-audyson-poder-mod-d-2000\\\/\",\"url\":\"https:\\\/\\\/www.mexicanguitarplayers.com\\\/tienda\\\/sin categor\u00eda\\\/amplificador-audyson-poder-mod-d-2000\\\/\",\"name\":\"AMPLIFICADOR AUDYSON PODER MOD. D-2000 - Mexican Guitar Players\",\"isPartOf\":{\"@id\":\"https:\\\/\\\/www.mexicanguitarplayers.com\\\/#website\"},\"primaryImageOfPage\":{\"@id\":\"https:\\\/\\\/www.mexicanguitarplayers.com\\\/tienda\\\/sin categor\u00eda\\\/amplificador-audyson-poder-mod-d-2000\\\/#primaryimage\"},\"image\":{\"@id\":\"https:\\\/\\\/www.mexicanguitarplayers.com\\\/tienda\\\/sin categor\u00eda\\\/amplificador-audyson-poder-mod-d-2000\\\/#primaryimage\"},\"thumbnailUrl\":\"https:\\\/\\\/www.mexicanguitarplayers.com\\\/wp-content\\\/uploads\\\/2025\\\/04\\\/IAADYD2000.jpg\",\"datePublished\":\"2025-04-09T12:29:10+00:00\",\"dateModified\":\"2026-04-10T10:21:51+00:00\",\"description\":\"Amplificador Audyson D-2000, potencia nominal: 8 ohms est\u00e9reo: 2x450W. 4 ohms est\u00e9reo: 2x700W. 2 ohms est\u00e9reo: 2x750W. 8 ohms puente mono: 1400W. 4 ohms puentemono: 1500W, respuesta de frecuencia: 20 Hz - 20 kHz, sensibilidad: 1.0V, modo:est\u00e9reo, paralelo, puente-mono, conectores: entrada: Jack &amp; Neutrik XLR hembra,salida: poste de conexi\u00f3n &amp; Speakon (Neutrik), peso: 19 kg.\",\"breadcrumb\":{\"@id\":\"https:\\\/\\\/www.mexicanguitarplayers.com\\\/tienda\\\/sin categor\u00eda\\\/amplificador-audyson-poder-mod-d-2000\\\/#breadcrumb\"},\"inLanguage\":\"en-US\",\"potentialAction\":[{\"@type\":\"ReadAction\",\"target\":[\"https:\\\/\\\/www.mexicanguitarplayers.com\\\/tienda\\\/sin categor\u00eda\\\/amplificador-audyson-poder-mod-d-2000\\\/\"]}]},{\"@type\":\"ImageObject\",\"inLanguage\":\"en-US\",\"@id\":\"https:\\\/\\\/www.mexicanguitarplayers.com\\\/tienda\\\/sin categor\u00eda\\\/amplificador-audyson-poder-mod-d-2000\\\/#primaryimage\",\"url\":\"https:\\\/\\\/www.mexicanguitarplayers.com\\\/wp-content\\\/uploads\\\/2025\\\/04\\\/IAADYD2000.jpg\",\"contentUrl\":\"https:\\\/\\\/www.mexicanguitarplayers.com\\\/wp-content\\\/uploads\\\/2025\\\/04\\\/IAADYD2000.jpg\",\"width\":1600,\"height\":800},{\"@type\":\"BreadcrumbList\",\"@id\":\"https:\\\/\\\/www.mexicanguitarplayers.com\\\/tienda\\\/sin categor\u00eda\\\/amplificador-audyson-poder-mod-d-2000\\\/#breadcrumb\",\"itemListElement\":[{\"@type\":\"ListItem\",\"position\":1,\"name\":\"Portada\",\"item\":\"https:\\\/\\\/www.mexicanguitarplayers.com\\\/\"},{\"@type\":\"ListItem\",\"position\":2,\"name\":\"Tienda\",\"item\":\"https:\\\/\\\/www.mexicanguitarplayers.com\\\/tienda\\\/\"},{\"@type\":\"ListItem\",\"position\":3,\"name\":\"AMPLIFICADOR AUDYSON PODER MOD. D-2000\"}]},{\"@type\":\"WebSite\",\"@id\":\"https:\\\/\\\/www.mexicanguitarplayers.com\\\/#website\",\"url\":\"https:\\\/\\\/www.mexicanguitarplayers.com\\\/\",\"name\":\"Mexican Guitar Players\",\"description\":\"Website\",\"publisher\":{\"@id\":\"https:\\\/\\\/www.mexicanguitarplayers.com\\\/#organization\"},\"potentialAction\":[{\"@type\":\"SearchAction\",\"target\":{\"@type\":\"EntryPoint\",\"urlTemplate\":\"https:\\\/\\\/www.mexicanguitarplayers.com\\\/?s={search_term_string}\"},\"query-input\":{\"@type\":\"PropertyValueSpecification\",\"valueRequired\":true,\"valueName\":\"search_term_string\"}}],\"inLanguage\":\"en-US\"},{\"@type\":\"Organization\",\"@id\":\"https:\\\/\\\/www.mexicanguitarplayers.com\\\/#organization\",\"name\":\"Mexican Guitar Players\",\"url\":\"https:\\\/\\\/www.mexicanguitarplayers.com\\\/\",\"logo\":{\"@type\":\"ImageObject\",\"inLanguage\":\"en-US\",\"@id\":\"https:\\\/\\\/www.mexicanguitarplayers.com\\\/#\\\/schema\\\/logo\\\/image\\\/\",\"url\":\"\",\"contentUrl\":\"\",\"caption\":\"Mexican Guitar Players\"},\"image\":{\"@id\":\"https:\\\/\\\/www.mexicanguitarplayers.com\\\/#\\\/schema\\\/logo\\\/image\\\/\"}}]}<\/script>\n<!-- \/ Yoast SEO plugin. -->","yoast_head_json":{"title":"AMPLIFICADOR AUDYSON PODER MOD. D-2000 - Mexican Guitar Players","description":"Amplificador Audyson D-2000, potencia nominal: 8 ohms est\u00e9reo: 2x450W. 4 ohms est\u00e9reo: 2x700W. 2 ohms est\u00e9reo: 2x750W. 8 ohms puente mono: 1400W. 4 ohms puentemono: 1500W, respuesta de frecuencia: 20 Hz - 20 kHz, sensibilidad: 1.0V, modo:est\u00e9reo, paralelo, puente-mono, conectores: entrada: Jack &amp; Neutrik XLR hembra,salida: poste de conexi\u00f3n &amp; Speakon (Neutrik), peso: 19 kg.","robots":{"index":"index","follow":"follow","max-snippet":"max-snippet:-1","max-image-preview":"max-image-preview:large","max-video-preview":"max-video-preview:-1"},"canonical":"https:\/\/www.mexicanguitarplayers.com\/en\/tienda\/sin categor\u00eda\/amplificador-audyson-poder-mod-d-2000\/","og_locale":"en_US","og_type":"article","og_title":"AMPLIFICADOR AUDYSON PODER MOD. D-2000 - Mexican Guitar Players","og_description":"Amplificador Audyson D-2000, potencia nominal: 8 ohms est\u00e9reo: 2x450W. 4 ohms est\u00e9reo: 2x700W. 2 ohms est\u00e9reo: 2x750W. 8 ohms puente mono: 1400W. 4 ohms puentemono: 1500W, respuesta de frecuencia: 20 Hz - 20 kHz, sensibilidad: 1.0V, modo:est\u00e9reo, paralelo, puente-mono, conectores: entrada: Jack &amp; Neutrik XLR hembra,salida: poste de conexi\u00f3n &amp; Speakon (Neutrik), peso: 19 kg.","og_url":"https:\/\/www.mexicanguitarplayers.com\/en\/tienda\/sin categor\u00eda\/amplificador-audyson-poder-mod-d-2000\/","og_site_name":"Mexican Guitar Players","article_modified_time":"2026-04-10T10:21:51+00:00","twitter_card":"summary_large_image","twitter_misc":{"Est. reading time":"3 minutes"},"schema":{"@context":"https:\/\/schema.org","@graph":[{"@type":["WebPage","ItemPage"],"@id":"https:\/\/www.mexicanguitarplayers.com\/tienda\/sin categor\u00eda\/amplificador-audyson-poder-mod-d-2000\/","url":"https:\/\/www.mexicanguitarplayers.com\/tienda\/sin categor\u00eda\/amplificador-audyson-poder-mod-d-2000\/","name":"AMPLIFICADOR AUDYSON PODER MOD. D-2000 - Mexican Guitar Players","isPartOf":{"@id":"https:\/\/www.mexicanguitarplayers.com\/#website"},"primaryImageOfPage":{"@id":"https:\/\/www.mexicanguitarplayers.com\/tienda\/sin categor\u00eda\/amplificador-audyson-poder-mod-d-2000\/#primaryimage"},"image":{"@id":"https:\/\/www.mexicanguitarplayers.com\/tienda\/sin categor\u00eda\/amplificador-audyson-poder-mod-d-2000\/#primaryimage"},"thumbnailUrl":"https:\/\/www.mexicanguitarplayers.com\/wp-content\/uploads\/2025\/04\/IAADYD2000.jpg","datePublished":"2025-04-09T12:29:10+00:00","dateModified":"2026-04-10T10:21:51+00:00","description":"Amplificador Audyson D-2000, potencia nominal: 8 ohms est\u00e9reo: 2x450W. 4 ohms est\u00e9reo: 2x700W. 2 ohms est\u00e9reo: 2x750W. 8 ohms puente mono: 1400W. 4 ohms puentemono: 1500W, respuesta de frecuencia: 20 Hz - 20 kHz, sensibilidad: 1.0V, modo:est\u00e9reo, paralelo, puente-mono, conectores: entrada: Jack &amp; Neutrik XLR hembra,salida: poste de conexi\u00f3n &amp; Speakon (Neutrik), peso: 19 kg.","breadcrumb":{"@id":"https:\/\/www.mexicanguitarplayers.com\/tienda\/sin categor\u00eda\/amplificador-audyson-poder-mod-d-2000\/#breadcrumb"},"inLanguage":"en-US","potentialAction":[{"@type":"ReadAction","target":["https:\/\/www.mexicanguitarplayers.com\/tienda\/sin categor\u00eda\/amplificador-audyson-poder-mod-d-2000\/"]}]},{"@type":"ImageObject","inLanguage":"en-US","@id":"https:\/\/www.mexicanguitarplayers.com\/tienda\/sin categor\u00eda\/amplificador-audyson-poder-mod-d-2000\/#primaryimage","url":"https:\/\/www.mexicanguitarplayers.com\/wp-content\/uploads\/2025\/04\/IAADYD2000.jpg","contentUrl":"https:\/\/www.mexicanguitarplayers.com\/wp-content\/uploads\/2025\/04\/IAADYD2000.jpg","width":1600,"height":800},{"@type":"BreadcrumbList","@id":"https:\/\/www.mexicanguitarplayers.com\/tienda\/sin categor\u00eda\/amplificador-audyson-poder-mod-d-2000\/#breadcrumb","itemListElement":[{"@type":"ListItem","position":1,"name":"Portada","item":"https:\/\/www.mexicanguitarplayers.com\/"},{"@type":"ListItem","position":2,"name":"Tienda","item":"https:\/\/www.mexicanguitarplayers.com\/tienda\/"},{"@type":"ListItem","position":3,"name":"AMPLIFICADOR AUDYSON PODER MOD. D-2000"}]},{"@type":"WebSite","@id":"https:\/\/www.mexicanguitarplayers.com\/#website","url":"https:\/\/www.mexicanguitarplayers.com\/","name":"Mexican Guitar Players","description":"Website","publisher":{"@id":"https:\/\/www.mexicanguitarplayers.com\/#organization"},"potentialAction":[{"@type":"SearchAction","target":{"@type":"EntryPoint","urlTemplate":"https:\/\/www.mexicanguitarplayers.com\/?s={search_term_string}"},"query-input":{"@type":"PropertyValueSpecification","valueRequired":true,"valueName":"search_term_string"}}],"inLanguage":"en-US"},{"@type":"Organization","@id":"https:\/\/www.mexicanguitarplayers.com\/#organization","name":"Mexican Guitar Players","url":"https:\/\/www.mexicanguitarplayers.com\/","logo":{"@type":"ImageObject","inLanguage":"en-US","@id":"https:\/\/www.mexicanguitarplayers.com\/#\/schema\/logo\/image\/","url":"","contentUrl":"","caption":"Mexican Guitar Players"},"image":{"@id":"https:\/\/www.mexicanguitarplayers.com\/#\/schema\/logo\/image\/"}}]}},"brands":[{"id":229,"name":"AUDYSON","slug":"audyson"}],"_links":{"self":[{"href":"https:\/\/www.mexicanguitarplayers.com\/en\/wp-json\/wp\/v2\/product\/39138","targetHints":{"allow":["GET"]}}],"collection":[{"href":"https:\/\/www.mexicanguitarplayers.com\/en\/wp-json\/wp\/v2\/product"}],"about":[{"href":"https:\/\/www.mexicanguitarplayers.com\/en\/wp-json\/wp\/v2\/types\/product"}],"replies":[{"embeddable":true,"href":"https:\/\/www.mexicanguitarplayers.com\/en\/wp-json\/wp\/v2\/comments?post=39138"}],"wp:featuredmedia":[{"embeddable":true,"href":"https:\/\/www.mexicanguitarplayers.com\/en\/wp-json\/wp\/v2\/media\/39135"}],"wp:attachment":[{"href":"https:\/\/www.mexicanguitarplayers.com\/en\/wp-json\/wp\/v2\/media?parent=39138"}],"wp:term":[{"taxonomy":"pwb-brand","embeddable":true,"href":"https:\/\/www.mexicanguitarplayers.com\/en\/wp-json\/wp\/v2\/pwb-brand?post=39138"},{"taxonomy":"product_brand","embeddable":true,"href":"https:\/\/www.mexicanguitarplayers.com\/en\/wp-json\/wp\/v2\/product_brand?post=39138"},{"taxonomy":"product_cat","embeddable":true,"href":"https:\/\/www.mexicanguitarplayers.com\/en\/wp-json\/wp\/v2\/product_cat?post=39138"},{"taxonomy":"product_tag","embeddable":true,"href":"https:\/\/www.mexicanguitarplayers.com\/en\/wp-json\/wp\/v2\/product_tag?post=39138"}],"curies":[{"name":"wp","href":"https:\/\/api.w.org\/{rel}","templated":true}]}}