{"id":39170,"date":"2025-04-09T06:30:05","date_gmt":"2025-04-09T12:30:05","guid":{"rendered":"https:\/\/www.mexicanguitarplayers.com\/tienda\/sin categor\u00eda\/audifonos-behringer-mod-hpm1000-bk\/"},"modified":"2026-03-26T22:15:04","modified_gmt":"2026-03-27T04:15:04","slug":"audifonos-behringer-mod-hpm1000-bk","status":"publish","type":"product","link":"https:\/\/www.mexicanguitarplayers.com\/en\/tienda\/audio\/audifonos\/audifono-alambrico\/audifono-para-estudio\/audifonos-behringer-mod-hpm1000-bk\/","title":{"rendered":"AUDIFONOS BEHRINGER    MOD. HPM1000-BK"},"content":{"rendered":"<div style=\"text-align: justify\">\n<div>\n<h3>D\u00e9janos volar tu mente.<\/h3>\n<\/div>\n<div>Ya sea que est\u00e9s mezclado una grabaci\u00f3n, monitoreando una l\u00ednea de bajo o simplemente disfrutando de tu m\u00fasica favorita, quieres que los aud\u00edfonos brinden una respuesta de frecuencia amplia y un alto rango din\u00e1mico. Nuestros aud\u00edfonos HPM1000-BK, ofrecen un rendimiento incre\u00edble de alta resoluci\u00f3n, a un precio al alcance de cualquier presupuesto. Los aud\u00edfonos HPM1000-BK ofrecen todo lo que necesita una c\u00f3moda escucha. Las orejeras en forma ovalada contienen capsulas de alta resoluci\u00f3n que brindan todos los matices de su sonido. Con un acabado negro sigiloso, un cord\u00f3n de un s\u00f3lo lado que resiste el enredo, una diadema ultra c\u00f3moda y un adaptador de 1\/4&#8243; para el conector de 1\/8&#8243;. Estos aud\u00edfonos son compatibles con todo, desde tu smartphone hasta tu mezcladora. Con los incre\u00edbles tel\u00e9fonos HPM1000-BK, obtienes una reproducci\u00f3n de sonido de alta resoluci\u00f3n verdaderamente excepcional a un precio que dejar\u00e1 dinero en tu bolsillo para m\u00e1s m\u00fasica o m\u00e1s equipo de audio para tu estudio.<\/div>\n<div>\n<h4>Characteristics<\/h4>\n<\/div>\n<div>\n<ul style=\"margin: 0px 0px 0px 25px\">\n<li style=\"list-style-type: circle;margin: 5px\">Aud\u00edfonos multiprop\u00f3sito.<\/li>\n<li style=\"list-style-type: circle;margin: 5px\">Ultra-wide frequency response.<\/li>\n<li style=\"list-style-type: circle;margin: 5px\">Alto rango din\u00e1mico.<\/li>\n<li style=\"list-style-type: circle;margin: 5px\">C\u00e1psulas de alta resoluci\u00f3n.<\/li>\n<li style=\"list-style-type: circle;margin: 5px\">Conector de 1\/8&#8243; y adaptador de 1\/4&#8243;.<\/li>\n<li style=\"list-style-type: circle;margin: 5px\">Cable de un s\u00f3lo lado.<\/li>\n<li style=\"list-style-type: circle;margin: 5px\">Auriculares ovalados.<\/li>\n<li style=\"list-style-type: circle;margin: 5px\">C\u00f3moda diadema.<\/li>\n<li style=\"list-style-type: circle;margin: 5px\">Terminados en color negro.<\/li>\n<\/ul>\n<\/div>\n<\/div>","protected":false},"excerpt":{"rendered":"<p>Aud\u00edfonos multiprop\u00f3sito, respuesta de frecuencia ultra ancha, alto rango din\u00e1mico, c\u00e1psulas de alta resoluci\u00f3n, conector de 1\/8\u201d m\u00e1s adaptador de 1\/4\u201d incluido, cable de un s\u00f3lo lado, auriculares ovalados, c\u00f3moda diadema, terminados en color negro.&hellip; <a class=\"kt-excerpt-readmore more-link\" href=\"https:\/\/www.mexicanguitarplayers.com\/en\/tienda\/audio\/audifonos\/audifono-alambrico\/audifono-para-estudio\/audifonos-behringer-mod-hpm1000-bk\/\">Read more<\/a><\/p>","protected":false},"featured_media":39169,"comment_status":"open","ping_status":"closed","template":"","meta":{"kt_blocks_editor_width":""},"pwb-brand":[171],"product_brand":[],"product_cat":[506,507,505,213],"product_tag":[],"class_list":{"0":"post-39170","1":"product","2":"type-product","3":"status-publish","4":"has-post-thumbnail","6":"pwb-brand-behringer","7":"product_cat-audifono-alambrico","8":"product_cat-audifono-para-estudio","9":"product_cat-audifonos","10":"product_cat-audio","11":"product_shipping_class-0-5-kg","13":"first","14":"outofstock","15":"taxable","16":"shipping-taxable","17":"purchasable","18":"product-type-simple"},"yoast_head":"<!-- This site is optimized with the Yoast SEO plugin v27.3 - https:\/\/yoast.com\/product\/yoast-seo-wordpress\/ -->\n<title>AUDIFONOS BEHRINGER  MOD. HPM1000-BK - Mexican Guitar Players<\/title>\n<meta name=\"description\" content=\"Aud\u00edfonos multiprop\u00f3sito, respuesta de frecuencia ultra ancha, alto rango din\u00e1mico, c\u00e1psulas de alta resoluci\u00f3n, conector de 1\/8\u201d m\u00e1s adaptador de 1\/4\u201d incluido, cable de un s\u00f3lo lado, auriculares ovalados, c\u00f3moda diadema, terminados en color negro.\" \/>\n<meta name=\"robots\" content=\"index, follow, max-snippet:-1, max-image-preview:large, max-video-preview:-1\" \/>\n<link rel=\"canonical\" href=\"https:\/\/www.mexicanguitarplayers.com\/en\/tienda\/sin%20categor\u00eda\/audifonos-behringer-mod-hpm1000-bk\/\" \/>\n<meta property=\"og:locale\" content=\"en_US\" \/>\n<meta property=\"og:type\" content=\"article\" \/>\n<meta property=\"og:title\" content=\"AUDIFONOS BEHRINGER  MOD. HPM1000-BK - Mexican Guitar Players\" \/>\n<meta property=\"og:description\" content=\"Aud\u00edfonos multiprop\u00f3sito, respuesta de frecuencia ultra ancha, alto rango din\u00e1mico, c\u00e1psulas de alta resoluci\u00f3n, conector de 1\/8\u201d m\u00e1s adaptador de 1\/4\u201d incluido, cable de un s\u00f3lo lado, auriculares ovalados, c\u00f3moda diadema, terminados en color negro.\" \/>\n<meta property=\"og:url\" content=\"https:\/\/www.mexicanguitarplayers.com\/en\/tienda\/sin categor\u00eda\/audifonos-behringer-mod-hpm1000-bk\/\" \/>\n<meta property=\"og:site_name\" content=\"Mexican Guitar Players\" \/>\n<meta property=\"article:modified_time\" content=\"2026-03-27T04:15:04+00:00\" \/>\n<meta name=\"twitter:card\" content=\"summary_large_image\" \/>\n<meta name=\"twitter:label1\" content=\"Est. reading time\" \/>\n\t<meta name=\"twitter:data1\" content=\"1 minute\" \/>\n<script type=\"application\/ld+json\" class=\"yoast-schema-graph\">{\"@context\":\"https:\\\/\\\/schema.org\",\"@graph\":[{\"@type\":[\"WebPage\",\"ItemPage\"],\"@id\":\"https:\\\/\\\/www.mexicanguitarplayers.com\\\/tienda\\\/sin categor\u00eda\\\/audifonos-behringer-mod-hpm1000-bk\\\/\",\"url\":\"https:\\\/\\\/www.mexicanguitarplayers.com\\\/tienda\\\/sin categor\u00eda\\\/audifonos-behringer-mod-hpm1000-bk\\\/\",\"name\":\"AUDIFONOS BEHRINGER MOD. HPM1000-BK - Mexican Guitar Players\",\"isPartOf\":{\"@id\":\"https:\\\/\\\/www.mexicanguitarplayers.com\\\/#website\"},\"primaryImageOfPage\":{\"@id\":\"https:\\\/\\\/www.mexicanguitarplayers.com\\\/tienda\\\/sin categor\u00eda\\\/audifonos-behringer-mod-hpm1000-bk\\\/#primaryimage\"},\"image\":{\"@id\":\"https:\\\/\\\/www.mexicanguitarplayers.com\\\/tienda\\\/sin categor\u00eda\\\/audifonos-behringer-mod-hpm1000-bk\\\/#primaryimage\"},\"thumbnailUrl\":\"https:\\\/\\\/www.mexicanguitarplayers.com\\\/wp-content\\\/uploads\\\/2025\\\/04\\\/VABEHHPM1000BK.jpg\",\"datePublished\":\"2025-04-09T12:30:05+00:00\",\"dateModified\":\"2026-03-27T04:15:04+00:00\",\"description\":\"Aud\u00edfonos multiprop\u00f3sito, respuesta de frecuencia ultra ancha, alto rango din\u00e1mico, c\u00e1psulas de alta resoluci\u00f3n, conector de 1\\\/8\u201d m\u00e1s adaptador de 1\\\/4\u201d incluido, cable de un s\u00f3lo lado, auriculares ovalados, c\u00f3moda diadema, terminados en color negro.\",\"breadcrumb\":{\"@id\":\"https:\\\/\\\/www.mexicanguitarplayers.com\\\/tienda\\\/sin categor\u00eda\\\/audifonos-behringer-mod-hpm1000-bk\\\/#breadcrumb\"},\"inLanguage\":\"en-US\",\"potentialAction\":[{\"@type\":\"ReadAction\",\"target\":[\"https:\\\/\\\/www.mexicanguitarplayers.com\\\/tienda\\\/sin categor\u00eda\\\/audifonos-behringer-mod-hpm1000-bk\\\/\"]}]},{\"@type\":\"ImageObject\",\"inLanguage\":\"en-US\",\"@id\":\"https:\\\/\\\/www.mexicanguitarplayers.com\\\/tienda\\\/sin categor\u00eda\\\/audifonos-behringer-mod-hpm1000-bk\\\/#primaryimage\",\"url\":\"https:\\\/\\\/www.mexicanguitarplayers.com\\\/wp-content\\\/uploads\\\/2025\\\/04\\\/VABEHHPM1000BK.jpg\",\"contentUrl\":\"https:\\\/\\\/www.mexicanguitarplayers.com\\\/wp-content\\\/uploads\\\/2025\\\/04\\\/VABEHHPM1000BK.jpg\",\"width\":1200,\"height\":1200},{\"@type\":\"BreadcrumbList\",\"@id\":\"https:\\\/\\\/www.mexicanguitarplayers.com\\\/tienda\\\/sin categor\u00eda\\\/audifonos-behringer-mod-hpm1000-bk\\\/#breadcrumb\",\"itemListElement\":[{\"@type\":\"ListItem\",\"position\":1,\"name\":\"Portada\",\"item\":\"https:\\\/\\\/www.mexicanguitarplayers.com\\\/\"},{\"@type\":\"ListItem\",\"position\":2,\"name\":\"Tienda\",\"item\":\"https:\\\/\\\/www.mexicanguitarplayers.com\\\/tienda\\\/\"},{\"@type\":\"ListItem\",\"position\":3,\"name\":\"AUDIFONOS BEHRINGER MOD. HPM1000-BK\"}]},{\"@type\":\"WebSite\",\"@id\":\"https:\\\/\\\/www.mexicanguitarplayers.com\\\/#website\",\"url\":\"https:\\\/\\\/www.mexicanguitarplayers.com\\\/\",\"name\":\"Mexican Guitar Players\",\"description\":\"Website\",\"publisher\":{\"@id\":\"https:\\\/\\\/www.mexicanguitarplayers.com\\\/#organization\"},\"potentialAction\":[{\"@type\":\"SearchAction\",\"target\":{\"@type\":\"EntryPoint\",\"urlTemplate\":\"https:\\\/\\\/www.mexicanguitarplayers.com\\\/?s={search_term_string}\"},\"query-input\":{\"@type\":\"PropertyValueSpecification\",\"valueRequired\":true,\"valueName\":\"search_term_string\"}}],\"inLanguage\":\"en-US\"},{\"@type\":\"Organization\",\"@id\":\"https:\\\/\\\/www.mexicanguitarplayers.com\\\/#organization\",\"name\":\"Mexican Guitar Players\",\"url\":\"https:\\\/\\\/www.mexicanguitarplayers.com\\\/\",\"logo\":{\"@type\":\"ImageObject\",\"inLanguage\":\"en-US\",\"@id\":\"https:\\\/\\\/www.mexicanguitarplayers.com\\\/#\\\/schema\\\/logo\\\/image\\\/\",\"url\":\"\",\"contentUrl\":\"\",\"caption\":\"Mexican Guitar Players\"},\"image\":{\"@id\":\"https:\\\/\\\/www.mexicanguitarplayers.com\\\/#\\\/schema\\\/logo\\\/image\\\/\"}}]}<\/script>\n<!-- \/ Yoast SEO plugin. -->","yoast_head_json":{"title":"AUDIFONOS BEHRINGER  MOD. HPM1000-BK - Mexican Guitar Players","description":"Aud\u00edfonos multiprop\u00f3sito, respuesta de frecuencia ultra ancha, alto rango din\u00e1mico, c\u00e1psulas de alta resoluci\u00f3n, conector de 1\/8\u201d m\u00e1s adaptador de 1\/4\u201d incluido, cable de un s\u00f3lo lado, auriculares ovalados, c\u00f3moda diadema, terminados en color negro.","robots":{"index":"index","follow":"follow","max-snippet":"max-snippet:-1","max-image-preview":"max-image-preview:large","max-video-preview":"max-video-preview:-1"},"canonical":"https:\/\/www.mexicanguitarplayers.com\/en\/tienda\/sin categor\u00eda\/audifonos-behringer-mod-hpm1000-bk\/","og_locale":"en_US","og_type":"article","og_title":"AUDIFONOS BEHRINGER  MOD. HPM1000-BK - Mexican Guitar Players","og_description":"Aud\u00edfonos multiprop\u00f3sito, respuesta de frecuencia ultra ancha, alto rango din\u00e1mico, c\u00e1psulas de alta resoluci\u00f3n, conector de 1\/8\u201d m\u00e1s adaptador de 1\/4\u201d incluido, cable de un s\u00f3lo lado, auriculares ovalados, c\u00f3moda diadema, terminados en color negro.","og_url":"https:\/\/www.mexicanguitarplayers.com\/en\/tienda\/sin categor\u00eda\/audifonos-behringer-mod-hpm1000-bk\/","og_site_name":"Mexican Guitar Players","article_modified_time":"2026-03-27T04:15:04+00:00","twitter_card":"summary_large_image","twitter_misc":{"Est. reading time":"1 minute"},"schema":{"@context":"https:\/\/schema.org","@graph":[{"@type":["WebPage","ItemPage"],"@id":"https:\/\/www.mexicanguitarplayers.com\/tienda\/sin categor\u00eda\/audifonos-behringer-mod-hpm1000-bk\/","url":"https:\/\/www.mexicanguitarplayers.com\/tienda\/sin categor\u00eda\/audifonos-behringer-mod-hpm1000-bk\/","name":"AUDIFONOS BEHRINGER MOD. HPM1000-BK - Mexican Guitar Players","isPartOf":{"@id":"https:\/\/www.mexicanguitarplayers.com\/#website"},"primaryImageOfPage":{"@id":"https:\/\/www.mexicanguitarplayers.com\/tienda\/sin categor\u00eda\/audifonos-behringer-mod-hpm1000-bk\/#primaryimage"},"image":{"@id":"https:\/\/www.mexicanguitarplayers.com\/tienda\/sin categor\u00eda\/audifonos-behringer-mod-hpm1000-bk\/#primaryimage"},"thumbnailUrl":"https:\/\/www.mexicanguitarplayers.com\/wp-content\/uploads\/2025\/04\/VABEHHPM1000BK.jpg","datePublished":"2025-04-09T12:30:05+00:00","dateModified":"2026-03-27T04:15:04+00:00","description":"Aud\u00edfonos multiprop\u00f3sito, respuesta de frecuencia ultra ancha, alto rango din\u00e1mico, c\u00e1psulas de alta resoluci\u00f3n, conector de 1\/8\u201d m\u00e1s adaptador de 1\/4\u201d incluido, cable de un s\u00f3lo lado, auriculares ovalados, c\u00f3moda diadema, terminados en color negro.","breadcrumb":{"@id":"https:\/\/www.mexicanguitarplayers.com\/tienda\/sin categor\u00eda\/audifonos-behringer-mod-hpm1000-bk\/#breadcrumb"},"inLanguage":"en-US","potentialAction":[{"@type":"ReadAction","target":["https:\/\/www.mexicanguitarplayers.com\/tienda\/sin categor\u00eda\/audifonos-behringer-mod-hpm1000-bk\/"]}]},{"@type":"ImageObject","inLanguage":"en-US","@id":"https:\/\/www.mexicanguitarplayers.com\/tienda\/sin categor\u00eda\/audifonos-behringer-mod-hpm1000-bk\/#primaryimage","url":"https:\/\/www.mexicanguitarplayers.com\/wp-content\/uploads\/2025\/04\/VABEHHPM1000BK.jpg","contentUrl":"https:\/\/www.mexicanguitarplayers.com\/wp-content\/uploads\/2025\/04\/VABEHHPM1000BK.jpg","width":1200,"height":1200},{"@type":"BreadcrumbList","@id":"https:\/\/www.mexicanguitarplayers.com\/tienda\/sin categor\u00eda\/audifonos-behringer-mod-hpm1000-bk\/#breadcrumb","itemListElement":[{"@type":"ListItem","position":1,"name":"Portada","item":"https:\/\/www.mexicanguitarplayers.com\/"},{"@type":"ListItem","position":2,"name":"Tienda","item":"https:\/\/www.mexicanguitarplayers.com\/tienda\/"},{"@type":"ListItem","position":3,"name":"AUDIFONOS BEHRINGER MOD. HPM1000-BK"}]},{"@type":"WebSite","@id":"https:\/\/www.mexicanguitarplayers.com\/#website","url":"https:\/\/www.mexicanguitarplayers.com\/","name":"Mexican Guitar Players","description":"Website","publisher":{"@id":"https:\/\/www.mexicanguitarplayers.com\/#organization"},"potentialAction":[{"@type":"SearchAction","target":{"@type":"EntryPoint","urlTemplate":"https:\/\/www.mexicanguitarplayers.com\/?s={search_term_string}"},"query-input":{"@type":"PropertyValueSpecification","valueRequired":true,"valueName":"search_term_string"}}],"inLanguage":"en-US"},{"@type":"Organization","@id":"https:\/\/www.mexicanguitarplayers.com\/#organization","name":"Mexican Guitar Players","url":"https:\/\/www.mexicanguitarplayers.com\/","logo":{"@type":"ImageObject","inLanguage":"en-US","@id":"https:\/\/www.mexicanguitarplayers.com\/#\/schema\/logo\/image\/","url":"","contentUrl":"","caption":"Mexican Guitar Players"},"image":{"@id":"https:\/\/www.mexicanguitarplayers.com\/#\/schema\/logo\/image\/"}}]}},"brands":[{"id":171,"name":"BEHRINGER","slug":"behringer"}],"_links":{"self":[{"href":"https:\/\/www.mexicanguitarplayers.com\/en\/wp-json\/wp\/v2\/product\/39170","targetHints":{"allow":["GET"]}}],"collection":[{"href":"https:\/\/www.mexicanguitarplayers.com\/en\/wp-json\/wp\/v2\/product"}],"about":[{"href":"https:\/\/www.mexicanguitarplayers.com\/en\/wp-json\/wp\/v2\/types\/product"}],"replies":[{"embeddable":true,"href":"https:\/\/www.mexicanguitarplayers.com\/en\/wp-json\/wp\/v2\/comments?post=39170"}],"wp:featuredmedia":[{"embeddable":true,"href":"https:\/\/www.mexicanguitarplayers.com\/en\/wp-json\/wp\/v2\/media\/39169"}],"wp:attachment":[{"href":"https:\/\/www.mexicanguitarplayers.com\/en\/wp-json\/wp\/v2\/media?parent=39170"}],"wp:term":[{"taxonomy":"pwb-brand","embeddable":true,"href":"https:\/\/www.mexicanguitarplayers.com\/en\/wp-json\/wp\/v2\/pwb-brand?post=39170"},{"taxonomy":"product_brand","embeddable":true,"href":"https:\/\/www.mexicanguitarplayers.com\/en\/wp-json\/wp\/v2\/product_brand?post=39170"},{"taxonomy":"product_cat","embeddable":true,"href":"https:\/\/www.mexicanguitarplayers.com\/en\/wp-json\/wp\/v2\/product_cat?post=39170"},{"taxonomy":"product_tag","embeddable":true,"href":"https:\/\/www.mexicanguitarplayers.com\/en\/wp-json\/wp\/v2\/product_tag?post=39170"}],"curies":[{"name":"wp","href":"https:\/\/api.w.org\/{rel}","templated":true}]}}