{"id":39175,"date":"2025-04-09T06:30:11","date_gmt":"2025-04-09T12:30:11","guid":{"rendered":"https:\/\/www.mexicanguitarplayers.com\/tienda\/sin categor\u00eda\/bocina-eighteen-sound-21-21lw1400-8\/"},"modified":"2026-01-22T04:16:35","modified_gmt":"2026-01-22T10:16:35","slug":"bocina-eighteen-sound-21-21lw1400-8","status":"publish","type":"product","link":"https:\/\/www.mexicanguitarplayers.com\/en\/tienda\/audio\/bafles-y-bocinas\/bocinas-y-componentes\/graves\/bocina-eighteen-sound-21-21lw1400-8\/","title":{"rendered":"BOCINA EIGHTEEN SOUND 21  21LW1400\/8"},"content":{"rendered":"<div style=\"text-align: justify\">\n<div>\n<h3>El perfecto control de tu sonido.<\/h3>\n<\/div>\n<div>El 21LW1400 es un altavoz de 21&#8243; pulgadas de baja frecuencia extendida de alto rendimiento. Este transductor se puede utilizar como componente de subwoofer, ya sea en una configuraci\u00f3n reflex, band-pass o horn loaded en sistemas de alta potencia de auditorios o arenas. Proporciona una reproducci\u00f3n LF limpia y sin distorsiones a un SPL muy alto y permite que el altavoz soporte altos niveles de potencia sin da\u00f1o. El dise\u00f1o del 21NL1400 incluye un sistema de suspensi\u00f3n de desplazamiento excepcional, que junto con un cono acanalado recto reforzado con fibra de carbono y Double Silicon Spider (DSS), produce una acci\u00f3n de pist\u00f3n ultra lineal, que proporciona un control total en todo el rango de trabajo. La bobina m\u00f3vil de cobre de 100 mm en el exterior, basada en nuestra tecnolog\u00eda de bobina Intgerleaved Sandwich (ISV) alcanza altos niveles de estabilidad t\u00e9rmica y durabilidad. La tecnolog\u00eda ISV se basa en un embobinador de fibra de vidrio de alta resistencia, con la mitad de la bobina enrollada en el exterior y la otra mitad en el interior y unidas mediante adhesivos de resina \u00fanicos de alta temperatura. Esto da como resultado una unidad de motor lineal equilibrada que puede ejercer un factor de fuerza excepcionalmente alto. La baja distorsi\u00f3n y la calidad de sonido incomparable del 21NL1400 se han mejorado significativamente gracias a los anillos de doble demodulaci\u00f3n (DDR) integrados en la pieza polar de la estructura magn\u00e9tica. Estos se han dise\u00f1ado para reducir dr\u00e1sticamente la intermodulaci\u00f3n y la distorsi\u00f3n  arm\u00f3nica, al tiempo que mejoran la repuesta transitoria. Se ha logrado una excelente disipaci\u00f3n de calor utilizando el dise\u00f1o especial de canasta que incorpora canales de aire entre la canasta y la placa magn\u00e9tica superior. Adem\u00e1s, 8 salidas de aire incorporadas en la placa posterior est\u00e1n alineadas con la bobina m\u00f3vil para forzar el aire en la parte inferior del entrehierro. El altavoz 21LW1400 est\u00e1 listo para funcionar correctamente en condiciones clim\u00e1ticas adversas. Esto se ha logrado utilizando un tratamiento exclusivo que mejora la resistencia de la pulpa y otorga propiedades repelentes al agua a ambos lados del cono. Adem\u00e1s, se aplica un tratamiento especial a la placa superior y posterior de la estructura magn\u00e9tica, que es mucho m\u00e1s resistente a los efectos corrosivos de las sales y la oxidaci\u00f3n que cualquier otro tratamiento en uso.<\/div>\n<div>\n<h4>Quick look<\/h4>\n<\/div>\n<ul style=\"margin: 0px 0px 0px 25px\">\n<li style=\"list-style-type: circle;margin: 5px\">Di\u00e1metro nominal.<\/li>\n<li style=\"list-style-type: circle;margin: 5px\">Nominal impedance.<\/li>\n<li style=\"list-style-type: circle;margin: 5px\">Power.<\/li>\n<li style=\"list-style-type: circle;margin: 5px\">Sensitivity.<\/li>\n<li style=\"list-style-type: circle;margin: 5px\">Rango de frecuencia.<\/li>\n<li style=\"list-style-type: circle;margin: 5px\">Compresi\u00f3n.<\/li>\n<li style=\"list-style-type: circle;margin: 5px\">Frecuencia m\u00e1xima recomendada.<\/li>\n<li style=\"list-style-type: circle;margin: 5px\">Volumen recomendado del gabinete.<\/li>\n<li style=\"list-style-type: circle;margin: 5px\">Impedancia m\u00ednima.<\/li>\n<li style=\"list-style-type: circle;margin: 5px\">Excursi\u00f3n m\u00e1xima pico a pico.<\/li>\n<li style=\"list-style-type: circle;margin: 5px\">Di\u00e1metro de la bobina m\u00f3vil.<\/li>\n<li style=\"list-style-type: circle;margin: 5px\">Material de la bobina m\u00f3vil.<\/li>\n<li style=\"list-style-type: circle;margin: 5px\">Suspensi\u00f3n.<\/li>\n<li style=\"list-style-type: circle;margin: 5px\">Cono.<\/li>\n<li style=\"list-style-type: circle;margin: 5px\">FS (Frecuencia de resonancia).<\/li>\n<li style=\"list-style-type: circle;margin: 5px\">Resistencia DC.<\/li>\n<li style=\"list-style-type: circle;margin: 5px\">SD (Superficie efectiva).<\/li>\n<li style=\"list-style-type: circle;margin: 5px\">QMS (Factor de calidad mec\u00e1nica).<\/li>\n<li style=\"list-style-type: circle;margin: 5px\">QES (Factor de calidad el\u00e9ctrica).<\/li>\n<li style=\"list-style-type: circle;margin: 5px\">QTS (Factor de calidad total).<\/li>\n<li style=\"list-style-type: circle;margin: 5px\">VAS (Volumen de aire equivalente a CMS).<\/li>\n<li style=\"list-style-type: circle;margin: 5px\">MMS (Masa total del cono).<\/li>\n<li style=\"list-style-type: circle;margin: 5px\">Factor BL <\/li>\n<li style=\"list-style-type: circle;margin: 5px\">XMAX (Desplazamiento m\u00e1ximo).<\/li>\n<li style=\"list-style-type: circle;margin: 5px\">Inductancia de la bobina m\u00f3vil (Le @ 1kHz).<\/li>\n<li style=\"list-style-type: circle;margin: 5px\">Referencia de eficiencia 1W\/1m (espacio medio).<\/li>\n<li style=\"list-style-type: circle;margin: 5px\">Di\u00e1metro total.<\/li>\n<li style=\"list-style-type: circle;margin: 5px\">Numero de agujeros de montaje y tornillo.<\/li>\n<li style=\"list-style-type: circle;margin: 5px\">Di\u00e1metro de los agujeros de montaje.<\/li>\n<li style=\"list-style-type: circle;margin: 5px\">Di\u00e1metro del c\u00edrculo del perno.<\/li>\n<li style=\"list-style-type: circle;margin: 5px\">Corte de montaje frontal del bafle.<\/li>\n<li style=\"list-style-type: circle;margin: 5px\">Corte de montaje posterior del bafle.<\/li>\n<li style=\"list-style-type: circle;margin: 5px\">Profundidad total.<\/li>\n<li style=\"list-style-type: circle;margin: 5px\">Espesor de  brida y junta.<\/li>\n<li style=\"list-style-type: circle;margin: 5px\">Weight.<\/li>\n<\/ul>\n<div>\n<div style=\"font-weight: bold\">Di\u00e1metro nominal.<\/div>\n<div>\n<p>21\u201d pulgadas (533 mm).<\/p>\n<\/div>\n<div style=\"font-weight: bold\">Nominal impedance.<\/div>\n<div>\n<p>8 ohms.<\/p>\n<\/div>\n<div style=\"font-weight: bold\">Power.<\/div>\n<div>\n<p>AES: 1,400 W. Programa: 1,600 W. Pico: 7,000 W.<\/p>\n<\/div>\n<div style=\"font-weight: bold\">Sensitivity.<\/div>\n<div>\n<p>99 dB.<\/p>\n<\/div>\n<div style=\"font-weight: bold\">Rango de frecuencia.<\/div>\n<div>\n<p>24 &#8211; 2,000 Hz.<\/p>\n<\/div>\n<div style=\"font-weight: bold\">Compresi\u00f3n.<\/div>\n<div>\n<p>A -10 dB: 0.6 dB. A -3 dB: 1.5 dB. A potencia total: 2.2 dB.<\/p>\n<\/div>\n<div style=\"font-weight: bold\">Frecuencia m\u00e1xima recomendada.<\/div>\n<div>\n<p>250 Hz.<\/p>\n<\/div>\n<div style=\"font-weight: bold\">Volumen recomendado del gabinete.<\/div>\n<div>\n<p>120 &#8211; 500 lt. (4.24 &#8211; 17.7 pies c\u00fabicos).<\/p>\n<\/div>\n<div style=\"font-weight: bold\">Impedancia m\u00ednima.<\/div>\n<div>\n<p>6.4 ohms a 25\u00b0C.<\/p>\n<\/div>\n<div style=\"font-weight: bold\">Excursi\u00f3n m\u00e1xima pico a pico.<\/div>\n<div>\n<p>2.05\u201d pulgadas (52 mm).<\/p>\n<\/div>\n<div style=\"font-weight: bold\">Di\u00e1metro de la bobina m\u00f3vil.<\/div>\n<div>\n<p>4\u201d pulgadas (100 mm).<\/p>\n<\/div>\n<div style=\"font-weight: bold\">Material de la bobina m\u00f3vil.<\/div>\n<div>\n<p>Cobre.<\/p>\n<\/div>\n<div style=\"font-weight: bold\">Suspensi\u00f3n.<\/div>\n<div>\n<p>Triple rollo, poli algod\u00f3n.<\/p>\n<\/div>\n<div style=\"font-weight: bold\">Cono.<\/div>\n<div>\n<p>Recto acanalado, papel reforzado con fibra de carbono.<\/p>\n<\/div>\n<div style=\"font-weight: bold\">FS (Frecuencia de resonancia).<\/div>\n<div>\n<p>28 Hz.<\/p>\n<\/div>\n<div style=\"font-weight: bold\">Resistencia DC.<\/div>\n<div>\n<p>5 ohms.<\/p>\n<\/div>\n<div style=\"font-weight: bold\">SD (Superficie efectiva).<\/div>\n<div>\n<p>0.1662 sq.mt. (257.6 sq.in.).<\/p>\n<\/div>\n<div style=\"font-weight: bold\">QMS (Factor de calidad mec\u00e1nica).<\/div>\n<div>\n<p>9.32.<\/p>\n<\/div>\n<div style=\"font-weight: bold\">QES (Factor de calidad el\u00e9ctrica).<\/div>\n<div>\n<p>0.242.<\/p>\n<\/div>\n<div style=\"font-weight: bold\">QTS (Factor de calidad total).<\/div>\n<div>\n<p>0.235.<\/p>\n<\/div>\n<div style=\"font-weight: bold\">VAS (Volumen de aire equivalente a CMS).<\/div>\n<div>\n<p>385 lt.<\/p>\n<\/div>\n<div style=\"font-weight: bold\">MMS (Masa total del cono).<\/div>\n<div>\n<p>296 gr.<\/p>\n<\/div>\n<div style=\"font-weight: bold\">Factor BL <\/div>\n<div>\n<p>33.5 Tm.<\/p>\n<\/div>\n<div style=\"font-weight: bold\">XMAX (Desplazamiento m\u00e1ximo).<\/div>\n<div>\n<p>\u00b1 9.5 mm (\u00b1 0.37\u201d pulgadas).<\/p>\n<\/div>\n<div style=\"font-weight: bold\">Inductancia de la bobina m\u00f3vil (Le @ 1kHz).<\/div>\n<div>\n<p>2.85 mH.<\/p>\n<\/div>\n<div style=\"font-weight: bold\">Referencia de eficiencia 1W\/1m (espacio medio).<\/div>\n<div>\n<p>98 dB.<\/p>\n<\/div>\n<div style=\"font-weight: bold\">Di\u00e1metro total.<\/div>\n<div>\n<p>21.46\u201d pulgadas (545 mm).<\/p>\n<\/div>\n<div style=\"font-weight: bold\">Numero de agujeros de montaje y tornillo.<\/div>\n<div>\n<p>8.<\/p>\n<\/div>\n<div style=\"font-weight: bold\">Di\u00e1metro de los agujeros de montaje.<\/div>\n<div>\n<p>0.39\u201d pulgadas (10 mm).<\/p>\n<\/div>\n<div style=\"font-weight: bold\">Di\u00e1metro del c\u00edrculo del perno.<\/div>\n<div>\n<p>20.47\u201d pulgadas (520 mm).<\/p>\n<\/div>\n<div style=\"font-weight: bold\">Corte de montaje frontal del bafle.<\/div>\n<div>\n<p>\u00d8 19.37\u201d pulgadas (492 mm).<\/p>\n<\/div>\n<div style=\"font-weight: bold\">Corte de montaje posterior del bafle.<\/div>\n<div>\n<p>\u00d8 19.29\u201d pulgadas (490 mm).<\/p>\n<\/div>\n<div style=\"font-weight: bold\">Profundidad total.<\/div>\n<div>\n<p>10.2\u201d pulgadas (259 mm).<\/p>\n<\/div>\n<div style=\"font-weight: bold\">Espesor de  brida y junta.<\/div>\n<div>\n<p>0.55\u201d pulgadas (14 mm).<\/p>\n<\/div>\n<div style=\"font-weight: bold\">Weight.<\/div>\n<div>\n<p>17 kg.<\/p>\n<\/div>\n<\/div>\n<\/div>","protected":false},"excerpt":{"rendered":"<p>Bocina de 21\u201d pulgadas, im\u00e1n de ferrita, cono acanalado reforzado con fibra de carbono, Double Silicon Spider (DSS) para mejorar el control de la excursi\u00f3n y la linealidad, anillos de doble demodulaci\u00f3n (DDR) para una menor distorsi\u00f3n, disipaci\u00f3n mejorada de calor a trav\u00e9s del dise\u00f1o \u00fanico de la canasta, conos y platos protegidos contra intemperie para uso en exteriores, ideal para sistemas de ultra baja frecuencia, impedancia: 8 ohms, potencia AES: 1,400 W, programa: 1,600 W, pico: 7,000 W, sensibilidad: 99 dB, rango de frecuencia: 24 &#8211; 2,000 Hz, bobina m\u00f3vil de cobre de 4\u201d pulgadas (100 mm), peso: 17 kg.&hellip; <a class=\"kt-excerpt-readmore more-link\" href=\"https:\/\/www.mexicanguitarplayers.com\/en\/tienda\/audio\/bafles-y-bocinas\/bocinas-y-componentes\/graves\/bocina-eighteen-sound-21-21lw1400-8\/\">Read more<\/a><\/p>","protected":false},"featured_media":39171,"comment_status":"open","ping_status":"closed","template":"","meta":{"kt_blocks_editor_width":""},"pwb-brand":[533],"product_brand":[],"product_cat":[213,221,474,529],"product_tag":[],"class_list":{"0":"post-39175","1":"product","2":"type-product","3":"status-publish","4":"has-post-thumbnail","6":"pwb-brand-eighteen-sound","7":"product_cat-audio","8":"product_cat-bafles-y-bocinas","9":"product_cat-bocinas-y-componentes","10":"product_cat-graves","11":"product_shipping_class-15-20-kg","13":"first","14":"outofstock","15":"taxable","16":"shipping-taxable","17":"purchasable","18":"product-type-simple"},"yoast_head":"<!-- This site is optimized with the Yoast SEO plugin v27.3 - https:\/\/yoast.com\/product\/yoast-seo-wordpress\/ -->\n<title>BOCINA EIGHTEEN SOUND 21 21LW1400\/8 - Mexican Guitar Players<\/title>\n<meta name=\"description\" content=\"Bocina de 21\u201d pulgadas, im\u00e1n de ferrita, cono acanalado reforzado con fibra de carbono, Double Silicon Spider (DSS) para mejorar el control de la excursi\u00f3n y la linealidad, anillos de doble demodulaci\u00f3n (DDR) para una menor distorsi\u00f3n, disipaci\u00f3n mejorada de calor a trav\u00e9s del dise\u00f1o \u00fanico de la canasta, conos y platos protegidos contra intemperie para uso en exteriores, ideal para sistemas de ultra baja frecuencia, impedancia: 8 ohms, potencia AES: 1,400 W, programa: 1,600 W, pico: 7,000 W, sensibilidad: 99 dB, rango de frecuencia: 24 - 2,000 Hz, bobina m\u00f3vil de cobre de 4\u201d pulgadas (100 mm), peso: 17 kg.\" \/>\n<meta name=\"robots\" content=\"index, follow, max-snippet:-1, max-image-preview:large, max-video-preview:-1\" \/>\n<link rel=\"canonical\" href=\"https:\/\/www.mexicanguitarplayers.com\/en\/tienda\/sin%20categor\u00eda\/bocina-eighteen-sound-21-21lw1400-8\/\" \/>\n<meta property=\"og:locale\" content=\"en_US\" \/>\n<meta property=\"og:type\" content=\"article\" \/>\n<meta property=\"og:title\" content=\"BOCINA EIGHTEEN SOUND 21 21LW1400\/8 - Mexican Guitar Players\" \/>\n<meta property=\"og:description\" content=\"Bocina de 21\u201d pulgadas, im\u00e1n de ferrita, cono acanalado reforzado con fibra de carbono, Double Silicon Spider (DSS) para mejorar el control de la excursi\u00f3n y la linealidad, anillos de doble demodulaci\u00f3n (DDR) para una menor distorsi\u00f3n, disipaci\u00f3n mejorada de calor a trav\u00e9s del dise\u00f1o \u00fanico de la canasta, conos y platos protegidos contra intemperie para uso en exteriores, ideal para sistemas de ultra baja frecuencia, impedancia: 8 ohms, potencia AES: 1,400 W, programa: 1,600 W, pico: 7,000 W, sensibilidad: 99 dB, rango de frecuencia: 24 - 2,000 Hz, bobina m\u00f3vil de cobre de 4\u201d pulgadas (100 mm), peso: 17 kg.\" \/>\n<meta property=\"og:url\" content=\"https:\/\/www.mexicanguitarplayers.com\/en\/tienda\/sin categor\u00eda\/bocina-eighteen-sound-21-21lw1400-8\/\" \/>\n<meta property=\"og:site_name\" content=\"Mexican Guitar Players\" \/>\n<meta property=\"article:modified_time\" content=\"2026-01-22T10:16:35+00:00\" \/>\n<meta name=\"twitter:card\" content=\"summary_large_image\" \/>\n<meta name=\"twitter:label1\" content=\"Est. reading time\" \/>\n\t<meta name=\"twitter:data1\" content=\"4 minutes\" \/>\n<script type=\"application\/ld+json\" class=\"yoast-schema-graph\">{\"@context\":\"https:\\\/\\\/schema.org\",\"@graph\":[{\"@type\":[\"WebPage\",\"ItemPage\"],\"@id\":\"https:\\\/\\\/www.mexicanguitarplayers.com\\\/tienda\\\/sin categor\u00eda\\\/bocina-eighteen-sound-21-21lw1400-8\\\/\",\"url\":\"https:\\\/\\\/www.mexicanguitarplayers.com\\\/tienda\\\/sin categor\u00eda\\\/bocina-eighteen-sound-21-21lw1400-8\\\/\",\"name\":\"BOCINA EIGHTEEN SOUND 21 21LW1400\\\/8 - Mexican Guitar Players\",\"isPartOf\":{\"@id\":\"https:\\\/\\\/www.mexicanguitarplayers.com\\\/#website\"},\"primaryImageOfPage\":{\"@id\":\"https:\\\/\\\/www.mexicanguitarplayers.com\\\/tienda\\\/sin categor\u00eda\\\/bocina-eighteen-sound-21-21lw1400-8\\\/#primaryimage\"},\"image\":{\"@id\":\"https:\\\/\\\/www.mexicanguitarplayers.com\\\/tienda\\\/sin categor\u00eda\\\/bocina-eighteen-sound-21-21lw1400-8\\\/#primaryimage\"},\"thumbnailUrl\":\"https:\\\/\\\/www.mexicanguitarplayers.com\\\/wp-content\\\/uploads\\\/2025\\\/04\\\/IAEIG21LW14008.jpg\",\"datePublished\":\"2025-04-09T12:30:11+00:00\",\"dateModified\":\"2026-01-22T10:16:35+00:00\",\"description\":\"Bocina de 21\u201d pulgadas, im\u00e1n de ferrita, cono acanalado reforzado con fibra de carbono, Double Silicon Spider (DSS) para mejorar el control de la excursi\u00f3n y la linealidad, anillos de doble demodulaci\u00f3n (DDR) para una menor distorsi\u00f3n, disipaci\u00f3n mejorada de calor a trav\u00e9s del dise\u00f1o \u00fanico de la canasta, conos y platos protegidos contra intemperie para uso en exteriores, ideal para sistemas de ultra baja frecuencia, impedancia: 8 ohms, potencia AES: 1,400 W, programa: 1,600 W, pico: 7,000 W, sensibilidad: 99 dB, rango de frecuencia: 24 - 2,000 Hz, bobina m\u00f3vil de cobre de 4\u201d pulgadas (100 mm), peso: 17 kg.\",\"breadcrumb\":{\"@id\":\"https:\\\/\\\/www.mexicanguitarplayers.com\\\/tienda\\\/sin categor\u00eda\\\/bocina-eighteen-sound-21-21lw1400-8\\\/#breadcrumb\"},\"inLanguage\":\"en-US\",\"potentialAction\":[{\"@type\":\"ReadAction\",\"target\":[\"https:\\\/\\\/www.mexicanguitarplayers.com\\\/tienda\\\/sin categor\u00eda\\\/bocina-eighteen-sound-21-21lw1400-8\\\/\"]}]},{\"@type\":\"ImageObject\",\"inLanguage\":\"en-US\",\"@id\":\"https:\\\/\\\/www.mexicanguitarplayers.com\\\/tienda\\\/sin categor\u00eda\\\/bocina-eighteen-sound-21-21lw1400-8\\\/#primaryimage\",\"url\":\"https:\\\/\\\/www.mexicanguitarplayers.com\\\/wp-content\\\/uploads\\\/2025\\\/04\\\/IAEIG21LW14008.jpg\",\"contentUrl\":\"https:\\\/\\\/www.mexicanguitarplayers.com\\\/wp-content\\\/uploads\\\/2025\\\/04\\\/IAEIG21LW14008.jpg\",\"width\":1200,\"height\":1200},{\"@type\":\"BreadcrumbList\",\"@id\":\"https:\\\/\\\/www.mexicanguitarplayers.com\\\/tienda\\\/sin categor\u00eda\\\/bocina-eighteen-sound-21-21lw1400-8\\\/#breadcrumb\",\"itemListElement\":[{\"@type\":\"ListItem\",\"position\":1,\"name\":\"Portada\",\"item\":\"https:\\\/\\\/www.mexicanguitarplayers.com\\\/\"},{\"@type\":\"ListItem\",\"position\":2,\"name\":\"Tienda\",\"item\":\"https:\\\/\\\/www.mexicanguitarplayers.com\\\/tienda\\\/\"},{\"@type\":\"ListItem\",\"position\":3,\"name\":\"BOCINA EIGHTEEN SOUND 21 21LW1400\\\/8\"}]},{\"@type\":\"WebSite\",\"@id\":\"https:\\\/\\\/www.mexicanguitarplayers.com\\\/#website\",\"url\":\"https:\\\/\\\/www.mexicanguitarplayers.com\\\/\",\"name\":\"Mexican Guitar Players\",\"description\":\"Website\",\"publisher\":{\"@id\":\"https:\\\/\\\/www.mexicanguitarplayers.com\\\/#organization\"},\"potentialAction\":[{\"@type\":\"SearchAction\",\"target\":{\"@type\":\"EntryPoint\",\"urlTemplate\":\"https:\\\/\\\/www.mexicanguitarplayers.com\\\/?s={search_term_string}\"},\"query-input\":{\"@type\":\"PropertyValueSpecification\",\"valueRequired\":true,\"valueName\":\"search_term_string\"}}],\"inLanguage\":\"en-US\"},{\"@type\":\"Organization\",\"@id\":\"https:\\\/\\\/www.mexicanguitarplayers.com\\\/#organization\",\"name\":\"Mexican Guitar Players\",\"url\":\"https:\\\/\\\/www.mexicanguitarplayers.com\\\/\",\"logo\":{\"@type\":\"ImageObject\",\"inLanguage\":\"en-US\",\"@id\":\"https:\\\/\\\/www.mexicanguitarplayers.com\\\/#\\\/schema\\\/logo\\\/image\\\/\",\"url\":\"\",\"contentUrl\":\"\",\"caption\":\"Mexican Guitar Players\"},\"image\":{\"@id\":\"https:\\\/\\\/www.mexicanguitarplayers.com\\\/#\\\/schema\\\/logo\\\/image\\\/\"}}]}<\/script>\n<!-- \/ Yoast SEO plugin. -->","yoast_head_json":{"title":"BOCINA EIGHTEEN SOUND 21 21LW1400\/8 - Mexican Guitar Players","description":"Bocina de 21\u201d pulgadas, im\u00e1n de ferrita, cono acanalado reforzado con fibra de carbono, Double Silicon Spider (DSS) para mejorar el control de la excursi\u00f3n y la linealidad, anillos de doble demodulaci\u00f3n (DDR) para una menor distorsi\u00f3n, disipaci\u00f3n mejorada de calor a trav\u00e9s del dise\u00f1o \u00fanico de la canasta, conos y platos protegidos contra intemperie para uso en exteriores, ideal para sistemas de ultra baja frecuencia, impedancia: 8 ohms, potencia AES: 1,400 W, programa: 1,600 W, pico: 7,000 W, sensibilidad: 99 dB, rango de frecuencia: 24 - 2,000 Hz, bobina m\u00f3vil de cobre de 4\u201d pulgadas (100 mm), peso: 17 kg.","robots":{"index":"index","follow":"follow","max-snippet":"max-snippet:-1","max-image-preview":"max-image-preview:large","max-video-preview":"max-video-preview:-1"},"canonical":"https:\/\/www.mexicanguitarplayers.com\/en\/tienda\/sin categor\u00eda\/bocina-eighteen-sound-21-21lw1400-8\/","og_locale":"en_US","og_type":"article","og_title":"BOCINA EIGHTEEN SOUND 21 21LW1400\/8 - Mexican Guitar Players","og_description":"Bocina de 21\u201d pulgadas, im\u00e1n de ferrita, cono acanalado reforzado con fibra de carbono, Double Silicon Spider (DSS) para mejorar el control de la excursi\u00f3n y la linealidad, anillos de doble demodulaci\u00f3n (DDR) para una menor distorsi\u00f3n, disipaci\u00f3n mejorada de calor a trav\u00e9s del dise\u00f1o \u00fanico de la canasta, conos y platos protegidos contra intemperie para uso en exteriores, ideal para sistemas de ultra baja frecuencia, impedancia: 8 ohms, potencia AES: 1,400 W, programa: 1,600 W, pico: 7,000 W, sensibilidad: 99 dB, rango de frecuencia: 24 - 2,000 Hz, bobina m\u00f3vil de cobre de 4\u201d pulgadas (100 mm), peso: 17 kg.","og_url":"https:\/\/www.mexicanguitarplayers.com\/en\/tienda\/sin categor\u00eda\/bocina-eighteen-sound-21-21lw1400-8\/","og_site_name":"Mexican Guitar Players","article_modified_time":"2026-01-22T10:16:35+00:00","twitter_card":"summary_large_image","twitter_misc":{"Est. reading time":"4 minutes"},"schema":{"@context":"https:\/\/schema.org","@graph":[{"@type":["WebPage","ItemPage"],"@id":"https:\/\/www.mexicanguitarplayers.com\/tienda\/sin categor\u00eda\/bocina-eighteen-sound-21-21lw1400-8\/","url":"https:\/\/www.mexicanguitarplayers.com\/tienda\/sin categor\u00eda\/bocina-eighteen-sound-21-21lw1400-8\/","name":"BOCINA EIGHTEEN SOUND 21 21LW1400\/8 - Mexican Guitar Players","isPartOf":{"@id":"https:\/\/www.mexicanguitarplayers.com\/#website"},"primaryImageOfPage":{"@id":"https:\/\/www.mexicanguitarplayers.com\/tienda\/sin categor\u00eda\/bocina-eighteen-sound-21-21lw1400-8\/#primaryimage"},"image":{"@id":"https:\/\/www.mexicanguitarplayers.com\/tienda\/sin categor\u00eda\/bocina-eighteen-sound-21-21lw1400-8\/#primaryimage"},"thumbnailUrl":"https:\/\/www.mexicanguitarplayers.com\/wp-content\/uploads\/2025\/04\/IAEIG21LW14008.jpg","datePublished":"2025-04-09T12:30:11+00:00","dateModified":"2026-01-22T10:16:35+00:00","description":"Bocina de 21\u201d pulgadas, im\u00e1n de ferrita, cono acanalado reforzado con fibra de carbono, Double Silicon Spider (DSS) para mejorar el control de la excursi\u00f3n y la linealidad, anillos de doble demodulaci\u00f3n (DDR) para una menor distorsi\u00f3n, disipaci\u00f3n mejorada de calor a trav\u00e9s del dise\u00f1o \u00fanico de la canasta, conos y platos protegidos contra intemperie para uso en exteriores, ideal para sistemas de ultra baja frecuencia, impedancia: 8 ohms, potencia AES: 1,400 W, programa: 1,600 W, pico: 7,000 W, sensibilidad: 99 dB, rango de frecuencia: 24 - 2,000 Hz, bobina m\u00f3vil de cobre de 4\u201d pulgadas (100 mm), peso: 17 kg.","breadcrumb":{"@id":"https:\/\/www.mexicanguitarplayers.com\/tienda\/sin categor\u00eda\/bocina-eighteen-sound-21-21lw1400-8\/#breadcrumb"},"inLanguage":"en-US","potentialAction":[{"@type":"ReadAction","target":["https:\/\/www.mexicanguitarplayers.com\/tienda\/sin categor\u00eda\/bocina-eighteen-sound-21-21lw1400-8\/"]}]},{"@type":"ImageObject","inLanguage":"en-US","@id":"https:\/\/www.mexicanguitarplayers.com\/tienda\/sin categor\u00eda\/bocina-eighteen-sound-21-21lw1400-8\/#primaryimage","url":"https:\/\/www.mexicanguitarplayers.com\/wp-content\/uploads\/2025\/04\/IAEIG21LW14008.jpg","contentUrl":"https:\/\/www.mexicanguitarplayers.com\/wp-content\/uploads\/2025\/04\/IAEIG21LW14008.jpg","width":1200,"height":1200},{"@type":"BreadcrumbList","@id":"https:\/\/www.mexicanguitarplayers.com\/tienda\/sin categor\u00eda\/bocina-eighteen-sound-21-21lw1400-8\/#breadcrumb","itemListElement":[{"@type":"ListItem","position":1,"name":"Portada","item":"https:\/\/www.mexicanguitarplayers.com\/"},{"@type":"ListItem","position":2,"name":"Tienda","item":"https:\/\/www.mexicanguitarplayers.com\/tienda\/"},{"@type":"ListItem","position":3,"name":"BOCINA EIGHTEEN SOUND 21 21LW1400\/8"}]},{"@type":"WebSite","@id":"https:\/\/www.mexicanguitarplayers.com\/#website","url":"https:\/\/www.mexicanguitarplayers.com\/","name":"Mexican Guitar Players","description":"Website","publisher":{"@id":"https:\/\/www.mexicanguitarplayers.com\/#organization"},"potentialAction":[{"@type":"SearchAction","target":{"@type":"EntryPoint","urlTemplate":"https:\/\/www.mexicanguitarplayers.com\/?s={search_term_string}"},"query-input":{"@type":"PropertyValueSpecification","valueRequired":true,"valueName":"search_term_string"}}],"inLanguage":"en-US"},{"@type":"Organization","@id":"https:\/\/www.mexicanguitarplayers.com\/#organization","name":"Mexican Guitar Players","url":"https:\/\/www.mexicanguitarplayers.com\/","logo":{"@type":"ImageObject","inLanguage":"en-US","@id":"https:\/\/www.mexicanguitarplayers.com\/#\/schema\/logo\/image\/","url":"","contentUrl":"","caption":"Mexican Guitar Players"},"image":{"@id":"https:\/\/www.mexicanguitarplayers.com\/#\/schema\/logo\/image\/"}}]}},"brands":[{"id":533,"name":"EIGHTEEN SOUND","slug":"eighteen-sound"}],"_links":{"self":[{"href":"https:\/\/www.mexicanguitarplayers.com\/en\/wp-json\/wp\/v2\/product\/39175","targetHints":{"allow":["GET"]}}],"collection":[{"href":"https:\/\/www.mexicanguitarplayers.com\/en\/wp-json\/wp\/v2\/product"}],"about":[{"href":"https:\/\/www.mexicanguitarplayers.com\/en\/wp-json\/wp\/v2\/types\/product"}],"replies":[{"embeddable":true,"href":"https:\/\/www.mexicanguitarplayers.com\/en\/wp-json\/wp\/v2\/comments?post=39175"}],"wp:featuredmedia":[{"embeddable":true,"href":"https:\/\/www.mexicanguitarplayers.com\/en\/wp-json\/wp\/v2\/media\/39171"}],"wp:attachment":[{"href":"https:\/\/www.mexicanguitarplayers.com\/en\/wp-json\/wp\/v2\/media?parent=39175"}],"wp:term":[{"taxonomy":"pwb-brand","embeddable":true,"href":"https:\/\/www.mexicanguitarplayers.com\/en\/wp-json\/wp\/v2\/pwb-brand?post=39175"},{"taxonomy":"product_brand","embeddable":true,"href":"https:\/\/www.mexicanguitarplayers.com\/en\/wp-json\/wp\/v2\/product_brand?post=39175"},{"taxonomy":"product_cat","embeddable":true,"href":"https:\/\/www.mexicanguitarplayers.com\/en\/wp-json\/wp\/v2\/product_cat?post=39175"},{"taxonomy":"product_tag","embeddable":true,"href":"https:\/\/www.mexicanguitarplayers.com\/en\/wp-json\/wp\/v2\/product_tag?post=39175"}],"curies":[{"name":"wp","href":"https:\/\/api.w.org\/{rel}","templated":true}]}}