{"id":39182,"date":"2025-04-09T06:30:20","date_gmt":"2025-04-09T12:30:20","guid":{"rendered":"https:\/\/www.mexicanguitarplayers.com\/tienda\/sin categor\u00eda\/entorchado-puresound-acero-c1416\/"},"modified":"2026-04-10T04:21:48","modified_gmt":"2026-04-10T10:21:48","slug":"entorchado-puresound-acero-c1416","status":"publish","type":"product","link":"https:\/\/www.mexicanguitarplayers.com\/en\/tienda\/accesorios\/para-bateria\/entorchados\/entorchado-puresound-acero-c1416\/","title":{"rendered":"ENTORCHADO PURESOUND  ACERO C1416"},"content":{"rendered":"<div style=\"text-align: justify\">\n<div>\n<h3>Mayor volumen e intensidad.<\/h3>\n<\/div>\n<div>Dise\u00f1ado para tarolas, el entorchado Concert Series est\u00e1 fabricado con hilos de aleaci\u00f3n de acero inoxidable especialmente formulados para una respuesta de tarola sutil que no ahoga el sonido del tambor. Estos entorchados se pueden montar ya sea con correa o con cuerda.<\/div>\n<div>\n<h4>Characteristics<\/h4>\n<\/div>\n<div>\n<ul style=\"margin: 0px 0px 0px 25px\">\n<li style=\"list-style-type: circle;margin: 5px\">Entorchado de acero de 16 hilos para tarolas de 14\u201d pulgadas.<\/li>\n<li style=\"list-style-type: circle;margin: 5px\">Alambre de calibre mediano con espaciados uniformes.<\/li>\n<li style=\"list-style-type: circle;margin: 5px\">Alambres de aleaci\u00f3n de acero.<\/li>\n<li style=\"list-style-type: circle;margin: 5px\">Mayor respuesta de tarola sutil.<\/li>\n<li style=\"list-style-type: circle;margin: 5px\">Fabricado en USA.<\/li>\n<\/ul>\n<\/div>\n<\/div>","protected":false},"excerpt":{"rendered":"<p>Entorchado de acero de 16 hilos para tarola de 14\u201d pulgadas, alambre de calibre mediano con espaciados uniformes, alambres de aleaci\u00f3n de acero, mayor respuesta de tarola sutil, fabricado en USA.&hellip; <a class=\"kt-excerpt-readmore more-link\" href=\"https:\/\/www.mexicanguitarplayers.com\/en\/tienda\/accesorios\/para-bateria\/entorchados\/entorchado-puresound-acero-c1416\/\">Read more<\/a><\/p>","protected":false},"featured_media":39180,"comment_status":"open","ping_status":"closed","template":"","meta":{"kt_blocks_editor_width":""},"pwb-brand":[632],"product_brand":[],"product_cat":[85,627,306],"product_tag":[],"class_list":{"0":"post-39182","1":"product","2":"type-product","3":"status-publish","4":"has-post-thumbnail","6":"pwb-brand-puresound","7":"product_cat-accesorios","8":"product_cat-entorchados","9":"product_cat-para-bateria","10":"product_shipping_class-0-5-kg","12":"first","13":"outofstock","14":"taxable","15":"shipping-taxable","16":"purchasable","17":"product-type-simple"},"yoast_head":"<!-- This site is optimized with the Yoast SEO plugin v27.6 - https:\/\/yoast.com\/product\/yoast-seo-wordpress\/ -->\n<title>ENTORCHADO PURESOUND ACERO C1416 - Mexican Guitar Players<\/title>\n<meta name=\"description\" content=\"Entorchado de acero de 16 hilos para tarola de 14\u201d pulgadas, alambre de calibre mediano con espaciados uniformes, alambres de aleaci\u00f3n de acero, mayor respuesta de tarola sutil, fabricado en USA.\" \/>\n<meta name=\"robots\" content=\"index, follow, max-snippet:-1, max-image-preview:large, max-video-preview:-1\" \/>\n<link rel=\"canonical\" href=\"https:\/\/www.mexicanguitarplayers.com\/en\/tienda\/sin%20categor\u00eda\/entorchado-puresound-acero-c1416\/\" \/>\n<meta property=\"og:locale\" content=\"en_US\" \/>\n<meta property=\"og:type\" content=\"article\" \/>\n<meta property=\"og:title\" content=\"ENTORCHADO PURESOUND ACERO C1416 - Mexican Guitar Players\" \/>\n<meta property=\"og:description\" content=\"Entorchado de acero de 16 hilos para tarola de 14\u201d pulgadas, alambre de calibre mediano con espaciados uniformes, alambres de aleaci\u00f3n de acero, mayor respuesta de tarola sutil, fabricado en USA.\" \/>\n<meta property=\"og:url\" content=\"https:\/\/www.mexicanguitarplayers.com\/en\/tienda\/sin categor\u00eda\/entorchado-puresound-acero-c1416\/\" \/>\n<meta property=\"og:site_name\" content=\"Mexican Guitar Players\" \/>\n<meta property=\"article:modified_time\" content=\"2026-04-10T10:21:48+00:00\" \/>\n<meta name=\"twitter:card\" content=\"summary_large_image\" \/>\n<script type=\"application\/ld+json\" class=\"yoast-schema-graph\">{\"@context\":\"https:\\\/\\\/schema.org\",\"@graph\":[{\"@type\":[\"WebPage\",\"ItemPage\"],\"@id\":\"https:\\\/\\\/www.mexicanguitarplayers.com\\\/tienda\\\/sin categor\u00eda\\\/entorchado-puresound-acero-c1416\\\/\",\"url\":\"https:\\\/\\\/www.mexicanguitarplayers.com\\\/tienda\\\/sin categor\u00eda\\\/entorchado-puresound-acero-c1416\\\/\",\"name\":\"ENTORCHADO PURESOUND ACERO C1416 - Mexican Guitar Players\",\"isPartOf\":{\"@id\":\"https:\\\/\\\/www.mexicanguitarplayers.com\\\/#website\"},\"primaryImageOfPage\":{\"@id\":\"https:\\\/\\\/www.mexicanguitarplayers.com\\\/tienda\\\/sin categor\u00eda\\\/entorchado-puresound-acero-c1416\\\/#primaryimage\"},\"image\":{\"@id\":\"https:\\\/\\\/www.mexicanguitarplayers.com\\\/tienda\\\/sin categor\u00eda\\\/entorchado-puresound-acero-c1416\\\/#primaryimage\"},\"thumbnailUrl\":\"https:\\\/\\\/www.mexicanguitarplayers.com\\\/wp-content\\\/uploads\\\/2025\\\/04\\\/RAPURC1416.jpg\",\"datePublished\":\"2025-04-09T12:30:20+00:00\",\"dateModified\":\"2026-04-10T10:21:48+00:00\",\"description\":\"Entorchado de acero de 16 hilos para tarola de 14\u201d pulgadas, alambre de calibre mediano con espaciados uniformes, alambres de aleaci\u00f3n de acero, mayor respuesta de tarola sutil, fabricado en USA.\",\"breadcrumb\":{\"@id\":\"https:\\\/\\\/www.mexicanguitarplayers.com\\\/tienda\\\/sin categor\u00eda\\\/entorchado-puresound-acero-c1416\\\/#breadcrumb\"},\"inLanguage\":\"en-US\",\"potentialAction\":[{\"@type\":\"ReadAction\",\"target\":[\"https:\\\/\\\/www.mexicanguitarplayers.com\\\/tienda\\\/sin categor\u00eda\\\/entorchado-puresound-acero-c1416\\\/\"]}]},{\"@type\":\"ImageObject\",\"inLanguage\":\"en-US\",\"@id\":\"https:\\\/\\\/www.mexicanguitarplayers.com\\\/tienda\\\/sin categor\u00eda\\\/entorchado-puresound-acero-c1416\\\/#primaryimage\",\"url\":\"https:\\\/\\\/www.mexicanguitarplayers.com\\\/wp-content\\\/uploads\\\/2025\\\/04\\\/RAPURC1416.jpg\",\"contentUrl\":\"https:\\\/\\\/www.mexicanguitarplayers.com\\\/wp-content\\\/uploads\\\/2025\\\/04\\\/RAPURC1416.jpg\",\"width\":800,\"height\":1600},{\"@type\":\"BreadcrumbList\",\"@id\":\"https:\\\/\\\/www.mexicanguitarplayers.com\\\/tienda\\\/sin categor\u00eda\\\/entorchado-puresound-acero-c1416\\\/#breadcrumb\",\"itemListElement\":[{\"@type\":\"ListItem\",\"position\":1,\"name\":\"Portada\",\"item\":\"https:\\\/\\\/www.mexicanguitarplayers.com\\\/\"},{\"@type\":\"ListItem\",\"position\":2,\"name\":\"Tienda\",\"item\":\"https:\\\/\\\/www.mexicanguitarplayers.com\\\/tienda\\\/\"},{\"@type\":\"ListItem\",\"position\":3,\"name\":\"ENTORCHADO PURESOUND ACERO C1416\"}]},{\"@type\":\"WebSite\",\"@id\":\"https:\\\/\\\/www.mexicanguitarplayers.com\\\/#website\",\"url\":\"https:\\\/\\\/www.mexicanguitarplayers.com\\\/\",\"name\":\"Mexican Guitar Players\",\"description\":\"Website\",\"publisher\":{\"@id\":\"https:\\\/\\\/www.mexicanguitarplayers.com\\\/#organization\"},\"potentialAction\":[{\"@type\":\"SearchAction\",\"target\":{\"@type\":\"EntryPoint\",\"urlTemplate\":\"https:\\\/\\\/www.mexicanguitarplayers.com\\\/?s={search_term_string}\"},\"query-input\":{\"@type\":\"PropertyValueSpecification\",\"valueRequired\":true,\"valueName\":\"search_term_string\"}}],\"inLanguage\":\"en-US\"},{\"@type\":\"Organization\",\"@id\":\"https:\\\/\\\/www.mexicanguitarplayers.com\\\/#organization\",\"name\":\"Mexican Guitar Players\",\"url\":\"https:\\\/\\\/www.mexicanguitarplayers.com\\\/\",\"logo\":{\"@type\":\"ImageObject\",\"inLanguage\":\"en-US\",\"@id\":\"https:\\\/\\\/www.mexicanguitarplayers.com\\\/#\\\/schema\\\/logo\\\/image\\\/\",\"url\":\"\",\"contentUrl\":\"\",\"caption\":\"Mexican Guitar Players\"},\"image\":{\"@id\":\"https:\\\/\\\/www.mexicanguitarplayers.com\\\/#\\\/schema\\\/logo\\\/image\\\/\"}}]}<\/script>\n<!-- \/ Yoast SEO plugin. -->","yoast_head_json":{"title":"ENTORCHADO PURESOUND ACERO C1416 - Mexican Guitar Players","description":"Entorchado de acero de 16 hilos para tarola de 14\u201d pulgadas, alambre de calibre mediano con espaciados uniformes, alambres de aleaci\u00f3n de acero, mayor respuesta de tarola sutil, fabricado en USA.","robots":{"index":"index","follow":"follow","max-snippet":"max-snippet:-1","max-image-preview":"max-image-preview:large","max-video-preview":"max-video-preview:-1"},"canonical":"https:\/\/www.mexicanguitarplayers.com\/en\/tienda\/sin categor\u00eda\/entorchado-puresound-acero-c1416\/","og_locale":"en_US","og_type":"article","og_title":"ENTORCHADO PURESOUND ACERO C1416 - Mexican Guitar Players","og_description":"Entorchado de acero de 16 hilos para tarola de 14\u201d pulgadas, alambre de calibre mediano con espaciados uniformes, alambres de aleaci\u00f3n de acero, mayor respuesta de tarola sutil, fabricado en USA.","og_url":"https:\/\/www.mexicanguitarplayers.com\/en\/tienda\/sin categor\u00eda\/entorchado-puresound-acero-c1416\/","og_site_name":"Mexican Guitar Players","article_modified_time":"2026-04-10T10:21:48+00:00","twitter_card":"summary_large_image","schema":{"@context":"https:\/\/schema.org","@graph":[{"@type":["WebPage","ItemPage"],"@id":"https:\/\/www.mexicanguitarplayers.com\/tienda\/sin categor\u00eda\/entorchado-puresound-acero-c1416\/","url":"https:\/\/www.mexicanguitarplayers.com\/tienda\/sin categor\u00eda\/entorchado-puresound-acero-c1416\/","name":"ENTORCHADO PURESOUND ACERO C1416 - Mexican Guitar Players","isPartOf":{"@id":"https:\/\/www.mexicanguitarplayers.com\/#website"},"primaryImageOfPage":{"@id":"https:\/\/www.mexicanguitarplayers.com\/tienda\/sin categor\u00eda\/entorchado-puresound-acero-c1416\/#primaryimage"},"image":{"@id":"https:\/\/www.mexicanguitarplayers.com\/tienda\/sin categor\u00eda\/entorchado-puresound-acero-c1416\/#primaryimage"},"thumbnailUrl":"https:\/\/www.mexicanguitarplayers.com\/wp-content\/uploads\/2025\/04\/RAPURC1416.jpg","datePublished":"2025-04-09T12:30:20+00:00","dateModified":"2026-04-10T10:21:48+00:00","description":"Entorchado de acero de 16 hilos para tarola de 14\u201d pulgadas, alambre de calibre mediano con espaciados uniformes, alambres de aleaci\u00f3n de acero, mayor respuesta de tarola sutil, fabricado en USA.","breadcrumb":{"@id":"https:\/\/www.mexicanguitarplayers.com\/tienda\/sin categor\u00eda\/entorchado-puresound-acero-c1416\/#breadcrumb"},"inLanguage":"en-US","potentialAction":[{"@type":"ReadAction","target":["https:\/\/www.mexicanguitarplayers.com\/tienda\/sin categor\u00eda\/entorchado-puresound-acero-c1416\/"]}]},{"@type":"ImageObject","inLanguage":"en-US","@id":"https:\/\/www.mexicanguitarplayers.com\/tienda\/sin categor\u00eda\/entorchado-puresound-acero-c1416\/#primaryimage","url":"https:\/\/www.mexicanguitarplayers.com\/wp-content\/uploads\/2025\/04\/RAPURC1416.jpg","contentUrl":"https:\/\/www.mexicanguitarplayers.com\/wp-content\/uploads\/2025\/04\/RAPURC1416.jpg","width":800,"height":1600},{"@type":"BreadcrumbList","@id":"https:\/\/www.mexicanguitarplayers.com\/tienda\/sin categor\u00eda\/entorchado-puresound-acero-c1416\/#breadcrumb","itemListElement":[{"@type":"ListItem","position":1,"name":"Portada","item":"https:\/\/www.mexicanguitarplayers.com\/"},{"@type":"ListItem","position":2,"name":"Tienda","item":"https:\/\/www.mexicanguitarplayers.com\/tienda\/"},{"@type":"ListItem","position":3,"name":"ENTORCHADO PURESOUND ACERO C1416"}]},{"@type":"WebSite","@id":"https:\/\/www.mexicanguitarplayers.com\/#website","url":"https:\/\/www.mexicanguitarplayers.com\/","name":"Mexican Guitar Players","description":"Website","publisher":{"@id":"https:\/\/www.mexicanguitarplayers.com\/#organization"},"potentialAction":[{"@type":"SearchAction","target":{"@type":"EntryPoint","urlTemplate":"https:\/\/www.mexicanguitarplayers.com\/?s={search_term_string}"},"query-input":{"@type":"PropertyValueSpecification","valueRequired":true,"valueName":"search_term_string"}}],"inLanguage":"en-US"},{"@type":"Organization","@id":"https:\/\/www.mexicanguitarplayers.com\/#organization","name":"Mexican Guitar Players","url":"https:\/\/www.mexicanguitarplayers.com\/","logo":{"@type":"ImageObject","inLanguage":"en-US","@id":"https:\/\/www.mexicanguitarplayers.com\/#\/schema\/logo\/image\/","url":"","contentUrl":"","caption":"Mexican Guitar Players"},"image":{"@id":"https:\/\/www.mexicanguitarplayers.com\/#\/schema\/logo\/image\/"}}]}},"brands":[{"id":632,"name":"PURE SOUND","slug":"puresound"}],"_links":{"self":[{"href":"https:\/\/www.mexicanguitarplayers.com\/en\/wp-json\/wp\/v2\/product\/39182","targetHints":{"allow":["GET"]}}],"collection":[{"href":"https:\/\/www.mexicanguitarplayers.com\/en\/wp-json\/wp\/v2\/product"}],"about":[{"href":"https:\/\/www.mexicanguitarplayers.com\/en\/wp-json\/wp\/v2\/types\/product"}],"replies":[{"embeddable":true,"href":"https:\/\/www.mexicanguitarplayers.com\/en\/wp-json\/wp\/v2\/comments?post=39182"}],"wp:featuredmedia":[{"embeddable":true,"href":"https:\/\/www.mexicanguitarplayers.com\/en\/wp-json\/wp\/v2\/media\/39180"}],"wp:attachment":[{"href":"https:\/\/www.mexicanguitarplayers.com\/en\/wp-json\/wp\/v2\/media?parent=39182"}],"wp:term":[{"taxonomy":"pwb-brand","embeddable":true,"href":"https:\/\/www.mexicanguitarplayers.com\/en\/wp-json\/wp\/v2\/pwb-brand?post=39182"},{"taxonomy":"product_brand","embeddable":true,"href":"https:\/\/www.mexicanguitarplayers.com\/en\/wp-json\/wp\/v2\/product_brand?post=39182"},{"taxonomy":"product_cat","embeddable":true,"href":"https:\/\/www.mexicanguitarplayers.com\/en\/wp-json\/wp\/v2\/product_cat?post=39182"},{"taxonomy":"product_tag","embeddable":true,"href":"https:\/\/www.mexicanguitarplayers.com\/en\/wp-json\/wp\/v2\/product_tag?post=39182"}],"curies":[{"name":"wp","href":"https:\/\/api.w.org\/{rel}","templated":true}]}}