{"id":39184,"date":"2025-04-09T06:30:23","date_gmt":"2025-04-09T12:30:23","guid":{"rendered":"https:\/\/www.mexicanguitarplayers.com\/tienda\/sin categor\u00eda\/tapete-meinl-p-bateria-mod-mdr-jb\/"},"modified":"2026-04-10T04:21:47","modified_gmt":"2026-04-10T10:21:47","slug":"tapete-meinl-p-bateria-mod-mdr-jb","status":"publish","type":"product","link":"https:\/\/www.mexicanguitarplayers.com\/en\/tienda\/accesorios\/para-bateria\/cuidado-y-proteccion\/tapete-meinl-p-bateria-mod-mdr-jb\/","title":{"rendered":"TAPETE MEINL P\/BATERIA MOD. MDR-JB"},"content":{"rendered":"<div style=\"text-align: justify\">\n<div>\n<h3>Lo \u00fanico que se mover\u00e1 al tocar, ser\u00e1s t\u00fa.<\/h3>\n<\/div>\n<div>El tapete para bateristas de Meinl con el gr\u00e1fico de Jawbreaker te dar\u00e1 la seguridad al tocar ya que no se mover\u00e1 la bater\u00eda de su lugar.  Est\u00e1 cubierto por hule en la parte inferior para mayor firmeza. Es muy flexible por lo que se puede trasladar con mucha facilidad.<\/div>\n<div>\n<h4>Characteristics<\/h4>\n<\/div>\n<div>\n<ul style=\"margin: 0px 0px 0px 25px\">\n<li style=\"list-style-type: circle;margin: 5px\">F\u00e1cil de transportar.<\/li>\n<li style=\"list-style-type: circle;margin: 5px\">Especial para bateristas.<\/li>\n<li style=\"list-style-type: circle;margin: 5px\">Base con hule.<\/li>\n<\/ul>\n<\/div>\n<\/div>","protected":false},"excerpt":{"rendered":"<p>Tapete Meinl. Modelo: MDR-JB. Tapete para bateristas cubierto de hule por la parte de abajo para evitar deslizamientos. Gr\u00e1fico Jawbreaker de Meinl. Ayuda a evitar que la bater\u00eda se mueva al tocar. Medidas: 1.60 x 2.0 m.&hellip; <a class=\"kt-excerpt-readmore more-link\" href=\"https:\/\/www.mexicanguitarplayers.com\/en\/tienda\/accesorios\/para-bateria\/cuidado-y-proteccion\/tapete-meinl-p-bateria-mod-mdr-jb\/\">Read more<\/a><\/p>","protected":false},"featured_media":39183,"comment_status":"open","ping_status":"closed","template":"","meta":{"kt_blocks_editor_width":""},"pwb-brand":[290],"product_brand":[],"product_cat":[85,421,306],"product_tag":[],"class_list":{"0":"post-39184","1":"product","2":"type-product","3":"status-publish","4":"has-post-thumbnail","6":"pwb-brand-meinl","7":"product_cat-accesorios","8":"product_cat-cuidado-y-proteccion","9":"product_cat-para-bateria","10":"product_shipping_class-5-10-kg","12":"first","13":"outofstock","14":"taxable","15":"shipping-taxable","16":"purchasable","17":"product-type-simple"},"yoast_head":"<!-- This site is optimized with the Yoast SEO plugin v27.5 - https:\/\/yoast.com\/product\/yoast-seo-wordpress\/ -->\n<title>TAPETE MEINL P\/BATERIA MOD. MDR-JB - Mexican Guitar Players<\/title>\n<meta name=\"description\" content=\"Tapete Meinl. Modelo: MDR-JB. Tapete para bateristas cubierto de hule por la parte de abajo para evitar deslizamientos. Gr\u00e1fico Jawbreaker de Meinl. Ayuda a evitar que la bater\u00eda se mueva al tocar. Medidas: 1.60 x 2.0 m.\" \/>\n<meta name=\"robots\" content=\"index, follow, max-snippet:-1, max-image-preview:large, max-video-preview:-1\" \/>\n<link rel=\"canonical\" href=\"https:\/\/www.mexicanguitarplayers.com\/en\/tienda\/sin%20categor\u00eda\/tapete-meinl-p-bateria-mod-mdr-jb\/\" \/>\n<meta property=\"og:locale\" content=\"en_US\" \/>\n<meta property=\"og:type\" content=\"article\" \/>\n<meta property=\"og:title\" content=\"TAPETE MEINL P\/BATERIA MOD. MDR-JB - Mexican Guitar Players\" \/>\n<meta property=\"og:description\" content=\"Tapete Meinl. Modelo: MDR-JB. Tapete para bateristas cubierto de hule por la parte de abajo para evitar deslizamientos. Gr\u00e1fico Jawbreaker de Meinl. Ayuda a evitar que la bater\u00eda se mueva al tocar. Medidas: 1.60 x 2.0 m.\" \/>\n<meta property=\"og:url\" content=\"https:\/\/www.mexicanguitarplayers.com\/en\/tienda\/sin categor\u00eda\/tapete-meinl-p-bateria-mod-mdr-jb\/\" \/>\n<meta property=\"og:site_name\" content=\"Mexican Guitar Players\" \/>\n<meta property=\"article:modified_time\" content=\"2026-04-10T10:21:47+00:00\" \/>\n<meta name=\"twitter:card\" content=\"summary_large_image\" \/>\n<script type=\"application\/ld+json\" class=\"yoast-schema-graph\">{\"@context\":\"https:\\\/\\\/schema.org\",\"@graph\":[{\"@type\":[\"WebPage\",\"ItemPage\"],\"@id\":\"https:\\\/\\\/www.mexicanguitarplayers.com\\\/tienda\\\/sin categor\u00eda\\\/tapete-meinl-p-bateria-mod-mdr-jb\\\/\",\"url\":\"https:\\\/\\\/www.mexicanguitarplayers.com\\\/tienda\\\/sin categor\u00eda\\\/tapete-meinl-p-bateria-mod-mdr-jb\\\/\",\"name\":\"TAPETE MEINL P\\\/BATERIA MOD. MDR-JB - Mexican Guitar Players\",\"isPartOf\":{\"@id\":\"https:\\\/\\\/www.mexicanguitarplayers.com\\\/#website\"},\"primaryImageOfPage\":{\"@id\":\"https:\\\/\\\/www.mexicanguitarplayers.com\\\/tienda\\\/sin categor\u00eda\\\/tapete-meinl-p-bateria-mod-mdr-jb\\\/#primaryimage\"},\"image\":{\"@id\":\"https:\\\/\\\/www.mexicanguitarplayers.com\\\/tienda\\\/sin categor\u00eda\\\/tapete-meinl-p-bateria-mod-mdr-jb\\\/#primaryimage\"},\"thumbnailUrl\":\"https:\\\/\\\/www.mexicanguitarplayers.com\\\/wp-content\\\/uploads\\\/2025\\\/04\\\/RAMEIMDRJB.jpg\",\"datePublished\":\"2025-04-09T12:30:23+00:00\",\"dateModified\":\"2026-04-10T10:21:47+00:00\",\"description\":\"Tapete Meinl. Modelo: MDR-JB. Tapete para bateristas cubierto de hule por la parte de abajo para evitar deslizamientos. Gr\u00e1fico Jawbreaker de Meinl. Ayuda a evitar que la bater\u00eda se mueva al tocar. Medidas: 1.60 x 2.0 m.\",\"breadcrumb\":{\"@id\":\"https:\\\/\\\/www.mexicanguitarplayers.com\\\/tienda\\\/sin categor\u00eda\\\/tapete-meinl-p-bateria-mod-mdr-jb\\\/#breadcrumb\"},\"inLanguage\":\"en-US\",\"potentialAction\":[{\"@type\":\"ReadAction\",\"target\":[\"https:\\\/\\\/www.mexicanguitarplayers.com\\\/tienda\\\/sin categor\u00eda\\\/tapete-meinl-p-bateria-mod-mdr-jb\\\/\"]}]},{\"@type\":\"ImageObject\",\"inLanguage\":\"en-US\",\"@id\":\"https:\\\/\\\/www.mexicanguitarplayers.com\\\/tienda\\\/sin categor\u00eda\\\/tapete-meinl-p-bateria-mod-mdr-jb\\\/#primaryimage\",\"url\":\"https:\\\/\\\/www.mexicanguitarplayers.com\\\/wp-content\\\/uploads\\\/2025\\\/04\\\/RAMEIMDRJB.jpg\",\"contentUrl\":\"https:\\\/\\\/www.mexicanguitarplayers.com\\\/wp-content\\\/uploads\\\/2025\\\/04\\\/RAMEIMDRJB.jpg\",\"width\":1200,\"height\":1200},{\"@type\":\"BreadcrumbList\",\"@id\":\"https:\\\/\\\/www.mexicanguitarplayers.com\\\/tienda\\\/sin categor\u00eda\\\/tapete-meinl-p-bateria-mod-mdr-jb\\\/#breadcrumb\",\"itemListElement\":[{\"@type\":\"ListItem\",\"position\":1,\"name\":\"Portada\",\"item\":\"https:\\\/\\\/www.mexicanguitarplayers.com\\\/\"},{\"@type\":\"ListItem\",\"position\":2,\"name\":\"Tienda\",\"item\":\"https:\\\/\\\/www.mexicanguitarplayers.com\\\/tienda\\\/\"},{\"@type\":\"ListItem\",\"position\":3,\"name\":\"TAPETE MEINL P\\\/BATERIA MOD. MDR-JB\"}]},{\"@type\":\"WebSite\",\"@id\":\"https:\\\/\\\/www.mexicanguitarplayers.com\\\/#website\",\"url\":\"https:\\\/\\\/www.mexicanguitarplayers.com\\\/\",\"name\":\"Mexican Guitar Players\",\"description\":\"Website\",\"publisher\":{\"@id\":\"https:\\\/\\\/www.mexicanguitarplayers.com\\\/#organization\"},\"potentialAction\":[{\"@type\":\"SearchAction\",\"target\":{\"@type\":\"EntryPoint\",\"urlTemplate\":\"https:\\\/\\\/www.mexicanguitarplayers.com\\\/?s={search_term_string}\"},\"query-input\":{\"@type\":\"PropertyValueSpecification\",\"valueRequired\":true,\"valueName\":\"search_term_string\"}}],\"inLanguage\":\"en-US\"},{\"@type\":\"Organization\",\"@id\":\"https:\\\/\\\/www.mexicanguitarplayers.com\\\/#organization\",\"name\":\"Mexican Guitar Players\",\"url\":\"https:\\\/\\\/www.mexicanguitarplayers.com\\\/\",\"logo\":{\"@type\":\"ImageObject\",\"inLanguage\":\"en-US\",\"@id\":\"https:\\\/\\\/www.mexicanguitarplayers.com\\\/#\\\/schema\\\/logo\\\/image\\\/\",\"url\":\"\",\"contentUrl\":\"\",\"caption\":\"Mexican Guitar Players\"},\"image\":{\"@id\":\"https:\\\/\\\/www.mexicanguitarplayers.com\\\/#\\\/schema\\\/logo\\\/image\\\/\"}}]}<\/script>\n<!-- \/ Yoast SEO plugin. -->","yoast_head_json":{"title":"TAPETE MEINL P\/BATERIA MOD. MDR-JB - Mexican Guitar Players","description":"Tapete Meinl. Modelo: MDR-JB. Tapete para bateristas cubierto de hule por la parte de abajo para evitar deslizamientos. Gr\u00e1fico Jawbreaker de Meinl. Ayuda a evitar que la bater\u00eda se mueva al tocar. Medidas: 1.60 x 2.0 m.","robots":{"index":"index","follow":"follow","max-snippet":"max-snippet:-1","max-image-preview":"max-image-preview:large","max-video-preview":"max-video-preview:-1"},"canonical":"https:\/\/www.mexicanguitarplayers.com\/en\/tienda\/sin categor\u00eda\/tapete-meinl-p-bateria-mod-mdr-jb\/","og_locale":"en_US","og_type":"article","og_title":"TAPETE MEINL P\/BATERIA MOD. MDR-JB - Mexican Guitar Players","og_description":"Tapete Meinl. Modelo: MDR-JB. Tapete para bateristas cubierto de hule por la parte de abajo para evitar deslizamientos. Gr\u00e1fico Jawbreaker de Meinl. Ayuda a evitar que la bater\u00eda se mueva al tocar. Medidas: 1.60 x 2.0 m.","og_url":"https:\/\/www.mexicanguitarplayers.com\/en\/tienda\/sin categor\u00eda\/tapete-meinl-p-bateria-mod-mdr-jb\/","og_site_name":"Mexican Guitar Players","article_modified_time":"2026-04-10T10:21:47+00:00","twitter_card":"summary_large_image","schema":{"@context":"https:\/\/schema.org","@graph":[{"@type":["WebPage","ItemPage"],"@id":"https:\/\/www.mexicanguitarplayers.com\/tienda\/sin categor\u00eda\/tapete-meinl-p-bateria-mod-mdr-jb\/","url":"https:\/\/www.mexicanguitarplayers.com\/tienda\/sin categor\u00eda\/tapete-meinl-p-bateria-mod-mdr-jb\/","name":"TAPETE MEINL P\/BATERIA MOD. MDR-JB - Mexican Guitar Players","isPartOf":{"@id":"https:\/\/www.mexicanguitarplayers.com\/#website"},"primaryImageOfPage":{"@id":"https:\/\/www.mexicanguitarplayers.com\/tienda\/sin categor\u00eda\/tapete-meinl-p-bateria-mod-mdr-jb\/#primaryimage"},"image":{"@id":"https:\/\/www.mexicanguitarplayers.com\/tienda\/sin categor\u00eda\/tapete-meinl-p-bateria-mod-mdr-jb\/#primaryimage"},"thumbnailUrl":"https:\/\/www.mexicanguitarplayers.com\/wp-content\/uploads\/2025\/04\/RAMEIMDRJB.jpg","datePublished":"2025-04-09T12:30:23+00:00","dateModified":"2026-04-10T10:21:47+00:00","description":"Tapete Meinl. Modelo: MDR-JB. Tapete para bateristas cubierto de hule por la parte de abajo para evitar deslizamientos. Gr\u00e1fico Jawbreaker de Meinl. Ayuda a evitar que la bater\u00eda se mueva al tocar. Medidas: 1.60 x 2.0 m.","breadcrumb":{"@id":"https:\/\/www.mexicanguitarplayers.com\/tienda\/sin categor\u00eda\/tapete-meinl-p-bateria-mod-mdr-jb\/#breadcrumb"},"inLanguage":"en-US","potentialAction":[{"@type":"ReadAction","target":["https:\/\/www.mexicanguitarplayers.com\/tienda\/sin categor\u00eda\/tapete-meinl-p-bateria-mod-mdr-jb\/"]}]},{"@type":"ImageObject","inLanguage":"en-US","@id":"https:\/\/www.mexicanguitarplayers.com\/tienda\/sin categor\u00eda\/tapete-meinl-p-bateria-mod-mdr-jb\/#primaryimage","url":"https:\/\/www.mexicanguitarplayers.com\/wp-content\/uploads\/2025\/04\/RAMEIMDRJB.jpg","contentUrl":"https:\/\/www.mexicanguitarplayers.com\/wp-content\/uploads\/2025\/04\/RAMEIMDRJB.jpg","width":1200,"height":1200},{"@type":"BreadcrumbList","@id":"https:\/\/www.mexicanguitarplayers.com\/tienda\/sin categor\u00eda\/tapete-meinl-p-bateria-mod-mdr-jb\/#breadcrumb","itemListElement":[{"@type":"ListItem","position":1,"name":"Portada","item":"https:\/\/www.mexicanguitarplayers.com\/"},{"@type":"ListItem","position":2,"name":"Tienda","item":"https:\/\/www.mexicanguitarplayers.com\/tienda\/"},{"@type":"ListItem","position":3,"name":"TAPETE MEINL P\/BATERIA MOD. MDR-JB"}]},{"@type":"WebSite","@id":"https:\/\/www.mexicanguitarplayers.com\/#website","url":"https:\/\/www.mexicanguitarplayers.com\/","name":"Mexican Guitar Players","description":"Website","publisher":{"@id":"https:\/\/www.mexicanguitarplayers.com\/#organization"},"potentialAction":[{"@type":"SearchAction","target":{"@type":"EntryPoint","urlTemplate":"https:\/\/www.mexicanguitarplayers.com\/?s={search_term_string}"},"query-input":{"@type":"PropertyValueSpecification","valueRequired":true,"valueName":"search_term_string"}}],"inLanguage":"en-US"},{"@type":"Organization","@id":"https:\/\/www.mexicanguitarplayers.com\/#organization","name":"Mexican Guitar Players","url":"https:\/\/www.mexicanguitarplayers.com\/","logo":{"@type":"ImageObject","inLanguage":"en-US","@id":"https:\/\/www.mexicanguitarplayers.com\/#\/schema\/logo\/image\/","url":"","contentUrl":"","caption":"Mexican Guitar Players"},"image":{"@id":"https:\/\/www.mexicanguitarplayers.com\/#\/schema\/logo\/image\/"}}]}},"brands":[{"id":290,"name":"MEINL","slug":"meinl"}],"_links":{"self":[{"href":"https:\/\/www.mexicanguitarplayers.com\/en\/wp-json\/wp\/v2\/product\/39184","targetHints":{"allow":["GET"]}}],"collection":[{"href":"https:\/\/www.mexicanguitarplayers.com\/en\/wp-json\/wp\/v2\/product"}],"about":[{"href":"https:\/\/www.mexicanguitarplayers.com\/en\/wp-json\/wp\/v2\/types\/product"}],"replies":[{"embeddable":true,"href":"https:\/\/www.mexicanguitarplayers.com\/en\/wp-json\/wp\/v2\/comments?post=39184"}],"wp:featuredmedia":[{"embeddable":true,"href":"https:\/\/www.mexicanguitarplayers.com\/en\/wp-json\/wp\/v2\/media\/39183"}],"wp:attachment":[{"href":"https:\/\/www.mexicanguitarplayers.com\/en\/wp-json\/wp\/v2\/media?parent=39184"}],"wp:term":[{"taxonomy":"pwb-brand","embeddable":true,"href":"https:\/\/www.mexicanguitarplayers.com\/en\/wp-json\/wp\/v2\/pwb-brand?post=39184"},{"taxonomy":"product_brand","embeddable":true,"href":"https:\/\/www.mexicanguitarplayers.com\/en\/wp-json\/wp\/v2\/product_brand?post=39184"},{"taxonomy":"product_cat","embeddable":true,"href":"https:\/\/www.mexicanguitarplayers.com\/en\/wp-json\/wp\/v2\/product_cat?post=39184"},{"taxonomy":"product_tag","embeddable":true,"href":"https:\/\/www.mexicanguitarplayers.com\/en\/wp-json\/wp\/v2\/product_tag?post=39184"}],"curies":[{"name":"wp","href":"https:\/\/api.w.org\/{rel}","templated":true}]}}