{"id":39206,"date":"2025-04-09T06:30:55","date_gmt":"2025-04-09T12:30:55","guid":{"rendered":"https:\/\/www.mexicanguitarplayers.com\/tienda\/sin categor\u00eda\/estacion-proel-mod-bm8x8\/"},"modified":"2026-04-10T04:21:45","modified_gmt":"2026-04-10T10:21:45","slug":"estacion-proel-mod-bm8x8","status":"publish","type":"product","link":"https:\/\/www.mexicanguitarplayers.com\/en\/tienda\/audio\/microfonia\/microfonos-alambricos\/de-escritorio\/estacion-proel-mod-bm8x8\/","title":{"rendered":"ESTACION PROEL   MOD. BM8X8"},"content":{"rendered":"<div style=\"text-align: justify\">\n<div>\n<h3>Consola  digital de micr\u00f3fono para voceo.<\/h3>\n<\/div>\n<div>Esta consola digital de paginaci\u00f3n con micr\u00f3fono de cuello de cisne es controlada por un microprocesador y se utiliza exclusivamente con la MATRIX88 digital. Cuenta con un micr\u00f3fono electret de condensador de alta sensibilidad con una amplia respuesta de frecuencia, botones de selecci\u00f3n de 8 zonas, bot\u00f3n ALL y bot\u00f3n TALK. La consola y el MATRIX se comunican a trav\u00e9s de un cable UTP categor\u00eda 5.<\/div>\n<div>\n<h4>Quick look<\/h4>\n<\/div>\n<ul style=\"margin: 0px 0px 0px 25px\">\n<li style=\"list-style-type: circle;margin: 5px\">Kind.<\/li>\n<li style=\"list-style-type: circle;margin: 5px\">Sensitivity.<\/li>\n<li style=\"list-style-type: circle;margin: 5px\">Niveles de salida.<\/li>\n<li style=\"list-style-type: circle;margin: 5px\">Controls<\/li>\n<li style=\"list-style-type: circle;margin: 5px\">Frequency response.<\/li>\n<li style=\"list-style-type: circle;margin: 5px\">Power supply.<\/li>\n<li style=\"list-style-type: circle;margin: 5px\">Longitud del cuello de cisne.<\/li>\n<li style=\"list-style-type: circle;margin: 5px\">Output connectors.<\/li>\n<li style=\"list-style-type: circle;margin: 5px\">Dimensions.<\/li>\n<li style=\"list-style-type: circle;margin: 5px\">Weight.<\/li>\n<li style=\"list-style-type: circle;margin: 5px\">Polar pattern.<\/li>\n<\/ul>\n<div>\n<div style=\"font-weight: bold\">Kind.<\/div>\n<div>\n<p>Consola digital de micr\u00f3fono para voceo.<\/p>\n<\/div>\n<div style=\"font-weight: bold\">Sensitivity.<\/div>\n<div>\n<p>4 mV \/ Pa.<\/p>\n<\/div>\n<div style=\"font-weight: bold\">Niveles de salida.<\/div>\n<div>\n<p>Audio digital.<\/p>\n<\/div>\n<div style=\"font-weight: bold\">Controls<\/div>\n<div>\n<p>Tono &#8211; Nivel.<\/p>\n<\/div>\n<div style=\"font-weight: bold\">Frequency response.<\/div>\n<div>\n<p>150 Hz &#8211; 8000 Hz.<\/p>\n<\/div>\n<div style=\"font-weight: bold\">Power supply.<\/div>\n<div>\n<p>24V DC.<\/p>\n<\/div>\n<div style=\"font-weight: bold\">Longitud del cuello de cisne.<\/div>\n<div>\n<p>300 mm.<\/p>\n<\/div>\n<div style=\"font-weight: bold\">Output connectors.<\/div>\n<div>\n<p>RJ45.<\/p>\n<\/div>\n<div style=\"font-weight: bold\">Dimensions.<\/div>\n<div>\n<p>232 x 61 x 131 mm.<\/p>\n<\/div>\n<div style=\"font-weight: bold\">Weight.<\/div>\n<div>\n<p>0.95 Kg.<\/p>\n<\/div>\n<div style=\"font-weight: bold\">Polar pattern.<\/div>\n<div>\n<p>Cardioid.<\/p>\n<\/div>\n<\/div>\n<\/div>","protected":false},"excerpt":{"rendered":"<p>Estaci\u00f3n Proel. Modelo: BM8X8. Consola de micr\u00f3fono para voceo. Micr\u00f3fono de condensador con cuello de ganso. Botones independientes para manejo de 8 zonas. Sensibilidad: 4 mV \/ Pa. Niveles de salida: Audio digital. Respuesta de frecuencia:150 Hz &#8211; 8000 Hz. Fuente de alimentaci\u00f3n: 24V DC. Longitud del cuello de cisne:300 mm. Conectores de salida: RJ45. Dimensiones: 232 x 61 x 131 mm. Peso: 0.95Kg. Patr\u00f3n polar cardioide.&hellip; <a class=\"kt-excerpt-readmore more-link\" href=\"https:\/\/www.mexicanguitarplayers.com\/en\/tienda\/audio\/microfonia\/microfonos-alambricos\/de-escritorio\/estacion-proel-mod-bm8x8\/\">Read more<\/a><\/p>","protected":false},"featured_media":39204,"comment_status":"open","ping_status":"closed","template":"","meta":{"kt_blocks_editor_width":""},"pwb-brand":[252],"product_brand":[],"product_cat":[213,217,214,215],"product_tag":[],"class_list":{"0":"post-39206","1":"product","2":"type-product","3":"status-publish","4":"has-post-thumbnail","6":"pwb-brand-proel","7":"product_cat-audio","8":"product_cat-de-escritorio","9":"product_cat-microfonia","10":"product_cat-microfonos-alambricos","11":"product_shipping_class-0-5-kg","13":"first","14":"outofstock","15":"taxable","16":"shipping-taxable","17":"purchasable","18":"product-type-simple"},"yoast_head":"<!-- This site is optimized with the Yoast SEO plugin v27.5 - https:\/\/yoast.com\/product\/yoast-seo-wordpress\/ -->\n<title>ESTACION PROEL  MOD. BM8X8 - Mexican Guitar Players<\/title>\n<meta name=\"description\" content=\"Estaci\u00f3n Proel. Modelo: BM8X8. Consola de micr\u00f3fono para voceo. Micr\u00f3fono de condensador con cuello de ganso. Botones independientes para manejo de 8 zonas. Sensibilidad: 4 mV \/ Pa. Niveles de salida: Audio digital. Respuesta de frecuencia:150 Hz - 8000 Hz. Fuente de alimentaci\u00f3n: 24V DC. Longitud del cuello de cisne:300 mm. Conectores de salida: RJ45. Dimensiones: 232 x 61 x 131 mm. Peso: 0.95Kg. Patr\u00f3n polar cardioide.\" \/>\n<meta name=\"robots\" content=\"index, follow, max-snippet:-1, max-image-preview:large, max-video-preview:-1\" \/>\n<link rel=\"canonical\" href=\"https:\/\/www.mexicanguitarplayers.com\/en\/tienda\/sin%20categor\u00eda\/estacion-proel-mod-bm8x8\/\" \/>\n<meta property=\"og:locale\" content=\"en_US\" \/>\n<meta property=\"og:type\" content=\"article\" \/>\n<meta property=\"og:title\" content=\"ESTACION PROEL  MOD. BM8X8 - Mexican Guitar Players\" \/>\n<meta property=\"og:description\" content=\"Estaci\u00f3n Proel. Modelo: BM8X8. Consola de micr\u00f3fono para voceo. Micr\u00f3fono de condensador con cuello de ganso. Botones independientes para manejo de 8 zonas. Sensibilidad: 4 mV \/ Pa. Niveles de salida: Audio digital. Respuesta de frecuencia:150 Hz - 8000 Hz. Fuente de alimentaci\u00f3n: 24V DC. Longitud del cuello de cisne:300 mm. Conectores de salida: RJ45. Dimensiones: 232 x 61 x 131 mm. Peso: 0.95Kg. Patr\u00f3n polar cardioide.\" \/>\n<meta property=\"og:url\" content=\"https:\/\/www.mexicanguitarplayers.com\/en\/tienda\/sin categor\u00eda\/estacion-proel-mod-bm8x8\/\" \/>\n<meta property=\"og:site_name\" content=\"Mexican Guitar Players\" \/>\n<meta property=\"article:modified_time\" content=\"2026-04-10T10:21:45+00:00\" \/>\n<meta name=\"twitter:card\" content=\"summary_large_image\" \/>\n<meta name=\"twitter:label1\" content=\"Est. reading time\" \/>\n\t<meta name=\"twitter:data1\" content=\"1 minute\" \/>\n<script type=\"application\/ld+json\" class=\"yoast-schema-graph\">{\"@context\":\"https:\\\/\\\/schema.org\",\"@graph\":[{\"@type\":[\"WebPage\",\"ItemPage\"],\"@id\":\"https:\\\/\\\/www.mexicanguitarplayers.com\\\/tienda\\\/sin categor\u00eda\\\/estacion-proel-mod-bm8x8\\\/\",\"url\":\"https:\\\/\\\/www.mexicanguitarplayers.com\\\/tienda\\\/sin categor\u00eda\\\/estacion-proel-mod-bm8x8\\\/\",\"name\":\"ESTACION PROEL MOD. BM8X8 - Mexican Guitar Players\",\"isPartOf\":{\"@id\":\"https:\\\/\\\/www.mexicanguitarplayers.com\\\/#website\"},\"primaryImageOfPage\":{\"@id\":\"https:\\\/\\\/www.mexicanguitarplayers.com\\\/tienda\\\/sin categor\u00eda\\\/estacion-proel-mod-bm8x8\\\/#primaryimage\"},\"image\":{\"@id\":\"https:\\\/\\\/www.mexicanguitarplayers.com\\\/tienda\\\/sin categor\u00eda\\\/estacion-proel-mod-bm8x8\\\/#primaryimage\"},\"thumbnailUrl\":\"https:\\\/\\\/www.mexicanguitarplayers.com\\\/wp-content\\\/uploads\\\/2025\\\/04\\\/IAPREBM8X8.jpg\",\"datePublished\":\"2025-04-09T12:30:55+00:00\",\"dateModified\":\"2026-04-10T10:21:45+00:00\",\"description\":\"Estaci\u00f3n Proel. Modelo: BM8X8. Consola de micr\u00f3fono para voceo. Micr\u00f3fono de condensador con cuello de ganso. Botones independientes para manejo de 8 zonas. Sensibilidad: 4 mV \\\/ Pa. Niveles de salida: Audio digital. Respuesta de frecuencia:150 Hz - 8000 Hz. Fuente de alimentaci\u00f3n: 24V DC. Longitud del cuello de cisne:300 mm. Conectores de salida: RJ45. Dimensiones: 232 x 61 x 131 mm. Peso: 0.95Kg. Patr\u00f3n polar cardioide.\",\"breadcrumb\":{\"@id\":\"https:\\\/\\\/www.mexicanguitarplayers.com\\\/tienda\\\/sin categor\u00eda\\\/estacion-proel-mod-bm8x8\\\/#breadcrumb\"},\"inLanguage\":\"en-US\",\"potentialAction\":[{\"@type\":\"ReadAction\",\"target\":[\"https:\\\/\\\/www.mexicanguitarplayers.com\\\/tienda\\\/sin categor\u00eda\\\/estacion-proel-mod-bm8x8\\\/\"]}]},{\"@type\":\"ImageObject\",\"inLanguage\":\"en-US\",\"@id\":\"https:\\\/\\\/www.mexicanguitarplayers.com\\\/tienda\\\/sin categor\u00eda\\\/estacion-proel-mod-bm8x8\\\/#primaryimage\",\"url\":\"https:\\\/\\\/www.mexicanguitarplayers.com\\\/wp-content\\\/uploads\\\/2025\\\/04\\\/IAPREBM8X8.jpg\",\"contentUrl\":\"https:\\\/\\\/www.mexicanguitarplayers.com\\\/wp-content\\\/uploads\\\/2025\\\/04\\\/IAPREBM8X8.jpg\",\"width\":1200,\"height\":1200},{\"@type\":\"BreadcrumbList\",\"@id\":\"https:\\\/\\\/www.mexicanguitarplayers.com\\\/tienda\\\/sin categor\u00eda\\\/estacion-proel-mod-bm8x8\\\/#breadcrumb\",\"itemListElement\":[{\"@type\":\"ListItem\",\"position\":1,\"name\":\"Portada\",\"item\":\"https:\\\/\\\/www.mexicanguitarplayers.com\\\/\"},{\"@type\":\"ListItem\",\"position\":2,\"name\":\"Tienda\",\"item\":\"https:\\\/\\\/www.mexicanguitarplayers.com\\\/tienda\\\/\"},{\"@type\":\"ListItem\",\"position\":3,\"name\":\"ESTACION PROEL MOD. BM8X8\"}]},{\"@type\":\"WebSite\",\"@id\":\"https:\\\/\\\/www.mexicanguitarplayers.com\\\/#website\",\"url\":\"https:\\\/\\\/www.mexicanguitarplayers.com\\\/\",\"name\":\"Mexican Guitar Players\",\"description\":\"Website\",\"publisher\":{\"@id\":\"https:\\\/\\\/www.mexicanguitarplayers.com\\\/#organization\"},\"potentialAction\":[{\"@type\":\"SearchAction\",\"target\":{\"@type\":\"EntryPoint\",\"urlTemplate\":\"https:\\\/\\\/www.mexicanguitarplayers.com\\\/?s={search_term_string}\"},\"query-input\":{\"@type\":\"PropertyValueSpecification\",\"valueRequired\":true,\"valueName\":\"search_term_string\"}}],\"inLanguage\":\"en-US\"},{\"@type\":\"Organization\",\"@id\":\"https:\\\/\\\/www.mexicanguitarplayers.com\\\/#organization\",\"name\":\"Mexican Guitar Players\",\"url\":\"https:\\\/\\\/www.mexicanguitarplayers.com\\\/\",\"logo\":{\"@type\":\"ImageObject\",\"inLanguage\":\"en-US\",\"@id\":\"https:\\\/\\\/www.mexicanguitarplayers.com\\\/#\\\/schema\\\/logo\\\/image\\\/\",\"url\":\"\",\"contentUrl\":\"\",\"caption\":\"Mexican Guitar Players\"},\"image\":{\"@id\":\"https:\\\/\\\/www.mexicanguitarplayers.com\\\/#\\\/schema\\\/logo\\\/image\\\/\"}}]}<\/script>\n<!-- \/ Yoast SEO plugin. -->","yoast_head_json":{"title":"ESTACION PROEL  MOD. BM8X8 - Mexican Guitar Players","description":"Estaci\u00f3n Proel. Modelo: BM8X8. Consola de micr\u00f3fono para voceo. Micr\u00f3fono de condensador con cuello de ganso. Botones independientes para manejo de 8 zonas. Sensibilidad: 4 mV \/ Pa. Niveles de salida: Audio digital. Respuesta de frecuencia:150 Hz - 8000 Hz. Fuente de alimentaci\u00f3n: 24V DC. Longitud del cuello de cisne:300 mm. Conectores de salida: RJ45. Dimensiones: 232 x 61 x 131 mm. Peso: 0.95Kg. Patr\u00f3n polar cardioide.","robots":{"index":"index","follow":"follow","max-snippet":"max-snippet:-1","max-image-preview":"max-image-preview:large","max-video-preview":"max-video-preview:-1"},"canonical":"https:\/\/www.mexicanguitarplayers.com\/en\/tienda\/sin categor\u00eda\/estacion-proel-mod-bm8x8\/","og_locale":"en_US","og_type":"article","og_title":"ESTACION PROEL  MOD. BM8X8 - Mexican Guitar Players","og_description":"Estaci\u00f3n Proel. Modelo: BM8X8. Consola de micr\u00f3fono para voceo. Micr\u00f3fono de condensador con cuello de ganso. Botones independientes para manejo de 8 zonas. Sensibilidad: 4 mV \/ Pa. Niveles de salida: Audio digital. Respuesta de frecuencia:150 Hz - 8000 Hz. Fuente de alimentaci\u00f3n: 24V DC. Longitud del cuello de cisne:300 mm. Conectores de salida: RJ45. Dimensiones: 232 x 61 x 131 mm. Peso: 0.95Kg. Patr\u00f3n polar cardioide.","og_url":"https:\/\/www.mexicanguitarplayers.com\/en\/tienda\/sin categor\u00eda\/estacion-proel-mod-bm8x8\/","og_site_name":"Mexican Guitar Players","article_modified_time":"2026-04-10T10:21:45+00:00","twitter_card":"summary_large_image","twitter_misc":{"Est. reading time":"1 minute"},"schema":{"@context":"https:\/\/schema.org","@graph":[{"@type":["WebPage","ItemPage"],"@id":"https:\/\/www.mexicanguitarplayers.com\/tienda\/sin categor\u00eda\/estacion-proel-mod-bm8x8\/","url":"https:\/\/www.mexicanguitarplayers.com\/tienda\/sin categor\u00eda\/estacion-proel-mod-bm8x8\/","name":"ESTACION PROEL MOD. BM8X8 - Mexican Guitar Players","isPartOf":{"@id":"https:\/\/www.mexicanguitarplayers.com\/#website"},"primaryImageOfPage":{"@id":"https:\/\/www.mexicanguitarplayers.com\/tienda\/sin categor\u00eda\/estacion-proel-mod-bm8x8\/#primaryimage"},"image":{"@id":"https:\/\/www.mexicanguitarplayers.com\/tienda\/sin categor\u00eda\/estacion-proel-mod-bm8x8\/#primaryimage"},"thumbnailUrl":"https:\/\/www.mexicanguitarplayers.com\/wp-content\/uploads\/2025\/04\/IAPREBM8X8.jpg","datePublished":"2025-04-09T12:30:55+00:00","dateModified":"2026-04-10T10:21:45+00:00","description":"Estaci\u00f3n Proel. Modelo: BM8X8. Consola de micr\u00f3fono para voceo. Micr\u00f3fono de condensador con cuello de ganso. Botones independientes para manejo de 8 zonas. Sensibilidad: 4 mV \/ Pa. Niveles de salida: Audio digital. Respuesta de frecuencia:150 Hz - 8000 Hz. Fuente de alimentaci\u00f3n: 24V DC. Longitud del cuello de cisne:300 mm. Conectores de salida: RJ45. Dimensiones: 232 x 61 x 131 mm. Peso: 0.95Kg. Patr\u00f3n polar cardioide.","breadcrumb":{"@id":"https:\/\/www.mexicanguitarplayers.com\/tienda\/sin categor\u00eda\/estacion-proel-mod-bm8x8\/#breadcrumb"},"inLanguage":"en-US","potentialAction":[{"@type":"ReadAction","target":["https:\/\/www.mexicanguitarplayers.com\/tienda\/sin categor\u00eda\/estacion-proel-mod-bm8x8\/"]}]},{"@type":"ImageObject","inLanguage":"en-US","@id":"https:\/\/www.mexicanguitarplayers.com\/tienda\/sin categor\u00eda\/estacion-proel-mod-bm8x8\/#primaryimage","url":"https:\/\/www.mexicanguitarplayers.com\/wp-content\/uploads\/2025\/04\/IAPREBM8X8.jpg","contentUrl":"https:\/\/www.mexicanguitarplayers.com\/wp-content\/uploads\/2025\/04\/IAPREBM8X8.jpg","width":1200,"height":1200},{"@type":"BreadcrumbList","@id":"https:\/\/www.mexicanguitarplayers.com\/tienda\/sin categor\u00eda\/estacion-proel-mod-bm8x8\/#breadcrumb","itemListElement":[{"@type":"ListItem","position":1,"name":"Portada","item":"https:\/\/www.mexicanguitarplayers.com\/"},{"@type":"ListItem","position":2,"name":"Tienda","item":"https:\/\/www.mexicanguitarplayers.com\/tienda\/"},{"@type":"ListItem","position":3,"name":"ESTACION PROEL MOD. BM8X8"}]},{"@type":"WebSite","@id":"https:\/\/www.mexicanguitarplayers.com\/#website","url":"https:\/\/www.mexicanguitarplayers.com\/","name":"Mexican Guitar Players","description":"Website","publisher":{"@id":"https:\/\/www.mexicanguitarplayers.com\/#organization"},"potentialAction":[{"@type":"SearchAction","target":{"@type":"EntryPoint","urlTemplate":"https:\/\/www.mexicanguitarplayers.com\/?s={search_term_string}"},"query-input":{"@type":"PropertyValueSpecification","valueRequired":true,"valueName":"search_term_string"}}],"inLanguage":"en-US"},{"@type":"Organization","@id":"https:\/\/www.mexicanguitarplayers.com\/#organization","name":"Mexican Guitar Players","url":"https:\/\/www.mexicanguitarplayers.com\/","logo":{"@type":"ImageObject","inLanguage":"en-US","@id":"https:\/\/www.mexicanguitarplayers.com\/#\/schema\/logo\/image\/","url":"","contentUrl":"","caption":"Mexican Guitar Players"},"image":{"@id":"https:\/\/www.mexicanguitarplayers.com\/#\/schema\/logo\/image\/"}}]}},"brands":[{"id":252,"name":"PROEL","slug":"proel"}],"_links":{"self":[{"href":"https:\/\/www.mexicanguitarplayers.com\/en\/wp-json\/wp\/v2\/product\/39206","targetHints":{"allow":["GET"]}}],"collection":[{"href":"https:\/\/www.mexicanguitarplayers.com\/en\/wp-json\/wp\/v2\/product"}],"about":[{"href":"https:\/\/www.mexicanguitarplayers.com\/en\/wp-json\/wp\/v2\/types\/product"}],"replies":[{"embeddable":true,"href":"https:\/\/www.mexicanguitarplayers.com\/en\/wp-json\/wp\/v2\/comments?post=39206"}],"wp:featuredmedia":[{"embeddable":true,"href":"https:\/\/www.mexicanguitarplayers.com\/en\/wp-json\/wp\/v2\/media\/39204"}],"wp:attachment":[{"href":"https:\/\/www.mexicanguitarplayers.com\/en\/wp-json\/wp\/v2\/media?parent=39206"}],"wp:term":[{"taxonomy":"pwb-brand","embeddable":true,"href":"https:\/\/www.mexicanguitarplayers.com\/en\/wp-json\/wp\/v2\/pwb-brand?post=39206"},{"taxonomy":"product_brand","embeddable":true,"href":"https:\/\/www.mexicanguitarplayers.com\/en\/wp-json\/wp\/v2\/product_brand?post=39206"},{"taxonomy":"product_cat","embeddable":true,"href":"https:\/\/www.mexicanguitarplayers.com\/en\/wp-json\/wp\/v2\/product_cat?post=39206"},{"taxonomy":"product_tag","embeddable":true,"href":"https:\/\/www.mexicanguitarplayers.com\/en\/wp-json\/wp\/v2\/product_tag?post=39206"}],"curies":[{"name":"wp","href":"https:\/\/api.w.org\/{rel}","templated":true}]}}