{"id":39212,"date":"2025-04-09T06:31:07","date_gmt":"2025-04-09T12:31:07","guid":{"rendered":"https:\/\/www.mexicanguitarplayers.com\/tienda\/sin categor\u00eda\/bocina-eighteen-sound-18-18lw1400-8\/"},"modified":"2026-03-19T19:15:05","modified_gmt":"2026-03-20T01:15:05","slug":"bocina-eighteen-sound-18-18lw1400-8","status":"publish","type":"product","link":"https:\/\/www.mexicanguitarplayers.com\/en\/tienda\/audio\/bafles-y-bocinas\/bocinas-y-componentes\/graves\/bocina-eighteen-sound-18-18lw1400-8\/","title":{"rendered":"BOCINA EIGHTEEN SOUND 18  18LW1400\/8"},"content":{"rendered":"<div style=\"text-align: justify\">\n<div>\n<h3>El perfecto control de tu sonido.<\/h3>\n<\/div>\n<div>El 18LW1400 es un altavoz extendido de baja frecuencia que establece un est\u00e1ndar industrial en transductores de alto rendimiento de 18\u201d pulgadas (460 mm). Se ha dise\u00f1ado para su uso como componente low bass o subwoofer, ya sea en una configuraci\u00f3n reflex, horn loaded o bandpass, en auditorios de alta potencia o sistemas de altavoces de arena. El transductor ofrece una reproducci\u00f3n de baja frecuencia limpia y sin distorsiones a niveles de presi\u00f3n de sonido muy altos y es capaz de soportar altos niveles de potencia sin sufrir da\u00f1os. Las caracter\u00edsticas de dise\u00f1o de 18LW1400 incluyen un sistema de suspensi\u00f3n de gran desplazamiento que, junto con un cono de nervio recto reforzado con fibra de carbono y la ara\u00f1a de silicona doble (DSS), garantiza una acci\u00f3n de pist\u00f3n ultra lineal y proporciona un control total en todo el rango de trabajo. Una bobina m\u00f3vil de cobre de 100 mm basada en la tecnolog\u00eda de bobina Interleaved Sandwich (ISV) aumenta este control, proporcionando altos niveles de estabilidad t\u00e9rmica y durabilidad. La tecnolog\u00eda ISV se basa en un embobinador de fibra de vidrio de alta resistencia con la mitad de la bobina enrollada en el exterior y la otra mitad en el interior y unidas mediante adhesivos de resina de alta temperatura \u00fanicos. Por lo tanto, se logra una unidad de motor lineal equilibrada, que ejerce un factor de fuerza excepcionalmente alto. La baja distorsi\u00f3n y la calidad de sonido inigualable del 18LW1400 se han mejorado significativamente gracias a los anillos de doble demodulaci\u00f3n (DDR) integrados en la pieza polar de la estructura magn\u00e9tica. Estos se han dise\u00f1ado para reducir dr\u00e1sticamente la intermodulaci\u00f3n y la distorsi\u00f3n arm\u00f3nica al tiempo que mejora la respuesta transitoria. Se ha logrado una excelente disipaci\u00f3n del calor gracias al dise\u00f1o especial de la canasta que incorpora canales de aire entre la canasta y la placa superior magn\u00e9tica. Adem\u00e1s, 8 salidas de aire incorporadas en la placa posterior est\u00e1n alineadas con la bobina de voz para forzar el aire en la parte inferior de la brecha. La densidad de flujo m\u00e1xima en la brecha est\u00e1 asegurada por el dise\u00f1o de la placa superior y posterior, lo que resulta en un alto factor BL. 18LW1400 puede funcionar correctamente en condiciones clim\u00e1ticas adversas. El exclusivo tratamiento de cono mejora la resistencia de la pulpa y otorga propiedades repelentes al agua a ambos lados del cono. Adem\u00e1s, el tratamiento especial aplicado a las placas superiores y posteriores de la estructura magn\u00e9tica es mucho m\u00e1s resistente a los efectos corrosivos de las sales y la oxidaci\u00f3n.<\/div>\n<div>\n<h4>Quick look<\/h4>\n<\/div>\n<ul style=\"margin: 0px 0px 0px 25px\">\n<li style=\"list-style-type: circle;margin: 5px\">Di\u00e1metro nominal.<\/li>\n<li style=\"list-style-type: circle;margin: 5px\">Nominal impedance.<\/li>\n<li style=\"list-style-type: circle;margin: 5px\">Power.<\/li>\n<li style=\"list-style-type: circle;margin: 5px\">Sensitivity.<\/li>\n<li style=\"list-style-type: circle;margin: 5px\">Rango de frecuencia.<\/li>\n<li style=\"list-style-type: circle;margin: 5px\">Compresi\u00f3n.<\/li>\n<li style=\"list-style-type: circle;margin: 5px\">Frecuencia m\u00e1xima recomendada.<\/li>\n<li style=\"list-style-type: circle;margin: 5px\">Volumen recomendado del gabinete.<\/li>\n<li style=\"list-style-type: circle;margin: 5px\">Impedancia m\u00ednima.<\/li>\n<li style=\"list-style-type: circle;margin: 5px\">Excursi\u00f3n m\u00e1xima pico a pico.<\/li>\n<li style=\"list-style-type: circle;margin: 5px\">Di\u00e1metro de la bobina m\u00f3vil.<\/li>\n<li style=\"list-style-type: circle;margin: 5px\">Material de la bobina m\u00f3vil.<\/li>\n<li style=\"list-style-type: circle;margin: 5px\">Suspensi\u00f3n.<\/li>\n<li style=\"list-style-type: circle;margin: 5px\">Cono.<\/li>\n<li style=\"list-style-type: circle;margin: 5px\">FS (Frecuencia de resonancia).<\/li>\n<li style=\"list-style-type: circle;margin: 5px\">Resistencia DC.<\/li>\n<li style=\"list-style-type: circle;margin: 5px\">SD (Superficie efectiva).<\/li>\n<li style=\"list-style-type: circle;margin: 5px\">QMS (Factor de calidad mec\u00e1nica).<\/li>\n<li style=\"list-style-type: circle;margin: 5px\">QES (Factor de calidad el\u00e9ctrica).<\/li>\n<li style=\"list-style-type: circle;margin: 5px\">QTS (Factor de calidad total).<\/li>\n<li style=\"list-style-type: circle;margin: 5px\">VAS (Volumen de aire equivalente a CMS).<\/li>\n<li style=\"list-style-type: circle;margin: 5px\">MMS (Masa total del cono).<\/li>\n<li style=\"list-style-type: circle;margin: 5px\">Factor BL <\/li>\n<li style=\"list-style-type: circle;margin: 5px\">XMAX (Desplazamiento m\u00e1ximo).<\/li>\n<li style=\"list-style-type: circle;margin: 5px\">Inductancia de la bobina m\u00f3vil (Le @ 1kHz).<\/li>\n<li style=\"list-style-type: circle;margin: 5px\">Referencia de eficiencia 1W\/1m (espacio medio).<\/li>\n<li style=\"list-style-type: circle;margin: 5px\">Di\u00e1metro total.<\/li>\n<li style=\"list-style-type: circle;margin: 5px\">Numero de agujeros de montaje y tornillo.<\/li>\n<li style=\"list-style-type: circle;margin: 5px\">Di\u00e1metro de los agujeros de montaje.<\/li>\n<li style=\"list-style-type: circle;margin: 5px\">Di\u00e1metro del c\u00edrculo del perno.<\/li>\n<li style=\"list-style-type: circle;margin: 5px\">Corte de montaje frontal del bafle.<\/li>\n<li style=\"list-style-type: circle;margin: 5px\">Corte de montaje posterior del bafle.<\/li>\n<li style=\"list-style-type: circle;margin: 5px\">Profundidad total.<\/li>\n<li style=\"list-style-type: circle;margin: 5px\">Espesor de  brida y junta.<\/li>\n<li style=\"list-style-type: circle;margin: 5px\">Weight.<\/li>\n<\/ul>\n<div>\n<div style=\"font-weight: bold\">Di\u00e1metro nominal.<\/div>\n<div>\n<p>18\u201d pulgadas (460 mm).<\/p>\n<\/div>\n<div style=\"font-weight: bold\">Nominal impedance.<\/div>\n<div>\n<p>8 ohms.<\/p>\n<\/div>\n<div style=\"font-weight: bold\">Power.<\/div>\n<div>\n<p>AES: 1,000 W. Programa: 1,400 W. Pico: 7,000 W.<\/p>\n<\/div>\n<div style=\"font-weight: bold\">Sensitivity.<\/div>\n<div>\n<p>98 dB.<\/p>\n<\/div>\n<div style=\"font-weight: bold\">Rango de frecuencia.<\/div>\n<div>\n<p>28 &#8211; 2,500 Hz.<\/p>\n<\/div>\n<div style=\"font-weight: bold\">Compresi\u00f3n.<\/div>\n<div>\n<p>A -10 dB: 0.8 dB. A -3 dB: 2.1 dB. A potencia total: 3.0 dB.<\/p>\n<\/div>\n<div style=\"font-weight: bold\">Frecuencia m\u00e1xima recomendada.<\/div>\n<div>\n<p>500 Hz.<\/p>\n<\/div>\n<div style=\"font-weight: bold\">Volumen recomendado del gabinete.<\/div>\n<div>\n<p>130 &#8211; 350 lt.<\/p>\n<\/div>\n<div style=\"font-weight: bold\">Impedancia m\u00ednima.<\/div>\n<div>\n<p>6.4 ohms a 25\u00b0C.<\/p>\n<\/div>\n<div style=\"font-weight: bold\">Excursi\u00f3n m\u00e1xima pico a pico.<\/div>\n<div>\n<p>1.97\u201d pulgadas (50 mm).<\/p>\n<\/div>\n<div style=\"font-weight: bold\">Di\u00e1metro de la bobina m\u00f3vil.<\/div>\n<div>\n<p>4\u201d pulgadas (100 mm).<\/p>\n<\/div>\n<div style=\"font-weight: bold\">Material de la bobina m\u00f3vil.<\/div>\n<div>\n<p>Cobre.<\/p>\n<\/div>\n<div style=\"font-weight: bold\">Suspensi\u00f3n.<\/div>\n<div>\n<p>Triple rollo, poli algod\u00f3n.<\/p>\n<\/div>\n<div style=\"font-weight: bold\">Cono.<\/div>\n<div>\n<p>Acanalado recto, papel reforzado con fibra de carbono.<\/p>\n<\/div>\n<div style=\"font-weight: bold\">FS (Frecuencia de resonancia).<\/div>\n<div>\n<p>31 Hz.<\/p>\n<\/div>\n<div style=\"font-weight: bold\">Resistencia DC.<\/div>\n<div>\n<p>5 ohms.<\/p>\n<\/div>\n<div style=\"font-weight: bold\">SD (Superficie efectiva).<\/div>\n<div>\n<p>0.1225 sq. mt. (189.88 sq. in.).<\/p>\n<\/div>\n<div style=\"font-weight: bold\">QMS (Factor de calidad mec\u00e1nica).<\/div>\n<div>\n<p>7.2.<\/p>\n<\/div>\n<div style=\"font-weight: bold\">QES (Factor de calidad el\u00e9ctrica).<\/div>\n<div>\n<p>0.31.<\/p>\n<\/div>\n<div style=\"font-weight: bold\">QTS (Factor de calidad total).<\/div>\n<div>\n<p>0.29.<\/p>\n<\/div>\n<div style=\"font-weight: bold\">VAS (Volumen de aire equivalente a CMS).<\/div>\n<div>\n<p>297 lt.<\/p>\n<\/div>\n<div style=\"font-weight: bold\">MMS (Masa total del cono).<\/div>\n<div>\n<p>190 gr.<\/p>\n<\/div>\n<div style=\"font-weight: bold\">Factor BL <\/div>\n<div>\n<p>24.7 Tm.<\/p>\n<\/div>\n<div style=\"font-weight: bold\">XMAX (Desplazamiento m\u00e1ximo).<\/div>\n<div>\n<p>\u00b1 9 mm (\u00b1 0.35\u201d pulgadas).<\/p>\n<\/div>\n<div style=\"font-weight: bold\">Inductancia de la bobina m\u00f3vil (Le @ 1kHz).<\/div>\n<div>\n<p>2.3 mH.<\/p>\n<\/div>\n<div style=\"font-weight: bold\">Referencia de eficiencia 1W\/1m (espacio medio).<\/div>\n<div>\n<p>96.5 dB.<\/p>\n<\/div>\n<div style=\"font-weight: bold\">Di\u00e1metro total.<\/div>\n<div>\n<p>18.18\u201d pulgadas (462 mm).<\/p>\n<\/div>\n<div style=\"font-weight: bold\">Numero de agujeros de montaje y tornillo.<\/div>\n<div>\n<p>8.<\/p>\n<\/div>\n<div style=\"font-weight: bold\">Di\u00e1metro de los agujeros de montaje.<\/div>\n<div>\n<p>0.33\u201d pulgadas (8.5 mm).<\/p>\n<\/div>\n<div style=\"font-weight: bold\">Di\u00e1metro del c\u00edrculo del perno.<\/div>\n<div>\n<p>17.24\u201d &#8211; 17.32\u201d pulgadas (438 &#8211; 440 mm).<\/p>\n<\/div>\n<div style=\"font-weight: bold\">Corte de montaje frontal del bafle.<\/div>\n<div>\n<p>\u00d8 16.38\u201d pulgadas (416 mm).<\/p>\n<\/div>\n<div style=\"font-weight: bold\">Corte de montaje posterior del bafle.<\/div>\n<div>\n<p>\u00d8 16.61\u201d pulgadas (422 mm).<\/p>\n<\/div>\n<div style=\"font-weight: bold\">Profundidad total.<\/div>\n<div>\n<p>8.48\u201d pulgadas (215.4 mm).<\/p>\n<\/div>\n<div style=\"font-weight: bold\">Espesor de  brida y junta.<\/div>\n<div>\n<p>1.02\u201d pulgadas (26 mm).<\/p>\n<\/div>\n<div style=\"font-weight: bold\">Weight.<\/div>\n<div>\n<p>13.3 kg.<\/p>\n<\/div>\n<\/div>\n<\/div>","protected":false},"excerpt":{"rendered":"<p>Bocina de 18\u201d pulgadas, im\u00e1n de ferrita, cono acanalado recto reforzado con fibra de carbono, doble Silicon Spider (DSS) para mejorar el control de excursiones y linealidad, anillos de doble demodulaci\u00f3n (DSS) para una menor distorsi\u00f3n, disipaci\u00f3n mejorada de calor a trav\u00e9s del dise\u00f1o \u00fanico de canasta u m\u00faltiples rejillas de ventilaci\u00f3n de la placa posterior, conos y platos protegidos contra la intemperie para uso en exteriores, ideal para dise\u00f1os de subwoofer de alto SPL, impedancia: 8 ohms, potencia AES: 1,000 W, programa: 1,400 W, pico: 7,000 W, sensibilidad: 98 dB, rango de frecuencia: 28 &#8211; 2,500 Hz, bobina m\u00f3vil de cobre de 4\u201d pulgadas (100 mm), peso: 13.3 kg.&hellip; <a class=\"kt-excerpt-readmore more-link\" href=\"https:\/\/www.mexicanguitarplayers.com\/en\/tienda\/audio\/bafles-y-bocinas\/bocinas-y-componentes\/graves\/bocina-eighteen-sound-18-18lw1400-8\/\">Read more<\/a><\/p>","protected":false},"featured_media":39207,"comment_status":"open","ping_status":"closed","template":"","meta":{"kt_blocks_editor_width":""},"pwb-brand":[533],"product_brand":[],"product_cat":[213,221,474,529],"product_tag":[],"class_list":{"0":"post-39212","1":"product","2":"type-product","3":"status-publish","4":"has-post-thumbnail","6":"pwb-brand-eighteen-sound","7":"product_cat-audio","8":"product_cat-bafles-y-bocinas","9":"product_cat-bocinas-y-componentes","10":"product_cat-graves","11":"product_shipping_class-15-20-kg","13":"first","14":"instock","15":"taxable","16":"shipping-taxable","17":"purchasable","18":"product-type-simple"},"yoast_head":"<!-- This site is optimized with the Yoast SEO plugin v27.3 - https:\/\/yoast.com\/product\/yoast-seo-wordpress\/ -->\n<title>BOCINA EIGHTEEN SOUND 18 18LW1400\/8 - Mexican Guitar Players<\/title>\n<meta name=\"description\" content=\"Bocina de 18\u201d pulgadas, im\u00e1n de ferrita, cono acanalado recto reforzado con fibra de carbono, doble Silicon Spider (DSS) para mejorar el control de excursiones y linealidad, anillos de doble demodulaci\u00f3n (DSS) para una menor distorsi\u00f3n, disipaci\u00f3n mejorada de calor a trav\u00e9s del dise\u00f1o \u00fanico de canasta u m\u00faltiples rejillas de ventilaci\u00f3n de la placa posterior, conos y platos protegidos contra la intemperie para uso en exteriores, ideal para dise\u00f1os de subwoofer de alto SPL, impedancia: 8 ohms, potencia AES: 1,000 W, programa: 1,400 W, pico: 7,000 W, sensibilidad: 98 dB, rango de frecuencia: 28 - 2,500 Hz, bobina m\u00f3vil de cobre de 4\u201d pulgadas (100 mm), peso: 13.3 kg.\" \/>\n<meta name=\"robots\" content=\"index, follow, max-snippet:-1, max-image-preview:large, max-video-preview:-1\" \/>\n<link rel=\"canonical\" href=\"https:\/\/www.mexicanguitarplayers.com\/en\/tienda\/sin%20categor\u00eda\/bocina-eighteen-sound-18-18lw1400-8\/\" \/>\n<meta property=\"og:locale\" content=\"en_US\" \/>\n<meta property=\"og:type\" content=\"article\" \/>\n<meta property=\"og:title\" content=\"BOCINA EIGHTEEN SOUND 18 18LW1400\/8 - Mexican Guitar Players\" \/>\n<meta property=\"og:description\" content=\"Bocina de 18\u201d pulgadas, im\u00e1n de ferrita, cono acanalado recto reforzado con fibra de carbono, doble Silicon Spider (DSS) para mejorar el control de excursiones y linealidad, anillos de doble demodulaci\u00f3n (DSS) para una menor distorsi\u00f3n, disipaci\u00f3n mejorada de calor a trav\u00e9s del dise\u00f1o \u00fanico de canasta u m\u00faltiples rejillas de ventilaci\u00f3n de la placa posterior, conos y platos protegidos contra la intemperie para uso en exteriores, ideal para dise\u00f1os de subwoofer de alto SPL, impedancia: 8 ohms, potencia AES: 1,000 W, programa: 1,400 W, pico: 7,000 W, sensibilidad: 98 dB, rango de frecuencia: 28 - 2,500 Hz, bobina m\u00f3vil de cobre de 4\u201d pulgadas (100 mm), peso: 13.3 kg.\" \/>\n<meta property=\"og:url\" content=\"https:\/\/www.mexicanguitarplayers.com\/en\/tienda\/sin categor\u00eda\/bocina-eighteen-sound-18-18lw1400-8\/\" \/>\n<meta property=\"og:site_name\" content=\"Mexican Guitar Players\" \/>\n<meta property=\"article:modified_time\" content=\"2026-03-20T01:15:05+00:00\" \/>\n<meta name=\"twitter:card\" content=\"summary_large_image\" \/>\n<meta name=\"twitter:label1\" content=\"Est. reading time\" \/>\n\t<meta name=\"twitter:data1\" content=\"4 minutes\" \/>\n<script type=\"application\/ld+json\" class=\"yoast-schema-graph\">{\"@context\":\"https:\\\/\\\/schema.org\",\"@graph\":[{\"@type\":[\"WebPage\",\"ItemPage\"],\"@id\":\"https:\\\/\\\/www.mexicanguitarplayers.com\\\/tienda\\\/sin categor\u00eda\\\/bocina-eighteen-sound-18-18lw1400-8\\\/\",\"url\":\"https:\\\/\\\/www.mexicanguitarplayers.com\\\/tienda\\\/sin categor\u00eda\\\/bocina-eighteen-sound-18-18lw1400-8\\\/\",\"name\":\"BOCINA EIGHTEEN SOUND 18 18LW1400\\\/8 - Mexican Guitar Players\",\"isPartOf\":{\"@id\":\"https:\\\/\\\/www.mexicanguitarplayers.com\\\/#website\"},\"primaryImageOfPage\":{\"@id\":\"https:\\\/\\\/www.mexicanguitarplayers.com\\\/tienda\\\/sin categor\u00eda\\\/bocina-eighteen-sound-18-18lw1400-8\\\/#primaryimage\"},\"image\":{\"@id\":\"https:\\\/\\\/www.mexicanguitarplayers.com\\\/tienda\\\/sin categor\u00eda\\\/bocina-eighteen-sound-18-18lw1400-8\\\/#primaryimage\"},\"thumbnailUrl\":\"https:\\\/\\\/www.mexicanguitarplayers.com\\\/wp-content\\\/uploads\\\/2025\\\/04\\\/IAEIG18LW14008.jpg\",\"datePublished\":\"2025-04-09T12:31:07+00:00\",\"dateModified\":\"2026-03-20T01:15:05+00:00\",\"description\":\"Bocina de 18\u201d pulgadas, im\u00e1n de ferrita, cono acanalado recto reforzado con fibra de carbono, doble Silicon Spider (DSS) para mejorar el control de excursiones y linealidad, anillos de doble demodulaci\u00f3n (DSS) para una menor distorsi\u00f3n, disipaci\u00f3n mejorada de calor a trav\u00e9s del dise\u00f1o \u00fanico de canasta u m\u00faltiples rejillas de ventilaci\u00f3n de la placa posterior, conos y platos protegidos contra la intemperie para uso en exteriores, ideal para dise\u00f1os de subwoofer de alto SPL, impedancia: 8 ohms, potencia AES: 1,000 W, programa: 1,400 W, pico: 7,000 W, sensibilidad: 98 dB, rango de frecuencia: 28 - 2,500 Hz, bobina m\u00f3vil de cobre de 4\u201d pulgadas (100 mm), peso: 13.3 kg.\",\"breadcrumb\":{\"@id\":\"https:\\\/\\\/www.mexicanguitarplayers.com\\\/tienda\\\/sin categor\u00eda\\\/bocina-eighteen-sound-18-18lw1400-8\\\/#breadcrumb\"},\"inLanguage\":\"en-US\",\"potentialAction\":[{\"@type\":\"ReadAction\",\"target\":[\"https:\\\/\\\/www.mexicanguitarplayers.com\\\/tienda\\\/sin categor\u00eda\\\/bocina-eighteen-sound-18-18lw1400-8\\\/\"]}]},{\"@type\":\"ImageObject\",\"inLanguage\":\"en-US\",\"@id\":\"https:\\\/\\\/www.mexicanguitarplayers.com\\\/tienda\\\/sin categor\u00eda\\\/bocina-eighteen-sound-18-18lw1400-8\\\/#primaryimage\",\"url\":\"https:\\\/\\\/www.mexicanguitarplayers.com\\\/wp-content\\\/uploads\\\/2025\\\/04\\\/IAEIG18LW14008.jpg\",\"contentUrl\":\"https:\\\/\\\/www.mexicanguitarplayers.com\\\/wp-content\\\/uploads\\\/2025\\\/04\\\/IAEIG18LW14008.jpg\",\"width\":1200,\"height\":1200},{\"@type\":\"BreadcrumbList\",\"@id\":\"https:\\\/\\\/www.mexicanguitarplayers.com\\\/tienda\\\/sin categor\u00eda\\\/bocina-eighteen-sound-18-18lw1400-8\\\/#breadcrumb\",\"itemListElement\":[{\"@type\":\"ListItem\",\"position\":1,\"name\":\"Portada\",\"item\":\"https:\\\/\\\/www.mexicanguitarplayers.com\\\/\"},{\"@type\":\"ListItem\",\"position\":2,\"name\":\"Tienda\",\"item\":\"https:\\\/\\\/www.mexicanguitarplayers.com\\\/tienda\\\/\"},{\"@type\":\"ListItem\",\"position\":3,\"name\":\"BOCINA EIGHTEEN SOUND 18 18LW1400\\\/8\"}]},{\"@type\":\"WebSite\",\"@id\":\"https:\\\/\\\/www.mexicanguitarplayers.com\\\/#website\",\"url\":\"https:\\\/\\\/www.mexicanguitarplayers.com\\\/\",\"name\":\"Mexican Guitar Players\",\"description\":\"Website\",\"publisher\":{\"@id\":\"https:\\\/\\\/www.mexicanguitarplayers.com\\\/#organization\"},\"potentialAction\":[{\"@type\":\"SearchAction\",\"target\":{\"@type\":\"EntryPoint\",\"urlTemplate\":\"https:\\\/\\\/www.mexicanguitarplayers.com\\\/?s={search_term_string}\"},\"query-input\":{\"@type\":\"PropertyValueSpecification\",\"valueRequired\":true,\"valueName\":\"search_term_string\"}}],\"inLanguage\":\"en-US\"},{\"@type\":\"Organization\",\"@id\":\"https:\\\/\\\/www.mexicanguitarplayers.com\\\/#organization\",\"name\":\"Mexican Guitar Players\",\"url\":\"https:\\\/\\\/www.mexicanguitarplayers.com\\\/\",\"logo\":{\"@type\":\"ImageObject\",\"inLanguage\":\"en-US\",\"@id\":\"https:\\\/\\\/www.mexicanguitarplayers.com\\\/#\\\/schema\\\/logo\\\/image\\\/\",\"url\":\"\",\"contentUrl\":\"\",\"caption\":\"Mexican Guitar Players\"},\"image\":{\"@id\":\"https:\\\/\\\/www.mexicanguitarplayers.com\\\/#\\\/schema\\\/logo\\\/image\\\/\"}}]}<\/script>\n<!-- \/ Yoast SEO plugin. -->","yoast_head_json":{"title":"BOCINA EIGHTEEN SOUND 18 18LW1400\/8 - Mexican Guitar Players","description":"Bocina de 18\u201d pulgadas, im\u00e1n de ferrita, cono acanalado recto reforzado con fibra de carbono, doble Silicon Spider (DSS) para mejorar el control de excursiones y linealidad, anillos de doble demodulaci\u00f3n (DSS) para una menor distorsi\u00f3n, disipaci\u00f3n mejorada de calor a trav\u00e9s del dise\u00f1o \u00fanico de canasta u m\u00faltiples rejillas de ventilaci\u00f3n de la placa posterior, conos y platos protegidos contra la intemperie para uso en exteriores, ideal para dise\u00f1os de subwoofer de alto SPL, impedancia: 8 ohms, potencia AES: 1,000 W, programa: 1,400 W, pico: 7,000 W, sensibilidad: 98 dB, rango de frecuencia: 28 - 2,500 Hz, bobina m\u00f3vil de cobre de 4\u201d pulgadas (100 mm), peso: 13.3 kg.","robots":{"index":"index","follow":"follow","max-snippet":"max-snippet:-1","max-image-preview":"max-image-preview:large","max-video-preview":"max-video-preview:-1"},"canonical":"https:\/\/www.mexicanguitarplayers.com\/en\/tienda\/sin categor\u00eda\/bocina-eighteen-sound-18-18lw1400-8\/","og_locale":"en_US","og_type":"article","og_title":"BOCINA EIGHTEEN SOUND 18 18LW1400\/8 - Mexican Guitar Players","og_description":"Bocina de 18\u201d pulgadas, im\u00e1n de ferrita, cono acanalado recto reforzado con fibra de carbono, doble Silicon Spider (DSS) para mejorar el control de excursiones y linealidad, anillos de doble demodulaci\u00f3n (DSS) para una menor distorsi\u00f3n, disipaci\u00f3n mejorada de calor a trav\u00e9s del dise\u00f1o \u00fanico de canasta u m\u00faltiples rejillas de ventilaci\u00f3n de la placa posterior, conos y platos protegidos contra la intemperie para uso en exteriores, ideal para dise\u00f1os de subwoofer de alto SPL, impedancia: 8 ohms, potencia AES: 1,000 W, programa: 1,400 W, pico: 7,000 W, sensibilidad: 98 dB, rango de frecuencia: 28 - 2,500 Hz, bobina m\u00f3vil de cobre de 4\u201d pulgadas (100 mm), peso: 13.3 kg.","og_url":"https:\/\/www.mexicanguitarplayers.com\/en\/tienda\/sin categor\u00eda\/bocina-eighteen-sound-18-18lw1400-8\/","og_site_name":"Mexican Guitar Players","article_modified_time":"2026-03-20T01:15:05+00:00","twitter_card":"summary_large_image","twitter_misc":{"Est. reading time":"4 minutes"},"schema":{"@context":"https:\/\/schema.org","@graph":[{"@type":["WebPage","ItemPage"],"@id":"https:\/\/www.mexicanguitarplayers.com\/tienda\/sin categor\u00eda\/bocina-eighteen-sound-18-18lw1400-8\/","url":"https:\/\/www.mexicanguitarplayers.com\/tienda\/sin categor\u00eda\/bocina-eighteen-sound-18-18lw1400-8\/","name":"BOCINA EIGHTEEN SOUND 18 18LW1400\/8 - Mexican Guitar Players","isPartOf":{"@id":"https:\/\/www.mexicanguitarplayers.com\/#website"},"primaryImageOfPage":{"@id":"https:\/\/www.mexicanguitarplayers.com\/tienda\/sin categor\u00eda\/bocina-eighteen-sound-18-18lw1400-8\/#primaryimage"},"image":{"@id":"https:\/\/www.mexicanguitarplayers.com\/tienda\/sin categor\u00eda\/bocina-eighteen-sound-18-18lw1400-8\/#primaryimage"},"thumbnailUrl":"https:\/\/www.mexicanguitarplayers.com\/wp-content\/uploads\/2025\/04\/IAEIG18LW14008.jpg","datePublished":"2025-04-09T12:31:07+00:00","dateModified":"2026-03-20T01:15:05+00:00","description":"Bocina de 18\u201d pulgadas, im\u00e1n de ferrita, cono acanalado recto reforzado con fibra de carbono, doble Silicon Spider (DSS) para mejorar el control de excursiones y linealidad, anillos de doble demodulaci\u00f3n (DSS) para una menor distorsi\u00f3n, disipaci\u00f3n mejorada de calor a trav\u00e9s del dise\u00f1o \u00fanico de canasta u m\u00faltiples rejillas de ventilaci\u00f3n de la placa posterior, conos y platos protegidos contra la intemperie para uso en exteriores, ideal para dise\u00f1os de subwoofer de alto SPL, impedancia: 8 ohms, potencia AES: 1,000 W, programa: 1,400 W, pico: 7,000 W, sensibilidad: 98 dB, rango de frecuencia: 28 - 2,500 Hz, bobina m\u00f3vil de cobre de 4\u201d pulgadas (100 mm), peso: 13.3 kg.","breadcrumb":{"@id":"https:\/\/www.mexicanguitarplayers.com\/tienda\/sin categor\u00eda\/bocina-eighteen-sound-18-18lw1400-8\/#breadcrumb"},"inLanguage":"en-US","potentialAction":[{"@type":"ReadAction","target":["https:\/\/www.mexicanguitarplayers.com\/tienda\/sin categor\u00eda\/bocina-eighteen-sound-18-18lw1400-8\/"]}]},{"@type":"ImageObject","inLanguage":"en-US","@id":"https:\/\/www.mexicanguitarplayers.com\/tienda\/sin categor\u00eda\/bocina-eighteen-sound-18-18lw1400-8\/#primaryimage","url":"https:\/\/www.mexicanguitarplayers.com\/wp-content\/uploads\/2025\/04\/IAEIG18LW14008.jpg","contentUrl":"https:\/\/www.mexicanguitarplayers.com\/wp-content\/uploads\/2025\/04\/IAEIG18LW14008.jpg","width":1200,"height":1200},{"@type":"BreadcrumbList","@id":"https:\/\/www.mexicanguitarplayers.com\/tienda\/sin categor\u00eda\/bocina-eighteen-sound-18-18lw1400-8\/#breadcrumb","itemListElement":[{"@type":"ListItem","position":1,"name":"Portada","item":"https:\/\/www.mexicanguitarplayers.com\/"},{"@type":"ListItem","position":2,"name":"Tienda","item":"https:\/\/www.mexicanguitarplayers.com\/tienda\/"},{"@type":"ListItem","position":3,"name":"BOCINA EIGHTEEN SOUND 18 18LW1400\/8"}]},{"@type":"WebSite","@id":"https:\/\/www.mexicanguitarplayers.com\/#website","url":"https:\/\/www.mexicanguitarplayers.com\/","name":"Mexican Guitar Players","description":"Website","publisher":{"@id":"https:\/\/www.mexicanguitarplayers.com\/#organization"},"potentialAction":[{"@type":"SearchAction","target":{"@type":"EntryPoint","urlTemplate":"https:\/\/www.mexicanguitarplayers.com\/?s={search_term_string}"},"query-input":{"@type":"PropertyValueSpecification","valueRequired":true,"valueName":"search_term_string"}}],"inLanguage":"en-US"},{"@type":"Organization","@id":"https:\/\/www.mexicanguitarplayers.com\/#organization","name":"Mexican Guitar Players","url":"https:\/\/www.mexicanguitarplayers.com\/","logo":{"@type":"ImageObject","inLanguage":"en-US","@id":"https:\/\/www.mexicanguitarplayers.com\/#\/schema\/logo\/image\/","url":"","contentUrl":"","caption":"Mexican Guitar Players"},"image":{"@id":"https:\/\/www.mexicanguitarplayers.com\/#\/schema\/logo\/image\/"}}]}},"brands":[{"id":533,"name":"EIGHTEEN SOUND","slug":"eighteen-sound"}],"_links":{"self":[{"href":"https:\/\/www.mexicanguitarplayers.com\/en\/wp-json\/wp\/v2\/product\/39212","targetHints":{"allow":["GET"]}}],"collection":[{"href":"https:\/\/www.mexicanguitarplayers.com\/en\/wp-json\/wp\/v2\/product"}],"about":[{"href":"https:\/\/www.mexicanguitarplayers.com\/en\/wp-json\/wp\/v2\/types\/product"}],"replies":[{"embeddable":true,"href":"https:\/\/www.mexicanguitarplayers.com\/en\/wp-json\/wp\/v2\/comments?post=39212"}],"wp:featuredmedia":[{"embeddable":true,"href":"https:\/\/www.mexicanguitarplayers.com\/en\/wp-json\/wp\/v2\/media\/39207"}],"wp:attachment":[{"href":"https:\/\/www.mexicanguitarplayers.com\/en\/wp-json\/wp\/v2\/media?parent=39212"}],"wp:term":[{"taxonomy":"pwb-brand","embeddable":true,"href":"https:\/\/www.mexicanguitarplayers.com\/en\/wp-json\/wp\/v2\/pwb-brand?post=39212"},{"taxonomy":"product_brand","embeddable":true,"href":"https:\/\/www.mexicanguitarplayers.com\/en\/wp-json\/wp\/v2\/product_brand?post=39212"},{"taxonomy":"product_cat","embeddable":true,"href":"https:\/\/www.mexicanguitarplayers.com\/en\/wp-json\/wp\/v2\/product_cat?post=39212"},{"taxonomy":"product_tag","embeddable":true,"href":"https:\/\/www.mexicanguitarplayers.com\/en\/wp-json\/wp\/v2\/product_tag?post=39212"}],"curies":[{"name":"wp","href":"https:\/\/api.w.org\/{rel}","templated":true}]}}