{"id":39217,"date":"2025-04-09T06:31:15","date_gmt":"2025-04-09T12:31:15","guid":{"rendered":"https:\/\/www.mexicanguitarplayers.com\/tienda\/sin categor\u00eda\/bafle-behringer-c-poder-b1800xp\/"},"modified":"2026-05-01T07:18:15","modified_gmt":"2026-05-01T13:18:15","slug":"bafle-behringer-c-poder-b1800xp","status":"publish","type":"product","link":"https:\/\/www.mexicanguitarplayers.com\/en\/tienda\/audio\/bafles-y-bocinas\/bafles\/bafles-activos\/bafle-behringer-c-poder-b1800xp\/","title":{"rendered":"BAFLE BEHRINGER C\/PODER B1800XP"},"content":{"rendered":"<div style=\"text-align: justify\">\n<div>\n<h3>Reproducci\u00f3n efectiva de graves.<\/h3>\n<\/div>\n<div>Nuestro subwoofer activo Eurolive B1800XP de 3,000 watts de potencia, proporciona lo \u00faltimo en reproducci\u00f3n de baja frecuencia y un crossover est\u00e9reo incorporado lo hace ideal para usar con cualquiera de nuestros altavoces activos de 2 v\u00edas. Cargado con un nuevo amplificador Clase D de 3,000 watts, un transductor Turbosound de baja frecuencia de 18&#8243; pulgadas y una incre\u00edble variedad de funciones profesionales, el B1800XP produce niveles extremos de punch grave, con la t\u00edpica definici\u00f3n y claridad reservadas para sistemas mucho m\u00e1s grandes. Empaquetada en un recinto completamente ligero y redise\u00f1ado, el B1800XP es nuestro subwoofer con un dise\u00f1o m\u00e1s robusto y articulado que nunca. En pocas palabras, estos sistemas de funcionamiento fresco son mucho m\u00e1s ligeros que sus predecesores, haci\u00e9ndolos ultra f\u00e1ciles de transportar y configurar, y nuestro dise\u00f1o sin compromiso significa que obtienes un grave incre\u00edblemente profundo que mantendr\u00e1 viva la fiesta durante el resto de la noche. Clase D: Potencia masiva, sonido perfecto. Gracias a nuestra revolucionaria tecnolog\u00eda de amplificador de Clase D, podemos ofrecerte una potencia enorme y un incre\u00edble rendimiento sonoro en un paquete f\u00e1cil de usar, ultra port\u00e1til y ligero. La amplificaci\u00f3n de Clase D, hace toda la diferencia, ofreciendo lo \u00faltimo en eficiencia energ\u00e9tica y eliminando la necesidad de fuentes de alimentaci\u00f3n pesadas y disipadores de calor masivos. Esta incre\u00edble tecnolog\u00eda hace posible dise\u00f1ar y construir productos extremadamente potentes, que son significativamente m\u00e1s ligeros en peso que sus contrapartes tradicionales, mientras utiliza menos energ\u00eda y protege el ambiente. Turbosound: La diferencia sonora. Un dise\u00f1ador y fabricante l\u00edder en el mundo de los sistemas de altavoces profesionales, Turbosound, ha estado fabricando altavoces de vanguardia por m\u00e1s de 30 a\u00f1os y han ganado el venerable premio Queen\u2019s Award por innovaci\u00f3n en numerosas ocasiones por sus aclamados dise\u00f1os de altavoces. Encontrar\u00e1s distinguidos productos de Turbosound no solamente en gira con grandes artistas internacionales, sino tambi\u00e9n en innumerables lugares importantes alrededor del mundo. Behringer se enorgullece de incorporar altavoces Turbosound y tecnolog\u00eda de amplificador de fama mundial dise\u00f1ados a medida en sus selectos productos para ofrecer lo \u00faltimo en reproducci\u00f3n de audio de alta calidad. El altavoz B1800XP cuenta con un aut\u00e9ntico altavoz Turbosound de 18&#8243; pulgadas con un impresionante manejo de potencia de 3,000 watts, lo suficiente para satisfacer todas tus necesidades de amplificaci\u00f3n.<\/div>\n<div>\n<h4>Quick look<\/h4>\n<\/div>\n<ul style=\"margin: 0px 0px 0px 25px\">\n<li style=\"list-style-type: circle;margin: 5px\">Amplifier.<\/li>\n<li style=\"list-style-type: circle;margin: 5px\">Audio outputs.<\/li>\n<li style=\"list-style-type: circle;margin: 5px\">Audio outputs.<\/li>\n<li style=\"list-style-type: circle;margin: 5px\">Controls<\/li>\n<li style=\"list-style-type: circle;margin: 5px\">Datos del sistema.<\/li>\n<li style=\"list-style-type: circle;margin: 5px\">Indicadores.<\/li>\n<li style=\"list-style-type: circle;margin: 5px\">Protecci\u00f3n de circuitos.<\/li>\n<li style=\"list-style-type: circle;margin: 5px\">Fuente de alimentaci\u00f3n, Voltaje (Fusible).<\/li>\n<li style=\"list-style-type: circle;margin: 5px\">Dimensions.<\/li>\n<li style=\"list-style-type: circle;margin: 5px\">Weight.<\/li>\n<\/ul>\n<div>\n<div style=\"font-weight: bold\">Amplifier.<\/div>\n<div>\n<p>Potencia m\u00e1xima de salida: 3,000 watts. Tipo: Clase D.<\/p>\n<\/div>\n<div style=\"font-weight: bold\">Audio outputs.<\/div>\n<div>\n<p>Entrada A\/B: XLR servo balanceado. Sensibilidad: +4 dBu @ 0 dB (posici\u00f3n central) para potencia nominal completa. Entrada m\u00e1xima: + dBu, balanceado, &lt;= 1% THD+N. Impedancia de entrada: 12 kohms desbalanceado, 24 kohms balanceado.<\/p>\n<\/div>\n<div style=\"font-weight: bold\">Audio outputs.<\/div>\n<div>\n<p>Thru A\/B: XLR servo balanceado. Salida A\/B: XLR servo balanceado. Filtro pasa altos: 100 Hz, Butterworth, 18 dB pendiente.<\/p>\n<\/div>\n<div style=\"font-weight: bold\">Controls<\/div>\n<div>\n<p>Nivel: Infinito a +6.0 dB. Frecuencia boost: 40 Hz &#8211; 90 Hz, +10 dB. Boost: Conmutable. High Cut: 70 &#8211; 150 Hz, Butterworth, 24 dB pendiente. Fase: 0\u00b0 o 180\u00b0 phase reverse switch.<\/p>\n<\/div>\n<div style=\"font-weight: bold\">Datos del sistema.<\/div>\n<div>\n<p>Rango de frecuencia: 32 Hz &#8211; 200 Hz (-10 dB). Respuesta de frecuencia: 40 Hz &#8211; 150 Hz (\u00b13 dB). Relaci\u00f3n se\u00f1al a ruido (20 Hz a 20 kHz): &gt;100 dB (Ponderado A). SPL m\u00e1ximo: 129 dB @ 1m. Limitador: \u00d3ptico.<\/p>\n<\/div>\n<div style=\"font-weight: bold\">Indicadores.<\/div>\n<div>\n<p>LED de se\u00f1al: Verde. LED de l\u00edmite: Rojo. LED de energ\u00eda: \u00c1mbar.<\/p>\n<\/div>\n<div style=\"font-weight: bold\">Protecci\u00f3n de circuitos.<\/div>\n<div>\n<p>Protecci\u00f3n de amplificador: Corto circuito, protecci\u00f3n t\u00e9rmica. Protecci\u00f3n de carga: Turn On\/Off muting.<\/p>\n<\/div>\n<div style=\"font-weight: bold\">Fuente de alimentaci\u00f3n, Voltaje (Fusible).<\/div>\n<div>\n<p>100-120V~, 50\/60 Hz (T 15 A H 2590 V). Consumo de energ\u00eda: 180 watts. Conexi\u00f3n de energ\u00eda: Recept\u00e1culo IEC est\u00e1ndar.<\/p>\n<\/div>\n<div style=\"font-weight: bold\">Dimensions.<\/div>\n<div>\n<p>704 x 549 x 554 mm.<\/p>\n<\/div>\n<div style=\"font-weight: bold\">Weight.<\/div>\n<div>\n<p>44.9 kg.<\/p>\n<\/div>\n<\/div>\n<\/div>","protected":false},"excerpt":{"rendered":"<p>Subwoofer activo de alto rendimiento de 3,000 watts con altavoz Turbosound de 18\u201d pulgadas y crossover activo est\u00e9reo incorporado que proporciona salidas filtradas de paso alto para altavoces de gama completa, para aplicaciones de PA, nivel de presi\u00f3n sonora extremadamente alto y graves incre\u00edblemente precisos, reproducci\u00f3n precisa de frecuencias ultra bajas para punch e impactos \u201da prueba de balas\u201d, amplificador Clase D de \u00faltima generaci\u00f3n con protecci\u00f3n de sobre-excursi\u00f3n, t\u00e9rmica, RMS y limitador de clip, Bass Boost regulable y conmutable m\u00e1s interruptor de fase para un mejor rendimiento de baja frecuencia, control Variable HighCut para una alineaci\u00f3n perfecta del sonido, control de nivel de subwoofer para ajustar el balance entre el subwoofer y los altavoces de gama completa, LEDs de clip, se\u00f1al y alimentaci\u00f3n para un monitoreo perfecto, limitador inteligente para un m\u00e1ximo rendimiento de sonido y protecci\u00f3n para woofer, fuente de alimentaci\u00f3n conmutada interna para audio sin ruido, respuesta transitoria superior y muy bajo consumo de energ\u00eda, soporte de polo para montaje con postes espaciadores comerciales, asas ergon\u00f3micas para facilitar el transporte, rejilla de acero para una protecci\u00f3n \u00f3ptima de los altavoces, dimensiones: 704 x 549 x 554 mm, peso: 44.9 kg.&hellip; <a class=\"kt-excerpt-readmore more-link\" href=\"https:\/\/www.mexicanguitarplayers.com\/en\/tienda\/audio\/bafles-y-bocinas\/bafles\/bafles-activos\/bafle-behringer-c-poder-b1800xp\/\">Read more<\/a><\/p>","protected":false},"featured_media":39213,"comment_status":"open","ping_status":"closed","template":"","meta":{"kt_blocks_editor_width":""},"pwb-brand":[171],"product_brand":[],"product_cat":[213,222,472,221],"product_tag":[],"class_list":{"0":"post-39217","1":"product","2":"type-product","3":"status-publish","4":"has-post-thumbnail","6":"pwb-brand-behringer","7":"product_cat-audio","8":"product_cat-bafles","9":"product_cat-bafles-activos","10":"product_cat-bafles-y-bocinas","12":"first","13":"instock","14":"taxable","15":"shipping-taxable","16":"purchasable","17":"product-type-simple"},"yoast_head":"<!-- This site is optimized with the Yoast SEO plugin v27.5 - https:\/\/yoast.com\/product\/yoast-seo-wordpress\/ -->\n<title>BAFLE BEHRINGER C\/PODER B1800XP - Mexican Guitar Players<\/title>\n<meta name=\"description\" content=\"Subwoofer activo de alto rendimiento de 3,000 watts con altavoz Turbosound de 18\u201d pulgadas y crossover activo est\u00e9reo incorporado que proporciona salidas filtradas de paso alto para altavoces de gama completa, para aplicaciones de PA, nivel de presi\u00f3n sonora extremadamente alto y graves incre\u00edblemente precisos, reproducci\u00f3n precisa de frecuencias ultra bajas para punch e impactos \u201da prueba de balas\u201d, amplificador Clase D de \u00faltima generaci\u00f3n con protecci\u00f3n de sobre-excursi\u00f3n, t\u00e9rmica, RMS y limitador de clip, Bass Boost regulable y conmutable m\u00e1s interruptor de fase para un mejor rendimiento de baja frecuencia, control Variable HighCut para una alineaci\u00f3n perfecta del sonido, control de nivel de subwoofer para ajustar el balance entre el subwoofer y los altavoces de gama completa, LEDs de clip, se\u00f1al y alimentaci\u00f3n para un monitoreo perfecto, limitador inteligente para un m\u00e1ximo rendimiento de sonido y protecci\u00f3n para woofer, fuente de alimentaci\u00f3n conmutada interna para audio sin ruido, respuesta transitoria superior y muy bajo consumo de energ\u00eda, soporte de polo para montaje con postes espaciadores comerciales, asas ergon\u00f3micas para facilitar el transporte, rejilla de acero para una protecci\u00f3n \u00f3ptima de los altavoces, dimensiones: 704 x 549 x 554 mm, peso: 44.9 kg.\" \/>\n<meta name=\"robots\" content=\"index, follow, max-snippet:-1, max-image-preview:large, max-video-preview:-1\" \/>\n<link rel=\"canonical\" href=\"https:\/\/www.mexicanguitarplayers.com\/en\/tienda\/sin%20categor\u00eda\/bafle-behringer-c-poder-b1800xp\/\" \/>\n<meta property=\"og:locale\" content=\"en_US\" \/>\n<meta property=\"og:type\" content=\"article\" \/>\n<meta property=\"og:title\" content=\"BAFLE BEHRINGER C\/PODER B1800XP - Mexican Guitar Players\" \/>\n<meta property=\"og:description\" content=\"Subwoofer activo de alto rendimiento de 3,000 watts con altavoz Turbosound de 18\u201d pulgadas y crossover activo est\u00e9reo incorporado que proporciona salidas filtradas de paso alto para altavoces de gama completa, para aplicaciones de PA, nivel de presi\u00f3n sonora extremadamente alto y graves incre\u00edblemente precisos, reproducci\u00f3n precisa de frecuencias ultra bajas para punch e impactos \u201da prueba de balas\u201d, amplificador Clase D de \u00faltima generaci\u00f3n con protecci\u00f3n de sobre-excursi\u00f3n, t\u00e9rmica, RMS y limitador de clip, Bass Boost regulable y conmutable m\u00e1s interruptor de fase para un mejor rendimiento de baja frecuencia, control Variable HighCut para una alineaci\u00f3n perfecta del sonido, control de nivel de subwoofer para ajustar el balance entre el subwoofer y los altavoces de gama completa, LEDs de clip, se\u00f1al y alimentaci\u00f3n para un monitoreo perfecto, limitador inteligente para un m\u00e1ximo rendimiento de sonido y protecci\u00f3n para woofer, fuente de alimentaci\u00f3n conmutada interna para audio sin ruido, respuesta transitoria superior y muy bajo consumo de energ\u00eda, soporte de polo para montaje con postes espaciadores comerciales, asas ergon\u00f3micas para facilitar el transporte, rejilla de acero para una protecci\u00f3n \u00f3ptima de los altavoces, dimensiones: 704 x 549 x 554 mm, peso: 44.9 kg.\" \/>\n<meta property=\"og:url\" content=\"https:\/\/www.mexicanguitarplayers.com\/en\/tienda\/sin categor\u00eda\/bafle-behringer-c-poder-b1800xp\/\" \/>\n<meta property=\"og:site_name\" content=\"Mexican Guitar Players\" \/>\n<meta property=\"article:modified_time\" content=\"2026-05-01T13:18:15+00:00\" \/>\n<meta name=\"twitter:card\" content=\"summary_large_image\" \/>\n<meta name=\"twitter:label1\" content=\"Est. reading time\" \/>\n\t<meta name=\"twitter:data1\" content=\"3 minutes\" \/>\n<script type=\"application\/ld+json\" class=\"yoast-schema-graph\">{\"@context\":\"https:\\\/\\\/schema.org\",\"@graph\":[{\"@type\":[\"WebPage\",\"ItemPage\"],\"@id\":\"https:\\\/\\\/www.mexicanguitarplayers.com\\\/tienda\\\/sin categor\u00eda\\\/bafle-behringer-c-poder-b1800xp\\\/\",\"url\":\"https:\\\/\\\/www.mexicanguitarplayers.com\\\/tienda\\\/sin categor\u00eda\\\/bafle-behringer-c-poder-b1800xp\\\/\",\"name\":\"BAFLE BEHRINGER C\\\/PODER B1800XP - Mexican Guitar Players\",\"isPartOf\":{\"@id\":\"https:\\\/\\\/www.mexicanguitarplayers.com\\\/#website\"},\"primaryImageOfPage\":{\"@id\":\"https:\\\/\\\/www.mexicanguitarplayers.com\\\/tienda\\\/sin categor\u00eda\\\/bafle-behringer-c-poder-b1800xp\\\/#primaryimage\"},\"image\":{\"@id\":\"https:\\\/\\\/www.mexicanguitarplayers.com\\\/tienda\\\/sin categor\u00eda\\\/bafle-behringer-c-poder-b1800xp\\\/#primaryimage\"},\"thumbnailUrl\":\"https:\\\/\\\/www.mexicanguitarplayers.com\\\/wp-content\\\/uploads\\\/2025\\\/04\\\/IABEHB1800XP.jpg\",\"datePublished\":\"2025-04-09T12:31:15+00:00\",\"dateModified\":\"2026-05-01T13:18:15+00:00\",\"description\":\"Subwoofer activo de alto rendimiento de 3,000 watts con altavoz Turbosound de 18\u201d pulgadas y crossover activo est\u00e9reo incorporado que proporciona salidas filtradas de paso alto para altavoces de gama completa, para aplicaciones de PA, nivel de presi\u00f3n sonora extremadamente alto y graves incre\u00edblemente precisos, reproducci\u00f3n precisa de frecuencias ultra bajas para punch e impactos \u201da prueba de balas\u201d, amplificador Clase D de \u00faltima generaci\u00f3n con protecci\u00f3n de sobre-excursi\u00f3n, t\u00e9rmica, RMS y limitador de clip, Bass Boost regulable y conmutable m\u00e1s interruptor de fase para un mejor rendimiento de baja frecuencia, control Variable HighCut para una alineaci\u00f3n perfecta del sonido, control de nivel de subwoofer para ajustar el balance entre el subwoofer y los altavoces de gama completa, LEDs de clip, se\u00f1al y alimentaci\u00f3n para un monitoreo perfecto, limitador inteligente para un m\u00e1ximo rendimiento de sonido y protecci\u00f3n para woofer, fuente de alimentaci\u00f3n conmutada interna para audio sin ruido, respuesta transitoria superior y muy bajo consumo de energ\u00eda, soporte de polo para montaje con postes espaciadores comerciales, asas ergon\u00f3micas para facilitar el transporte, rejilla de acero para una protecci\u00f3n \u00f3ptima de los altavoces, dimensiones: 704 x 549 x 554 mm, peso: 44.9 kg.\",\"breadcrumb\":{\"@id\":\"https:\\\/\\\/www.mexicanguitarplayers.com\\\/tienda\\\/sin categor\u00eda\\\/bafle-behringer-c-poder-b1800xp\\\/#breadcrumb\"},\"inLanguage\":\"en-US\",\"potentialAction\":[{\"@type\":\"ReadAction\",\"target\":[\"https:\\\/\\\/www.mexicanguitarplayers.com\\\/tienda\\\/sin categor\u00eda\\\/bafle-behringer-c-poder-b1800xp\\\/\"]}]},{\"@type\":\"ImageObject\",\"inLanguage\":\"en-US\",\"@id\":\"https:\\\/\\\/www.mexicanguitarplayers.com\\\/tienda\\\/sin categor\u00eda\\\/bafle-behringer-c-poder-b1800xp\\\/#primaryimage\",\"url\":\"https:\\\/\\\/www.mexicanguitarplayers.com\\\/wp-content\\\/uploads\\\/2025\\\/04\\\/IABEHB1800XP.jpg\",\"contentUrl\":\"https:\\\/\\\/www.mexicanguitarplayers.com\\\/wp-content\\\/uploads\\\/2025\\\/04\\\/IABEHB1800XP.jpg\",\"width\":1200,\"height\":1200},{\"@type\":\"BreadcrumbList\",\"@id\":\"https:\\\/\\\/www.mexicanguitarplayers.com\\\/tienda\\\/sin categor\u00eda\\\/bafle-behringer-c-poder-b1800xp\\\/#breadcrumb\",\"itemListElement\":[{\"@type\":\"ListItem\",\"position\":1,\"name\":\"Portada\",\"item\":\"https:\\\/\\\/www.mexicanguitarplayers.com\\\/\"},{\"@type\":\"ListItem\",\"position\":2,\"name\":\"Tienda\",\"item\":\"https:\\\/\\\/www.mexicanguitarplayers.com\\\/tienda\\\/\"},{\"@type\":\"ListItem\",\"position\":3,\"name\":\"BAFLE BEHRINGER C\\\/PODER B1800XP\"}]},{\"@type\":\"WebSite\",\"@id\":\"https:\\\/\\\/www.mexicanguitarplayers.com\\\/#website\",\"url\":\"https:\\\/\\\/www.mexicanguitarplayers.com\\\/\",\"name\":\"Mexican Guitar Players\",\"description\":\"Website\",\"publisher\":{\"@id\":\"https:\\\/\\\/www.mexicanguitarplayers.com\\\/#organization\"},\"potentialAction\":[{\"@type\":\"SearchAction\",\"target\":{\"@type\":\"EntryPoint\",\"urlTemplate\":\"https:\\\/\\\/www.mexicanguitarplayers.com\\\/?s={search_term_string}\"},\"query-input\":{\"@type\":\"PropertyValueSpecification\",\"valueRequired\":true,\"valueName\":\"search_term_string\"}}],\"inLanguage\":\"en-US\"},{\"@type\":\"Organization\",\"@id\":\"https:\\\/\\\/www.mexicanguitarplayers.com\\\/#organization\",\"name\":\"Mexican Guitar Players\",\"url\":\"https:\\\/\\\/www.mexicanguitarplayers.com\\\/\",\"logo\":{\"@type\":\"ImageObject\",\"inLanguage\":\"en-US\",\"@id\":\"https:\\\/\\\/www.mexicanguitarplayers.com\\\/#\\\/schema\\\/logo\\\/image\\\/\",\"url\":\"\",\"contentUrl\":\"\",\"caption\":\"Mexican Guitar Players\"},\"image\":{\"@id\":\"https:\\\/\\\/www.mexicanguitarplayers.com\\\/#\\\/schema\\\/logo\\\/image\\\/\"}}]}<\/script>\n<!-- \/ Yoast SEO plugin. -->","yoast_head_json":{"title":"BAFLE BEHRINGER C\/PODER B1800XP - Mexican Guitar Players","description":"Subwoofer activo de alto rendimiento de 3,000 watts con altavoz Turbosound de 18\u201d pulgadas y crossover activo est\u00e9reo incorporado que proporciona salidas filtradas de paso alto para altavoces de gama completa, para aplicaciones de PA, nivel de presi\u00f3n sonora extremadamente alto y graves incre\u00edblemente precisos, reproducci\u00f3n precisa de frecuencias ultra bajas para punch e impactos \u201da prueba de balas\u201d, amplificador Clase D de \u00faltima generaci\u00f3n con protecci\u00f3n de sobre-excursi\u00f3n, t\u00e9rmica, RMS y limitador de clip, Bass Boost regulable y conmutable m\u00e1s interruptor de fase para un mejor rendimiento de baja frecuencia, control Variable HighCut para una alineaci\u00f3n perfecta del sonido, control de nivel de subwoofer para ajustar el balance entre el subwoofer y los altavoces de gama completa, LEDs de clip, se\u00f1al y alimentaci\u00f3n para un monitoreo perfecto, limitador inteligente para un m\u00e1ximo rendimiento de sonido y protecci\u00f3n para woofer, fuente de alimentaci\u00f3n conmutada interna para audio sin ruido, respuesta transitoria superior y muy bajo consumo de energ\u00eda, soporte de polo para montaje con postes espaciadores comerciales, asas ergon\u00f3micas para facilitar el transporte, rejilla de acero para una protecci\u00f3n \u00f3ptima de los altavoces, dimensiones: 704 x 549 x 554 mm, peso: 44.9 kg.","robots":{"index":"index","follow":"follow","max-snippet":"max-snippet:-1","max-image-preview":"max-image-preview:large","max-video-preview":"max-video-preview:-1"},"canonical":"https:\/\/www.mexicanguitarplayers.com\/en\/tienda\/sin categor\u00eda\/bafle-behringer-c-poder-b1800xp\/","og_locale":"en_US","og_type":"article","og_title":"BAFLE BEHRINGER C\/PODER B1800XP - Mexican Guitar Players","og_description":"Subwoofer activo de alto rendimiento de 3,000 watts con altavoz Turbosound de 18\u201d pulgadas y crossover activo est\u00e9reo incorporado que proporciona salidas filtradas de paso alto para altavoces de gama completa, para aplicaciones de PA, nivel de presi\u00f3n sonora extremadamente alto y graves incre\u00edblemente precisos, reproducci\u00f3n precisa de frecuencias ultra bajas para punch e impactos \u201da prueba de balas\u201d, amplificador Clase D de \u00faltima generaci\u00f3n con protecci\u00f3n de sobre-excursi\u00f3n, t\u00e9rmica, RMS y limitador de clip, Bass Boost regulable y conmutable m\u00e1s interruptor de fase para un mejor rendimiento de baja frecuencia, control Variable HighCut para una alineaci\u00f3n perfecta del sonido, control de nivel de subwoofer para ajustar el balance entre el subwoofer y los altavoces de gama completa, LEDs de clip, se\u00f1al y alimentaci\u00f3n para un monitoreo perfecto, limitador inteligente para un m\u00e1ximo rendimiento de sonido y protecci\u00f3n para woofer, fuente de alimentaci\u00f3n conmutada interna para audio sin ruido, respuesta transitoria superior y muy bajo consumo de energ\u00eda, soporte de polo para montaje con postes espaciadores comerciales, asas ergon\u00f3micas para facilitar el transporte, rejilla de acero para una protecci\u00f3n \u00f3ptima de los altavoces, dimensiones: 704 x 549 x 554 mm, peso: 44.9 kg.","og_url":"https:\/\/www.mexicanguitarplayers.com\/en\/tienda\/sin categor\u00eda\/bafle-behringer-c-poder-b1800xp\/","og_site_name":"Mexican Guitar Players","article_modified_time":"2026-05-01T13:18:15+00:00","twitter_card":"summary_large_image","twitter_misc":{"Est. reading time":"3 minutes"},"schema":{"@context":"https:\/\/schema.org","@graph":[{"@type":["WebPage","ItemPage"],"@id":"https:\/\/www.mexicanguitarplayers.com\/tienda\/sin categor\u00eda\/bafle-behringer-c-poder-b1800xp\/","url":"https:\/\/www.mexicanguitarplayers.com\/tienda\/sin categor\u00eda\/bafle-behringer-c-poder-b1800xp\/","name":"BAFLE BEHRINGER C\/PODER B1800XP - Mexican Guitar Players","isPartOf":{"@id":"https:\/\/www.mexicanguitarplayers.com\/#website"},"primaryImageOfPage":{"@id":"https:\/\/www.mexicanguitarplayers.com\/tienda\/sin categor\u00eda\/bafle-behringer-c-poder-b1800xp\/#primaryimage"},"image":{"@id":"https:\/\/www.mexicanguitarplayers.com\/tienda\/sin categor\u00eda\/bafle-behringer-c-poder-b1800xp\/#primaryimage"},"thumbnailUrl":"https:\/\/www.mexicanguitarplayers.com\/wp-content\/uploads\/2025\/04\/IABEHB1800XP.jpg","datePublished":"2025-04-09T12:31:15+00:00","dateModified":"2026-05-01T13:18:15+00:00","description":"Subwoofer activo de alto rendimiento de 3,000 watts con altavoz Turbosound de 18\u201d pulgadas y crossover activo est\u00e9reo incorporado que proporciona salidas filtradas de paso alto para altavoces de gama completa, para aplicaciones de PA, nivel de presi\u00f3n sonora extremadamente alto y graves incre\u00edblemente precisos, reproducci\u00f3n precisa de frecuencias ultra bajas para punch e impactos \u201da prueba de balas\u201d, amplificador Clase D de \u00faltima generaci\u00f3n con protecci\u00f3n de sobre-excursi\u00f3n, t\u00e9rmica, RMS y limitador de clip, Bass Boost regulable y conmutable m\u00e1s interruptor de fase para un mejor rendimiento de baja frecuencia, control Variable HighCut para una alineaci\u00f3n perfecta del sonido, control de nivel de subwoofer para ajustar el balance entre el subwoofer y los altavoces de gama completa, LEDs de clip, se\u00f1al y alimentaci\u00f3n para un monitoreo perfecto, limitador inteligente para un m\u00e1ximo rendimiento de sonido y protecci\u00f3n para woofer, fuente de alimentaci\u00f3n conmutada interna para audio sin ruido, respuesta transitoria superior y muy bajo consumo de energ\u00eda, soporte de polo para montaje con postes espaciadores comerciales, asas ergon\u00f3micas para facilitar el transporte, rejilla de acero para una protecci\u00f3n \u00f3ptima de los altavoces, dimensiones: 704 x 549 x 554 mm, peso: 44.9 kg.","breadcrumb":{"@id":"https:\/\/www.mexicanguitarplayers.com\/tienda\/sin categor\u00eda\/bafle-behringer-c-poder-b1800xp\/#breadcrumb"},"inLanguage":"en-US","potentialAction":[{"@type":"ReadAction","target":["https:\/\/www.mexicanguitarplayers.com\/tienda\/sin categor\u00eda\/bafle-behringer-c-poder-b1800xp\/"]}]},{"@type":"ImageObject","inLanguage":"en-US","@id":"https:\/\/www.mexicanguitarplayers.com\/tienda\/sin categor\u00eda\/bafle-behringer-c-poder-b1800xp\/#primaryimage","url":"https:\/\/www.mexicanguitarplayers.com\/wp-content\/uploads\/2025\/04\/IABEHB1800XP.jpg","contentUrl":"https:\/\/www.mexicanguitarplayers.com\/wp-content\/uploads\/2025\/04\/IABEHB1800XP.jpg","width":1200,"height":1200},{"@type":"BreadcrumbList","@id":"https:\/\/www.mexicanguitarplayers.com\/tienda\/sin categor\u00eda\/bafle-behringer-c-poder-b1800xp\/#breadcrumb","itemListElement":[{"@type":"ListItem","position":1,"name":"Portada","item":"https:\/\/www.mexicanguitarplayers.com\/"},{"@type":"ListItem","position":2,"name":"Tienda","item":"https:\/\/www.mexicanguitarplayers.com\/tienda\/"},{"@type":"ListItem","position":3,"name":"BAFLE BEHRINGER C\/PODER B1800XP"}]},{"@type":"WebSite","@id":"https:\/\/www.mexicanguitarplayers.com\/#website","url":"https:\/\/www.mexicanguitarplayers.com\/","name":"Mexican Guitar Players","description":"Website","publisher":{"@id":"https:\/\/www.mexicanguitarplayers.com\/#organization"},"potentialAction":[{"@type":"SearchAction","target":{"@type":"EntryPoint","urlTemplate":"https:\/\/www.mexicanguitarplayers.com\/?s={search_term_string}"},"query-input":{"@type":"PropertyValueSpecification","valueRequired":true,"valueName":"search_term_string"}}],"inLanguage":"en-US"},{"@type":"Organization","@id":"https:\/\/www.mexicanguitarplayers.com\/#organization","name":"Mexican Guitar Players","url":"https:\/\/www.mexicanguitarplayers.com\/","logo":{"@type":"ImageObject","inLanguage":"en-US","@id":"https:\/\/www.mexicanguitarplayers.com\/#\/schema\/logo\/image\/","url":"","contentUrl":"","caption":"Mexican Guitar Players"},"image":{"@id":"https:\/\/www.mexicanguitarplayers.com\/#\/schema\/logo\/image\/"}}]}},"brands":[{"id":171,"name":"BEHRINGER","slug":"behringer"}],"_links":{"self":[{"href":"https:\/\/www.mexicanguitarplayers.com\/en\/wp-json\/wp\/v2\/product\/39217","targetHints":{"allow":["GET"]}}],"collection":[{"href":"https:\/\/www.mexicanguitarplayers.com\/en\/wp-json\/wp\/v2\/product"}],"about":[{"href":"https:\/\/www.mexicanguitarplayers.com\/en\/wp-json\/wp\/v2\/types\/product"}],"replies":[{"embeddable":true,"href":"https:\/\/www.mexicanguitarplayers.com\/en\/wp-json\/wp\/v2\/comments?post=39217"}],"wp:featuredmedia":[{"embeddable":true,"href":"https:\/\/www.mexicanguitarplayers.com\/en\/wp-json\/wp\/v2\/media\/39213"}],"wp:attachment":[{"href":"https:\/\/www.mexicanguitarplayers.com\/en\/wp-json\/wp\/v2\/media?parent=39217"}],"wp:term":[{"taxonomy":"pwb-brand","embeddable":true,"href":"https:\/\/www.mexicanguitarplayers.com\/en\/wp-json\/wp\/v2\/pwb-brand?post=39217"},{"taxonomy":"product_brand","embeddable":true,"href":"https:\/\/www.mexicanguitarplayers.com\/en\/wp-json\/wp\/v2\/product_brand?post=39217"},{"taxonomy":"product_cat","embeddable":true,"href":"https:\/\/www.mexicanguitarplayers.com\/en\/wp-json\/wp\/v2\/product_cat?post=39217"},{"taxonomy":"product_tag","embeddable":true,"href":"https:\/\/www.mexicanguitarplayers.com\/en\/wp-json\/wp\/v2\/product_tag?post=39217"}],"curies":[{"name":"wp","href":"https:\/\/api.w.org\/{rel}","templated":true}]}}