{"id":39265,"date":"2025-04-09T06:32:43","date_gmt":"2025-04-09T12:32:43","guid":{"rendered":"https:\/\/www.mexicanguitarplayers.com\/tienda\/sin categor\u00eda\/combo-blackstar-p-bajo-fly-3-bass-neon\/"},"modified":"2026-04-10T04:21:40","modified_gmt":"2026-04-10T10:21:40","slug":"combo-blackstar-p-bajo-fly-3-bass-neon","status":"publish","type":"product","link":"https:\/\/www.mexicanguitarplayers.com\/en\/tienda\/cuerdas\/combos\/combos-para-bajo\/combo-blackstar-p-bajo-fly-3-bass-neon\/","title":{"rendered":"COMBO BLACKSTAR P\/BAJO FLY 3 BASS NEON"},"content":{"rendered":"<div style=\"text-align: justify\">\n<div>\n<h3>Ll\u00e9valo a donde quieras.<\/h3>\n<\/div>\n<div>FLY Bass 3 es mini amplificador compacto e innovador que te ofrece un gran tono. La combinaci\u00f3n de 2 canales seleccionables, un ecualizador mid-cut de variaci\u00f3n continua y un compresor para un gran control  sobre tus din\u00e1micas: Es el amplificador para llevar a cualquier lugar, perfecto para tu guitarra, bajo, tel\u00e9fono o tablet. El FLY Bass 3 tambi\u00e9n incluye una entrada para reproductor MP3 \/ LINE IN, lo que te permite conectar tu reproductor MP3, tel\u00e9fono m\u00f3vil, lap-top o tablet, para que puedas reproducir tus canciones favoritas, la salida emulada tambi\u00e9n se puede utilizar con aud\u00edfonos. Puedes combinar el FLY Bass 3 con el FLY 103 para crear un set de amplificador de bajo de 6 watts y crear un efecto est\u00e9reo al reproducir tu bajo o escuchar tu m\u00fasica favorita. Este par vinculado entre s\u00ed, crea uno de los mejores altavoces port\u00e1tiles, altavoces de PC, o bocinas de computadora para escuchar m\u00fasica a trav\u00e9s de \u00e9l.<\/div>\n<div>\n<h4>Quick look<\/h4>\n<\/div>\n<ul style=\"margin: 0px 0px 0px 25px\">\n<li style=\"list-style-type: circle;margin: 5px\">Tipo de sistema.<\/li>\n<li style=\"list-style-type: circle;margin: 5px\">Power.<\/li>\n<li style=\"list-style-type: circle;margin: 5px\">Tickets.<\/li>\n<li style=\"list-style-type: circle;margin: 5px\">Departures.<\/li>\n<li style=\"list-style-type: circle;margin: 5px\">Controls<\/li>\n<li style=\"list-style-type: circle;margin: 5px\">Speaker.<\/li>\n<li style=\"list-style-type: circle;margin: 5px\">Dimensions.<\/li>\n<li style=\"list-style-type: circle;margin: 5px\">Weight.<\/li>\n<\/ul>\n<div>\n<div style=\"font-weight: bold\">Tipo de sistema.<\/div>\n<div>\n<p>Combo an\u00e1logo para bajo y\/o reproductor MP3.<\/p>\n<\/div>\n<div style=\"font-weight: bold\">Power.<\/div>\n<div>\n<p>3 watts.<\/p>\n<\/div>\n<div style=\"font-weight: bold\">Tickets.<\/div>\n<div>\n<p>1 entrada para instrumento. 1 entrada para reproductor MP3.<\/p>\n<\/div>\n<div style=\"font-weight: bold\">Departures.<\/div>\n<div>\n<p>1 salida de aud\u00edfonos.<\/p>\n<\/div>\n<div style=\"font-weight: bold\">Controls<\/div>\n<div>\n<p>Ganancia, ecualizaci\u00f3n, compresi\u00f3n y volumen.<\/p>\n<\/div>\n<div style=\"font-weight: bold\">Speaker.<\/div>\n<div>\n<p>Un altavoz de 3&#8243; pulgadas.<\/p>\n<\/div>\n<div style=\"font-weight: bold\">Dimensions.<\/div>\n<div>\n<p>170 x 126 x 102 mm.<\/p>\n<\/div>\n<div style=\"font-weight: bold\">Weight.<\/div>\n<div>\n<p>0.9 kg.<\/p>\n<\/div>\n<\/div>\n<\/div>","protected":false},"excerpt":{"rendered":"<p>Combo an\u00e1logo para bajo y\/o reproductor MP3, potencia: 3 watts, 1 entrada para instrumento y 1 entrada para reproductor MP3, 1 salida de aud\u00edfonos, controles: ganancia, ecualizaci\u00f3n, compresi\u00f3n y volumen, altavoz de 3\u201d pulgadas, dimensiones: 170 x 126 x 102 mm, peso: 0.9 kg.&hellip; <a class=\"kt-excerpt-readmore more-link\" href=\"https:\/\/www.mexicanguitarplayers.com\/en\/tienda\/cuerdas\/combos\/combos-para-bajo\/combo-blackstar-p-bajo-fly-3-bass-neon\/\">Read more<\/a><\/p>","protected":false},"featured_media":39232,"comment_status":"open","ping_status":"closed","template":"","meta":{"kt_blocks_editor_width":""},"pwb-brand":[172],"product_brand":[],"product_cat":[236,255,224],"product_tag":[],"class_list":{"0":"post-39265","1":"product","2":"type-product","3":"status-publish","4":"has-post-thumbnail","6":"pwb-brand-blackstar","7":"product_cat-combos","8":"product_cat-combos-para-bajo","9":"product_cat-cuerdas","10":"product_shipping_class-0-5-kg","12":"first","13":"outofstock","14":"taxable","15":"shipping-taxable","16":"purchasable","17":"product-type-simple"},"yoast_head":"<!-- This site is optimized with the Yoast SEO plugin v27.6 - https:\/\/yoast.com\/product\/yoast-seo-wordpress\/ -->\n<title>COMBO BLACKSTAR P\/BAJO FLY 3 BASS NEON - Mexican Guitar Players<\/title>\n<meta name=\"description\" content=\"Combo an\u00e1logo para bajo y\/o reproductor MP3, potencia: 3 watts, 1 entrada para instrumento y 1 entrada para reproductor MP3, 1 salida de aud\u00edfonos, controles: ganancia, ecualizaci\u00f3n, compresi\u00f3n y volumen, altavoz de 3\u201d pulgadas, dimensiones: 170 x 126 x 102 mm, peso: 0.9 kg.\" \/>\n<meta name=\"robots\" content=\"index, follow, max-snippet:-1, max-image-preview:large, max-video-preview:-1\" \/>\n<link rel=\"canonical\" href=\"https:\/\/www.mexicanguitarplayers.com\/en\/tienda\/sin%20categor\u00eda\/combo-blackstar-p-bajo-fly-3-bass-neon\/\" \/>\n<meta property=\"og:locale\" content=\"en_US\" \/>\n<meta property=\"og:type\" content=\"article\" \/>\n<meta property=\"og:title\" content=\"COMBO BLACKSTAR P\/BAJO FLY 3 BASS NEON - Mexican Guitar Players\" \/>\n<meta property=\"og:description\" content=\"Combo an\u00e1logo para bajo y\/o reproductor MP3, potencia: 3 watts, 1 entrada para instrumento y 1 entrada para reproductor MP3, 1 salida de aud\u00edfonos, controles: ganancia, ecualizaci\u00f3n, compresi\u00f3n y volumen, altavoz de 3\u201d pulgadas, dimensiones: 170 x 126 x 102 mm, peso: 0.9 kg.\" \/>\n<meta property=\"og:url\" content=\"https:\/\/www.mexicanguitarplayers.com\/en\/tienda\/sin categor\u00eda\/combo-blackstar-p-bajo-fly-3-bass-neon\/\" \/>\n<meta property=\"og:site_name\" content=\"Mexican Guitar Players\" \/>\n<meta property=\"article:modified_time\" content=\"2026-04-10T10:21:40+00:00\" \/>\n<meta name=\"twitter:card\" content=\"summary_large_image\" \/>\n<meta name=\"twitter:label1\" content=\"Est. reading time\" \/>\n\t<meta name=\"twitter:data1\" content=\"1 minute\" \/>\n<script type=\"application\/ld+json\" class=\"yoast-schema-graph\">{\"@context\":\"https:\\\/\\\/schema.org\",\"@graph\":[{\"@type\":[\"WebPage\",\"ItemPage\"],\"@id\":\"https:\\\/\\\/www.mexicanguitarplayers.com\\\/tienda\\\/sin categor\u00eda\\\/combo-blackstar-p-bajo-fly-3-bass-neon\\\/\",\"url\":\"https:\\\/\\\/www.mexicanguitarplayers.com\\\/tienda\\\/sin categor\u00eda\\\/combo-blackstar-p-bajo-fly-3-bass-neon\\\/\",\"name\":\"COMBO BLACKSTAR P\\\/BAJO FLY 3 BASS NEON - Mexican Guitar Players\",\"isPartOf\":{\"@id\":\"https:\\\/\\\/www.mexicanguitarplayers.com\\\/#website\"},\"primaryImageOfPage\":{\"@id\":\"https:\\\/\\\/www.mexicanguitarplayers.com\\\/tienda\\\/sin categor\u00eda\\\/combo-blackstar-p-bajo-fly-3-bass-neon\\\/#primaryimage\"},\"image\":{\"@id\":\"https:\\\/\\\/www.mexicanguitarplayers.com\\\/tienda\\\/sin categor\u00eda\\\/combo-blackstar-p-bajo-fly-3-bass-neon\\\/#primaryimage\"},\"thumbnailUrl\":\"https:\\\/\\\/www.mexicanguitarplayers.com\\\/wp-content\\\/uploads\\\/2025\\\/04\\\/ICBLSFLY3BNEON.jpg\",\"datePublished\":\"2025-04-09T12:32:43+00:00\",\"dateModified\":\"2026-04-10T10:21:40+00:00\",\"description\":\"Combo an\u00e1logo para bajo y\\\/o reproductor MP3, potencia: 3 watts, 1 entrada para instrumento y 1 entrada para reproductor MP3, 1 salida de aud\u00edfonos, controles: ganancia, ecualizaci\u00f3n, compresi\u00f3n y volumen, altavoz de 3\u201d pulgadas, dimensiones: 170 x 126 x 102 mm, peso: 0.9 kg.\",\"breadcrumb\":{\"@id\":\"https:\\\/\\\/www.mexicanguitarplayers.com\\\/tienda\\\/sin categor\u00eda\\\/combo-blackstar-p-bajo-fly-3-bass-neon\\\/#breadcrumb\"},\"inLanguage\":\"en-US\",\"potentialAction\":[{\"@type\":\"ReadAction\",\"target\":[\"https:\\\/\\\/www.mexicanguitarplayers.com\\\/tienda\\\/sin categor\u00eda\\\/combo-blackstar-p-bajo-fly-3-bass-neon\\\/\"]}]},{\"@type\":\"ImageObject\",\"inLanguage\":\"en-US\",\"@id\":\"https:\\\/\\\/www.mexicanguitarplayers.com\\\/tienda\\\/sin categor\u00eda\\\/combo-blackstar-p-bajo-fly-3-bass-neon\\\/#primaryimage\",\"url\":\"https:\\\/\\\/www.mexicanguitarplayers.com\\\/wp-content\\\/uploads\\\/2025\\\/04\\\/ICBLSFLY3BNEON.jpg\",\"contentUrl\":\"https:\\\/\\\/www.mexicanguitarplayers.com\\\/wp-content\\\/uploads\\\/2025\\\/04\\\/ICBLSFLY3BNEON.jpg\",\"width\":1200,\"height\":1200},{\"@type\":\"BreadcrumbList\",\"@id\":\"https:\\\/\\\/www.mexicanguitarplayers.com\\\/tienda\\\/sin categor\u00eda\\\/combo-blackstar-p-bajo-fly-3-bass-neon\\\/#breadcrumb\",\"itemListElement\":[{\"@type\":\"ListItem\",\"position\":1,\"name\":\"Portada\",\"item\":\"https:\\\/\\\/www.mexicanguitarplayers.com\\\/\"},{\"@type\":\"ListItem\",\"position\":2,\"name\":\"Tienda\",\"item\":\"https:\\\/\\\/www.mexicanguitarplayers.com\\\/tienda\\\/\"},{\"@type\":\"ListItem\",\"position\":3,\"name\":\"COMBO BLACKSTAR P\\\/BAJO FLY 3 BASS NEON\"}]},{\"@type\":\"WebSite\",\"@id\":\"https:\\\/\\\/www.mexicanguitarplayers.com\\\/#website\",\"url\":\"https:\\\/\\\/www.mexicanguitarplayers.com\\\/\",\"name\":\"Mexican Guitar Players\",\"description\":\"Website\",\"publisher\":{\"@id\":\"https:\\\/\\\/www.mexicanguitarplayers.com\\\/#organization\"},\"potentialAction\":[{\"@type\":\"SearchAction\",\"target\":{\"@type\":\"EntryPoint\",\"urlTemplate\":\"https:\\\/\\\/www.mexicanguitarplayers.com\\\/?s={search_term_string}\"},\"query-input\":{\"@type\":\"PropertyValueSpecification\",\"valueRequired\":true,\"valueName\":\"search_term_string\"}}],\"inLanguage\":\"en-US\"},{\"@type\":\"Organization\",\"@id\":\"https:\\\/\\\/www.mexicanguitarplayers.com\\\/#organization\",\"name\":\"Mexican Guitar Players\",\"url\":\"https:\\\/\\\/www.mexicanguitarplayers.com\\\/\",\"logo\":{\"@type\":\"ImageObject\",\"inLanguage\":\"en-US\",\"@id\":\"https:\\\/\\\/www.mexicanguitarplayers.com\\\/#\\\/schema\\\/logo\\\/image\\\/\",\"url\":\"\",\"contentUrl\":\"\",\"caption\":\"Mexican Guitar Players\"},\"image\":{\"@id\":\"https:\\\/\\\/www.mexicanguitarplayers.com\\\/#\\\/schema\\\/logo\\\/image\\\/\"}}]}<\/script>\n<!-- \/ Yoast SEO plugin. -->","yoast_head_json":{"title":"COMBO BLACKSTAR P\/BAJO FLY 3 BASS NEON - Mexican Guitar Players","description":"Combo an\u00e1logo para bajo y\/o reproductor MP3, potencia: 3 watts, 1 entrada para instrumento y 1 entrada para reproductor MP3, 1 salida de aud\u00edfonos, controles: ganancia, ecualizaci\u00f3n, compresi\u00f3n y volumen, altavoz de 3\u201d pulgadas, dimensiones: 170 x 126 x 102 mm, peso: 0.9 kg.","robots":{"index":"index","follow":"follow","max-snippet":"max-snippet:-1","max-image-preview":"max-image-preview:large","max-video-preview":"max-video-preview:-1"},"canonical":"https:\/\/www.mexicanguitarplayers.com\/en\/tienda\/sin categor\u00eda\/combo-blackstar-p-bajo-fly-3-bass-neon\/","og_locale":"en_US","og_type":"article","og_title":"COMBO BLACKSTAR P\/BAJO FLY 3 BASS NEON - Mexican Guitar Players","og_description":"Combo an\u00e1logo para bajo y\/o reproductor MP3, potencia: 3 watts, 1 entrada para instrumento y 1 entrada para reproductor MP3, 1 salida de aud\u00edfonos, controles: ganancia, ecualizaci\u00f3n, compresi\u00f3n y volumen, altavoz de 3\u201d pulgadas, dimensiones: 170 x 126 x 102 mm, peso: 0.9 kg.","og_url":"https:\/\/www.mexicanguitarplayers.com\/en\/tienda\/sin categor\u00eda\/combo-blackstar-p-bajo-fly-3-bass-neon\/","og_site_name":"Mexican Guitar Players","article_modified_time":"2026-04-10T10:21:40+00:00","twitter_card":"summary_large_image","twitter_misc":{"Est. reading time":"1 minute"},"schema":{"@context":"https:\/\/schema.org","@graph":[{"@type":["WebPage","ItemPage"],"@id":"https:\/\/www.mexicanguitarplayers.com\/tienda\/sin categor\u00eda\/combo-blackstar-p-bajo-fly-3-bass-neon\/","url":"https:\/\/www.mexicanguitarplayers.com\/tienda\/sin categor\u00eda\/combo-blackstar-p-bajo-fly-3-bass-neon\/","name":"COMBO BLACKSTAR P\/BAJO FLY 3 BASS NEON - Mexican Guitar Players","isPartOf":{"@id":"https:\/\/www.mexicanguitarplayers.com\/#website"},"primaryImageOfPage":{"@id":"https:\/\/www.mexicanguitarplayers.com\/tienda\/sin categor\u00eda\/combo-blackstar-p-bajo-fly-3-bass-neon\/#primaryimage"},"image":{"@id":"https:\/\/www.mexicanguitarplayers.com\/tienda\/sin categor\u00eda\/combo-blackstar-p-bajo-fly-3-bass-neon\/#primaryimage"},"thumbnailUrl":"https:\/\/www.mexicanguitarplayers.com\/wp-content\/uploads\/2025\/04\/ICBLSFLY3BNEON.jpg","datePublished":"2025-04-09T12:32:43+00:00","dateModified":"2026-04-10T10:21:40+00:00","description":"Combo an\u00e1logo para bajo y\/o reproductor MP3, potencia: 3 watts, 1 entrada para instrumento y 1 entrada para reproductor MP3, 1 salida de aud\u00edfonos, controles: ganancia, ecualizaci\u00f3n, compresi\u00f3n y volumen, altavoz de 3\u201d pulgadas, dimensiones: 170 x 126 x 102 mm, peso: 0.9 kg.","breadcrumb":{"@id":"https:\/\/www.mexicanguitarplayers.com\/tienda\/sin categor\u00eda\/combo-blackstar-p-bajo-fly-3-bass-neon\/#breadcrumb"},"inLanguage":"en-US","potentialAction":[{"@type":"ReadAction","target":["https:\/\/www.mexicanguitarplayers.com\/tienda\/sin categor\u00eda\/combo-blackstar-p-bajo-fly-3-bass-neon\/"]}]},{"@type":"ImageObject","inLanguage":"en-US","@id":"https:\/\/www.mexicanguitarplayers.com\/tienda\/sin categor\u00eda\/combo-blackstar-p-bajo-fly-3-bass-neon\/#primaryimage","url":"https:\/\/www.mexicanguitarplayers.com\/wp-content\/uploads\/2025\/04\/ICBLSFLY3BNEON.jpg","contentUrl":"https:\/\/www.mexicanguitarplayers.com\/wp-content\/uploads\/2025\/04\/ICBLSFLY3BNEON.jpg","width":1200,"height":1200},{"@type":"BreadcrumbList","@id":"https:\/\/www.mexicanguitarplayers.com\/tienda\/sin categor\u00eda\/combo-blackstar-p-bajo-fly-3-bass-neon\/#breadcrumb","itemListElement":[{"@type":"ListItem","position":1,"name":"Portada","item":"https:\/\/www.mexicanguitarplayers.com\/"},{"@type":"ListItem","position":2,"name":"Tienda","item":"https:\/\/www.mexicanguitarplayers.com\/tienda\/"},{"@type":"ListItem","position":3,"name":"COMBO BLACKSTAR P\/BAJO FLY 3 BASS NEON"}]},{"@type":"WebSite","@id":"https:\/\/www.mexicanguitarplayers.com\/#website","url":"https:\/\/www.mexicanguitarplayers.com\/","name":"Mexican Guitar Players","description":"Website","publisher":{"@id":"https:\/\/www.mexicanguitarplayers.com\/#organization"},"potentialAction":[{"@type":"SearchAction","target":{"@type":"EntryPoint","urlTemplate":"https:\/\/www.mexicanguitarplayers.com\/?s={search_term_string}"},"query-input":{"@type":"PropertyValueSpecification","valueRequired":true,"valueName":"search_term_string"}}],"inLanguage":"en-US"},{"@type":"Organization","@id":"https:\/\/www.mexicanguitarplayers.com\/#organization","name":"Mexican Guitar Players","url":"https:\/\/www.mexicanguitarplayers.com\/","logo":{"@type":"ImageObject","inLanguage":"en-US","@id":"https:\/\/www.mexicanguitarplayers.com\/#\/schema\/logo\/image\/","url":"","contentUrl":"","caption":"Mexican Guitar Players"},"image":{"@id":"https:\/\/www.mexicanguitarplayers.com\/#\/schema\/logo\/image\/"}}]}},"brands":[{"id":172,"name":"BLACKSTAR","slug":"blackstar"}],"_links":{"self":[{"href":"https:\/\/www.mexicanguitarplayers.com\/en\/wp-json\/wp\/v2\/product\/39265","targetHints":{"allow":["GET"]}}],"collection":[{"href":"https:\/\/www.mexicanguitarplayers.com\/en\/wp-json\/wp\/v2\/product"}],"about":[{"href":"https:\/\/www.mexicanguitarplayers.com\/en\/wp-json\/wp\/v2\/types\/product"}],"replies":[{"embeddable":true,"href":"https:\/\/www.mexicanguitarplayers.com\/en\/wp-json\/wp\/v2\/comments?post=39265"}],"wp:featuredmedia":[{"embeddable":true,"href":"https:\/\/www.mexicanguitarplayers.com\/en\/wp-json\/wp\/v2\/media\/39232"}],"wp:attachment":[{"href":"https:\/\/www.mexicanguitarplayers.com\/en\/wp-json\/wp\/v2\/media?parent=39265"}],"wp:term":[{"taxonomy":"pwb-brand","embeddable":true,"href":"https:\/\/www.mexicanguitarplayers.com\/en\/wp-json\/wp\/v2\/pwb-brand?post=39265"},{"taxonomy":"product_brand","embeddable":true,"href":"https:\/\/www.mexicanguitarplayers.com\/en\/wp-json\/wp\/v2\/product_brand?post=39265"},{"taxonomy":"product_cat","embeddable":true,"href":"https:\/\/www.mexicanguitarplayers.com\/en\/wp-json\/wp\/v2\/product_cat?post=39265"},{"taxonomy":"product_tag","embeddable":true,"href":"https:\/\/www.mexicanguitarplayers.com\/en\/wp-json\/wp\/v2\/product_tag?post=39265"}],"curies":[{"name":"wp","href":"https:\/\/api.w.org\/{rel}","templated":true}]}}