{"id":39272,"date":"2025-04-09T06:32:51","date_gmt":"2025-04-09T12:32:51","guid":{"rendered":"https:\/\/www.mexicanguitarplayers.com\/tienda\/sin categor\u00eda\/bocina-eighteen-sound-21-21nlw9601-8\/"},"modified":"2026-04-15T10:15:09","modified_gmt":"2026-04-15T16:15:09","slug":"bocina-eighteen-sound-21-21nlw9601-8","status":"publish","type":"product","link":"https:\/\/www.mexicanguitarplayers.com\/en\/tienda\/audio\/bafles-y-bocinas\/bocinas-y-componentes\/graves\/bocina-eighteen-sound-21-21nlw9601-8\/","title":{"rendered":"BOCINA EIGHTEEN SOUND 21  21NLW9601\/8"},"content":{"rendered":"<div style=\"text-align: justify\">\n<div>\n<h3>El perfecto control de tu sonido.<\/h3>\n<\/div>\n<div>EL 21NL9601 es un transductor de neodimio de alto rendimiento de 21&#8243; pulgadas. Es la evoluci\u00f3n del altavoz 21NL9600. El transductor es adecuado para dise\u00f1os de subwoofer de alta carga, horn loaded de ultra baja frecuencia y bandpass. Para obtener resultados \u00f3ptimos, el amplificador recomendado debe poder entregar 3600W de potencia programa sin saturaci\u00f3n. En el coraz\u00f3n de los transductores, se encuentra el triple Silicon Spider (TSS) mejorado que permite que el 21NL9601 pueda controlar la masa en movimiento con una linealidad excepcional, mostrando una estabilidad excepcional de los valores de los par\u00e1metros mec\u00e1nicos a largo plazo. Las caracter\u00edsticas de dise\u00f1o del transductor incluyen un sistema de suspensi\u00f3n de alto desplazamiento de alto rendimiento para un mejor control del cono, incluso en un nivel muy alto de emparejamiento SPL. La bobina m\u00f3vil de cobre de 5.3&#8243; pulgadas de di\u00e1metro de vanguardia muestra un devanado dividido interior-exterior, dise\u00f1o de cuatro capas, que permite al 21NL9601 manejar hasta 3600W de potencia programa. El factor BL as\u00ed como todos los par\u00e1metros electro-din\u00e1micos son lineales dentro del rango de trabajo. Esto, junto con el comportamiento de alta excursi\u00f3n (70 mm antes del da\u00f1o, xmax lineal de \u00b114) hace que el 21NL9601 sea un transductor extremadamente din\u00e1mico de distorsi\u00f3n extremadamente baja. La baja distorsi\u00f3n y la calidad del sonido se mejoran a\u00fan m\u00e1s gracias a un s\u00f3lo anillo de demodulaci\u00f3n de aluminio (tecnolog\u00eda SDR) que aplana la impedancia y la fase con una transferencia de potencia constante. El 21NL9601 se desarroll\u00f3 despu\u00e9s de una inmensa simulaci\u00f3n y prueba de FEA y din\u00e1mica de fluidos, centr\u00e1ndose en disipar el calor generado por la poderosa bobina de 5.3&#8243; pulgadas. Se prest\u00f3 especial atenci\u00f3n a la optimizaci\u00f3n del flujo de aire en el espacio sin introducir ruido audible. Un difractor especial de aire de baja densidad colocado en la placa posterior, act\u00faa como un sistema de enfriamiento, lo que aumenta la capacidad de manejo de potencia y reduce la figura de compresi\u00f3n de potencia.  La reducci\u00f3n de peso fue un aspecto clave del desarrollo de este altavoz, que result\u00f3 en un  valor neto de 14 kg. El cono acanalado reforzado con fibra de carbono, muestra  un tratamiento de resina patentado para una mayor resistencia de la pulpa y propiedades repelentes al agua. Un recubrimiento especial aplicado tanto a las placas superiores como a las posteriores hace que el transductor sea mucho m\u00e1s resistente a los efectos corrosivos de las sales y la oxidaci\u00f3n.<\/div>\n<div>\n<h4>Quick look<\/h4>\n<\/div>\n<ul style=\"margin: 0px 0px 0px 25px\">\n<li style=\"list-style-type: circle;margin: 5px\">Di\u00e1metro nominal.<\/li>\n<li style=\"list-style-type: circle;margin: 5px\">Nominal impedance.<\/li>\n<li style=\"list-style-type: circle;margin: 5px\">Power.<\/li>\n<li style=\"list-style-type: circle;margin: 5px\">Sensitivity.<\/li>\n<li style=\"list-style-type: circle;margin: 5px\">Rango de frecuencia.<\/li>\n<li style=\"list-style-type: circle;margin: 5px\">Compresi\u00f3n.<\/li>\n<li style=\"list-style-type: circle;margin: 5px\">Frecuencia m\u00e1xima recomendada.<\/li>\n<li style=\"list-style-type: circle;margin: 5px\">Volumen recomendado del gabinete.<\/li>\n<li style=\"list-style-type: circle;margin: 5px\">Impedancia m\u00ednima.<\/li>\n<li style=\"list-style-type: circle;margin: 5px\">Excursi\u00f3n m\u00e1xima pico a pico.<\/li>\n<li style=\"list-style-type: circle;margin: 5px\">Di\u00e1metro de la bobina m\u00f3vil.<\/li>\n<li style=\"list-style-type: circle;margin: 5px\">Material de la bobina m\u00f3vil.<\/li>\n<li style=\"list-style-type: circle;margin: 5px\">Suspensi\u00f3n.<\/li>\n<li style=\"list-style-type: circle;margin: 5px\">Cono.<\/li>\n<li style=\"list-style-type: circle;margin: 5px\">FS (Frecuencia de resonancia).<\/li>\n<li style=\"list-style-type: circle;margin: 5px\">Resistencia DC.<\/li>\n<li style=\"list-style-type: circle;margin: 5px\">SD (Superficie efectiva).<\/li>\n<li style=\"list-style-type: circle;margin: 5px\">QMS (Factor de calidad mec\u00e1nica).<\/li>\n<li style=\"list-style-type: circle;margin: 5px\">QES (Factor de calidad el\u00e9ctrica).<\/li>\n<li style=\"list-style-type: circle;margin: 5px\">QTS (Factor de calidad total).<\/li>\n<li style=\"list-style-type: circle;margin: 5px\">VAS (Volumen de aire equivalente a CMS).<\/li>\n<li style=\"list-style-type: circle;margin: 5px\">MMS (Masa total del cono).<\/li>\n<li style=\"list-style-type: circle;margin: 5px\">Factor BL <\/li>\n<li style=\"list-style-type: circle;margin: 5px\">XMAX (Desplazamiento m\u00e1ximo).<\/li>\n<li style=\"list-style-type: circle;margin: 5px\">Inductancia de la bobina m\u00f3vil (Le @ 1kHz).<\/li>\n<li style=\"list-style-type: circle;margin: 5px\">Referencia de eficiencia 1W\/1m (espacio medio).<\/li>\n<li style=\"list-style-type: circle;margin: 5px\">Di\u00e1metro total.<\/li>\n<li style=\"list-style-type: circle;margin: 5px\">Numero de agujeros de montaje y tornillo.<\/li>\n<li style=\"list-style-type: circle;margin: 5px\">Di\u00e1metro de los agujeros de montaje.<\/li>\n<li style=\"list-style-type: circle;margin: 5px\">Di\u00e1metro del c\u00edrculo del perno.<\/li>\n<li style=\"list-style-type: circle;margin: 5px\">Corte de montaje frontal del bafle.<\/li>\n<li style=\"list-style-type: circle;margin: 5px\">Corte de montaje posterior del bafle.<\/li>\n<li style=\"list-style-type: circle;margin: 5px\">Profundidad total.<\/li>\n<li style=\"list-style-type: circle;margin: 5px\">Espesor de  brida y junta.<\/li>\n<li style=\"list-style-type: circle;margin: 5px\">Weight.<\/li>\n<\/ul>\n<div>\n<div style=\"font-weight: bold\">Di\u00e1metro nominal.<\/div>\n<div>\n<p>21\u201d pulgadas (533 mm).<\/p>\n<\/div>\n<div style=\"font-weight: bold\">Nominal impedance.<\/div>\n<div>\n<p>8 ohms.<\/p>\n<\/div>\n<div style=\"font-weight: bold\">Power.<\/div>\n<div>\n<p>AES: 1,800 W. Programa: 3,600 W. Pico: 10,000 W.<\/p>\n<\/div>\n<div style=\"font-weight: bold\">Sensitivity.<\/div>\n<div>\n<p>96 dB.<\/p>\n<\/div>\n<div style=\"font-weight: bold\">Rango de frecuencia.<\/div>\n<div>\n<p>25 &#8211; 2,000 Hz.<\/p>\n<\/div>\n<div style=\"font-weight: bold\">Compresi\u00f3n.<\/div>\n<div>\n<p>A -10 dB: 0.7 dB. A -3 dB: 1.5 dB. A potencia total: 2.2 dB.<\/p>\n<\/div>\n<div style=\"font-weight: bold\">Frecuencia m\u00e1xima recomendada.<\/div>\n<div>\n<p>150 Hz.<\/p>\n<\/div>\n<div style=\"font-weight: bold\">Volumen recomendado del gabinete.<\/div>\n<div>\n<p>120 &#8211; 250 lt.<\/p>\n<\/div>\n<div style=\"font-weight: bold\">Impedancia m\u00ednima.<\/div>\n<div>\n<p>7.9 ohms a 25\u00b0C.<\/p>\n<\/div>\n<div style=\"font-weight: bold\">Excursi\u00f3n m\u00e1xima pico a pico.<\/div>\n<div>\n<p>2.75\u201d pulgadas (70 mm).<\/p>\n<\/div>\n<div style=\"font-weight: bold\">Di\u00e1metro de la bobina m\u00f3vil.<\/div>\n<div>\n<p>5.3\u201d pulgadas (135 mm).<\/p>\n<\/div>\n<div style=\"font-weight: bold\">Material de la bobina m\u00f3vil.<\/div>\n<div>\n<p>Cobre.<\/p>\n<\/div>\n<div style=\"font-weight: bold\">Suspensi\u00f3n.<\/div>\n<div>\n<p>Triple rollo, poli algod\u00f3n.<\/p>\n<\/div>\n<div style=\"font-weight: bold\">Cono.<\/div>\n<div>\n<p>Celulosa cargada acanalada recta fibra de carbono.<\/p>\n<\/div>\n<div style=\"font-weight: bold\">FS (Frecuencia de resonancia).<\/div>\n<div>\n<p>37 Hz.<\/p>\n<\/div>\n<div style=\"font-weight: bold\">Resistencia DC.<\/div>\n<div>\n<p>5.9 ohms.<\/p>\n<\/div>\n<div style=\"font-weight: bold\">SD (Superficie efectiva).<\/div>\n<div>\n<p>0.1662 sq.mt. (257.6 sq.in.).<\/p>\n<\/div>\n<div style=\"font-weight: bold\">QMS (Factor de calidad mec\u00e1nica).<\/div>\n<div>\n<p>5.5.<\/p>\n<\/div>\n<div style=\"font-weight: bold\">QES (Factor de calidad el\u00e9ctrica).<\/div>\n<div>\n<p>0.31.<\/p>\n<\/div>\n<div style=\"font-weight: bold\">QTS (Factor de calidad total).<\/div>\n<div>\n<p>0.29.<\/p>\n<\/div>\n<div style=\"font-weight: bold\">VAS (Volumen de aire equivalente a CMS).<\/div>\n<div>\n<p>175 lt.<\/p>\n<\/div>\n<div style=\"font-weight: bold\">MMS (Masa total del cono).<\/div>\n<div>\n<p>408 gr.<\/p>\n<\/div>\n<div style=\"font-weight: bold\">Factor BL <\/div>\n<div>\n<p>43 Tm.<\/p>\n<\/div>\n<div style=\"font-weight: bold\">XMAX (Desplazamiento m\u00e1ximo).<\/div>\n<div>\n<p>\u00b114 mm (\u00b10.55\u201d pulgadas).<\/p>\n<\/div>\n<div style=\"font-weight: bold\">Inductancia de la bobina m\u00f3vil (Le @ 1kHz).<\/div>\n<div>\n<p>3.10 mH.<\/p>\n<\/div>\n<div style=\"font-weight: bold\">Referencia de eficiencia 1W\/1m (espacio medio).<\/div>\n<div>\n<p>96.5 dB.<\/p>\n<\/div>\n<div style=\"font-weight: bold\">Di\u00e1metro total.<\/div>\n<div>\n<p>21.46\u201d pulgadas (545 mm).<\/p>\n<\/div>\n<div style=\"font-weight: bold\">Numero de agujeros de montaje y tornillo.<\/div>\n<div>\n<p>8.<\/p>\n<\/div>\n<div style=\"font-weight: bold\">Di\u00e1metro de los agujeros de montaje.<\/div>\n<div>\n<p>0.33\u201d pulgadas (8.5 mm).<\/p>\n<\/div>\n<div style=\"font-weight: bold\">Di\u00e1metro del c\u00edrculo del perno.<\/div>\n<div>\n<p>20.47\u201d pulgadas (520 mm).<\/p>\n<\/div>\n<div style=\"font-weight: bold\">Corte de montaje frontal del bafle.<\/div>\n<div>\n<p>\u00d8 19.37\u201d pulgadas (492 mm).<\/p>\n<\/div>\n<div style=\"font-weight: bold\">Corte de montaje posterior del bafle.<\/div>\n<div>\n<p>\u00d8 19.29\u201d pulgadas (490 mm).<\/p>\n<\/div>\n<div style=\"font-weight: bold\">Profundidad total.<\/div>\n<div>\n<p>9.8\u201d pulgadas (250 mm).<\/p>\n<\/div>\n<div style=\"font-weight: bold\">Espesor de  brida y junta.<\/div>\n<div>\n<p>0.7\u201d pulgadas (18 mm).<\/p>\n<\/div>\n<div style=\"font-weight: bold\">Weight.<\/div>\n<div>\n<p>14 kg.<\/p>\n<\/div>\n<\/div>\n<\/div>","protected":false},"excerpt":{"rendered":"<p>Bocina de 21\u201d pulgadas, im\u00e1n de neodimio, cono de celulosa tratado reforzado con fibra de carbono, triple Silicon Spider (TSS) que mejora el control de la excursi\u00f3n y la linealidad incluso en condiciones de carga y SPL extremos, anillo de demodulaci\u00f3n (SDR) para una menor distorsi\u00f3n, dise\u00f1o de refrigeraci\u00f3n de bajo ruido para compresi\u00f3n de muy baja potencia, ideal para dise\u00f1os de subwoofer bandpass y horn loaded, impedancia: 8 ohms, potencia AES: 1,800 W, programa: 3,600 W, pico: 10,000 W, sensibilidad: 96 dB, rango de frecuencia: 25 \u2013 2,000 Hz, bobina m\u00f3vil de cobre de 5.3\u201d pulgadas (135 mm), peso: 14 kg.&hellip; <a class=\"kt-excerpt-readmore more-link\" href=\"https:\/\/www.mexicanguitarplayers.com\/en\/tienda\/audio\/bafles-y-bocinas\/bocinas-y-componentes\/graves\/bocina-eighteen-sound-21-21nlw9601-8\/\">Read more<\/a><\/p>","protected":false},"featured_media":39270,"comment_status":"open","ping_status":"closed","template":"","meta":{"kt_blocks_editor_width":""},"pwb-brand":[533],"product_brand":[],"product_cat":[213,221,474,529],"product_tag":[],"class_list":{"0":"post-39272","1":"product","2":"type-product","3":"status-publish","4":"has-post-thumbnail","6":"pwb-brand-eighteen-sound","7":"product_cat-audio","8":"product_cat-bafles-y-bocinas","9":"product_cat-bocinas-y-componentes","10":"product_cat-graves","11":"product_shipping_class-15-20-kg","13":"first","14":"outofstock","15":"taxable","16":"shipping-taxable","17":"purchasable","18":"product-type-simple"},"yoast_head":"<!-- This site is optimized with the Yoast SEO plugin v27.5 - https:\/\/yoast.com\/product\/yoast-seo-wordpress\/ -->\n<title>BOCINA EIGHTEEN SOUND 21 21NLW9601\/8 - Mexican Guitar Players<\/title>\n<meta name=\"description\" content=\"Bocina de 21\u201d pulgadas, im\u00e1n de neodimio, cono de celulosa tratado reforzado con fibra de carbono, triple Silicon Spider (TSS) que mejora el control de la excursi\u00f3n y la linealidad incluso en condiciones de carga y SPL extremos, anillo de demodulaci\u00f3n (SDR) para una menor distorsi\u00f3n, dise\u00f1o de refrigeraci\u00f3n de bajo ruido para compresi\u00f3n de muy baja potencia, ideal para dise\u00f1os de subwoofer bandpass y horn loaded, impedancia: 8 ohms, potencia AES: 1,800 W, programa: 3,600 W, pico: 10,000 W, sensibilidad: 96 dB, rango de frecuencia: 25 \u2013 2,000 Hz, bobina m\u00f3vil de cobre de 5.3\u201d pulgadas (135 mm), peso: 14 kg.\" \/>\n<meta name=\"robots\" content=\"index, follow, max-snippet:-1, max-image-preview:large, max-video-preview:-1\" \/>\n<link rel=\"canonical\" href=\"https:\/\/www.mexicanguitarplayers.com\/en\/tienda\/sin%20categor\u00eda\/bocina-eighteen-sound-21-21nlw9601-8\/\" \/>\n<meta property=\"og:locale\" content=\"en_US\" \/>\n<meta property=\"og:type\" content=\"article\" \/>\n<meta property=\"og:title\" content=\"BOCINA EIGHTEEN SOUND 21 21NLW9601\/8 - Mexican Guitar Players\" \/>\n<meta property=\"og:description\" content=\"Bocina de 21\u201d pulgadas, im\u00e1n de neodimio, cono de celulosa tratado reforzado con fibra de carbono, triple Silicon Spider (TSS) que mejora el control de la excursi\u00f3n y la linealidad incluso en condiciones de carga y SPL extremos, anillo de demodulaci\u00f3n (SDR) para una menor distorsi\u00f3n, dise\u00f1o de refrigeraci\u00f3n de bajo ruido para compresi\u00f3n de muy baja potencia, ideal para dise\u00f1os de subwoofer bandpass y horn loaded, impedancia: 8 ohms, potencia AES: 1,800 W, programa: 3,600 W, pico: 10,000 W, sensibilidad: 96 dB, rango de frecuencia: 25 \u2013 2,000 Hz, bobina m\u00f3vil de cobre de 5.3\u201d pulgadas (135 mm), peso: 14 kg.\" \/>\n<meta property=\"og:url\" content=\"https:\/\/www.mexicanguitarplayers.com\/en\/tienda\/sin categor\u00eda\/bocina-eighteen-sound-21-21nlw9601-8\/\" \/>\n<meta property=\"og:site_name\" content=\"Mexican Guitar Players\" \/>\n<meta property=\"article:modified_time\" content=\"2026-04-15T16:15:09+00:00\" \/>\n<meta name=\"twitter:card\" content=\"summary_large_image\" \/>\n<meta name=\"twitter:label1\" content=\"Est. reading time\" \/>\n\t<meta name=\"twitter:data1\" content=\"4 minutes\" \/>\n<script type=\"application\/ld+json\" class=\"yoast-schema-graph\">{\"@context\":\"https:\\\/\\\/schema.org\",\"@graph\":[{\"@type\":[\"WebPage\",\"ItemPage\"],\"@id\":\"https:\\\/\\\/www.mexicanguitarplayers.com\\\/tienda\\\/sin categor\u00eda\\\/bocina-eighteen-sound-21-21nlw9601-8\\\/\",\"url\":\"https:\\\/\\\/www.mexicanguitarplayers.com\\\/tienda\\\/sin categor\u00eda\\\/bocina-eighteen-sound-21-21nlw9601-8\\\/\",\"name\":\"BOCINA EIGHTEEN SOUND 21 21NLW9601\\\/8 - Mexican Guitar Players\",\"isPartOf\":{\"@id\":\"https:\\\/\\\/www.mexicanguitarplayers.com\\\/#website\"},\"primaryImageOfPage\":{\"@id\":\"https:\\\/\\\/www.mexicanguitarplayers.com\\\/tienda\\\/sin categor\u00eda\\\/bocina-eighteen-sound-21-21nlw9601-8\\\/#primaryimage\"},\"image\":{\"@id\":\"https:\\\/\\\/www.mexicanguitarplayers.com\\\/tienda\\\/sin categor\u00eda\\\/bocina-eighteen-sound-21-21nlw9601-8\\\/#primaryimage\"},\"thumbnailUrl\":\"https:\\\/\\\/www.mexicanguitarplayers.com\\\/wp-content\\\/uploads\\\/2025\\\/04\\\/IAEIG21NLW9601.jpg\",\"datePublished\":\"2025-04-09T12:32:51+00:00\",\"dateModified\":\"2026-04-15T16:15:09+00:00\",\"description\":\"Bocina de 21\u201d pulgadas, im\u00e1n de neodimio, cono de celulosa tratado reforzado con fibra de carbono, triple Silicon Spider (TSS) que mejora el control de la excursi\u00f3n y la linealidad incluso en condiciones de carga y SPL extremos, anillo de demodulaci\u00f3n (SDR) para una menor distorsi\u00f3n, dise\u00f1o de refrigeraci\u00f3n de bajo ruido para compresi\u00f3n de muy baja potencia, ideal para dise\u00f1os de subwoofer bandpass y horn loaded, impedancia: 8 ohms, potencia AES: 1,800 W, programa: 3,600 W, pico: 10,000 W, sensibilidad: 96 dB, rango de frecuencia: 25 \u2013 2,000 Hz, bobina m\u00f3vil de cobre de 5.3\u201d pulgadas (135 mm), peso: 14 kg.\",\"breadcrumb\":{\"@id\":\"https:\\\/\\\/www.mexicanguitarplayers.com\\\/tienda\\\/sin categor\u00eda\\\/bocina-eighteen-sound-21-21nlw9601-8\\\/#breadcrumb\"},\"inLanguage\":\"en-US\",\"potentialAction\":[{\"@type\":\"ReadAction\",\"target\":[\"https:\\\/\\\/www.mexicanguitarplayers.com\\\/tienda\\\/sin categor\u00eda\\\/bocina-eighteen-sound-21-21nlw9601-8\\\/\"]}]},{\"@type\":\"ImageObject\",\"inLanguage\":\"en-US\",\"@id\":\"https:\\\/\\\/www.mexicanguitarplayers.com\\\/tienda\\\/sin categor\u00eda\\\/bocina-eighteen-sound-21-21nlw9601-8\\\/#primaryimage\",\"url\":\"https:\\\/\\\/www.mexicanguitarplayers.com\\\/wp-content\\\/uploads\\\/2025\\\/04\\\/IAEIG21NLW9601.jpg\",\"contentUrl\":\"https:\\\/\\\/www.mexicanguitarplayers.com\\\/wp-content\\\/uploads\\\/2025\\\/04\\\/IAEIG21NLW9601.jpg\",\"width\":1600,\"height\":800},{\"@type\":\"BreadcrumbList\",\"@id\":\"https:\\\/\\\/www.mexicanguitarplayers.com\\\/tienda\\\/sin categor\u00eda\\\/bocina-eighteen-sound-21-21nlw9601-8\\\/#breadcrumb\",\"itemListElement\":[{\"@type\":\"ListItem\",\"position\":1,\"name\":\"Portada\",\"item\":\"https:\\\/\\\/www.mexicanguitarplayers.com\\\/\"},{\"@type\":\"ListItem\",\"position\":2,\"name\":\"Tienda\",\"item\":\"https:\\\/\\\/www.mexicanguitarplayers.com\\\/tienda\\\/\"},{\"@type\":\"ListItem\",\"position\":3,\"name\":\"BOCINA EIGHTEEN SOUND 21 21NLW9601\\\/8\"}]},{\"@type\":\"WebSite\",\"@id\":\"https:\\\/\\\/www.mexicanguitarplayers.com\\\/#website\",\"url\":\"https:\\\/\\\/www.mexicanguitarplayers.com\\\/\",\"name\":\"Mexican Guitar Players\",\"description\":\"Website\",\"publisher\":{\"@id\":\"https:\\\/\\\/www.mexicanguitarplayers.com\\\/#organization\"},\"potentialAction\":[{\"@type\":\"SearchAction\",\"target\":{\"@type\":\"EntryPoint\",\"urlTemplate\":\"https:\\\/\\\/www.mexicanguitarplayers.com\\\/?s={search_term_string}\"},\"query-input\":{\"@type\":\"PropertyValueSpecification\",\"valueRequired\":true,\"valueName\":\"search_term_string\"}}],\"inLanguage\":\"en-US\"},{\"@type\":\"Organization\",\"@id\":\"https:\\\/\\\/www.mexicanguitarplayers.com\\\/#organization\",\"name\":\"Mexican Guitar Players\",\"url\":\"https:\\\/\\\/www.mexicanguitarplayers.com\\\/\",\"logo\":{\"@type\":\"ImageObject\",\"inLanguage\":\"en-US\",\"@id\":\"https:\\\/\\\/www.mexicanguitarplayers.com\\\/#\\\/schema\\\/logo\\\/image\\\/\",\"url\":\"\",\"contentUrl\":\"\",\"caption\":\"Mexican Guitar Players\"},\"image\":{\"@id\":\"https:\\\/\\\/www.mexicanguitarplayers.com\\\/#\\\/schema\\\/logo\\\/image\\\/\"}}]}<\/script>\n<!-- \/ Yoast SEO plugin. -->","yoast_head_json":{"title":"BOCINA EIGHTEEN SOUND 21 21NLW9601\/8 - Mexican Guitar Players","description":"Bocina de 21\u201d pulgadas, im\u00e1n de neodimio, cono de celulosa tratado reforzado con fibra de carbono, triple Silicon Spider (TSS) que mejora el control de la excursi\u00f3n y la linealidad incluso en condiciones de carga y SPL extremos, anillo de demodulaci\u00f3n (SDR) para una menor distorsi\u00f3n, dise\u00f1o de refrigeraci\u00f3n de bajo ruido para compresi\u00f3n de muy baja potencia, ideal para dise\u00f1os de subwoofer bandpass y horn loaded, impedancia: 8 ohms, potencia AES: 1,800 W, programa: 3,600 W, pico: 10,000 W, sensibilidad: 96 dB, rango de frecuencia: 25 \u2013 2,000 Hz, bobina m\u00f3vil de cobre de 5.3\u201d pulgadas (135 mm), peso: 14 kg.","robots":{"index":"index","follow":"follow","max-snippet":"max-snippet:-1","max-image-preview":"max-image-preview:large","max-video-preview":"max-video-preview:-1"},"canonical":"https:\/\/www.mexicanguitarplayers.com\/en\/tienda\/sin categor\u00eda\/bocina-eighteen-sound-21-21nlw9601-8\/","og_locale":"en_US","og_type":"article","og_title":"BOCINA EIGHTEEN SOUND 21 21NLW9601\/8 - Mexican Guitar Players","og_description":"Bocina de 21\u201d pulgadas, im\u00e1n de neodimio, cono de celulosa tratado reforzado con fibra de carbono, triple Silicon Spider (TSS) que mejora el control de la excursi\u00f3n y la linealidad incluso en condiciones de carga y SPL extremos, anillo de demodulaci\u00f3n (SDR) para una menor distorsi\u00f3n, dise\u00f1o de refrigeraci\u00f3n de bajo ruido para compresi\u00f3n de muy baja potencia, ideal para dise\u00f1os de subwoofer bandpass y horn loaded, impedancia: 8 ohms, potencia AES: 1,800 W, programa: 3,600 W, pico: 10,000 W, sensibilidad: 96 dB, rango de frecuencia: 25 \u2013 2,000 Hz, bobina m\u00f3vil de cobre de 5.3\u201d pulgadas (135 mm), peso: 14 kg.","og_url":"https:\/\/www.mexicanguitarplayers.com\/en\/tienda\/sin categor\u00eda\/bocina-eighteen-sound-21-21nlw9601-8\/","og_site_name":"Mexican Guitar Players","article_modified_time":"2026-04-15T16:15:09+00:00","twitter_card":"summary_large_image","twitter_misc":{"Est. reading time":"4 minutes"},"schema":{"@context":"https:\/\/schema.org","@graph":[{"@type":["WebPage","ItemPage"],"@id":"https:\/\/www.mexicanguitarplayers.com\/tienda\/sin categor\u00eda\/bocina-eighteen-sound-21-21nlw9601-8\/","url":"https:\/\/www.mexicanguitarplayers.com\/tienda\/sin categor\u00eda\/bocina-eighteen-sound-21-21nlw9601-8\/","name":"BOCINA EIGHTEEN SOUND 21 21NLW9601\/8 - Mexican Guitar Players","isPartOf":{"@id":"https:\/\/www.mexicanguitarplayers.com\/#website"},"primaryImageOfPage":{"@id":"https:\/\/www.mexicanguitarplayers.com\/tienda\/sin categor\u00eda\/bocina-eighteen-sound-21-21nlw9601-8\/#primaryimage"},"image":{"@id":"https:\/\/www.mexicanguitarplayers.com\/tienda\/sin categor\u00eda\/bocina-eighteen-sound-21-21nlw9601-8\/#primaryimage"},"thumbnailUrl":"https:\/\/www.mexicanguitarplayers.com\/wp-content\/uploads\/2025\/04\/IAEIG21NLW9601.jpg","datePublished":"2025-04-09T12:32:51+00:00","dateModified":"2026-04-15T16:15:09+00:00","description":"Bocina de 21\u201d pulgadas, im\u00e1n de neodimio, cono de celulosa tratado reforzado con fibra de carbono, triple Silicon Spider (TSS) que mejora el control de la excursi\u00f3n y la linealidad incluso en condiciones de carga y SPL extremos, anillo de demodulaci\u00f3n (SDR) para una menor distorsi\u00f3n, dise\u00f1o de refrigeraci\u00f3n de bajo ruido para compresi\u00f3n de muy baja potencia, ideal para dise\u00f1os de subwoofer bandpass y horn loaded, impedancia: 8 ohms, potencia AES: 1,800 W, programa: 3,600 W, pico: 10,000 W, sensibilidad: 96 dB, rango de frecuencia: 25 \u2013 2,000 Hz, bobina m\u00f3vil de cobre de 5.3\u201d pulgadas (135 mm), peso: 14 kg.","breadcrumb":{"@id":"https:\/\/www.mexicanguitarplayers.com\/tienda\/sin categor\u00eda\/bocina-eighteen-sound-21-21nlw9601-8\/#breadcrumb"},"inLanguage":"en-US","potentialAction":[{"@type":"ReadAction","target":["https:\/\/www.mexicanguitarplayers.com\/tienda\/sin categor\u00eda\/bocina-eighteen-sound-21-21nlw9601-8\/"]}]},{"@type":"ImageObject","inLanguage":"en-US","@id":"https:\/\/www.mexicanguitarplayers.com\/tienda\/sin categor\u00eda\/bocina-eighteen-sound-21-21nlw9601-8\/#primaryimage","url":"https:\/\/www.mexicanguitarplayers.com\/wp-content\/uploads\/2025\/04\/IAEIG21NLW9601.jpg","contentUrl":"https:\/\/www.mexicanguitarplayers.com\/wp-content\/uploads\/2025\/04\/IAEIG21NLW9601.jpg","width":1600,"height":800},{"@type":"BreadcrumbList","@id":"https:\/\/www.mexicanguitarplayers.com\/tienda\/sin categor\u00eda\/bocina-eighteen-sound-21-21nlw9601-8\/#breadcrumb","itemListElement":[{"@type":"ListItem","position":1,"name":"Portada","item":"https:\/\/www.mexicanguitarplayers.com\/"},{"@type":"ListItem","position":2,"name":"Tienda","item":"https:\/\/www.mexicanguitarplayers.com\/tienda\/"},{"@type":"ListItem","position":3,"name":"BOCINA EIGHTEEN SOUND 21 21NLW9601\/8"}]},{"@type":"WebSite","@id":"https:\/\/www.mexicanguitarplayers.com\/#website","url":"https:\/\/www.mexicanguitarplayers.com\/","name":"Mexican Guitar Players","description":"Website","publisher":{"@id":"https:\/\/www.mexicanguitarplayers.com\/#organization"},"potentialAction":[{"@type":"SearchAction","target":{"@type":"EntryPoint","urlTemplate":"https:\/\/www.mexicanguitarplayers.com\/?s={search_term_string}"},"query-input":{"@type":"PropertyValueSpecification","valueRequired":true,"valueName":"search_term_string"}}],"inLanguage":"en-US"},{"@type":"Organization","@id":"https:\/\/www.mexicanguitarplayers.com\/#organization","name":"Mexican Guitar Players","url":"https:\/\/www.mexicanguitarplayers.com\/","logo":{"@type":"ImageObject","inLanguage":"en-US","@id":"https:\/\/www.mexicanguitarplayers.com\/#\/schema\/logo\/image\/","url":"","contentUrl":"","caption":"Mexican Guitar Players"},"image":{"@id":"https:\/\/www.mexicanguitarplayers.com\/#\/schema\/logo\/image\/"}}]}},"brands":[{"id":533,"name":"EIGHTEEN SOUND","slug":"eighteen-sound"}],"_links":{"self":[{"href":"https:\/\/www.mexicanguitarplayers.com\/en\/wp-json\/wp\/v2\/product\/39272","targetHints":{"allow":["GET"]}}],"collection":[{"href":"https:\/\/www.mexicanguitarplayers.com\/en\/wp-json\/wp\/v2\/product"}],"about":[{"href":"https:\/\/www.mexicanguitarplayers.com\/en\/wp-json\/wp\/v2\/types\/product"}],"replies":[{"embeddable":true,"href":"https:\/\/www.mexicanguitarplayers.com\/en\/wp-json\/wp\/v2\/comments?post=39272"}],"wp:featuredmedia":[{"embeddable":true,"href":"https:\/\/www.mexicanguitarplayers.com\/en\/wp-json\/wp\/v2\/media\/39270"}],"wp:attachment":[{"href":"https:\/\/www.mexicanguitarplayers.com\/en\/wp-json\/wp\/v2\/media?parent=39272"}],"wp:term":[{"taxonomy":"pwb-brand","embeddable":true,"href":"https:\/\/www.mexicanguitarplayers.com\/en\/wp-json\/wp\/v2\/pwb-brand?post=39272"},{"taxonomy":"product_brand","embeddable":true,"href":"https:\/\/www.mexicanguitarplayers.com\/en\/wp-json\/wp\/v2\/product_brand?post=39272"},{"taxonomy":"product_cat","embeddable":true,"href":"https:\/\/www.mexicanguitarplayers.com\/en\/wp-json\/wp\/v2\/product_cat?post=39272"},{"taxonomy":"product_tag","embeddable":true,"href":"https:\/\/www.mexicanguitarplayers.com\/en\/wp-json\/wp\/v2\/product_tag?post=39272"}],"curies":[{"name":"wp","href":"https:\/\/api.w.org\/{rel}","templated":true}]}}