{"id":39293,"date":"2025-04-09T06:33:32","date_gmt":"2025-04-09T12:33:32","guid":{"rendered":"https:\/\/www.mexicanguitarplayers.com\/tienda\/sin categor\u00eda\/funda-gator-p-guitarra-gb-4g-classic\/"},"modified":"2026-05-01T04:18:05","modified_gmt":"2026-05-01T10:18:05","slug":"funda-gator-p-guitarra-gb-4g-classic","status":"publish","type":"product","link":"https:\/\/www.mexicanguitarplayers.com\/en\/tienda\/accesorios\/estuches-y-fundas\/para-guitarra\/para-guitarra-clasica\/funda-gator-p-guitarra-gb-4g-classic\/","title":{"rendered":"FUNDA GATOR P\/GUITARRA  GB-4G-CLASSIC"},"content":{"rendered":"<div style=\"text-align: justify\">\n<div>\n<h3>Lleva tu instrumento sin riesgos.<\/h3>\n<\/div>\n<div>Esta funda de Gator para guitarra cl\u00e1sica protege tu instrumento cuando lo llevas y traes de vuelta, es ideal para tus giras o simplemente para ir por la calle con tu instrumento de forma c\u00f3moda. Cuenta con un acolchado grueso que mantiene a tu instrumento protegido de impactos, aseguramos que las partes m\u00e1s delicadas de tu instrumento estar\u00e1n suficientemente protegidas como para que no tengas que preocuparte por ello.<\/div>\n<div>\n<h4>Quick look<\/h4>\n<\/div>\n<ul style=\"margin: 0px 0px 0px 25px\">\n<li style=\"list-style-type: circle;margin: 5px\">Dimensiones interiores.<\/li>\n<li style=\"list-style-type: circle;margin: 5px\">Dimensiones exteriores.<\/li>\n<li style=\"list-style-type: circle;margin: 5px\">Weight.<\/li>\n<\/ul>\n<div>\n<div style=\"font-weight: bold\">Dimensiones interiores.<\/div>\n<div>\n<p>Altura interior: 4.25&#8243; (107.95 mm). Longitud del cuerpo: 20.5&#8243; (520.7 mm). Altura del cuerpo: 4.25&#8243; (107.95 mm). Ancho de la parte inferior: 16&#8243; (406.4 mm). Ancho de la parte del medio: 14&#8243; (355.6 mm). Ancho de la parte superior: 11.5&#8243; (292.1 mm). Longitud total: 41&#8243; (1041.4 mm).<\/p>\n<\/div>\n<div style=\"font-weight: bold\">Dimensiones exteriores.<\/div>\n<div>\n<p>Longitud exterior: 42.25&#8243; (1073.15 mm). Ancho exterior: 17.5&#8243; (444.5 mm). Altura exterior: 6.5&#8243; (165.1 mm).<\/p>\n<\/div>\n<div style=\"font-weight: bold\">Weight.<\/div>\n<div>\n<p>1.8 kg.<\/p>\n<\/div>\n<\/div>\n<div>\n<h4>Characteristics<\/h4>\n<\/div>\n<div>\n<ul style=\"margin: 0px 0px 0px 25px\">\n<li style=\"list-style-type: circle;margin: 5px\">Funda estilo 4G para  guitarra cl\u00e1sica.<\/li>\n<li style=\"list-style-type: circle;margin: 5px\">Correas ajustables.<\/li>\n<li style=\"list-style-type: circle;margin: 5px\">GFLEX 20 mm acolchado en todos los lados.<\/li>\n<li style=\"list-style-type: circle;margin: 5px\">Pick-Clip para sostener p\u00faas de \u201cemergencia\u201d.<\/li>\n<li style=\"list-style-type: circle;margin: 5px\">Correas acolchadas tipo mochila.<\/li>\n<li style=\"list-style-type: circle;margin: 5px\">Contorno de espalda relleno para mayor comodidad.<\/li>\n<li style=\"list-style-type: circle;margin: 5px\">Gran bolsillo exterior.<\/li>\n<li style=\"list-style-type: circle;margin: 5px\">Refuerzo interno para cabezal y puente.<\/li>\n<li style=\"list-style-type: circle;margin: 5px\">Orangewood Guitars<\/li>\n<li style=\"list-style-type: circle;margin: 5px\">Taylor<\/li>\n<li style=\"list-style-type: circle;margin: 5px\">Yamaha<\/li>\n<\/ul>\n<\/div>\n<\/div>","protected":false},"excerpt":{"rendered":"<p>Funda estilo 4G con correas ajustables para guitarra cl\u00e1sica, GFLEX 20 mm acolchado en todos los lados, patente-pendiente Pick-Clip para sostener p\u00faas de \u201cemergencia\u201d, correas acolchadas tipo mochila, contorno de espalda relleno para mayor comodidad, gran bolsillo exterior, refuerzo interno para cabezal y puente para evitar el desgaste.&hellip; <a class=\"kt-excerpt-readmore more-link\" href=\"https:\/\/www.mexicanguitarplayers.com\/en\/tienda\/accesorios\/estuches-y-fundas\/para-guitarra\/para-guitarra-clasica\/funda-gator-p-guitarra-gb-4g-classic\/\">Read more<\/a><\/p>","protected":false},"featured_media":39285,"comment_status":"open","ping_status":"closed","template":"","meta":{"kt_blocks_editor_width":""},"pwb-brand":[572],"product_brand":[],"product_cat":[85,517,566,577],"product_tag":[],"class_list":{"0":"post-39293","1":"product","2":"type-product","3":"status-publish","4":"has-post-thumbnail","6":"pwb-brand-gator","7":"product_cat-accesorios","8":"product_cat-estuches-y-fundas","9":"product_cat-para-guitarra","10":"product_cat-para-guitarra-clasica","11":"product_shipping_class-0-5-kg","13":"first","14":"outofstock","15":"taxable","16":"shipping-taxable","17":"purchasable","18":"product-type-simple"},"yoast_head":"<!-- This site is optimized with the Yoast SEO plugin v27.5 - https:\/\/yoast.com\/product\/yoast-seo-wordpress\/ -->\n<title>FUNDA GATOR P\/GUITARRA GB-4G-CLASSIC - Mexican Guitar Players<\/title>\n<meta name=\"description\" content=\"Funda estilo 4G con correas ajustables para guitarra cl\u00e1sica, GFLEX 20 mm acolchado en todos los lados, patente-pendiente Pick-Clip para sostener p\u00faas de \u201cemergencia\u201d, correas acolchadas tipo mochila, contorno de espalda relleno para mayor comodidad, gran bolsillo exterior, refuerzo interno para cabezal y puente para evitar el desgaste.\" \/>\n<meta name=\"robots\" content=\"index, follow, max-snippet:-1, max-image-preview:large, max-video-preview:-1\" \/>\n<link rel=\"canonical\" href=\"https:\/\/www.mexicanguitarplayers.com\/en\/tienda\/sin%20categor\u00eda\/funda-gator-p-guitarra-gb-4g-classic\/\" \/>\n<meta property=\"og:locale\" content=\"en_US\" \/>\n<meta property=\"og:type\" content=\"article\" \/>\n<meta property=\"og:title\" content=\"FUNDA GATOR P\/GUITARRA GB-4G-CLASSIC - Mexican Guitar Players\" \/>\n<meta property=\"og:description\" content=\"Funda estilo 4G con correas ajustables para guitarra cl\u00e1sica, GFLEX 20 mm acolchado en todos los lados, patente-pendiente Pick-Clip para sostener p\u00faas de \u201cemergencia\u201d, correas acolchadas tipo mochila, contorno de espalda relleno para mayor comodidad, gran bolsillo exterior, refuerzo interno para cabezal y puente para evitar el desgaste.\" \/>\n<meta property=\"og:url\" content=\"https:\/\/www.mexicanguitarplayers.com\/en\/tienda\/sin categor\u00eda\/funda-gator-p-guitarra-gb-4g-classic\/\" \/>\n<meta property=\"og:site_name\" content=\"Mexican Guitar Players\" \/>\n<meta property=\"article:modified_time\" content=\"2026-05-01T10:18:05+00:00\" \/>\n<meta name=\"twitter:card\" content=\"summary_large_image\" \/>\n<meta name=\"twitter:label1\" content=\"Est. reading time\" \/>\n\t<meta name=\"twitter:data1\" content=\"1 minute\" \/>\n<script type=\"application\/ld+json\" class=\"yoast-schema-graph\">{\"@context\":\"https:\\\/\\\/schema.org\",\"@graph\":[{\"@type\":[\"WebPage\",\"ItemPage\"],\"@id\":\"https:\\\/\\\/www.mexicanguitarplayers.com\\\/tienda\\\/sin categor\u00eda\\\/funda-gator-p-guitarra-gb-4g-classic\\\/\",\"url\":\"https:\\\/\\\/www.mexicanguitarplayers.com\\\/tienda\\\/sin categor\u00eda\\\/funda-gator-p-guitarra-gb-4g-classic\\\/\",\"name\":\"FUNDA GATOR P\\\/GUITARRA GB-4G-CLASSIC - Mexican Guitar Players\",\"isPartOf\":{\"@id\":\"https:\\\/\\\/www.mexicanguitarplayers.com\\\/#website\"},\"primaryImageOfPage\":{\"@id\":\"https:\\\/\\\/www.mexicanguitarplayers.com\\\/tienda\\\/sin categor\u00eda\\\/funda-gator-p-guitarra-gb-4g-classic\\\/#primaryimage\"},\"image\":{\"@id\":\"https:\\\/\\\/www.mexicanguitarplayers.com\\\/tienda\\\/sin categor\u00eda\\\/funda-gator-p-guitarra-gb-4g-classic\\\/#primaryimage\"},\"thumbnailUrl\":\"https:\\\/\\\/www.mexicanguitarplayers.com\\\/wp-content\\\/uploads\\\/2025\\\/04\\\/VAGATGB4GCLASS.jpg\",\"datePublished\":\"2025-04-09T12:33:32+00:00\",\"dateModified\":\"2026-05-01T10:18:05+00:00\",\"description\":\"Funda estilo 4G con correas ajustables para guitarra cl\u00e1sica, GFLEX 20 mm acolchado en todos los lados, patente-pendiente Pick-Clip para sostener p\u00faas de \u201cemergencia\u201d, correas acolchadas tipo mochila, contorno de espalda relleno para mayor comodidad, gran bolsillo exterior, refuerzo interno para cabezal y puente para evitar el desgaste.\",\"breadcrumb\":{\"@id\":\"https:\\\/\\\/www.mexicanguitarplayers.com\\\/tienda\\\/sin categor\u00eda\\\/funda-gator-p-guitarra-gb-4g-classic\\\/#breadcrumb\"},\"inLanguage\":\"en-US\",\"potentialAction\":[{\"@type\":\"ReadAction\",\"target\":[\"https:\\\/\\\/www.mexicanguitarplayers.com\\\/tienda\\\/sin categor\u00eda\\\/funda-gator-p-guitarra-gb-4g-classic\\\/\"]}]},{\"@type\":\"ImageObject\",\"inLanguage\":\"en-US\",\"@id\":\"https:\\\/\\\/www.mexicanguitarplayers.com\\\/tienda\\\/sin categor\u00eda\\\/funda-gator-p-guitarra-gb-4g-classic\\\/#primaryimage\",\"url\":\"https:\\\/\\\/www.mexicanguitarplayers.com\\\/wp-content\\\/uploads\\\/2025\\\/04\\\/VAGATGB4GCLASS.jpg\",\"contentUrl\":\"https:\\\/\\\/www.mexicanguitarplayers.com\\\/wp-content\\\/uploads\\\/2025\\\/04\\\/VAGATGB4GCLASS.jpg\",\"width\":800,\"height\":1600},{\"@type\":\"BreadcrumbList\",\"@id\":\"https:\\\/\\\/www.mexicanguitarplayers.com\\\/tienda\\\/sin categor\u00eda\\\/funda-gator-p-guitarra-gb-4g-classic\\\/#breadcrumb\",\"itemListElement\":[{\"@type\":\"ListItem\",\"position\":1,\"name\":\"Portada\",\"item\":\"https:\\\/\\\/www.mexicanguitarplayers.com\\\/\"},{\"@type\":\"ListItem\",\"position\":2,\"name\":\"Tienda\",\"item\":\"https:\\\/\\\/www.mexicanguitarplayers.com\\\/tienda\\\/\"},{\"@type\":\"ListItem\",\"position\":3,\"name\":\"FUNDA GATOR P\\\/GUITARRA GB-4G-CLASSIC\"}]},{\"@type\":\"WebSite\",\"@id\":\"https:\\\/\\\/www.mexicanguitarplayers.com\\\/#website\",\"url\":\"https:\\\/\\\/www.mexicanguitarplayers.com\\\/\",\"name\":\"Mexican Guitar Players\",\"description\":\"Website\",\"publisher\":{\"@id\":\"https:\\\/\\\/www.mexicanguitarplayers.com\\\/#organization\"},\"potentialAction\":[{\"@type\":\"SearchAction\",\"target\":{\"@type\":\"EntryPoint\",\"urlTemplate\":\"https:\\\/\\\/www.mexicanguitarplayers.com\\\/?s={search_term_string}\"},\"query-input\":{\"@type\":\"PropertyValueSpecification\",\"valueRequired\":true,\"valueName\":\"search_term_string\"}}],\"inLanguage\":\"en-US\"},{\"@type\":\"Organization\",\"@id\":\"https:\\\/\\\/www.mexicanguitarplayers.com\\\/#organization\",\"name\":\"Mexican Guitar Players\",\"url\":\"https:\\\/\\\/www.mexicanguitarplayers.com\\\/\",\"logo\":{\"@type\":\"ImageObject\",\"inLanguage\":\"en-US\",\"@id\":\"https:\\\/\\\/www.mexicanguitarplayers.com\\\/#\\\/schema\\\/logo\\\/image\\\/\",\"url\":\"\",\"contentUrl\":\"\",\"caption\":\"Mexican Guitar Players\"},\"image\":{\"@id\":\"https:\\\/\\\/www.mexicanguitarplayers.com\\\/#\\\/schema\\\/logo\\\/image\\\/\"}}]}<\/script>\n<!-- \/ Yoast SEO plugin. -->","yoast_head_json":{"title":"FUNDA GATOR P\/GUITARRA GB-4G-CLASSIC - Mexican Guitar Players","description":"Funda estilo 4G con correas ajustables para guitarra cl\u00e1sica, GFLEX 20 mm acolchado en todos los lados, patente-pendiente Pick-Clip para sostener p\u00faas de \u201cemergencia\u201d, correas acolchadas tipo mochila, contorno de espalda relleno para mayor comodidad, gran bolsillo exterior, refuerzo interno para cabezal y puente para evitar el desgaste.","robots":{"index":"index","follow":"follow","max-snippet":"max-snippet:-1","max-image-preview":"max-image-preview:large","max-video-preview":"max-video-preview:-1"},"canonical":"https:\/\/www.mexicanguitarplayers.com\/en\/tienda\/sin categor\u00eda\/funda-gator-p-guitarra-gb-4g-classic\/","og_locale":"en_US","og_type":"article","og_title":"FUNDA GATOR P\/GUITARRA GB-4G-CLASSIC - Mexican Guitar Players","og_description":"Funda estilo 4G con correas ajustables para guitarra cl\u00e1sica, GFLEX 20 mm acolchado en todos los lados, patente-pendiente Pick-Clip para sostener p\u00faas de \u201cemergencia\u201d, correas acolchadas tipo mochila, contorno de espalda relleno para mayor comodidad, gran bolsillo exterior, refuerzo interno para cabezal y puente para evitar el desgaste.","og_url":"https:\/\/www.mexicanguitarplayers.com\/en\/tienda\/sin categor\u00eda\/funda-gator-p-guitarra-gb-4g-classic\/","og_site_name":"Mexican Guitar Players","article_modified_time":"2026-05-01T10:18:05+00:00","twitter_card":"summary_large_image","twitter_misc":{"Est. reading time":"1 minute"},"schema":{"@context":"https:\/\/schema.org","@graph":[{"@type":["WebPage","ItemPage"],"@id":"https:\/\/www.mexicanguitarplayers.com\/tienda\/sin categor\u00eda\/funda-gator-p-guitarra-gb-4g-classic\/","url":"https:\/\/www.mexicanguitarplayers.com\/tienda\/sin categor\u00eda\/funda-gator-p-guitarra-gb-4g-classic\/","name":"FUNDA GATOR P\/GUITARRA GB-4G-CLASSIC - Mexican Guitar Players","isPartOf":{"@id":"https:\/\/www.mexicanguitarplayers.com\/#website"},"primaryImageOfPage":{"@id":"https:\/\/www.mexicanguitarplayers.com\/tienda\/sin categor\u00eda\/funda-gator-p-guitarra-gb-4g-classic\/#primaryimage"},"image":{"@id":"https:\/\/www.mexicanguitarplayers.com\/tienda\/sin categor\u00eda\/funda-gator-p-guitarra-gb-4g-classic\/#primaryimage"},"thumbnailUrl":"https:\/\/www.mexicanguitarplayers.com\/wp-content\/uploads\/2025\/04\/VAGATGB4GCLASS.jpg","datePublished":"2025-04-09T12:33:32+00:00","dateModified":"2026-05-01T10:18:05+00:00","description":"Funda estilo 4G con correas ajustables para guitarra cl\u00e1sica, GFLEX 20 mm acolchado en todos los lados, patente-pendiente Pick-Clip para sostener p\u00faas de \u201cemergencia\u201d, correas acolchadas tipo mochila, contorno de espalda relleno para mayor comodidad, gran bolsillo exterior, refuerzo interno para cabezal y puente para evitar el desgaste.","breadcrumb":{"@id":"https:\/\/www.mexicanguitarplayers.com\/tienda\/sin categor\u00eda\/funda-gator-p-guitarra-gb-4g-classic\/#breadcrumb"},"inLanguage":"en-US","potentialAction":[{"@type":"ReadAction","target":["https:\/\/www.mexicanguitarplayers.com\/tienda\/sin categor\u00eda\/funda-gator-p-guitarra-gb-4g-classic\/"]}]},{"@type":"ImageObject","inLanguage":"en-US","@id":"https:\/\/www.mexicanguitarplayers.com\/tienda\/sin categor\u00eda\/funda-gator-p-guitarra-gb-4g-classic\/#primaryimage","url":"https:\/\/www.mexicanguitarplayers.com\/wp-content\/uploads\/2025\/04\/VAGATGB4GCLASS.jpg","contentUrl":"https:\/\/www.mexicanguitarplayers.com\/wp-content\/uploads\/2025\/04\/VAGATGB4GCLASS.jpg","width":800,"height":1600},{"@type":"BreadcrumbList","@id":"https:\/\/www.mexicanguitarplayers.com\/tienda\/sin categor\u00eda\/funda-gator-p-guitarra-gb-4g-classic\/#breadcrumb","itemListElement":[{"@type":"ListItem","position":1,"name":"Portada","item":"https:\/\/www.mexicanguitarplayers.com\/"},{"@type":"ListItem","position":2,"name":"Tienda","item":"https:\/\/www.mexicanguitarplayers.com\/tienda\/"},{"@type":"ListItem","position":3,"name":"FUNDA GATOR P\/GUITARRA GB-4G-CLASSIC"}]},{"@type":"WebSite","@id":"https:\/\/www.mexicanguitarplayers.com\/#website","url":"https:\/\/www.mexicanguitarplayers.com\/","name":"Mexican Guitar Players","description":"Website","publisher":{"@id":"https:\/\/www.mexicanguitarplayers.com\/#organization"},"potentialAction":[{"@type":"SearchAction","target":{"@type":"EntryPoint","urlTemplate":"https:\/\/www.mexicanguitarplayers.com\/?s={search_term_string}"},"query-input":{"@type":"PropertyValueSpecification","valueRequired":true,"valueName":"search_term_string"}}],"inLanguage":"en-US"},{"@type":"Organization","@id":"https:\/\/www.mexicanguitarplayers.com\/#organization","name":"Mexican Guitar Players","url":"https:\/\/www.mexicanguitarplayers.com\/","logo":{"@type":"ImageObject","inLanguage":"en-US","@id":"https:\/\/www.mexicanguitarplayers.com\/#\/schema\/logo\/image\/","url":"","contentUrl":"","caption":"Mexican Guitar Players"},"image":{"@id":"https:\/\/www.mexicanguitarplayers.com\/#\/schema\/logo\/image\/"}}]}},"brands":[{"id":572,"name":"GATOR","slug":"gator"}],"_links":{"self":[{"href":"https:\/\/www.mexicanguitarplayers.com\/en\/wp-json\/wp\/v2\/product\/39293","targetHints":{"allow":["GET"]}}],"collection":[{"href":"https:\/\/www.mexicanguitarplayers.com\/en\/wp-json\/wp\/v2\/product"}],"about":[{"href":"https:\/\/www.mexicanguitarplayers.com\/en\/wp-json\/wp\/v2\/types\/product"}],"replies":[{"embeddable":true,"href":"https:\/\/www.mexicanguitarplayers.com\/en\/wp-json\/wp\/v2\/comments?post=39293"}],"wp:featuredmedia":[{"embeddable":true,"href":"https:\/\/www.mexicanguitarplayers.com\/en\/wp-json\/wp\/v2\/media\/39285"}],"wp:attachment":[{"href":"https:\/\/www.mexicanguitarplayers.com\/en\/wp-json\/wp\/v2\/media?parent=39293"}],"wp:term":[{"taxonomy":"pwb-brand","embeddable":true,"href":"https:\/\/www.mexicanguitarplayers.com\/en\/wp-json\/wp\/v2\/pwb-brand?post=39293"},{"taxonomy":"product_brand","embeddable":true,"href":"https:\/\/www.mexicanguitarplayers.com\/en\/wp-json\/wp\/v2\/product_brand?post=39293"},{"taxonomy":"product_cat","embeddable":true,"href":"https:\/\/www.mexicanguitarplayers.com\/en\/wp-json\/wp\/v2\/product_cat?post=39293"},{"taxonomy":"product_tag","embeddable":true,"href":"https:\/\/www.mexicanguitarplayers.com\/en\/wp-json\/wp\/v2\/product_tag?post=39293"}],"curies":[{"name":"wp","href":"https:\/\/api.w.org\/{rel}","templated":true}]}}