{"id":39336,"date":"2025-04-09T06:34:46","date_gmt":"2025-04-09T12:34:46","guid":{"rendered":"https:\/\/www.mexicanguitarplayers.com\/tienda\/sin categor\u00eda\/pastilla-fishman-fluence-mod-prf-cc6-lb2\/"},"modified":"2026-04-10T04:21:34","modified_gmt":"2026-04-10T10:21:34","slug":"pastilla-fishman-fluence-mod-prf-cc6-lb2","status":"publish","type":"product","link":"https:\/\/www.mexicanguitarplayers.com\/en\/tienda\/accesorios\/para-guitarras\/pastillas-para-guitarra-electrica\/pastilla-fishman-fluence-mod-prf-cc6-lb2\/","title":{"rendered":"PASTILLA FISHMAN FLUENCE MOD. PRF-CC6-LB2"},"content":{"rendered":"<div style=\"text-align: justify\">\n<div>\n<h3>El sello de Scott LePage.<\/h3>\n<\/div>\n<div>El guitarrista de Polyphia, Scott LePage, ha estadop empujando los l\u00edmites de la m\u00fasica de guitarra desde el 2013. Desde entonces, Polyphonia ha continuado cambiando g\u00e9neros entrelazando intrincados riffs de guitarra con ritmos de hip-hop, m\u00fasica trap con graves pesados y metal retorcido con su propio estilo \u00fanico y refrescante mezcla. Despu\u00e9s de que Fishman instal\u00f3 un ser de humbuckers Fluence en su guitarra en vivo, la perspectiva de Scott \u00b4sobre sus leads cambi\u00f3 a medida que aumentaban sus opciones de versatilidad sonora. La pastilla Scott es una Open Core Classic Humbucker con un ligero cambio est\u00e9tico que destaca una nueva apariencia de la l\u00ednea Fluence. Estas pastillas vendr\u00e1n en cubiertas blancas y negras acentuadas con slugs y tornillos dorados.  Pastilla de brazo de 3 voces. Voz 1: (Vintage PAF): EL tono de brazo PAF ideal y escurridizo con la din\u00e1mica y el nivel de salida que deseas. Voz 2: (Claro, aireado, repicado): Un tono de brazo exclusivo de Fluece con agudos irreales, rango medio vocal y graves ajustados. Voz 3: (Claro, vintage, single-coil). Pastilla de puente de 3 voces. Voz 1: (Vintage PAF): El tono humbucker de puente PAF vintage ideal  calibrado con el nivel de salida perfecto. Voz 2: (Classic Hot Rod): El tono humbucker de puente hot rodded por excelencia sin todo el equipaje. Voz 3: (Single-coil ligeramente sobrecargada). Pastillas serie Scott LePage Custom. Son multi-voz. Configura y olvida o con\u00e9ctalo para alternar entre tres voces musicalmente complementarias. Reemplaza tus pastillas humbucker est\u00e1ndar. Son recargables en tu guitarra. El paquete de bater\u00eda de litio opcional (no incluido) ofrece m\u00e1s horas de reproducci\u00f3n entre cargas que una bater\u00eda est\u00e1ndar de 9V.<\/div>\n<div>\n<h4>Quick look<\/h4>\n<\/div>\n<ul style=\"margin: 0px 0px 0px 25px\">\n<li style=\"list-style-type: circle;margin: 5px\">Frecuencia pico brazo.<\/li>\n<li style=\"list-style-type: circle;margin: 5px\">Frecuencia pico puente.<\/li>\n<li style=\"list-style-type: circle;margin: 5px\">Material magn\u00e9tico.<\/li>\n<li style=\"list-style-type: circle;margin: 5px\">Circuito magn\u00e9tico.<\/li>\n<li style=\"list-style-type: circle;margin: 5px\">Output impedance.<\/li>\n<li style=\"list-style-type: circle;margin: 5px\">Espacio de polo brazo.<\/li>\n<li style=\"list-style-type: circle;margin: 5px\">Espacio de polo puente.<\/li>\n<li style=\"list-style-type: circle;margin: 5px\">Consumo de corriente.<\/li>\n<li style=\"list-style-type: circle;margin: 5px\">Drums.<\/li>\n<li style=\"list-style-type: circle;margin: 5px\">Vida de la bater\u00eda.<\/li>\n<\/ul>\n<div>\n<div style=\"font-weight: bold\">Frecuencia pico brazo.<\/div>\n<div>\n<p>Voz 1: 3 kHz, Voz 2: 4.7 kHz, 360 Hz, Voz 3: 5 kHz.<\/p>\n<\/div>\n<div style=\"font-weight: bold\">Frecuencia pico puente.<\/div>\n<div>\n<p>Voz 1: 2.4 kHz, Voz 2: 1.7 kHz, Voz 3: 4 kHz.<\/p>\n<\/div>\n<div style=\"font-weight: bold\">Material magn\u00e9tico.<\/div>\n<div>\n<p>Alnico V.<\/p>\n<\/div>\n<div style=\"font-weight: bold\">Circuito magn\u00e9tico.<\/div>\n<div>\n<p>Imanes de barra con polos.<\/p>\n<\/div>\n<div style=\"font-weight: bold\">Output impedance.<\/div>\n<div>\n<p>2 kilo-ohms.<\/p>\n<\/div>\n<div style=\"font-weight: bold\">Espacio de polo brazo.<\/div>\n<div>\n<p>49 mm.<\/p>\n<\/div>\n<div style=\"font-weight: bold\">Espacio de polo puente.<\/div>\n<div>\n<p>52.6 mm.<\/p>\n<\/div>\n<div style=\"font-weight: bold\">Consumo de corriente.<\/div>\n<div>\n<p>2.5 mA.<\/p>\n<\/div>\n<div style=\"font-weight: bold\">Drums.<\/div>\n<div>\n<p>9V o paquete <\/p>\n<\/div>\n<div style=\"font-weight: bold\">Vida de la bater\u00eda.<\/div>\n<div>\n<p>Hasta 200 horas.<\/p>\n<\/div>\n<\/div>\n<\/div>","protected":false},"excerpt":{"rendered":"<p>Set de pastillas para guitarra el\u00e9ctrica, dise\u00f1adas para satisfacer las diversas necesidades tonales del sonido caracter\u00edstico de Scott LePage, funcionalidad de 3 voces que proporciona una variedad infinita de tonos flexibles, desde ac\u00fasticos o single-coil hasta ricos y abrasadores humbuckers, push-pull, pots, alambres cables, resortes y tornillos incluidos para un completo reemplazo de tus pastillas existentes, incluye manual de instalaci\u00f3n y gu\u00eda del usuario, frecuencia pico brazo: voz 1: 3 kHz, voz 2: 4.7 kHz, 360 Hz, voz 3: 5 kHz, frecuencia pico puente: voz 1: 2.4 kHz, voz 2: 1.7 kHz, voz 3: 4 kHz, im\u00e1n: Alnico V, circuito magn\u00e9tico: imanes de barra con polos, impedancia de salida: 2 kilo-ohms, espacio de polo brazo: 49 mm, espacio de polo puente: 52.6 mm, consumo de corriente: 2.5 mA, bater\u00eda: 9V o paquete de bater\u00eda recargable opcional (no incluido), duraci\u00f3n de hasta 200 horas.&hellip; <a class=\"kt-excerpt-readmore more-link\" href=\"https:\/\/www.mexicanguitarplayers.com\/en\/tienda\/accesorios\/para-guitarras\/pastillas-para-guitarra-electrica\/pastilla-fishman-fluence-mod-prf-cc6-lb2\/\">Read more<\/a><\/p>","protected":false},"featured_media":39334,"comment_status":"open","ping_status":"closed","template":"","meta":{"kt_blocks_editor_width":""},"pwb-brand":[248],"product_brand":[],"product_cat":[85,336,353],"product_tag":[],"class_list":{"0":"post-39336","1":"product","2":"type-product","3":"status-publish","4":"has-post-thumbnail","6":"pwb-brand-fishman","7":"product_cat-accesorios","8":"product_cat-para-guitarras","9":"product_cat-pastillas-para-guitarra-electrica","10":"product_shipping_class-0-5-kg","12":"first","13":"outofstock","14":"taxable","15":"shipping-taxable","16":"purchasable","17":"product-type-simple"},"yoast_head":"<!-- This site is optimized with the Yoast SEO plugin v27.5 - https:\/\/yoast.com\/product\/yoast-seo-wordpress\/ -->\n<title>PASTILLA FISHMAN FLUENCE MOD. PRF-CC6-LB2 - Mexican Guitar Players<\/title>\n<meta name=\"description\" content=\"Set de pastillas para guitarra el\u00e9ctrica, dise\u00f1adas para satisfacer las diversas necesidades tonales del sonido caracter\u00edstico de Scott LePage, funcionalidad de 3 voces que proporciona una variedad infinita de tonos flexibles, desde ac\u00fasticos o single-coil hasta ricos y abrasadores humbuckers, push-pull, pots, alambres cables, resortes y tornillos incluidos para un completo reemplazo de tus pastillas existentes, incluye manual de instalaci\u00f3n y gu\u00eda del usuario, frecuencia pico brazo: voz 1: 3 kHz, voz 2: 4.7 kHz, 360 Hz, voz 3: 5 kHz, frecuencia pico puente: voz 1: 2.4 kHz, voz 2: 1.7 kHz, voz 3: 4 kHz, im\u00e1n: Alnico V, circuito magn\u00e9tico: imanes de barra con polos, impedancia de salida: 2 kilo-ohms, espacio de polo brazo: 49 mm, espacio de polo puente: 52.6 mm, consumo de corriente: 2.5 mA, bater\u00eda: 9V o paquete de bater\u00eda recargable opcional (no incluido), duraci\u00f3n de hasta 200 horas.\" \/>\n<meta name=\"robots\" content=\"index, follow, max-snippet:-1, max-image-preview:large, max-video-preview:-1\" \/>\n<link rel=\"canonical\" href=\"https:\/\/www.mexicanguitarplayers.com\/en\/tienda\/sin%20categor\u00eda\/pastilla-fishman-fluence-mod-prf-cc6-lb2\/\" \/>\n<meta property=\"og:locale\" content=\"en_US\" \/>\n<meta property=\"og:type\" content=\"article\" \/>\n<meta property=\"og:title\" content=\"PASTILLA FISHMAN FLUENCE MOD. PRF-CC6-LB2 - Mexican Guitar Players\" \/>\n<meta property=\"og:description\" content=\"Set de pastillas para guitarra el\u00e9ctrica, dise\u00f1adas para satisfacer las diversas necesidades tonales del sonido caracter\u00edstico de Scott LePage, funcionalidad de 3 voces que proporciona una variedad infinita de tonos flexibles, desde ac\u00fasticos o single-coil hasta ricos y abrasadores humbuckers, push-pull, pots, alambres cables, resortes y tornillos incluidos para un completo reemplazo de tus pastillas existentes, incluye manual de instalaci\u00f3n y gu\u00eda del usuario, frecuencia pico brazo: voz 1: 3 kHz, voz 2: 4.7 kHz, 360 Hz, voz 3: 5 kHz, frecuencia pico puente: voz 1: 2.4 kHz, voz 2: 1.7 kHz, voz 3: 4 kHz, im\u00e1n: Alnico V, circuito magn\u00e9tico: imanes de barra con polos, impedancia de salida: 2 kilo-ohms, espacio de polo brazo: 49 mm, espacio de polo puente: 52.6 mm, consumo de corriente: 2.5 mA, bater\u00eda: 9V o paquete de bater\u00eda recargable opcional (no incluido), duraci\u00f3n de hasta 200 horas.\" \/>\n<meta property=\"og:url\" content=\"https:\/\/www.mexicanguitarplayers.com\/en\/tienda\/sin categor\u00eda\/pastilla-fishman-fluence-mod-prf-cc6-lb2\/\" \/>\n<meta property=\"og:site_name\" content=\"Mexican Guitar Players\" \/>\n<meta property=\"article:modified_time\" content=\"2026-04-10T10:21:34+00:00\" \/>\n<meta name=\"twitter:card\" content=\"summary_large_image\" \/>\n<meta name=\"twitter:label1\" content=\"Est. reading time\" \/>\n\t<meta name=\"twitter:data1\" content=\"2 minutes\" \/>\n<script type=\"application\/ld+json\" class=\"yoast-schema-graph\">{\"@context\":\"https:\\\/\\\/schema.org\",\"@graph\":[{\"@type\":[\"WebPage\",\"ItemPage\"],\"@id\":\"https:\\\/\\\/www.mexicanguitarplayers.com\\\/tienda\\\/sin categor\u00eda\\\/pastilla-fishman-fluence-mod-prf-cc6-lb2\\\/\",\"url\":\"https:\\\/\\\/www.mexicanguitarplayers.com\\\/tienda\\\/sin categor\u00eda\\\/pastilla-fishman-fluence-mod-prf-cc6-lb2\\\/\",\"name\":\"PASTILLA FISHMAN FLUENCE MOD. PRF-CC6-LB2 - Mexican Guitar Players\",\"isPartOf\":{\"@id\":\"https:\\\/\\\/www.mexicanguitarplayers.com\\\/#website\"},\"primaryImageOfPage\":{\"@id\":\"https:\\\/\\\/www.mexicanguitarplayers.com\\\/tienda\\\/sin categor\u00eda\\\/pastilla-fishman-fluence-mod-prf-cc6-lb2\\\/#primaryimage\"},\"image\":{\"@id\":\"https:\\\/\\\/www.mexicanguitarplayers.com\\\/tienda\\\/sin categor\u00eda\\\/pastilla-fishman-fluence-mod-prf-cc6-lb2\\\/#primaryimage\"},\"thumbnailUrl\":\"https:\\\/\\\/www.mexicanguitarplayers.com\\\/wp-content\\\/uploads\\\/2025\\\/04\\\/RAFISPRFCC6LB2.jpg\",\"datePublished\":\"2025-04-09T12:34:46+00:00\",\"dateModified\":\"2026-04-10T10:21:34+00:00\",\"description\":\"Set de pastillas para guitarra el\u00e9ctrica, dise\u00f1adas para satisfacer las diversas necesidades tonales del sonido caracter\u00edstico de Scott LePage, funcionalidad de 3 voces que proporciona una variedad infinita de tonos flexibles, desde ac\u00fasticos o single-coil hasta ricos y abrasadores humbuckers, push-pull, pots, alambres cables, resortes y tornillos incluidos para un completo reemplazo de tus pastillas existentes, incluye manual de instalaci\u00f3n y gu\u00eda del usuario, frecuencia pico brazo: voz 1: 3 kHz, voz 2: 4.7 kHz, 360 Hz, voz 3: 5 kHz, frecuencia pico puente: voz 1: 2.4 kHz, voz 2: 1.7 kHz, voz 3: 4 kHz, im\u00e1n: Alnico V, circuito magn\u00e9tico: imanes de barra con polos, impedancia de salida: 2 kilo-ohms, espacio de polo brazo: 49 mm, espacio de polo puente: 52.6 mm, consumo de corriente: 2.5 mA, bater\u00eda: 9V o paquete de bater\u00eda recargable opcional (no incluido), duraci\u00f3n de hasta 200 horas.\",\"breadcrumb\":{\"@id\":\"https:\\\/\\\/www.mexicanguitarplayers.com\\\/tienda\\\/sin categor\u00eda\\\/pastilla-fishman-fluence-mod-prf-cc6-lb2\\\/#breadcrumb\"},\"inLanguage\":\"en-US\",\"potentialAction\":[{\"@type\":\"ReadAction\",\"target\":[\"https:\\\/\\\/www.mexicanguitarplayers.com\\\/tienda\\\/sin categor\u00eda\\\/pastilla-fishman-fluence-mod-prf-cc6-lb2\\\/\"]}]},{\"@type\":\"ImageObject\",\"inLanguage\":\"en-US\",\"@id\":\"https:\\\/\\\/www.mexicanguitarplayers.com\\\/tienda\\\/sin categor\u00eda\\\/pastilla-fishman-fluence-mod-prf-cc6-lb2\\\/#primaryimage\",\"url\":\"https:\\\/\\\/www.mexicanguitarplayers.com\\\/wp-content\\\/uploads\\\/2025\\\/04\\\/RAFISPRFCC6LB2.jpg\",\"contentUrl\":\"https:\\\/\\\/www.mexicanguitarplayers.com\\\/wp-content\\\/uploads\\\/2025\\\/04\\\/RAFISPRFCC6LB2.jpg\",\"width\":1200,\"height\":1200},{\"@type\":\"BreadcrumbList\",\"@id\":\"https:\\\/\\\/www.mexicanguitarplayers.com\\\/tienda\\\/sin categor\u00eda\\\/pastilla-fishman-fluence-mod-prf-cc6-lb2\\\/#breadcrumb\",\"itemListElement\":[{\"@type\":\"ListItem\",\"position\":1,\"name\":\"Portada\",\"item\":\"https:\\\/\\\/www.mexicanguitarplayers.com\\\/\"},{\"@type\":\"ListItem\",\"position\":2,\"name\":\"Tienda\",\"item\":\"https:\\\/\\\/www.mexicanguitarplayers.com\\\/tienda\\\/\"},{\"@type\":\"ListItem\",\"position\":3,\"name\":\"PASTILLA FISHMAN FLUENCE MOD. PRF-CC6-LB2\"}]},{\"@type\":\"WebSite\",\"@id\":\"https:\\\/\\\/www.mexicanguitarplayers.com\\\/#website\",\"url\":\"https:\\\/\\\/www.mexicanguitarplayers.com\\\/\",\"name\":\"Mexican Guitar Players\",\"description\":\"Website\",\"publisher\":{\"@id\":\"https:\\\/\\\/www.mexicanguitarplayers.com\\\/#organization\"},\"potentialAction\":[{\"@type\":\"SearchAction\",\"target\":{\"@type\":\"EntryPoint\",\"urlTemplate\":\"https:\\\/\\\/www.mexicanguitarplayers.com\\\/?s={search_term_string}\"},\"query-input\":{\"@type\":\"PropertyValueSpecification\",\"valueRequired\":true,\"valueName\":\"search_term_string\"}}],\"inLanguage\":\"en-US\"},{\"@type\":\"Organization\",\"@id\":\"https:\\\/\\\/www.mexicanguitarplayers.com\\\/#organization\",\"name\":\"Mexican Guitar Players\",\"url\":\"https:\\\/\\\/www.mexicanguitarplayers.com\\\/\",\"logo\":{\"@type\":\"ImageObject\",\"inLanguage\":\"en-US\",\"@id\":\"https:\\\/\\\/www.mexicanguitarplayers.com\\\/#\\\/schema\\\/logo\\\/image\\\/\",\"url\":\"\",\"contentUrl\":\"\",\"caption\":\"Mexican Guitar Players\"},\"image\":{\"@id\":\"https:\\\/\\\/www.mexicanguitarplayers.com\\\/#\\\/schema\\\/logo\\\/image\\\/\"}}]}<\/script>\n<!-- \/ Yoast SEO plugin. -->","yoast_head_json":{"title":"PASTILLA FISHMAN FLUENCE MOD. PRF-CC6-LB2 - Mexican Guitar Players","description":"Set de pastillas para guitarra el\u00e9ctrica, dise\u00f1adas para satisfacer las diversas necesidades tonales del sonido caracter\u00edstico de Scott LePage, funcionalidad de 3 voces que proporciona una variedad infinita de tonos flexibles, desde ac\u00fasticos o single-coil hasta ricos y abrasadores humbuckers, push-pull, pots, alambres cables, resortes y tornillos incluidos para un completo reemplazo de tus pastillas existentes, incluye manual de instalaci\u00f3n y gu\u00eda del usuario, frecuencia pico brazo: voz 1: 3 kHz, voz 2: 4.7 kHz, 360 Hz, voz 3: 5 kHz, frecuencia pico puente: voz 1: 2.4 kHz, voz 2: 1.7 kHz, voz 3: 4 kHz, im\u00e1n: Alnico V, circuito magn\u00e9tico: imanes de barra con polos, impedancia de salida: 2 kilo-ohms, espacio de polo brazo: 49 mm, espacio de polo puente: 52.6 mm, consumo de corriente: 2.5 mA, bater\u00eda: 9V o paquete de bater\u00eda recargable opcional (no incluido), duraci\u00f3n de hasta 200 horas.","robots":{"index":"index","follow":"follow","max-snippet":"max-snippet:-1","max-image-preview":"max-image-preview:large","max-video-preview":"max-video-preview:-1"},"canonical":"https:\/\/www.mexicanguitarplayers.com\/en\/tienda\/sin categor\u00eda\/pastilla-fishman-fluence-mod-prf-cc6-lb2\/","og_locale":"en_US","og_type":"article","og_title":"PASTILLA FISHMAN FLUENCE MOD. PRF-CC6-LB2 - Mexican Guitar Players","og_description":"Set de pastillas para guitarra el\u00e9ctrica, dise\u00f1adas para satisfacer las diversas necesidades tonales del sonido caracter\u00edstico de Scott LePage, funcionalidad de 3 voces que proporciona una variedad infinita de tonos flexibles, desde ac\u00fasticos o single-coil hasta ricos y abrasadores humbuckers, push-pull, pots, alambres cables, resortes y tornillos incluidos para un completo reemplazo de tus pastillas existentes, incluye manual de instalaci\u00f3n y gu\u00eda del usuario, frecuencia pico brazo: voz 1: 3 kHz, voz 2: 4.7 kHz, 360 Hz, voz 3: 5 kHz, frecuencia pico puente: voz 1: 2.4 kHz, voz 2: 1.7 kHz, voz 3: 4 kHz, im\u00e1n: Alnico V, circuito magn\u00e9tico: imanes de barra con polos, impedancia de salida: 2 kilo-ohms, espacio de polo brazo: 49 mm, espacio de polo puente: 52.6 mm, consumo de corriente: 2.5 mA, bater\u00eda: 9V o paquete de bater\u00eda recargable opcional (no incluido), duraci\u00f3n de hasta 200 horas.","og_url":"https:\/\/www.mexicanguitarplayers.com\/en\/tienda\/sin categor\u00eda\/pastilla-fishman-fluence-mod-prf-cc6-lb2\/","og_site_name":"Mexican Guitar Players","article_modified_time":"2026-04-10T10:21:34+00:00","twitter_card":"summary_large_image","twitter_misc":{"Est. reading time":"2 minutes"},"schema":{"@context":"https:\/\/schema.org","@graph":[{"@type":["WebPage","ItemPage"],"@id":"https:\/\/www.mexicanguitarplayers.com\/tienda\/sin categor\u00eda\/pastilla-fishman-fluence-mod-prf-cc6-lb2\/","url":"https:\/\/www.mexicanguitarplayers.com\/tienda\/sin categor\u00eda\/pastilla-fishman-fluence-mod-prf-cc6-lb2\/","name":"PASTILLA FISHMAN FLUENCE MOD. PRF-CC6-LB2 - Mexican Guitar Players","isPartOf":{"@id":"https:\/\/www.mexicanguitarplayers.com\/#website"},"primaryImageOfPage":{"@id":"https:\/\/www.mexicanguitarplayers.com\/tienda\/sin categor\u00eda\/pastilla-fishman-fluence-mod-prf-cc6-lb2\/#primaryimage"},"image":{"@id":"https:\/\/www.mexicanguitarplayers.com\/tienda\/sin categor\u00eda\/pastilla-fishman-fluence-mod-prf-cc6-lb2\/#primaryimage"},"thumbnailUrl":"https:\/\/www.mexicanguitarplayers.com\/wp-content\/uploads\/2025\/04\/RAFISPRFCC6LB2.jpg","datePublished":"2025-04-09T12:34:46+00:00","dateModified":"2026-04-10T10:21:34+00:00","description":"Set de pastillas para guitarra el\u00e9ctrica, dise\u00f1adas para satisfacer las diversas necesidades tonales del sonido caracter\u00edstico de Scott LePage, funcionalidad de 3 voces que proporciona una variedad infinita de tonos flexibles, desde ac\u00fasticos o single-coil hasta ricos y abrasadores humbuckers, push-pull, pots, alambres cables, resortes y tornillos incluidos para un completo reemplazo de tus pastillas existentes, incluye manual de instalaci\u00f3n y gu\u00eda del usuario, frecuencia pico brazo: voz 1: 3 kHz, voz 2: 4.7 kHz, 360 Hz, voz 3: 5 kHz, frecuencia pico puente: voz 1: 2.4 kHz, voz 2: 1.7 kHz, voz 3: 4 kHz, im\u00e1n: Alnico V, circuito magn\u00e9tico: imanes de barra con polos, impedancia de salida: 2 kilo-ohms, espacio de polo brazo: 49 mm, espacio de polo puente: 52.6 mm, consumo de corriente: 2.5 mA, bater\u00eda: 9V o paquete de bater\u00eda recargable opcional (no incluido), duraci\u00f3n de hasta 200 horas.","breadcrumb":{"@id":"https:\/\/www.mexicanguitarplayers.com\/tienda\/sin categor\u00eda\/pastilla-fishman-fluence-mod-prf-cc6-lb2\/#breadcrumb"},"inLanguage":"en-US","potentialAction":[{"@type":"ReadAction","target":["https:\/\/www.mexicanguitarplayers.com\/tienda\/sin categor\u00eda\/pastilla-fishman-fluence-mod-prf-cc6-lb2\/"]}]},{"@type":"ImageObject","inLanguage":"en-US","@id":"https:\/\/www.mexicanguitarplayers.com\/tienda\/sin categor\u00eda\/pastilla-fishman-fluence-mod-prf-cc6-lb2\/#primaryimage","url":"https:\/\/www.mexicanguitarplayers.com\/wp-content\/uploads\/2025\/04\/RAFISPRFCC6LB2.jpg","contentUrl":"https:\/\/www.mexicanguitarplayers.com\/wp-content\/uploads\/2025\/04\/RAFISPRFCC6LB2.jpg","width":1200,"height":1200},{"@type":"BreadcrumbList","@id":"https:\/\/www.mexicanguitarplayers.com\/tienda\/sin categor\u00eda\/pastilla-fishman-fluence-mod-prf-cc6-lb2\/#breadcrumb","itemListElement":[{"@type":"ListItem","position":1,"name":"Portada","item":"https:\/\/www.mexicanguitarplayers.com\/"},{"@type":"ListItem","position":2,"name":"Tienda","item":"https:\/\/www.mexicanguitarplayers.com\/tienda\/"},{"@type":"ListItem","position":3,"name":"PASTILLA FISHMAN FLUENCE MOD. PRF-CC6-LB2"}]},{"@type":"WebSite","@id":"https:\/\/www.mexicanguitarplayers.com\/#website","url":"https:\/\/www.mexicanguitarplayers.com\/","name":"Mexican Guitar Players","description":"Website","publisher":{"@id":"https:\/\/www.mexicanguitarplayers.com\/#organization"},"potentialAction":[{"@type":"SearchAction","target":{"@type":"EntryPoint","urlTemplate":"https:\/\/www.mexicanguitarplayers.com\/?s={search_term_string}"},"query-input":{"@type":"PropertyValueSpecification","valueRequired":true,"valueName":"search_term_string"}}],"inLanguage":"en-US"},{"@type":"Organization","@id":"https:\/\/www.mexicanguitarplayers.com\/#organization","name":"Mexican Guitar Players","url":"https:\/\/www.mexicanguitarplayers.com\/","logo":{"@type":"ImageObject","inLanguage":"en-US","@id":"https:\/\/www.mexicanguitarplayers.com\/#\/schema\/logo\/image\/","url":"","contentUrl":"","caption":"Mexican Guitar Players"},"image":{"@id":"https:\/\/www.mexicanguitarplayers.com\/#\/schema\/logo\/image\/"}}]}},"brands":[{"id":248,"name":"FISHMAN","slug":"fishman"}],"_links":{"self":[{"href":"https:\/\/www.mexicanguitarplayers.com\/en\/wp-json\/wp\/v2\/product\/39336","targetHints":{"allow":["GET"]}}],"collection":[{"href":"https:\/\/www.mexicanguitarplayers.com\/en\/wp-json\/wp\/v2\/product"}],"about":[{"href":"https:\/\/www.mexicanguitarplayers.com\/en\/wp-json\/wp\/v2\/types\/product"}],"replies":[{"embeddable":true,"href":"https:\/\/www.mexicanguitarplayers.com\/en\/wp-json\/wp\/v2\/comments?post=39336"}],"wp:featuredmedia":[{"embeddable":true,"href":"https:\/\/www.mexicanguitarplayers.com\/en\/wp-json\/wp\/v2\/media\/39334"}],"wp:attachment":[{"href":"https:\/\/www.mexicanguitarplayers.com\/en\/wp-json\/wp\/v2\/media?parent=39336"}],"wp:term":[{"taxonomy":"pwb-brand","embeddable":true,"href":"https:\/\/www.mexicanguitarplayers.com\/en\/wp-json\/wp\/v2\/pwb-brand?post=39336"},{"taxonomy":"product_brand","embeddable":true,"href":"https:\/\/www.mexicanguitarplayers.com\/en\/wp-json\/wp\/v2\/product_brand?post=39336"},{"taxonomy":"product_cat","embeddable":true,"href":"https:\/\/www.mexicanguitarplayers.com\/en\/wp-json\/wp\/v2\/product_cat?post=39336"},{"taxonomy":"product_tag","embeddable":true,"href":"https:\/\/www.mexicanguitarplayers.com\/en\/wp-json\/wp\/v2\/product_tag?post=39336"}],"curies":[{"name":"wp","href":"https:\/\/api.w.org\/{rel}","templated":true}]}}