{"id":39380,"date":"2025-04-09T06:35:47","date_gmt":"2025-04-09T12:35:47","guid":{"rendered":"https:\/\/www.mexicanguitarplayers.com\/tienda\/sin categor\u00eda\/pedal-hotone-mod-slp-2-wally\/"},"modified":"2026-04-10T04:21:28","modified_gmt":"2026-04-10T10:21:28","slug":"pedal-hotone-mod-slp-2-wally","status":"publish","type":"product","link":"https:\/\/www.mexicanguitarplayers.com\/en\/tienda\/cuerdas\/efectos\/efectos-individuales\/pedal-hotone-mod-slp-2-wally\/","title":{"rendered":"PEDAL HOTONE   MOD. SLP-2 WALLY+"},"content":{"rendered":"<div style=\"text-align: justify\">\n<div>\n<h3>Graba y reproduce tus mejores riffs.<\/h3>\n<\/div>\n<div>Wally + fue dise\u00f1ado en la plataforma inteligente y simple Wally Looper de Hotone y luego mejorado en t\u00e9rminos de potencia, usabilidad y sofisticaci\u00f3n. Los fan\u00e1ticos de Wally apreciar\u00e1n los controles de E\/S independientes y la perilla \u00fanica Tempo. Las caracter\u00edsticas aumentadas incluyen calidad de grabaci\u00f3n\/reproducci\u00f3n de 44.1 kHz a 24 bits, almacenamiento interno de 8 GB y 11 bancos de frases de bucle salvables. Wally + tiene USB incorporado para poder importar, exportar y administrar tus frases de loop con el software para PC \/ Mac incluido.<\/div>\n<div>\n<h4>Characteristics<\/h4>\n<\/div>\n<div>\n<ul style=\"margin: 0px 0px 0px 25px\">\n<li style=\"list-style-type: circle;margin: 5px\">Pedal de grabaci\u00f3n y reproducci\u00f3n de alta calidad.<\/li>\n<li style=\"list-style-type: circle;margin: 5px\">24 bits a 4.1 kHz.<\/li>\n<li style=\"list-style-type: circle;margin: 5px\">Bot\u00f3n SAVE.<\/li>\n<li style=\"list-style-type: circle;margin: 5px\">11 bancos para almacenamiento.<\/li>\n<li style=\"list-style-type: circle;margin: 5px\">8 Gb de almacenamiento interno.<\/li>\n<li style=\"list-style-type: circle;margin: 5px\">USB port.<\/li>\n<li style=\"list-style-type: circle;margin: 5px\">Cambia tempo del loop y volumen sobre la marcha.<\/li>\n<li style=\"list-style-type: circle;margin: 5px\">Tiempo m\u00e1ximo de grabaci\u00f3n: 330 minutos.<\/li>\n<\/ul>\n<\/div>\n<\/div>","protected":false},"excerpt":{"rendered":"<p>Pedal de grabaci\u00f3n y reproducci\u00f3n de alta calidad de 24 bits a 4.1 kHz, bot\u00f3n SAVE para guardar tus m\u00e1s inspiradores loops, 11 bancos para almacenamiento, 8 Gb de almacenamiento interno, importa, exporta y maneja tus canciones por medio de USB, software gratuito en PC y Mac, cambia el tempo del loop y el volumen sobre la marcha, tiempo m\u00e1ximo de grabaci\u00f3n: 330 minutos (m\u00e1ximo 30 minutos en cada banco).&hellip; <a class=\"kt-excerpt-readmore more-link\" href=\"https:\/\/www.mexicanguitarplayers.com\/en\/tienda\/cuerdas\/efectos\/efectos-individuales\/pedal-hotone-mod-slp-2-wally\/\">Read more<\/a><\/p>","protected":false},"featured_media":39378,"comment_status":"open","ping_status":"closed","template":"","meta":{"kt_blocks_editor_width":""},"pwb-brand":[183],"product_brand":[],"product_cat":[224,241,504],"product_tag":[],"class_list":{"0":"post-39380","1":"product","2":"type-product","3":"status-publish","4":"has-post-thumbnail","6":"pwb-brand-hotone","7":"product_cat-cuerdas","8":"product_cat-efectos","9":"product_cat-efectos-individuales","10":"product_shipping_class-0-5-kg","12":"first","13":"outofstock","14":"taxable","15":"shipping-taxable","16":"purchasable","17":"product-type-simple"},"yoast_head":"<!-- This site is optimized with the Yoast SEO plugin v27.5 - https:\/\/yoast.com\/product\/yoast-seo-wordpress\/ -->\n<title>PEDAL HOTONE  MOD. SLP-2 WALLY+ - Mexican Guitar Players<\/title>\n<meta name=\"description\" content=\"Pedal de grabaci\u00f3n y reproducci\u00f3n de alta calidad de 24 bits a 4.1 kHz, bot\u00f3n SAVE para guardar tus m\u00e1s inspiradores loops, 11 bancos para almacenamiento, 8 Gb de almacenamiento interno, importa, exporta y maneja tus canciones por medio de USB, software gratuito en PC y Mac, cambia el tempo del loop y el volumen sobre la marcha, tiempo m\u00e1ximo de grabaci\u00f3n: 330 minutos (m\u00e1ximo 30 minutos en cada banco).\" \/>\n<meta name=\"robots\" content=\"index, follow, max-snippet:-1, max-image-preview:large, max-video-preview:-1\" \/>\n<link rel=\"canonical\" href=\"https:\/\/www.mexicanguitarplayers.com\/en\/tienda\/sin%20categor\u00eda\/pedal-hotone-mod-slp-2-wally\/\" \/>\n<meta property=\"og:locale\" content=\"en_US\" \/>\n<meta property=\"og:type\" content=\"article\" \/>\n<meta property=\"og:title\" content=\"PEDAL HOTONE  MOD. SLP-2 WALLY+ - Mexican Guitar Players\" \/>\n<meta property=\"og:description\" content=\"Pedal de grabaci\u00f3n y reproducci\u00f3n de alta calidad de 24 bits a 4.1 kHz, bot\u00f3n SAVE para guardar tus m\u00e1s inspiradores loops, 11 bancos para almacenamiento, 8 Gb de almacenamiento interno, importa, exporta y maneja tus canciones por medio de USB, software gratuito en PC y Mac, cambia el tempo del loop y el volumen sobre la marcha, tiempo m\u00e1ximo de grabaci\u00f3n: 330 minutos (m\u00e1ximo 30 minutos en cada banco).\" \/>\n<meta property=\"og:url\" content=\"https:\/\/www.mexicanguitarplayers.com\/en\/tienda\/sin categor\u00eda\/pedal-hotone-mod-slp-2-wally\/\" \/>\n<meta property=\"og:site_name\" content=\"Mexican Guitar Players\" \/>\n<meta property=\"article:modified_time\" content=\"2026-04-10T10:21:28+00:00\" \/>\n<meta name=\"twitter:card\" content=\"summary_large_image\" \/>\n<meta name=\"twitter:label1\" content=\"Est. reading time\" \/>\n\t<meta name=\"twitter:data1\" content=\"1 minute\" \/>\n<script type=\"application\/ld+json\" class=\"yoast-schema-graph\">{\"@context\":\"https:\\\/\\\/schema.org\",\"@graph\":[{\"@type\":[\"WebPage\",\"ItemPage\"],\"@id\":\"https:\\\/\\\/www.mexicanguitarplayers.com\\\/tienda\\\/sin categor\u00eda\\\/pedal-hotone-mod-slp-2-wally\\\/\",\"url\":\"https:\\\/\\\/www.mexicanguitarplayers.com\\\/tienda\\\/sin categor\u00eda\\\/pedal-hotone-mod-slp-2-wally\\\/\",\"name\":\"PEDAL HOTONE MOD. SLP-2 WALLY+ - Mexican Guitar Players\",\"isPartOf\":{\"@id\":\"https:\\\/\\\/www.mexicanguitarplayers.com\\\/#website\"},\"primaryImageOfPage\":{\"@id\":\"https:\\\/\\\/www.mexicanguitarplayers.com\\\/tienda\\\/sin categor\u00eda\\\/pedal-hotone-mod-slp-2-wally\\\/#primaryimage\"},\"image\":{\"@id\":\"https:\\\/\\\/www.mexicanguitarplayers.com\\\/tienda\\\/sin categor\u00eda\\\/pedal-hotone-mod-slp-2-wally\\\/#primaryimage\"},\"thumbnailUrl\":\"https:\\\/\\\/www.mexicanguitarplayers.com\\\/wp-content\\\/uploads\\\/2025\\\/04\\\/VAHOTSLP2.jpg\",\"datePublished\":\"2025-04-09T12:35:47+00:00\",\"dateModified\":\"2026-04-10T10:21:28+00:00\",\"description\":\"Pedal de grabaci\u00f3n y reproducci\u00f3n de alta calidad de 24 bits a 4.1 kHz, bot\u00f3n SAVE para guardar tus m\u00e1s inspiradores loops, 11 bancos para almacenamiento, 8 Gb de almacenamiento interno, importa, exporta y maneja tus canciones por medio de USB, software gratuito en PC y Mac, cambia el tempo del loop y el volumen sobre la marcha, tiempo m\u00e1ximo de grabaci\u00f3n: 330 minutos (m\u00e1ximo 30 minutos en cada banco).\",\"breadcrumb\":{\"@id\":\"https:\\\/\\\/www.mexicanguitarplayers.com\\\/tienda\\\/sin categor\u00eda\\\/pedal-hotone-mod-slp-2-wally\\\/#breadcrumb\"},\"inLanguage\":\"en-US\",\"potentialAction\":[{\"@type\":\"ReadAction\",\"target\":[\"https:\\\/\\\/www.mexicanguitarplayers.com\\\/tienda\\\/sin categor\u00eda\\\/pedal-hotone-mod-slp-2-wally\\\/\"]}]},{\"@type\":\"ImageObject\",\"inLanguage\":\"en-US\",\"@id\":\"https:\\\/\\\/www.mexicanguitarplayers.com\\\/tienda\\\/sin categor\u00eda\\\/pedal-hotone-mod-slp-2-wally\\\/#primaryimage\",\"url\":\"https:\\\/\\\/www.mexicanguitarplayers.com\\\/wp-content\\\/uploads\\\/2025\\\/04\\\/VAHOTSLP2.jpg\",\"contentUrl\":\"https:\\\/\\\/www.mexicanguitarplayers.com\\\/wp-content\\\/uploads\\\/2025\\\/04\\\/VAHOTSLP2.jpg\",\"width\":1200,\"height\":1200},{\"@type\":\"BreadcrumbList\",\"@id\":\"https:\\\/\\\/www.mexicanguitarplayers.com\\\/tienda\\\/sin categor\u00eda\\\/pedal-hotone-mod-slp-2-wally\\\/#breadcrumb\",\"itemListElement\":[{\"@type\":\"ListItem\",\"position\":1,\"name\":\"Portada\",\"item\":\"https:\\\/\\\/www.mexicanguitarplayers.com\\\/\"},{\"@type\":\"ListItem\",\"position\":2,\"name\":\"Tienda\",\"item\":\"https:\\\/\\\/www.mexicanguitarplayers.com\\\/tienda\\\/\"},{\"@type\":\"ListItem\",\"position\":3,\"name\":\"PEDAL HOTONE MOD. SLP-2 WALLY+\"}]},{\"@type\":\"WebSite\",\"@id\":\"https:\\\/\\\/www.mexicanguitarplayers.com\\\/#website\",\"url\":\"https:\\\/\\\/www.mexicanguitarplayers.com\\\/\",\"name\":\"Mexican Guitar Players\",\"description\":\"Website\",\"publisher\":{\"@id\":\"https:\\\/\\\/www.mexicanguitarplayers.com\\\/#organization\"},\"potentialAction\":[{\"@type\":\"SearchAction\",\"target\":{\"@type\":\"EntryPoint\",\"urlTemplate\":\"https:\\\/\\\/www.mexicanguitarplayers.com\\\/?s={search_term_string}\"},\"query-input\":{\"@type\":\"PropertyValueSpecification\",\"valueRequired\":true,\"valueName\":\"search_term_string\"}}],\"inLanguage\":\"en-US\"},{\"@type\":\"Organization\",\"@id\":\"https:\\\/\\\/www.mexicanguitarplayers.com\\\/#organization\",\"name\":\"Mexican Guitar Players\",\"url\":\"https:\\\/\\\/www.mexicanguitarplayers.com\\\/\",\"logo\":{\"@type\":\"ImageObject\",\"inLanguage\":\"en-US\",\"@id\":\"https:\\\/\\\/www.mexicanguitarplayers.com\\\/#\\\/schema\\\/logo\\\/image\\\/\",\"url\":\"\",\"contentUrl\":\"\",\"caption\":\"Mexican Guitar Players\"},\"image\":{\"@id\":\"https:\\\/\\\/www.mexicanguitarplayers.com\\\/#\\\/schema\\\/logo\\\/image\\\/\"}}]}<\/script>\n<!-- \/ Yoast SEO plugin. -->","yoast_head_json":{"title":"PEDAL HOTONE  MOD. SLP-2 WALLY+ - Mexican Guitar Players","description":"Pedal de grabaci\u00f3n y reproducci\u00f3n de alta calidad de 24 bits a 4.1 kHz, bot\u00f3n SAVE para guardar tus m\u00e1s inspiradores loops, 11 bancos para almacenamiento, 8 Gb de almacenamiento interno, importa, exporta y maneja tus canciones por medio de USB, software gratuito en PC y Mac, cambia el tempo del loop y el volumen sobre la marcha, tiempo m\u00e1ximo de grabaci\u00f3n: 330 minutos (m\u00e1ximo 30 minutos en cada banco).","robots":{"index":"index","follow":"follow","max-snippet":"max-snippet:-1","max-image-preview":"max-image-preview:large","max-video-preview":"max-video-preview:-1"},"canonical":"https:\/\/www.mexicanguitarplayers.com\/en\/tienda\/sin categor\u00eda\/pedal-hotone-mod-slp-2-wally\/","og_locale":"en_US","og_type":"article","og_title":"PEDAL HOTONE  MOD. SLP-2 WALLY+ - Mexican Guitar Players","og_description":"Pedal de grabaci\u00f3n y reproducci\u00f3n de alta calidad de 24 bits a 4.1 kHz, bot\u00f3n SAVE para guardar tus m\u00e1s inspiradores loops, 11 bancos para almacenamiento, 8 Gb de almacenamiento interno, importa, exporta y maneja tus canciones por medio de USB, software gratuito en PC y Mac, cambia el tempo del loop y el volumen sobre la marcha, tiempo m\u00e1ximo de grabaci\u00f3n: 330 minutos (m\u00e1ximo 30 minutos en cada banco).","og_url":"https:\/\/www.mexicanguitarplayers.com\/en\/tienda\/sin categor\u00eda\/pedal-hotone-mod-slp-2-wally\/","og_site_name":"Mexican Guitar Players","article_modified_time":"2026-04-10T10:21:28+00:00","twitter_card":"summary_large_image","twitter_misc":{"Est. reading time":"1 minute"},"schema":{"@context":"https:\/\/schema.org","@graph":[{"@type":["WebPage","ItemPage"],"@id":"https:\/\/www.mexicanguitarplayers.com\/tienda\/sin categor\u00eda\/pedal-hotone-mod-slp-2-wally\/","url":"https:\/\/www.mexicanguitarplayers.com\/tienda\/sin categor\u00eda\/pedal-hotone-mod-slp-2-wally\/","name":"PEDAL HOTONE MOD. SLP-2 WALLY+ - Mexican Guitar Players","isPartOf":{"@id":"https:\/\/www.mexicanguitarplayers.com\/#website"},"primaryImageOfPage":{"@id":"https:\/\/www.mexicanguitarplayers.com\/tienda\/sin categor\u00eda\/pedal-hotone-mod-slp-2-wally\/#primaryimage"},"image":{"@id":"https:\/\/www.mexicanguitarplayers.com\/tienda\/sin categor\u00eda\/pedal-hotone-mod-slp-2-wally\/#primaryimage"},"thumbnailUrl":"https:\/\/www.mexicanguitarplayers.com\/wp-content\/uploads\/2025\/04\/VAHOTSLP2.jpg","datePublished":"2025-04-09T12:35:47+00:00","dateModified":"2026-04-10T10:21:28+00:00","description":"Pedal de grabaci\u00f3n y reproducci\u00f3n de alta calidad de 24 bits a 4.1 kHz, bot\u00f3n SAVE para guardar tus m\u00e1s inspiradores loops, 11 bancos para almacenamiento, 8 Gb de almacenamiento interno, importa, exporta y maneja tus canciones por medio de USB, software gratuito en PC y Mac, cambia el tempo del loop y el volumen sobre la marcha, tiempo m\u00e1ximo de grabaci\u00f3n: 330 minutos (m\u00e1ximo 30 minutos en cada banco).","breadcrumb":{"@id":"https:\/\/www.mexicanguitarplayers.com\/tienda\/sin categor\u00eda\/pedal-hotone-mod-slp-2-wally\/#breadcrumb"},"inLanguage":"en-US","potentialAction":[{"@type":"ReadAction","target":["https:\/\/www.mexicanguitarplayers.com\/tienda\/sin categor\u00eda\/pedal-hotone-mod-slp-2-wally\/"]}]},{"@type":"ImageObject","inLanguage":"en-US","@id":"https:\/\/www.mexicanguitarplayers.com\/tienda\/sin categor\u00eda\/pedal-hotone-mod-slp-2-wally\/#primaryimage","url":"https:\/\/www.mexicanguitarplayers.com\/wp-content\/uploads\/2025\/04\/VAHOTSLP2.jpg","contentUrl":"https:\/\/www.mexicanguitarplayers.com\/wp-content\/uploads\/2025\/04\/VAHOTSLP2.jpg","width":1200,"height":1200},{"@type":"BreadcrumbList","@id":"https:\/\/www.mexicanguitarplayers.com\/tienda\/sin categor\u00eda\/pedal-hotone-mod-slp-2-wally\/#breadcrumb","itemListElement":[{"@type":"ListItem","position":1,"name":"Portada","item":"https:\/\/www.mexicanguitarplayers.com\/"},{"@type":"ListItem","position":2,"name":"Tienda","item":"https:\/\/www.mexicanguitarplayers.com\/tienda\/"},{"@type":"ListItem","position":3,"name":"PEDAL HOTONE MOD. SLP-2 WALLY+"}]},{"@type":"WebSite","@id":"https:\/\/www.mexicanguitarplayers.com\/#website","url":"https:\/\/www.mexicanguitarplayers.com\/","name":"Mexican Guitar Players","description":"Website","publisher":{"@id":"https:\/\/www.mexicanguitarplayers.com\/#organization"},"potentialAction":[{"@type":"SearchAction","target":{"@type":"EntryPoint","urlTemplate":"https:\/\/www.mexicanguitarplayers.com\/?s={search_term_string}"},"query-input":{"@type":"PropertyValueSpecification","valueRequired":true,"valueName":"search_term_string"}}],"inLanguage":"en-US"},{"@type":"Organization","@id":"https:\/\/www.mexicanguitarplayers.com\/#organization","name":"Mexican Guitar Players","url":"https:\/\/www.mexicanguitarplayers.com\/","logo":{"@type":"ImageObject","inLanguage":"en-US","@id":"https:\/\/www.mexicanguitarplayers.com\/#\/schema\/logo\/image\/","url":"","contentUrl":"","caption":"Mexican Guitar Players"},"image":{"@id":"https:\/\/www.mexicanguitarplayers.com\/#\/schema\/logo\/image\/"}}]}},"brands":[{"id":183,"name":"HOTONE","slug":"hotone"}],"_links":{"self":[{"href":"https:\/\/www.mexicanguitarplayers.com\/en\/wp-json\/wp\/v2\/product\/39380","targetHints":{"allow":["GET"]}}],"collection":[{"href":"https:\/\/www.mexicanguitarplayers.com\/en\/wp-json\/wp\/v2\/product"}],"about":[{"href":"https:\/\/www.mexicanguitarplayers.com\/en\/wp-json\/wp\/v2\/types\/product"}],"replies":[{"embeddable":true,"href":"https:\/\/www.mexicanguitarplayers.com\/en\/wp-json\/wp\/v2\/comments?post=39380"}],"wp:featuredmedia":[{"embeddable":true,"href":"https:\/\/www.mexicanguitarplayers.com\/en\/wp-json\/wp\/v2\/media\/39378"}],"wp:attachment":[{"href":"https:\/\/www.mexicanguitarplayers.com\/en\/wp-json\/wp\/v2\/media?parent=39380"}],"wp:term":[{"taxonomy":"pwb-brand","embeddable":true,"href":"https:\/\/www.mexicanguitarplayers.com\/en\/wp-json\/wp\/v2\/pwb-brand?post=39380"},{"taxonomy":"product_brand","embeddable":true,"href":"https:\/\/www.mexicanguitarplayers.com\/en\/wp-json\/wp\/v2\/product_brand?post=39380"},{"taxonomy":"product_cat","embeddable":true,"href":"https:\/\/www.mexicanguitarplayers.com\/en\/wp-json\/wp\/v2\/product_cat?post=39380"},{"taxonomy":"product_tag","embeddable":true,"href":"https:\/\/www.mexicanguitarplayers.com\/en\/wp-json\/wp\/v2\/product_tag?post=39380"}],"curies":[{"name":"wp","href":"https:\/\/api.w.org\/{rel}","templated":true}]}}