{"id":39408,"date":"2025-04-09T06:36:59","date_gmt":"2025-04-09T12:36:59","guid":{"rendered":"https:\/\/www.mexicanguitarplayers.com\/tienda\/sin categor\u00eda\/guitarra-washburn-electrica-win14pak\/"},"modified":"2026-04-10T04:21:27","modified_gmt":"2026-04-10T10:21:27","slug":"guitarra-washburn-electrica-win14pak","status":"publish","type":"product","link":"https:\/\/www.mexicanguitarplayers.com\/en\/tienda\/cuerdas\/guitarras-cuerdas\/electricas\/guitarras-electricas-solidas\/guitarra-washburn-electrica-win14pak\/","title":{"rendered":"GUITARRA WASHBURN ELECTRICA WIN14PAK"},"content":{"rendered":"<div style=\"text-align: justify\">\n<div>\n<h3>Un paquete muy completo&#8230;<\/h3>\n<\/div>\n<div>Paquete de Guitarra el\u00e9ctrica Washburn mod. WIN14PAK. Serie Idol Win. Cuerpo de basswood, brazo de maple, diapas\u00f3n de rosewood, 22 trastes, puente Tune-O-Matic stop tail, cejuela Graphtech Nubone autolubricante, 2 humbuckers, selector de 3 posiciones, 2 vol y 2 tonos, maquinaria diecast cromada. Escala de 24.75&#8243;, cuerdas D&#8217;Addario EXL110. Combo de 15W mod WA15G, funda de nylon, afinador digital, tahal\u00ed, cable, DVD tutorial y 3 p\u00faas. Todo lo que necesitas en un solo paquete, con su DVD tutorial tocar\u00e1s como los profesionales en poco tiempo. Una guitarra de lujo ideal para todo estilo musical, desde el pop y la balada, jazz, blues rock, fusi\u00f3n y heavy. Cuerpo ergon\u00f3micamente contorneado m\u00e1s delgado en la parte ancha. Washburn fabrica guitarras el\u00e9ctricas, guitarras ac\u00fasticas, bajos el\u00e9ctricos, bajos ac\u00fasticos, banjos, mandolinas, guitarras de viaje, y amplificadores. Washburn ha ido ganando mucho reconocimiento en los \u00faltimos a\u00f1os, especialmente en el metal extremo, el hardcore punk y las escenas post-rock. Ha fabricado y dise\u00f1ado guitarras el\u00e9ctricas, ac\u00fasticas y bajos y ha sido la marca favorita de guitarristas como Michael Angelo Batio, Dimebag Darrell, Scott Ian, Jennifer Batten, Nuno Bettencourt, Stu Hamm, Paul Stanley y muchos m\u00e1s\u2026 <\/div>\n<div>\n<h4>Quick look<\/h4>\n<\/div>\n<ul style=\"margin: 0px 0px 0px 25px\">\n<li style=\"list-style-type: circle;margin: 5px\">Cuerpo ergon\u00f3mico<\/li>\n<li style=\"list-style-type: circle;margin: 5px\">2 potentes humbuckers<\/li>\n<li style=\"list-style-type: circle;margin: 5px\">Combo de 15W mod WA15G, funda de nylon, afinador digital, tahal\u00ed, cable, DVD tutorial y 3 p\u00faas.<\/li>\n<\/ul>\n<div>\n<div style=\"font-weight: bold\">Cuerpo ergon\u00f3mico<\/div>\n<div>\n<p>Mayor comodidad y ligereza<\/p>\n<\/div>\n<div style=\"font-weight: bold\">2 potentes humbuckers<\/div>\n<div>\n<p>Gran potencia, mayor sustain y cuerpo<\/p>\n<\/div>\n<div style=\"font-weight: bold\">Combo de 15W mod WA15G, funda de nylon, afinador digital, tahal\u00ed, cable, DVD tutorial y 3 p\u00faas.<\/div>\n<div>\n<p>Todo lo necesario para que ingreses al maravilloso mundo de la m\u00fasica.<\/p>\n<\/div>\n<\/div>\n<div>\n<h4>Characteristics<\/h4>\n<\/div>\n<div>\n<ul style=\"margin: 0px 0px 0px 25px\">\n<li style=\"list-style-type: circle;margin: 5px\">Cejuela Nubone autolubricante<\/li>\n<\/ul>\n<\/div>\n<\/div>","protected":false},"excerpt":{"rendered":"<p>Paquete de Guitarra el\u00e9ctrica Washburn mod. WIN14PAK. Serie Idol Win. Cuerpo debasswood, brazo de maple, diapas\u00f3n de rosewood, 22 trastes, puente Tune-O-Maticstop tail, cejuela Graphtech Nubone autolubricante, 2 humbuckers, selector de 3posiciones, 2 vol y 2 tonos, maquinaria diecast cromada. Escala de 24.75\u201d, cuerdas D&#8217;Addario EXL110. Combo de 15W mod WA15G, funda de nylon, afinador digital, tahal\u00ed, cable, DVD tutorial y 3 p\u00faas.&hellip; <a class=\"kt-excerpt-readmore more-link\" href=\"https:\/\/www.mexicanguitarplayers.com\/en\/tienda\/cuerdas\/guitarras-cuerdas\/electricas\/guitarras-electricas-solidas\/guitarra-washburn-electrica-win14pak\/\">Read more<\/a><\/p>","protected":false},"featured_media":39407,"comment_status":"open","ping_status":"closed","template":"","meta":{"kt_blocks_editor_width":""},"pwb-brand":[178],"product_brand":[],"product_cat":[224,313,312,314],"product_tag":[],"class_list":{"0":"post-39408","1":"product","2":"type-product","3":"status-publish","4":"has-post-thumbnail","6":"pwb-brand-washburn","7":"product_cat-cuerdas","8":"product_cat-electricas","9":"product_cat-guitarras-cuerdas","10":"product_cat-guitarras-electricas-solidas","11":"product_shipping_class-10-15-kg","13":"first","14":"outofstock","15":"taxable","16":"shipping-taxable","17":"purchasable","18":"product-type-simple"},"yoast_head":"<!-- This site is optimized with the Yoast SEO plugin v27.6 - https:\/\/yoast.com\/product\/yoast-seo-wordpress\/ -->\n<title>GUITARRA WASHBURN ELECTRICA WIN14PAK - Mexican Guitar Players<\/title>\n<meta name=\"description\" content=\"Paquete de Guitarra el\u00e9ctrica Washburn mod. WIN14PAK. Serie Idol Win. Cuerpo debasswood, brazo de maple, diapas\u00f3n de rosewood, 22 trastes, puente Tune-O-Maticstop tail, cejuela Graphtech Nubone autolubricante, 2 humbuckers, selector de 3posiciones, 2 vol y 2 tonos, maquinaria diecast cromada. Escala de 24.75\u201d, cuerdas D&#039;Addario EXL110. Combo de 15W mod WA15G, funda de nylon, afinador digital, tahal\u00ed, cable, DVD tutorial y 3 p\u00faas.\" \/>\n<meta name=\"robots\" content=\"index, follow, max-snippet:-1, max-image-preview:large, max-video-preview:-1\" \/>\n<link rel=\"canonical\" href=\"https:\/\/www.mexicanguitarplayers.com\/en\/tienda\/sin%20categor\u00eda\/guitarra-washburn-electrica-win14pak\/\" \/>\n<meta property=\"og:locale\" content=\"en_US\" \/>\n<meta property=\"og:type\" content=\"article\" \/>\n<meta property=\"og:title\" content=\"GUITARRA WASHBURN ELECTRICA WIN14PAK - Mexican Guitar Players\" \/>\n<meta property=\"og:description\" content=\"Paquete de Guitarra el\u00e9ctrica Washburn mod. WIN14PAK. Serie Idol Win. Cuerpo debasswood, brazo de maple, diapas\u00f3n de rosewood, 22 trastes, puente Tune-O-Maticstop tail, cejuela Graphtech Nubone autolubricante, 2 humbuckers, selector de 3posiciones, 2 vol y 2 tonos, maquinaria diecast cromada. Escala de 24.75\u201d, cuerdas D&#039;Addario EXL110. Combo de 15W mod WA15G, funda de nylon, afinador digital, tahal\u00ed, cable, DVD tutorial y 3 p\u00faas.\" \/>\n<meta property=\"og:url\" content=\"https:\/\/www.mexicanguitarplayers.com\/en\/tienda\/sin categor\u00eda\/guitarra-washburn-electrica-win14pak\/\" \/>\n<meta property=\"og:site_name\" content=\"Mexican Guitar Players\" \/>\n<meta property=\"article:modified_time\" content=\"2026-04-10T10:21:27+00:00\" \/>\n<meta name=\"twitter:card\" content=\"summary_large_image\" \/>\n<meta name=\"twitter:label1\" content=\"Est. reading time\" \/>\n\t<meta name=\"twitter:data1\" content=\"1 minute\" \/>\n<script type=\"application\/ld+json\" class=\"yoast-schema-graph\">{\"@context\":\"https:\\\/\\\/schema.org\",\"@graph\":[{\"@type\":[\"WebPage\",\"ItemPage\"],\"@id\":\"https:\\\/\\\/www.mexicanguitarplayers.com\\\/tienda\\\/sin categor\u00eda\\\/guitarra-washburn-electrica-win14pak\\\/\",\"url\":\"https:\\\/\\\/www.mexicanguitarplayers.com\\\/tienda\\\/sin categor\u00eda\\\/guitarra-washburn-electrica-win14pak\\\/\",\"name\":\"GUITARRA WASHBURN ELECTRICA WIN14PAK - Mexican Guitar Players\",\"isPartOf\":{\"@id\":\"https:\\\/\\\/www.mexicanguitarplayers.com\\\/#website\"},\"primaryImageOfPage\":{\"@id\":\"https:\\\/\\\/www.mexicanguitarplayers.com\\\/tienda\\\/sin categor\u00eda\\\/guitarra-washburn-electrica-win14pak\\\/#primaryimage\"},\"image\":{\"@id\":\"https:\\\/\\\/www.mexicanguitarplayers.com\\\/tienda\\\/sin categor\u00eda\\\/guitarra-washburn-electrica-win14pak\\\/#primaryimage\"},\"thumbnailUrl\":\"https:\\\/\\\/www.mexicanguitarplayers.com\\\/wp-content\\\/uploads\\\/2025\\\/04\\\/ISWASWIN14PAK.jpg\",\"datePublished\":\"2025-04-09T12:36:59+00:00\",\"dateModified\":\"2026-04-10T10:21:27+00:00\",\"description\":\"Paquete de Guitarra el\u00e9ctrica Washburn mod. WIN14PAK. Serie Idol Win. Cuerpo debasswood, brazo de maple, diapas\u00f3n de rosewood, 22 trastes, puente Tune-O-Maticstop tail, cejuela Graphtech Nubone autolubricante, 2 humbuckers, selector de 3posiciones, 2 vol y 2 tonos, maquinaria diecast cromada. Escala de 24.75\u201d, cuerdas D'Addario EXL110. Combo de 15W mod WA15G, funda de nylon, afinador digital, tahal\u00ed, cable, DVD tutorial y 3 p\u00faas.\",\"breadcrumb\":{\"@id\":\"https:\\\/\\\/www.mexicanguitarplayers.com\\\/tienda\\\/sin categor\u00eda\\\/guitarra-washburn-electrica-win14pak\\\/#breadcrumb\"},\"inLanguage\":\"en-US\",\"potentialAction\":[{\"@type\":\"ReadAction\",\"target\":[\"https:\\\/\\\/www.mexicanguitarplayers.com\\\/tienda\\\/sin categor\u00eda\\\/guitarra-washburn-electrica-win14pak\\\/\"]}]},{\"@type\":\"ImageObject\",\"inLanguage\":\"en-US\",\"@id\":\"https:\\\/\\\/www.mexicanguitarplayers.com\\\/tienda\\\/sin categor\u00eda\\\/guitarra-washburn-electrica-win14pak\\\/#primaryimage\",\"url\":\"https:\\\/\\\/www.mexicanguitarplayers.com\\\/wp-content\\\/uploads\\\/2025\\\/04\\\/ISWASWIN14PAK.jpg\",\"contentUrl\":\"https:\\\/\\\/www.mexicanguitarplayers.com\\\/wp-content\\\/uploads\\\/2025\\\/04\\\/ISWASWIN14PAK.jpg\",\"width\":1000,\"height\":1000},{\"@type\":\"BreadcrumbList\",\"@id\":\"https:\\\/\\\/www.mexicanguitarplayers.com\\\/tienda\\\/sin categor\u00eda\\\/guitarra-washburn-electrica-win14pak\\\/#breadcrumb\",\"itemListElement\":[{\"@type\":\"ListItem\",\"position\":1,\"name\":\"Portada\",\"item\":\"https:\\\/\\\/www.mexicanguitarplayers.com\\\/\"},{\"@type\":\"ListItem\",\"position\":2,\"name\":\"Tienda\",\"item\":\"https:\\\/\\\/www.mexicanguitarplayers.com\\\/tienda\\\/\"},{\"@type\":\"ListItem\",\"position\":3,\"name\":\"GUITARRA WASHBURN ELECTRICA WIN14PAK\"}]},{\"@type\":\"WebSite\",\"@id\":\"https:\\\/\\\/www.mexicanguitarplayers.com\\\/#website\",\"url\":\"https:\\\/\\\/www.mexicanguitarplayers.com\\\/\",\"name\":\"Mexican Guitar Players\",\"description\":\"Website\",\"publisher\":{\"@id\":\"https:\\\/\\\/www.mexicanguitarplayers.com\\\/#organization\"},\"potentialAction\":[{\"@type\":\"SearchAction\",\"target\":{\"@type\":\"EntryPoint\",\"urlTemplate\":\"https:\\\/\\\/www.mexicanguitarplayers.com\\\/?s={search_term_string}\"},\"query-input\":{\"@type\":\"PropertyValueSpecification\",\"valueRequired\":true,\"valueName\":\"search_term_string\"}}],\"inLanguage\":\"en-US\"},{\"@type\":\"Organization\",\"@id\":\"https:\\\/\\\/www.mexicanguitarplayers.com\\\/#organization\",\"name\":\"Mexican Guitar Players\",\"url\":\"https:\\\/\\\/www.mexicanguitarplayers.com\\\/\",\"logo\":{\"@type\":\"ImageObject\",\"inLanguage\":\"en-US\",\"@id\":\"https:\\\/\\\/www.mexicanguitarplayers.com\\\/#\\\/schema\\\/logo\\\/image\\\/\",\"url\":\"\",\"contentUrl\":\"\",\"caption\":\"Mexican Guitar Players\"},\"image\":{\"@id\":\"https:\\\/\\\/www.mexicanguitarplayers.com\\\/#\\\/schema\\\/logo\\\/image\\\/\"}}]}<\/script>\n<!-- \/ Yoast SEO plugin. -->","yoast_head_json":{"title":"GUITARRA WASHBURN ELECTRICA WIN14PAK - Mexican Guitar Players","description":"Paquete de Guitarra el\u00e9ctrica Washburn mod. WIN14PAK. Serie Idol Win. Cuerpo debasswood, brazo de maple, diapas\u00f3n de rosewood, 22 trastes, puente Tune-O-Maticstop tail, cejuela Graphtech Nubone autolubricante, 2 humbuckers, selector de 3posiciones, 2 vol y 2 tonos, maquinaria diecast cromada. Escala de 24.75\u201d, cuerdas D'Addario EXL110. Combo de 15W mod WA15G, funda de nylon, afinador digital, tahal\u00ed, cable, DVD tutorial y 3 p\u00faas.","robots":{"index":"index","follow":"follow","max-snippet":"max-snippet:-1","max-image-preview":"max-image-preview:large","max-video-preview":"max-video-preview:-1"},"canonical":"https:\/\/www.mexicanguitarplayers.com\/en\/tienda\/sin categor\u00eda\/guitarra-washburn-electrica-win14pak\/","og_locale":"en_US","og_type":"article","og_title":"GUITARRA WASHBURN ELECTRICA WIN14PAK - Mexican Guitar Players","og_description":"Paquete de Guitarra el\u00e9ctrica Washburn mod. WIN14PAK. Serie Idol Win. Cuerpo debasswood, brazo de maple, diapas\u00f3n de rosewood, 22 trastes, puente Tune-O-Maticstop tail, cejuela Graphtech Nubone autolubricante, 2 humbuckers, selector de 3posiciones, 2 vol y 2 tonos, maquinaria diecast cromada. Escala de 24.75\u201d, cuerdas D'Addario EXL110. Combo de 15W mod WA15G, funda de nylon, afinador digital, tahal\u00ed, cable, DVD tutorial y 3 p\u00faas.","og_url":"https:\/\/www.mexicanguitarplayers.com\/en\/tienda\/sin categor\u00eda\/guitarra-washburn-electrica-win14pak\/","og_site_name":"Mexican Guitar Players","article_modified_time":"2026-04-10T10:21:27+00:00","twitter_card":"summary_large_image","twitter_misc":{"Est. reading time":"1 minute"},"schema":{"@context":"https:\/\/schema.org","@graph":[{"@type":["WebPage","ItemPage"],"@id":"https:\/\/www.mexicanguitarplayers.com\/tienda\/sin categor\u00eda\/guitarra-washburn-electrica-win14pak\/","url":"https:\/\/www.mexicanguitarplayers.com\/tienda\/sin categor\u00eda\/guitarra-washburn-electrica-win14pak\/","name":"GUITARRA WASHBURN ELECTRICA WIN14PAK - Mexican Guitar Players","isPartOf":{"@id":"https:\/\/www.mexicanguitarplayers.com\/#website"},"primaryImageOfPage":{"@id":"https:\/\/www.mexicanguitarplayers.com\/tienda\/sin categor\u00eda\/guitarra-washburn-electrica-win14pak\/#primaryimage"},"image":{"@id":"https:\/\/www.mexicanguitarplayers.com\/tienda\/sin categor\u00eda\/guitarra-washburn-electrica-win14pak\/#primaryimage"},"thumbnailUrl":"https:\/\/www.mexicanguitarplayers.com\/wp-content\/uploads\/2025\/04\/ISWASWIN14PAK.jpg","datePublished":"2025-04-09T12:36:59+00:00","dateModified":"2026-04-10T10:21:27+00:00","description":"Paquete de Guitarra el\u00e9ctrica Washburn mod. WIN14PAK. Serie Idol Win. Cuerpo debasswood, brazo de maple, diapas\u00f3n de rosewood, 22 trastes, puente Tune-O-Maticstop tail, cejuela Graphtech Nubone autolubricante, 2 humbuckers, selector de 3posiciones, 2 vol y 2 tonos, maquinaria diecast cromada. Escala de 24.75\u201d, cuerdas D'Addario EXL110. Combo de 15W mod WA15G, funda de nylon, afinador digital, tahal\u00ed, cable, DVD tutorial y 3 p\u00faas.","breadcrumb":{"@id":"https:\/\/www.mexicanguitarplayers.com\/tienda\/sin categor\u00eda\/guitarra-washburn-electrica-win14pak\/#breadcrumb"},"inLanguage":"en-US","potentialAction":[{"@type":"ReadAction","target":["https:\/\/www.mexicanguitarplayers.com\/tienda\/sin categor\u00eda\/guitarra-washburn-electrica-win14pak\/"]}]},{"@type":"ImageObject","inLanguage":"en-US","@id":"https:\/\/www.mexicanguitarplayers.com\/tienda\/sin categor\u00eda\/guitarra-washburn-electrica-win14pak\/#primaryimage","url":"https:\/\/www.mexicanguitarplayers.com\/wp-content\/uploads\/2025\/04\/ISWASWIN14PAK.jpg","contentUrl":"https:\/\/www.mexicanguitarplayers.com\/wp-content\/uploads\/2025\/04\/ISWASWIN14PAK.jpg","width":1000,"height":1000},{"@type":"BreadcrumbList","@id":"https:\/\/www.mexicanguitarplayers.com\/tienda\/sin categor\u00eda\/guitarra-washburn-electrica-win14pak\/#breadcrumb","itemListElement":[{"@type":"ListItem","position":1,"name":"Portada","item":"https:\/\/www.mexicanguitarplayers.com\/"},{"@type":"ListItem","position":2,"name":"Tienda","item":"https:\/\/www.mexicanguitarplayers.com\/tienda\/"},{"@type":"ListItem","position":3,"name":"GUITARRA WASHBURN ELECTRICA WIN14PAK"}]},{"@type":"WebSite","@id":"https:\/\/www.mexicanguitarplayers.com\/#website","url":"https:\/\/www.mexicanguitarplayers.com\/","name":"Mexican Guitar Players","description":"Website","publisher":{"@id":"https:\/\/www.mexicanguitarplayers.com\/#organization"},"potentialAction":[{"@type":"SearchAction","target":{"@type":"EntryPoint","urlTemplate":"https:\/\/www.mexicanguitarplayers.com\/?s={search_term_string}"},"query-input":{"@type":"PropertyValueSpecification","valueRequired":true,"valueName":"search_term_string"}}],"inLanguage":"en-US"},{"@type":"Organization","@id":"https:\/\/www.mexicanguitarplayers.com\/#organization","name":"Mexican Guitar Players","url":"https:\/\/www.mexicanguitarplayers.com\/","logo":{"@type":"ImageObject","inLanguage":"en-US","@id":"https:\/\/www.mexicanguitarplayers.com\/#\/schema\/logo\/image\/","url":"","contentUrl":"","caption":"Mexican Guitar Players"},"image":{"@id":"https:\/\/www.mexicanguitarplayers.com\/#\/schema\/logo\/image\/"}}]}},"brands":[{"id":178,"name":"WASHBURN","slug":"washburn"}],"_links":{"self":[{"href":"https:\/\/www.mexicanguitarplayers.com\/en\/wp-json\/wp\/v2\/product\/39408","targetHints":{"allow":["GET"]}}],"collection":[{"href":"https:\/\/www.mexicanguitarplayers.com\/en\/wp-json\/wp\/v2\/product"}],"about":[{"href":"https:\/\/www.mexicanguitarplayers.com\/en\/wp-json\/wp\/v2\/types\/product"}],"replies":[{"embeddable":true,"href":"https:\/\/www.mexicanguitarplayers.com\/en\/wp-json\/wp\/v2\/comments?post=39408"}],"wp:featuredmedia":[{"embeddable":true,"href":"https:\/\/www.mexicanguitarplayers.com\/en\/wp-json\/wp\/v2\/media\/39407"}],"wp:attachment":[{"href":"https:\/\/www.mexicanguitarplayers.com\/en\/wp-json\/wp\/v2\/media?parent=39408"}],"wp:term":[{"taxonomy":"pwb-brand","embeddable":true,"href":"https:\/\/www.mexicanguitarplayers.com\/en\/wp-json\/wp\/v2\/pwb-brand?post=39408"},{"taxonomy":"product_brand","embeddable":true,"href":"https:\/\/www.mexicanguitarplayers.com\/en\/wp-json\/wp\/v2\/product_brand?post=39408"},{"taxonomy":"product_cat","embeddable":true,"href":"https:\/\/www.mexicanguitarplayers.com\/en\/wp-json\/wp\/v2\/product_cat?post=39408"},{"taxonomy":"product_tag","embeddable":true,"href":"https:\/\/www.mexicanguitarplayers.com\/en\/wp-json\/wp\/v2\/product_tag?post=39408"}],"curies":[{"name":"wp","href":"https:\/\/api.w.org\/{rel}","templated":true}]}}