{"id":39424,"date":"2025-04-09T06:37:18","date_gmt":"2025-04-09T12:37:18","guid":{"rendered":"https:\/\/www.mexicanguitarplayers.com\/tienda\/sin categor\u00eda\/estuche-skb-p-guit-electrica-1skb-63\/"},"modified":"2026-04-10T04:21:25","modified_gmt":"2026-04-10T10:21:25","slug":"estuche-skb-p-guit-electrica-1skb-63","status":"publish","type":"product","link":"https:\/\/www.mexicanguitarplayers.com\/en\/tienda\/accesorios\/estuches-y-fundas\/para-guitarra\/para-guitarra-electrica\/estuche-skb-p-guit-electrica-1skb-63\/","title":{"rendered":"ESTUCHE SKB P\/GUIT. ELECTRICA 1SKB-63"},"content":{"rendered":"<div style=\"text-align: justify\">\n<div>\n<h3>Cuerdas a salvo.<\/h3>\n<\/div>\n<div>Un estuche con dise\u00f1o distintivo dise\u00f1ado para adaptarse a las guitarras estilo puntiagudo, tales como: Firebirds (incluyendo modelos con afinadores estilo banjo), Explorer\u00ae, Jackson Kelly, Jackson Warrior y otros. Este estuche cuenta con un forro de felpa negro sobre un interior de espuma EPS moldeada para acomodar la guitarra y proporcionar soporte para el brazo, con un compartimento para accesorios. El exterior es casi indestructible y est\u00e1 construido con un pol\u00edmero ABS moldeado que ha sido dise\u00f1ado para proporcionar la m\u00e1xima protecci\u00f3n durante el transporte con cerrojos de seguridad TSA y sistema de enganche SKB que permite al usuario bloquear el estuche y que aun as\u00ed se le pueda hacer una revisi\u00f3n por personal de seguridad a\u00e9rea. Caracter\u00edsticas adicionales incluyen un mango de caucho acojinado moldeado casi indestructible, asa de transporte y pies moldeados por inyecci\u00f3n y cenefa protegida.<\/div>\n<div>\n<h4>Quick look<\/h4>\n<\/div>\n<ul style=\"margin: 0px 0px 0px 25px\">\n<li style=\"list-style-type: circle;margin: 5px\">Longitud interior.<\/li>\n<li style=\"list-style-type: circle;margin: 5px\">Longitud exterior.<\/li>\n<li style=\"list-style-type: circle;margin: 5px\">Ancho exterior.<\/li>\n<li style=\"list-style-type: circle;margin: 5px\">Profundidad exterior.<\/li>\n<li style=\"list-style-type: circle;margin: 5px\">Longitud del cuerpo del instrumento.<\/li>\n<li style=\"list-style-type: circle;margin: 5px\">Profundidad del cuerpo del instrumento.<\/li>\n<li style=\"list-style-type: circle;margin: 5px\">Parte ancha del instrumento.<\/li>\n<li style=\"list-style-type: circle;margin: 5px\">Parte angosta del instrumento.<\/li>\n<li style=\"list-style-type: circle;margin: 5px\">Weight.<\/li>\n<li style=\"list-style-type: circle;margin: 5px\">Nota adicional.<\/li>\n<\/ul>\n<div>\n<div style=\"font-weight: bold\">Longitud interior.<\/div>\n<div>\n<p>109.86 cm.<\/p>\n<\/div>\n<div style=\"font-weight: bold\">Longitud exterior.<\/div>\n<div>\n<p>120.65 cm.<\/p>\n<\/div>\n<div style=\"font-weight: bold\">Ancho exterior.<\/div>\n<div>\n<p>55.25 cm.<\/p>\n<\/div>\n<div style=\"font-weight: bold\">Profundidad exterior.<\/div>\n<div>\n<p>15.24 cm.<\/p>\n<\/div>\n<div style=\"font-weight: bold\">Longitud del cuerpo del instrumento.<\/div>\n<div>\n<p>45.72 cm.<\/p>\n<\/div>\n<div style=\"font-weight: bold\">Profundidad del cuerpo del instrumento.<\/div>\n<div>\n<p>5.72 cm.<\/p>\n<\/div>\n<div style=\"font-weight: bold\">Parte ancha del instrumento.<\/div>\n<div>\n<p>45.72 cm.<\/p>\n<\/div>\n<div style=\"font-weight: bold\">Parte angosta del instrumento.<\/div>\n<div>\n<p>27.94 cm.<\/p>\n<\/div>\n<div style=\"font-weight: bold\">Weight.<\/div>\n<div>\n<p>5.53 kg.<\/p>\n<\/div>\n<div style=\"font-weight: bold\">Nota adicional.<\/div>\n<div>\n<p>Este estuche no se acomoda a la guitarra Dean Zero AoD Mustaine Signature Series.<\/p>\n<\/div>\n<\/div>\n<div>\n<h4>Characteristics<\/h4>\n<\/div>\n<div>\n<ul style=\"margin: 0px 0px 0px 25px\">\n<li style=\"list-style-type: circle;margin: 5px\">Estuche de protecci\u00f3n con dise\u00f1o distintivo.<\/li>\n<li style=\"list-style-type: circle;margin: 5px\">Cerrojos de seguridad de fibra de vidrio.<\/li>\n<li style=\"list-style-type: circle;margin: 5px\">Sistema de bloqueo TSA.<\/li>\n<li style=\"list-style-type: circle;margin: 5px\">Ribete protegido.<\/li>\n<li style=\"list-style-type: circle;margin: 5px\">Interior de felpa.<\/li>\n<li style=\"list-style-type: circle;margin: 5px\">Compartimento para accesorios.<\/li>\n<\/ul>\n<\/div>\n<\/div>","protected":false},"excerpt":{"rendered":"<p>Estuche para guitarras estilo puntiagudo, como: Firebirds (incluyendo modelos con afinadores estilo banjo), Explorer\u00ae, Jackson Kelly, Jackson Warrior y otros (no se acomoda a la guitarra Dean Zero AoD Mustaine Signature Series), cerrojos deseguridad de fibra de vidrio, sistema de bloqueo TSA, ribete protegido, interior de felpa, compartimento para accesorios, longitud interior: 109.86 cm, longitud exterior: 120.65 cm, ancho exterior: 55.25 cm, profundidad exterior: 15.24 cm,longitud del cuerpo del instrumento: 45.72 cm, profundidad del cuerpo del instrumento: 5.72 cm, parte ancha del instrumento: 45.72 cm, parte angosta del instrumento. 27.94 cm, peso: 5.53 kg.&hellip; <a class=\"kt-excerpt-readmore more-link\" href=\"https:\/\/www.mexicanguitarplayers.com\/en\/tienda\/accesorios\/estuches-y-fundas\/para-guitarra\/para-guitarra-electrica\/estuche-skb-p-guit-electrica-1skb-63\/\">Read more<\/a><\/p>","protected":false},"featured_media":39422,"comment_status":"open","ping_status":"closed","template":"","meta":{"kt_blocks_editor_width":""},"pwb-brand":[609],"product_brand":[],"product_cat":[85,517,566,567],"product_tag":[],"class_list":{"0":"post-39424","1":"product","2":"type-product","3":"status-publish","4":"has-post-thumbnail","6":"pwb-brand-skb","7":"product_cat-accesorios","8":"product_cat-estuches-y-fundas","9":"product_cat-para-guitarra","10":"product_cat-para-guitarra-electrica","11":"product_shipping_class-5-10-kg","13":"first","14":"instock","15":"taxable","16":"shipping-taxable","17":"purchasable","18":"product-type-simple"},"yoast_head":"<!-- This site is optimized with the Yoast SEO plugin v27.5 - https:\/\/yoast.com\/product\/yoast-seo-wordpress\/ -->\n<title>ESTUCHE SKB P\/GUIT. ELECTRICA 1SKB-63 - Mexican Guitar Players<\/title>\n<meta name=\"description\" content=\"Estuche para guitarras estilo puntiagudo, como: Firebirds (incluyendo modelos con afinadores estilo banjo), Explorer\u00ae, Jackson Kelly, Jackson Warrior y otros (no se acomoda a la guitarra Dean Zero AoD Mustaine Signature Series), cerrojos deseguridad de fibra de vidrio, sistema de bloqueo TSA, ribete protegido, interior de felpa, compartimento para accesorios, longitud interior: 109.86 cm, longitud exterior: 120.65 cm, ancho exterior: 55.25 cm, profundidad exterior: 15.24 cm,longitud del cuerpo del instrumento: 45.72 cm, profundidad del cuerpo del instrumento: 5.72 cm, parte ancha del instrumento: 45.72 cm, parte angosta del instrumento. 27.94 cm, peso: 5.53 kg.\" \/>\n<meta name=\"robots\" content=\"index, follow, max-snippet:-1, max-image-preview:large, max-video-preview:-1\" \/>\n<link rel=\"canonical\" href=\"https:\/\/www.mexicanguitarplayers.com\/en\/tienda\/sin%20categor\u00eda\/estuche-skb-p-guit-electrica-1skb-63\/\" \/>\n<meta property=\"og:locale\" content=\"en_US\" \/>\n<meta property=\"og:type\" content=\"article\" \/>\n<meta property=\"og:title\" content=\"ESTUCHE SKB P\/GUIT. ELECTRICA 1SKB-63 - Mexican Guitar Players\" \/>\n<meta property=\"og:description\" content=\"Estuche para guitarras estilo puntiagudo, como: Firebirds (incluyendo modelos con afinadores estilo banjo), Explorer\u00ae, Jackson Kelly, Jackson Warrior y otros (no se acomoda a la guitarra Dean Zero AoD Mustaine Signature Series), cerrojos deseguridad de fibra de vidrio, sistema de bloqueo TSA, ribete protegido, interior de felpa, compartimento para accesorios, longitud interior: 109.86 cm, longitud exterior: 120.65 cm, ancho exterior: 55.25 cm, profundidad exterior: 15.24 cm,longitud del cuerpo del instrumento: 45.72 cm, profundidad del cuerpo del instrumento: 5.72 cm, parte ancha del instrumento: 45.72 cm, parte angosta del instrumento. 27.94 cm, peso: 5.53 kg.\" \/>\n<meta property=\"og:url\" content=\"https:\/\/www.mexicanguitarplayers.com\/en\/tienda\/sin categor\u00eda\/estuche-skb-p-guit-electrica-1skb-63\/\" \/>\n<meta property=\"og:site_name\" content=\"Mexican Guitar Players\" \/>\n<meta property=\"article:modified_time\" content=\"2026-04-10T10:21:25+00:00\" \/>\n<meta name=\"twitter:card\" content=\"summary_large_image\" \/>\n<meta name=\"twitter:label1\" content=\"Est. reading time\" \/>\n\t<meta name=\"twitter:data1\" content=\"1 minute\" \/>\n<script type=\"application\/ld+json\" class=\"yoast-schema-graph\">{\"@context\":\"https:\\\/\\\/schema.org\",\"@graph\":[{\"@type\":[\"WebPage\",\"ItemPage\"],\"@id\":\"https:\\\/\\\/www.mexicanguitarplayers.com\\\/tienda\\\/sin categor\u00eda\\\/estuche-skb-p-guit-electrica-1skb-63\\\/\",\"url\":\"https:\\\/\\\/www.mexicanguitarplayers.com\\\/tienda\\\/sin categor\u00eda\\\/estuche-skb-p-guit-electrica-1skb-63\\\/\",\"name\":\"ESTUCHE SKB P\\\/GUIT. ELECTRICA 1SKB-63 - Mexican Guitar Players\",\"isPartOf\":{\"@id\":\"https:\\\/\\\/www.mexicanguitarplayers.com\\\/#website\"},\"primaryImageOfPage\":{\"@id\":\"https:\\\/\\\/www.mexicanguitarplayers.com\\\/tienda\\\/sin categor\u00eda\\\/estuche-skb-p-guit-electrica-1skb-63\\\/#primaryimage\"},\"image\":{\"@id\":\"https:\\\/\\\/www.mexicanguitarplayers.com\\\/tienda\\\/sin categor\u00eda\\\/estuche-skb-p-guit-electrica-1skb-63\\\/#primaryimage\"},\"thumbnailUrl\":\"https:\\\/\\\/www.mexicanguitarplayers.com\\\/wp-content\\\/uploads\\\/2025\\\/04\\\/VASKB1SKB63.jpg\",\"datePublished\":\"2025-04-09T12:37:18+00:00\",\"dateModified\":\"2026-04-10T10:21:25+00:00\",\"description\":\"Estuche para guitarras estilo puntiagudo, como: Firebirds (incluyendo modelos con afinadores estilo banjo), Explorer\u00ae, Jackson Kelly, Jackson Warrior y otros (no se acomoda a la guitarra Dean Zero AoD Mustaine Signature Series), cerrojos deseguridad de fibra de vidrio, sistema de bloqueo TSA, ribete protegido, interior de felpa, compartimento para accesorios, longitud interior: 109.86 cm, longitud exterior: 120.65 cm, ancho exterior: 55.25 cm, profundidad exterior: 15.24 cm,longitud del cuerpo del instrumento: 45.72 cm, profundidad del cuerpo del instrumento: 5.72 cm, parte ancha del instrumento: 45.72 cm, parte angosta del instrumento. 27.94 cm, peso: 5.53 kg.\",\"breadcrumb\":{\"@id\":\"https:\\\/\\\/www.mexicanguitarplayers.com\\\/tienda\\\/sin categor\u00eda\\\/estuche-skb-p-guit-electrica-1skb-63\\\/#breadcrumb\"},\"inLanguage\":\"en-US\",\"potentialAction\":[{\"@type\":\"ReadAction\",\"target\":[\"https:\\\/\\\/www.mexicanguitarplayers.com\\\/tienda\\\/sin categor\u00eda\\\/estuche-skb-p-guit-electrica-1skb-63\\\/\"]}]},{\"@type\":\"ImageObject\",\"inLanguage\":\"en-US\",\"@id\":\"https:\\\/\\\/www.mexicanguitarplayers.com\\\/tienda\\\/sin categor\u00eda\\\/estuche-skb-p-guit-electrica-1skb-63\\\/#primaryimage\",\"url\":\"https:\\\/\\\/www.mexicanguitarplayers.com\\\/wp-content\\\/uploads\\\/2025\\\/04\\\/VASKB1SKB63.jpg\",\"contentUrl\":\"https:\\\/\\\/www.mexicanguitarplayers.com\\\/wp-content\\\/uploads\\\/2025\\\/04\\\/VASKB1SKB63.jpg\",\"width\":1600,\"height\":800},{\"@type\":\"BreadcrumbList\",\"@id\":\"https:\\\/\\\/www.mexicanguitarplayers.com\\\/tienda\\\/sin categor\u00eda\\\/estuche-skb-p-guit-electrica-1skb-63\\\/#breadcrumb\",\"itemListElement\":[{\"@type\":\"ListItem\",\"position\":1,\"name\":\"Portada\",\"item\":\"https:\\\/\\\/www.mexicanguitarplayers.com\\\/\"},{\"@type\":\"ListItem\",\"position\":2,\"name\":\"Tienda\",\"item\":\"https:\\\/\\\/www.mexicanguitarplayers.com\\\/tienda\\\/\"},{\"@type\":\"ListItem\",\"position\":3,\"name\":\"ESTUCHE SKB P\\\/GUIT. ELECTRICA 1SKB-63\"}]},{\"@type\":\"WebSite\",\"@id\":\"https:\\\/\\\/www.mexicanguitarplayers.com\\\/#website\",\"url\":\"https:\\\/\\\/www.mexicanguitarplayers.com\\\/\",\"name\":\"Mexican Guitar Players\",\"description\":\"Website\",\"publisher\":{\"@id\":\"https:\\\/\\\/www.mexicanguitarplayers.com\\\/#organization\"},\"potentialAction\":[{\"@type\":\"SearchAction\",\"target\":{\"@type\":\"EntryPoint\",\"urlTemplate\":\"https:\\\/\\\/www.mexicanguitarplayers.com\\\/?s={search_term_string}\"},\"query-input\":{\"@type\":\"PropertyValueSpecification\",\"valueRequired\":true,\"valueName\":\"search_term_string\"}}],\"inLanguage\":\"en-US\"},{\"@type\":\"Organization\",\"@id\":\"https:\\\/\\\/www.mexicanguitarplayers.com\\\/#organization\",\"name\":\"Mexican Guitar Players\",\"url\":\"https:\\\/\\\/www.mexicanguitarplayers.com\\\/\",\"logo\":{\"@type\":\"ImageObject\",\"inLanguage\":\"en-US\",\"@id\":\"https:\\\/\\\/www.mexicanguitarplayers.com\\\/#\\\/schema\\\/logo\\\/image\\\/\",\"url\":\"\",\"contentUrl\":\"\",\"caption\":\"Mexican Guitar Players\"},\"image\":{\"@id\":\"https:\\\/\\\/www.mexicanguitarplayers.com\\\/#\\\/schema\\\/logo\\\/image\\\/\"}}]}<\/script>\n<!-- \/ Yoast SEO plugin. -->","yoast_head_json":{"title":"ESTUCHE SKB P\/GUIT. ELECTRICA 1SKB-63 - Mexican Guitar Players","description":"Estuche para guitarras estilo puntiagudo, como: Firebirds (incluyendo modelos con afinadores estilo banjo), Explorer\u00ae, Jackson Kelly, Jackson Warrior y otros (no se acomoda a la guitarra Dean Zero AoD Mustaine Signature Series), cerrojos deseguridad de fibra de vidrio, sistema de bloqueo TSA, ribete protegido, interior de felpa, compartimento para accesorios, longitud interior: 109.86 cm, longitud exterior: 120.65 cm, ancho exterior: 55.25 cm, profundidad exterior: 15.24 cm,longitud del cuerpo del instrumento: 45.72 cm, profundidad del cuerpo del instrumento: 5.72 cm, parte ancha del instrumento: 45.72 cm, parte angosta del instrumento. 27.94 cm, peso: 5.53 kg.","robots":{"index":"index","follow":"follow","max-snippet":"max-snippet:-1","max-image-preview":"max-image-preview:large","max-video-preview":"max-video-preview:-1"},"canonical":"https:\/\/www.mexicanguitarplayers.com\/en\/tienda\/sin categor\u00eda\/estuche-skb-p-guit-electrica-1skb-63\/","og_locale":"en_US","og_type":"article","og_title":"ESTUCHE SKB P\/GUIT. ELECTRICA 1SKB-63 - Mexican Guitar Players","og_description":"Estuche para guitarras estilo puntiagudo, como: Firebirds (incluyendo modelos con afinadores estilo banjo), Explorer\u00ae, Jackson Kelly, Jackson Warrior y otros (no se acomoda a la guitarra Dean Zero AoD Mustaine Signature Series), cerrojos deseguridad de fibra de vidrio, sistema de bloqueo TSA, ribete protegido, interior de felpa, compartimento para accesorios, longitud interior: 109.86 cm, longitud exterior: 120.65 cm, ancho exterior: 55.25 cm, profundidad exterior: 15.24 cm,longitud del cuerpo del instrumento: 45.72 cm, profundidad del cuerpo del instrumento: 5.72 cm, parte ancha del instrumento: 45.72 cm, parte angosta del instrumento. 27.94 cm, peso: 5.53 kg.","og_url":"https:\/\/www.mexicanguitarplayers.com\/en\/tienda\/sin categor\u00eda\/estuche-skb-p-guit-electrica-1skb-63\/","og_site_name":"Mexican Guitar Players","article_modified_time":"2026-04-10T10:21:25+00:00","twitter_card":"summary_large_image","twitter_misc":{"Est. reading time":"1 minute"},"schema":{"@context":"https:\/\/schema.org","@graph":[{"@type":["WebPage","ItemPage"],"@id":"https:\/\/www.mexicanguitarplayers.com\/tienda\/sin categor\u00eda\/estuche-skb-p-guit-electrica-1skb-63\/","url":"https:\/\/www.mexicanguitarplayers.com\/tienda\/sin categor\u00eda\/estuche-skb-p-guit-electrica-1skb-63\/","name":"ESTUCHE SKB P\/GUIT. ELECTRICA 1SKB-63 - Mexican Guitar Players","isPartOf":{"@id":"https:\/\/www.mexicanguitarplayers.com\/#website"},"primaryImageOfPage":{"@id":"https:\/\/www.mexicanguitarplayers.com\/tienda\/sin categor\u00eda\/estuche-skb-p-guit-electrica-1skb-63\/#primaryimage"},"image":{"@id":"https:\/\/www.mexicanguitarplayers.com\/tienda\/sin categor\u00eda\/estuche-skb-p-guit-electrica-1skb-63\/#primaryimage"},"thumbnailUrl":"https:\/\/www.mexicanguitarplayers.com\/wp-content\/uploads\/2025\/04\/VASKB1SKB63.jpg","datePublished":"2025-04-09T12:37:18+00:00","dateModified":"2026-04-10T10:21:25+00:00","description":"Estuche para guitarras estilo puntiagudo, como: Firebirds (incluyendo modelos con afinadores estilo banjo), Explorer\u00ae, Jackson Kelly, Jackson Warrior y otros (no se acomoda a la guitarra Dean Zero AoD Mustaine Signature Series), cerrojos deseguridad de fibra de vidrio, sistema de bloqueo TSA, ribete protegido, interior de felpa, compartimento para accesorios, longitud interior: 109.86 cm, longitud exterior: 120.65 cm, ancho exterior: 55.25 cm, profundidad exterior: 15.24 cm,longitud del cuerpo del instrumento: 45.72 cm, profundidad del cuerpo del instrumento: 5.72 cm, parte ancha del instrumento: 45.72 cm, parte angosta del instrumento. 27.94 cm, peso: 5.53 kg.","breadcrumb":{"@id":"https:\/\/www.mexicanguitarplayers.com\/tienda\/sin categor\u00eda\/estuche-skb-p-guit-electrica-1skb-63\/#breadcrumb"},"inLanguage":"en-US","potentialAction":[{"@type":"ReadAction","target":["https:\/\/www.mexicanguitarplayers.com\/tienda\/sin categor\u00eda\/estuche-skb-p-guit-electrica-1skb-63\/"]}]},{"@type":"ImageObject","inLanguage":"en-US","@id":"https:\/\/www.mexicanguitarplayers.com\/tienda\/sin categor\u00eda\/estuche-skb-p-guit-electrica-1skb-63\/#primaryimage","url":"https:\/\/www.mexicanguitarplayers.com\/wp-content\/uploads\/2025\/04\/VASKB1SKB63.jpg","contentUrl":"https:\/\/www.mexicanguitarplayers.com\/wp-content\/uploads\/2025\/04\/VASKB1SKB63.jpg","width":1600,"height":800},{"@type":"BreadcrumbList","@id":"https:\/\/www.mexicanguitarplayers.com\/tienda\/sin categor\u00eda\/estuche-skb-p-guit-electrica-1skb-63\/#breadcrumb","itemListElement":[{"@type":"ListItem","position":1,"name":"Portada","item":"https:\/\/www.mexicanguitarplayers.com\/"},{"@type":"ListItem","position":2,"name":"Tienda","item":"https:\/\/www.mexicanguitarplayers.com\/tienda\/"},{"@type":"ListItem","position":3,"name":"ESTUCHE SKB P\/GUIT. ELECTRICA 1SKB-63"}]},{"@type":"WebSite","@id":"https:\/\/www.mexicanguitarplayers.com\/#website","url":"https:\/\/www.mexicanguitarplayers.com\/","name":"Mexican Guitar Players","description":"Website","publisher":{"@id":"https:\/\/www.mexicanguitarplayers.com\/#organization"},"potentialAction":[{"@type":"SearchAction","target":{"@type":"EntryPoint","urlTemplate":"https:\/\/www.mexicanguitarplayers.com\/?s={search_term_string}"},"query-input":{"@type":"PropertyValueSpecification","valueRequired":true,"valueName":"search_term_string"}}],"inLanguage":"en-US"},{"@type":"Organization","@id":"https:\/\/www.mexicanguitarplayers.com\/#organization","name":"Mexican Guitar Players","url":"https:\/\/www.mexicanguitarplayers.com\/","logo":{"@type":"ImageObject","inLanguage":"en-US","@id":"https:\/\/www.mexicanguitarplayers.com\/#\/schema\/logo\/image\/","url":"","contentUrl":"","caption":"Mexican Guitar Players"},"image":{"@id":"https:\/\/www.mexicanguitarplayers.com\/#\/schema\/logo\/image\/"}}]}},"brands":[{"id":609,"name":"SKB","slug":"skb"}],"_links":{"self":[{"href":"https:\/\/www.mexicanguitarplayers.com\/en\/wp-json\/wp\/v2\/product\/39424","targetHints":{"allow":["GET"]}}],"collection":[{"href":"https:\/\/www.mexicanguitarplayers.com\/en\/wp-json\/wp\/v2\/product"}],"about":[{"href":"https:\/\/www.mexicanguitarplayers.com\/en\/wp-json\/wp\/v2\/types\/product"}],"replies":[{"embeddable":true,"href":"https:\/\/www.mexicanguitarplayers.com\/en\/wp-json\/wp\/v2\/comments?post=39424"}],"wp:featuredmedia":[{"embeddable":true,"href":"https:\/\/www.mexicanguitarplayers.com\/en\/wp-json\/wp\/v2\/media\/39422"}],"wp:attachment":[{"href":"https:\/\/www.mexicanguitarplayers.com\/en\/wp-json\/wp\/v2\/media?parent=39424"}],"wp:term":[{"taxonomy":"pwb-brand","embeddable":true,"href":"https:\/\/www.mexicanguitarplayers.com\/en\/wp-json\/wp\/v2\/pwb-brand?post=39424"},{"taxonomy":"product_brand","embeddable":true,"href":"https:\/\/www.mexicanguitarplayers.com\/en\/wp-json\/wp\/v2\/product_brand?post=39424"},{"taxonomy":"product_cat","embeddable":true,"href":"https:\/\/www.mexicanguitarplayers.com\/en\/wp-json\/wp\/v2\/product_cat?post=39424"},{"taxonomy":"product_tag","embeddable":true,"href":"https:\/\/www.mexicanguitarplayers.com\/en\/wp-json\/wp\/v2\/product_tag?post=39424"}],"curies":[{"name":"wp","href":"https:\/\/api.w.org\/{rel}","templated":true}]}}