{"id":39426,"date":"2025-04-09T06:37:20","date_gmt":"2025-04-09T12:37:20","guid":{"rendered":"https:\/\/www.mexicanguitarplayers.com\/tienda\/sin categor\u00eda\/microfono-sennheiser-inalamb-xsw2-me3\/"},"modified":"2026-05-01T07:18:07","modified_gmt":"2026-05-01T13:18:07","slug":"microfono-sennheiser-inalamb-xsw2-me3","status":"publish","type":"product","link":"https:\/\/www.mexicanguitarplayers.com\/en\/tienda\/audio\/microfonia\/microfonos-inalambricos\/de-diadema\/microfono-sennheiser-inalamb-xsw2-me3\/","title":{"rendered":"MICROFONO SENNHEISER INALAMB. XSW2-ME3"},"content":{"rendered":"<div style=\"text-align: justify\">\n<div>\n<h3>Sistema de presentaci\u00f3n flexible y todo en uno para cantantes y presentadores.<\/h3>\n<\/div>\n<div>Sistema de microfon\u00eda inal\u00e1mbrica para voz con micr\u00f3fono de diadema ligero ME3 (condensador, cardioide), transmisor de bolsillo compacto (SK-XSW), receptor (EM-XSW2) con antenas externas desmontables y chasis de metal, alta flexibilidad de uso gracias a su gesti\u00f3n y escaneo de frecuencias libres, pantalla LCD intuitiva para una f\u00e1cil configuraci\u00f3n, hasta 12 sistemas simult\u00e1neos gracias a sus 24 MHz de ancho de banda UHF estable, ideal para cantantes o presentadores, incluye bolsa de viaje y kit de montaje a rack incluido. Rango A (548-572 MHz) B (614 \u2013 638 MHz).<\/div>\n<div>\n<h4>Quick look<\/h4>\n<\/div>\n<ul style=\"margin: 0px 0px 0px 25px\">\n<li style=\"list-style-type: circle;margin: 5px\">Receptores.<\/li>\n<li style=\"list-style-type: circle;margin: 5px\">Transmisor.<\/li>\n<li style=\"list-style-type: circle;margin: 5px\">Micr\u00f3fono.<\/li>\n<\/ul>\n<div>\n<div style=\"font-weight: bold\">Receptores.<\/div>\n<div>\n<p>Dimensiones aproximadas: 200 x 42 x 127 mm. Peso aproximado: 680 g. Fuente de poder: 12 V DC nom\/300 mA. Armaz\u00f3n de metal. Respuesta de frecuencia BF de 50 a 16,000 Hz (-3 dB).<\/p>\n<\/div>\n<div style=\"font-weight: bold\">Transmisor.<\/div>\n<div>\n<p>Dimensiones aproximadas: 71 x 96 x 28 mm. Peso aproximado: 95 g. Tiempo de operaci\u00f3n aproximado: 10 horas. Fuente de poder: 2 bater\u00edas tama\u00f1o AA, 1.5 V. Armaz\u00f3n acrilonitrilo butadieno estireno (ABS) resistente. Respuesta de frecuencia BF de 50 a 16,000 Hz.<\/p>\n<\/div>\n<div style=\"font-weight: bold\">Micr\u00f3fono.<\/div>\n<div>\n<p>Micr\u00f3fono de condensador. Respuesta de frecuencia de 50 a 16,000 Hz (-3 dB). Distorsi\u00f3n arm\u00f3nica total: = 0.9%. Patr\u00f3n de captaci\u00f3n: Cardioide. Relaci\u00f3n se\u00f1al a ruido: = 103 dBA. Potencia de salida de RF 10 mW. Ancho de banda de conmutaci\u00f3n hasta 24 MHz. Modulaci\u00f3n banda ancha FM. Voltaje de salida conector de \u00bc\u201d (6.3 mm) (desbalanceado): +6 dBu, conector XLR (balanceado): +12 dBu. Recepci\u00f3n True Diversity. Frecuencia: 8 bancos de frecuencia, cada uno con hasta 12 canales preestablecidos de f\u00e1brica. Rango de frecuencias:A (548-572 MHz) B (614 &#8211; 638 MHz). Sensibilidad: &lt; 3 \u00b5V at 52 dB(A)rms S\/N. Silenciador conmutable de 3 dB\u00b5V a 28 dB\u00b5V (v\u00eda Pilot Tone). Sincronizaci\u00f3n: 2.4 GHz, Baja energ\u00eda OQPSK (s\u00f3lo activa durante la sincronizaci\u00f3n). Transmisor del rango de ajuste: De 0 a -30 dB, ajustable en pasos de 10 dB. Rango de ajuste de audio: 40 dB, ajustable en pasos de 5 dB. Nivel Mic\/Line: 20 dB, conmutable. Rango de temperatura de operaci\u00f3n: De 0\u00b0C a +40\u00b0C. Rango de temperatura de almacenamiento: De -20\u00b0C a +70\u00b0C. Principio de receptor: Superheterodino de doble conversi\u00f3n.<\/p>\n<\/div>\n<\/div>\n<\/div>","protected":false},"excerpt":{"rendered":"<p>Sistema de microfon\u00eda inal\u00e1mbrica para voz con micr\u00f3fono de diadema ligero ME3 (condensador, cardioide), transmisor de bolsillo compacto, receptor con chasis de metal y antenas externas, gesti\u00f3n y escaneo de frecuencias libres y tecnolog\u00eda true diversity. Rango A (548-572 MHz) B (614 &#8211; 638 MHz).&hellip; <a class=\"kt-excerpt-readmore more-link\" href=\"https:\/\/www.mexicanguitarplayers.com\/en\/tienda\/audio\/microfonia\/microfonos-inalambricos\/de-diadema\/microfono-sennheiser-inalamb-xsw2-me3\/\">Read more<\/a><\/p>","protected":false},"featured_media":39425,"comment_status":"open","ping_status":"closed","template":"","meta":{"kt_blocks_editor_width":""},"pwb-brand":[176],"product_brand":[],"product_cat":[213,541,214,231],"product_tag":[],"class_list":{"0":"post-39426","1":"product","2":"type-product","3":"status-publish","4":"has-post-thumbnail","6":"pwb-brand-sennheiser","7":"product_cat-audio","8":"product_cat-de-diadema","9":"product_cat-microfonia","10":"product_cat-microfonos-inalambricos","11":"product_shipping_class-0-5-kg","13":"first","14":"instock","15":"taxable","16":"shipping-taxable","17":"purchasable","18":"product-type-simple"},"yoast_head":"<!-- This site is optimized with the Yoast SEO plugin v27.6 - https:\/\/yoast.com\/product\/yoast-seo-wordpress\/ -->\n<title>MICROFONO SENNHEISER INALAMB. XSW2-ME3 - Mexican Guitar Players<\/title>\n<meta name=\"description\" content=\"Sistema de microfon\u00eda inal\u00e1mbrica para voz con micr\u00f3fono de diadema ligero ME3 (condensador, cardioide), transmisor de bolsillo compacto, receptor con chasis de metal y antenas externas, gesti\u00f3n y escaneo de frecuencias libres y tecnolog\u00eda true diversity. Rango A (548-572 MHz) B (614 - 638 MHz).\" \/>\n<meta name=\"robots\" content=\"index, follow, max-snippet:-1, max-image-preview:large, max-video-preview:-1\" \/>\n<link rel=\"canonical\" href=\"https:\/\/www.mexicanguitarplayers.com\/en\/tienda\/sin%20categor\u00eda\/microfono-sennheiser-inalamb-xsw2-me3\/\" \/>\n<meta property=\"og:locale\" content=\"en_US\" \/>\n<meta property=\"og:type\" content=\"article\" \/>\n<meta property=\"og:title\" content=\"MICROFONO SENNHEISER INALAMB. XSW2-ME3 - Mexican Guitar Players\" \/>\n<meta property=\"og:description\" content=\"Sistema de microfon\u00eda inal\u00e1mbrica para voz con micr\u00f3fono de diadema ligero ME3 (condensador, cardioide), transmisor de bolsillo compacto, receptor con chasis de metal y antenas externas, gesti\u00f3n y escaneo de frecuencias libres y tecnolog\u00eda true diversity. Rango A (548-572 MHz) B (614 - 638 MHz).\" \/>\n<meta property=\"og:url\" content=\"https:\/\/www.mexicanguitarplayers.com\/en\/tienda\/sin categor\u00eda\/microfono-sennheiser-inalamb-xsw2-me3\/\" \/>\n<meta property=\"og:site_name\" content=\"Mexican Guitar Players\" \/>\n<meta property=\"article:modified_time\" content=\"2026-05-01T13:18:07+00:00\" \/>\n<meta name=\"twitter:card\" content=\"summary_large_image\" \/>\n<meta name=\"twitter:label1\" content=\"Est. reading time\" \/>\n\t<meta name=\"twitter:data1\" content=\"2 minutes\" \/>\n<script type=\"application\/ld+json\" class=\"yoast-schema-graph\">{\"@context\":\"https:\\\/\\\/schema.org\",\"@graph\":[{\"@type\":[\"WebPage\",\"ItemPage\"],\"@id\":\"https:\\\/\\\/www.mexicanguitarplayers.com\\\/tienda\\\/sin categor\u00eda\\\/microfono-sennheiser-inalamb-xsw2-me3\\\/\",\"url\":\"https:\\\/\\\/www.mexicanguitarplayers.com\\\/tienda\\\/sin categor\u00eda\\\/microfono-sennheiser-inalamb-xsw2-me3\\\/\",\"name\":\"MICROFONO SENNHEISER INALAMB. XSW2-ME3 - Mexican Guitar Players\",\"isPartOf\":{\"@id\":\"https:\\\/\\\/www.mexicanguitarplayers.com\\\/#website\"},\"primaryImageOfPage\":{\"@id\":\"https:\\\/\\\/www.mexicanguitarplayers.com\\\/tienda\\\/sin categor\u00eda\\\/microfono-sennheiser-inalamb-xsw2-me3\\\/#primaryimage\"},\"image\":{\"@id\":\"https:\\\/\\\/www.mexicanguitarplayers.com\\\/tienda\\\/sin categor\u00eda\\\/microfono-sennheiser-inalamb-xsw2-me3\\\/#primaryimage\"},\"thumbnailUrl\":\"https:\\\/\\\/www.mexicanguitarplayers.com\\\/wp-content\\\/uploads\\\/2025\\\/04\\\/IASENXSW2ME3.jpg\",\"datePublished\":\"2025-04-09T12:37:20+00:00\",\"dateModified\":\"2026-05-01T13:18:07+00:00\",\"description\":\"Sistema de microfon\u00eda inal\u00e1mbrica para voz con micr\u00f3fono de diadema ligero ME3 (condensador, cardioide), transmisor de bolsillo compacto, receptor con chasis de metal y antenas externas, gesti\u00f3n y escaneo de frecuencias libres y tecnolog\u00eda true diversity. Rango A (548-572 MHz) B (614 - 638 MHz).\",\"breadcrumb\":{\"@id\":\"https:\\\/\\\/www.mexicanguitarplayers.com\\\/tienda\\\/sin categor\u00eda\\\/microfono-sennheiser-inalamb-xsw2-me3\\\/#breadcrumb\"},\"inLanguage\":\"en-US\",\"potentialAction\":[{\"@type\":\"ReadAction\",\"target\":[\"https:\\\/\\\/www.mexicanguitarplayers.com\\\/tienda\\\/sin categor\u00eda\\\/microfono-sennheiser-inalamb-xsw2-me3\\\/\"]}]},{\"@type\":\"ImageObject\",\"inLanguage\":\"en-US\",\"@id\":\"https:\\\/\\\/www.mexicanguitarplayers.com\\\/tienda\\\/sin categor\u00eda\\\/microfono-sennheiser-inalamb-xsw2-me3\\\/#primaryimage\",\"url\":\"https:\\\/\\\/www.mexicanguitarplayers.com\\\/wp-content\\\/uploads\\\/2025\\\/04\\\/IASENXSW2ME3.jpg\",\"contentUrl\":\"https:\\\/\\\/www.mexicanguitarplayers.com\\\/wp-content\\\/uploads\\\/2025\\\/04\\\/IASENXSW2ME3.jpg\",\"width\":1200,\"height\":1200},{\"@type\":\"BreadcrumbList\",\"@id\":\"https:\\\/\\\/www.mexicanguitarplayers.com\\\/tienda\\\/sin categor\u00eda\\\/microfono-sennheiser-inalamb-xsw2-me3\\\/#breadcrumb\",\"itemListElement\":[{\"@type\":\"ListItem\",\"position\":1,\"name\":\"Portada\",\"item\":\"https:\\\/\\\/www.mexicanguitarplayers.com\\\/\"},{\"@type\":\"ListItem\",\"position\":2,\"name\":\"Tienda\",\"item\":\"https:\\\/\\\/www.mexicanguitarplayers.com\\\/tienda\\\/\"},{\"@type\":\"ListItem\",\"position\":3,\"name\":\"MICROFONO SENNHEISER INALAMB. XSW2-ME3\"}]},{\"@type\":\"WebSite\",\"@id\":\"https:\\\/\\\/www.mexicanguitarplayers.com\\\/#website\",\"url\":\"https:\\\/\\\/www.mexicanguitarplayers.com\\\/\",\"name\":\"Mexican Guitar Players\",\"description\":\"Website\",\"publisher\":{\"@id\":\"https:\\\/\\\/www.mexicanguitarplayers.com\\\/#organization\"},\"potentialAction\":[{\"@type\":\"SearchAction\",\"target\":{\"@type\":\"EntryPoint\",\"urlTemplate\":\"https:\\\/\\\/www.mexicanguitarplayers.com\\\/?s={search_term_string}\"},\"query-input\":{\"@type\":\"PropertyValueSpecification\",\"valueRequired\":true,\"valueName\":\"search_term_string\"}}],\"inLanguage\":\"en-US\"},{\"@type\":\"Organization\",\"@id\":\"https:\\\/\\\/www.mexicanguitarplayers.com\\\/#organization\",\"name\":\"Mexican Guitar Players\",\"url\":\"https:\\\/\\\/www.mexicanguitarplayers.com\\\/\",\"logo\":{\"@type\":\"ImageObject\",\"inLanguage\":\"en-US\",\"@id\":\"https:\\\/\\\/www.mexicanguitarplayers.com\\\/#\\\/schema\\\/logo\\\/image\\\/\",\"url\":\"\",\"contentUrl\":\"\",\"caption\":\"Mexican Guitar Players\"},\"image\":{\"@id\":\"https:\\\/\\\/www.mexicanguitarplayers.com\\\/#\\\/schema\\\/logo\\\/image\\\/\"}}]}<\/script>\n<!-- \/ Yoast SEO plugin. -->","yoast_head_json":{"title":"MICROFONO SENNHEISER INALAMB. XSW2-ME3 - Mexican Guitar Players","description":"Sistema de microfon\u00eda inal\u00e1mbrica para voz con micr\u00f3fono de diadema ligero ME3 (condensador, cardioide), transmisor de bolsillo compacto, receptor con chasis de metal y antenas externas, gesti\u00f3n y escaneo de frecuencias libres y tecnolog\u00eda true diversity. Rango A (548-572 MHz) B (614 - 638 MHz).","robots":{"index":"index","follow":"follow","max-snippet":"max-snippet:-1","max-image-preview":"max-image-preview:large","max-video-preview":"max-video-preview:-1"},"canonical":"https:\/\/www.mexicanguitarplayers.com\/en\/tienda\/sin categor\u00eda\/microfono-sennheiser-inalamb-xsw2-me3\/","og_locale":"en_US","og_type":"article","og_title":"MICROFONO SENNHEISER INALAMB. XSW2-ME3 - Mexican Guitar Players","og_description":"Sistema de microfon\u00eda inal\u00e1mbrica para voz con micr\u00f3fono de diadema ligero ME3 (condensador, cardioide), transmisor de bolsillo compacto, receptor con chasis de metal y antenas externas, gesti\u00f3n y escaneo de frecuencias libres y tecnolog\u00eda true diversity. Rango A (548-572 MHz) B (614 - 638 MHz).","og_url":"https:\/\/www.mexicanguitarplayers.com\/en\/tienda\/sin categor\u00eda\/microfono-sennheiser-inalamb-xsw2-me3\/","og_site_name":"Mexican Guitar Players","article_modified_time":"2026-05-01T13:18:07+00:00","twitter_card":"summary_large_image","twitter_misc":{"Est. reading time":"2 minutes"},"schema":{"@context":"https:\/\/schema.org","@graph":[{"@type":["WebPage","ItemPage"],"@id":"https:\/\/www.mexicanguitarplayers.com\/tienda\/sin categor\u00eda\/microfono-sennheiser-inalamb-xsw2-me3\/","url":"https:\/\/www.mexicanguitarplayers.com\/tienda\/sin categor\u00eda\/microfono-sennheiser-inalamb-xsw2-me3\/","name":"MICROFONO SENNHEISER INALAMB. XSW2-ME3 - Mexican Guitar Players","isPartOf":{"@id":"https:\/\/www.mexicanguitarplayers.com\/#website"},"primaryImageOfPage":{"@id":"https:\/\/www.mexicanguitarplayers.com\/tienda\/sin categor\u00eda\/microfono-sennheiser-inalamb-xsw2-me3\/#primaryimage"},"image":{"@id":"https:\/\/www.mexicanguitarplayers.com\/tienda\/sin categor\u00eda\/microfono-sennheiser-inalamb-xsw2-me3\/#primaryimage"},"thumbnailUrl":"https:\/\/www.mexicanguitarplayers.com\/wp-content\/uploads\/2025\/04\/IASENXSW2ME3.jpg","datePublished":"2025-04-09T12:37:20+00:00","dateModified":"2026-05-01T13:18:07+00:00","description":"Sistema de microfon\u00eda inal\u00e1mbrica para voz con micr\u00f3fono de diadema ligero ME3 (condensador, cardioide), transmisor de bolsillo compacto, receptor con chasis de metal y antenas externas, gesti\u00f3n y escaneo de frecuencias libres y tecnolog\u00eda true diversity. Rango A (548-572 MHz) B (614 - 638 MHz).","breadcrumb":{"@id":"https:\/\/www.mexicanguitarplayers.com\/tienda\/sin categor\u00eda\/microfono-sennheiser-inalamb-xsw2-me3\/#breadcrumb"},"inLanguage":"en-US","potentialAction":[{"@type":"ReadAction","target":["https:\/\/www.mexicanguitarplayers.com\/tienda\/sin categor\u00eda\/microfono-sennheiser-inalamb-xsw2-me3\/"]}]},{"@type":"ImageObject","inLanguage":"en-US","@id":"https:\/\/www.mexicanguitarplayers.com\/tienda\/sin categor\u00eda\/microfono-sennheiser-inalamb-xsw2-me3\/#primaryimage","url":"https:\/\/www.mexicanguitarplayers.com\/wp-content\/uploads\/2025\/04\/IASENXSW2ME3.jpg","contentUrl":"https:\/\/www.mexicanguitarplayers.com\/wp-content\/uploads\/2025\/04\/IASENXSW2ME3.jpg","width":1200,"height":1200},{"@type":"BreadcrumbList","@id":"https:\/\/www.mexicanguitarplayers.com\/tienda\/sin categor\u00eda\/microfono-sennheiser-inalamb-xsw2-me3\/#breadcrumb","itemListElement":[{"@type":"ListItem","position":1,"name":"Portada","item":"https:\/\/www.mexicanguitarplayers.com\/"},{"@type":"ListItem","position":2,"name":"Tienda","item":"https:\/\/www.mexicanguitarplayers.com\/tienda\/"},{"@type":"ListItem","position":3,"name":"MICROFONO SENNHEISER INALAMB. XSW2-ME3"}]},{"@type":"WebSite","@id":"https:\/\/www.mexicanguitarplayers.com\/#website","url":"https:\/\/www.mexicanguitarplayers.com\/","name":"Mexican Guitar Players","description":"Website","publisher":{"@id":"https:\/\/www.mexicanguitarplayers.com\/#organization"},"potentialAction":[{"@type":"SearchAction","target":{"@type":"EntryPoint","urlTemplate":"https:\/\/www.mexicanguitarplayers.com\/?s={search_term_string}"},"query-input":{"@type":"PropertyValueSpecification","valueRequired":true,"valueName":"search_term_string"}}],"inLanguage":"en-US"},{"@type":"Organization","@id":"https:\/\/www.mexicanguitarplayers.com\/#organization","name":"Mexican Guitar Players","url":"https:\/\/www.mexicanguitarplayers.com\/","logo":{"@type":"ImageObject","inLanguage":"en-US","@id":"https:\/\/www.mexicanguitarplayers.com\/#\/schema\/logo\/image\/","url":"","contentUrl":"","caption":"Mexican Guitar Players"},"image":{"@id":"https:\/\/www.mexicanguitarplayers.com\/#\/schema\/logo\/image\/"}}]}},"brands":[{"id":176,"name":"SENNHEISER","slug":"sennheiser"}],"_links":{"self":[{"href":"https:\/\/www.mexicanguitarplayers.com\/en\/wp-json\/wp\/v2\/product\/39426","targetHints":{"allow":["GET"]}}],"collection":[{"href":"https:\/\/www.mexicanguitarplayers.com\/en\/wp-json\/wp\/v2\/product"}],"about":[{"href":"https:\/\/www.mexicanguitarplayers.com\/en\/wp-json\/wp\/v2\/types\/product"}],"replies":[{"embeddable":true,"href":"https:\/\/www.mexicanguitarplayers.com\/en\/wp-json\/wp\/v2\/comments?post=39426"}],"wp:featuredmedia":[{"embeddable":true,"href":"https:\/\/www.mexicanguitarplayers.com\/en\/wp-json\/wp\/v2\/media\/39425"}],"wp:attachment":[{"href":"https:\/\/www.mexicanguitarplayers.com\/en\/wp-json\/wp\/v2\/media?parent=39426"}],"wp:term":[{"taxonomy":"pwb-brand","embeddable":true,"href":"https:\/\/www.mexicanguitarplayers.com\/en\/wp-json\/wp\/v2\/pwb-brand?post=39426"},{"taxonomy":"product_brand","embeddable":true,"href":"https:\/\/www.mexicanguitarplayers.com\/en\/wp-json\/wp\/v2\/product_brand?post=39426"},{"taxonomy":"product_cat","embeddable":true,"href":"https:\/\/www.mexicanguitarplayers.com\/en\/wp-json\/wp\/v2\/product_cat?post=39426"},{"taxonomy":"product_tag","embeddable":true,"href":"https:\/\/www.mexicanguitarplayers.com\/en\/wp-json\/wp\/v2\/product_tag?post=39426"}],"curies":[{"name":"wp","href":"https:\/\/api.w.org\/{rel}","templated":true}]}}