{"id":39448,"date":"2025-04-09T06:37:50","date_gmt":"2025-04-09T12:37:50","guid":{"rendered":"https:\/\/www.mexicanguitarplayers.com\/tienda\/sin categor\u00eda\/cuerdas-d-addario-mod-a312-4-4m\/"},"modified":"2026-05-01T07:18:06","modified_gmt":"2026-05-01T13:18:06","slug":"cuerdas-d-addario-mod-a312-4-4m","status":"publish","type":"product","link":"https:\/\/www.mexicanguitarplayers.com\/en\/tienda\/accesorios\/para-guitarras\/cuerdas-y-encordaduras\/cuerdas-d-addario-mod-a312-4-4m\/","title":{"rendered":"CUERDAS D ADDARIO    MOD. A312 4\/4M"},"content":{"rendered":"<div style=\"text-align: justify\">\n<div>\n<h3>El sonido m\u00e1s dulce.<\/h3>\n<\/div>\n<div>Las cuerdas Ascent\u00e9 Violin est\u00e1n dise\u00f1adas espec\u00edficamente para ayudar a violinistas a avanzar en su arte con elegancia y consistencia. Con un rango tonal m\u00e1s amplio, excelente estabilidad de tono y una longevidad y durabilidad superiores, estas cuerdas de n\u00facleo sint\u00e9tico proporcionan una paleta m\u00e1s sofisticada que lleva tu toque al siguiente nivel. Se adaptan a violines de 4\/4 con una longitud de 13\u201d pulgadas (328 mm), estas cuerdas de tensi\u00f3n mediana est\u00e1n optimizadas para las necesidades de la mayor\u00eda de los violinistas. Empaquetadas en bolsas selladas de dise\u00f1o \u00fanico que proporcionan una protecci\u00f3n sin precedentes de los elementos que causan la corrosi\u00f3n.<\/div>\n<div>\n<h4>Characteristics<\/h4>\n<\/div>\n<div>\n<ul style=\"margin: 0px 0px 0px 25px\">\n<li style=\"list-style-type: circle;margin: 5px\">Cuerda A (La) para viol\u00edn.<\/li>\n<li style=\"list-style-type: circle;margin: 5px\">Entorchado de aluminio.<\/li>\n<li style=\"list-style-type: circle;margin: 5px\">Escala 4\/4.<\/li>\n<li style=\"list-style-type: circle;margin: 5px\">Longitud de 13\u201d pulgadas (328 mm).<\/li>\n<li style=\"list-style-type: circle;margin: 5px\">Tensi\u00f3n mediana.<\/li>\n<li style=\"list-style-type: circle;margin: 5px\">N\u00facleo sint\u00e9tico.<\/li>\n<li style=\"list-style-type: circle;margin: 5px\">Amplio y c\u00e1lido rango tonal.<\/li>\n<li style=\"list-style-type: circle;margin: 5px\">Estabilidad superior de tono.<\/li>\n<li style=\"list-style-type: circle;margin: 5px\">Gran durabilidad.<\/li>\n<li style=\"list-style-type: circle;margin: 5px\">Excelente respuesta de arco.<\/li>\n<li style=\"list-style-type: circle;margin: 5px\">Gran facilidad de toque.<\/li>\n<li style=\"list-style-type: circle;margin: 5px\">Hechas en USA.<\/li>\n<\/ul>\n<\/div>\n<\/div>","protected":false},"excerpt":{"rendered":"<p>Cuerda A (La) para viol\u00edn, entorchado de aluminio, escala 4\/4, longitud de 13\u201d pulgadas (328 mm), tensi\u00f3n mediana, n\u00facleo sint\u00e9tico que proporciona un rango tonal amplio y c\u00e1lido, estabilidad superior de tono y gran durabilidad, excelente respuesta de arco y una gran facilidad de toque, hechas en USA.&hellip; <a class=\"kt-excerpt-readmore more-link\" href=\"https:\/\/www.mexicanguitarplayers.com\/en\/tienda\/accesorios\/para-guitarras\/cuerdas-y-encordaduras\/cuerdas-d-addario-mod-a312-4-4m\/\">Read more<\/a><\/p>","protected":false},"featured_media":39447,"comment_status":"open","ping_status":"closed","template":"","meta":{"kt_blocks_editor_width":""},"pwb-brand":[347],"product_brand":[],"product_cat":[85,337,336],"product_tag":[],"class_list":{"0":"post-39448","1":"product","2":"type-product","3":"status-publish","4":"has-post-thumbnail","6":"pwb-brand-d-addario","7":"product_cat-accesorios","8":"product_cat-cuerdas-y-encordaduras","9":"product_cat-para-guitarras","10":"product_shipping_class-0-5-kg-cuerdas","12":"first","13":"instock","14":"taxable","15":"shipping-taxable","16":"purchasable","17":"product-type-simple"},"yoast_head":"<!-- This site is optimized with the Yoast SEO plugin v27.5 - https:\/\/yoast.com\/product\/yoast-seo-wordpress\/ -->\n<title>CUERDAS D ADDARIO  MOD. A312 4\/4M - Mexican Guitar Players<\/title>\n<meta name=\"description\" content=\"Cuerda A (La) para viol\u00edn, entorchado de aluminio, escala 4\/4, longitud de 13\u201d pulgadas (328 mm), tensi\u00f3n mediana, n\u00facleo sint\u00e9tico que proporciona un rango tonal amplio y c\u00e1lido, estabilidad superior de tono y gran durabilidad, excelente respuesta de arco y una gran facilidad de toque, hechas en USA.\" \/>\n<meta name=\"robots\" content=\"index, follow, max-snippet:-1, max-image-preview:large, max-video-preview:-1\" \/>\n<link rel=\"canonical\" href=\"https:\/\/www.mexicanguitarplayers.com\/en\/tienda\/sin%20categor\u00eda\/cuerdas-d-addario-mod-a312-4-4m\/\" \/>\n<meta property=\"og:locale\" content=\"en_US\" \/>\n<meta property=\"og:type\" content=\"article\" \/>\n<meta property=\"og:title\" content=\"CUERDAS D ADDARIO  MOD. A312 4\/4M - Mexican Guitar Players\" \/>\n<meta property=\"og:description\" content=\"Cuerda A (La) para viol\u00edn, entorchado de aluminio, escala 4\/4, longitud de 13\u201d pulgadas (328 mm), tensi\u00f3n mediana, n\u00facleo sint\u00e9tico que proporciona un rango tonal amplio y c\u00e1lido, estabilidad superior de tono y gran durabilidad, excelente respuesta de arco y una gran facilidad de toque, hechas en USA.\" \/>\n<meta property=\"og:url\" content=\"https:\/\/www.mexicanguitarplayers.com\/en\/tienda\/sin categor\u00eda\/cuerdas-d-addario-mod-a312-4-4m\/\" \/>\n<meta property=\"og:site_name\" content=\"Mexican Guitar Players\" \/>\n<meta property=\"article:modified_time\" content=\"2026-05-01T13:18:06+00:00\" \/>\n<meta name=\"twitter:card\" content=\"summary_large_image\" \/>\n<meta name=\"twitter:label1\" content=\"Est. reading time\" \/>\n\t<meta name=\"twitter:data1\" content=\"1 minute\" \/>\n<script type=\"application\/ld+json\" class=\"yoast-schema-graph\">{\"@context\":\"https:\\\/\\\/schema.org\",\"@graph\":[{\"@type\":[\"WebPage\",\"ItemPage\"],\"@id\":\"https:\\\/\\\/www.mexicanguitarplayers.com\\\/tienda\\\/sin categor\u00eda\\\/cuerdas-d-addario-mod-a312-4-4m\\\/\",\"url\":\"https:\\\/\\\/www.mexicanguitarplayers.com\\\/tienda\\\/sin categor\u00eda\\\/cuerdas-d-addario-mod-a312-4-4m\\\/\",\"name\":\"CUERDAS D ADDARIO MOD. A312 4\\\/4M - Mexican Guitar Players\",\"isPartOf\":{\"@id\":\"https:\\\/\\\/www.mexicanguitarplayers.com\\\/#website\"},\"primaryImageOfPage\":{\"@id\":\"https:\\\/\\\/www.mexicanguitarplayers.com\\\/tienda\\\/sin categor\u00eda\\\/cuerdas-d-addario-mod-a312-4-4m\\\/#primaryimage\"},\"image\":{\"@id\":\"https:\\\/\\\/www.mexicanguitarplayers.com\\\/tienda\\\/sin categor\u00eda\\\/cuerdas-d-addario-mod-a312-4-4m\\\/#primaryimage\"},\"thumbnailUrl\":\"https:\\\/\\\/www.mexicanguitarplayers.com\\\/wp-content\\\/uploads\\\/2025\\\/04\\\/RADADA31244M.jpg\",\"datePublished\":\"2025-04-09T12:37:50+00:00\",\"dateModified\":\"2026-05-01T13:18:06+00:00\",\"description\":\"Cuerda A (La) para viol\u00edn, entorchado de aluminio, escala 4\\\/4, longitud de 13\u201d pulgadas (328 mm), tensi\u00f3n mediana, n\u00facleo sint\u00e9tico que proporciona un rango tonal amplio y c\u00e1lido, estabilidad superior de tono y gran durabilidad, excelente respuesta de arco y una gran facilidad de toque, hechas en USA.\",\"breadcrumb\":{\"@id\":\"https:\\\/\\\/www.mexicanguitarplayers.com\\\/tienda\\\/sin categor\u00eda\\\/cuerdas-d-addario-mod-a312-4-4m\\\/#breadcrumb\"},\"inLanguage\":\"en-US\",\"potentialAction\":[{\"@type\":\"ReadAction\",\"target\":[\"https:\\\/\\\/www.mexicanguitarplayers.com\\\/tienda\\\/sin categor\u00eda\\\/cuerdas-d-addario-mod-a312-4-4m\\\/\"]}]},{\"@type\":\"ImageObject\",\"inLanguage\":\"en-US\",\"@id\":\"https:\\\/\\\/www.mexicanguitarplayers.com\\\/tienda\\\/sin categor\u00eda\\\/cuerdas-d-addario-mod-a312-4-4m\\\/#primaryimage\",\"url\":\"https:\\\/\\\/www.mexicanguitarplayers.com\\\/wp-content\\\/uploads\\\/2025\\\/04\\\/RADADA31244M.jpg\",\"contentUrl\":\"https:\\\/\\\/www.mexicanguitarplayers.com\\\/wp-content\\\/uploads\\\/2025\\\/04\\\/RADADA31244M.jpg\",\"width\":1200,\"height\":1200},{\"@type\":\"BreadcrumbList\",\"@id\":\"https:\\\/\\\/www.mexicanguitarplayers.com\\\/tienda\\\/sin categor\u00eda\\\/cuerdas-d-addario-mod-a312-4-4m\\\/#breadcrumb\",\"itemListElement\":[{\"@type\":\"ListItem\",\"position\":1,\"name\":\"Portada\",\"item\":\"https:\\\/\\\/www.mexicanguitarplayers.com\\\/\"},{\"@type\":\"ListItem\",\"position\":2,\"name\":\"Tienda\",\"item\":\"https:\\\/\\\/www.mexicanguitarplayers.com\\\/tienda\\\/\"},{\"@type\":\"ListItem\",\"position\":3,\"name\":\"CUERDAS D ADDARIO MOD. A312 4\\\/4M\"}]},{\"@type\":\"WebSite\",\"@id\":\"https:\\\/\\\/www.mexicanguitarplayers.com\\\/#website\",\"url\":\"https:\\\/\\\/www.mexicanguitarplayers.com\\\/\",\"name\":\"Mexican Guitar Players\",\"description\":\"Website\",\"publisher\":{\"@id\":\"https:\\\/\\\/www.mexicanguitarplayers.com\\\/#organization\"},\"potentialAction\":[{\"@type\":\"SearchAction\",\"target\":{\"@type\":\"EntryPoint\",\"urlTemplate\":\"https:\\\/\\\/www.mexicanguitarplayers.com\\\/?s={search_term_string}\"},\"query-input\":{\"@type\":\"PropertyValueSpecification\",\"valueRequired\":true,\"valueName\":\"search_term_string\"}}],\"inLanguage\":\"en-US\"},{\"@type\":\"Organization\",\"@id\":\"https:\\\/\\\/www.mexicanguitarplayers.com\\\/#organization\",\"name\":\"Mexican Guitar Players\",\"url\":\"https:\\\/\\\/www.mexicanguitarplayers.com\\\/\",\"logo\":{\"@type\":\"ImageObject\",\"inLanguage\":\"en-US\",\"@id\":\"https:\\\/\\\/www.mexicanguitarplayers.com\\\/#\\\/schema\\\/logo\\\/image\\\/\",\"url\":\"\",\"contentUrl\":\"\",\"caption\":\"Mexican Guitar Players\"},\"image\":{\"@id\":\"https:\\\/\\\/www.mexicanguitarplayers.com\\\/#\\\/schema\\\/logo\\\/image\\\/\"}}]}<\/script>\n<!-- \/ Yoast SEO plugin. -->","yoast_head_json":{"title":"CUERDAS D ADDARIO  MOD. A312 4\/4M - Mexican Guitar Players","description":"Cuerda A (La) para viol\u00edn, entorchado de aluminio, escala 4\/4, longitud de 13\u201d pulgadas (328 mm), tensi\u00f3n mediana, n\u00facleo sint\u00e9tico que proporciona un rango tonal amplio y c\u00e1lido, estabilidad superior de tono y gran durabilidad, excelente respuesta de arco y una gran facilidad de toque, hechas en USA.","robots":{"index":"index","follow":"follow","max-snippet":"max-snippet:-1","max-image-preview":"max-image-preview:large","max-video-preview":"max-video-preview:-1"},"canonical":"https:\/\/www.mexicanguitarplayers.com\/en\/tienda\/sin categor\u00eda\/cuerdas-d-addario-mod-a312-4-4m\/","og_locale":"en_US","og_type":"article","og_title":"CUERDAS D ADDARIO  MOD. A312 4\/4M - Mexican Guitar Players","og_description":"Cuerda A (La) para viol\u00edn, entorchado de aluminio, escala 4\/4, longitud de 13\u201d pulgadas (328 mm), tensi\u00f3n mediana, n\u00facleo sint\u00e9tico que proporciona un rango tonal amplio y c\u00e1lido, estabilidad superior de tono y gran durabilidad, excelente respuesta de arco y una gran facilidad de toque, hechas en USA.","og_url":"https:\/\/www.mexicanguitarplayers.com\/en\/tienda\/sin categor\u00eda\/cuerdas-d-addario-mod-a312-4-4m\/","og_site_name":"Mexican Guitar Players","article_modified_time":"2026-05-01T13:18:06+00:00","twitter_card":"summary_large_image","twitter_misc":{"Est. reading time":"1 minute"},"schema":{"@context":"https:\/\/schema.org","@graph":[{"@type":["WebPage","ItemPage"],"@id":"https:\/\/www.mexicanguitarplayers.com\/tienda\/sin categor\u00eda\/cuerdas-d-addario-mod-a312-4-4m\/","url":"https:\/\/www.mexicanguitarplayers.com\/tienda\/sin categor\u00eda\/cuerdas-d-addario-mod-a312-4-4m\/","name":"CUERDAS D ADDARIO MOD. A312 4\/4M - Mexican Guitar Players","isPartOf":{"@id":"https:\/\/www.mexicanguitarplayers.com\/#website"},"primaryImageOfPage":{"@id":"https:\/\/www.mexicanguitarplayers.com\/tienda\/sin categor\u00eda\/cuerdas-d-addario-mod-a312-4-4m\/#primaryimage"},"image":{"@id":"https:\/\/www.mexicanguitarplayers.com\/tienda\/sin categor\u00eda\/cuerdas-d-addario-mod-a312-4-4m\/#primaryimage"},"thumbnailUrl":"https:\/\/www.mexicanguitarplayers.com\/wp-content\/uploads\/2025\/04\/RADADA31244M.jpg","datePublished":"2025-04-09T12:37:50+00:00","dateModified":"2026-05-01T13:18:06+00:00","description":"Cuerda A (La) para viol\u00edn, entorchado de aluminio, escala 4\/4, longitud de 13\u201d pulgadas (328 mm), tensi\u00f3n mediana, n\u00facleo sint\u00e9tico que proporciona un rango tonal amplio y c\u00e1lido, estabilidad superior de tono y gran durabilidad, excelente respuesta de arco y una gran facilidad de toque, hechas en USA.","breadcrumb":{"@id":"https:\/\/www.mexicanguitarplayers.com\/tienda\/sin categor\u00eda\/cuerdas-d-addario-mod-a312-4-4m\/#breadcrumb"},"inLanguage":"en-US","potentialAction":[{"@type":"ReadAction","target":["https:\/\/www.mexicanguitarplayers.com\/tienda\/sin categor\u00eda\/cuerdas-d-addario-mod-a312-4-4m\/"]}]},{"@type":"ImageObject","inLanguage":"en-US","@id":"https:\/\/www.mexicanguitarplayers.com\/tienda\/sin categor\u00eda\/cuerdas-d-addario-mod-a312-4-4m\/#primaryimage","url":"https:\/\/www.mexicanguitarplayers.com\/wp-content\/uploads\/2025\/04\/RADADA31244M.jpg","contentUrl":"https:\/\/www.mexicanguitarplayers.com\/wp-content\/uploads\/2025\/04\/RADADA31244M.jpg","width":1200,"height":1200},{"@type":"BreadcrumbList","@id":"https:\/\/www.mexicanguitarplayers.com\/tienda\/sin categor\u00eda\/cuerdas-d-addario-mod-a312-4-4m\/#breadcrumb","itemListElement":[{"@type":"ListItem","position":1,"name":"Portada","item":"https:\/\/www.mexicanguitarplayers.com\/"},{"@type":"ListItem","position":2,"name":"Tienda","item":"https:\/\/www.mexicanguitarplayers.com\/tienda\/"},{"@type":"ListItem","position":3,"name":"CUERDAS D ADDARIO MOD. A312 4\/4M"}]},{"@type":"WebSite","@id":"https:\/\/www.mexicanguitarplayers.com\/#website","url":"https:\/\/www.mexicanguitarplayers.com\/","name":"Mexican Guitar Players","description":"Website","publisher":{"@id":"https:\/\/www.mexicanguitarplayers.com\/#organization"},"potentialAction":[{"@type":"SearchAction","target":{"@type":"EntryPoint","urlTemplate":"https:\/\/www.mexicanguitarplayers.com\/?s={search_term_string}"},"query-input":{"@type":"PropertyValueSpecification","valueRequired":true,"valueName":"search_term_string"}}],"inLanguage":"en-US"},{"@type":"Organization","@id":"https:\/\/www.mexicanguitarplayers.com\/#organization","name":"Mexican Guitar Players","url":"https:\/\/www.mexicanguitarplayers.com\/","logo":{"@type":"ImageObject","inLanguage":"en-US","@id":"https:\/\/www.mexicanguitarplayers.com\/#\/schema\/logo\/image\/","url":"","contentUrl":"","caption":"Mexican Guitar Players"},"image":{"@id":"https:\/\/www.mexicanguitarplayers.com\/#\/schema\/logo\/image\/"}}]}},"brands":[{"id":347,"name":"D ADDARIO","slug":"d-addario"}],"_links":{"self":[{"href":"https:\/\/www.mexicanguitarplayers.com\/en\/wp-json\/wp\/v2\/product\/39448","targetHints":{"allow":["GET"]}}],"collection":[{"href":"https:\/\/www.mexicanguitarplayers.com\/en\/wp-json\/wp\/v2\/product"}],"about":[{"href":"https:\/\/www.mexicanguitarplayers.com\/en\/wp-json\/wp\/v2\/types\/product"}],"replies":[{"embeddable":true,"href":"https:\/\/www.mexicanguitarplayers.com\/en\/wp-json\/wp\/v2\/comments?post=39448"}],"wp:featuredmedia":[{"embeddable":true,"href":"https:\/\/www.mexicanguitarplayers.com\/en\/wp-json\/wp\/v2\/media\/39447"}],"wp:attachment":[{"href":"https:\/\/www.mexicanguitarplayers.com\/en\/wp-json\/wp\/v2\/media?parent=39448"}],"wp:term":[{"taxonomy":"pwb-brand","embeddable":true,"href":"https:\/\/www.mexicanguitarplayers.com\/en\/wp-json\/wp\/v2\/pwb-brand?post=39448"},{"taxonomy":"product_brand","embeddable":true,"href":"https:\/\/www.mexicanguitarplayers.com\/en\/wp-json\/wp\/v2\/product_brand?post=39448"},{"taxonomy":"product_cat","embeddable":true,"href":"https:\/\/www.mexicanguitarplayers.com\/en\/wp-json\/wp\/v2\/product_cat?post=39448"},{"taxonomy":"product_tag","embeddable":true,"href":"https:\/\/www.mexicanguitarplayers.com\/en\/wp-json\/wp\/v2\/product_tag?post=39448"}],"curies":[{"name":"wp","href":"https:\/\/api.w.org\/{rel}","templated":true}]}}