{"id":39450,"date":"2025-04-09T06:37:53","date_gmt":"2025-04-09T12:37:53","guid":{"rendered":"https:\/\/www.mexicanguitarplayers.com\/tienda\/sin categor\u00eda\/pastilla-fishman-fluence-mod-prf-mh7-sq2\/"},"modified":"2026-04-10T04:21:22","modified_gmt":"2026-04-10T10:21:22","slug":"pastilla-fishman-fluence-mod-prf-mh7-sq2","status":"publish","type":"product","link":"https:\/\/www.mexicanguitarplayers.com\/en\/tienda\/accesorios\/para-guitarras\/pastillas-para-guitarra-electrica\/pastilla-fishman-fluence-mod-prf-mh7-sq2\/","title":{"rendered":"PASTILLA FISHMAN FLUENCE MOD. PRF-MH7-SQ2"},"content":{"rendered":"<div style=\"text-align: justify\">\n<div>\n<h3>Toda la musicalidad, potencia y exclusividad de la cer\u00e1mica.<\/h3>\n<\/div>\n<div>ALNICO: Acordes completos y solos fluidos, adem\u00e1s de una voz que nunca has escuchado en un humbucker. Excelente en ambas posiciones o com\u00fanmente combinado con un puente de cer\u00e1mica. Voces modernas de humbucker alnico: Voz 1 (Activo moderno): El sonido activo ideal. Completo, redondo y potenciado, pero con una articulaci\u00f3n y una din\u00e1mica sin precedentes. Voz 2 (N\u00edtido, limpio y fluido): El tono humbucker de brazo limpio y n\u00edtido que siempre has querido sin el sonido fino y tintineante que no quieres. CER\u00c1MICA: Brutal agresi\u00f3n activa y pegada pasiva en la misma guitarra. Genial en ambas posiciones o com\u00fanmente emparejado con una pastilla de alnico para brazo. Sonidos cer\u00e1micos humbuckers modernos: Voz 1 (activo moderno de alto rendimiento): El tono humbucker cer\u00e1mico activo ideal. Crujido n\u00edtido y abrasado grave apretado sin barro y un gru\u00f1ido. Voz 2 (ataque moderno pasivo): Tono cer\u00e1mico pasivo, org\u00e1nico y de alto rendimiento. Magn\u00edficas caracter\u00edsticas de distorsi\u00f3n con din\u00e1mica y respuesta de Fluence.<\/div>\n<div>\n<h4>Quick look<\/h4>\n<\/div>\n<ul style=\"margin: 0px 0px 0px 25px\">\n<li style=\"list-style-type: circle;margin: 5px\">Frecuencia pico.<\/li>\n<li style=\"list-style-type: circle;margin: 5px\">Material magn\u00e9tico.<\/li>\n<li style=\"list-style-type: circle;margin: 5px\">Circuito magn\u00e9tico.<\/li>\n<li style=\"list-style-type: circle;margin: 5px\">Output impedance.<\/li>\n<li style=\"list-style-type: circle;margin: 5px\">Consumo de corriente.<\/li>\n<li style=\"list-style-type: circle;margin: 5px\">Drums.<\/li>\n<li style=\"list-style-type: circle;margin: 5px\">Vida de la bater\u00eda.<\/li>\n<\/ul>\n<div>\n<div style=\"font-weight: bold\">Frecuencia pico.<\/div>\n<div>\n<p>Alnico: voz 1: 630 Hz, voz 2: 550 Hz, 8 kHz. Cer\u00e1mica: voz 1: 720 Hz, voz 2: 1.3 kHz.<\/p>\n<\/div>\n<div style=\"font-weight: bold\">Material magn\u00e9tico.<\/div>\n<div>\n<p>Alnico V y Cer\u00e1mica VIII.<\/p>\n<\/div>\n<div style=\"font-weight: bold\">Circuito magn\u00e9tico.<\/div>\n<div>\n<p>Im\u00e1n de barra con cuchillas.<\/p>\n<\/div>\n<div style=\"font-weight: bold\">Output impedance.<\/div>\n<div>\n<p>2 kilo-ohms.<\/p>\n<\/div>\n<div style=\"font-weight: bold\">Consumo de corriente.<\/div>\n<div>\n<p>Alnico: 2.5 mA. Cer\u00e1mica: 3 mA.<\/p>\n<\/div>\n<div style=\"font-weight: bold\">Drums.<\/div>\n<div>\n<p>9V o paquete <\/p>\n<\/div>\n<div style=\"font-weight: bold\">Vida de la bater\u00eda.<\/div>\n<div>\n<p>Alnico: Hasta 200 horas. Cer\u00e1mica: Hasta 170 horas.<\/p>\n<\/div>\n<\/div>\n<\/div>","protected":false},"excerpt":{"rendered":"<p>Set de humbuckers modernos de alnico y cer\u00e1mica para guitarra el\u00e9ctrica de 7 cuerdas, terminado negro niquelado,  la electr\u00f3nica activa ofrece un tono moderno pero silencioso, el n\u00facleo Fluence multivoz proporciona 2 voces seleccionables: captaci\u00f3n activa moderna con un sonido completo y potenciado o sonido exclusivo de Fluence con un tono limpio y n\u00edtido y fluido, la fuente de alimentaci\u00f3n ofrece m\u00e1s de 200 horas de uso y se recarga en unas pocas horas, el dise\u00f1o de reemplazo directo no requiere una modificaci\u00f3n permanente de la guitarra, frecuencia pico alnico: voz 1: 630 Hz, voz 2: 550 Hz, 8 kHz, frecuencia pico cer\u00e1mica: voz 1: 720 Hz, voz 2: 1.3 kHz, material magn\u00e9tico: alnico V y Cer\u00e1mica VIII, circuito magn\u00e9tico: im\u00e1n de barra con cuchillas, impedancia de salida: 2 kilo-ohms, consumo de corriente alnico: 2.5 mA, consumo de corriente cer\u00e1mica: 3 mA, bater\u00eda de 9V o paquete de bater\u00eda recargable (no incluido), vida de la bater\u00eda alnico: hasta 200 horas, vida de la bater\u00eda cer\u00e1mica: hasta 170 horas.&hellip; <a class=\"kt-excerpt-readmore more-link\" href=\"https:\/\/www.mexicanguitarplayers.com\/en\/tienda\/accesorios\/para-guitarras\/pastillas-para-guitarra-electrica\/pastilla-fishman-fluence-mod-prf-mh7-sq2\/\">Read more<\/a><\/p>","protected":false},"featured_media":39449,"comment_status":"open","ping_status":"closed","template":"","meta":{"kt_blocks_editor_width":""},"pwb-brand":[248],"product_brand":[],"product_cat":[85,336,353],"product_tag":[],"class_list":{"0":"post-39450","1":"product","2":"type-product","3":"status-publish","4":"has-post-thumbnail","6":"pwb-brand-fishman","7":"product_cat-accesorios","8":"product_cat-para-guitarras","9":"product_cat-pastillas-para-guitarra-electrica","10":"product_shipping_class-0-5-kg","12":"first","13":"outofstock","14":"taxable","15":"shipping-taxable","16":"purchasable","17":"product-type-simple"},"yoast_head":"<!-- This site is optimized with the Yoast SEO plugin v27.6 - https:\/\/yoast.com\/product\/yoast-seo-wordpress\/ -->\n<title>PASTILLA FISHMAN FLUENCE MOD. PRF-MH7-SQ2 - Mexican Guitar Players<\/title>\n<meta name=\"description\" content=\"Set de humbuckers modernos de alnico y cer\u00e1mica para guitarra el\u00e9ctrica de 7 cuerdas, terminado negro niquelado, la electr\u00f3nica activa ofrece un tono moderno pero silencioso, el n\u00facleo Fluence multivoz proporciona 2 voces seleccionables: captaci\u00f3n activa moderna con un sonido completo y potenciado o sonido exclusivo de Fluence con un tono limpio y n\u00edtido y fluido, la fuente de alimentaci\u00f3n ofrece m\u00e1s de 200 horas de uso y se recarga en unas pocas horas, el dise\u00f1o de reemplazo directo no requiere una modificaci\u00f3n permanente de la guitarra, frecuencia pico alnico: voz 1: 630 Hz, voz 2: 550 Hz, 8 kHz, frecuencia pico cer\u00e1mica: voz 1: 720 Hz, voz 2: 1.3 kHz, material magn\u00e9tico: alnico V y Cer\u00e1mica VIII, circuito magn\u00e9tico: im\u00e1n de barra con cuchillas, impedancia de salida: 2 kilo-ohms, consumo de corriente alnico: 2.5 mA, consumo de corriente cer\u00e1mica: 3 mA, bater\u00eda de 9V o paquete de bater\u00eda recargable (no incluido), vida de la bater\u00eda alnico: hasta 200 horas, vida de la bater\u00eda cer\u00e1mica: hasta 170 horas.\" \/>\n<meta name=\"robots\" content=\"index, follow, max-snippet:-1, max-image-preview:large, max-video-preview:-1\" \/>\n<link rel=\"canonical\" href=\"https:\/\/www.mexicanguitarplayers.com\/en\/tienda\/sin%20categor\u00eda\/pastilla-fishman-fluence-mod-prf-mh7-sq2\/\" \/>\n<meta property=\"og:locale\" content=\"en_US\" \/>\n<meta property=\"og:type\" content=\"article\" \/>\n<meta property=\"og:title\" content=\"PASTILLA FISHMAN FLUENCE MOD. PRF-MH7-SQ2 - Mexican Guitar Players\" \/>\n<meta property=\"og:description\" content=\"Set de humbuckers modernos de alnico y cer\u00e1mica para guitarra el\u00e9ctrica de 7 cuerdas, terminado negro niquelado, la electr\u00f3nica activa ofrece un tono moderno pero silencioso, el n\u00facleo Fluence multivoz proporciona 2 voces seleccionables: captaci\u00f3n activa moderna con un sonido completo y potenciado o sonido exclusivo de Fluence con un tono limpio y n\u00edtido y fluido, la fuente de alimentaci\u00f3n ofrece m\u00e1s de 200 horas de uso y se recarga en unas pocas horas, el dise\u00f1o de reemplazo directo no requiere una modificaci\u00f3n permanente de la guitarra, frecuencia pico alnico: voz 1: 630 Hz, voz 2: 550 Hz, 8 kHz, frecuencia pico cer\u00e1mica: voz 1: 720 Hz, voz 2: 1.3 kHz, material magn\u00e9tico: alnico V y Cer\u00e1mica VIII, circuito magn\u00e9tico: im\u00e1n de barra con cuchillas, impedancia de salida: 2 kilo-ohms, consumo de corriente alnico: 2.5 mA, consumo de corriente cer\u00e1mica: 3 mA, bater\u00eda de 9V o paquete de bater\u00eda recargable (no incluido), vida de la bater\u00eda alnico: hasta 200 horas, vida de la bater\u00eda cer\u00e1mica: hasta 170 horas.\" \/>\n<meta property=\"og:url\" content=\"https:\/\/www.mexicanguitarplayers.com\/en\/tienda\/sin categor\u00eda\/pastilla-fishman-fluence-mod-prf-mh7-sq2\/\" \/>\n<meta property=\"og:site_name\" content=\"Mexican Guitar Players\" \/>\n<meta property=\"article:modified_time\" content=\"2026-04-10T10:21:22+00:00\" \/>\n<meta name=\"twitter:card\" content=\"summary_large_image\" \/>\n<meta name=\"twitter:label1\" content=\"Est. reading time\" \/>\n\t<meta name=\"twitter:data1\" content=\"1 minute\" \/>\n<script type=\"application\/ld+json\" class=\"yoast-schema-graph\">{\"@context\":\"https:\\\/\\\/schema.org\",\"@graph\":[{\"@type\":[\"WebPage\",\"ItemPage\"],\"@id\":\"https:\\\/\\\/www.mexicanguitarplayers.com\\\/tienda\\\/sin categor\u00eda\\\/pastilla-fishman-fluence-mod-prf-mh7-sq2\\\/\",\"url\":\"https:\\\/\\\/www.mexicanguitarplayers.com\\\/tienda\\\/sin categor\u00eda\\\/pastilla-fishman-fluence-mod-prf-mh7-sq2\\\/\",\"name\":\"PASTILLA FISHMAN FLUENCE MOD. PRF-MH7-SQ2 - Mexican Guitar Players\",\"isPartOf\":{\"@id\":\"https:\\\/\\\/www.mexicanguitarplayers.com\\\/#website\"},\"primaryImageOfPage\":{\"@id\":\"https:\\\/\\\/www.mexicanguitarplayers.com\\\/tienda\\\/sin categor\u00eda\\\/pastilla-fishman-fluence-mod-prf-mh7-sq2\\\/#primaryimage\"},\"image\":{\"@id\":\"https:\\\/\\\/www.mexicanguitarplayers.com\\\/tienda\\\/sin categor\u00eda\\\/pastilla-fishman-fluence-mod-prf-mh7-sq2\\\/#primaryimage\"},\"thumbnailUrl\":\"https:\\\/\\\/www.mexicanguitarplayers.com\\\/wp-content\\\/uploads\\\/2025\\\/04\\\/RAFISPRFMH7SQ2.jpg\",\"datePublished\":\"2025-04-09T12:37:53+00:00\",\"dateModified\":\"2026-04-10T10:21:22+00:00\",\"description\":\"Set de humbuckers modernos de alnico y cer\u00e1mica para guitarra el\u00e9ctrica de 7 cuerdas, terminado negro niquelado, la electr\u00f3nica activa ofrece un tono moderno pero silencioso, el n\u00facleo Fluence multivoz proporciona 2 voces seleccionables: captaci\u00f3n activa moderna con un sonido completo y potenciado o sonido exclusivo de Fluence con un tono limpio y n\u00edtido y fluido, la fuente de alimentaci\u00f3n ofrece m\u00e1s de 200 horas de uso y se recarga en unas pocas horas, el dise\u00f1o de reemplazo directo no requiere una modificaci\u00f3n permanente de la guitarra, frecuencia pico alnico: voz 1: 630 Hz, voz 2: 550 Hz, 8 kHz, frecuencia pico cer\u00e1mica: voz 1: 720 Hz, voz 2: 1.3 kHz, material magn\u00e9tico: alnico V y Cer\u00e1mica VIII, circuito magn\u00e9tico: im\u00e1n de barra con cuchillas, impedancia de salida: 2 kilo-ohms, consumo de corriente alnico: 2.5 mA, consumo de corriente cer\u00e1mica: 3 mA, bater\u00eda de 9V o paquete de bater\u00eda recargable (no incluido), vida de la bater\u00eda alnico: hasta 200 horas, vida de la bater\u00eda cer\u00e1mica: hasta 170 horas.\",\"breadcrumb\":{\"@id\":\"https:\\\/\\\/www.mexicanguitarplayers.com\\\/tienda\\\/sin categor\u00eda\\\/pastilla-fishman-fluence-mod-prf-mh7-sq2\\\/#breadcrumb\"},\"inLanguage\":\"en-US\",\"potentialAction\":[{\"@type\":\"ReadAction\",\"target\":[\"https:\\\/\\\/www.mexicanguitarplayers.com\\\/tienda\\\/sin categor\u00eda\\\/pastilla-fishman-fluence-mod-prf-mh7-sq2\\\/\"]}]},{\"@type\":\"ImageObject\",\"inLanguage\":\"en-US\",\"@id\":\"https:\\\/\\\/www.mexicanguitarplayers.com\\\/tienda\\\/sin categor\u00eda\\\/pastilla-fishman-fluence-mod-prf-mh7-sq2\\\/#primaryimage\",\"url\":\"https:\\\/\\\/www.mexicanguitarplayers.com\\\/wp-content\\\/uploads\\\/2025\\\/04\\\/RAFISPRFMH7SQ2.jpg\",\"contentUrl\":\"https:\\\/\\\/www.mexicanguitarplayers.com\\\/wp-content\\\/uploads\\\/2025\\\/04\\\/RAFISPRFMH7SQ2.jpg\",\"width\":1200,\"height\":1200},{\"@type\":\"BreadcrumbList\",\"@id\":\"https:\\\/\\\/www.mexicanguitarplayers.com\\\/tienda\\\/sin categor\u00eda\\\/pastilla-fishman-fluence-mod-prf-mh7-sq2\\\/#breadcrumb\",\"itemListElement\":[{\"@type\":\"ListItem\",\"position\":1,\"name\":\"Portada\",\"item\":\"https:\\\/\\\/www.mexicanguitarplayers.com\\\/\"},{\"@type\":\"ListItem\",\"position\":2,\"name\":\"Tienda\",\"item\":\"https:\\\/\\\/www.mexicanguitarplayers.com\\\/tienda\\\/\"},{\"@type\":\"ListItem\",\"position\":3,\"name\":\"PASTILLA FISHMAN FLUENCE MOD. PRF-MH7-SQ2\"}]},{\"@type\":\"WebSite\",\"@id\":\"https:\\\/\\\/www.mexicanguitarplayers.com\\\/#website\",\"url\":\"https:\\\/\\\/www.mexicanguitarplayers.com\\\/\",\"name\":\"Mexican Guitar Players\",\"description\":\"Website\",\"publisher\":{\"@id\":\"https:\\\/\\\/www.mexicanguitarplayers.com\\\/#organization\"},\"potentialAction\":[{\"@type\":\"SearchAction\",\"target\":{\"@type\":\"EntryPoint\",\"urlTemplate\":\"https:\\\/\\\/www.mexicanguitarplayers.com\\\/?s={search_term_string}\"},\"query-input\":{\"@type\":\"PropertyValueSpecification\",\"valueRequired\":true,\"valueName\":\"search_term_string\"}}],\"inLanguage\":\"en-US\"},{\"@type\":\"Organization\",\"@id\":\"https:\\\/\\\/www.mexicanguitarplayers.com\\\/#organization\",\"name\":\"Mexican Guitar Players\",\"url\":\"https:\\\/\\\/www.mexicanguitarplayers.com\\\/\",\"logo\":{\"@type\":\"ImageObject\",\"inLanguage\":\"en-US\",\"@id\":\"https:\\\/\\\/www.mexicanguitarplayers.com\\\/#\\\/schema\\\/logo\\\/image\\\/\",\"url\":\"\",\"contentUrl\":\"\",\"caption\":\"Mexican Guitar Players\"},\"image\":{\"@id\":\"https:\\\/\\\/www.mexicanguitarplayers.com\\\/#\\\/schema\\\/logo\\\/image\\\/\"}}]}<\/script>\n<!-- \/ Yoast SEO plugin. -->","yoast_head_json":{"title":"PASTILLA FISHMAN FLUENCE MOD. PRF-MH7-SQ2 - Mexican Guitar Players","description":"Set de humbuckers modernos de alnico y cer\u00e1mica para guitarra el\u00e9ctrica de 7 cuerdas, terminado negro niquelado, la electr\u00f3nica activa ofrece un tono moderno pero silencioso, el n\u00facleo Fluence multivoz proporciona 2 voces seleccionables: captaci\u00f3n activa moderna con un sonido completo y potenciado o sonido exclusivo de Fluence con un tono limpio y n\u00edtido y fluido, la fuente de alimentaci\u00f3n ofrece m\u00e1s de 200 horas de uso y se recarga en unas pocas horas, el dise\u00f1o de reemplazo directo no requiere una modificaci\u00f3n permanente de la guitarra, frecuencia pico alnico: voz 1: 630 Hz, voz 2: 550 Hz, 8 kHz, frecuencia pico cer\u00e1mica: voz 1: 720 Hz, voz 2: 1.3 kHz, material magn\u00e9tico: alnico V y Cer\u00e1mica VIII, circuito magn\u00e9tico: im\u00e1n de barra con cuchillas, impedancia de salida: 2 kilo-ohms, consumo de corriente alnico: 2.5 mA, consumo de corriente cer\u00e1mica: 3 mA, bater\u00eda de 9V o paquete de bater\u00eda recargable (no incluido), vida de la bater\u00eda alnico: hasta 200 horas, vida de la bater\u00eda cer\u00e1mica: hasta 170 horas.","robots":{"index":"index","follow":"follow","max-snippet":"max-snippet:-1","max-image-preview":"max-image-preview:large","max-video-preview":"max-video-preview:-1"},"canonical":"https:\/\/www.mexicanguitarplayers.com\/en\/tienda\/sin categor\u00eda\/pastilla-fishman-fluence-mod-prf-mh7-sq2\/","og_locale":"en_US","og_type":"article","og_title":"PASTILLA FISHMAN FLUENCE MOD. PRF-MH7-SQ2 - Mexican Guitar Players","og_description":"Set de humbuckers modernos de alnico y cer\u00e1mica para guitarra el\u00e9ctrica de 7 cuerdas, terminado negro niquelado, la electr\u00f3nica activa ofrece un tono moderno pero silencioso, el n\u00facleo Fluence multivoz proporciona 2 voces seleccionables: captaci\u00f3n activa moderna con un sonido completo y potenciado o sonido exclusivo de Fluence con un tono limpio y n\u00edtido y fluido, la fuente de alimentaci\u00f3n ofrece m\u00e1s de 200 horas de uso y se recarga en unas pocas horas, el dise\u00f1o de reemplazo directo no requiere una modificaci\u00f3n permanente de la guitarra, frecuencia pico alnico: voz 1: 630 Hz, voz 2: 550 Hz, 8 kHz, frecuencia pico cer\u00e1mica: voz 1: 720 Hz, voz 2: 1.3 kHz, material magn\u00e9tico: alnico V y Cer\u00e1mica VIII, circuito magn\u00e9tico: im\u00e1n de barra con cuchillas, impedancia de salida: 2 kilo-ohms, consumo de corriente alnico: 2.5 mA, consumo de corriente cer\u00e1mica: 3 mA, bater\u00eda de 9V o paquete de bater\u00eda recargable (no incluido), vida de la bater\u00eda alnico: hasta 200 horas, vida de la bater\u00eda cer\u00e1mica: hasta 170 horas.","og_url":"https:\/\/www.mexicanguitarplayers.com\/en\/tienda\/sin categor\u00eda\/pastilla-fishman-fluence-mod-prf-mh7-sq2\/","og_site_name":"Mexican Guitar Players","article_modified_time":"2026-04-10T10:21:22+00:00","twitter_card":"summary_large_image","twitter_misc":{"Est. reading time":"1 minute"},"schema":{"@context":"https:\/\/schema.org","@graph":[{"@type":["WebPage","ItemPage"],"@id":"https:\/\/www.mexicanguitarplayers.com\/tienda\/sin categor\u00eda\/pastilla-fishman-fluence-mod-prf-mh7-sq2\/","url":"https:\/\/www.mexicanguitarplayers.com\/tienda\/sin categor\u00eda\/pastilla-fishman-fluence-mod-prf-mh7-sq2\/","name":"PASTILLA FISHMAN FLUENCE MOD. PRF-MH7-SQ2 - Mexican Guitar Players","isPartOf":{"@id":"https:\/\/www.mexicanguitarplayers.com\/#website"},"primaryImageOfPage":{"@id":"https:\/\/www.mexicanguitarplayers.com\/tienda\/sin categor\u00eda\/pastilla-fishman-fluence-mod-prf-mh7-sq2\/#primaryimage"},"image":{"@id":"https:\/\/www.mexicanguitarplayers.com\/tienda\/sin categor\u00eda\/pastilla-fishman-fluence-mod-prf-mh7-sq2\/#primaryimage"},"thumbnailUrl":"https:\/\/www.mexicanguitarplayers.com\/wp-content\/uploads\/2025\/04\/RAFISPRFMH7SQ2.jpg","datePublished":"2025-04-09T12:37:53+00:00","dateModified":"2026-04-10T10:21:22+00:00","description":"Set de humbuckers modernos de alnico y cer\u00e1mica para guitarra el\u00e9ctrica de 7 cuerdas, terminado negro niquelado, la electr\u00f3nica activa ofrece un tono moderno pero silencioso, el n\u00facleo Fluence multivoz proporciona 2 voces seleccionables: captaci\u00f3n activa moderna con un sonido completo y potenciado o sonido exclusivo de Fluence con un tono limpio y n\u00edtido y fluido, la fuente de alimentaci\u00f3n ofrece m\u00e1s de 200 horas de uso y se recarga en unas pocas horas, el dise\u00f1o de reemplazo directo no requiere una modificaci\u00f3n permanente de la guitarra, frecuencia pico alnico: voz 1: 630 Hz, voz 2: 550 Hz, 8 kHz, frecuencia pico cer\u00e1mica: voz 1: 720 Hz, voz 2: 1.3 kHz, material magn\u00e9tico: alnico V y Cer\u00e1mica VIII, circuito magn\u00e9tico: im\u00e1n de barra con cuchillas, impedancia de salida: 2 kilo-ohms, consumo de corriente alnico: 2.5 mA, consumo de corriente cer\u00e1mica: 3 mA, bater\u00eda de 9V o paquete de bater\u00eda recargable (no incluido), vida de la bater\u00eda alnico: hasta 200 horas, vida de la bater\u00eda cer\u00e1mica: hasta 170 horas.","breadcrumb":{"@id":"https:\/\/www.mexicanguitarplayers.com\/tienda\/sin categor\u00eda\/pastilla-fishman-fluence-mod-prf-mh7-sq2\/#breadcrumb"},"inLanguage":"en-US","potentialAction":[{"@type":"ReadAction","target":["https:\/\/www.mexicanguitarplayers.com\/tienda\/sin categor\u00eda\/pastilla-fishman-fluence-mod-prf-mh7-sq2\/"]}]},{"@type":"ImageObject","inLanguage":"en-US","@id":"https:\/\/www.mexicanguitarplayers.com\/tienda\/sin categor\u00eda\/pastilla-fishman-fluence-mod-prf-mh7-sq2\/#primaryimage","url":"https:\/\/www.mexicanguitarplayers.com\/wp-content\/uploads\/2025\/04\/RAFISPRFMH7SQ2.jpg","contentUrl":"https:\/\/www.mexicanguitarplayers.com\/wp-content\/uploads\/2025\/04\/RAFISPRFMH7SQ2.jpg","width":1200,"height":1200},{"@type":"BreadcrumbList","@id":"https:\/\/www.mexicanguitarplayers.com\/tienda\/sin categor\u00eda\/pastilla-fishman-fluence-mod-prf-mh7-sq2\/#breadcrumb","itemListElement":[{"@type":"ListItem","position":1,"name":"Portada","item":"https:\/\/www.mexicanguitarplayers.com\/"},{"@type":"ListItem","position":2,"name":"Tienda","item":"https:\/\/www.mexicanguitarplayers.com\/tienda\/"},{"@type":"ListItem","position":3,"name":"PASTILLA FISHMAN FLUENCE MOD. PRF-MH7-SQ2"}]},{"@type":"WebSite","@id":"https:\/\/www.mexicanguitarplayers.com\/#website","url":"https:\/\/www.mexicanguitarplayers.com\/","name":"Mexican Guitar Players","description":"Website","publisher":{"@id":"https:\/\/www.mexicanguitarplayers.com\/#organization"},"potentialAction":[{"@type":"SearchAction","target":{"@type":"EntryPoint","urlTemplate":"https:\/\/www.mexicanguitarplayers.com\/?s={search_term_string}"},"query-input":{"@type":"PropertyValueSpecification","valueRequired":true,"valueName":"search_term_string"}}],"inLanguage":"en-US"},{"@type":"Organization","@id":"https:\/\/www.mexicanguitarplayers.com\/#organization","name":"Mexican Guitar Players","url":"https:\/\/www.mexicanguitarplayers.com\/","logo":{"@type":"ImageObject","inLanguage":"en-US","@id":"https:\/\/www.mexicanguitarplayers.com\/#\/schema\/logo\/image\/","url":"","contentUrl":"","caption":"Mexican Guitar Players"},"image":{"@id":"https:\/\/www.mexicanguitarplayers.com\/#\/schema\/logo\/image\/"}}]}},"brands":[{"id":248,"name":"FISHMAN","slug":"fishman"}],"_links":{"self":[{"href":"https:\/\/www.mexicanguitarplayers.com\/en\/wp-json\/wp\/v2\/product\/39450","targetHints":{"allow":["GET"]}}],"collection":[{"href":"https:\/\/www.mexicanguitarplayers.com\/en\/wp-json\/wp\/v2\/product"}],"about":[{"href":"https:\/\/www.mexicanguitarplayers.com\/en\/wp-json\/wp\/v2\/types\/product"}],"replies":[{"embeddable":true,"href":"https:\/\/www.mexicanguitarplayers.com\/en\/wp-json\/wp\/v2\/comments?post=39450"}],"wp:featuredmedia":[{"embeddable":true,"href":"https:\/\/www.mexicanguitarplayers.com\/en\/wp-json\/wp\/v2\/media\/39449"}],"wp:attachment":[{"href":"https:\/\/www.mexicanguitarplayers.com\/en\/wp-json\/wp\/v2\/media?parent=39450"}],"wp:term":[{"taxonomy":"pwb-brand","embeddable":true,"href":"https:\/\/www.mexicanguitarplayers.com\/en\/wp-json\/wp\/v2\/pwb-brand?post=39450"},{"taxonomy":"product_brand","embeddable":true,"href":"https:\/\/www.mexicanguitarplayers.com\/en\/wp-json\/wp\/v2\/product_brand?post=39450"},{"taxonomy":"product_cat","embeddable":true,"href":"https:\/\/www.mexicanguitarplayers.com\/en\/wp-json\/wp\/v2\/product_cat?post=39450"},{"taxonomy":"product_tag","embeddable":true,"href":"https:\/\/www.mexicanguitarplayers.com\/en\/wp-json\/wp\/v2\/product_tag?post=39450"}],"curies":[{"name":"wp","href":"https:\/\/api.w.org\/{rel}","templated":true}]}}