{"id":39481,"date":"2025-04-09T06:38:35","date_gmt":"2025-04-09T12:38:35","guid":{"rendered":"https:\/\/www.mexicanguitarplayers.com\/tienda\/sin categor\u00eda\/pastillas-sd-juego-antiquity-for-strat-texas-hot\/"},"modified":"2026-05-01T07:18:04","modified_gmt":"2026-05-01T13:18:04","slug":"pastillas-sd-juego-antiquity-for-strat-texas-hot","status":"publish","type":"product","link":"https:\/\/www.mexicanguitarplayers.com\/en\/tienda\/accesorios\/para-guitarras\/pastillas-para-guitarra-electrica\/pastillas-sd-juego-antiquity-for-strat-texas-hot\/","title":{"rendered":"PASTILLAS SD JUEGO ANTIQUITY FOR STRAT TEXAS HOT"},"content":{"rendered":"<div style=\"text-align: justify\">\n<div>\n<h3>El cl\u00e1sico sonido antiguo.<\/h3>\n<\/div>\n<div>Dale a tu Stratocaster la c\u00e1lida campanilla que normalmente se reserva para instrumentos antiguos de valor incalculable. La pastilla Antiquity Texas Hot de brazo produce ese tono familiar y vibrante de Stratocaster, pero con un car\u00e1cter tonal dulce que solo una pastilla Stratocaster Vintage de d\u00e9cadas puede producir. Su ataque de agudos es suavizado por los polos de varilla de alnico 2 especialmente desmagnetizados e inyectamos la cantidad justa de humo, sudor y suciedad para darles ese grano perfecto. La pastilla del medio en el set es RW\/RP para el cloqueo perfecto sin zumbidos en las posiciones 2 y 4. La pastilla del puente Antiquity Texas Hot Custom se enrolla m\u00e1s caliente que las versiones de brazo y centro, para darle a tu Stratocaster un mejor equilibrio general y una mayor versatilidad sin perder el ambiente vintage. El azote y el brillo est\u00e1n ah\u00ed y el aumento de la salida proporciona el rango medio suficiente para ayudar a que tu tono corte donde las pastillas de puente tradicionales de Strat se quedan cortas. Las notas individuales suenan robustas y los acordes son arm\u00f3nicamente ricos. Los imanes personalizados de 2 varillas de alnico envejecido crean menos tirones en las cuerdas y eso significa m\u00e1s sustain. Este juego de pastillas est\u00e1 envejecido a medida tanto cosm\u00e9tica como magn\u00e9ticamente para simular el desgaste por el que pasa una pastilla despu\u00e9s de d\u00e9cadas de uso. Cada uno viene con una cubierta especialmente envejecida y los polos de varilla de alnico 2 rectificados individualmente est\u00e1n calibrados espec\u00edficamente para brindar la combinaci\u00f3n perfecta de timbre y dulzura. Cada pastilla Antiquity Texas Hot Vintage Stratocaster est\u00e1 laqueada y encapsulada en cera de parafina negra, como las originales. Todos los sets, excepto el modelo exclusivo de Jimi Hendrix vienen con un RWRP central como pastilla intermedia. Posici\u00f3n RWRP central (viento inverso\/polaridad inversa): Elije esta opci\u00f3n para tener una pastilla que cancele el zumbido con uno de nuestros modelos de brazo o puente.<\/div>\n<div>\n<h4>Quick look<\/h4>\n<\/div>\n<ul style=\"margin: 0px 0px 0px 25px\">\n<li style=\"list-style-type: circle;margin: 5px\">Modelo.<\/li>\n<li style=\"list-style-type: circle;margin: 5px\">Posici\u00f3n.<\/li>\n<li style=\"list-style-type: circle;margin: 5px\">Espaciado.<\/li>\n<li style=\"list-style-type: circle;margin: 5px\">Alambrado.<\/li>\n<li style=\"list-style-type: circle;margin: 5px\">Im\u00e1n.<\/li>\n<li style=\"list-style-type: circle;margin: 5px\">DCR.<\/li>\n<\/ul>\n<div>\n<div style=\"font-weight: bold\">Modelo.<\/div>\n<div>\n<p>Antiquity Strat Texas Hot.<\/p>\n<\/div>\n<div style=\"font-weight: bold\">Posici\u00f3n.<\/div>\n<div>\n<p>Para puente, centro y brazo.<\/p>\n<\/div>\n<div style=\"font-weight: bold\">Espaciado.<\/div>\n<div>\n<p>Est\u00e1ndar.<\/p>\n<\/div>\n<div style=\"font-weight: bold\">Alambrado.<\/div>\n<div>\n<p>Cloth push-back.<\/p>\n<\/div>\n<div style=\"font-weight: bold\">Im\u00e1n.<\/div>\n<div>\n<p>Alnico 2.<\/p>\n<\/div>\n<div style=\"font-weight: bold\">DCR.<\/div>\n<div>\n<p>Brazo: 6.30k. Centro: 6.50k. Puente: 9.80k.<\/p>\n<\/div>\n<\/div>\n<\/div>","protected":false},"excerpt":{"rendered":"<p>Set de pastillas humbucker pasivas para guitarra el\u00e9ctrica de 6 cuerdas, modelo Antiquity Strat Texas Hot, posici\u00f3n: puente, centro y brazo, cableado: cloth push-back, im\u00e1n: alnico 2, brinda el aut\u00e9ntico timbre, brillo y sensaci\u00f3n de una sola bobina que solo las pastillas vintage Stratocaster pueden ofrecer.&hellip; <a class=\"kt-excerpt-readmore more-link\" href=\"https:\/\/www.mexicanguitarplayers.com\/en\/tienda\/accesorios\/para-guitarras\/pastillas-para-guitarra-electrica\/pastillas-sd-juego-antiquity-for-strat-texas-hot\/\">Read more<\/a><\/p>","protected":false},"featured_media":39474,"comment_status":"open","ping_status":"closed","template":"","meta":{"kt_blocks_editor_width":""},"pwb-brand":[502],"product_brand":[],"product_cat":[85,336,353],"product_tag":[],"class_list":{"0":"post-39481","1":"product","2":"type-product","3":"status-publish","4":"has-post-thumbnail","6":"pwb-brand-seymour-duncan","7":"product_cat-accesorios","8":"product_cat-para-guitarras","9":"product_cat-pastillas-para-guitarra-electrica","10":"product_shipping_class-0-5-kg","12":"first","13":"instock","14":"taxable","15":"shipping-taxable","16":"purchasable","17":"product-type-simple"},"yoast_head":"<!-- This site is optimized with the Yoast SEO plugin v27.5 - https:\/\/yoast.com\/product\/yoast-seo-wordpress\/ -->\n<title>PASTILLAS SD JUEGO ANTIQUITY FOR STRAT TEXAS HOT - Mexican Guitar Players<\/title>\n<meta name=\"description\" content=\"Set de pastillas humbucker pasivas para guitarra el\u00e9ctrica de 6 cuerdas, modelo Antiquity Strat Texas Hot, posici\u00f3n: puente, centro y brazo, cableado: cloth push-back, im\u00e1n: alnico 2, brinda el aut\u00e9ntico timbre, brillo y sensaci\u00f3n de una sola bobina que solo las pastillas vintage Stratocaster pueden ofrecer.\" \/>\n<meta name=\"robots\" content=\"index, follow, max-snippet:-1, max-image-preview:large, max-video-preview:-1\" \/>\n<link rel=\"canonical\" href=\"https:\/\/www.mexicanguitarplayers.com\/en\/tienda\/sin%20categor\u00eda\/pastillas-sd-juego-antiquity-for-strat-texas-hot\/\" \/>\n<meta property=\"og:locale\" content=\"en_US\" \/>\n<meta property=\"og:type\" content=\"article\" \/>\n<meta property=\"og:title\" content=\"PASTILLAS SD JUEGO ANTIQUITY FOR STRAT TEXAS HOT - Mexican Guitar Players\" \/>\n<meta property=\"og:description\" content=\"Set de pastillas humbucker pasivas para guitarra el\u00e9ctrica de 6 cuerdas, modelo Antiquity Strat Texas Hot, posici\u00f3n: puente, centro y brazo, cableado: cloth push-back, im\u00e1n: alnico 2, brinda el aut\u00e9ntico timbre, brillo y sensaci\u00f3n de una sola bobina que solo las pastillas vintage Stratocaster pueden ofrecer.\" \/>\n<meta property=\"og:url\" content=\"https:\/\/www.mexicanguitarplayers.com\/en\/tienda\/sin categor\u00eda\/pastillas-sd-juego-antiquity-for-strat-texas-hot\/\" \/>\n<meta property=\"og:site_name\" content=\"Mexican Guitar Players\" \/>\n<meta property=\"article:modified_time\" content=\"2026-05-01T13:18:04+00:00\" \/>\n<meta name=\"twitter:card\" content=\"summary_large_image\" \/>\n<meta name=\"twitter:label1\" content=\"Est. reading time\" \/>\n\t<meta name=\"twitter:data1\" content=\"2 minutes\" \/>\n<script type=\"application\/ld+json\" class=\"yoast-schema-graph\">{\"@context\":\"https:\\\/\\\/schema.org\",\"@graph\":[{\"@type\":[\"WebPage\",\"ItemPage\"],\"@id\":\"https:\\\/\\\/www.mexicanguitarplayers.com\\\/tienda\\\/sin categor\u00eda\\\/pastillas-sd-juego-antiquity-for-strat-texas-hot\\\/\",\"url\":\"https:\\\/\\\/www.mexicanguitarplayers.com\\\/tienda\\\/sin categor\u00eda\\\/pastillas-sd-juego-antiquity-for-strat-texas-hot\\\/\",\"name\":\"PASTILLAS SD JUEGO ANTIQUITY FOR STRAT TEXAS HOT - Mexican Guitar Players\",\"isPartOf\":{\"@id\":\"https:\\\/\\\/www.mexicanguitarplayers.com\\\/#website\"},\"primaryImageOfPage\":{\"@id\":\"https:\\\/\\\/www.mexicanguitarplayers.com\\\/tienda\\\/sin categor\u00eda\\\/pastillas-sd-juego-antiquity-for-strat-texas-hot\\\/#primaryimage\"},\"image\":{\"@id\":\"https:\\\/\\\/www.mexicanguitarplayers.com\\\/tienda\\\/sin categor\u00eda\\\/pastillas-sd-juego-antiquity-for-strat-texas-hot\\\/#primaryimage\"},\"thumbnailUrl\":\"https:\\\/\\\/www.mexicanguitarplayers.com\\\/wp-content\\\/uploads\\\/2025\\\/04\\\/RASEOANTSTRSET.jpg\",\"datePublished\":\"2025-04-09T12:38:35+00:00\",\"dateModified\":\"2026-05-01T13:18:04+00:00\",\"description\":\"Set de pastillas humbucker pasivas para guitarra el\u00e9ctrica de 6 cuerdas, modelo Antiquity Strat Texas Hot, posici\u00f3n: puente, centro y brazo, cableado: cloth push-back, im\u00e1n: alnico 2, brinda el aut\u00e9ntico timbre, brillo y sensaci\u00f3n de una sola bobina que solo las pastillas vintage Stratocaster pueden ofrecer.\",\"breadcrumb\":{\"@id\":\"https:\\\/\\\/www.mexicanguitarplayers.com\\\/tienda\\\/sin categor\u00eda\\\/pastillas-sd-juego-antiquity-for-strat-texas-hot\\\/#breadcrumb\"},\"inLanguage\":\"en-US\",\"potentialAction\":[{\"@type\":\"ReadAction\",\"target\":[\"https:\\\/\\\/www.mexicanguitarplayers.com\\\/tienda\\\/sin categor\u00eda\\\/pastillas-sd-juego-antiquity-for-strat-texas-hot\\\/\"]}]},{\"@type\":\"ImageObject\",\"inLanguage\":\"en-US\",\"@id\":\"https:\\\/\\\/www.mexicanguitarplayers.com\\\/tienda\\\/sin categor\u00eda\\\/pastillas-sd-juego-antiquity-for-strat-texas-hot\\\/#primaryimage\",\"url\":\"https:\\\/\\\/www.mexicanguitarplayers.com\\\/wp-content\\\/uploads\\\/2025\\\/04\\\/RASEOANTSTRSET.jpg\",\"contentUrl\":\"https:\\\/\\\/www.mexicanguitarplayers.com\\\/wp-content\\\/uploads\\\/2025\\\/04\\\/RASEOANTSTRSET.jpg\",\"width\":1200,\"height\":1200},{\"@type\":\"BreadcrumbList\",\"@id\":\"https:\\\/\\\/www.mexicanguitarplayers.com\\\/tienda\\\/sin categor\u00eda\\\/pastillas-sd-juego-antiquity-for-strat-texas-hot\\\/#breadcrumb\",\"itemListElement\":[{\"@type\":\"ListItem\",\"position\":1,\"name\":\"Portada\",\"item\":\"https:\\\/\\\/www.mexicanguitarplayers.com\\\/\"},{\"@type\":\"ListItem\",\"position\":2,\"name\":\"Tienda\",\"item\":\"https:\\\/\\\/www.mexicanguitarplayers.com\\\/tienda\\\/\"},{\"@type\":\"ListItem\",\"position\":3,\"name\":\"PASTILLAS SD JUEGO ANTIQUITY FOR STRAT TEXAS HOT\"}]},{\"@type\":\"WebSite\",\"@id\":\"https:\\\/\\\/www.mexicanguitarplayers.com\\\/#website\",\"url\":\"https:\\\/\\\/www.mexicanguitarplayers.com\\\/\",\"name\":\"Mexican Guitar Players\",\"description\":\"Website\",\"publisher\":{\"@id\":\"https:\\\/\\\/www.mexicanguitarplayers.com\\\/#organization\"},\"potentialAction\":[{\"@type\":\"SearchAction\",\"target\":{\"@type\":\"EntryPoint\",\"urlTemplate\":\"https:\\\/\\\/www.mexicanguitarplayers.com\\\/?s={search_term_string}\"},\"query-input\":{\"@type\":\"PropertyValueSpecification\",\"valueRequired\":true,\"valueName\":\"search_term_string\"}}],\"inLanguage\":\"en-US\"},{\"@type\":\"Organization\",\"@id\":\"https:\\\/\\\/www.mexicanguitarplayers.com\\\/#organization\",\"name\":\"Mexican Guitar Players\",\"url\":\"https:\\\/\\\/www.mexicanguitarplayers.com\\\/\",\"logo\":{\"@type\":\"ImageObject\",\"inLanguage\":\"en-US\",\"@id\":\"https:\\\/\\\/www.mexicanguitarplayers.com\\\/#\\\/schema\\\/logo\\\/image\\\/\",\"url\":\"\",\"contentUrl\":\"\",\"caption\":\"Mexican Guitar Players\"},\"image\":{\"@id\":\"https:\\\/\\\/www.mexicanguitarplayers.com\\\/#\\\/schema\\\/logo\\\/image\\\/\"}}]}<\/script>\n<!-- \/ Yoast SEO plugin. -->","yoast_head_json":{"title":"PASTILLAS SD JUEGO ANTIQUITY FOR STRAT TEXAS HOT - Mexican Guitar Players","description":"Set de pastillas humbucker pasivas para guitarra el\u00e9ctrica de 6 cuerdas, modelo Antiquity Strat Texas Hot, posici\u00f3n: puente, centro y brazo, cableado: cloth push-back, im\u00e1n: alnico 2, brinda el aut\u00e9ntico timbre, brillo y sensaci\u00f3n de una sola bobina que solo las pastillas vintage Stratocaster pueden ofrecer.","robots":{"index":"index","follow":"follow","max-snippet":"max-snippet:-1","max-image-preview":"max-image-preview:large","max-video-preview":"max-video-preview:-1"},"canonical":"https:\/\/www.mexicanguitarplayers.com\/en\/tienda\/sin categor\u00eda\/pastillas-sd-juego-antiquity-for-strat-texas-hot\/","og_locale":"en_US","og_type":"article","og_title":"PASTILLAS SD JUEGO ANTIQUITY FOR STRAT TEXAS HOT - Mexican Guitar Players","og_description":"Set de pastillas humbucker pasivas para guitarra el\u00e9ctrica de 6 cuerdas, modelo Antiquity Strat Texas Hot, posici\u00f3n: puente, centro y brazo, cableado: cloth push-back, im\u00e1n: alnico 2, brinda el aut\u00e9ntico timbre, brillo y sensaci\u00f3n de una sola bobina que solo las pastillas vintage Stratocaster pueden ofrecer.","og_url":"https:\/\/www.mexicanguitarplayers.com\/en\/tienda\/sin categor\u00eda\/pastillas-sd-juego-antiquity-for-strat-texas-hot\/","og_site_name":"Mexican Guitar Players","article_modified_time":"2026-05-01T13:18:04+00:00","twitter_card":"summary_large_image","twitter_misc":{"Est. reading time":"2 minutes"},"schema":{"@context":"https:\/\/schema.org","@graph":[{"@type":["WebPage","ItemPage"],"@id":"https:\/\/www.mexicanguitarplayers.com\/tienda\/sin categor\u00eda\/pastillas-sd-juego-antiquity-for-strat-texas-hot\/","url":"https:\/\/www.mexicanguitarplayers.com\/tienda\/sin categor\u00eda\/pastillas-sd-juego-antiquity-for-strat-texas-hot\/","name":"PASTILLAS SD JUEGO ANTIQUITY FOR STRAT TEXAS HOT - Mexican Guitar Players","isPartOf":{"@id":"https:\/\/www.mexicanguitarplayers.com\/#website"},"primaryImageOfPage":{"@id":"https:\/\/www.mexicanguitarplayers.com\/tienda\/sin categor\u00eda\/pastillas-sd-juego-antiquity-for-strat-texas-hot\/#primaryimage"},"image":{"@id":"https:\/\/www.mexicanguitarplayers.com\/tienda\/sin categor\u00eda\/pastillas-sd-juego-antiquity-for-strat-texas-hot\/#primaryimage"},"thumbnailUrl":"https:\/\/www.mexicanguitarplayers.com\/wp-content\/uploads\/2025\/04\/RASEOANTSTRSET.jpg","datePublished":"2025-04-09T12:38:35+00:00","dateModified":"2026-05-01T13:18:04+00:00","description":"Set de pastillas humbucker pasivas para guitarra el\u00e9ctrica de 6 cuerdas, modelo Antiquity Strat Texas Hot, posici\u00f3n: puente, centro y brazo, cableado: cloth push-back, im\u00e1n: alnico 2, brinda el aut\u00e9ntico timbre, brillo y sensaci\u00f3n de una sola bobina que solo las pastillas vintage Stratocaster pueden ofrecer.","breadcrumb":{"@id":"https:\/\/www.mexicanguitarplayers.com\/tienda\/sin categor\u00eda\/pastillas-sd-juego-antiquity-for-strat-texas-hot\/#breadcrumb"},"inLanguage":"en-US","potentialAction":[{"@type":"ReadAction","target":["https:\/\/www.mexicanguitarplayers.com\/tienda\/sin categor\u00eda\/pastillas-sd-juego-antiquity-for-strat-texas-hot\/"]}]},{"@type":"ImageObject","inLanguage":"en-US","@id":"https:\/\/www.mexicanguitarplayers.com\/tienda\/sin categor\u00eda\/pastillas-sd-juego-antiquity-for-strat-texas-hot\/#primaryimage","url":"https:\/\/www.mexicanguitarplayers.com\/wp-content\/uploads\/2025\/04\/RASEOANTSTRSET.jpg","contentUrl":"https:\/\/www.mexicanguitarplayers.com\/wp-content\/uploads\/2025\/04\/RASEOANTSTRSET.jpg","width":1200,"height":1200},{"@type":"BreadcrumbList","@id":"https:\/\/www.mexicanguitarplayers.com\/tienda\/sin categor\u00eda\/pastillas-sd-juego-antiquity-for-strat-texas-hot\/#breadcrumb","itemListElement":[{"@type":"ListItem","position":1,"name":"Portada","item":"https:\/\/www.mexicanguitarplayers.com\/"},{"@type":"ListItem","position":2,"name":"Tienda","item":"https:\/\/www.mexicanguitarplayers.com\/tienda\/"},{"@type":"ListItem","position":3,"name":"PASTILLAS SD JUEGO ANTIQUITY FOR STRAT TEXAS HOT"}]},{"@type":"WebSite","@id":"https:\/\/www.mexicanguitarplayers.com\/#website","url":"https:\/\/www.mexicanguitarplayers.com\/","name":"Mexican Guitar Players","description":"Website","publisher":{"@id":"https:\/\/www.mexicanguitarplayers.com\/#organization"},"potentialAction":[{"@type":"SearchAction","target":{"@type":"EntryPoint","urlTemplate":"https:\/\/www.mexicanguitarplayers.com\/?s={search_term_string}"},"query-input":{"@type":"PropertyValueSpecification","valueRequired":true,"valueName":"search_term_string"}}],"inLanguage":"en-US"},{"@type":"Organization","@id":"https:\/\/www.mexicanguitarplayers.com\/#organization","name":"Mexican Guitar Players","url":"https:\/\/www.mexicanguitarplayers.com\/","logo":{"@type":"ImageObject","inLanguage":"en-US","@id":"https:\/\/www.mexicanguitarplayers.com\/#\/schema\/logo\/image\/","url":"","contentUrl":"","caption":"Mexican Guitar Players"},"image":{"@id":"https:\/\/www.mexicanguitarplayers.com\/#\/schema\/logo\/image\/"}}]}},"brands":[{"id":502,"name":"SEYMOUR DUNCAN","slug":"seymour-duncan"}],"_links":{"self":[{"href":"https:\/\/www.mexicanguitarplayers.com\/en\/wp-json\/wp\/v2\/product\/39481","targetHints":{"allow":["GET"]}}],"collection":[{"href":"https:\/\/www.mexicanguitarplayers.com\/en\/wp-json\/wp\/v2\/product"}],"about":[{"href":"https:\/\/www.mexicanguitarplayers.com\/en\/wp-json\/wp\/v2\/types\/product"}],"replies":[{"embeddable":true,"href":"https:\/\/www.mexicanguitarplayers.com\/en\/wp-json\/wp\/v2\/comments?post=39481"}],"wp:featuredmedia":[{"embeddable":true,"href":"https:\/\/www.mexicanguitarplayers.com\/en\/wp-json\/wp\/v2\/media\/39474"}],"wp:attachment":[{"href":"https:\/\/www.mexicanguitarplayers.com\/en\/wp-json\/wp\/v2\/media?parent=39481"}],"wp:term":[{"taxonomy":"pwb-brand","embeddable":true,"href":"https:\/\/www.mexicanguitarplayers.com\/en\/wp-json\/wp\/v2\/pwb-brand?post=39481"},{"taxonomy":"product_brand","embeddable":true,"href":"https:\/\/www.mexicanguitarplayers.com\/en\/wp-json\/wp\/v2\/product_brand?post=39481"},{"taxonomy":"product_cat","embeddable":true,"href":"https:\/\/www.mexicanguitarplayers.com\/en\/wp-json\/wp\/v2\/product_cat?post=39481"},{"taxonomy":"product_tag","embeddable":true,"href":"https:\/\/www.mexicanguitarplayers.com\/en\/wp-json\/wp\/v2\/product_tag?post=39481"}],"curies":[{"name":"wp","href":"https:\/\/api.w.org\/{rel}","templated":true}]}}