{"id":39503,"date":"2025-04-09T06:39:04","date_gmt":"2025-04-09T12:39:04","guid":{"rendered":"https:\/\/www.mexicanguitarplayers.com\/tienda\/sin categor\u00eda\/columna-behringer-c-poder-mod-c200\/"},"modified":"2026-04-10T04:21:17","modified_gmt":"2026-04-10T10:21:17","slug":"columna-behringer-c-poder-mod-c200","status":"publish","type":"product","link":"https:\/\/www.mexicanguitarplayers.com\/en\/tienda\/audio\/bafles-y-bocinas\/bafles\/bafles-activos\/columna-behringer-c-poder-mod-c200\/","title":{"rendered":"COLUMNA BEHRINGER C\/PODER MOD. C200"},"content":{"rendered":"<div style=\"text-align: justify\">\n<div>\n<h3>Clase D &#8211; Potencia masiva, sonido perfecto.<\/h3>\n<\/div>\n<div>Nosotros llamamos al C200 un altavoz de columna modular pero t\u00fa lo llamar\u00e1s: Algo incre\u00edble. Est\u00e1 dise\u00f1ado para proporcionar una dispersi\u00f3n extremadamente amplia y un sonido de alta calidad, el C200 lo re\u00fane todo en un factor de forma todo en uno sorprendentemente ligero y f\u00e1cil de usar. Gracias a su mezcladora integrada de 3 canales y su amplificador Clase D de 200W que maneja un subwoofer de 8&#8243; dise\u00f1ado a medida para unos graves m\u00e1s profundos y 4 drivers de 2.5&#8243; para una reproducci\u00f3n extendida de alta frecuencia, el C200 es ideal para salas peque\u00f1as y medianas, salas de espect\u00e1culos de gran tama\u00f1o, lugares de culto, presentaciones en salas de juntas, clubes nocturnos y mucho m\u00e1s. La conectividad Bluetooth te permite transmitir tu m\u00fasica desde tu smartphone, tablet o cualquier otro dispositivo habilitado, adem\u00e1s del reproductor MP3 incorporado que te permite acceder a archivos de audio en memorias USB y tarjetas SD\/MMC. Lo mejor de todo, el control remoto te permite administrar el sistema desde cualquier lugar de la habitaci\u00f3n. Gracias a nuestra revolucionaria tecnolog\u00eda de amplificador de Clase D, podemos brindarte una enorme potencia y un incre\u00edble rendimiento sonoro en un paquete f\u00e1cil de usar, ultra port\u00e1til y liviano. La amplificaci\u00f3n de Clase D marca la diferencia, ya que ofrece lo \u00faltimo en eficiencia energ\u00e9tica y elimina la necesidad de suministros de energ\u00eda pesados y enormes disipadores de calor. Esta incre\u00edble tecnolog\u00eda hace posible dise\u00f1ar y construir productos extremadamente poderosos que son significativamente m\u00e1s ligeros que sus contrapartes tradicionales, al mismo tiempo que utilizan menos energ\u00eda y protegen el medio ambiente.<\/div>\n<div>\n<h4>Quick look<\/h4>\n<\/div>\n<ul style=\"margin: 0px 0px 0px 25px\">\n<li style=\"list-style-type: circle;margin: 5px\">Amplifier.<\/li>\n<li style=\"list-style-type: circle;margin: 5px\">Speakers.<\/li>\n<li style=\"list-style-type: circle;margin: 5px\">Conexiones de audio anal\u00f3gico.<\/li>\n<li style=\"list-style-type: circle;margin: 5px\">Conexiones de audio digital.<\/li>\n<li style=\"list-style-type: circle;margin: 5px\">Bluetooth.<\/li>\n<li style=\"list-style-type: circle;margin: 5px\">Datos de sistema de altavoz.<\/li>\n<li style=\"list-style-type: circle;margin: 5px\">Equalizer<\/li>\n<li style=\"list-style-type: circle;margin: 5px\">Power supply.<\/li>\n<li style=\"list-style-type: circle;margin: 5px\">Dimensions.<\/li>\n<li style=\"list-style-type: circle;margin: 5px\">Weight.<\/li>\n<\/ul>\n<div>\n<div style=\"font-weight: bold\">Amplifier.<\/div>\n<div>\n<p>Potencia m\u00e1xima de salida: 200 W. Clase: D.<\/p>\n<\/div>\n<div style=\"font-weight: bold\">Speakers.<\/div>\n<div>\n<p>1 woofer de 8\u201d pulgadas. 4 drivers de 2.5\u201d pulgadas.<\/p>\n<\/div>\n<div style=\"font-weight: bold\">Conexiones de audio anal\u00f3gico.<\/div>\n<div>\n<p>Line in: 1 XLR\/Jack \u00bc\u201d TRS combo, balanceado. Impedancia: 20 kilo-ohms balanceado \/ 10 kilo-ohms desbalanceado. Line out: 1x XLR, balanceado. Impedancia: 470 ohms balanceado \/ 220 ohms desbalanceado. Mic 1\/2 in: 2 TRS \u00bc\u201d, balanceados. Impedancia: 10 kilo-ohms balanceado \/ 4.7 kilo-ohms desbalanceado.<\/p>\n<\/div>\n<div style=\"font-weight: bold\">Conexiones de audio digital.<\/div>\n<div>\n<p>USB Tipo A. SD \/ MMC de hasta 32  GB. Sistema de archivos FAT 16, FAT 32. Formato MP3 (DBR &amp; VBR). Bit Rates: 32 \u2013 320 kbps. Sample Rates: 32 kHz, 44.1 kHz, 48 kHz.<\/p>\n<\/div>\n<div style=\"font-weight: bold\">Bluetooth.<\/div>\n<div>\n<p>Rango de frecuencia: 2402 MHz &#8211; 2480 MHz. N\u00famero de canal: 79. Versi\u00f3n Bluetooth: spec 4.2 compliant. Salida: 4 dBm. Soporte de compatibilidad: Perfiles A2DP 1.2. Rango m\u00e1ximo de comunicaci\u00f3n: 15 m (sin interferencia).<\/p>\n<\/div>\n<div style=\"font-weight: bold\">Datos de sistema de altavoz.<\/div>\n<div>\n<p>Respuesta de frecuencia: 55 Hz &#8211; 17 kHz (-10 dB). SPL m\u00e1ximo: 106 dB SPL @ 1m. Limitador: \u00d3ptico. THD+N: &lt; 1%.<\/p>\n<\/div>\n<div style=\"font-weight: bold\">Equalizer<\/div>\n<div>\n<p>High: \u00b16 dB @ 10 kHz, shelving. Low: \u00b16 dB @ 100 Hz, shelving.<\/p>\n<\/div>\n<div style=\"font-weight: bold\">Power supply.<\/div>\n<div>\n<p>120 V~, 60 Hz (T 3.15 A L 250 V). Consumo de energ\u00eda @ 1\/8 potencia m\u00e1xima de salida: 35 W. Conexi\u00f3n de energ\u00eda: Recept\u00e1culo IEC est\u00e1ndar.<\/p>\n<\/div>\n<div style=\"font-weight: bold\">Dimensions.<\/div>\n<div>\n<p>415 x 325 x 1380 mm.<\/p>\n<\/div>\n<div style=\"font-weight: bold\">Weight.<\/div>\n<div>\n<p>11.6 kg.<\/p>\n<\/div>\n<\/div>\n<\/div>","protected":false},"excerpt":{"rendered":"<p>Altavoz de columna Clase D de 200W con subwoofer de 8\u201d y 4 drivers de 2.5\u201d alta frecuencia, transmisi\u00f3n de audio por Bluetooth, iluminaci\u00f3n LED, remoto, ideal para aplicaciones de PA port\u00e1tiles y reproducci\u00f3n de m\u00fasica de alta calidad, dispersi\u00f3n de sonido extremadamente amplia con sonido consistente, reproductor MP3 incluido para reproducir archivos de audio por medio de USB y tarjetas SD\/MMC, mezcladora de 3 canales con controles de ganancia individuales, eco de estudio que agrega un toque final a tu sonido, interfaz de control de usuario con pantalla LCD para facilitar la navegaci\u00f3n, sistema de bloqueo de precisi\u00f3n que elimina cablees y soportes de altavoz, carcasa ligera y de alto impacto, rejilla protectora integrada de malla de acero perforado, asa de transporte ergon\u00f3mica integral, dimensiones: 415 x 325 x 1380 mm, peso: 11.6 kg.&hellip; <a class=\"kt-excerpt-readmore more-link\" href=\"https:\/\/www.mexicanguitarplayers.com\/en\/tienda\/audio\/bafles-y-bocinas\/bafles\/bafles-activos\/columna-behringer-c-poder-mod-c200\/\">Read more<\/a><\/p>","protected":false},"featured_media":39497,"comment_status":"open","ping_status":"closed","template":"","meta":{"kt_blocks_editor_width":""},"pwb-brand":[171],"product_brand":[],"product_cat":[213,222,472,221],"product_tag":[],"class_list":{"0":"post-39503","1":"product","2":"type-product","3":"status-publish","4":"has-post-thumbnail","6":"pwb-brand-behringer","7":"product_cat-audio","8":"product_cat-bafles","9":"product_cat-bafles-activos","10":"product_cat-bafles-y-bocinas","11":"product_shipping_class-15-20-kg","13":"first","14":"outofstock","15":"taxable","16":"shipping-taxable","17":"purchasable","18":"product-type-simple"},"yoast_head":"<!-- This site is optimized with the Yoast SEO plugin v27.5 - https:\/\/yoast.com\/product\/yoast-seo-wordpress\/ -->\n<title>COLUMNA BEHRINGER C\/PODER MOD. C200 - Mexican Guitar Players<\/title>\n<meta name=\"description\" content=\"Altavoz de columna Clase D de 200W con subwoofer de 8\u201d y 4 drivers de 2.5\u201d alta frecuencia, transmisi\u00f3n de audio por Bluetooth, iluminaci\u00f3n LED, remoto, ideal para aplicaciones de PA port\u00e1tiles y reproducci\u00f3n de m\u00fasica de alta calidad, dispersi\u00f3n de sonido extremadamente amplia con sonido consistente, reproductor MP3 incluido para reproducir archivos de audio por medio de USB y tarjetas SD\/MMC, mezcladora de 3 canales con controles de ganancia individuales, eco de estudio que agrega un toque final a tu sonido, interfaz de control de usuario con pantalla LCD para facilitar la navegaci\u00f3n, sistema de bloqueo de precisi\u00f3n que elimina cablees y soportes de altavoz, carcasa ligera y de alto impacto, rejilla protectora integrada de malla de acero perforado, asa de transporte ergon\u00f3mica integral, dimensiones: 415 x 325 x 1380 mm, peso: 11.6 kg.\" \/>\n<meta name=\"robots\" content=\"index, follow, max-snippet:-1, max-image-preview:large, max-video-preview:-1\" \/>\n<link rel=\"canonical\" href=\"https:\/\/www.mexicanguitarplayers.com\/en\/tienda\/sin%20categor\u00eda\/columna-behringer-c-poder-mod-c200\/\" \/>\n<meta property=\"og:locale\" content=\"en_US\" \/>\n<meta property=\"og:type\" content=\"article\" \/>\n<meta property=\"og:title\" content=\"COLUMNA BEHRINGER C\/PODER MOD. C200 - Mexican Guitar Players\" \/>\n<meta property=\"og:description\" content=\"Altavoz de columna Clase D de 200W con subwoofer de 8\u201d y 4 drivers de 2.5\u201d alta frecuencia, transmisi\u00f3n de audio por Bluetooth, iluminaci\u00f3n LED, remoto, ideal para aplicaciones de PA port\u00e1tiles y reproducci\u00f3n de m\u00fasica de alta calidad, dispersi\u00f3n de sonido extremadamente amplia con sonido consistente, reproductor MP3 incluido para reproducir archivos de audio por medio de USB y tarjetas SD\/MMC, mezcladora de 3 canales con controles de ganancia individuales, eco de estudio que agrega un toque final a tu sonido, interfaz de control de usuario con pantalla LCD para facilitar la navegaci\u00f3n, sistema de bloqueo de precisi\u00f3n que elimina cablees y soportes de altavoz, carcasa ligera y de alto impacto, rejilla protectora integrada de malla de acero perforado, asa de transporte ergon\u00f3mica integral, dimensiones: 415 x 325 x 1380 mm, peso: 11.6 kg.\" \/>\n<meta property=\"og:url\" content=\"https:\/\/www.mexicanguitarplayers.com\/en\/tienda\/sin categor\u00eda\/columna-behringer-c-poder-mod-c200\/\" \/>\n<meta property=\"og:site_name\" content=\"Mexican Guitar Players\" \/>\n<meta property=\"article:modified_time\" content=\"2026-04-10T10:21:17+00:00\" \/>\n<meta name=\"twitter:card\" content=\"summary_large_image\" \/>\n<meta name=\"twitter:label1\" content=\"Est. reading time\" \/>\n\t<meta name=\"twitter:data1\" content=\"3 minutes\" \/>\n<script type=\"application\/ld+json\" class=\"yoast-schema-graph\">{\"@context\":\"https:\\\/\\\/schema.org\",\"@graph\":[{\"@type\":[\"WebPage\",\"ItemPage\"],\"@id\":\"https:\\\/\\\/www.mexicanguitarplayers.com\\\/tienda\\\/sin categor\u00eda\\\/columna-behringer-c-poder-mod-c200\\\/\",\"url\":\"https:\\\/\\\/www.mexicanguitarplayers.com\\\/tienda\\\/sin categor\u00eda\\\/columna-behringer-c-poder-mod-c200\\\/\",\"name\":\"COLUMNA BEHRINGER C\\\/PODER MOD. C200 - Mexican Guitar Players\",\"isPartOf\":{\"@id\":\"https:\\\/\\\/www.mexicanguitarplayers.com\\\/#website\"},\"primaryImageOfPage\":{\"@id\":\"https:\\\/\\\/www.mexicanguitarplayers.com\\\/tienda\\\/sin categor\u00eda\\\/columna-behringer-c-poder-mod-c200\\\/#primaryimage\"},\"image\":{\"@id\":\"https:\\\/\\\/www.mexicanguitarplayers.com\\\/tienda\\\/sin categor\u00eda\\\/columna-behringer-c-poder-mod-c200\\\/#primaryimage\"},\"thumbnailUrl\":\"https:\\\/\\\/www.mexicanguitarplayers.com\\\/wp-content\\\/uploads\\\/2025\\\/04\\\/IABEHC200.jpg\",\"datePublished\":\"2025-04-09T12:39:04+00:00\",\"dateModified\":\"2026-04-10T10:21:17+00:00\",\"description\":\"Altavoz de columna Clase D de 200W con subwoofer de 8\u201d y 4 drivers de 2.5\u201d alta frecuencia, transmisi\u00f3n de audio por Bluetooth, iluminaci\u00f3n LED, remoto, ideal para aplicaciones de PA port\u00e1tiles y reproducci\u00f3n de m\u00fasica de alta calidad, dispersi\u00f3n de sonido extremadamente amplia con sonido consistente, reproductor MP3 incluido para reproducir archivos de audio por medio de USB y tarjetas SD\\\/MMC, mezcladora de 3 canales con controles de ganancia individuales, eco de estudio que agrega un toque final a tu sonido, interfaz de control de usuario con pantalla LCD para facilitar la navegaci\u00f3n, sistema de bloqueo de precisi\u00f3n que elimina cablees y soportes de altavoz, carcasa ligera y de alto impacto, rejilla protectora integrada de malla de acero perforado, asa de transporte ergon\u00f3mica integral, dimensiones: 415 x 325 x 1380 mm, peso: 11.6 kg.\",\"breadcrumb\":{\"@id\":\"https:\\\/\\\/www.mexicanguitarplayers.com\\\/tienda\\\/sin categor\u00eda\\\/columna-behringer-c-poder-mod-c200\\\/#breadcrumb\"},\"inLanguage\":\"en-US\",\"potentialAction\":[{\"@type\":\"ReadAction\",\"target\":[\"https:\\\/\\\/www.mexicanguitarplayers.com\\\/tienda\\\/sin categor\u00eda\\\/columna-behringer-c-poder-mod-c200\\\/\"]}]},{\"@type\":\"ImageObject\",\"inLanguage\":\"en-US\",\"@id\":\"https:\\\/\\\/www.mexicanguitarplayers.com\\\/tienda\\\/sin categor\u00eda\\\/columna-behringer-c-poder-mod-c200\\\/#primaryimage\",\"url\":\"https:\\\/\\\/www.mexicanguitarplayers.com\\\/wp-content\\\/uploads\\\/2025\\\/04\\\/IABEHC200.jpg\",\"contentUrl\":\"https:\\\/\\\/www.mexicanguitarplayers.com\\\/wp-content\\\/uploads\\\/2025\\\/04\\\/IABEHC200.jpg\",\"width\":800,\"height\":1600},{\"@type\":\"BreadcrumbList\",\"@id\":\"https:\\\/\\\/www.mexicanguitarplayers.com\\\/tienda\\\/sin categor\u00eda\\\/columna-behringer-c-poder-mod-c200\\\/#breadcrumb\",\"itemListElement\":[{\"@type\":\"ListItem\",\"position\":1,\"name\":\"Portada\",\"item\":\"https:\\\/\\\/www.mexicanguitarplayers.com\\\/\"},{\"@type\":\"ListItem\",\"position\":2,\"name\":\"Tienda\",\"item\":\"https:\\\/\\\/www.mexicanguitarplayers.com\\\/tienda\\\/\"},{\"@type\":\"ListItem\",\"position\":3,\"name\":\"COLUMNA BEHRINGER C\\\/PODER MOD. C200\"}]},{\"@type\":\"WebSite\",\"@id\":\"https:\\\/\\\/www.mexicanguitarplayers.com\\\/#website\",\"url\":\"https:\\\/\\\/www.mexicanguitarplayers.com\\\/\",\"name\":\"Mexican Guitar Players\",\"description\":\"Website\",\"publisher\":{\"@id\":\"https:\\\/\\\/www.mexicanguitarplayers.com\\\/#organization\"},\"potentialAction\":[{\"@type\":\"SearchAction\",\"target\":{\"@type\":\"EntryPoint\",\"urlTemplate\":\"https:\\\/\\\/www.mexicanguitarplayers.com\\\/?s={search_term_string}\"},\"query-input\":{\"@type\":\"PropertyValueSpecification\",\"valueRequired\":true,\"valueName\":\"search_term_string\"}}],\"inLanguage\":\"en-US\"},{\"@type\":\"Organization\",\"@id\":\"https:\\\/\\\/www.mexicanguitarplayers.com\\\/#organization\",\"name\":\"Mexican Guitar Players\",\"url\":\"https:\\\/\\\/www.mexicanguitarplayers.com\\\/\",\"logo\":{\"@type\":\"ImageObject\",\"inLanguage\":\"en-US\",\"@id\":\"https:\\\/\\\/www.mexicanguitarplayers.com\\\/#\\\/schema\\\/logo\\\/image\\\/\",\"url\":\"\",\"contentUrl\":\"\",\"caption\":\"Mexican Guitar Players\"},\"image\":{\"@id\":\"https:\\\/\\\/www.mexicanguitarplayers.com\\\/#\\\/schema\\\/logo\\\/image\\\/\"}}]}<\/script>\n<!-- \/ Yoast SEO plugin. -->","yoast_head_json":{"title":"COLUMNA BEHRINGER C\/PODER MOD. C200 - Mexican Guitar Players","description":"Altavoz de columna Clase D de 200W con subwoofer de 8\u201d y 4 drivers de 2.5\u201d alta frecuencia, transmisi\u00f3n de audio por Bluetooth, iluminaci\u00f3n LED, remoto, ideal para aplicaciones de PA port\u00e1tiles y reproducci\u00f3n de m\u00fasica de alta calidad, dispersi\u00f3n de sonido extremadamente amplia con sonido consistente, reproductor MP3 incluido para reproducir archivos de audio por medio de USB y tarjetas SD\/MMC, mezcladora de 3 canales con controles de ganancia individuales, eco de estudio que agrega un toque final a tu sonido, interfaz de control de usuario con pantalla LCD para facilitar la navegaci\u00f3n, sistema de bloqueo de precisi\u00f3n que elimina cablees y soportes de altavoz, carcasa ligera y de alto impacto, rejilla protectora integrada de malla de acero perforado, asa de transporte ergon\u00f3mica integral, dimensiones: 415 x 325 x 1380 mm, peso: 11.6 kg.","robots":{"index":"index","follow":"follow","max-snippet":"max-snippet:-1","max-image-preview":"max-image-preview:large","max-video-preview":"max-video-preview:-1"},"canonical":"https:\/\/www.mexicanguitarplayers.com\/en\/tienda\/sin categor\u00eda\/columna-behringer-c-poder-mod-c200\/","og_locale":"en_US","og_type":"article","og_title":"COLUMNA BEHRINGER C\/PODER MOD. C200 - Mexican Guitar Players","og_description":"Altavoz de columna Clase D de 200W con subwoofer de 8\u201d y 4 drivers de 2.5\u201d alta frecuencia, transmisi\u00f3n de audio por Bluetooth, iluminaci\u00f3n LED, remoto, ideal para aplicaciones de PA port\u00e1tiles y reproducci\u00f3n de m\u00fasica de alta calidad, dispersi\u00f3n de sonido extremadamente amplia con sonido consistente, reproductor MP3 incluido para reproducir archivos de audio por medio de USB y tarjetas SD\/MMC, mezcladora de 3 canales con controles de ganancia individuales, eco de estudio que agrega un toque final a tu sonido, interfaz de control de usuario con pantalla LCD para facilitar la navegaci\u00f3n, sistema de bloqueo de precisi\u00f3n que elimina cablees y soportes de altavoz, carcasa ligera y de alto impacto, rejilla protectora integrada de malla de acero perforado, asa de transporte ergon\u00f3mica integral, dimensiones: 415 x 325 x 1380 mm, peso: 11.6 kg.","og_url":"https:\/\/www.mexicanguitarplayers.com\/en\/tienda\/sin categor\u00eda\/columna-behringer-c-poder-mod-c200\/","og_site_name":"Mexican Guitar Players","article_modified_time":"2026-04-10T10:21:17+00:00","twitter_card":"summary_large_image","twitter_misc":{"Est. reading time":"3 minutes"},"schema":{"@context":"https:\/\/schema.org","@graph":[{"@type":["WebPage","ItemPage"],"@id":"https:\/\/www.mexicanguitarplayers.com\/tienda\/sin categor\u00eda\/columna-behringer-c-poder-mod-c200\/","url":"https:\/\/www.mexicanguitarplayers.com\/tienda\/sin categor\u00eda\/columna-behringer-c-poder-mod-c200\/","name":"COLUMNA BEHRINGER C\/PODER MOD. C200 - Mexican Guitar Players","isPartOf":{"@id":"https:\/\/www.mexicanguitarplayers.com\/#website"},"primaryImageOfPage":{"@id":"https:\/\/www.mexicanguitarplayers.com\/tienda\/sin categor\u00eda\/columna-behringer-c-poder-mod-c200\/#primaryimage"},"image":{"@id":"https:\/\/www.mexicanguitarplayers.com\/tienda\/sin categor\u00eda\/columna-behringer-c-poder-mod-c200\/#primaryimage"},"thumbnailUrl":"https:\/\/www.mexicanguitarplayers.com\/wp-content\/uploads\/2025\/04\/IABEHC200.jpg","datePublished":"2025-04-09T12:39:04+00:00","dateModified":"2026-04-10T10:21:17+00:00","description":"Altavoz de columna Clase D de 200W con subwoofer de 8\u201d y 4 drivers de 2.5\u201d alta frecuencia, transmisi\u00f3n de audio por Bluetooth, iluminaci\u00f3n LED, remoto, ideal para aplicaciones de PA port\u00e1tiles y reproducci\u00f3n de m\u00fasica de alta calidad, dispersi\u00f3n de sonido extremadamente amplia con sonido consistente, reproductor MP3 incluido para reproducir archivos de audio por medio de USB y tarjetas SD\/MMC, mezcladora de 3 canales con controles de ganancia individuales, eco de estudio que agrega un toque final a tu sonido, interfaz de control de usuario con pantalla LCD para facilitar la navegaci\u00f3n, sistema de bloqueo de precisi\u00f3n que elimina cablees y soportes de altavoz, carcasa ligera y de alto impacto, rejilla protectora integrada de malla de acero perforado, asa de transporte ergon\u00f3mica integral, dimensiones: 415 x 325 x 1380 mm, peso: 11.6 kg.","breadcrumb":{"@id":"https:\/\/www.mexicanguitarplayers.com\/tienda\/sin categor\u00eda\/columna-behringer-c-poder-mod-c200\/#breadcrumb"},"inLanguage":"en-US","potentialAction":[{"@type":"ReadAction","target":["https:\/\/www.mexicanguitarplayers.com\/tienda\/sin categor\u00eda\/columna-behringer-c-poder-mod-c200\/"]}]},{"@type":"ImageObject","inLanguage":"en-US","@id":"https:\/\/www.mexicanguitarplayers.com\/tienda\/sin categor\u00eda\/columna-behringer-c-poder-mod-c200\/#primaryimage","url":"https:\/\/www.mexicanguitarplayers.com\/wp-content\/uploads\/2025\/04\/IABEHC200.jpg","contentUrl":"https:\/\/www.mexicanguitarplayers.com\/wp-content\/uploads\/2025\/04\/IABEHC200.jpg","width":800,"height":1600},{"@type":"BreadcrumbList","@id":"https:\/\/www.mexicanguitarplayers.com\/tienda\/sin categor\u00eda\/columna-behringer-c-poder-mod-c200\/#breadcrumb","itemListElement":[{"@type":"ListItem","position":1,"name":"Portada","item":"https:\/\/www.mexicanguitarplayers.com\/"},{"@type":"ListItem","position":2,"name":"Tienda","item":"https:\/\/www.mexicanguitarplayers.com\/tienda\/"},{"@type":"ListItem","position":3,"name":"COLUMNA BEHRINGER C\/PODER MOD. C200"}]},{"@type":"WebSite","@id":"https:\/\/www.mexicanguitarplayers.com\/#website","url":"https:\/\/www.mexicanguitarplayers.com\/","name":"Mexican Guitar Players","description":"Website","publisher":{"@id":"https:\/\/www.mexicanguitarplayers.com\/#organization"},"potentialAction":[{"@type":"SearchAction","target":{"@type":"EntryPoint","urlTemplate":"https:\/\/www.mexicanguitarplayers.com\/?s={search_term_string}"},"query-input":{"@type":"PropertyValueSpecification","valueRequired":true,"valueName":"search_term_string"}}],"inLanguage":"en-US"},{"@type":"Organization","@id":"https:\/\/www.mexicanguitarplayers.com\/#organization","name":"Mexican Guitar Players","url":"https:\/\/www.mexicanguitarplayers.com\/","logo":{"@type":"ImageObject","inLanguage":"en-US","@id":"https:\/\/www.mexicanguitarplayers.com\/#\/schema\/logo\/image\/","url":"","contentUrl":"","caption":"Mexican Guitar Players"},"image":{"@id":"https:\/\/www.mexicanguitarplayers.com\/#\/schema\/logo\/image\/"}}]}},"brands":[{"id":171,"name":"BEHRINGER","slug":"behringer"}],"_links":{"self":[{"href":"https:\/\/www.mexicanguitarplayers.com\/en\/wp-json\/wp\/v2\/product\/39503","targetHints":{"allow":["GET"]}}],"collection":[{"href":"https:\/\/www.mexicanguitarplayers.com\/en\/wp-json\/wp\/v2\/product"}],"about":[{"href":"https:\/\/www.mexicanguitarplayers.com\/en\/wp-json\/wp\/v2\/types\/product"}],"replies":[{"embeddable":true,"href":"https:\/\/www.mexicanguitarplayers.com\/en\/wp-json\/wp\/v2\/comments?post=39503"}],"wp:featuredmedia":[{"embeddable":true,"href":"https:\/\/www.mexicanguitarplayers.com\/en\/wp-json\/wp\/v2\/media\/39497"}],"wp:attachment":[{"href":"https:\/\/www.mexicanguitarplayers.com\/en\/wp-json\/wp\/v2\/media?parent=39503"}],"wp:term":[{"taxonomy":"pwb-brand","embeddable":true,"href":"https:\/\/www.mexicanguitarplayers.com\/en\/wp-json\/wp\/v2\/pwb-brand?post=39503"},{"taxonomy":"product_brand","embeddable":true,"href":"https:\/\/www.mexicanguitarplayers.com\/en\/wp-json\/wp\/v2\/product_brand?post=39503"},{"taxonomy":"product_cat","embeddable":true,"href":"https:\/\/www.mexicanguitarplayers.com\/en\/wp-json\/wp\/v2\/product_cat?post=39503"},{"taxonomy":"product_tag","embeddable":true,"href":"https:\/\/www.mexicanguitarplayers.com\/en\/wp-json\/wp\/v2\/product_tag?post=39503"}],"curies":[{"name":"wp","href":"https:\/\/api.w.org\/{rel}","templated":true}]}}