{"id":39551,"date":"2025-04-09T06:40:26","date_gmt":"2025-04-09T12:40:26","guid":{"rendered":"https:\/\/www.mexicanguitarplayers.com\/tienda\/sin categor\u00eda\/ukelele-flight-bajo-e-acust-dubs-mah-ma\/"},"modified":"2025-12-11T04:15:52","modified_gmt":"2025-12-11T10:15:52","slug":"ukelele-flight-bajo-e-acust-dubs-mah-ma","status":"publish","type":"product","link":"https:\/\/www.mexicanguitarplayers.com\/en\/tienda\/cuerdas\/folkloricos-y-regionales\/ukelele-flight-bajo-e-acust-dubs-mah-ma\/","title":{"rendered":"UKELELE FLIGHT BAJO E\/ACUST. DUBS MAH\/MA"},"content":{"rendered":"<div style=\"text-align: justify\">\n<div>\n<h3>\u00a1Prep\u00e1rate para vibrar con el nuevo ukelele bajo de Flight! <\/h3>\n<\/div>\n<div>El DUBS es el compa\u00f1ero ideal, no solo para grupos de ukelelistas, sino para grupos pop en general, ya que se afina exactamente igual que un bajo\u2026 \u00a1pero es la mitad de peque\u00f1o! Creado a partir de caoba de primera calidad y equipado con un piezo activo, el ukelele bajo de Flight es una bestia que maravillar\u00e1 a bajistas de todas las edades.<\/div>\n<div>\n<h4>Quick look<\/h4>\n<\/div>\n<ul style=\"margin: 0px 0px 0px 25px\">\n<li style=\"list-style-type: circle;margin: 5px\">Madera con historia.<\/li>\n<li style=\"list-style-type: circle;margin: 5px\">\u00a1A rasguear!<\/li>\n<li style=\"list-style-type: circle;margin: 5px\">Tono sublime.<\/li>\n<li style=\"list-style-type: circle;margin: 5px\">Todo empieza en el clavijero.<\/li>\n<li style=\"list-style-type: circle;margin: 5px\">Equipado con preamplificador.<\/li>\n<li style=\"list-style-type: circle;margin: 5px\">Funda ligera y con estilo.<\/li>\n<\/ul>\n<div>\n<div style=\"font-weight: bold\">Madera con historia.<\/div>\n<div>\n<p>Caoba. La caoba es una madera que se usa para construir instrumentos de calidad desde hace siglos. Su color puede variar desde un marr\u00f3n claro rosado hasta un marr\u00f3n oscuro rojizo, y tiende a oscurecerse con el tiempo.<\/p>\n<\/div>\n<div style=\"font-weight: bold\">\u00a1A rasguear!<\/div>\n<div>\n<p>Brazo de okume y diapas\u00f3n de nogal. El brazo y el diapas\u00f3n del DUBS est\u00e1n hechos de okume africano y nogal, respectivamente. Es una gran combinaci\u00f3n que garantiza una entonaci\u00f3n estable a lo largo del diapas\u00f3n, adem\u00e1s de ser suave al tacto y lucir genial.<\/p>\n<\/div>\n<div style=\"font-weight: bold\">Tono sublime.<\/div>\n<div>\n<p>Cejuela de hueso y puente de nogal. Puede que la cejuela sea un componente peque\u00f1o, pero su importancia es grand\u00edsima en cuanto al tono que extrae del ukelele. La cejuela y la montura del DUBS est\u00e1n hechas de hueso (y no de pl\u00e1stico). Tan solo un detalle m\u00e1s que hace que este ukelele sea realmente especial.<\/p>\n<\/div>\n<div style=\"font-weight: bold\">Todo empieza en el clavijero.<\/div>\n<div>\n<p>Bonito y f\u00e1cil de afinar. El dise\u00f1o del clavijero es una parte integral de nuestra identidad. Todos los ukeleles Flight tienen un clavijero con un cuidado dise\u00f1o y unas clavijas de engranaje que siempre mantendr\u00e1n la afinaci\u00f3n.<\/p>\n<\/div>\n<div style=\"font-weight: bold\">Equipado con preamplificador.<\/div>\n<div>\n<p>Piezoel\u00e9ctrico Flight FU-T3. El piezoel\u00e9ctrico es un dispositivo que te permite conectar tu ukelele a un amplificador. Este piezo, adem\u00e1s, incluye un afinador, ahorr\u00e1ndote as\u00ed el dolor de cabeza de tener que recordar d\u00f3nde dejaste tu afinador la noche anterior. Lo m\u00e1s importante, sin embargo, es que este aparato de da la posibilidad de conectar tu uke cuando y donde quieras.<\/p>\n<\/div>\n<div style=\"font-weight: bold\">Funda ligera y con estilo.<\/div>\n<div>\n<p>Una excelente protecci\u00f3n para tu uke. Ligeras, con estilo y capaces de otorgarle la mejor protecci\u00f3n a tu ukelele, las fundas Flight ya son una leyenda y con una colgada de tu hombro provocar\u00e1s admiraci\u00f3n entre los que te rodean.<\/p>\n<\/div>\n<\/div>\n<\/div>","protected":false},"excerpt":{"rendered":"<p>Ukelele bajo electro ac\u00fastico de 4 cuerdas, 16 trastes, tapa, aros y fondo de caoba, puente y diapas\u00f3n de nogal, brazo de okume africano, preamplificador Flight FU-T3, cejuela y montura de hueso, marcadores de posici\u00f3n en los trastes 5, 7, 10, 12 y 15, clavijas de engranaje, roseta grabada con l\u00e1ser, incluye funda acolchada y un librito educativo gratis.&hellip; <a class=\"kt-excerpt-readmore more-link\" href=\"https:\/\/www.mexicanguitarplayers.com\/en\/tienda\/cuerdas\/folkloricos-y-regionales\/ukelele-flight-bajo-e-acust-dubs-mah-ma\/\">Read more<\/a><\/p>","protected":false},"featured_media":39544,"comment_status":"open","ping_status":"closed","template":"","meta":{"kt_blocks_editor_width":""},"pwb-brand":[322],"product_brand":[],"product_cat":[224,320],"product_tag":[],"class_list":{"0":"post-39551","1":"product","2":"type-product","3":"status-publish","4":"has-post-thumbnail","6":"pwb-brand-flight","7":"product_cat-cuerdas","8":"product_cat-folkloricos-y-regionales","9":"product_shipping_class-0-5-kg","11":"first","12":"outofstock","13":"taxable","14":"shipping-taxable","15":"purchasable","16":"product-type-simple"},"yoast_head":"<!-- This site is optimized with the Yoast SEO plugin v27.3 - https:\/\/yoast.com\/product\/yoast-seo-wordpress\/ -->\n<title>UKELELE FLIGHT BAJO E\/ACUST. DUBS MAH\/MA - Mexican Guitar Players<\/title>\n<meta name=\"description\" content=\"Ukelele bajo electro ac\u00fastico de 4 cuerdas, 16 trastes, tapa, aros y fondo de caoba, puente y diapas\u00f3n de nogal, brazo de okume africano, preamplificador Flight FU-T3, cejuela y montura de hueso, marcadores de posici\u00f3n en los trastes 5, 7, 10, 12 y 15, clavijas de engranaje, roseta grabada con l\u00e1ser, incluye funda acolchada y un librito educativo gratis.\" \/>\n<meta name=\"robots\" content=\"index, follow, max-snippet:-1, max-image-preview:large, max-video-preview:-1\" \/>\n<link rel=\"canonical\" href=\"https:\/\/www.mexicanguitarplayers.com\/en\/tienda\/sin%20categor\u00eda\/ukelele-flight-bajo-e-acust-dubs-mah-ma\/\" \/>\n<meta property=\"og:locale\" content=\"en_US\" \/>\n<meta property=\"og:type\" content=\"article\" \/>\n<meta property=\"og:title\" content=\"UKELELE FLIGHT BAJO E\/ACUST. DUBS MAH\/MA - Mexican Guitar Players\" \/>\n<meta property=\"og:description\" content=\"Ukelele bajo electro ac\u00fastico de 4 cuerdas, 16 trastes, tapa, aros y fondo de caoba, puente y diapas\u00f3n de nogal, brazo de okume africano, preamplificador Flight FU-T3, cejuela y montura de hueso, marcadores de posici\u00f3n en los trastes 5, 7, 10, 12 y 15, clavijas de engranaje, roseta grabada con l\u00e1ser, incluye funda acolchada y un librito educativo gratis.\" \/>\n<meta property=\"og:url\" content=\"https:\/\/www.mexicanguitarplayers.com\/en\/tienda\/sin categor\u00eda\/ukelele-flight-bajo-e-acust-dubs-mah-ma\/\" \/>\n<meta property=\"og:site_name\" content=\"Mexican Guitar Players\" \/>\n<meta property=\"article:modified_time\" content=\"2025-12-11T10:15:52+00:00\" \/>\n<meta name=\"twitter:card\" content=\"summary_large_image\" \/>\n<meta name=\"twitter:label1\" content=\"Est. reading time\" \/>\n\t<meta name=\"twitter:data1\" content=\"2 minutes\" \/>\n<script type=\"application\/ld+json\" class=\"yoast-schema-graph\">{\"@context\":\"https:\\\/\\\/schema.org\",\"@graph\":[{\"@type\":[\"WebPage\",\"ItemPage\"],\"@id\":\"https:\\\/\\\/www.mexicanguitarplayers.com\\\/tienda\\\/sin categor\u00eda\\\/ukelele-flight-bajo-e-acust-dubs-mah-ma\\\/\",\"url\":\"https:\\\/\\\/www.mexicanguitarplayers.com\\\/tienda\\\/sin categor\u00eda\\\/ukelele-flight-bajo-e-acust-dubs-mah-ma\\\/\",\"name\":\"UKELELE FLIGHT BAJO E\\\/ACUST. DUBS MAH\\\/MA - Mexican Guitar Players\",\"isPartOf\":{\"@id\":\"https:\\\/\\\/www.mexicanguitarplayers.com\\\/#website\"},\"primaryImageOfPage\":{\"@id\":\"https:\\\/\\\/www.mexicanguitarplayers.com\\\/tienda\\\/sin categor\u00eda\\\/ukelele-flight-bajo-e-acust-dubs-mah-ma\\\/#primaryimage\"},\"image\":{\"@id\":\"https:\\\/\\\/www.mexicanguitarplayers.com\\\/tienda\\\/sin categor\u00eda\\\/ukelele-flight-bajo-e-acust-dubs-mah-ma\\\/#primaryimage\"},\"thumbnailUrl\":\"https:\\\/\\\/www.mexicanguitarplayers.com\\\/wp-content\\\/uploads\\\/2025\\\/04\\\/ISFLIDUBSMAHMA.jpg\",\"datePublished\":\"2025-04-09T12:40:26+00:00\",\"dateModified\":\"2025-12-11T10:15:52+00:00\",\"description\":\"Ukelele bajo electro ac\u00fastico de 4 cuerdas, 16 trastes, tapa, aros y fondo de caoba, puente y diapas\u00f3n de nogal, brazo de okume africano, preamplificador Flight FU-T3, cejuela y montura de hueso, marcadores de posici\u00f3n en los trastes 5, 7, 10, 12 y 15, clavijas de engranaje, roseta grabada con l\u00e1ser, incluye funda acolchada y un librito educativo gratis.\",\"breadcrumb\":{\"@id\":\"https:\\\/\\\/www.mexicanguitarplayers.com\\\/tienda\\\/sin categor\u00eda\\\/ukelele-flight-bajo-e-acust-dubs-mah-ma\\\/#breadcrumb\"},\"inLanguage\":\"en-US\",\"potentialAction\":[{\"@type\":\"ReadAction\",\"target\":[\"https:\\\/\\\/www.mexicanguitarplayers.com\\\/tienda\\\/sin categor\u00eda\\\/ukelele-flight-bajo-e-acust-dubs-mah-ma\\\/\"]}]},{\"@type\":\"ImageObject\",\"inLanguage\":\"en-US\",\"@id\":\"https:\\\/\\\/www.mexicanguitarplayers.com\\\/tienda\\\/sin categor\u00eda\\\/ukelele-flight-bajo-e-acust-dubs-mah-ma\\\/#primaryimage\",\"url\":\"https:\\\/\\\/www.mexicanguitarplayers.com\\\/wp-content\\\/uploads\\\/2025\\\/04\\\/ISFLIDUBSMAHMA.jpg\",\"contentUrl\":\"https:\\\/\\\/www.mexicanguitarplayers.com\\\/wp-content\\\/uploads\\\/2025\\\/04\\\/ISFLIDUBSMAHMA.jpg\",\"width\":800,\"height\":1600},{\"@type\":\"BreadcrumbList\",\"@id\":\"https:\\\/\\\/www.mexicanguitarplayers.com\\\/tienda\\\/sin categor\u00eda\\\/ukelele-flight-bajo-e-acust-dubs-mah-ma\\\/#breadcrumb\",\"itemListElement\":[{\"@type\":\"ListItem\",\"position\":1,\"name\":\"Portada\",\"item\":\"https:\\\/\\\/www.mexicanguitarplayers.com\\\/\"},{\"@type\":\"ListItem\",\"position\":2,\"name\":\"Tienda\",\"item\":\"https:\\\/\\\/www.mexicanguitarplayers.com\\\/tienda\\\/\"},{\"@type\":\"ListItem\",\"position\":3,\"name\":\"UKELELE FLIGHT BAJO E\\\/ACUST. DUBS MAH\\\/MA\"}]},{\"@type\":\"WebSite\",\"@id\":\"https:\\\/\\\/www.mexicanguitarplayers.com\\\/#website\",\"url\":\"https:\\\/\\\/www.mexicanguitarplayers.com\\\/\",\"name\":\"Mexican Guitar Players\",\"description\":\"Website\",\"publisher\":{\"@id\":\"https:\\\/\\\/www.mexicanguitarplayers.com\\\/#organization\"},\"potentialAction\":[{\"@type\":\"SearchAction\",\"target\":{\"@type\":\"EntryPoint\",\"urlTemplate\":\"https:\\\/\\\/www.mexicanguitarplayers.com\\\/?s={search_term_string}\"},\"query-input\":{\"@type\":\"PropertyValueSpecification\",\"valueRequired\":true,\"valueName\":\"search_term_string\"}}],\"inLanguage\":\"en-US\"},{\"@type\":\"Organization\",\"@id\":\"https:\\\/\\\/www.mexicanguitarplayers.com\\\/#organization\",\"name\":\"Mexican Guitar Players\",\"url\":\"https:\\\/\\\/www.mexicanguitarplayers.com\\\/\",\"logo\":{\"@type\":\"ImageObject\",\"inLanguage\":\"en-US\",\"@id\":\"https:\\\/\\\/www.mexicanguitarplayers.com\\\/#\\\/schema\\\/logo\\\/image\\\/\",\"url\":\"\",\"contentUrl\":\"\",\"caption\":\"Mexican Guitar Players\"},\"image\":{\"@id\":\"https:\\\/\\\/www.mexicanguitarplayers.com\\\/#\\\/schema\\\/logo\\\/image\\\/\"}}]}<\/script>\n<!-- \/ Yoast SEO plugin. -->","yoast_head_json":{"title":"UKELELE FLIGHT BAJO E\/ACUST. DUBS MAH\/MA - Mexican Guitar Players","description":"Ukelele bajo electro ac\u00fastico de 4 cuerdas, 16 trastes, tapa, aros y fondo de caoba, puente y diapas\u00f3n de nogal, brazo de okume africano, preamplificador Flight FU-T3, cejuela y montura de hueso, marcadores de posici\u00f3n en los trastes 5, 7, 10, 12 y 15, clavijas de engranaje, roseta grabada con l\u00e1ser, incluye funda acolchada y un librito educativo gratis.","robots":{"index":"index","follow":"follow","max-snippet":"max-snippet:-1","max-image-preview":"max-image-preview:large","max-video-preview":"max-video-preview:-1"},"canonical":"https:\/\/www.mexicanguitarplayers.com\/en\/tienda\/sin categor\u00eda\/ukelele-flight-bajo-e-acust-dubs-mah-ma\/","og_locale":"en_US","og_type":"article","og_title":"UKELELE FLIGHT BAJO E\/ACUST. DUBS MAH\/MA - Mexican Guitar Players","og_description":"Ukelele bajo electro ac\u00fastico de 4 cuerdas, 16 trastes, tapa, aros y fondo de caoba, puente y diapas\u00f3n de nogal, brazo de okume africano, preamplificador Flight FU-T3, cejuela y montura de hueso, marcadores de posici\u00f3n en los trastes 5, 7, 10, 12 y 15, clavijas de engranaje, roseta grabada con l\u00e1ser, incluye funda acolchada y un librito educativo gratis.","og_url":"https:\/\/www.mexicanguitarplayers.com\/en\/tienda\/sin categor\u00eda\/ukelele-flight-bajo-e-acust-dubs-mah-ma\/","og_site_name":"Mexican Guitar Players","article_modified_time":"2025-12-11T10:15:52+00:00","twitter_card":"summary_large_image","twitter_misc":{"Est. reading time":"2 minutes"},"schema":{"@context":"https:\/\/schema.org","@graph":[{"@type":["WebPage","ItemPage"],"@id":"https:\/\/www.mexicanguitarplayers.com\/tienda\/sin categor\u00eda\/ukelele-flight-bajo-e-acust-dubs-mah-ma\/","url":"https:\/\/www.mexicanguitarplayers.com\/tienda\/sin categor\u00eda\/ukelele-flight-bajo-e-acust-dubs-mah-ma\/","name":"UKELELE FLIGHT BAJO E\/ACUST. DUBS MAH\/MA - Mexican Guitar Players","isPartOf":{"@id":"https:\/\/www.mexicanguitarplayers.com\/#website"},"primaryImageOfPage":{"@id":"https:\/\/www.mexicanguitarplayers.com\/tienda\/sin categor\u00eda\/ukelele-flight-bajo-e-acust-dubs-mah-ma\/#primaryimage"},"image":{"@id":"https:\/\/www.mexicanguitarplayers.com\/tienda\/sin categor\u00eda\/ukelele-flight-bajo-e-acust-dubs-mah-ma\/#primaryimage"},"thumbnailUrl":"https:\/\/www.mexicanguitarplayers.com\/wp-content\/uploads\/2025\/04\/ISFLIDUBSMAHMA.jpg","datePublished":"2025-04-09T12:40:26+00:00","dateModified":"2025-12-11T10:15:52+00:00","description":"Ukelele bajo electro ac\u00fastico de 4 cuerdas, 16 trastes, tapa, aros y fondo de caoba, puente y diapas\u00f3n de nogal, brazo de okume africano, preamplificador Flight FU-T3, cejuela y montura de hueso, marcadores de posici\u00f3n en los trastes 5, 7, 10, 12 y 15, clavijas de engranaje, roseta grabada con l\u00e1ser, incluye funda acolchada y un librito educativo gratis.","breadcrumb":{"@id":"https:\/\/www.mexicanguitarplayers.com\/tienda\/sin categor\u00eda\/ukelele-flight-bajo-e-acust-dubs-mah-ma\/#breadcrumb"},"inLanguage":"en-US","potentialAction":[{"@type":"ReadAction","target":["https:\/\/www.mexicanguitarplayers.com\/tienda\/sin categor\u00eda\/ukelele-flight-bajo-e-acust-dubs-mah-ma\/"]}]},{"@type":"ImageObject","inLanguage":"en-US","@id":"https:\/\/www.mexicanguitarplayers.com\/tienda\/sin categor\u00eda\/ukelele-flight-bajo-e-acust-dubs-mah-ma\/#primaryimage","url":"https:\/\/www.mexicanguitarplayers.com\/wp-content\/uploads\/2025\/04\/ISFLIDUBSMAHMA.jpg","contentUrl":"https:\/\/www.mexicanguitarplayers.com\/wp-content\/uploads\/2025\/04\/ISFLIDUBSMAHMA.jpg","width":800,"height":1600},{"@type":"BreadcrumbList","@id":"https:\/\/www.mexicanguitarplayers.com\/tienda\/sin categor\u00eda\/ukelele-flight-bajo-e-acust-dubs-mah-ma\/#breadcrumb","itemListElement":[{"@type":"ListItem","position":1,"name":"Portada","item":"https:\/\/www.mexicanguitarplayers.com\/"},{"@type":"ListItem","position":2,"name":"Tienda","item":"https:\/\/www.mexicanguitarplayers.com\/tienda\/"},{"@type":"ListItem","position":3,"name":"UKELELE FLIGHT BAJO E\/ACUST. DUBS MAH\/MA"}]},{"@type":"WebSite","@id":"https:\/\/www.mexicanguitarplayers.com\/#website","url":"https:\/\/www.mexicanguitarplayers.com\/","name":"Mexican Guitar Players","description":"Website","publisher":{"@id":"https:\/\/www.mexicanguitarplayers.com\/#organization"},"potentialAction":[{"@type":"SearchAction","target":{"@type":"EntryPoint","urlTemplate":"https:\/\/www.mexicanguitarplayers.com\/?s={search_term_string}"},"query-input":{"@type":"PropertyValueSpecification","valueRequired":true,"valueName":"search_term_string"}}],"inLanguage":"en-US"},{"@type":"Organization","@id":"https:\/\/www.mexicanguitarplayers.com\/#organization","name":"Mexican Guitar Players","url":"https:\/\/www.mexicanguitarplayers.com\/","logo":{"@type":"ImageObject","inLanguage":"en-US","@id":"https:\/\/www.mexicanguitarplayers.com\/#\/schema\/logo\/image\/","url":"","contentUrl":"","caption":"Mexican Guitar Players"},"image":{"@id":"https:\/\/www.mexicanguitarplayers.com\/#\/schema\/logo\/image\/"}}]}},"brands":[{"id":322,"name":"FLIGHT","slug":"flight"}],"_links":{"self":[{"href":"https:\/\/www.mexicanguitarplayers.com\/en\/wp-json\/wp\/v2\/product\/39551","targetHints":{"allow":["GET"]}}],"collection":[{"href":"https:\/\/www.mexicanguitarplayers.com\/en\/wp-json\/wp\/v2\/product"}],"about":[{"href":"https:\/\/www.mexicanguitarplayers.com\/en\/wp-json\/wp\/v2\/types\/product"}],"replies":[{"embeddable":true,"href":"https:\/\/www.mexicanguitarplayers.com\/en\/wp-json\/wp\/v2\/comments?post=39551"}],"wp:featuredmedia":[{"embeddable":true,"href":"https:\/\/www.mexicanguitarplayers.com\/en\/wp-json\/wp\/v2\/media\/39544"}],"wp:attachment":[{"href":"https:\/\/www.mexicanguitarplayers.com\/en\/wp-json\/wp\/v2\/media?parent=39551"}],"wp:term":[{"taxonomy":"pwb-brand","embeddable":true,"href":"https:\/\/www.mexicanguitarplayers.com\/en\/wp-json\/wp\/v2\/pwb-brand?post=39551"},{"taxonomy":"product_brand","embeddable":true,"href":"https:\/\/www.mexicanguitarplayers.com\/en\/wp-json\/wp\/v2\/product_brand?post=39551"},{"taxonomy":"product_cat","embeddable":true,"href":"https:\/\/www.mexicanguitarplayers.com\/en\/wp-json\/wp\/v2\/product_cat?post=39551"},{"taxonomy":"product_tag","embeddable":true,"href":"https:\/\/www.mexicanguitarplayers.com\/en\/wp-json\/wp\/v2\/product_tag?post=39551"}],"curies":[{"name":"wp","href":"https:\/\/api.w.org\/{rel}","templated":true}]}}