{"id":39558,"date":"2025-04-09T06:40:36","date_gmt":"2025-04-09T12:40:36","guid":{"rendered":"https:\/\/www.mexicanguitarplayers.com\/tienda\/sin categor\u00eda\/pastilla-dimarzio-humbucker-p-brazo-sonic-ecstasy-2\/"},"modified":"2026-04-10T04:21:13","modified_gmt":"2026-04-10T10:21:13","slug":"pastilla-dimarzio-humbucker-p-brazo-sonic-ecstasy-2","status":"publish","type":"product","link":"https:\/\/www.mexicanguitarplayers.com\/en\/tienda\/accesorios\/para-guitarras\/pastillas-para-guitarra-electrica\/pastilla-dimarzio-humbucker-p-brazo-sonic-ecstasy-2\/","title":{"rendered":"DIMARZIO HUMBUCKER PICKUP FOR SONIC ECSTASY NECK"},"content":{"rendered":"<div style=\"text-align: justify\">\n<div>\n<h3>Potencia, profundidad y calidez.<\/h3>\n<\/div>\n<div>Dise\u00f1ado para el Music Man JP16 del renombrado guitarrista de Dream Theater, John Petrucci, las caracter\u00edsticas clave de los modelos Sonic Ecstasy son potencia, profundidad y calidez. Tienen una voz amplia que enfatiza medios y agudos. Petrucci dice: Mis nuevas pastillas Sonic Ecstasy brindan un tono masivo incre\u00edblemente rico, claro y expresivo. La pastilla del puente resalta el golpe y la circunferencia de la guitarra mientras mantiene un extremo superior musical y suave, as\u00ed como un extremo inferior m\u00e1s ajustado y articulado. &#8220;La pastilla del brazo tiene las mismas cualidades, pero agrega la cantidad justa de aire y sensaci\u00f3n l\u00edquida que acent\u00faa y rastrea mi ataque de punteo a cualquier velocidad&#8221;. Realmente el nombre lo dice todo: Sonic Ecstasy. Los modelos de Sonic Ecstasy est\u00e1n disponibles solamente en espaciado F. Tanto el modelo para brazo como el modelo para puente de las pastillas Sonic Ecstasy pueden describirse como pesadas modernas. Tienen un sonido muy denso sin la p\u00e9rdida de definici\u00f3n y claridad que a veces ocurre con las pastillas de sonido gordo.<\/div>\n<div>\n<h4>Quick look<\/h4>\n<\/div>\n<ul style=\"margin: 0px 0px 0px 25px\">\n<li style=\"list-style-type: circle;margin: 5px\">Modelo.<\/li>\n<li style=\"list-style-type: circle;margin: 5px\">Posici\u00f3n.<\/li>\n<li style=\"list-style-type: circle;margin: 5px\">Espaciado.<\/li>\n<li style=\"list-style-type: circle;margin: 5px\">Alambrado.<\/li>\n<li style=\"list-style-type: circle;margin: 5px\">Im\u00e1n.<\/li>\n<li style=\"list-style-type: circle;margin: 5px\">Resistencia.<\/li>\n<\/ul>\n<div>\n<div style=\"font-weight: bold\">Modelo.<\/div>\n<div>\n<p>Sonic Ectasy.<\/p>\n<\/div>\n<div style=\"font-weight: bold\">Posici\u00f3n.<\/div>\n<div>\n<p>Arm.<\/p>\n<\/div>\n<div style=\"font-weight: bold\">Espaciado.<\/div>\n<div>\n<p>F-Spaced.<\/p>\n<\/div>\n<div style=\"font-weight: bold\">Alambrado.<\/div>\n<div>\n<p>4 conductores.<\/p>\n<\/div>\n<div style=\"font-weight: bold\">Im\u00e1n.<\/div>\n<div>\n<p>Cer\u00e1mica.<\/p>\n<\/div>\n<div style=\"font-weight: bold\">Resistencia.<\/div>\n<div>\n<p>13.8 kilo-ohms.<\/p>\n<\/div>\n<\/div>\n<\/div>","protected":false},"excerpt":{"rendered":"<p>Pastilla humbucker para guitarra el\u00e9ctrica de 6 cuerdas, modelo Sonic Ecstasy, posici\u00f3n: brazo, alambrado: 4 conductores, im\u00e1n: cer\u00e1mica, resistencia: 13.8 kilo-ohms, gran potencia, profundidad y calidez, sonido muy denso pero sin p\u00e9rdida de definici\u00f3n o claridad.&hellip; <a class=\"kt-excerpt-readmore more-link\" href=\"https:\/\/www.mexicanguitarplayers.com\/en\/tienda\/accesorios\/para-guitarras\/pastillas-para-guitarra-electrica\/pastilla-dimarzio-humbucker-p-brazo-sonic-ecstasy-2\/\">Read more<\/a><\/p>","protected":false},"featured_media":39556,"comment_status":"open","ping_status":"closed","template":"","meta":{"kt_blocks_editor_width":""},"pwb-brand":[355],"product_brand":[],"product_cat":[85,336,353],"product_tag":[],"class_list":{"0":"post-39558","1":"product","2":"type-product","3":"status-publish","4":"has-post-thumbnail","6":"pwb-brand-dimarzio","7":"product_cat-accesorios","8":"product_cat-para-guitarras","9":"product_cat-pastillas-para-guitarra-electrica","10":"product_shipping_class-0-5-kg","12":"first","13":"outofstock","14":"taxable","15":"shipping-taxable","16":"purchasable","17":"product-type-simple"},"yoast_head":"<!-- This site is optimized with the Yoast SEO plugin v27.5 - https:\/\/yoast.com\/product\/yoast-seo-wordpress\/ -->\n<title>PASTILLA DIMARZIO HUMBUCKER P\/BRAZO SONIC ECSTASY - Mexican Guitar Players<\/title>\n<meta name=\"description\" content=\"Pastilla humbucker para guitarra el\u00e9ctrica de 6 cuerdas, modelo Sonic Ecstasy, posici\u00f3n: brazo, alambrado: 4 conductores, im\u00e1n: cer\u00e1mica, resistencia: 13.8 kilo-ohms, gran potencia, profundidad y calidez, sonido muy denso pero sin p\u00e9rdida de definici\u00f3n o claridad.\" \/>\n<meta name=\"robots\" content=\"index, follow, max-snippet:-1, max-image-preview:large, max-video-preview:-1\" \/>\n<link rel=\"canonical\" href=\"https:\/\/www.mexicanguitarplayers.com\/en\/tienda\/sin%20categor\u00eda\/pastilla-dimarzio-humbucker-p-brazo-sonic-ecstasy-2\/\" \/>\n<meta property=\"og:locale\" content=\"en_US\" \/>\n<meta property=\"og:type\" content=\"article\" \/>\n<meta property=\"og:title\" content=\"PASTILLA DIMARZIO HUMBUCKER P\/BRAZO SONIC ECSTASY - Mexican Guitar Players\" \/>\n<meta property=\"og:description\" content=\"Pastilla humbucker para guitarra el\u00e9ctrica de 6 cuerdas, modelo Sonic Ecstasy, posici\u00f3n: brazo, alambrado: 4 conductores, im\u00e1n: cer\u00e1mica, resistencia: 13.8 kilo-ohms, gran potencia, profundidad y calidez, sonido muy denso pero sin p\u00e9rdida de definici\u00f3n o claridad.\" \/>\n<meta property=\"og:url\" content=\"https:\/\/www.mexicanguitarplayers.com\/en\/tienda\/sin categor\u00eda\/pastilla-dimarzio-humbucker-p-brazo-sonic-ecstasy-2\/\" \/>\n<meta property=\"og:site_name\" content=\"Mexican Guitar Players\" \/>\n<meta property=\"article:modified_time\" content=\"2026-04-10T10:21:13+00:00\" \/>\n<meta name=\"twitter:card\" content=\"summary_large_image\" \/>\n<meta name=\"twitter:label1\" content=\"Est. reading time\" \/>\n\t<meta name=\"twitter:data1\" content=\"1 minute\" \/>\n<script type=\"application\/ld+json\" class=\"yoast-schema-graph\">{\"@context\":\"https:\\\/\\\/schema.org\",\"@graph\":[{\"@type\":[\"WebPage\",\"ItemPage\"],\"@id\":\"https:\\\/\\\/www.mexicanguitarplayers.com\\\/tienda\\\/sin categor\u00eda\\\/pastilla-dimarzio-humbucker-p-brazo-sonic-ecstasy-2\\\/\",\"url\":\"https:\\\/\\\/www.mexicanguitarplayers.com\\\/tienda\\\/sin categor\u00eda\\\/pastilla-dimarzio-humbucker-p-brazo-sonic-ecstasy-2\\\/\",\"name\":\"PASTILLA DIMARZIO HUMBUCKER P\\\/BRAZO SONIC ECSTASY - Mexican Guitar Players\",\"isPartOf\":{\"@id\":\"https:\\\/\\\/www.mexicanguitarplayers.com\\\/#website\"},\"primaryImageOfPage\":{\"@id\":\"https:\\\/\\\/www.mexicanguitarplayers.com\\\/tienda\\\/sin categor\u00eda\\\/pastilla-dimarzio-humbucker-p-brazo-sonic-ecstasy-2\\\/#primaryimage\"},\"image\":{\"@id\":\"https:\\\/\\\/www.mexicanguitarplayers.com\\\/tienda\\\/sin categor\u00eda\\\/pastilla-dimarzio-humbucker-p-brazo-sonic-ecstasy-2\\\/#primaryimage\"},\"thumbnailUrl\":\"https:\\\/\\\/www.mexicanguitarplayers.com\\\/wp-content\\\/uploads\\\/2025\\\/04\\\/RADIMDP269FSP.jpg\",\"datePublished\":\"2025-04-09T12:40:36+00:00\",\"dateModified\":\"2026-04-10T10:21:13+00:00\",\"description\":\"Pastilla humbucker para guitarra el\u00e9ctrica de 6 cuerdas, modelo Sonic Ecstasy, posici\u00f3n: brazo, alambrado: 4 conductores, im\u00e1n: cer\u00e1mica, resistencia: 13.8 kilo-ohms, gran potencia, profundidad y calidez, sonido muy denso pero sin p\u00e9rdida de definici\u00f3n o claridad.\",\"breadcrumb\":{\"@id\":\"https:\\\/\\\/www.mexicanguitarplayers.com\\\/tienda\\\/sin categor\u00eda\\\/pastilla-dimarzio-humbucker-p-brazo-sonic-ecstasy-2\\\/#breadcrumb\"},\"inLanguage\":\"en-US\",\"potentialAction\":[{\"@type\":\"ReadAction\",\"target\":[\"https:\\\/\\\/www.mexicanguitarplayers.com\\\/tienda\\\/sin categor\u00eda\\\/pastilla-dimarzio-humbucker-p-brazo-sonic-ecstasy-2\\\/\"]}]},{\"@type\":\"ImageObject\",\"inLanguage\":\"en-US\",\"@id\":\"https:\\\/\\\/www.mexicanguitarplayers.com\\\/tienda\\\/sin categor\u00eda\\\/pastilla-dimarzio-humbucker-p-brazo-sonic-ecstasy-2\\\/#primaryimage\",\"url\":\"https:\\\/\\\/www.mexicanguitarplayers.com\\\/wp-content\\\/uploads\\\/2025\\\/04\\\/RADIMDP269FSP.jpg\",\"contentUrl\":\"https:\\\/\\\/www.mexicanguitarplayers.com\\\/wp-content\\\/uploads\\\/2025\\\/04\\\/RADIMDP269FSP.jpg\",\"width\":1600,\"height\":800},{\"@type\":\"BreadcrumbList\",\"@id\":\"https:\\\/\\\/www.mexicanguitarplayers.com\\\/tienda\\\/sin categor\u00eda\\\/pastilla-dimarzio-humbucker-p-brazo-sonic-ecstasy-2\\\/#breadcrumb\",\"itemListElement\":[{\"@type\":\"ListItem\",\"position\":1,\"name\":\"Portada\",\"item\":\"https:\\\/\\\/www.mexicanguitarplayers.com\\\/\"},{\"@type\":\"ListItem\",\"position\":2,\"name\":\"Tienda\",\"item\":\"https:\\\/\\\/www.mexicanguitarplayers.com\\\/tienda\\\/\"},{\"@type\":\"ListItem\",\"position\":3,\"name\":\"PASTILLA DIMARZIO HUMBUCKER P\\\/BRAZO SONIC ECSTASY\"}]},{\"@type\":\"WebSite\",\"@id\":\"https:\\\/\\\/www.mexicanguitarplayers.com\\\/#website\",\"url\":\"https:\\\/\\\/www.mexicanguitarplayers.com\\\/\",\"name\":\"Mexican Guitar Players\",\"description\":\"Website\",\"publisher\":{\"@id\":\"https:\\\/\\\/www.mexicanguitarplayers.com\\\/#organization\"},\"potentialAction\":[{\"@type\":\"SearchAction\",\"target\":{\"@type\":\"EntryPoint\",\"urlTemplate\":\"https:\\\/\\\/www.mexicanguitarplayers.com\\\/?s={search_term_string}\"},\"query-input\":{\"@type\":\"PropertyValueSpecification\",\"valueRequired\":true,\"valueName\":\"search_term_string\"}}],\"inLanguage\":\"en-US\"},{\"@type\":\"Organization\",\"@id\":\"https:\\\/\\\/www.mexicanguitarplayers.com\\\/#organization\",\"name\":\"Mexican Guitar Players\",\"url\":\"https:\\\/\\\/www.mexicanguitarplayers.com\\\/\",\"logo\":{\"@type\":\"ImageObject\",\"inLanguage\":\"en-US\",\"@id\":\"https:\\\/\\\/www.mexicanguitarplayers.com\\\/#\\\/schema\\\/logo\\\/image\\\/\",\"url\":\"\",\"contentUrl\":\"\",\"caption\":\"Mexican Guitar Players\"},\"image\":{\"@id\":\"https:\\\/\\\/www.mexicanguitarplayers.com\\\/#\\\/schema\\\/logo\\\/image\\\/\"}}]}<\/script>\n<!-- \/ Yoast SEO plugin. -->","yoast_head_json":{"title":"PASTILLA DIMARZIO HUMBUCKER P\/BRAZO SONIC ECSTASY - Mexican Guitar Players","description":"Pastilla humbucker para guitarra el\u00e9ctrica de 6 cuerdas, modelo Sonic Ecstasy, posici\u00f3n: brazo, alambrado: 4 conductores, im\u00e1n: cer\u00e1mica, resistencia: 13.8 kilo-ohms, gran potencia, profundidad y calidez, sonido muy denso pero sin p\u00e9rdida de definici\u00f3n o claridad.","robots":{"index":"index","follow":"follow","max-snippet":"max-snippet:-1","max-image-preview":"max-image-preview:large","max-video-preview":"max-video-preview:-1"},"canonical":"https:\/\/www.mexicanguitarplayers.com\/en\/tienda\/sin categor\u00eda\/pastilla-dimarzio-humbucker-p-brazo-sonic-ecstasy-2\/","og_locale":"en_US","og_type":"article","og_title":"PASTILLA DIMARZIO HUMBUCKER P\/BRAZO SONIC ECSTASY - Mexican Guitar Players","og_description":"Pastilla humbucker para guitarra el\u00e9ctrica de 6 cuerdas, modelo Sonic Ecstasy, posici\u00f3n: brazo, alambrado: 4 conductores, im\u00e1n: cer\u00e1mica, resistencia: 13.8 kilo-ohms, gran potencia, profundidad y calidez, sonido muy denso pero sin p\u00e9rdida de definici\u00f3n o claridad.","og_url":"https:\/\/www.mexicanguitarplayers.com\/en\/tienda\/sin categor\u00eda\/pastilla-dimarzio-humbucker-p-brazo-sonic-ecstasy-2\/","og_site_name":"Mexican Guitar Players","article_modified_time":"2026-04-10T10:21:13+00:00","twitter_card":"summary_large_image","twitter_misc":{"Est. reading time":"1 minute"},"schema":{"@context":"https:\/\/schema.org","@graph":[{"@type":["WebPage","ItemPage"],"@id":"https:\/\/www.mexicanguitarplayers.com\/tienda\/sin categor\u00eda\/pastilla-dimarzio-humbucker-p-brazo-sonic-ecstasy-2\/","url":"https:\/\/www.mexicanguitarplayers.com\/tienda\/sin categor\u00eda\/pastilla-dimarzio-humbucker-p-brazo-sonic-ecstasy-2\/","name":"PASTILLA DIMARZIO HUMBUCKER P\/BRAZO SONIC ECSTASY - Mexican Guitar Players","isPartOf":{"@id":"https:\/\/www.mexicanguitarplayers.com\/#website"},"primaryImageOfPage":{"@id":"https:\/\/www.mexicanguitarplayers.com\/tienda\/sin categor\u00eda\/pastilla-dimarzio-humbucker-p-brazo-sonic-ecstasy-2\/#primaryimage"},"image":{"@id":"https:\/\/www.mexicanguitarplayers.com\/tienda\/sin categor\u00eda\/pastilla-dimarzio-humbucker-p-brazo-sonic-ecstasy-2\/#primaryimage"},"thumbnailUrl":"https:\/\/www.mexicanguitarplayers.com\/wp-content\/uploads\/2025\/04\/RADIMDP269FSP.jpg","datePublished":"2025-04-09T12:40:36+00:00","dateModified":"2026-04-10T10:21:13+00:00","description":"Pastilla humbucker para guitarra el\u00e9ctrica de 6 cuerdas, modelo Sonic Ecstasy, posici\u00f3n: brazo, alambrado: 4 conductores, im\u00e1n: cer\u00e1mica, resistencia: 13.8 kilo-ohms, gran potencia, profundidad y calidez, sonido muy denso pero sin p\u00e9rdida de definici\u00f3n o claridad.","breadcrumb":{"@id":"https:\/\/www.mexicanguitarplayers.com\/tienda\/sin categor\u00eda\/pastilla-dimarzio-humbucker-p-brazo-sonic-ecstasy-2\/#breadcrumb"},"inLanguage":"en-US","potentialAction":[{"@type":"ReadAction","target":["https:\/\/www.mexicanguitarplayers.com\/tienda\/sin categor\u00eda\/pastilla-dimarzio-humbucker-p-brazo-sonic-ecstasy-2\/"]}]},{"@type":"ImageObject","inLanguage":"en-US","@id":"https:\/\/www.mexicanguitarplayers.com\/tienda\/sin categor\u00eda\/pastilla-dimarzio-humbucker-p-brazo-sonic-ecstasy-2\/#primaryimage","url":"https:\/\/www.mexicanguitarplayers.com\/wp-content\/uploads\/2025\/04\/RADIMDP269FSP.jpg","contentUrl":"https:\/\/www.mexicanguitarplayers.com\/wp-content\/uploads\/2025\/04\/RADIMDP269FSP.jpg","width":1600,"height":800},{"@type":"BreadcrumbList","@id":"https:\/\/www.mexicanguitarplayers.com\/tienda\/sin categor\u00eda\/pastilla-dimarzio-humbucker-p-brazo-sonic-ecstasy-2\/#breadcrumb","itemListElement":[{"@type":"ListItem","position":1,"name":"Portada","item":"https:\/\/www.mexicanguitarplayers.com\/"},{"@type":"ListItem","position":2,"name":"Tienda","item":"https:\/\/www.mexicanguitarplayers.com\/tienda\/"},{"@type":"ListItem","position":3,"name":"PASTILLA DIMARZIO HUMBUCKER P\/BRAZO SONIC ECSTASY"}]},{"@type":"WebSite","@id":"https:\/\/www.mexicanguitarplayers.com\/#website","url":"https:\/\/www.mexicanguitarplayers.com\/","name":"Mexican Guitar Players","description":"Website","publisher":{"@id":"https:\/\/www.mexicanguitarplayers.com\/#organization"},"potentialAction":[{"@type":"SearchAction","target":{"@type":"EntryPoint","urlTemplate":"https:\/\/www.mexicanguitarplayers.com\/?s={search_term_string}"},"query-input":{"@type":"PropertyValueSpecification","valueRequired":true,"valueName":"search_term_string"}}],"inLanguage":"en-US"},{"@type":"Organization","@id":"https:\/\/www.mexicanguitarplayers.com\/#organization","name":"Mexican Guitar Players","url":"https:\/\/www.mexicanguitarplayers.com\/","logo":{"@type":"ImageObject","inLanguage":"en-US","@id":"https:\/\/www.mexicanguitarplayers.com\/#\/schema\/logo\/image\/","url":"","contentUrl":"","caption":"Mexican Guitar Players"},"image":{"@id":"https:\/\/www.mexicanguitarplayers.com\/#\/schema\/logo\/image\/"}}]}},"brands":[{"id":355,"name":"DIMARZIO","slug":"dimarzio"}],"_links":{"self":[{"href":"https:\/\/www.mexicanguitarplayers.com\/en\/wp-json\/wp\/v2\/product\/39558","targetHints":{"allow":["GET"]}}],"collection":[{"href":"https:\/\/www.mexicanguitarplayers.com\/en\/wp-json\/wp\/v2\/product"}],"about":[{"href":"https:\/\/www.mexicanguitarplayers.com\/en\/wp-json\/wp\/v2\/types\/product"}],"replies":[{"embeddable":true,"href":"https:\/\/www.mexicanguitarplayers.com\/en\/wp-json\/wp\/v2\/comments?post=39558"}],"wp:featuredmedia":[{"embeddable":true,"href":"https:\/\/www.mexicanguitarplayers.com\/en\/wp-json\/wp\/v2\/media\/39556"}],"wp:attachment":[{"href":"https:\/\/www.mexicanguitarplayers.com\/en\/wp-json\/wp\/v2\/media?parent=39558"}],"wp:term":[{"taxonomy":"pwb-brand","embeddable":true,"href":"https:\/\/www.mexicanguitarplayers.com\/en\/wp-json\/wp\/v2\/pwb-brand?post=39558"},{"taxonomy":"product_brand","embeddable":true,"href":"https:\/\/www.mexicanguitarplayers.com\/en\/wp-json\/wp\/v2\/product_brand?post=39558"},{"taxonomy":"product_cat","embeddable":true,"href":"https:\/\/www.mexicanguitarplayers.com\/en\/wp-json\/wp\/v2\/product_cat?post=39558"},{"taxonomy":"product_tag","embeddable":true,"href":"https:\/\/www.mexicanguitarplayers.com\/en\/wp-json\/wp\/v2\/product_tag?post=39558"}],"curies":[{"name":"wp","href":"https:\/\/api.w.org\/{rel}","templated":true}]}}