{"id":39565,"date":"2025-04-09T06:40:46","date_gmt":"2025-04-09T12:40:46","guid":{"rendered":"https:\/\/www.mexicanguitarplayers.com\/tienda\/sin categor\u00eda\/ukelele-flight-concierto-mod-duc373-mah\/"},"modified":"2026-04-10T01:16:54","modified_gmt":"2026-04-10T07:16:54","slug":"ukelele-flight-concierto-mod-duc373-mah","status":"publish","type":"product","link":"https:\/\/www.mexicanguitarplayers.com\/en\/tienda\/cuerdas\/folkloricos-y-regionales\/ukelele-flight-concierto-mod-duc373-mah\/","title":{"rendered":"UKELELE FLIGHT CONCIERTO MOD. DUC373 MAH"},"content":{"rendered":"<div style=\"text-align: justify\">\n<div>\n<h3>Ki\u2019i Pohaku.<\/h3>\n<\/div>\n<div>Ki\u2019i Pohaku (literalmente \u201cim\u00e1genes en piedra), son petroglifos extremadamente interesantes tallados en superficies de rocas de lava por ancestros hawaianos. Se ha sugerido que estas curiosas tallas se utilizaron para marcar eventos importantes, documentos de viaje y para rastrear el linaje de la familia. Hemos decidido conmemorar el Ki\u2019i Pohaku de la mejor manera en que podemos hacerlo, incorpor\u00e1ndolos a nuestros nuevos dise\u00f1os de roseta cortada con l\u00e1ser.<\/div>\n<div>\n<h4>Quick look<\/h4>\n<\/div>\n<ul style=\"margin: 0px 0px 0px 25px\">\n<li style=\"list-style-type: circle;margin: 5px\">Madera con una historia para contar.<\/li>\n<li style=\"list-style-type: circle;margin: 5px\">Vamos a tocar.<\/li>\n<li style=\"list-style-type: circle;margin: 5px\">Tono perfecto.<\/li>\n<li style=\"list-style-type: circle;margin: 5px\">Todo comienza con la cabeza.<\/li>\n<li style=\"list-style-type: circle;margin: 5px\">Excelente protecci\u00f3n para tu uke.<\/li>\n<\/ul>\n<div>\n<div style=\"font-weight: bold\">Madera con una historia para contar.<\/div>\n<div>\n<p>Caoba. La caoba es una madera dura que ha sido utilizada para fabricar instrumentos musicales desde hace siglos.  Su color puede variar bastante, desde un marr\u00f3n ros\u00e1ceo p\u00e1lido a un marr\u00f3n rojizo m\u00e1s oscuro y tiende a oscurecerse con la edad.<\/p>\n<\/div>\n<div style=\"font-weight: bold\">Vamos a tocar.<\/div>\n<div>\n<p>Diapas\u00f3n de palo de rosa y brazo de okoume. El brazo y el diapas\u00f3n del DUC373 MAH est\u00e1n hechos de okoume africano y palo de rosa. Es una gran combinaci\u00f3n que garantiza una afinaci\u00f3n estable a trav\u00e9s de todo el diapas\u00f3n, es suave para tus manos y se ve muy bien.<\/p>\n<\/div>\n<div style=\"font-weight: bold\">Tono perfecto.<\/div>\n<div>\n<p>Cejuela de hueso y puente de palo de rosa. La cejuela puede ser un componente peque\u00f1o, pero determina el tono del sonido. La cejuela y la montura del DUC373 MAH est\u00e1n hechas de hueso (no de pl\u00e1stico). S\u00f3lo uno de los detalles que hacen que este ukelele sea realmente especial.<\/p>\n<\/div>\n<div style=\"font-weight: bold\">Todo comienza con la cabeza.<\/div>\n<div>\n<p>Hermoso y f\u00e1cil de afinar. El dise\u00f1o del cabezal es una parte integral de nuestra identidad. Todos los ukeleles Flight cuentan con un cabezal dise\u00f1ado cuidadosamente equipado con afinadores engranados que siempre te mantendr\u00e1n afinado.<\/p>\n<\/div>\n<div style=\"font-weight: bold\">Excelente protecci\u00f3n para tu uke.<\/div>\n<div>\n<p>Ligero y elegante, pero que ofrece una excelente protecci\u00f3n para tu ukelele, las fundas de Flight se han vuelto legendarias  con una colgando de tu hombro definitivamente har\u00e1 que todos volteen a verte.<\/p>\n<\/div>\n<\/div>\n<\/div>","protected":false},"excerpt":{"rendered":"<p>Ukelele tama\u00f1o concierto, 17 trastes, tapa, aros y fondo de caoba africana, puente de nogal, brazo de okoume africano, diapas\u00f3n de nogal, cejuela y montura de pl\u00e1stico de alta calidad, marcadores de posici\u00f3n en los trastes 5, 7, 10, 12 y 15,  fondo arqueado, afinadores die-cast cromados con engranaje abierto, roseta grabada con l\u00e1ser, cabezal redise\u00f1ado, construcci\u00f3n mejorada, incluye funda.&hellip; <a class=\"kt-excerpt-readmore more-link\" href=\"https:\/\/www.mexicanguitarplayers.com\/en\/tienda\/cuerdas\/folkloricos-y-regionales\/ukelele-flight-concierto-mod-duc373-mah\/\">Read more<\/a><\/p>","protected":false},"featured_media":39563,"comment_status":"open","ping_status":"closed","template":"","meta":{"kt_blocks_editor_width":""},"pwb-brand":[322],"product_brand":[],"product_cat":[224,320],"product_tag":[],"class_list":{"0":"post-39565","1":"product","2":"type-product","3":"status-publish","4":"has-post-thumbnail","6":"pwb-brand-flight","7":"product_cat-cuerdas","8":"product_cat-folkloricos-y-regionales","9":"product_shipping_class-0-5-kg","11":"first","12":"outofstock","13":"taxable","14":"shipping-taxable","15":"purchasable","16":"product-type-simple"},"yoast_head":"<!-- This site is optimized with the Yoast SEO plugin v27.6 - https:\/\/yoast.com\/product\/yoast-seo-wordpress\/ -->\n<title>UKELELE FLIGHT CONCIERTO MOD. DUC373 MAH - Mexican Guitar Players<\/title>\n<meta name=\"description\" content=\"Ukelele tama\u00f1o concierto, 17 trastes, tapa, aros y fondo de caoba africana, puente de nogal, brazo de okoume africano, diapas\u00f3n de nogal, cejuela y montura de pl\u00e1stico de alta calidad, marcadores de posici\u00f3n en los trastes 5, 7, 10, 12 y 15, fondo arqueado, afinadores die-cast cromados con engranaje abierto, roseta grabada con l\u00e1ser, cabezal redise\u00f1ado, construcci\u00f3n mejorada, incluye funda.\" \/>\n<meta name=\"robots\" content=\"index, follow, max-snippet:-1, max-image-preview:large, max-video-preview:-1\" \/>\n<link rel=\"canonical\" href=\"https:\/\/www.mexicanguitarplayers.com\/en\/tienda\/sin%20categor\u00eda\/ukelele-flight-concierto-mod-duc373-mah\/\" \/>\n<meta property=\"og:locale\" content=\"en_US\" \/>\n<meta property=\"og:type\" content=\"article\" \/>\n<meta property=\"og:title\" content=\"UKELELE FLIGHT CONCIERTO MOD. DUC373 MAH - Mexican Guitar Players\" \/>\n<meta property=\"og:description\" content=\"Ukelele tama\u00f1o concierto, 17 trastes, tapa, aros y fondo de caoba africana, puente de nogal, brazo de okoume africano, diapas\u00f3n de nogal, cejuela y montura de pl\u00e1stico de alta calidad, marcadores de posici\u00f3n en los trastes 5, 7, 10, 12 y 15, fondo arqueado, afinadores die-cast cromados con engranaje abierto, roseta grabada con l\u00e1ser, cabezal redise\u00f1ado, construcci\u00f3n mejorada, incluye funda.\" \/>\n<meta property=\"og:url\" content=\"https:\/\/www.mexicanguitarplayers.com\/en\/tienda\/sin categor\u00eda\/ukelele-flight-concierto-mod-duc373-mah\/\" \/>\n<meta property=\"og:site_name\" content=\"Mexican Guitar Players\" \/>\n<meta property=\"article:modified_time\" content=\"2026-04-10T07:16:54+00:00\" \/>\n<meta name=\"twitter:card\" content=\"summary_large_image\" \/>\n<meta name=\"twitter:label1\" content=\"Est. reading time\" \/>\n\t<meta name=\"twitter:data1\" content=\"2 minutes\" \/>\n<script type=\"application\/ld+json\" class=\"yoast-schema-graph\">{\"@context\":\"https:\\\/\\\/schema.org\",\"@graph\":[{\"@type\":[\"WebPage\",\"ItemPage\"],\"@id\":\"https:\\\/\\\/www.mexicanguitarplayers.com\\\/tienda\\\/sin categor\u00eda\\\/ukelele-flight-concierto-mod-duc373-mah\\\/\",\"url\":\"https:\\\/\\\/www.mexicanguitarplayers.com\\\/tienda\\\/sin categor\u00eda\\\/ukelele-flight-concierto-mod-duc373-mah\\\/\",\"name\":\"UKELELE FLIGHT CONCIERTO MOD. DUC373 MAH - Mexican Guitar Players\",\"isPartOf\":{\"@id\":\"https:\\\/\\\/www.mexicanguitarplayers.com\\\/#website\"},\"primaryImageOfPage\":{\"@id\":\"https:\\\/\\\/www.mexicanguitarplayers.com\\\/tienda\\\/sin categor\u00eda\\\/ukelele-flight-concierto-mod-duc373-mah\\\/#primaryimage\"},\"image\":{\"@id\":\"https:\\\/\\\/www.mexicanguitarplayers.com\\\/tienda\\\/sin categor\u00eda\\\/ukelele-flight-concierto-mod-duc373-mah\\\/#primaryimage\"},\"thumbnailUrl\":\"https:\\\/\\\/www.mexicanguitarplayers.com\\\/wp-content\\\/uploads\\\/2025\\\/04\\\/ISFLIDUC373MAH.jpg\",\"datePublished\":\"2025-04-09T12:40:46+00:00\",\"dateModified\":\"2026-04-10T07:16:54+00:00\",\"description\":\"Ukelele tama\u00f1o concierto, 17 trastes, tapa, aros y fondo de caoba africana, puente de nogal, brazo de okoume africano, diapas\u00f3n de nogal, cejuela y montura de pl\u00e1stico de alta calidad, marcadores de posici\u00f3n en los trastes 5, 7, 10, 12 y 15, fondo arqueado, afinadores die-cast cromados con engranaje abierto, roseta grabada con l\u00e1ser, cabezal redise\u00f1ado, construcci\u00f3n mejorada, incluye funda.\",\"breadcrumb\":{\"@id\":\"https:\\\/\\\/www.mexicanguitarplayers.com\\\/tienda\\\/sin categor\u00eda\\\/ukelele-flight-concierto-mod-duc373-mah\\\/#breadcrumb\"},\"inLanguage\":\"en-US\",\"potentialAction\":[{\"@type\":\"ReadAction\",\"target\":[\"https:\\\/\\\/www.mexicanguitarplayers.com\\\/tienda\\\/sin categor\u00eda\\\/ukelele-flight-concierto-mod-duc373-mah\\\/\"]}]},{\"@type\":\"ImageObject\",\"inLanguage\":\"en-US\",\"@id\":\"https:\\\/\\\/www.mexicanguitarplayers.com\\\/tienda\\\/sin categor\u00eda\\\/ukelele-flight-concierto-mod-duc373-mah\\\/#primaryimage\",\"url\":\"https:\\\/\\\/www.mexicanguitarplayers.com\\\/wp-content\\\/uploads\\\/2025\\\/04\\\/ISFLIDUC373MAH.jpg\",\"contentUrl\":\"https:\\\/\\\/www.mexicanguitarplayers.com\\\/wp-content\\\/uploads\\\/2025\\\/04\\\/ISFLIDUC373MAH.jpg\",\"width\":800,\"height\":1600},{\"@type\":\"BreadcrumbList\",\"@id\":\"https:\\\/\\\/www.mexicanguitarplayers.com\\\/tienda\\\/sin categor\u00eda\\\/ukelele-flight-concierto-mod-duc373-mah\\\/#breadcrumb\",\"itemListElement\":[{\"@type\":\"ListItem\",\"position\":1,\"name\":\"Portada\",\"item\":\"https:\\\/\\\/www.mexicanguitarplayers.com\\\/\"},{\"@type\":\"ListItem\",\"position\":2,\"name\":\"Tienda\",\"item\":\"https:\\\/\\\/www.mexicanguitarplayers.com\\\/tienda\\\/\"},{\"@type\":\"ListItem\",\"position\":3,\"name\":\"UKELELE FLIGHT CONCIERTO MOD. DUC373 MAH\"}]},{\"@type\":\"WebSite\",\"@id\":\"https:\\\/\\\/www.mexicanguitarplayers.com\\\/#website\",\"url\":\"https:\\\/\\\/www.mexicanguitarplayers.com\\\/\",\"name\":\"Mexican Guitar Players\",\"description\":\"Website\",\"publisher\":{\"@id\":\"https:\\\/\\\/www.mexicanguitarplayers.com\\\/#organization\"},\"potentialAction\":[{\"@type\":\"SearchAction\",\"target\":{\"@type\":\"EntryPoint\",\"urlTemplate\":\"https:\\\/\\\/www.mexicanguitarplayers.com\\\/?s={search_term_string}\"},\"query-input\":{\"@type\":\"PropertyValueSpecification\",\"valueRequired\":true,\"valueName\":\"search_term_string\"}}],\"inLanguage\":\"en-US\"},{\"@type\":\"Organization\",\"@id\":\"https:\\\/\\\/www.mexicanguitarplayers.com\\\/#organization\",\"name\":\"Mexican Guitar Players\",\"url\":\"https:\\\/\\\/www.mexicanguitarplayers.com\\\/\",\"logo\":{\"@type\":\"ImageObject\",\"inLanguage\":\"en-US\",\"@id\":\"https:\\\/\\\/www.mexicanguitarplayers.com\\\/#\\\/schema\\\/logo\\\/image\\\/\",\"url\":\"\",\"contentUrl\":\"\",\"caption\":\"Mexican Guitar Players\"},\"image\":{\"@id\":\"https:\\\/\\\/www.mexicanguitarplayers.com\\\/#\\\/schema\\\/logo\\\/image\\\/\"}}]}<\/script>\n<!-- \/ Yoast SEO plugin. -->","yoast_head_json":{"title":"UKELELE FLIGHT CONCIERTO MOD. DUC373 MAH - Mexican Guitar Players","description":"Ukelele tama\u00f1o concierto, 17 trastes, tapa, aros y fondo de caoba africana, puente de nogal, brazo de okoume africano, diapas\u00f3n de nogal, cejuela y montura de pl\u00e1stico de alta calidad, marcadores de posici\u00f3n en los trastes 5, 7, 10, 12 y 15, fondo arqueado, afinadores die-cast cromados con engranaje abierto, roseta grabada con l\u00e1ser, cabezal redise\u00f1ado, construcci\u00f3n mejorada, incluye funda.","robots":{"index":"index","follow":"follow","max-snippet":"max-snippet:-1","max-image-preview":"max-image-preview:large","max-video-preview":"max-video-preview:-1"},"canonical":"https:\/\/www.mexicanguitarplayers.com\/en\/tienda\/sin categor\u00eda\/ukelele-flight-concierto-mod-duc373-mah\/","og_locale":"en_US","og_type":"article","og_title":"UKELELE FLIGHT CONCIERTO MOD. DUC373 MAH - Mexican Guitar Players","og_description":"Ukelele tama\u00f1o concierto, 17 trastes, tapa, aros y fondo de caoba africana, puente de nogal, brazo de okoume africano, diapas\u00f3n de nogal, cejuela y montura de pl\u00e1stico de alta calidad, marcadores de posici\u00f3n en los trastes 5, 7, 10, 12 y 15, fondo arqueado, afinadores die-cast cromados con engranaje abierto, roseta grabada con l\u00e1ser, cabezal redise\u00f1ado, construcci\u00f3n mejorada, incluye funda.","og_url":"https:\/\/www.mexicanguitarplayers.com\/en\/tienda\/sin categor\u00eda\/ukelele-flight-concierto-mod-duc373-mah\/","og_site_name":"Mexican Guitar Players","article_modified_time":"2026-04-10T07:16:54+00:00","twitter_card":"summary_large_image","twitter_misc":{"Est. reading time":"2 minutes"},"schema":{"@context":"https:\/\/schema.org","@graph":[{"@type":["WebPage","ItemPage"],"@id":"https:\/\/www.mexicanguitarplayers.com\/tienda\/sin categor\u00eda\/ukelele-flight-concierto-mod-duc373-mah\/","url":"https:\/\/www.mexicanguitarplayers.com\/tienda\/sin categor\u00eda\/ukelele-flight-concierto-mod-duc373-mah\/","name":"UKELELE FLIGHT CONCIERTO MOD. DUC373 MAH - Mexican Guitar Players","isPartOf":{"@id":"https:\/\/www.mexicanguitarplayers.com\/#website"},"primaryImageOfPage":{"@id":"https:\/\/www.mexicanguitarplayers.com\/tienda\/sin categor\u00eda\/ukelele-flight-concierto-mod-duc373-mah\/#primaryimage"},"image":{"@id":"https:\/\/www.mexicanguitarplayers.com\/tienda\/sin categor\u00eda\/ukelele-flight-concierto-mod-duc373-mah\/#primaryimage"},"thumbnailUrl":"https:\/\/www.mexicanguitarplayers.com\/wp-content\/uploads\/2025\/04\/ISFLIDUC373MAH.jpg","datePublished":"2025-04-09T12:40:46+00:00","dateModified":"2026-04-10T07:16:54+00:00","description":"Ukelele tama\u00f1o concierto, 17 trastes, tapa, aros y fondo de caoba africana, puente de nogal, brazo de okoume africano, diapas\u00f3n de nogal, cejuela y montura de pl\u00e1stico de alta calidad, marcadores de posici\u00f3n en los trastes 5, 7, 10, 12 y 15, fondo arqueado, afinadores die-cast cromados con engranaje abierto, roseta grabada con l\u00e1ser, cabezal redise\u00f1ado, construcci\u00f3n mejorada, incluye funda.","breadcrumb":{"@id":"https:\/\/www.mexicanguitarplayers.com\/tienda\/sin categor\u00eda\/ukelele-flight-concierto-mod-duc373-mah\/#breadcrumb"},"inLanguage":"en-US","potentialAction":[{"@type":"ReadAction","target":["https:\/\/www.mexicanguitarplayers.com\/tienda\/sin categor\u00eda\/ukelele-flight-concierto-mod-duc373-mah\/"]}]},{"@type":"ImageObject","inLanguage":"en-US","@id":"https:\/\/www.mexicanguitarplayers.com\/tienda\/sin categor\u00eda\/ukelele-flight-concierto-mod-duc373-mah\/#primaryimage","url":"https:\/\/www.mexicanguitarplayers.com\/wp-content\/uploads\/2025\/04\/ISFLIDUC373MAH.jpg","contentUrl":"https:\/\/www.mexicanguitarplayers.com\/wp-content\/uploads\/2025\/04\/ISFLIDUC373MAH.jpg","width":800,"height":1600},{"@type":"BreadcrumbList","@id":"https:\/\/www.mexicanguitarplayers.com\/tienda\/sin categor\u00eda\/ukelele-flight-concierto-mod-duc373-mah\/#breadcrumb","itemListElement":[{"@type":"ListItem","position":1,"name":"Portada","item":"https:\/\/www.mexicanguitarplayers.com\/"},{"@type":"ListItem","position":2,"name":"Tienda","item":"https:\/\/www.mexicanguitarplayers.com\/tienda\/"},{"@type":"ListItem","position":3,"name":"UKELELE FLIGHT CONCIERTO MOD. DUC373 MAH"}]},{"@type":"WebSite","@id":"https:\/\/www.mexicanguitarplayers.com\/#website","url":"https:\/\/www.mexicanguitarplayers.com\/","name":"Mexican Guitar Players","description":"Website","publisher":{"@id":"https:\/\/www.mexicanguitarplayers.com\/#organization"},"potentialAction":[{"@type":"SearchAction","target":{"@type":"EntryPoint","urlTemplate":"https:\/\/www.mexicanguitarplayers.com\/?s={search_term_string}"},"query-input":{"@type":"PropertyValueSpecification","valueRequired":true,"valueName":"search_term_string"}}],"inLanguage":"en-US"},{"@type":"Organization","@id":"https:\/\/www.mexicanguitarplayers.com\/#organization","name":"Mexican Guitar Players","url":"https:\/\/www.mexicanguitarplayers.com\/","logo":{"@type":"ImageObject","inLanguage":"en-US","@id":"https:\/\/www.mexicanguitarplayers.com\/#\/schema\/logo\/image\/","url":"","contentUrl":"","caption":"Mexican Guitar Players"},"image":{"@id":"https:\/\/www.mexicanguitarplayers.com\/#\/schema\/logo\/image\/"}}]}},"brands":[{"id":322,"name":"FLIGHT","slug":"flight"}],"_links":{"self":[{"href":"https:\/\/www.mexicanguitarplayers.com\/en\/wp-json\/wp\/v2\/product\/39565","targetHints":{"allow":["GET"]}}],"collection":[{"href":"https:\/\/www.mexicanguitarplayers.com\/en\/wp-json\/wp\/v2\/product"}],"about":[{"href":"https:\/\/www.mexicanguitarplayers.com\/en\/wp-json\/wp\/v2\/types\/product"}],"replies":[{"embeddable":true,"href":"https:\/\/www.mexicanguitarplayers.com\/en\/wp-json\/wp\/v2\/comments?post=39565"}],"wp:featuredmedia":[{"embeddable":true,"href":"https:\/\/www.mexicanguitarplayers.com\/en\/wp-json\/wp\/v2\/media\/39563"}],"wp:attachment":[{"href":"https:\/\/www.mexicanguitarplayers.com\/en\/wp-json\/wp\/v2\/media?parent=39565"}],"wp:term":[{"taxonomy":"pwb-brand","embeddable":true,"href":"https:\/\/www.mexicanguitarplayers.com\/en\/wp-json\/wp\/v2\/pwb-brand?post=39565"},{"taxonomy":"product_brand","embeddable":true,"href":"https:\/\/www.mexicanguitarplayers.com\/en\/wp-json\/wp\/v2\/product_brand?post=39565"},{"taxonomy":"product_cat","embeddable":true,"href":"https:\/\/www.mexicanguitarplayers.com\/en\/wp-json\/wp\/v2\/product_cat?post=39565"},{"taxonomy":"product_tag","embeddable":true,"href":"https:\/\/www.mexicanguitarplayers.com\/en\/wp-json\/wp\/v2\/product_tag?post=39565"}],"curies":[{"name":"wp","href":"https:\/\/api.w.org\/{rel}","templated":true}]}}