{"id":39592,"date":"2025-04-09T06:41:24","date_gmt":"2025-04-09T12:41:24","guid":{"rendered":"https:\/\/www.mexicanguitarplayers.com\/tienda\/sin categor\u00eda\/soporte-frameworks-p-guit-gfw-gtr-1000\/"},"modified":"2026-04-10T04:21:09","modified_gmt":"2026-04-10T10:21:09","slug":"soporte-frameworks-p-guit-gfw-gtr-1000","status":"publish","type":"product","link":"https:\/\/www.mexicanguitarplayers.com\/en\/tienda\/accesorios\/stands\/para-instrumento-stands\/soporte-frameworks-p-guit-gfw-gtr-1000\/","title":{"rendered":"SOPORTE FRAMEWORKS P\/GUIT. GFW-GTR-1000"},"content":{"rendered":"<div style=\"text-align: justify\">\n<div>\n<h3>Obt\u00e9n una protecci\u00f3n superior para tu guitarra.<\/h3>\n<\/div>\n<div>Este soporte de Framework para una sola guitarra mantendr\u00e1 tu guitarra fuera del peligro potencial que podr\u00eda da\u00f1ar a tu preciado instrumento. Este soporte cuenta con un acolchado de cuna de goma que no da\u00f1a el acabado del instrumento, una sujeci\u00f3n del brazo que asegura la guitarra en el soporte y una construcci\u00f3n de acero ligero pero s\u00faper resistente. Este soporte tambi\u00e9n cuenta con un borde de seguridad rojo extra\u00edble en cada uno de los tres pies del soporte. La serie de soportes Framework, incluyendo este soporte para guitarra, cuenta con una amplia variedad de productos innovadores y confiables, dise\u00f1ados para respaldar a tu m\u00fasica. Gator Cases es conocido por fabricar productos innovadores dise\u00f1ados para la protecci\u00f3n de tu equipo musical. Ofrecemos una amplia gama de tama\u00f1os, materiales y niveles de protecci\u00f3n disponibles para todo tipo de instrumentos y equipos, incluidos los soportes Framework, los soportes y accesorios de instalaci\u00f3n Rackworks y los estuches de Protector para bater\u00eda. No es dif\u00edcil encontrar una buena raz\u00f3n por la que Gator deber\u00eda ser la marca en la que confiar\u00edas para mantener tu equipo protegido y seguro de por vida.<\/div>\n<div>\n<h4>Quick look<\/h4>\n<\/div>\n<ul style=\"margin: 0px 0px 0px 25px\">\n<li style=\"list-style-type: circle;margin: 5px\">Cradle padding.<\/li>\n<li style=\"list-style-type: circle;margin: 5px\">Restricci\u00f3n del brazo.<\/li>\n<li style=\"list-style-type: circle;margin: 5px\">Tapizado de seguridad rojo desmontable.<\/li>\n<li style=\"list-style-type: circle;margin: 5px\">Tr\u00edpode plegable.<\/li>\n<li style=\"list-style-type: circle;margin: 5px\">Ajuste sencillo.<\/li>\n<li style=\"list-style-type: circle;margin: 5px\">Detalles.<\/li>\n<li style=\"list-style-type: circle;margin: 5px\">Altura m\u00ednima.<\/li>\n<li style=\"list-style-type: circle;margin: 5px\">Altura m\u00e1xima.<\/li>\n<li style=\"list-style-type: circle;margin: 5px\">Altura exterior.<\/li>\n<li style=\"list-style-type: circle;margin: 5px\">Weight.<\/li>\n<\/ul>\n<div>\n<div style=\"font-weight: bold\">Cradle padding.<\/div>\n<div>\n<p>La base giratoria est\u00e1 dise\u00f1ada para sostener tu guitarra de manera segura, mientras que el acolchado de goma, que no da\u00f1a el acabado, evita que se raye o maltrate.<\/p>\n<\/div>\n<div style=\"font-weight: bold\">Restricci\u00f3n del brazo.<\/div>\n<div>\n<p>La banda duradera para sujetar el brazo mantiene tu guitarra segura en el soporte. Coloca tu guitarra en la cuna y fija la banda de goma alrededor del brazo y col\u00f3cala en la clavija para un ajuste seguro.<\/p>\n<\/div>\n<div style=\"font-weight: bold\">Tapizado de seguridad rojo desmontable.<\/div>\n<div>\n<p>Los anillos de seguridad rojos en los pies agregan un toque de visibilidad en una habitaci\u00f3n o lugar oscuro para reducir el riesgo de tropezar. Simplemente retira los anillos para una presentaci\u00f3n elegante y m\u00e1s sutil.<\/p>\n<\/div>\n<div style=\"font-weight: bold\">Tr\u00edpode plegable.<\/div>\n<div>\n<p>El dise\u00f1o compacto y plegable del tr\u00edpode permite que cada pata se doble f\u00e1cilmente hacia adentro para su transporte o almacenamiento.<\/p>\n<\/div>\n<div style=\"font-weight: bold\">Ajuste sencillo.<\/div>\n<div>\n<p>La perilla de giro suave al tacto te permite aflojar r\u00e1pidamente, ajustar la altura a tu gusto y apretarla en su lugar con un simple giro de la mu\u00f1eca.<\/p>\n<\/div>\n<div style=\"font-weight: bold\">Detalles.<\/div>\n<div>\n<p>Sostiene una guitarra ac\u00fastica o el\u00e9ctrica. Construcci\u00f3n de tuber\u00eda de acero resistente ligera y duradera. Sujeci\u00f3n duradera alrededor del brazo para un ajuste seguro. Acolchado de cuna de goma que mantiene el acabado de tu guitarra sin rayones. Ajuste de seguridad rojo extra\u00edble en los pies que agrega un toque de visibilidad. Acabado en negro mate que se mezcla perfectamente con el fondo.<\/p>\n<\/div>\n<div style=\"font-weight: bold\">Altura m\u00ednima.<\/div>\n<div>\n<p>508 mm.<\/p>\n<\/div>\n<div style=\"font-weight: bold\">Altura m\u00e1xima.<\/div>\n<div>\n<p>635 mm.<\/p>\n<\/div>\n<div style=\"font-weight: bold\">Altura exterior.<\/div>\n<div>\n<p>635 mm.<\/p>\n<\/div>\n<div style=\"font-weight: bold\">Weight.<\/div>\n<div>\n<p>0.97 kg.<\/p>\n<\/div>\n<\/div>\n<\/div>","protected":false},"excerpt":{"rendered":"<p>Soporte simple de guitarra con tubo resistente de acero ligero y duradero, acolchado de goma compatible con el acabado de instrumentos, sostiene una guitarra el\u00e9ctrica o ac\u00fastica, se sujeta alrededor del brazo para un ajuste seguro, mantiene el acabado de tu guitarra sin rayones, ajuste de seguridad rojo extra\u00edble en los pies, acabado en negro mate que se mezcla perfectamente con el fondo, altura m\u00ednima: 508 mm, altura m\u00e1xima: 635 mm, altura exterior: 635 mm, peso: 0.97 kg.&hellip; <a class=\"kt-excerpt-readmore more-link\" href=\"https:\/\/www.mexicanguitarplayers.com\/en\/tienda\/accesorios\/stands\/para-instrumento-stands\/soporte-frameworks-p-guit-gfw-gtr-1000\/\">Read more<\/a><\/p>","protected":false},"featured_media":39585,"comment_status":"open","ping_status":"closed","template":"","meta":{"kt_blocks_editor_width":""},"pwb-brand":[563],"product_brand":[],"product_cat":[85,510,416],"product_tag":[],"class_list":{"0":"post-39592","1":"product","2":"type-product","3":"status-publish","4":"has-post-thumbnail","6":"pwb-brand-frameworks","7":"product_cat-accesorios","8":"product_cat-para-instrumento-stands","9":"product_cat-stands","10":"product_shipping_class-0-5-kg","12":"first","13":"outofstock","14":"taxable","15":"shipping-taxable","16":"purchasable","17":"product-type-simple"},"yoast_head":"<!-- This site is optimized with the Yoast SEO plugin v27.6 - https:\/\/yoast.com\/product\/yoast-seo-wordpress\/ -->\n<title>SOPORTE FRAMEWORKS P\/GUIT. GFW-GTR-1000 - Mexican Guitar Players<\/title>\n<meta name=\"description\" content=\"Soporte simple de guitarra con tubo resistente de acero ligero y duradero, acolchado de goma compatible con el acabado de instrumentos, sostiene una guitarra el\u00e9ctrica o ac\u00fastica, se sujeta alrededor del brazo para un ajuste seguro, mantiene el acabado de tu guitarra sin rayones, ajuste de seguridad rojo extra\u00edble en los pies, acabado en negro mate que se mezcla perfectamente con el fondo, altura m\u00ednima: 508 mm, altura m\u00e1xima: 635 mm, altura exterior: 635 mm, peso: 0.97 kg.\" \/>\n<meta name=\"robots\" content=\"index, follow, max-snippet:-1, max-image-preview:large, max-video-preview:-1\" \/>\n<link rel=\"canonical\" href=\"https:\/\/www.mexicanguitarplayers.com\/en\/tienda\/sin%20categor\u00eda\/soporte-frameworks-p-guit-gfw-gtr-1000\/\" \/>\n<meta property=\"og:locale\" content=\"en_US\" \/>\n<meta property=\"og:type\" content=\"article\" \/>\n<meta property=\"og:title\" content=\"SOPORTE FRAMEWORKS P\/GUIT. GFW-GTR-1000 - Mexican Guitar Players\" \/>\n<meta property=\"og:description\" content=\"Soporte simple de guitarra con tubo resistente de acero ligero y duradero, acolchado de goma compatible con el acabado de instrumentos, sostiene una guitarra el\u00e9ctrica o ac\u00fastica, se sujeta alrededor del brazo para un ajuste seguro, mantiene el acabado de tu guitarra sin rayones, ajuste de seguridad rojo extra\u00edble en los pies, acabado en negro mate que se mezcla perfectamente con el fondo, altura m\u00ednima: 508 mm, altura m\u00e1xima: 635 mm, altura exterior: 635 mm, peso: 0.97 kg.\" \/>\n<meta property=\"og:url\" content=\"https:\/\/www.mexicanguitarplayers.com\/en\/tienda\/sin categor\u00eda\/soporte-frameworks-p-guit-gfw-gtr-1000\/\" \/>\n<meta property=\"og:site_name\" content=\"Mexican Guitar Players\" \/>\n<meta property=\"article:modified_time\" content=\"2026-04-10T10:21:09+00:00\" \/>\n<meta name=\"twitter:card\" content=\"summary_large_image\" \/>\n<meta name=\"twitter:label1\" content=\"Est. reading time\" \/>\n\t<meta name=\"twitter:data1\" content=\"3 minutes\" \/>\n<script type=\"application\/ld+json\" class=\"yoast-schema-graph\">{\"@context\":\"https:\\\/\\\/schema.org\",\"@graph\":[{\"@type\":[\"WebPage\",\"ItemPage\"],\"@id\":\"https:\\\/\\\/www.mexicanguitarplayers.com\\\/tienda\\\/sin categor\u00eda\\\/soporte-frameworks-p-guit-gfw-gtr-1000\\\/\",\"url\":\"https:\\\/\\\/www.mexicanguitarplayers.com\\\/tienda\\\/sin categor\u00eda\\\/soporte-frameworks-p-guit-gfw-gtr-1000\\\/\",\"name\":\"SOPORTE FRAMEWORKS P\\\/GUIT. GFW-GTR-1000 - Mexican Guitar Players\",\"isPartOf\":{\"@id\":\"https:\\\/\\\/www.mexicanguitarplayers.com\\\/#website\"},\"primaryImageOfPage\":{\"@id\":\"https:\\\/\\\/www.mexicanguitarplayers.com\\\/tienda\\\/sin categor\u00eda\\\/soporte-frameworks-p-guit-gfw-gtr-1000\\\/#primaryimage\"},\"image\":{\"@id\":\"https:\\\/\\\/www.mexicanguitarplayers.com\\\/tienda\\\/sin categor\u00eda\\\/soporte-frameworks-p-guit-gfw-gtr-1000\\\/#primaryimage\"},\"thumbnailUrl\":\"https:\\\/\\\/www.mexicanguitarplayers.com\\\/wp-content\\\/uploads\\\/2025\\\/04\\\/VAFRMGFWGTR100.jpg\",\"datePublished\":\"2025-04-09T12:41:24+00:00\",\"dateModified\":\"2026-04-10T10:21:09+00:00\",\"description\":\"Soporte simple de guitarra con tubo resistente de acero ligero y duradero, acolchado de goma compatible con el acabado de instrumentos, sostiene una guitarra el\u00e9ctrica o ac\u00fastica, se sujeta alrededor del brazo para un ajuste seguro, mantiene el acabado de tu guitarra sin rayones, ajuste de seguridad rojo extra\u00edble en los pies, acabado en negro mate que se mezcla perfectamente con el fondo, altura m\u00ednima: 508 mm, altura m\u00e1xima: 635 mm, altura exterior: 635 mm, peso: 0.97 kg.\",\"breadcrumb\":{\"@id\":\"https:\\\/\\\/www.mexicanguitarplayers.com\\\/tienda\\\/sin categor\u00eda\\\/soporte-frameworks-p-guit-gfw-gtr-1000\\\/#breadcrumb\"},\"inLanguage\":\"en-US\",\"potentialAction\":[{\"@type\":\"ReadAction\",\"target\":[\"https:\\\/\\\/www.mexicanguitarplayers.com\\\/tienda\\\/sin categor\u00eda\\\/soporte-frameworks-p-guit-gfw-gtr-1000\\\/\"]}]},{\"@type\":\"ImageObject\",\"inLanguage\":\"en-US\",\"@id\":\"https:\\\/\\\/www.mexicanguitarplayers.com\\\/tienda\\\/sin categor\u00eda\\\/soporte-frameworks-p-guit-gfw-gtr-1000\\\/#primaryimage\",\"url\":\"https:\\\/\\\/www.mexicanguitarplayers.com\\\/wp-content\\\/uploads\\\/2025\\\/04\\\/VAFRMGFWGTR100.jpg\",\"contentUrl\":\"https:\\\/\\\/www.mexicanguitarplayers.com\\\/wp-content\\\/uploads\\\/2025\\\/04\\\/VAFRMGFWGTR100.jpg\",\"width\":800,\"height\":1600},{\"@type\":\"BreadcrumbList\",\"@id\":\"https:\\\/\\\/www.mexicanguitarplayers.com\\\/tienda\\\/sin categor\u00eda\\\/soporte-frameworks-p-guit-gfw-gtr-1000\\\/#breadcrumb\",\"itemListElement\":[{\"@type\":\"ListItem\",\"position\":1,\"name\":\"Portada\",\"item\":\"https:\\\/\\\/www.mexicanguitarplayers.com\\\/\"},{\"@type\":\"ListItem\",\"position\":2,\"name\":\"Tienda\",\"item\":\"https:\\\/\\\/www.mexicanguitarplayers.com\\\/tienda\\\/\"},{\"@type\":\"ListItem\",\"position\":3,\"name\":\"SOPORTE FRAMEWORKS P\\\/GUIT. GFW-GTR-1000\"}]},{\"@type\":\"WebSite\",\"@id\":\"https:\\\/\\\/www.mexicanguitarplayers.com\\\/#website\",\"url\":\"https:\\\/\\\/www.mexicanguitarplayers.com\\\/\",\"name\":\"Mexican Guitar Players\",\"description\":\"Website\",\"publisher\":{\"@id\":\"https:\\\/\\\/www.mexicanguitarplayers.com\\\/#organization\"},\"potentialAction\":[{\"@type\":\"SearchAction\",\"target\":{\"@type\":\"EntryPoint\",\"urlTemplate\":\"https:\\\/\\\/www.mexicanguitarplayers.com\\\/?s={search_term_string}\"},\"query-input\":{\"@type\":\"PropertyValueSpecification\",\"valueRequired\":true,\"valueName\":\"search_term_string\"}}],\"inLanguage\":\"en-US\"},{\"@type\":\"Organization\",\"@id\":\"https:\\\/\\\/www.mexicanguitarplayers.com\\\/#organization\",\"name\":\"Mexican Guitar Players\",\"url\":\"https:\\\/\\\/www.mexicanguitarplayers.com\\\/\",\"logo\":{\"@type\":\"ImageObject\",\"inLanguage\":\"en-US\",\"@id\":\"https:\\\/\\\/www.mexicanguitarplayers.com\\\/#\\\/schema\\\/logo\\\/image\\\/\",\"url\":\"\",\"contentUrl\":\"\",\"caption\":\"Mexican Guitar Players\"},\"image\":{\"@id\":\"https:\\\/\\\/www.mexicanguitarplayers.com\\\/#\\\/schema\\\/logo\\\/image\\\/\"}}]}<\/script>\n<!-- \/ Yoast SEO plugin. -->","yoast_head_json":{"title":"SOPORTE FRAMEWORKS P\/GUIT. GFW-GTR-1000 - Mexican Guitar Players","description":"Soporte simple de guitarra con tubo resistente de acero ligero y duradero, acolchado de goma compatible con el acabado de instrumentos, sostiene una guitarra el\u00e9ctrica o ac\u00fastica, se sujeta alrededor del brazo para un ajuste seguro, mantiene el acabado de tu guitarra sin rayones, ajuste de seguridad rojo extra\u00edble en los pies, acabado en negro mate que se mezcla perfectamente con el fondo, altura m\u00ednima: 508 mm, altura m\u00e1xima: 635 mm, altura exterior: 635 mm, peso: 0.97 kg.","robots":{"index":"index","follow":"follow","max-snippet":"max-snippet:-1","max-image-preview":"max-image-preview:large","max-video-preview":"max-video-preview:-1"},"canonical":"https:\/\/www.mexicanguitarplayers.com\/en\/tienda\/sin categor\u00eda\/soporte-frameworks-p-guit-gfw-gtr-1000\/","og_locale":"en_US","og_type":"article","og_title":"SOPORTE FRAMEWORKS P\/GUIT. GFW-GTR-1000 - Mexican Guitar Players","og_description":"Soporte simple de guitarra con tubo resistente de acero ligero y duradero, acolchado de goma compatible con el acabado de instrumentos, sostiene una guitarra el\u00e9ctrica o ac\u00fastica, se sujeta alrededor del brazo para un ajuste seguro, mantiene el acabado de tu guitarra sin rayones, ajuste de seguridad rojo extra\u00edble en los pies, acabado en negro mate que se mezcla perfectamente con el fondo, altura m\u00ednima: 508 mm, altura m\u00e1xima: 635 mm, altura exterior: 635 mm, peso: 0.97 kg.","og_url":"https:\/\/www.mexicanguitarplayers.com\/en\/tienda\/sin categor\u00eda\/soporte-frameworks-p-guit-gfw-gtr-1000\/","og_site_name":"Mexican Guitar Players","article_modified_time":"2026-04-10T10:21:09+00:00","twitter_card":"summary_large_image","twitter_misc":{"Est. reading time":"3 minutes"},"schema":{"@context":"https:\/\/schema.org","@graph":[{"@type":["WebPage","ItemPage"],"@id":"https:\/\/www.mexicanguitarplayers.com\/tienda\/sin categor\u00eda\/soporte-frameworks-p-guit-gfw-gtr-1000\/","url":"https:\/\/www.mexicanguitarplayers.com\/tienda\/sin categor\u00eda\/soporte-frameworks-p-guit-gfw-gtr-1000\/","name":"SOPORTE FRAMEWORKS P\/GUIT. GFW-GTR-1000 - Mexican Guitar Players","isPartOf":{"@id":"https:\/\/www.mexicanguitarplayers.com\/#website"},"primaryImageOfPage":{"@id":"https:\/\/www.mexicanguitarplayers.com\/tienda\/sin categor\u00eda\/soporte-frameworks-p-guit-gfw-gtr-1000\/#primaryimage"},"image":{"@id":"https:\/\/www.mexicanguitarplayers.com\/tienda\/sin categor\u00eda\/soporte-frameworks-p-guit-gfw-gtr-1000\/#primaryimage"},"thumbnailUrl":"https:\/\/www.mexicanguitarplayers.com\/wp-content\/uploads\/2025\/04\/VAFRMGFWGTR100.jpg","datePublished":"2025-04-09T12:41:24+00:00","dateModified":"2026-04-10T10:21:09+00:00","description":"Soporte simple de guitarra con tubo resistente de acero ligero y duradero, acolchado de goma compatible con el acabado de instrumentos, sostiene una guitarra el\u00e9ctrica o ac\u00fastica, se sujeta alrededor del brazo para un ajuste seguro, mantiene el acabado de tu guitarra sin rayones, ajuste de seguridad rojo extra\u00edble en los pies, acabado en negro mate que se mezcla perfectamente con el fondo, altura m\u00ednima: 508 mm, altura m\u00e1xima: 635 mm, altura exterior: 635 mm, peso: 0.97 kg.","breadcrumb":{"@id":"https:\/\/www.mexicanguitarplayers.com\/tienda\/sin categor\u00eda\/soporte-frameworks-p-guit-gfw-gtr-1000\/#breadcrumb"},"inLanguage":"en-US","potentialAction":[{"@type":"ReadAction","target":["https:\/\/www.mexicanguitarplayers.com\/tienda\/sin categor\u00eda\/soporte-frameworks-p-guit-gfw-gtr-1000\/"]}]},{"@type":"ImageObject","inLanguage":"en-US","@id":"https:\/\/www.mexicanguitarplayers.com\/tienda\/sin categor\u00eda\/soporte-frameworks-p-guit-gfw-gtr-1000\/#primaryimage","url":"https:\/\/www.mexicanguitarplayers.com\/wp-content\/uploads\/2025\/04\/VAFRMGFWGTR100.jpg","contentUrl":"https:\/\/www.mexicanguitarplayers.com\/wp-content\/uploads\/2025\/04\/VAFRMGFWGTR100.jpg","width":800,"height":1600},{"@type":"BreadcrumbList","@id":"https:\/\/www.mexicanguitarplayers.com\/tienda\/sin categor\u00eda\/soporte-frameworks-p-guit-gfw-gtr-1000\/#breadcrumb","itemListElement":[{"@type":"ListItem","position":1,"name":"Portada","item":"https:\/\/www.mexicanguitarplayers.com\/"},{"@type":"ListItem","position":2,"name":"Tienda","item":"https:\/\/www.mexicanguitarplayers.com\/tienda\/"},{"@type":"ListItem","position":3,"name":"SOPORTE FRAMEWORKS P\/GUIT. GFW-GTR-1000"}]},{"@type":"WebSite","@id":"https:\/\/www.mexicanguitarplayers.com\/#website","url":"https:\/\/www.mexicanguitarplayers.com\/","name":"Mexican Guitar Players","description":"Website","publisher":{"@id":"https:\/\/www.mexicanguitarplayers.com\/#organization"},"potentialAction":[{"@type":"SearchAction","target":{"@type":"EntryPoint","urlTemplate":"https:\/\/www.mexicanguitarplayers.com\/?s={search_term_string}"},"query-input":{"@type":"PropertyValueSpecification","valueRequired":true,"valueName":"search_term_string"}}],"inLanguage":"en-US"},{"@type":"Organization","@id":"https:\/\/www.mexicanguitarplayers.com\/#organization","name":"Mexican Guitar Players","url":"https:\/\/www.mexicanguitarplayers.com\/","logo":{"@type":"ImageObject","inLanguage":"en-US","@id":"https:\/\/www.mexicanguitarplayers.com\/#\/schema\/logo\/image\/","url":"","contentUrl":"","caption":"Mexican Guitar Players"},"image":{"@id":"https:\/\/www.mexicanguitarplayers.com\/#\/schema\/logo\/image\/"}}]}},"brands":[{"id":563,"name":"FRAMEWORKS","slug":"frameworks"}],"_links":{"self":[{"href":"https:\/\/www.mexicanguitarplayers.com\/en\/wp-json\/wp\/v2\/product\/39592","targetHints":{"allow":["GET"]}}],"collection":[{"href":"https:\/\/www.mexicanguitarplayers.com\/en\/wp-json\/wp\/v2\/product"}],"about":[{"href":"https:\/\/www.mexicanguitarplayers.com\/en\/wp-json\/wp\/v2\/types\/product"}],"replies":[{"embeddable":true,"href":"https:\/\/www.mexicanguitarplayers.com\/en\/wp-json\/wp\/v2\/comments?post=39592"}],"wp:featuredmedia":[{"embeddable":true,"href":"https:\/\/www.mexicanguitarplayers.com\/en\/wp-json\/wp\/v2\/media\/39585"}],"wp:attachment":[{"href":"https:\/\/www.mexicanguitarplayers.com\/en\/wp-json\/wp\/v2\/media?parent=39592"}],"wp:term":[{"taxonomy":"pwb-brand","embeddable":true,"href":"https:\/\/www.mexicanguitarplayers.com\/en\/wp-json\/wp\/v2\/pwb-brand?post=39592"},{"taxonomy":"product_brand","embeddable":true,"href":"https:\/\/www.mexicanguitarplayers.com\/en\/wp-json\/wp\/v2\/product_brand?post=39592"},{"taxonomy":"product_cat","embeddable":true,"href":"https:\/\/www.mexicanguitarplayers.com\/en\/wp-json\/wp\/v2\/product_cat?post=39592"},{"taxonomy":"product_tag","embeddable":true,"href":"https:\/\/www.mexicanguitarplayers.com\/en\/wp-json\/wp\/v2\/product_tag?post=39592"}],"curies":[{"name":"wp","href":"https:\/\/api.w.org\/{rel}","templated":true}]}}